{"id":11734,"date":"2022-01-19T12:55:08","date_gmt":"2022-01-19T11:55:08","guid":{"rendered":"https:\/\/new.tiketi.com\/cheap-flights-from-johannesburg-to-livingstone\/"},"modified":"2022-02-08T14:45:07","modified_gmt":"2022-02-08T13:45:07","slug":"flights-johannesburg-livingstone-jnb-lvi","status":"publish","type":"page","link":"https:\/\/tiketi.com\/fr-fr\/flights-johannesburg-livingstone-jnb-lvi\/","title":{"rendered":"Vols \u00e0 bas prix de Johannesbourg \u00e0 Livingstone"},"content":{"rendered":"<h2>Vous recherchez un billet d&#039;avion pas cher Johannesbourg - Livingstone ou des offres de derni\u00e8re minute ?<\/h2>\n<h3>Recherchez, comparez et r\u00e9servez en ligne maintenant un billet d&#039;avion pas cher entre Johannesbourg (JNB) et Livingstone (LVI).<\/h3>\n<p>R\u00e9servez en ligne des vols \u00e0 bas prix de Johannesbourg \u00e0 Livingstone et \u00e9conomisez de l&#039;argent sur les billets d&#039;avion. La petite ville de Livingstone se pr\u00e9sente comme un point d&#039;entr\u00e9e des chutes Victoria ainsi que de la r\u00e9gion voisine du Zamb\u00e8ze. En ce qui concerne les activit\u00e9s, Livingstone a quelque chose pour chaque personne. Les accros \u00e0 l&#039;adr\u00e9naline, les romantiques, les explorateurs et les aventuriers trouveront tous quelque chose ici. Visitez Livingstone gr\u00e2ce \u00e0 des offres exceptionnelles sur les billets d&#039;avion de Johannesbourg \u00e0 Livingstone et volez de Johannesbourg \u00e0 Livingstone \u00e0 bas prix.<\/p>\n<h2>Voici quelques-unes des meilleures attractions de Livingstone<\/h2>\n<h3>Safari de jeu<\/h3>\n<p>Promenez-vous en voiture ou \u00e0 pied dans le parc national de Mosi-oa-Tunya et d\u00e9couvrez tout le gibier des plaines de la Zambie. Aucun pr\u00e9dateur n&#039;est ici, donc les animaux sont d\u00e9tendus et simples \u00e0 observer.<\/p>\n<h3>Promenades des gu\u00e9pards et des lions<\/h3>\n<p>Pas de contraintes ou de laisses et pas de cl\u00f4tures. Les jeunes lions sont promen\u00e9s dans la brousse pour encourager l&#039;expertise de survie et la connaissance de la brousse. Ceci est tr\u00e8s important pour s&#039;assurer de leur \u00e9ventuelle lib\u00e9ration dans la nature. Le centre de recherche de Mukuni a un programme continu pour l&#039;\u00e9levage et la protection du gu\u00e9pard menac\u00e9, \u00e0 travers l&#039;\u00e9ducation et la compr\u00e9hension de cet animal remarquable.<\/p>\n<h3>Mus\u00e9e Livingstone<\/h3>\n<p>Le plus ancien mus\u00e9e de Livingstone pr\u00e9sente l&#039;histoire de la ville et un ensemble de pr\u00e9histoire et de d\u00e9veloppement culturel.<\/p>\n<h3>Mus\u00e9e de la Premi\u00e8re Guerre mondiale<\/h3>\n<p>Encore pr\u00e8s de l&#039;entr\u00e9e du parc national de Mosa oa Tunya se trouve le m\u00e9morial en l&#039;honneur de ceux qui ont perdu la vie pendant la guerre.<\/p>\n<h3>March\u00e9 artisanal<\/h3>\n<p>\u00c0 c\u00f4t\u00e9 du parking \u00e0 l&#039;entr\u00e9e du parc national de Mosa oa Tunya se trouve l&#039;un des plus grands march\u00e9s d&#039;artisanat de la ville.<\/p>\n<h2>FAQ sur les vols pas chers Johannesbourg - Livingstone<\/h2>\n<h3>Quelle est la distance de Livingstone \u00e0 Johannesbourg ?<\/h3>\n<p>La distance des vols Livingstone de Johannesburg est de 955 kilom\u00e8tres.<\/p>\n<h3>Quelle est la dur\u00e9e du vol Johannesbourg-Livingstone ?<\/h3>\n<p>Le temps de vol commun de Johannesburg \u00e0 Livingstone est d&#039;une heure et quarante-deux minutes.<\/p>\n<h3>Quelle est la fr\u00e9quence des vols directs Johannesbourg-Livingstone ?<\/h3>\n<p>Il y a quatorze vols directs de Johannesburg \u00e0 Livingstone.<\/p>\n<h3>Quelles sont les compagnies a\u00e9riennes les plus c\u00e9l\u00e8bres de Johannesbourg pour un billet d&#039;avion direct de Johannesbourg \u00e0 Livingstone ?<\/h3>\n<p>South African Airways fournit cinquante pour cent du vol pas cher sans escale Johannesburg-Livingstone.<\/p>\n<h3>Combien de vols Johannesbourg - Livingstone partent en moyenne par jour ?<\/h3>\n<p>Six d\u00e9parts de vols de Johannesbourg \u00e0 Livingstone par jour en moyenne.<\/p>\n<p>Matin - cent pour cent des d\u00e9parts de vol<\/p>\n<h3>Quelles compagnies a\u00e9riennes op\u00e8rent des vols Johannesbourg - Livingstone ?<\/h3>\n<p>SAA, Qatar Airways et British Airways sont toutes des compagnies a\u00e9riennes qui proposent des vols de Johannesburg \u00e0 Livingstone.<\/p>\n<h2>Conseils de vol de Johannesbourg \u00e0 Livingstone<\/h2>\n<p>\u2022 Johannesburg est \u00e0 597 milles de Livingstone.<\/p>\n<p>\u2022 Trois vols sans escale op\u00e8rent de Johannesburg \u00e0 Livingstone.<\/p>\n<p>\u2022 Qatar Airways propose le plus de vols sans escale entre Livingstone et Johannesburg.<\/p>\n<p>\u2022 Nairobi, Kenya \u2013 Jomo Kenyatta Intl est le lien le plus c\u00e9l\u00e8bre pour les vols \u00e0 escale entre Livingstone et Johannesburg.<\/p>","protected":false},"excerpt":{"rendered":"<p>Looking for cheap airline ticket from Johannesburg to Livingstone\u00a0or last minute deals? Search, compare and book cheap airline ticket from Johannesburg (JNB) to Livingstone (LVI) online now. Book cheap flights from Johannesburg to Livingstone online and save money on airfare. The little town of Livingstone stands as an entry point of Victoria Falls as well [&hellip;]<\/p>\n","protected":false},"author":1,"featured_media":14041,"parent":0,"menu_order":0,"comment_status":"open","ping_status":"closed","template":"template-home-modern.php","meta":{"footnotes":""},"class_list":["post-11734","page","type-page","status-publish","has-post-thumbnail","hentry"],"yoast_head":"<!-- This site is optimized with the Yoast SEO plugin v27.3 - https:\/\/yoast.com\/product\/yoast-seo-wordpress\/ -->\n<title>Cheap Flights from Johannesburg to Livingstone<\/title>\n<meta name=\"description\" content=\"Looking for cheap flights from\u00a0Johannesburg to Livingstone? Compare and book cheap airline ticket from Johannesburg to Livingstone online\" \/>\n<meta name=\"robots\" content=\"index, follow, max-snippet:-1, max-image-preview:large, max-video-preview:-1\" \/>\n<link rel=\"canonical\" href=\"https:\/\/tiketi.com\/fr-fr\/flights-johannesburg-livingstone-jnb-lvi\/\" \/>\n<meta property=\"og:locale\" content=\"fr_FR\" \/>\n<meta property=\"og:type\" content=\"article\" \/>\n<meta property=\"og:title\" content=\"Cheap Flights from Johannesburg to Livingstone\" \/>\n<meta property=\"og:description\" content=\"Looking for cheap flights from\u00a0Johannesburg to Livingstone? Compare and book cheap airline ticket from Johannesburg to Livingstone online\" \/>\n<meta property=\"og:url\" content=\"https:\/\/tiketi.com\/fr-fr\/flights-johannesburg-livingstone-jnb-lvi\/\" \/>\n<meta property=\"og:site_name\" content=\"Tiketi.com\" \/>\n<meta property=\"article:publisher\" content=\"https:\/\/www.facebook.com\/TiketiCom\/\" \/>\n<meta property=\"article:modified_time\" content=\"2022-02-08T13:45:07+00:00\" \/>\n<meta property=\"og:image\" content=\"https:\/\/tiketi.com\/wp-content\/uploads\/2022\/01\/flight-ticket-booking-sorasak-KxCJXXGsv9I-unsplas.jpg\" \/>\n\t<meta property=\"og:image:width\" content=\"1200\" \/>\n\t<meta property=\"og:image:height\" content=\"240\" \/>\n\t<meta property=\"og:image:type\" content=\"image\/jpeg\" \/>\n<meta name=\"twitter:card\" content=\"summary_large_image\" \/>\n<meta name=\"twitter:label1\" content=\"Dur\u00e9e de lecture estim\u00e9e\" \/>\n\t<meta name=\"twitter:data1\" content=\"3 minutes\" \/>\n<script type=\"application\/ld+json\" class=\"yoast-schema-graph\">{\"@context\":\"https:\\\/\\\/schema.org\",\"@graph\":[{\"@type\":\"WebPage\",\"@id\":\"https:\\\/\\\/tiketi.com\\\/fr-fr\\\/flights-johannesburg-livingstone-jnb-lvi\\\/\",\"url\":\"https:\\\/\\\/tiketi.com\\\/fr-fr\\\/flights-johannesburg-livingstone-jnb-lvi\\\/\",\"name\":\"Cheap Flights from Johannesburg to Livingstone\",\"isPartOf\":{\"@id\":\"https:\\\/\\\/tiketi.com\\\/#website\"},\"primaryImageOfPage\":{\"@id\":\"https:\\\/\\\/tiketi.com\\\/fr-fr\\\/flights-johannesburg-livingstone-jnb-lvi\\\/#primaryimage\"},\"image\":{\"@id\":\"https:\\\/\\\/tiketi.com\\\/fr-fr\\\/flights-johannesburg-livingstone-jnb-lvi\\\/#primaryimage\"},\"thumbnailUrl\":\"https:\\\/\\\/tiketi.com\\\/wp-content\\\/uploads\\\/2022\\\/01\\\/flight-ticket-booking-sorasak-KxCJXXGsv9I-unsplas.jpg\",\"datePublished\":\"2022-01-19T11:55:08+00:00\",\"dateModified\":\"2022-02-08T13:45:07+00:00\",\"description\":\"Looking for cheap flights from\u00a0Johannesburg to Livingstone? Compare and book cheap airline ticket from Johannesburg to Livingstone online\",\"breadcrumb\":{\"@id\":\"https:\\\/\\\/tiketi.com\\\/fr-fr\\\/flights-johannesburg-livingstone-jnb-lvi\\\/#breadcrumb\"},\"inLanguage\":\"fr-FR\",\"potentialAction\":[{\"@type\":\"ReadAction\",\"target\":[\"https:\\\/\\\/tiketi.com\\\/fr-fr\\\/flights-johannesburg-livingstone-jnb-lvi\\\/\"]}]},{\"@type\":\"ImageObject\",\"inLanguage\":\"fr-FR\",\"@id\":\"https:\\\/\\\/tiketi.com\\\/fr-fr\\\/flights-johannesburg-livingstone-jnb-lvi\\\/#primaryimage\",\"url\":\"https:\\\/\\\/tiketi.com\\\/wp-content\\\/uploads\\\/2022\\\/01\\\/flight-ticket-booking-sorasak-KxCJXXGsv9I-unsplas.jpg\",\"contentUrl\":\"https:\\\/\\\/tiketi.com\\\/wp-content\\\/uploads\\\/2022\\\/01\\\/flight-ticket-booking-sorasak-KxCJXXGsv9I-unsplas.jpg\",\"width\":1200,\"height\":240,\"caption\":\"Online flight ticket booking\"},{\"@type\":\"BreadcrumbList\",\"@id\":\"https:\\\/\\\/tiketi.com\\\/fr-fr\\\/flights-johannesburg-livingstone-jnb-lvi\\\/#breadcrumb\",\"itemListElement\":[{\"@type\":\"ListItem\",\"position\":1,\"name\":\"Home\",\"item\":\"https:\\\/\\\/tiketi.com\\\/\"},{\"@type\":\"ListItem\",\"position\":2,\"name\":\"Cheap Flights from Johannesburg to Livingstone\"}]},{\"@type\":\"WebSite\",\"@id\":\"https:\\\/\\\/tiketi.com\\\/#website\",\"url\":\"https:\\\/\\\/tiketi.com\\\/\",\"name\":\"Flight & Bus Tickets, Tour Packages & Activitites - Tiketi.com\",\"description\":\"Flight &amp; Bus Tickets, Tours, Activitites\",\"publisher\":{\"@id\":\"https:\\\/\\\/tiketi.com\\\/#organization\"},\"potentialAction\":[{\"@type\":\"SearchAction\",\"target\":{\"@type\":\"EntryPoint\",\"urlTemplate\":\"https:\\\/\\\/tiketi.com\\\/?s={search_term_string}\"},\"query-input\":{\"@type\":\"PropertyValueSpecification\",\"valueRequired\":true,\"valueName\":\"search_term_string\"}}],\"inLanguage\":\"fr-FR\"},{\"@type\":\"Organization\",\"@id\":\"https:\\\/\\\/tiketi.com\\\/#organization\",\"name\":\"Tiketi.com\",\"alternateName\":\"Tiketi\",\"url\":\"https:\\\/\\\/tiketi.com\\\/\",\"logo\":{\"@type\":\"ImageObject\",\"inLanguage\":\"fr-FR\",\"@id\":\"https:\\\/\\\/tiketi.com\\\/#\\\/schema\\\/logo\\\/image\\\/\",\"url\":\"https:\\\/\\\/tiketi.com\\\/wp-content\\\/uploads\\\/2019\\\/05\\\/tiketi-logo-696.png\",\"contentUrl\":\"https:\\\/\\\/tiketi.com\\\/wp-content\\\/uploads\\\/2019\\\/05\\\/tiketi-logo-696.png\",\"width\":696,\"height\":696,\"caption\":\"Tiketi.com\"},\"image\":{\"@id\":\"https:\\\/\\\/tiketi.com\\\/#\\\/schema\\\/logo\\\/image\\\/\"},\"sameAs\":[\"https:\\\/\\\/www.facebook.com\\\/TiketiCom\\\/\"]}]}<\/script>\n<!-- \/ Yoast SEO plugin. -->","yoast_head_json":{"title":"Vols \u00e0 bas prix de Johannesbourg \u00e0 Livingstone","description":"Vous recherchez des vols \u00e0 bas prix de Johannesbourg \u00e0 Livingstone ? Comparez et r\u00e9servez en ligne les billets d&#039;avion pas chers de Johannesbourg \u00e0 Livingstone","robots":{"index":"index","follow":"follow","max-snippet":"max-snippet:-1","max-image-preview":"max-image-preview:large","max-video-preview":"max-video-preview:-1"},"canonical":"https:\/\/tiketi.com\/fr-fr\/flights-johannesburg-livingstone-jnb-lvi\/","og_locale":"fr_FR","og_type":"article","og_title":"Cheap Flights from Johannesburg to Livingstone","og_description":"Looking for cheap flights from\u00a0Johannesburg to Livingstone? Compare and book cheap airline ticket from Johannesburg to Livingstone online","og_url":"https:\/\/tiketi.com\/fr-fr\/flights-johannesburg-livingstone-jnb-lvi\/","og_site_name":"Tiketi.com","article_publisher":"https:\/\/www.facebook.com\/TiketiCom\/","article_modified_time":"2022-02-08T13:45:07+00:00","og_image":[{"width":1200,"height":240,"url":"https:\/\/tiketi.com\/wp-content\/uploads\/2022\/01\/flight-ticket-booking-sorasak-KxCJXXGsv9I-unsplas.jpg","type":"image\/jpeg"}],"twitter_card":"summary_large_image","twitter_misc":{"Dur\u00e9e de lecture estim\u00e9e":"3 minutes"},"schema":{"@context":"https:\/\/schema.org","@graph":[{"@type":"WebPage","@id":"https:\/\/tiketi.com\/fr-fr\/flights-johannesburg-livingstone-jnb-lvi\/","url":"https:\/\/tiketi.com\/fr-fr\/flights-johannesburg-livingstone-jnb-lvi\/","name":"Vols \u00e0 bas prix de Johannesbourg \u00e0 Livingstone","isPartOf":{"@id":"https:\/\/tiketi.com\/#website"},"primaryImageOfPage":{"@id":"https:\/\/tiketi.com\/fr-fr\/flights-johannesburg-livingstone-jnb-lvi\/#primaryimage"},"image":{"@id":"https:\/\/tiketi.com\/fr-fr\/flights-johannesburg-livingstone-jnb-lvi\/#primaryimage"},"thumbnailUrl":"https:\/\/tiketi.com\/wp-content\/uploads\/2022\/01\/flight-ticket-booking-sorasak-KxCJXXGsv9I-unsplas.jpg","datePublished":"2022-01-19T11:55:08+00:00","dateModified":"2022-02-08T13:45:07+00:00","description":"Vous recherchez des vols \u00e0 bas prix de Johannesbourg \u00e0 Livingstone ? Comparez et r\u00e9servez en ligne les billets d&#039;avion pas chers de Johannesbourg \u00e0 Livingstone","breadcrumb":{"@id":"https:\/\/tiketi.com\/fr-fr\/flights-johannesburg-livingstone-jnb-lvi\/#breadcrumb"},"inLanguage":"fr-FR","potentialAction":[{"@type":"ReadAction","target":["https:\/\/tiketi.com\/fr-fr\/flights-johannesburg-livingstone-jnb-lvi\/"]}]},{"@type":"ImageObject","inLanguage":"fr-FR","@id":"https:\/\/tiketi.com\/fr-fr\/flights-johannesburg-livingstone-jnb-lvi\/#primaryimage","url":"https:\/\/tiketi.com\/wp-content\/uploads\/2022\/01\/flight-ticket-booking-sorasak-KxCJXXGsv9I-unsplas.jpg","contentUrl":"https:\/\/tiketi.com\/wp-content\/uploads\/2022\/01\/flight-ticket-booking-sorasak-KxCJXXGsv9I-unsplas.jpg","width":1200,"height":240,"caption":"Online flight ticket booking"},{"@type":"BreadcrumbList","@id":"https:\/\/tiketi.com\/fr-fr\/flights-johannesburg-livingstone-jnb-lvi\/#breadcrumb","itemListElement":[{"@type":"ListItem","position":1,"name":"Home","item":"https:\/\/tiketi.com\/"},{"@type":"ListItem","position":2,"name":"Cheap Flights from Johannesburg to Livingstone"}]},{"@type":"WebSite","@id":"https:\/\/tiketi.com\/#website","url":"https:\/\/tiketi.com\/","name":"Billets d&#039;avion et de bus, forfaits touristiques et activit\u00e9s - Tiketi.com","description":"Billets d&#039;avion et de bus, Tours, Activit\u00e9s","publisher":{"@id":"https:\/\/tiketi.com\/#organization"},"potentialAction":[{"@type":"SearchAction","target":{"@type":"EntryPoint","urlTemplate":"https:\/\/tiketi.com\/?s={search_term_string}"},"query-input":{"@type":"PropertyValueSpecification","valueRequired":true,"valueName":"search_term_string"}}],"inLanguage":"fr-FR"},{"@type":"Organization","@id":"https:\/\/tiketi.com\/#organization","name":"Tiketi.com","alternateName":"Tiketi","url":"https:\/\/tiketi.com\/","logo":{"@type":"ImageObject","inLanguage":"fr-FR","@id":"https:\/\/tiketi.com\/#\/schema\/logo\/image\/","url":"https:\/\/tiketi.com\/wp-content\/uploads\/2019\/05\/tiketi-logo-696.png","contentUrl":"https:\/\/tiketi.com\/wp-content\/uploads\/2019\/05\/tiketi-logo-696.png","width":696,"height":696,"caption":"Tiketi.com"},"image":{"@id":"https:\/\/tiketi.com\/#\/schema\/logo\/image\/"},"sameAs":["https:\/\/www.facebook.com\/TiketiCom\/"]}]}},"_links":{"self":[{"href":"https:\/\/tiketi.com\/fr-fr\/wp-json\/wp\/v2\/pages\/11734","targetHints":{"allow":["GET"]}}],"collection":[{"href":"https:\/\/tiketi.com\/fr-fr\/wp-json\/wp\/v2\/pages"}],"about":[{"href":"https:\/\/tiketi.com\/fr-fr\/wp-json\/wp\/v2\/types\/page"}],"author":[{"embeddable":true,"href":"https:\/\/tiketi.com\/fr-fr\/wp-json\/wp\/v2\/users\/1"}],"replies":[{"embeddable":true,"href":"https:\/\/tiketi.com\/fr-fr\/wp-json\/wp\/v2\/comments?post=11734"}],"version-history":[{"count":0,"href":"https:\/\/tiketi.com\/fr-fr\/wp-json\/wp\/v2\/pages\/11734\/revisions"}],"wp:featuredmedia":[{"embeddable":true,"href":"https:\/\/tiketi.com\/fr-fr\/wp-json\/wp\/v2\/media\/14041"}],"wp:attachment":[{"href":"https:\/\/tiketi.com\/fr-fr\/wp-json\/wp\/v2\/media?parent=11734"}],"curies":[{"name":"wp","href":"https:\/\/api.w.org\/{rel}","templated":true}]}}