{"id":11735,"date":"2022-01-19T12:55:08","date_gmt":"2022-01-19T11:55:08","guid":{"rendered":"https:\/\/new.tiketi.com\/cheap-flights-from-johannesburg-to-guangzhou\/"},"modified":"2022-02-08T13:51:21","modified_gmt":"2022-02-08T12:51:21","slug":"flights-johannesburg-guangzhou-jnb-can","status":"publish","type":"page","link":"https:\/\/tiketi.com\/fr-fr\/flights-johannesburg-guangzhou-jnb-can\/","title":{"rendered":"Vols \u00e0 bas prix de Johannesbourg \u00e0 Canton"},"content":{"rendered":"<h2>Vous recherchez un billet d&#039;avion pas cher Johannesbourg - Canton ou des offres de derni\u00e8re minute ?<\/h2>\n<h3>Cherchez, comparez et r\u00e9servez en ligne maintenant un billet d&#039;avion pas cher entre Johannesbourg (JNB) et Canton (CAN).<\/h3>\n<p>R\u00e9servez en ligne des vols pas chers de Johannesbourg \u00e0 Canton avec Tiketi.com pour les meilleures offres. Guangzhou est populaire en tant que ville industrielle en Chine, le tourisme de cette ville s&#039;est \u00e9galement d\u00e9velopp\u00e9 de mani\u00e8re prosp\u00e8re. Des lieux historiques comme le Sun Yet-Sen Memorial Hall racontent aux gens le pass\u00e9 de Guangzhou, tandis que la rivi\u00e8re des Perles rend Guangzhou tendre et merveilleuse. Visitez Canton gr\u00e2ce \u00e0 des offres exceptionnelles sur les billets d&#039;avion de Johannesbourg \u00e0 Canton et voyagez sur des vols Johannesbourg \u00e0 Canton \u00e0 bas prix.<\/p>\n<h2>Voici quelques-unes des meilleures attractions de Londres<\/h2>\n<h3>Temple de la famille Chen<\/h3>\n<p>Ce temple, \u00e9galement appel\u00e9 Chen Clan Academy, a \u00e9t\u00e9 construit entre 1890 et 1895 sous le r\u00e8gne de l&#039;empereur Guangxu de la dynastie Quing. Il a \u00e9t\u00e9 construit gr\u00e2ce aux dons de la famille Chen puis s&#039;est r\u00e9pandu dans soixante-douze pays de la province du Guangdong. Le temple offrait autrefois des logements aux candidats de la famille Chen qui venaient au Guangdong pour se pr\u00e9parer aux majestueux examens de Guangzhou.<\/p>\n<h3>Tour de t\u00e9l\u00e9vision de Guangzhou<\/h3>\n<p>La nouvelle tour de t\u00e9l\u00e9vision de Guangzhou en Chine, avec une hauteur de 618 m\u00e8tres, se classe comme la plus haute tour de Chine et la plus haute tour de t\u00e9l\u00e9vision de la plan\u00e8te. La tour de t\u00e9l\u00e9vision et de tourisme de Guangzhou, \u00e9galement appel\u00e9e tour de Canton, est situ\u00e9e \u00e0 proximit\u00e9 de la pagode Chigang dans la r\u00e9gion de Haizhu \u00e0 Guangzhou en Chine. Cette tour est achev\u00e9e en octobre 2010.<\/p>\n<h3>M\u00e9morial du Dr Sun Yat-sen<\/h3>\n<p>Le M\u00e9morial du Dr Sun Yat-sen est situ\u00e9 sur le site r\u00e9el du bureau pr\u00e9sidentiel de Sun Yat-sens sur le versant sud de la colline Yuexiu. La salle a \u00e9t\u00e9 construite en 1931 avec les fonds collect\u00e9s par les habitants de Guangzhou et con\u00e7ue par Lu Yanzhiwas.<\/p>\n<h2>FAQ sur les vols pas chers de Johannesbourg \u00e0 Guangzhou<\/h2>\n<h3>Quel est le meilleur moment pour r\u00e9server un billet d&#039;avion de Johannesburg \u00e0 Guangzhou ?<\/h3>\n<p>G\u00e9n\u00e9ralement, le meilleur temps de vol de Johannesbourg \u00e0 Guangzhou est de 2 mois \u00e0 l&#039;avance. Et les jours les moins chers pour voler sont le mercredi, le mardi et le samedi. Le dimanche est le plus cher.<\/p>\n<h3>Combien de vols directs Johannesbourg-Canton ?<\/h3>\n<p>Il n&#039;y a aucun vol direct entre Johannesburg et Guangzhou.<\/p>\n<h3>Quelle est la compagnie a\u00e9rienne la plus c\u00e9l\u00e8bre pour les vols sans escale entre Canton et Johannesbourg ?<\/h3>\n<p>South African Airways propose le vol pas cher sans escale Johannesburg-Guangzhou.<\/p>\n<h3>Quelle est la distance entre Johannesbourg a Canton?<\/h3>\n<p>La distance de vol entre Canton et Johannesbourg est de 10675km .<\/p>\n<h3>Quelle est la dur\u00e9e du vol Johannesbourg-Guangzhou ?<\/h3>\n<p>15 h 15 min est le temps de vol commun de Johannesburg \u00e0 Guangzhou.<\/p>\n<h2>Conseils sur les vols de Johannesbourg \u00e0 Guangzhou<\/h2>\n<p>\u2022 Johannesburg est \u00e0 10 639 milles de Guangzhou.<\/p>\n<p>\u2022 La compagnie a\u00e9rienne la plus c\u00e9l\u00e8bre proposant des billets d&#039;avion bon march\u00e9 de Johannesburg \u00e0 Guangzhou est Egypt Air.<\/p>\n<p>\u2022 Cape Town, Afrique du Sud \u2013 Cape Town Intl est le lien le plus c\u00e9l\u00e8bre pour les vols \u00e0 escale entre Guangzhou et Johannesburg.<\/p>","protected":false},"excerpt":{"rendered":"<p>Looking for cheap airline ticket from Johannesburg to Guangzhou\u00a0or last minute deals? Search, compare and book cheap airline ticket from Johannesburg (JNB) to Guangzhou (CAN) online now. Book cheap flights from Johannesburg to Guangzhou online with Tiketi.com for the best deals. Guangzhou is popular as an industrial city in China, the tourism of this city [&hellip;]<\/p>\n","protected":false},"author":1,"featured_media":16735,"parent":0,"menu_order":0,"comment_status":"open","ping_status":"closed","template":"template-home-modern.php","meta":{"footnotes":""},"class_list":["post-11735","page","type-page","status-publish","has-post-thumbnail","hentry"],"yoast_head":"<!-- This site is optimized with the Yoast SEO plugin v27.3 - https:\/\/yoast.com\/product\/yoast-seo-wordpress\/ -->\n<title>Cheap Flights from\u00a0Johannesburg to Guangzhou<\/title>\n<meta name=\"description\" content=\"Looking for cheap flights from\u00a0Johannesburg to Guangzhou? Search, compare and book cheap airline ticket from Johannesburg to Guangzhou online\" \/>\n<meta name=\"robots\" content=\"index, follow, max-snippet:-1, max-image-preview:large, max-video-preview:-1\" \/>\n<link rel=\"canonical\" href=\"https:\/\/tiketi.com\/fr-fr\/flights-johannesburg-guangzhou-jnb-can\/\" \/>\n<meta property=\"og:locale\" content=\"fr_FR\" \/>\n<meta property=\"og:type\" content=\"article\" \/>\n<meta property=\"og:title\" content=\"Cheap Flights from\u00a0Johannesburg to Guangzhou\" \/>\n<meta property=\"og:description\" content=\"Looking for cheap flights from\u00a0Johannesburg to Guangzhou? Search, compare and book cheap airline ticket from Johannesburg to Guangzhou online\" \/>\n<meta property=\"og:url\" content=\"https:\/\/tiketi.com\/fr-fr\/flights-johannesburg-guangzhou-jnb-can\/\" \/>\n<meta property=\"og:site_name\" content=\"Tiketi.com\" \/>\n<meta property=\"article:publisher\" content=\"https:\/\/www.facebook.com\/TiketiCom\/\" \/>\n<meta property=\"article:modified_time\" content=\"2022-02-08T12:51:21+00:00\" \/>\n<meta property=\"og:image\" content=\"https:\/\/tiketi.com\/wp-content\/uploads\/2022\/02\/guangzhou-2278478_1280.jpg\" \/>\n\t<meta property=\"og:image:width\" content=\"1280\" \/>\n\t<meta property=\"og:image:height\" content=\"243\" \/>\n\t<meta property=\"og:image:type\" content=\"image\/jpeg\" \/>\n<meta name=\"twitter:card\" content=\"summary_large_image\" \/>\n<meta name=\"twitter:label1\" content=\"Dur\u00e9e de lecture estim\u00e9e\" \/>\n\t<meta name=\"twitter:data1\" content=\"3 minutes\" \/>\n<script type=\"application\/ld+json\" class=\"yoast-schema-graph\">{\"@context\":\"https:\\\/\\\/schema.org\",\"@graph\":[{\"@type\":\"WebPage\",\"@id\":\"https:\\\/\\\/tiketi.com\\\/flights-johannesburg-guangzhou-jnb-can\\\/\",\"url\":\"https:\\\/\\\/tiketi.com\\\/flights-johannesburg-guangzhou-jnb-can\\\/\",\"name\":\"Cheap Flights from\u00a0Johannesburg to Guangzhou\",\"isPartOf\":{\"@id\":\"https:\\\/\\\/tiketi.com\\\/#website\"},\"primaryImageOfPage\":{\"@id\":\"https:\\\/\\\/tiketi.com\\\/flights-johannesburg-guangzhou-jnb-can\\\/#primaryimage\"},\"image\":{\"@id\":\"https:\\\/\\\/tiketi.com\\\/flights-johannesburg-guangzhou-jnb-can\\\/#primaryimage\"},\"thumbnailUrl\":\"https:\\\/\\\/tiketi.com\\\/wp-content\\\/uploads\\\/2022\\\/02\\\/guangzhou-2278478_1280.jpg\",\"datePublished\":\"2022-01-19T11:55:08+00:00\",\"dateModified\":\"2022-02-08T12:51:21+00:00\",\"description\":\"Looking for cheap flights from\u00a0Johannesburg to Guangzhou? Search, compare and book cheap airline ticket from Johannesburg to Guangzhou online\",\"breadcrumb\":{\"@id\":\"https:\\\/\\\/tiketi.com\\\/flights-johannesburg-guangzhou-jnb-can\\\/#breadcrumb\"},\"inLanguage\":\"fr-FR\",\"potentialAction\":[{\"@type\":\"ReadAction\",\"target\":[\"https:\\\/\\\/tiketi.com\\\/flights-johannesburg-guangzhou-jnb-can\\\/\"]}]},{\"@type\":\"ImageObject\",\"inLanguage\":\"fr-FR\",\"@id\":\"https:\\\/\\\/tiketi.com\\\/flights-johannesburg-guangzhou-jnb-can\\\/#primaryimage\",\"url\":\"https:\\\/\\\/tiketi.com\\\/wp-content\\\/uploads\\\/2022\\\/02\\\/guangzhou-2278478_1280.jpg\",\"contentUrl\":\"https:\\\/\\\/tiketi.com\\\/wp-content\\\/uploads\\\/2022\\\/02\\\/guangzhou-2278478_1280.jpg\",\"width\":1280,\"height\":243,\"caption\":\"Air Taxi in Guangzhou\"},{\"@type\":\"BreadcrumbList\",\"@id\":\"https:\\\/\\\/tiketi.com\\\/flights-johannesburg-guangzhou-jnb-can\\\/#breadcrumb\",\"itemListElement\":[{\"@type\":\"ListItem\",\"position\":1,\"name\":\"Home\",\"item\":\"https:\\\/\\\/tiketi.com\\\/\"},{\"@type\":\"ListItem\",\"position\":2,\"name\":\"Cheap Flights from\u00a0Johannesburg to Guangzhou\"}]},{\"@type\":\"WebSite\",\"@id\":\"https:\\\/\\\/tiketi.com\\\/#website\",\"url\":\"https:\\\/\\\/tiketi.com\\\/\",\"name\":\"Flight & Bus Tickets, Tour Packages & Activitites - Tiketi.com\",\"description\":\"Flight &amp; Bus Tickets, Tours, Activitites\",\"publisher\":{\"@id\":\"https:\\\/\\\/tiketi.com\\\/#organization\"},\"potentialAction\":[{\"@type\":\"SearchAction\",\"target\":{\"@type\":\"EntryPoint\",\"urlTemplate\":\"https:\\\/\\\/tiketi.com\\\/?s={search_term_string}\"},\"query-input\":{\"@type\":\"PropertyValueSpecification\",\"valueRequired\":true,\"valueName\":\"search_term_string\"}}],\"inLanguage\":\"fr-FR\"},{\"@type\":\"Organization\",\"@id\":\"https:\\\/\\\/tiketi.com\\\/#organization\",\"name\":\"Tiketi.com\",\"alternateName\":\"Tiketi\",\"url\":\"https:\\\/\\\/tiketi.com\\\/\",\"logo\":{\"@type\":\"ImageObject\",\"inLanguage\":\"fr-FR\",\"@id\":\"https:\\\/\\\/tiketi.com\\\/#\\\/schema\\\/logo\\\/image\\\/\",\"url\":\"https:\\\/\\\/tiketi.com\\\/wp-content\\\/uploads\\\/2019\\\/05\\\/tiketi-logo-696.png\",\"contentUrl\":\"https:\\\/\\\/tiketi.com\\\/wp-content\\\/uploads\\\/2019\\\/05\\\/tiketi-logo-696.png\",\"width\":696,\"height\":696,\"caption\":\"Tiketi.com\"},\"image\":{\"@id\":\"https:\\\/\\\/tiketi.com\\\/#\\\/schema\\\/logo\\\/image\\\/\"},\"sameAs\":[\"https:\\\/\\\/www.facebook.com\\\/TiketiCom\\\/\"]}]}<\/script>\n<!-- \/ Yoast SEO plugin. -->","yoast_head_json":{"title":"Vols \u00e0 bas prix de Johannesbourg \u00e0 Canton","description":"Vous recherchez des vols \u00e0 bas prix de Johannesbourg \u00e0 Canton ? Recherchez, comparez et r\u00e9servez en ligne un billet d&#039;avion pas cher de Johannesbourg \u00e0 Canton","robots":{"index":"index","follow":"follow","max-snippet":"max-snippet:-1","max-image-preview":"max-image-preview:large","max-video-preview":"max-video-preview:-1"},"canonical":"https:\/\/tiketi.com\/fr-fr\/flights-johannesburg-guangzhou-jnb-can\/","og_locale":"fr_FR","og_type":"article","og_title":"Cheap Flights from\u00a0Johannesburg to Guangzhou","og_description":"Looking for cheap flights from\u00a0Johannesburg to Guangzhou? Search, compare and book cheap airline ticket from Johannesburg to Guangzhou online","og_url":"https:\/\/tiketi.com\/fr-fr\/flights-johannesburg-guangzhou-jnb-can\/","og_site_name":"Tiketi.com","article_publisher":"https:\/\/www.facebook.com\/TiketiCom\/","article_modified_time":"2022-02-08T12:51:21+00:00","og_image":[{"width":1280,"height":243,"url":"https:\/\/tiketi.com\/wp-content\/uploads\/2022\/02\/guangzhou-2278478_1280.jpg","type":"image\/jpeg"}],"twitter_card":"summary_large_image","twitter_misc":{"Dur\u00e9e de lecture estim\u00e9e":"3 minutes"},"schema":{"@context":"https:\/\/schema.org","@graph":[{"@type":"WebPage","@id":"https:\/\/tiketi.com\/flights-johannesburg-guangzhou-jnb-can\/","url":"https:\/\/tiketi.com\/flights-johannesburg-guangzhou-jnb-can\/","name":"Vols \u00e0 bas prix de Johannesbourg \u00e0 Canton","isPartOf":{"@id":"https:\/\/tiketi.com\/#website"},"primaryImageOfPage":{"@id":"https:\/\/tiketi.com\/flights-johannesburg-guangzhou-jnb-can\/#primaryimage"},"image":{"@id":"https:\/\/tiketi.com\/flights-johannesburg-guangzhou-jnb-can\/#primaryimage"},"thumbnailUrl":"https:\/\/tiketi.com\/wp-content\/uploads\/2022\/02\/guangzhou-2278478_1280.jpg","datePublished":"2022-01-19T11:55:08+00:00","dateModified":"2022-02-08T12:51:21+00:00","description":"Vous recherchez des vols \u00e0 bas prix de Johannesbourg \u00e0 Canton ? Recherchez, comparez et r\u00e9servez en ligne un billet d&#039;avion pas cher de Johannesbourg \u00e0 Canton","breadcrumb":{"@id":"https:\/\/tiketi.com\/flights-johannesburg-guangzhou-jnb-can\/#breadcrumb"},"inLanguage":"fr-FR","potentialAction":[{"@type":"ReadAction","target":["https:\/\/tiketi.com\/flights-johannesburg-guangzhou-jnb-can\/"]}]},{"@type":"ImageObject","inLanguage":"fr-FR","@id":"https:\/\/tiketi.com\/flights-johannesburg-guangzhou-jnb-can\/#primaryimage","url":"https:\/\/tiketi.com\/wp-content\/uploads\/2022\/02\/guangzhou-2278478_1280.jpg","contentUrl":"https:\/\/tiketi.com\/wp-content\/uploads\/2022\/02\/guangzhou-2278478_1280.jpg","width":1280,"height":243,"caption":"Air Taxi in Guangzhou"},{"@type":"BreadcrumbList","@id":"https:\/\/tiketi.com\/flights-johannesburg-guangzhou-jnb-can\/#breadcrumb","itemListElement":[{"@type":"ListItem","position":1,"name":"Home","item":"https:\/\/tiketi.com\/"},{"@type":"ListItem","position":2,"name":"Cheap Flights from\u00a0Johannesburg to Guangzhou"}]},{"@type":"WebSite","@id":"https:\/\/tiketi.com\/#website","url":"https:\/\/tiketi.com\/","name":"Billets d&#039;avion et de bus, forfaits touristiques et activit\u00e9s - Tiketi.com","description":"Billets d&#039;avion et de bus, Tours, Activit\u00e9s","publisher":{"@id":"https:\/\/tiketi.com\/#organization"},"potentialAction":[{"@type":"SearchAction","target":{"@type":"EntryPoint","urlTemplate":"https:\/\/tiketi.com\/?s={search_term_string}"},"query-input":{"@type":"PropertyValueSpecification","valueRequired":true,"valueName":"search_term_string"}}],"inLanguage":"fr-FR"},{"@type":"Organization","@id":"https:\/\/tiketi.com\/#organization","name":"Tiketi.com","alternateName":"Tiketi","url":"https:\/\/tiketi.com\/","logo":{"@type":"ImageObject","inLanguage":"fr-FR","@id":"https:\/\/tiketi.com\/#\/schema\/logo\/image\/","url":"https:\/\/tiketi.com\/wp-content\/uploads\/2019\/05\/tiketi-logo-696.png","contentUrl":"https:\/\/tiketi.com\/wp-content\/uploads\/2019\/05\/tiketi-logo-696.png","width":696,"height":696,"caption":"Tiketi.com"},"image":{"@id":"https:\/\/tiketi.com\/#\/schema\/logo\/image\/"},"sameAs":["https:\/\/www.facebook.com\/TiketiCom\/"]}]}},"_links":{"self":[{"href":"https:\/\/tiketi.com\/fr-fr\/wp-json\/wp\/v2\/pages\/11735","targetHints":{"allow":["GET"]}}],"collection":[{"href":"https:\/\/tiketi.com\/fr-fr\/wp-json\/wp\/v2\/pages"}],"about":[{"href":"https:\/\/tiketi.com\/fr-fr\/wp-json\/wp\/v2\/types\/page"}],"author":[{"embeddable":true,"href":"https:\/\/tiketi.com\/fr-fr\/wp-json\/wp\/v2\/users\/1"}],"replies":[{"embeddable":true,"href":"https:\/\/tiketi.com\/fr-fr\/wp-json\/wp\/v2\/comments?post=11735"}],"version-history":[{"count":0,"href":"https:\/\/tiketi.com\/fr-fr\/wp-json\/wp\/v2\/pages\/11735\/revisions"}],"wp:featuredmedia":[{"embeddable":true,"href":"https:\/\/tiketi.com\/fr-fr\/wp-json\/wp\/v2\/media\/16735"}],"wp:attachment":[{"href":"https:\/\/tiketi.com\/fr-fr\/wp-json\/wp\/v2\/media?parent=11735"}],"curies":[{"name":"wp","href":"https:\/\/api.w.org\/{rel}","templated":true}]}}