{"id":11736,"date":"2022-01-19T12:55:08","date_gmt":"2022-01-19T11:55:08","guid":{"rendered":"https:\/\/new.tiketi.com\/cheap-flights-from-johannesburg-to-george\/"},"modified":"2022-02-08T13:48:21","modified_gmt":"2022-02-08T12:48:21","slug":"flights-johannesburg-george-jnb-grj","status":"publish","type":"page","link":"https:\/\/tiketi.com\/fr-fr\/flights-johannesburg-george-jnb-grj\/","title":{"rendered":"Vols pas chers Johannesbourg - George"},"content":{"rendered":"<h2>Vous cherchez un billet d&#039;avion pas cher \u00e0 partir de Johannesbourg pour George ou des offres de derni\u00e8re minute ?<\/h2>\n<h3>Recherchez, comparez et r\u00e9servez en ligne d\u00e8s maintenant un billet d&#039;avion pas cher de Johannesbourg (JNB) \u00e0 George (GRJ).<\/h3>\n<p>R\u00e9servez des vols pas chers de Johannesbourg \u00e0 George en ligne avec Tiketi.com pour b\u00e9n\u00e9ficier des meilleures offres. George est la sixi\u00e8me plus ancienne ville d&#039;Afrique du Sud, situ\u00e9e au pied des montagnes Outeniqua. Bien qu&#039;elle soit le plus grand centre et le principal p\u00f4le d&#039;affaires de la Garden Route, c&#039;est aussi la seule grande ville qui ne se trouve pas sur la c\u00f4te. Visitez George gr\u00e2ce \u00e0 des offres exceptionnelles sur les billets d&#039;avion de Johannesburg \u00e0 George et volez des vols Johannesburg \u00e0 George pas chers.<\/p>\n<h2>Voici quelques-unes des meilleures attractions de George<\/h2>\n<h3>Le Mus\u00e9e des Transports Outeniqua<\/h3>\n<p>Unique en son genre au pays, il est install\u00e9 dans un hangar caverneux le long du pont ferroviaire de la rue Courtenay. Les expositions contiennent des autocars, des locomotives et une r\u00e9plique d&#039;une ancienne gare ferroviaire, ainsi que d&#039;autres moyens de transport et v\u00e9hicules tir\u00e9s par des animaux.<\/p>\n<h3>Le fourgon \u00e9lectrique Outeniqua<\/h3>\n<p>Il s&#039;agit d&#039;un petit bus ferroviaire qui gravit les montagnes d&#039;Outeniqua le long des anciennes voies ferr\u00e9es, jusqu&#039;au sommet du col historique de Montagu. Il y a un guide \u00e0 bord qui vous fera d\u00e9couvrir des choses remarquables.<\/p>\n<h3>Le Mus\u00e9e des Gorges<strong>\u00a0<\/strong><\/h3>\n<p>Ce mus\u00e9e est situ\u00e9 derri\u00e8re la biblioth\u00e8que et install\u00e9 dans le vieux Drostdy, construit en 1811. L&#039;accent est mis sur l&#039;industrie du bois.<br \/>\nPlages \u2013 pr\u00e8s de Herold Bay et de George Victoria Bay se trouvent deux petites et magnifiques criques flanqu\u00e9es de quelques maisons et abrit\u00e9es par des promontoires. Ils sont tous deux c\u00e9l\u00e8bres aupr\u00e8s des adorateurs du soleil. Ils offrent les meilleurs services de surf, de nage et de surf et disposent de bassins de mar\u00e9e pour s&#039;amuser en famille.<\/p>\n<h2>FAQ sur les vols pas chers de Johannesbourg \u00e0 George<\/h2>\n<h3>Quelle est la distance entre George et Johannesbourg ?<\/h3>\n<p>La distance entre les vols George et Johannesbourg est de 1\u00a0039 kilom\u00e8tres.<\/p>\n<h3>Quelle est la dur\u00e9e d&#039;un vol Johannesbourg - George ?<\/h3>\n<p>Le temps de vol commun de Johannesburg \u00e0 George est d\u2019une heure et 55 minutes.<\/p>\n<h3>Quelle est la fr\u00e9quence des vols directs de Johannesbourg \u00e0 George ?<\/h3>\n<p>Il existe quarante-deux vols directs entre Johannesburg et George.<\/p>\n<h3>Quelles sont les compagnies a\u00e9riennes les plus connues de Johannesburg pour des vols directs de Johannesburg \u00e0 George ?<\/h3>\n<p>Comair fournit 54 pour cent du billet d&#039;avion sans escale de Johannesburg \u00e0 George.<\/p>\n<h3>Quelle est la fr\u00e9quence des vols entre George et Johannesbourg ?<\/h3>\n<p>Environ sept vols circulent chaque jour entre George et Johannesburg.<\/p>\n<h3>En moyenne, combien de d\u00e9parts quotidiens bon march\u00e9 sont propos\u00e9s \u00e0 destination de Johannesbourg vers George ?<\/h3>\n<p>32 vols d\u00e9parts de Johannesbourg vers George par jour en moyenne.<\/p>\n<p>\u2022 T\u00f4t le matin \u2013 treize pour cent des d\u00e9parts de vols<\/p>\n<p>\u2022 Matin \u2013 cinquante-trois pour cent des d\u00e9parts de vols<\/p>\n<p>\u2022 Apr\u00e8s-midi\u00a0:\u00a034\u00a0% des d\u00e9parts de vols<\/p>\n<h2>Conseils pour les vols de Johannesbourg \u00e0 George<\/h2>\n<p>\u2022 Johannesburg est \u00e0 645 miles de George.<\/p>\n<p>\u2022 Quatorze vols sans escale op\u00e8rent de Johannesburg \u00e0 George.<\/p>\n<p>\u2022 Kulula propose le plus grand nombre de vols sans escale entre George et Johannesburg.<\/p>\n<p>\u2022 Cape Town, Afrique du Sud \u2013 Cape Town Intl est la liaison la plus c\u00e9l\u00e8bre pour les vols \u00e0 escale entre George et Johannesburg.<\/p>","protected":false},"excerpt":{"rendered":"<p>Looking for cheap airline ticket from Johannesburg to George\u00a0or last minute deals? Search, compare and book cheap airline ticket from Johannesburg (JNB) to George (GRJ) online now. Book cheap flights from Johannesburg to George online with Tiketi.com for the best deals. George is the sixth oldest town in South Africa, placed at the base of [&hellip;]<\/p>\n","protected":false},"author":1,"featured_media":14041,"parent":0,"menu_order":0,"comment_status":"open","ping_status":"closed","template":"template-home-modern.php","meta":{"footnotes":""},"class_list":["post-11736","page","type-page","status-publish","has-post-thumbnail","hentry"],"yoast_head":"<!-- This site is optimized with the Yoast SEO plugin v27.3 - https:\/\/yoast.com\/product\/yoast-seo-wordpress\/ -->\n<title>Cheap Flights from\u00a0Johannesburg to George<\/title>\n<meta name=\"description\" content=\"Looking for cheap flights from\u00a0Johannesburg to George? Search, compare and book cheap airline ticket from Johannesburg to George online\" \/>\n<meta name=\"robots\" content=\"index, follow, max-snippet:-1, max-image-preview:large, max-video-preview:-1\" \/>\n<link rel=\"canonical\" href=\"https:\/\/tiketi.com\/fr-fr\/flights-johannesburg-george-jnb-grj\/\" \/>\n<meta property=\"og:locale\" content=\"fr_FR\" \/>\n<meta property=\"og:type\" content=\"article\" \/>\n<meta property=\"og:title\" content=\"Cheap Flights from\u00a0Johannesburg to George\" \/>\n<meta property=\"og:description\" content=\"Looking for cheap flights from\u00a0Johannesburg to George? Search, compare and book cheap airline ticket from Johannesburg to George online\" \/>\n<meta property=\"og:url\" content=\"https:\/\/tiketi.com\/fr-fr\/flights-johannesburg-george-jnb-grj\/\" \/>\n<meta property=\"og:site_name\" content=\"Tiketi.com\" \/>\n<meta property=\"article:publisher\" content=\"https:\/\/www.facebook.com\/TiketiCom\/\" \/>\n<meta property=\"article:modified_time\" content=\"2022-02-08T12:48:21+00:00\" \/>\n<meta property=\"og:image\" content=\"https:\/\/tiketi.com\/wp-content\/uploads\/2022\/01\/flight-ticket-booking-sorasak-KxCJXXGsv9I-unsplas.jpg\" \/>\n\t<meta property=\"og:image:width\" content=\"1200\" \/>\n\t<meta property=\"og:image:height\" content=\"240\" \/>\n\t<meta property=\"og:image:type\" content=\"image\/jpeg\" \/>\n<meta name=\"twitter:card\" content=\"summary_large_image\" \/>\n<meta name=\"twitter:label1\" content=\"Dur\u00e9e de lecture estim\u00e9e\" \/>\n\t<meta name=\"twitter:data1\" content=\"3 minutes\" \/>\n<script type=\"application\/ld+json\" class=\"yoast-schema-graph\">{\"@context\":\"https:\\\/\\\/schema.org\",\"@graph\":[{\"@type\":\"WebPage\",\"@id\":\"https:\\\/\\\/tiketi.com\\\/flights-johannesburg-george-jnb-grj\\\/\",\"url\":\"https:\\\/\\\/tiketi.com\\\/flights-johannesburg-george-jnb-grj\\\/\",\"name\":\"Cheap Flights from\u00a0Johannesburg to George\",\"isPartOf\":{\"@id\":\"https:\\\/\\\/tiketi.com\\\/#website\"},\"primaryImageOfPage\":{\"@id\":\"https:\\\/\\\/tiketi.com\\\/flights-johannesburg-george-jnb-grj\\\/#primaryimage\"},\"image\":{\"@id\":\"https:\\\/\\\/tiketi.com\\\/flights-johannesburg-george-jnb-grj\\\/#primaryimage\"},\"thumbnailUrl\":\"https:\\\/\\\/tiketi.com\\\/wp-content\\\/uploads\\\/2022\\\/01\\\/flight-ticket-booking-sorasak-KxCJXXGsv9I-unsplas.jpg\",\"datePublished\":\"2022-01-19T11:55:08+00:00\",\"dateModified\":\"2022-02-08T12:48:21+00:00\",\"description\":\"Looking for cheap flights from\u00a0Johannesburg to George? Search, compare and book cheap airline ticket from Johannesburg to George online\",\"breadcrumb\":{\"@id\":\"https:\\\/\\\/tiketi.com\\\/flights-johannesburg-george-jnb-grj\\\/#breadcrumb\"},\"inLanguage\":\"fr-FR\",\"potentialAction\":[{\"@type\":\"ReadAction\",\"target\":[\"https:\\\/\\\/tiketi.com\\\/flights-johannesburg-george-jnb-grj\\\/\"]}]},{\"@type\":\"ImageObject\",\"inLanguage\":\"fr-FR\",\"@id\":\"https:\\\/\\\/tiketi.com\\\/flights-johannesburg-george-jnb-grj\\\/#primaryimage\",\"url\":\"https:\\\/\\\/tiketi.com\\\/wp-content\\\/uploads\\\/2022\\\/01\\\/flight-ticket-booking-sorasak-KxCJXXGsv9I-unsplas.jpg\",\"contentUrl\":\"https:\\\/\\\/tiketi.com\\\/wp-content\\\/uploads\\\/2022\\\/01\\\/flight-ticket-booking-sorasak-KxCJXXGsv9I-unsplas.jpg\",\"width\":1200,\"height\":240,\"caption\":\"Online flight ticket booking\"},{\"@type\":\"BreadcrumbList\",\"@id\":\"https:\\\/\\\/tiketi.com\\\/flights-johannesburg-george-jnb-grj\\\/#breadcrumb\",\"itemListElement\":[{\"@type\":\"ListItem\",\"position\":1,\"name\":\"Home\",\"item\":\"https:\\\/\\\/tiketi.com\\\/\"},{\"@type\":\"ListItem\",\"position\":2,\"name\":\"Cheap Flights from\u00a0Johannesburg to George\"}]},{\"@type\":\"WebSite\",\"@id\":\"https:\\\/\\\/tiketi.com\\\/#website\",\"url\":\"https:\\\/\\\/tiketi.com\\\/\",\"name\":\"Flight & Bus Tickets, Tour Packages & Activitites - Tiketi.com\",\"description\":\"Flight &amp; Bus Tickets, Tours, Activitites\",\"publisher\":{\"@id\":\"https:\\\/\\\/tiketi.com\\\/#organization\"},\"potentialAction\":[{\"@type\":\"SearchAction\",\"target\":{\"@type\":\"EntryPoint\",\"urlTemplate\":\"https:\\\/\\\/tiketi.com\\\/?s={search_term_string}\"},\"query-input\":{\"@type\":\"PropertyValueSpecification\",\"valueRequired\":true,\"valueName\":\"search_term_string\"}}],\"inLanguage\":\"fr-FR\"},{\"@type\":\"Organization\",\"@id\":\"https:\\\/\\\/tiketi.com\\\/#organization\",\"name\":\"Tiketi.com\",\"alternateName\":\"Tiketi\",\"url\":\"https:\\\/\\\/tiketi.com\\\/\",\"logo\":{\"@type\":\"ImageObject\",\"inLanguage\":\"fr-FR\",\"@id\":\"https:\\\/\\\/tiketi.com\\\/#\\\/schema\\\/logo\\\/image\\\/\",\"url\":\"https:\\\/\\\/tiketi.com\\\/wp-content\\\/uploads\\\/2019\\\/05\\\/tiketi-logo-696.png\",\"contentUrl\":\"https:\\\/\\\/tiketi.com\\\/wp-content\\\/uploads\\\/2019\\\/05\\\/tiketi-logo-696.png\",\"width\":696,\"height\":696,\"caption\":\"Tiketi.com\"},\"image\":{\"@id\":\"https:\\\/\\\/tiketi.com\\\/#\\\/schema\\\/logo\\\/image\\\/\"},\"sameAs\":[\"https:\\\/\\\/www.facebook.com\\\/TiketiCom\\\/\"]}]}<\/script>\n<!-- \/ Yoast SEO plugin. -->","yoast_head_json":{"title":"Vols pas chers Johannesbourg - George","description":"Vous recherchez des vols \u00e0 bas prix au Johannesbourg vers George? Recherchez, comparez et r\u00e9servez un billet d&#039;avion pas cher de Johannesbourg \u00e0 George en ligne","robots":{"index":"index","follow":"follow","max-snippet":"max-snippet:-1","max-image-preview":"max-image-preview:large","max-video-preview":"max-video-preview:-1"},"canonical":"https:\/\/tiketi.com\/fr-fr\/flights-johannesburg-george-jnb-grj\/","og_locale":"fr_FR","og_type":"article","og_title":"Cheap Flights from\u00a0Johannesburg to George","og_description":"Looking for cheap flights from\u00a0Johannesburg to George? Search, compare and book cheap airline ticket from Johannesburg to George online","og_url":"https:\/\/tiketi.com\/fr-fr\/flights-johannesburg-george-jnb-grj\/","og_site_name":"Tiketi.com","article_publisher":"https:\/\/www.facebook.com\/TiketiCom\/","article_modified_time":"2022-02-08T12:48:21+00:00","og_image":[{"width":1200,"height":240,"url":"https:\/\/tiketi.com\/wp-content\/uploads\/2022\/01\/flight-ticket-booking-sorasak-KxCJXXGsv9I-unsplas.jpg","type":"image\/jpeg"}],"twitter_card":"summary_large_image","twitter_misc":{"Dur\u00e9e de lecture estim\u00e9e":"3 minutes"},"schema":{"@context":"https:\/\/schema.org","@graph":[{"@type":"WebPage","@id":"https:\/\/tiketi.com\/flights-johannesburg-george-jnb-grj\/","url":"https:\/\/tiketi.com\/flights-johannesburg-george-jnb-grj\/","name":"Vols pas chers Johannesbourg - George","isPartOf":{"@id":"https:\/\/tiketi.com\/#website"},"primaryImageOfPage":{"@id":"https:\/\/tiketi.com\/flights-johannesburg-george-jnb-grj\/#primaryimage"},"image":{"@id":"https:\/\/tiketi.com\/flights-johannesburg-george-jnb-grj\/#primaryimage"},"thumbnailUrl":"https:\/\/tiketi.com\/wp-content\/uploads\/2022\/01\/flight-ticket-booking-sorasak-KxCJXXGsv9I-unsplas.jpg","datePublished":"2022-01-19T11:55:08+00:00","dateModified":"2022-02-08T12:48:21+00:00","description":"Vous recherchez des vols \u00e0 bas prix au Johannesbourg vers George? Recherchez, comparez et r\u00e9servez un billet d&#039;avion pas cher de Johannesbourg \u00e0 George en ligne","breadcrumb":{"@id":"https:\/\/tiketi.com\/flights-johannesburg-george-jnb-grj\/#breadcrumb"},"inLanguage":"fr-FR","potentialAction":[{"@type":"ReadAction","target":["https:\/\/tiketi.com\/flights-johannesburg-george-jnb-grj\/"]}]},{"@type":"ImageObject","inLanguage":"fr-FR","@id":"https:\/\/tiketi.com\/flights-johannesburg-george-jnb-grj\/#primaryimage","url":"https:\/\/tiketi.com\/wp-content\/uploads\/2022\/01\/flight-ticket-booking-sorasak-KxCJXXGsv9I-unsplas.jpg","contentUrl":"https:\/\/tiketi.com\/wp-content\/uploads\/2022\/01\/flight-ticket-booking-sorasak-KxCJXXGsv9I-unsplas.jpg","width":1200,"height":240,"caption":"Online flight ticket booking"},{"@type":"BreadcrumbList","@id":"https:\/\/tiketi.com\/flights-johannesburg-george-jnb-grj\/#breadcrumb","itemListElement":[{"@type":"ListItem","position":1,"name":"Home","item":"https:\/\/tiketi.com\/"},{"@type":"ListItem","position":2,"name":"Cheap Flights from\u00a0Johannesburg to George"}]},{"@type":"WebSite","@id":"https:\/\/tiketi.com\/#website","url":"https:\/\/tiketi.com\/","name":"Billets d&#039;avion et de bus, forfaits touristiques et activit\u00e9s - Tiketi.com","description":"Billets d&#039;avion et de bus, Tours, Activit\u00e9s","publisher":{"@id":"https:\/\/tiketi.com\/#organization"},"potentialAction":[{"@type":"SearchAction","target":{"@type":"EntryPoint","urlTemplate":"https:\/\/tiketi.com\/?s={search_term_string}"},"query-input":{"@type":"PropertyValueSpecification","valueRequired":true,"valueName":"search_term_string"}}],"inLanguage":"fr-FR"},{"@type":"Organization","@id":"https:\/\/tiketi.com\/#organization","name":"Tiketi.com","alternateName":"Tiketi","url":"https:\/\/tiketi.com\/","logo":{"@type":"ImageObject","inLanguage":"fr-FR","@id":"https:\/\/tiketi.com\/#\/schema\/logo\/image\/","url":"https:\/\/tiketi.com\/wp-content\/uploads\/2019\/05\/tiketi-logo-696.png","contentUrl":"https:\/\/tiketi.com\/wp-content\/uploads\/2019\/05\/tiketi-logo-696.png","width":696,"height":696,"caption":"Tiketi.com"},"image":{"@id":"https:\/\/tiketi.com\/#\/schema\/logo\/image\/"},"sameAs":["https:\/\/www.facebook.com\/TiketiCom\/"]}]}},"_links":{"self":[{"href":"https:\/\/tiketi.com\/fr-fr\/wp-json\/wp\/v2\/pages\/11736","targetHints":{"allow":["GET"]}}],"collection":[{"href":"https:\/\/tiketi.com\/fr-fr\/wp-json\/wp\/v2\/pages"}],"about":[{"href":"https:\/\/tiketi.com\/fr-fr\/wp-json\/wp\/v2\/types\/page"}],"author":[{"embeddable":true,"href":"https:\/\/tiketi.com\/fr-fr\/wp-json\/wp\/v2\/users\/1"}],"replies":[{"embeddable":true,"href":"https:\/\/tiketi.com\/fr-fr\/wp-json\/wp\/v2\/comments?post=11736"}],"version-history":[{"count":0,"href":"https:\/\/tiketi.com\/fr-fr\/wp-json\/wp\/v2\/pages\/11736\/revisions"}],"wp:featuredmedia":[{"embeddable":true,"href":"https:\/\/tiketi.com\/fr-fr\/wp-json\/wp\/v2\/media\/14041"}],"wp:attachment":[{"href":"https:\/\/tiketi.com\/fr-fr\/wp-json\/wp\/v2\/media?parent=11736"}],"curies":[{"name":"wp","href":"https:\/\/api.w.org\/{rel}","templated":true}]}}