{"id":11740,"date":"2022-01-19T12:55:08","date_gmt":"2022-01-19T11:55:08","guid":{"rendered":"https:\/\/new.tiketi.com\/cheap-flights-from-johannesburg-to-abidjan\/"},"modified":"2022-02-08T12:56:38","modified_gmt":"2022-02-08T11:56:38","slug":"flights-johannesburg-abidjan-jnb-abj","status":"publish","type":"page","link":"https:\/\/tiketi.com\/fr-fr\/flights-johannesburg-abidjan-jnb-abj\/","title":{"rendered":"Vols pas chers de Johannesbourg \u00e0 Abidjan"},"content":{"rendered":"<h2>Vous cherchez un billet d&#039;avion pas cher \u00e0 partir de Johannesbourg pour Abidjan ou des offres de derni\u00e8re minute ?<\/h2>\n<h3>Recherchez, comparez et r\u00e9servez d\u00e8s maintenant un billet d&#039;avion pas cher de Johannesbourg (JNB) \u00e0 Abidjan (ABJ).<\/h3>\n<p>R\u00e9servez des vols pas chers de Johannesbourg \u00e0 Abidjan en ligne avec Tiketi.com pour b\u00e9n\u00e9ficier des meilleures offres. Abidjan est la plus grande ville et le principal port du pays de C\u00f4te d&#039;Ivoire situ\u00e9 sur le continent africain. Actuellement, Yamoussoukro est la capitale de la C\u00f4te d&#039;Ivoire, mais Abidjan occupe sa place de centre commercial et bancaire le plus vital du pays. Visitez Abidjan gr\u00e2ce \u00e0 des offres exceptionnelles sur les billets d\u2019avion de Johannesburg \u00e0 Abidjan et volez des vols de Johannesburg \u00e0 Abidjan pas chers.<\/p>\n<h2>Voici quelques-unes des meilleures attractions d\u2019Abidjan<\/h2>\n<h3>Cath\u00e9drale Saint-Paul<\/h3>\n<p>La cath\u00e9drale Saint-Paul est une structure cr\u00e9ative cr\u00e9\u00e9e et con\u00e7ue par l&#039;architecte italien Aldo Spiritom. Cette cath\u00e9drale ne ressemble \u00e0 aucune autre cath\u00e9drale ordinaire, car on ne peut pas vraiment reconna\u00eetre qu&#039;il s&#039;agit d&#039;un lieu religieux de l&#039;ext\u00e9rieur. Mais \u00e0 l&#039;int\u00e9rieur, les tableaux de vitraux rappellent la basilique de Yamoussoukro.<\/p>\n<h3>La Pyramide<\/h3>\n<p>La Pyramide est l&#039;un des b\u00e2timents architecturaux les plus entreprenants d&#039;Abidjan. En forme de pyramide, il est situ\u00e9 en plein centre des affaires de la ville. Aujourd&#039;hui, il abrite une salle de sport et de nombreux autres bureaux.<\/p>\n<h3>Quartier Cocody<\/h3>\n<p>Si vous voulez voir comment vivent les riches d&#039;Abidjan, vous devriez vous rendre dans le quartier de Cocody. Les Abijanaises vivent ici dans des demeures remarquables et co\u00fbteuses avec jardins. L&#039;H\u00f4tel Ivoire et la tour Pr\u00e9sidentielle sont situ\u00e9s dans cette zone m\u00eame.<\/p>\n<h3>Parc Due Banco<\/h3>\n<p>La for\u00eat nationale de Banco se situe au sommet de la ville et couvre une superficie de 7 500 acres de for\u00eat tropicale humide. Aujourd&#039;hui, elle est c\u00e9l\u00e8bre pour le plus grand complexe commercial d&#039;Abidjan.<\/p>\n<h2>FAQ sur les vols pas chers de Johannesbourg \u00e0 Abidjan<\/h2>\n<h3>Quelle est la meilleure p\u00e9riode pour r\u00e9server un billet d&#039;avion de Johannesbourg \u00e0 Abidjan ?<\/h3>\n<p>G\u00e9n\u00e9ralement, le meilleur prix pour r\u00e9server un billet d&#039;avion de Johannesbourg \u00e0 Abidjan est de 2 mois \u00e0 l&#039;avance. Et les jours les moins chers pour voler sont les mercredis, mardis et samedis. Le dimanche est le plus cher.<\/p>\n<h3>Combien y a-t-il de vols directs de Johannesbourg \u00e0 Abidjan ?<\/h3>\n<p>Il y a 1 vol direct de Johannesbourg \u00e0 Abidjan.<\/p>\n<h3>Quelle est la compagnie a\u00e9rienne la plus c\u00e9l\u00e8bre proposant des vols pas chers directs de Johannesbourg \u00e0 Abidjan ?<\/h3>\n<p>South African Airways propose des vols sans escale de Johannesburg \u00e0 Abidjan \u00e0 bas prix.<\/p>\n<h2>Conseils pour les vols de Johannesbourg \u00e0 Abidjan<\/h2>\n<p>\u2022 Johannesbourg est \u00e0 3 062 milles d&#039;Abidjan.<\/p>\n<p>\u2022 Le Cap, Afrique du Sud \u2013 Cape Town Intl est la liaison la plus c\u00e9l\u00e8bre pour les vols \u00e0 escale entre Abidjan et Johannesburg.<\/p>\n<p>\u2022 Le temps de vol le plus rapide pour le vol direct Johannesburg-Abidjan est de huit heures cinq minutes. La dur\u00e9e moyenne de vol est de huit heures cinq minutes.<\/p>\n<p>\u2022 Le vol le plus rapide de Johannesburg \u00e0 Abidjan avec escales dure treize heures et trente minutes.<\/p>\n<p>\u2022 Les premiers vols de la journ\u00e9e partent \u00e0 03h10. Le dernier vol de la journ\u00e9e part \u00e0 13h10.<\/p>","protected":false},"excerpt":{"rendered":"<p>Looking for cheap airline ticket from Johannesburg to Abidjan\u00a0or last minute deals? Search, compare and book cheap airline ticket from Johannesburg (JNB) to Abidjan (ABJ) online now. Book cheap flights from Johannesburg to Abidjan online with Tiketi.com for the best deals. Abidjan is the biggest city and the chief port of the country of Cote [&hellip;]<\/p>\n","protected":false},"author":1,"featured_media":14041,"parent":0,"menu_order":0,"comment_status":"open","ping_status":"closed","template":"template-home-modern.php","meta":{"footnotes":""},"class_list":["post-11740","page","type-page","status-publish","has-post-thumbnail","hentry"],"yoast_head":"<!-- This site is optimized with the Yoast SEO plugin v27.3 - https:\/\/yoast.com\/product\/yoast-seo-wordpress\/ -->\n<title>Cheap Flights from\u00a0Johannesburg to Abidjan<\/title>\n<meta name=\"description\" content=\"Looking for cheap flights from\u00a0Johannesburg to Abidjan? Search, compare and book cheap airline ticket from Johannesburg to Abidjan online\" \/>\n<meta name=\"robots\" content=\"index, follow, max-snippet:-1, max-image-preview:large, max-video-preview:-1\" \/>\n<link rel=\"canonical\" href=\"https:\/\/tiketi.com\/fr-fr\/flights-johannesburg-abidjan-jnb-abj\/\" \/>\n<meta property=\"og:locale\" content=\"fr_FR\" \/>\n<meta property=\"og:type\" content=\"article\" \/>\n<meta property=\"og:title\" content=\"Cheap Flights from\u00a0Johannesburg to Abidjan\" \/>\n<meta property=\"og:description\" content=\"Looking for cheap flights from\u00a0Johannesburg to Abidjan? Search, compare and book cheap airline ticket from Johannesburg to Abidjan online\" \/>\n<meta property=\"og:url\" content=\"https:\/\/tiketi.com\/fr-fr\/flights-johannesburg-abidjan-jnb-abj\/\" \/>\n<meta property=\"og:site_name\" content=\"Tiketi.com\" \/>\n<meta property=\"article:publisher\" content=\"https:\/\/www.facebook.com\/TiketiCom\/\" \/>\n<meta property=\"article:modified_time\" content=\"2022-02-08T11:56:38+00:00\" \/>\n<meta property=\"og:image\" content=\"https:\/\/tiketi.com\/wp-content\/uploads\/2022\/01\/flight-ticket-booking-sorasak-KxCJXXGsv9I-unsplas.jpg\" \/>\n\t<meta property=\"og:image:width\" content=\"1200\" \/>\n\t<meta property=\"og:image:height\" content=\"240\" \/>\n\t<meta property=\"og:image:type\" content=\"image\/jpeg\" \/>\n<meta name=\"twitter:card\" content=\"summary_large_image\" \/>\n<meta name=\"twitter:label1\" content=\"Dur\u00e9e de lecture estim\u00e9e\" \/>\n\t<meta name=\"twitter:data1\" content=\"3 minutes\" \/>\n<script type=\"application\/ld+json\" class=\"yoast-schema-graph\">{\"@context\":\"https:\\\/\\\/schema.org\",\"@graph\":[{\"@type\":\"WebPage\",\"@id\":\"https:\\\/\\\/tiketi.com\\\/flights-johannesburg-abidjan-jnb-abj\\\/\",\"url\":\"https:\\\/\\\/tiketi.com\\\/flights-johannesburg-abidjan-jnb-abj\\\/\",\"name\":\"Cheap Flights from\u00a0Johannesburg to Abidjan\",\"isPartOf\":{\"@id\":\"https:\\\/\\\/tiketi.com\\\/#website\"},\"primaryImageOfPage\":{\"@id\":\"https:\\\/\\\/tiketi.com\\\/flights-johannesburg-abidjan-jnb-abj\\\/#primaryimage\"},\"image\":{\"@id\":\"https:\\\/\\\/tiketi.com\\\/flights-johannesburg-abidjan-jnb-abj\\\/#primaryimage\"},\"thumbnailUrl\":\"https:\\\/\\\/tiketi.com\\\/wp-content\\\/uploads\\\/2022\\\/01\\\/flight-ticket-booking-sorasak-KxCJXXGsv9I-unsplas.jpg\",\"datePublished\":\"2022-01-19T11:55:08+00:00\",\"dateModified\":\"2022-02-08T11:56:38+00:00\",\"description\":\"Looking for cheap flights from\u00a0Johannesburg to Abidjan? Search, compare and book cheap airline ticket from Johannesburg to Abidjan online\",\"breadcrumb\":{\"@id\":\"https:\\\/\\\/tiketi.com\\\/flights-johannesburg-abidjan-jnb-abj\\\/#breadcrumb\"},\"inLanguage\":\"fr-FR\",\"potentialAction\":[{\"@type\":\"ReadAction\",\"target\":[\"https:\\\/\\\/tiketi.com\\\/flights-johannesburg-abidjan-jnb-abj\\\/\"]}]},{\"@type\":\"ImageObject\",\"inLanguage\":\"fr-FR\",\"@id\":\"https:\\\/\\\/tiketi.com\\\/flights-johannesburg-abidjan-jnb-abj\\\/#primaryimage\",\"url\":\"https:\\\/\\\/tiketi.com\\\/wp-content\\\/uploads\\\/2022\\\/01\\\/flight-ticket-booking-sorasak-KxCJXXGsv9I-unsplas.jpg\",\"contentUrl\":\"https:\\\/\\\/tiketi.com\\\/wp-content\\\/uploads\\\/2022\\\/01\\\/flight-ticket-booking-sorasak-KxCJXXGsv9I-unsplas.jpg\",\"width\":1200,\"height\":240,\"caption\":\"Online flight ticket booking\"},{\"@type\":\"BreadcrumbList\",\"@id\":\"https:\\\/\\\/tiketi.com\\\/flights-johannesburg-abidjan-jnb-abj\\\/#breadcrumb\",\"itemListElement\":[{\"@type\":\"ListItem\",\"position\":1,\"name\":\"Home\",\"item\":\"https:\\\/\\\/tiketi.com\\\/\"},{\"@type\":\"ListItem\",\"position\":2,\"name\":\"Cheap Flights from\u00a0Johannesburg to Abidjan\"}]},{\"@type\":\"WebSite\",\"@id\":\"https:\\\/\\\/tiketi.com\\\/#website\",\"url\":\"https:\\\/\\\/tiketi.com\\\/\",\"name\":\"Flight & Bus Tickets, Tour Packages & Activitites - Tiketi.com\",\"description\":\"Flight &amp; Bus Tickets, Tours, Activitites\",\"publisher\":{\"@id\":\"https:\\\/\\\/tiketi.com\\\/#organization\"},\"potentialAction\":[{\"@type\":\"SearchAction\",\"target\":{\"@type\":\"EntryPoint\",\"urlTemplate\":\"https:\\\/\\\/tiketi.com\\\/?s={search_term_string}\"},\"query-input\":{\"@type\":\"PropertyValueSpecification\",\"valueRequired\":true,\"valueName\":\"search_term_string\"}}],\"inLanguage\":\"fr-FR\"},{\"@type\":\"Organization\",\"@id\":\"https:\\\/\\\/tiketi.com\\\/#organization\",\"name\":\"Tiketi.com\",\"alternateName\":\"Tiketi\",\"url\":\"https:\\\/\\\/tiketi.com\\\/\",\"logo\":{\"@type\":\"ImageObject\",\"inLanguage\":\"fr-FR\",\"@id\":\"https:\\\/\\\/tiketi.com\\\/#\\\/schema\\\/logo\\\/image\\\/\",\"url\":\"https:\\\/\\\/tiketi.com\\\/wp-content\\\/uploads\\\/2019\\\/05\\\/tiketi-logo-696.png\",\"contentUrl\":\"https:\\\/\\\/tiketi.com\\\/wp-content\\\/uploads\\\/2019\\\/05\\\/tiketi-logo-696.png\",\"width\":696,\"height\":696,\"caption\":\"Tiketi.com\"},\"image\":{\"@id\":\"https:\\\/\\\/tiketi.com\\\/#\\\/schema\\\/logo\\\/image\\\/\"},\"sameAs\":[\"https:\\\/\\\/www.facebook.com\\\/TiketiCom\\\/\"]}]}<\/script>\n<!-- \/ Yoast SEO plugin. -->","yoast_head_json":{"title":"Vols pas chers de Johannesbourg \u00e0 Abidjan","description":"Vous recherchez des vols \u00e0 bas prix au Johannesbourg vers Abidjan? Recherchez, comparez et r\u00e9servez un billet d&#039;avion pas cher de Johannesbourg \u00e0 Abidjan en ligne","robots":{"index":"index","follow":"follow","max-snippet":"max-snippet:-1","max-image-preview":"max-image-preview:large","max-video-preview":"max-video-preview:-1"},"canonical":"https:\/\/tiketi.com\/fr-fr\/flights-johannesburg-abidjan-jnb-abj\/","og_locale":"fr_FR","og_type":"article","og_title":"Cheap Flights from\u00a0Johannesburg to Abidjan","og_description":"Looking for cheap flights from\u00a0Johannesburg to Abidjan? Search, compare and book cheap airline ticket from Johannesburg to Abidjan online","og_url":"https:\/\/tiketi.com\/fr-fr\/flights-johannesburg-abidjan-jnb-abj\/","og_site_name":"Tiketi.com","article_publisher":"https:\/\/www.facebook.com\/TiketiCom\/","article_modified_time":"2022-02-08T11:56:38+00:00","og_image":[{"width":1200,"height":240,"url":"https:\/\/tiketi.com\/wp-content\/uploads\/2022\/01\/flight-ticket-booking-sorasak-KxCJXXGsv9I-unsplas.jpg","type":"image\/jpeg"}],"twitter_card":"summary_large_image","twitter_misc":{"Dur\u00e9e de lecture estim\u00e9e":"3 minutes"},"schema":{"@context":"https:\/\/schema.org","@graph":[{"@type":"WebPage","@id":"https:\/\/tiketi.com\/flights-johannesburg-abidjan-jnb-abj\/","url":"https:\/\/tiketi.com\/flights-johannesburg-abidjan-jnb-abj\/","name":"Vols pas chers de Johannesbourg \u00e0 Abidjan","isPartOf":{"@id":"https:\/\/tiketi.com\/#website"},"primaryImageOfPage":{"@id":"https:\/\/tiketi.com\/flights-johannesburg-abidjan-jnb-abj\/#primaryimage"},"image":{"@id":"https:\/\/tiketi.com\/flights-johannesburg-abidjan-jnb-abj\/#primaryimage"},"thumbnailUrl":"https:\/\/tiketi.com\/wp-content\/uploads\/2022\/01\/flight-ticket-booking-sorasak-KxCJXXGsv9I-unsplas.jpg","datePublished":"2022-01-19T11:55:08+00:00","dateModified":"2022-02-08T11:56:38+00:00","description":"Vous recherchez des vols \u00e0 bas prix au Johannesbourg vers Abidjan? Recherchez, comparez et r\u00e9servez un billet d&#039;avion pas cher de Johannesbourg \u00e0 Abidjan en ligne","breadcrumb":{"@id":"https:\/\/tiketi.com\/flights-johannesburg-abidjan-jnb-abj\/#breadcrumb"},"inLanguage":"fr-FR","potentialAction":[{"@type":"ReadAction","target":["https:\/\/tiketi.com\/flights-johannesburg-abidjan-jnb-abj\/"]}]},{"@type":"ImageObject","inLanguage":"fr-FR","@id":"https:\/\/tiketi.com\/flights-johannesburg-abidjan-jnb-abj\/#primaryimage","url":"https:\/\/tiketi.com\/wp-content\/uploads\/2022\/01\/flight-ticket-booking-sorasak-KxCJXXGsv9I-unsplas.jpg","contentUrl":"https:\/\/tiketi.com\/wp-content\/uploads\/2022\/01\/flight-ticket-booking-sorasak-KxCJXXGsv9I-unsplas.jpg","width":1200,"height":240,"caption":"Online flight ticket booking"},{"@type":"BreadcrumbList","@id":"https:\/\/tiketi.com\/flights-johannesburg-abidjan-jnb-abj\/#breadcrumb","itemListElement":[{"@type":"ListItem","position":1,"name":"Home","item":"https:\/\/tiketi.com\/"},{"@type":"ListItem","position":2,"name":"Cheap Flights from\u00a0Johannesburg to Abidjan"}]},{"@type":"WebSite","@id":"https:\/\/tiketi.com\/#website","url":"https:\/\/tiketi.com\/","name":"Billets d&#039;avion et de bus, forfaits touristiques et activit\u00e9s - Tiketi.com","description":"Billets d&#039;avion et de bus, Tours, Activit\u00e9s","publisher":{"@id":"https:\/\/tiketi.com\/#organization"},"potentialAction":[{"@type":"SearchAction","target":{"@type":"EntryPoint","urlTemplate":"https:\/\/tiketi.com\/?s={search_term_string}"},"query-input":{"@type":"PropertyValueSpecification","valueRequired":true,"valueName":"search_term_string"}}],"inLanguage":"fr-FR"},{"@type":"Organization","@id":"https:\/\/tiketi.com\/#organization","name":"Tiketi.com","alternateName":"Tiketi","url":"https:\/\/tiketi.com\/","logo":{"@type":"ImageObject","inLanguage":"fr-FR","@id":"https:\/\/tiketi.com\/#\/schema\/logo\/image\/","url":"https:\/\/tiketi.com\/wp-content\/uploads\/2019\/05\/tiketi-logo-696.png","contentUrl":"https:\/\/tiketi.com\/wp-content\/uploads\/2019\/05\/tiketi-logo-696.png","width":696,"height":696,"caption":"Tiketi.com"},"image":{"@id":"https:\/\/tiketi.com\/#\/schema\/logo\/image\/"},"sameAs":["https:\/\/www.facebook.com\/TiketiCom\/"]}]}},"_links":{"self":[{"href":"https:\/\/tiketi.com\/fr-fr\/wp-json\/wp\/v2\/pages\/11740","targetHints":{"allow":["GET"]}}],"collection":[{"href":"https:\/\/tiketi.com\/fr-fr\/wp-json\/wp\/v2\/pages"}],"about":[{"href":"https:\/\/tiketi.com\/fr-fr\/wp-json\/wp\/v2\/types\/page"}],"author":[{"embeddable":true,"href":"https:\/\/tiketi.com\/fr-fr\/wp-json\/wp\/v2\/users\/1"}],"replies":[{"embeddable":true,"href":"https:\/\/tiketi.com\/fr-fr\/wp-json\/wp\/v2\/comments?post=11740"}],"version-history":[{"count":0,"href":"https:\/\/tiketi.com\/fr-fr\/wp-json\/wp\/v2\/pages\/11740\/revisions"}],"wp:featuredmedia":[{"embeddable":true,"href":"https:\/\/tiketi.com\/fr-fr\/wp-json\/wp\/v2\/media\/14041"}],"wp:attachment":[{"href":"https:\/\/tiketi.com\/fr-fr\/wp-json\/wp\/v2\/media?parent=11740"}],"curies":[{"name":"wp","href":"https:\/\/api.w.org\/{rel}","templated":true}]}}