{"id":11741,"date":"2022-01-19T12:55:08","date_gmt":"2022-01-19T11:55:08","guid":{"rendered":"https:\/\/new.tiketi.com\/cheap-flights-from-dubai-to-bahrain\/"},"modified":"2022-02-08T09:25:14","modified_gmt":"2022-02-08T08:25:14","slug":"flights-dubai-bahrain-dxb-bah","status":"publish","type":"page","link":"https:\/\/tiketi.com\/fr-fr\/flights-dubai-bahrain-dxb-bah\/","title":{"rendered":"Vols \u00e0 bas prix de Duba\u00ef \u00e0 Bahre\u00efn"},"content":{"rendered":"<h2>Vous recherchez un billet d&#039;avion pas cher de Duba\u00ef \u00e0 Bahre\u00efn ou des offres de derni\u00e8re minute ?<\/h2>\n<h3>Recherchez, comparez et r\u00e9servez en ligne maintenant un billet d&#039;avion pas cher de Duba\u00ef (DXB) \u00e0 Bahre\u00efn (BAH).<\/h3>\n<p>R\u00e9servez des vols pas chers de Duba\u00ef \u00e0 Bahre\u00efn en ligne avec Tiketi.com pour les meilleures offres. Bahre\u00efn est un pays merveilleux qui attire de nombreux visiteurs visitant le Moyen-Orient. Il comprend plus de trente \u00eeles situ\u00e9es dans le golfe Persique. Bahre\u00efn propose un meilleur m\u00e9lange de culture arabe moderne et de lieux historiques tr\u00e8s anciens qui refl\u00e8te l&#039;\u00e9tonnante civilisation de Bahre\u00efn vieille d&#039;environ 5 000 ans. Comparez les prix et obtenez les meilleurs tarifs sur les billets d&#039;avion de Duba\u00ef \u00e0 Bahre\u00efn et volez de Duba\u00ef \u00e0 Bahre\u00efn pas cher.<\/p>\n<h2>Voici quelques-unes des meilleures attractions<\/h2>\n<h3>Al-Fateh<\/h3>\n<p>Assurez-vous de visiter Al-Fateh, l&#039;une des plus grandes mosqu\u00e9es de la plan\u00e8te. Cette grande mosqu\u00e9e de Bahre\u00efn a \u00e9t\u00e9 construite en 1987. Avec une superficie d&#039;environ 6 500 m\u00b2, elle est assez grande pour occuper plus de 7 000 personnes simultan\u00e9ment. Cette mosqu\u00e9e remarquable est populaire pour avoir le plus grand d\u00f4me en fibre de verre de la plan\u00e8te. Vous pouvez constater que les murs d&#039;Al-Fateh sont artistiquement d\u00e9cor\u00e9s de calligraphie coufique.<\/p>\n<h3>Fort de Bahre\u00efn<\/h3>\n<p>Qal \u00e0 al Bahre\u00efn ou le Fort de Bahre\u00efn est la premi\u00e8re classe en tant que lieu arch\u00e9ologique situ\u00e9 sur la p\u00e9ninsule arabique. Il gagne le statut d&#039;\u00eatre l&#039;un des sites du patrimoine mondial de l&#039;UNESCO en 2005. Il y a longtemps, ce fort \u00e9tait la capitale de la civilisation Dilmun. Ce magnifique fort est connu pour couvrir plus de 1 80 000 pieds carr\u00e9s.<\/p>\n<h3>Mus\u00e9e national de Bahre\u00efn<\/h3>\n<p>Si vous aimez visiter les mus\u00e9es, assurez-vous de visiter le Mus\u00e9e national de Bahre\u00efn. Il est largement connu comme le plus grand mus\u00e9e public de ce pays avec une magnifique superficie d&#039;environ 27 800 m\u00e8tres carr\u00e9s et comprenant quelques b\u00e2timents.<\/p>\n<h2>FAQ sur les vols pas chers de Duba\u00ef \u00e0 Bahre\u00efn<\/h2>\n<h3>Quelle est la distance de Bahre\u00efn \u00e0 Duba\u00ef ?<\/h3>\n<p>La distance des vols entre Bahre\u00efn et Duba\u00ef est de 486 kilom\u00e8tres.<\/p>\n<h3>Quelle est la dur\u00e9e du vol Duba\u00ef Bahre\u00efn ?<\/h3>\n<p>Le temps de vol commun de Duba\u00ef \u00e0 Bahre\u00efn est d&#039;une heure et quinze minutes.<\/p>\n<h3>Quelle est la fr\u00e9quence des vols directs Duba\u00ef-Bahre\u00efn\u00a0?<\/h3>\n<p>Il y a 105 vols direct entre Duba\u00ef et Bahre\u00efn.<\/p>\n<h3>Quelles sont les compagnies a\u00e9riennes les plus c\u00e9l\u00e8bres de Duba\u00ef pour les vols directs de Duba\u00ef vers Bahre\u00efn ?<\/h3>\n<p>Gulf Air assure 46 % des vols sans escale entre Bahre\u00efn et Duba\u00ef.<\/p>\n<h3>Combien de compagnies a\u00e9riennes op\u00e8rent des vols pas chers entre Duba\u00ef et Bahre\u00efn ?<\/h3>\n<p>Cinq compagnies a\u00e9riennes assurent des vols sans escale entre Bahre\u00efn et Duba\u00ef.<\/p>\n<h2>Conseils sur les vols de Duba\u00ef \u00e0 Bahre\u00efn<\/h2>\n<p>\u2022 Duba\u00ef est \u00e0 3030 miles de Bahre\u00efn.<\/p>\n<p>\u2022 Il y a trente-deux vols hebdomadaires de Duba\u00ef \u00e0 Bahre\u00efn.<\/p>\n<p>\u2022 Trente vols sans escale op\u00e8rent entre Duba\u00ef et Bahre\u00efn.<\/p>\n<p>\u2022 Emirates propose le plus de vols sans escale entre Duba\u00ef et Bahre\u00efn.<\/p>\n<p>\u2022 Mascate, Oman \u2013 Seeb est la liaison la plus c\u00e9l\u00e8bre pour les vols \u00e0 escale entre Bahre\u00efn et Duba\u00ef.<\/p>\n<p>\u2022 Le temps de vol commun pour un vol direct de Duba\u00ef \u00e0 Bahre\u00efn est d&#039;une heure quinze minutes.<\/p>","protected":false},"excerpt":{"rendered":"<p>Looking for cheap airline ticket from Dubai to Bahrain&nbsp;or last minute deals? Search, compare and book cheap airline ticket from Dubai (DXB) to Bahrain (BAH) online now. Book cheap flights from Dubai to Bahrain online with Tiketi.com for the best deals. Bahrain is wonderful country that attracts many visitors visiting the Middle East. It comprises [&hellip;]<\/p>\n","protected":false},"author":1,"featured_media":14041,"parent":0,"menu_order":0,"comment_status":"open","ping_status":"closed","template":"template-home-modern.php","meta":{"footnotes":""},"class_list":["post-11741","page","type-page","status-publish","has-post-thumbnail","hentry"],"yoast_head":"<!-- This site is optimized with the Yoast SEO plugin v27.4 - https:\/\/yoast.com\/product\/yoast-seo-wordpress\/ -->\n<title>Cheap Flights from\u00a0Dubai to Bahrain<\/title>\n<meta name=\"description\" content=\"Looking for cheap flights from\u00a0Dubai to Bahrain? Search, compare and book cheap airline ticket from Dubai to Bahrain online\" \/>\n<meta name=\"robots\" content=\"index, follow, max-snippet:-1, max-image-preview:large, max-video-preview:-1\" \/>\n<link rel=\"canonical\" href=\"https:\/\/tiketi.com\/fr-fr\/flights-dubai-bahrain-dxb-bah\/\" \/>\n<meta property=\"og:locale\" content=\"fr_FR\" \/>\n<meta property=\"og:type\" content=\"article\" \/>\n<meta property=\"og:title\" content=\"Cheap Flights from\u00a0Dubai to Bahrain\" \/>\n<meta property=\"og:description\" content=\"Looking for cheap flights from\u00a0Dubai to Bahrain? Search, compare and book cheap airline ticket from Dubai to Bahrain online\" \/>\n<meta property=\"og:url\" content=\"https:\/\/tiketi.com\/fr-fr\/flights-dubai-bahrain-dxb-bah\/\" \/>\n<meta property=\"og:site_name\" content=\"Tiketi.com\" \/>\n<meta property=\"article:publisher\" content=\"https:\/\/www.facebook.com\/TiketiCom\/\" \/>\n<meta property=\"article:modified_time\" content=\"2022-02-08T08:25:14+00:00\" \/>\n<meta property=\"og:image\" content=\"https:\/\/tiketi.com\/wp-content\/uploads\/2022\/01\/flight-ticket-booking-sorasak-KxCJXXGsv9I-unsplas.jpg\" \/>\n\t<meta property=\"og:image:width\" content=\"1200\" \/>\n\t<meta property=\"og:image:height\" content=\"240\" \/>\n\t<meta property=\"og:image:type\" content=\"image\/jpeg\" \/>\n<meta name=\"twitter:card\" content=\"summary_large_image\" \/>\n<meta name=\"twitter:label1\" content=\"Dur\u00e9e de lecture estim\u00e9e\" \/>\n\t<meta name=\"twitter:data1\" content=\"3 minutes\" \/>\n<script type=\"application\/ld+json\" class=\"yoast-schema-graph\">{\"@context\":\"https:\\\/\\\/schema.org\",\"@graph\":[{\"@type\":\"WebPage\",\"@id\":\"https:\\\/\\\/tiketi.com\\\/flights-dubai-bahrain-dxb-bah\\\/\",\"url\":\"https:\\\/\\\/tiketi.com\\\/flights-dubai-bahrain-dxb-bah\\\/\",\"name\":\"Cheap Flights from\u00a0Dubai to Bahrain\",\"isPartOf\":{\"@id\":\"https:\\\/\\\/tiketi.com\\\/#website\"},\"primaryImageOfPage\":{\"@id\":\"https:\\\/\\\/tiketi.com\\\/flights-dubai-bahrain-dxb-bah\\\/#primaryimage\"},\"image\":{\"@id\":\"https:\\\/\\\/tiketi.com\\\/flights-dubai-bahrain-dxb-bah\\\/#primaryimage\"},\"thumbnailUrl\":\"https:\\\/\\\/tiketi.com\\\/wp-content\\\/uploads\\\/2022\\\/01\\\/flight-ticket-booking-sorasak-KxCJXXGsv9I-unsplas.jpg\",\"datePublished\":\"2022-01-19T11:55:08+00:00\",\"dateModified\":\"2022-02-08T08:25:14+00:00\",\"description\":\"Looking for cheap flights from\u00a0Dubai to Bahrain? Search, compare and book cheap airline ticket from Dubai to Bahrain online\",\"breadcrumb\":{\"@id\":\"https:\\\/\\\/tiketi.com\\\/flights-dubai-bahrain-dxb-bah\\\/#breadcrumb\"},\"inLanguage\":\"fr-FR\",\"potentialAction\":[{\"@type\":\"ReadAction\",\"target\":[\"https:\\\/\\\/tiketi.com\\\/flights-dubai-bahrain-dxb-bah\\\/\"]}]},{\"@type\":\"ImageObject\",\"inLanguage\":\"fr-FR\",\"@id\":\"https:\\\/\\\/tiketi.com\\\/flights-dubai-bahrain-dxb-bah\\\/#primaryimage\",\"url\":\"https:\\\/\\\/tiketi.com\\\/wp-content\\\/uploads\\\/2022\\\/01\\\/flight-ticket-booking-sorasak-KxCJXXGsv9I-unsplas.jpg\",\"contentUrl\":\"https:\\\/\\\/tiketi.com\\\/wp-content\\\/uploads\\\/2022\\\/01\\\/flight-ticket-booking-sorasak-KxCJXXGsv9I-unsplas.jpg\",\"width\":1200,\"height\":240,\"caption\":\"Online flight ticket booking\"},{\"@type\":\"BreadcrumbList\",\"@id\":\"https:\\\/\\\/tiketi.com\\\/flights-dubai-bahrain-dxb-bah\\\/#breadcrumb\",\"itemListElement\":[{\"@type\":\"ListItem\",\"position\":1,\"name\":\"Home\",\"item\":\"https:\\\/\\\/tiketi.com\\\/\"},{\"@type\":\"ListItem\",\"position\":2,\"name\":\"Cheap Flights from\u00a0Dubai to Bahrain\"}]},{\"@type\":\"WebSite\",\"@id\":\"https:\\\/\\\/tiketi.com\\\/#website\",\"url\":\"https:\\\/\\\/tiketi.com\\\/\",\"name\":\"Flight & Bus Tickets, Tour Packages & Activitites - Tiketi.com\",\"description\":\"Flight &amp; Bus Tickets, Tours, Activitites\",\"publisher\":{\"@id\":\"https:\\\/\\\/tiketi.com\\\/#organization\"},\"potentialAction\":[{\"@type\":\"SearchAction\",\"target\":{\"@type\":\"EntryPoint\",\"urlTemplate\":\"https:\\\/\\\/tiketi.com\\\/?s={search_term_string}\"},\"query-input\":{\"@type\":\"PropertyValueSpecification\",\"valueRequired\":true,\"valueName\":\"search_term_string\"}}],\"inLanguage\":\"fr-FR\"},{\"@type\":\"Organization\",\"@id\":\"https:\\\/\\\/tiketi.com\\\/#organization\",\"name\":\"Tiketi.com\",\"alternateName\":\"Tiketi\",\"url\":\"https:\\\/\\\/tiketi.com\\\/\",\"logo\":{\"@type\":\"ImageObject\",\"inLanguage\":\"fr-FR\",\"@id\":\"https:\\\/\\\/tiketi.com\\\/#\\\/schema\\\/logo\\\/image\\\/\",\"url\":\"https:\\\/\\\/tiketi.com\\\/wp-content\\\/uploads\\\/2019\\\/05\\\/tiketi-logo-696.png\",\"contentUrl\":\"https:\\\/\\\/tiketi.com\\\/wp-content\\\/uploads\\\/2019\\\/05\\\/tiketi-logo-696.png\",\"width\":696,\"height\":696,\"caption\":\"Tiketi.com\"},\"image\":{\"@id\":\"https:\\\/\\\/tiketi.com\\\/#\\\/schema\\\/logo\\\/image\\\/\"},\"sameAs\":[\"https:\\\/\\\/www.facebook.com\\\/TiketiCom\\\/\"]}]}<\/script>\n<!-- \/ Yoast SEO plugin. -->","yoast_head_json":{"title":"Vols \u00e0 bas prix de Duba\u00ef \u00e0 Bahre\u00efn","description":"Vous recherchez des vols \u00e0 bas prix de Duba\u00ef vers Bahre\u00efn ? Recherchez, comparez et r\u00e9servez en ligne un billet d&#039;avion pas cher de Duba\u00ef \u00e0 Bahre\u00efn","robots":{"index":"index","follow":"follow","max-snippet":"max-snippet:-1","max-image-preview":"max-image-preview:large","max-video-preview":"max-video-preview:-1"},"canonical":"https:\/\/tiketi.com\/fr-fr\/flights-dubai-bahrain-dxb-bah\/","og_locale":"fr_FR","og_type":"article","og_title":"Cheap Flights from\u00a0Dubai to Bahrain","og_description":"Looking for cheap flights from\u00a0Dubai to Bahrain? Search, compare and book cheap airline ticket from Dubai to Bahrain online","og_url":"https:\/\/tiketi.com\/fr-fr\/flights-dubai-bahrain-dxb-bah\/","og_site_name":"Tiketi.com","article_publisher":"https:\/\/www.facebook.com\/TiketiCom\/","article_modified_time":"2022-02-08T08:25:14+00:00","og_image":[{"width":1200,"height":240,"url":"https:\/\/tiketi.com\/wp-content\/uploads\/2022\/01\/flight-ticket-booking-sorasak-KxCJXXGsv9I-unsplas.jpg","type":"image\/jpeg"}],"twitter_card":"summary_large_image","twitter_misc":{"Dur\u00e9e de lecture estim\u00e9e":"3 minutes"},"schema":{"@context":"https:\/\/schema.org","@graph":[{"@type":"WebPage","@id":"https:\/\/tiketi.com\/flights-dubai-bahrain-dxb-bah\/","url":"https:\/\/tiketi.com\/flights-dubai-bahrain-dxb-bah\/","name":"Vols \u00e0 bas prix de Duba\u00ef \u00e0 Bahre\u00efn","isPartOf":{"@id":"https:\/\/tiketi.com\/#website"},"primaryImageOfPage":{"@id":"https:\/\/tiketi.com\/flights-dubai-bahrain-dxb-bah\/#primaryimage"},"image":{"@id":"https:\/\/tiketi.com\/flights-dubai-bahrain-dxb-bah\/#primaryimage"},"thumbnailUrl":"https:\/\/tiketi.com\/wp-content\/uploads\/2022\/01\/flight-ticket-booking-sorasak-KxCJXXGsv9I-unsplas.jpg","datePublished":"2022-01-19T11:55:08+00:00","dateModified":"2022-02-08T08:25:14+00:00","description":"Vous recherchez des vols \u00e0 bas prix de Duba\u00ef vers Bahre\u00efn ? Recherchez, comparez et r\u00e9servez en ligne un billet d&#039;avion pas cher de Duba\u00ef \u00e0 Bahre\u00efn","breadcrumb":{"@id":"https:\/\/tiketi.com\/flights-dubai-bahrain-dxb-bah\/#breadcrumb"},"inLanguage":"fr-FR","potentialAction":[{"@type":"ReadAction","target":["https:\/\/tiketi.com\/flights-dubai-bahrain-dxb-bah\/"]}]},{"@type":"ImageObject","inLanguage":"fr-FR","@id":"https:\/\/tiketi.com\/flights-dubai-bahrain-dxb-bah\/#primaryimage","url":"https:\/\/tiketi.com\/wp-content\/uploads\/2022\/01\/flight-ticket-booking-sorasak-KxCJXXGsv9I-unsplas.jpg","contentUrl":"https:\/\/tiketi.com\/wp-content\/uploads\/2022\/01\/flight-ticket-booking-sorasak-KxCJXXGsv9I-unsplas.jpg","width":1200,"height":240,"caption":"Online flight ticket booking"},{"@type":"BreadcrumbList","@id":"https:\/\/tiketi.com\/flights-dubai-bahrain-dxb-bah\/#breadcrumb","itemListElement":[{"@type":"ListItem","position":1,"name":"Home","item":"https:\/\/tiketi.com\/"},{"@type":"ListItem","position":2,"name":"Cheap Flights from\u00a0Dubai to Bahrain"}]},{"@type":"WebSite","@id":"https:\/\/tiketi.com\/#website","url":"https:\/\/tiketi.com\/","name":"Billets d&#039;avion et de bus, forfaits touristiques et activit\u00e9s - Tiketi.com","description":"Billets d&#039;avion et de bus, Tours, Activit\u00e9s","publisher":{"@id":"https:\/\/tiketi.com\/#organization"},"potentialAction":[{"@type":"SearchAction","target":{"@type":"EntryPoint","urlTemplate":"https:\/\/tiketi.com\/?s={search_term_string}"},"query-input":{"@type":"PropertyValueSpecification","valueRequired":true,"valueName":"search_term_string"}}],"inLanguage":"fr-FR"},{"@type":"Organization","@id":"https:\/\/tiketi.com\/#organization","name":"Tiketi.com","alternateName":"Tiketi","url":"https:\/\/tiketi.com\/","logo":{"@type":"ImageObject","inLanguage":"fr-FR","@id":"https:\/\/tiketi.com\/#\/schema\/logo\/image\/","url":"https:\/\/tiketi.com\/wp-content\/uploads\/2019\/05\/tiketi-logo-696.png","contentUrl":"https:\/\/tiketi.com\/wp-content\/uploads\/2019\/05\/tiketi-logo-696.png","width":696,"height":696,"caption":"Tiketi.com"},"image":{"@id":"https:\/\/tiketi.com\/#\/schema\/logo\/image\/"},"sameAs":["https:\/\/www.facebook.com\/TiketiCom\/"]}]}},"_links":{"self":[{"href":"https:\/\/tiketi.com\/fr-fr\/wp-json\/wp\/v2\/pages\/11741","targetHints":{"allow":["GET"]}}],"collection":[{"href":"https:\/\/tiketi.com\/fr-fr\/wp-json\/wp\/v2\/pages"}],"about":[{"href":"https:\/\/tiketi.com\/fr-fr\/wp-json\/wp\/v2\/types\/page"}],"author":[{"embeddable":true,"href":"https:\/\/tiketi.com\/fr-fr\/wp-json\/wp\/v2\/users\/1"}],"replies":[{"embeddable":true,"href":"https:\/\/tiketi.com\/fr-fr\/wp-json\/wp\/v2\/comments?post=11741"}],"version-history":[{"count":0,"href":"https:\/\/tiketi.com\/fr-fr\/wp-json\/wp\/v2\/pages\/11741\/revisions"}],"wp:featuredmedia":[{"embeddable":true,"href":"https:\/\/tiketi.com\/fr-fr\/wp-json\/wp\/v2\/media\/14041"}],"wp:attachment":[{"href":"https:\/\/tiketi.com\/fr-fr\/wp-json\/wp\/v2\/media?parent=11741"}],"curies":[{"name":"wp","href":"https:\/\/api.w.org\/{rel}","templated":true}]}}