{"id":11742,"date":"2022-01-19T12:55:08","date_gmt":"2022-01-19T11:55:08","guid":{"rendered":"https:\/\/new.tiketi.com\/cheap-flights-from-cape-town-to-mauritius\/"},"modified":"2022-02-07T15:19:10","modified_gmt":"2022-02-07T14:19:10","slug":"flights-cape-town-mauritius-cpt-mru","status":"publish","type":"page","link":"https:\/\/tiketi.com\/fr-fr\/flights-cape-town-mauritius-cpt-mru\/","title":{"rendered":"Vols \u00e0 bas prix de Le Cap \u00e0 \u00cele Maurice"},"content":{"rendered":"<h2>Vous recherchez un billet d&#039;avion pas cher Le Cap vers Londres ou des offres de derni\u00e8re minute ?<\/h2>\n<h3>Recherchez, comparez et r\u00e9servez en ligne maintenant un billet d&#039;avion pas cher entre Le Cap (CPT) et Maurice (MRU).<\/h3>\n<p>R\u00e9servez en ligne des vols pas chers de Le Cap \u00e0 Maurice et \u00e9conomisez du temps et de l&#039;argent. Recherchez, comparez et r\u00e9servez des vols pas chers de Maurice \u00e0 Le Cap. De l&#039;autre c\u00f4t\u00e9 des vastes eaux de l&#039;oc\u00e9an Indien, on trouvera la petite \u00eele Maurice. Avec une population de 1,2 million d&#039;habitants et une superficie de seulement 1860 km2, il ne faut qu&#039;une heure et trente minutes pour voyager du nord au sud. Alors r\u00e9servez en ligne d\u00e8s maintenant des offres exceptionnelles sur les billets d&#039;avion de Le Cap \u00e0 Londres et volez \u00e0 bas prix avec des vols de Le Cap \u00e0 Maurice.<\/p>\n<h2>FAQ sur les vols pas chers de Le Cap \u00e0 \u00cele Maurice<\/h2>\n<h3>Quelle est la distance entre Maurice et Le Cap ?<\/h3>\n<p>La distance des vols Maurice depuis Cape Town est de 4115 kilom\u00e8tres.<\/p>\n<h3>Quelle est la dur\u00e9e des vols pas chers de Le Cap \u00e0 \u00cele Maurice ?<\/h3>\n<p>Le temps de vol commun entre Cape Town et Maurice est de cinq heures et cinq minutes.<\/p>\n<h3>Quelle est la fr\u00e9quence des vols directs entre Le Cap et Maurice\u00a0?<\/h3>\n<p>Il y a deux vols directs entre Cape Town et Maurice.<\/p>\n<h3>Quelles sont les compagnies a\u00e9riennes les plus c\u00e9l\u00e8bres du Cap pour les vols directs du Cap vers Maurice ?<\/h3>\n<p>Air Mauritius assure cent pour cent des vols sans escale entre Maurice et Le Cap.<\/p>\n<h3>Combien de compagnies a\u00e9riennes op\u00e8rent des vols directs entre Le Cap et \u00cele Maurice ?<\/h3>\n<p>Une compagnie a\u00e9rienne op\u00e8re des vols directs entre Le Cap et Maurice.<\/p>\n<h3>Combien de vols op\u00e8rent Le Cap vers Maurice en moyenne par semaine\u00a0?<\/h3>\n<p>Il y a deux vols par semaine entre Le Cap et Maurice.<\/p>\n<h3>Quel est le meilleur moment pour r\u00e9server un billet d&#039;avion pas cher de Le Cap \u00e0 Londres ?<\/h3>\n<p>G\u00e9n\u00e9ralement, la p\u00e9riode de r\u00e9servation du billet d&#039;avion le moins cher de Le Cap \u00e0 Londres est de 2 mois \u00e0 l&#039;avance. Et les jours les moins chers pour voler sont le mercredi, le mardi et le samedi. Le dimanche est le plus cher.<\/p>\n<h2>Cape Town \u00e0 Maurice Conseils<\/h2>\n<h3>Voici quelques-unes des meilleures attractions de l&#039;\u00eele Maurice :<\/h3>\n<h3>Ruines de Balaclava \u00e0 Turtle Bay<\/h3>\n<p>Le secret derri\u00e8re les ruines de Balaclava attire chaque jour la foule vers l&#039;endroit et c&#039;est l&#039;un des plus beaux monuments de l&#039;\u00eele Maurice.<br \/>\nPr\u00e9sentant les souvenirs \u00e9ternels d&#039;une p\u00e9riode coloniale dure et difficile, Balaclava \u00e9tait le plus grand fort qui a emp\u00each\u00e9 les attaques contre les plantations de sucre. Il est plac\u00e9 tr\u00e8s pr\u00e8s de la Baie aux Tortunes qui devient populaire apr\u00e8s la d\u00e9couverte des tortues g\u00e9antes ici.<\/p>\n<h3>Maison Eureka dans le quartier de Moka<\/h3>\n<p>Situ\u00e9e au bord de la rivi\u00e8re Moka, cette maison cr\u00e9ole a \u00e9t\u00e9 construite l&#039;ann\u00e9e 1830 mais le charme de cette belle maison n&#039;en est pas moins diminu\u00e9. 109 fen\u00eatres et portes font para\u00eetre la maison grande et c&#039;est la plus grande maison de l&#039;\u00eele.<\/p>\n<h3>Domaine les Pailles<\/h3>\n<p>Damaine les Pailles est connue pour \u00eatre l&#039;une des plus anciennes montagnes de l&#039;\u00eele Maurice. Il a \u00e9t\u00e9 transform\u00e9 en un meilleur centre du patrimoine et de la culture. Le domaine de 17 ans est existant entre les 2 grandes villes de l&#039;\u00eele nomm\u00e9es Port Louis et Quatre Bornes.<\/p>","protected":false},"excerpt":{"rendered":"<p>Looking for cheap airline ticket from Cape Town to London\u00a0or last minute deals? Search, compare and book cheap airline ticket from Cape Town (CPT) to Mauritius (MRU) online now. Book cheap flights from Cape Town to Mauritius online and save time and money. Search, compare and book cheap flights from Mauritius to Cape Town. Across [&hellip;]<\/p>\n","protected":false},"author":1,"featured_media":14041,"parent":0,"menu_order":0,"comment_status":"open","ping_status":"closed","template":"template-home-modern.php","meta":{"footnotes":""},"class_list":["post-11742","page","type-page","status-publish","has-post-thumbnail","hentry"],"yoast_head":"<!-- This site is optimized with the Yoast SEO plugin v27.3 - https:\/\/yoast.com\/product\/yoast-seo-wordpress\/ -->\n<title>Cheap Flights from\u00a0Cape Town to Mauritius<\/title>\n<meta name=\"description\" content=\"Looking for cheap flights from\u00a0Cape Town to Kimberley? Search, compare and book cheap airline ticket from Cape Town to Kimberley online\" \/>\n<meta name=\"robots\" content=\"index, follow, max-snippet:-1, max-image-preview:large, max-video-preview:-1\" \/>\n<link rel=\"canonical\" href=\"https:\/\/tiketi.com\/fr-fr\/flights-cape-town-mauritius-cpt-mru\/\" \/>\n<meta property=\"og:locale\" content=\"fr_FR\" \/>\n<meta property=\"og:type\" content=\"article\" \/>\n<meta property=\"og:title\" content=\"Cheap Flights from\u00a0Cape Town to Mauritius\" \/>\n<meta property=\"og:description\" content=\"Looking for cheap flights from\u00a0Cape Town to Kimberley? Search, compare and book cheap airline ticket from Cape Town to Kimberley online\" \/>\n<meta property=\"og:url\" content=\"https:\/\/tiketi.com\/fr-fr\/flights-cape-town-mauritius-cpt-mru\/\" \/>\n<meta property=\"og:site_name\" content=\"Tiketi.com\" \/>\n<meta property=\"article:publisher\" content=\"https:\/\/www.facebook.com\/TiketiCom\/\" \/>\n<meta property=\"article:modified_time\" content=\"2022-02-07T14:19:10+00:00\" \/>\n<meta property=\"og:image\" content=\"https:\/\/tiketi.com\/wp-content\/uploads\/2022\/01\/flight-ticket-booking-sorasak-KxCJXXGsv9I-unsplas.jpg\" \/>\n\t<meta property=\"og:image:width\" content=\"1200\" \/>\n\t<meta property=\"og:image:height\" content=\"240\" \/>\n\t<meta property=\"og:image:type\" content=\"image\/jpeg\" \/>\n<meta name=\"twitter:card\" content=\"summary_large_image\" \/>\n<meta name=\"twitter:label1\" content=\"Dur\u00e9e de lecture estim\u00e9e\" \/>\n\t<meta name=\"twitter:data1\" content=\"3 minutes\" \/>\n<script type=\"application\/ld+json\" class=\"yoast-schema-graph\">{\"@context\":\"https:\\\/\\\/schema.org\",\"@graph\":[{\"@type\":\"WebPage\",\"@id\":\"https:\\\/\\\/tiketi.com\\\/flights-cape-town-mauritius-cpt-mru\\\/\",\"url\":\"https:\\\/\\\/tiketi.com\\\/flights-cape-town-mauritius-cpt-mru\\\/\",\"name\":\"Cheap Flights from\u00a0Cape Town to Mauritius\",\"isPartOf\":{\"@id\":\"https:\\\/\\\/tiketi.com\\\/#website\"},\"primaryImageOfPage\":{\"@id\":\"https:\\\/\\\/tiketi.com\\\/flights-cape-town-mauritius-cpt-mru\\\/#primaryimage\"},\"image\":{\"@id\":\"https:\\\/\\\/tiketi.com\\\/flights-cape-town-mauritius-cpt-mru\\\/#primaryimage\"},\"thumbnailUrl\":\"https:\\\/\\\/tiketi.com\\\/wp-content\\\/uploads\\\/2022\\\/01\\\/flight-ticket-booking-sorasak-KxCJXXGsv9I-unsplas.jpg\",\"datePublished\":\"2022-01-19T11:55:08+00:00\",\"dateModified\":\"2022-02-07T14:19:10+00:00\",\"description\":\"Looking for cheap flights from\u00a0Cape Town to Kimberley? Search, compare and book cheap airline ticket from Cape Town to Kimberley online\",\"breadcrumb\":{\"@id\":\"https:\\\/\\\/tiketi.com\\\/flights-cape-town-mauritius-cpt-mru\\\/#breadcrumb\"},\"inLanguage\":\"fr-FR\",\"potentialAction\":[{\"@type\":\"ReadAction\",\"target\":[\"https:\\\/\\\/tiketi.com\\\/flights-cape-town-mauritius-cpt-mru\\\/\"]}]},{\"@type\":\"ImageObject\",\"inLanguage\":\"fr-FR\",\"@id\":\"https:\\\/\\\/tiketi.com\\\/flights-cape-town-mauritius-cpt-mru\\\/#primaryimage\",\"url\":\"https:\\\/\\\/tiketi.com\\\/wp-content\\\/uploads\\\/2022\\\/01\\\/flight-ticket-booking-sorasak-KxCJXXGsv9I-unsplas.jpg\",\"contentUrl\":\"https:\\\/\\\/tiketi.com\\\/wp-content\\\/uploads\\\/2022\\\/01\\\/flight-ticket-booking-sorasak-KxCJXXGsv9I-unsplas.jpg\",\"width\":1200,\"height\":240,\"caption\":\"Online flight ticket booking\"},{\"@type\":\"BreadcrumbList\",\"@id\":\"https:\\\/\\\/tiketi.com\\\/flights-cape-town-mauritius-cpt-mru\\\/#breadcrumb\",\"itemListElement\":[{\"@type\":\"ListItem\",\"position\":1,\"name\":\"Home\",\"item\":\"https:\\\/\\\/tiketi.com\\\/\"},{\"@type\":\"ListItem\",\"position\":2,\"name\":\"Cheap Flights from\u00a0Cape Town to Mauritius\"}]},{\"@type\":\"WebSite\",\"@id\":\"https:\\\/\\\/tiketi.com\\\/#website\",\"url\":\"https:\\\/\\\/tiketi.com\\\/\",\"name\":\"Flight & Bus Tickets, Tour Packages & Activitites - Tiketi.com\",\"description\":\"Flight &amp; Bus Tickets, Tours, Activitites\",\"publisher\":{\"@id\":\"https:\\\/\\\/tiketi.com\\\/#organization\"},\"potentialAction\":[{\"@type\":\"SearchAction\",\"target\":{\"@type\":\"EntryPoint\",\"urlTemplate\":\"https:\\\/\\\/tiketi.com\\\/?s={search_term_string}\"},\"query-input\":{\"@type\":\"PropertyValueSpecification\",\"valueRequired\":true,\"valueName\":\"search_term_string\"}}],\"inLanguage\":\"fr-FR\"},{\"@type\":\"Organization\",\"@id\":\"https:\\\/\\\/tiketi.com\\\/#organization\",\"name\":\"Tiketi.com\",\"alternateName\":\"Tiketi\",\"url\":\"https:\\\/\\\/tiketi.com\\\/\",\"logo\":{\"@type\":\"ImageObject\",\"inLanguage\":\"fr-FR\",\"@id\":\"https:\\\/\\\/tiketi.com\\\/#\\\/schema\\\/logo\\\/image\\\/\",\"url\":\"https:\\\/\\\/tiketi.com\\\/wp-content\\\/uploads\\\/2019\\\/05\\\/tiketi-logo-696.png\",\"contentUrl\":\"https:\\\/\\\/tiketi.com\\\/wp-content\\\/uploads\\\/2019\\\/05\\\/tiketi-logo-696.png\",\"width\":696,\"height\":696,\"caption\":\"Tiketi.com\"},\"image\":{\"@id\":\"https:\\\/\\\/tiketi.com\\\/#\\\/schema\\\/logo\\\/image\\\/\"},\"sameAs\":[\"https:\\\/\\\/www.facebook.com\\\/TiketiCom\\\/\"]}]}<\/script>\n<!-- \/ Yoast SEO plugin. -->","yoast_head_json":{"title":"Vols \u00e0 bas prix de Le Cap \u00e0 \u00cele Maurice","description":"Vous recherchez des vols \u00e0 bas prix de Le Cap vers Kimberley ? Recherchez, comparez et r\u00e9servez en ligne un billet d&#039;avion pas cher de Le Cap \u00e0 Kimberley","robots":{"index":"index","follow":"follow","max-snippet":"max-snippet:-1","max-image-preview":"max-image-preview:large","max-video-preview":"max-video-preview:-1"},"canonical":"https:\/\/tiketi.com\/fr-fr\/flights-cape-town-mauritius-cpt-mru\/","og_locale":"fr_FR","og_type":"article","og_title":"Cheap Flights from\u00a0Cape Town to Mauritius","og_description":"Looking for cheap flights from\u00a0Cape Town to Kimberley? Search, compare and book cheap airline ticket from Cape Town to Kimberley online","og_url":"https:\/\/tiketi.com\/fr-fr\/flights-cape-town-mauritius-cpt-mru\/","og_site_name":"Tiketi.com","article_publisher":"https:\/\/www.facebook.com\/TiketiCom\/","article_modified_time":"2022-02-07T14:19:10+00:00","og_image":[{"width":1200,"height":240,"url":"https:\/\/tiketi.com\/wp-content\/uploads\/2022\/01\/flight-ticket-booking-sorasak-KxCJXXGsv9I-unsplas.jpg","type":"image\/jpeg"}],"twitter_card":"summary_large_image","twitter_misc":{"Dur\u00e9e de lecture estim\u00e9e":"3 minutes"},"schema":{"@context":"https:\/\/schema.org","@graph":[{"@type":"WebPage","@id":"https:\/\/tiketi.com\/flights-cape-town-mauritius-cpt-mru\/","url":"https:\/\/tiketi.com\/flights-cape-town-mauritius-cpt-mru\/","name":"Vols \u00e0 bas prix de Le Cap \u00e0 \u00cele Maurice","isPartOf":{"@id":"https:\/\/tiketi.com\/#website"},"primaryImageOfPage":{"@id":"https:\/\/tiketi.com\/flights-cape-town-mauritius-cpt-mru\/#primaryimage"},"image":{"@id":"https:\/\/tiketi.com\/flights-cape-town-mauritius-cpt-mru\/#primaryimage"},"thumbnailUrl":"https:\/\/tiketi.com\/wp-content\/uploads\/2022\/01\/flight-ticket-booking-sorasak-KxCJXXGsv9I-unsplas.jpg","datePublished":"2022-01-19T11:55:08+00:00","dateModified":"2022-02-07T14:19:10+00:00","description":"Vous recherchez des vols \u00e0 bas prix de Le Cap vers Kimberley ? Recherchez, comparez et r\u00e9servez en ligne un billet d&#039;avion pas cher de Le Cap \u00e0 Kimberley","breadcrumb":{"@id":"https:\/\/tiketi.com\/flights-cape-town-mauritius-cpt-mru\/#breadcrumb"},"inLanguage":"fr-FR","potentialAction":[{"@type":"ReadAction","target":["https:\/\/tiketi.com\/flights-cape-town-mauritius-cpt-mru\/"]}]},{"@type":"ImageObject","inLanguage":"fr-FR","@id":"https:\/\/tiketi.com\/flights-cape-town-mauritius-cpt-mru\/#primaryimage","url":"https:\/\/tiketi.com\/wp-content\/uploads\/2022\/01\/flight-ticket-booking-sorasak-KxCJXXGsv9I-unsplas.jpg","contentUrl":"https:\/\/tiketi.com\/wp-content\/uploads\/2022\/01\/flight-ticket-booking-sorasak-KxCJXXGsv9I-unsplas.jpg","width":1200,"height":240,"caption":"Online flight ticket booking"},{"@type":"BreadcrumbList","@id":"https:\/\/tiketi.com\/flights-cape-town-mauritius-cpt-mru\/#breadcrumb","itemListElement":[{"@type":"ListItem","position":1,"name":"Home","item":"https:\/\/tiketi.com\/"},{"@type":"ListItem","position":2,"name":"Cheap Flights from\u00a0Cape Town to Mauritius"}]},{"@type":"WebSite","@id":"https:\/\/tiketi.com\/#website","url":"https:\/\/tiketi.com\/","name":"Billets d&#039;avion et de bus, forfaits touristiques et activit\u00e9s - Tiketi.com","description":"Billets d&#039;avion et de bus, Tours, Activit\u00e9s","publisher":{"@id":"https:\/\/tiketi.com\/#organization"},"potentialAction":[{"@type":"SearchAction","target":{"@type":"EntryPoint","urlTemplate":"https:\/\/tiketi.com\/?s={search_term_string}"},"query-input":{"@type":"PropertyValueSpecification","valueRequired":true,"valueName":"search_term_string"}}],"inLanguage":"fr-FR"},{"@type":"Organization","@id":"https:\/\/tiketi.com\/#organization","name":"Tiketi.com","alternateName":"Tiketi","url":"https:\/\/tiketi.com\/","logo":{"@type":"ImageObject","inLanguage":"fr-FR","@id":"https:\/\/tiketi.com\/#\/schema\/logo\/image\/","url":"https:\/\/tiketi.com\/wp-content\/uploads\/2019\/05\/tiketi-logo-696.png","contentUrl":"https:\/\/tiketi.com\/wp-content\/uploads\/2019\/05\/tiketi-logo-696.png","width":696,"height":696,"caption":"Tiketi.com"},"image":{"@id":"https:\/\/tiketi.com\/#\/schema\/logo\/image\/"},"sameAs":["https:\/\/www.facebook.com\/TiketiCom\/"]}]}},"_links":{"self":[{"href":"https:\/\/tiketi.com\/fr-fr\/wp-json\/wp\/v2\/pages\/11742","targetHints":{"allow":["GET"]}}],"collection":[{"href":"https:\/\/tiketi.com\/fr-fr\/wp-json\/wp\/v2\/pages"}],"about":[{"href":"https:\/\/tiketi.com\/fr-fr\/wp-json\/wp\/v2\/types\/page"}],"author":[{"embeddable":true,"href":"https:\/\/tiketi.com\/fr-fr\/wp-json\/wp\/v2\/users\/1"}],"replies":[{"embeddable":true,"href":"https:\/\/tiketi.com\/fr-fr\/wp-json\/wp\/v2\/comments?post=11742"}],"version-history":[{"count":0,"href":"https:\/\/tiketi.com\/fr-fr\/wp-json\/wp\/v2\/pages\/11742\/revisions"}],"wp:featuredmedia":[{"embeddable":true,"href":"https:\/\/tiketi.com\/fr-fr\/wp-json\/wp\/v2\/media\/14041"}],"wp:attachment":[{"href":"https:\/\/tiketi.com\/fr-fr\/wp-json\/wp\/v2\/media?parent=11742"}],"curies":[{"name":"wp","href":"https:\/\/api.w.org\/{rel}","templated":true}]}}