{"id":11743,"date":"2022-01-19T12:55:08","date_gmt":"2022-01-19T11:55:08","guid":{"rendered":"https:\/\/new.tiketi.com\/cheap-flights-from-cape-town-to-george-best-air-taxi\/"},"modified":"2022-02-07T15:00:30","modified_gmt":"2022-02-07T14:00:30","slug":"flights-cape-town-george-cpt-grj","status":"publish","type":"page","link":"https:\/\/tiketi.com\/fr-fr\/flights-cape-town-george-cpt-grj\/","title":{"rendered":"Vols pas chers du Cap \u00e0 George \u2013 Meilleur taxi a\u00e9rien"},"content":{"rendered":"<h2>Vous recherchez un billet d&#039;avion pas cher Le Cap vers George ou des offres de derni\u00e8re minute ?<\/h2>\n<h3>Recherchez, comparez et r\u00e9servez un billet d&#039;avion pas cher depuis <span style=\"font-size: 16px;\">Le Cap (CPT) \u00e0 George (GRJ)\u00a0<\/span>maintenant en ligne.<\/h3>\n<p>L&#039;application Tiketi.com vous permet de rechercher, comparer et r\u00e9server en ligne des vols pas chers Le Cap George. George est c\u00e9l\u00e8bre pour ses cours d&#039;or et le George Museum, qui pr\u00e9sente des expositions sur l&#039;industrie nationale du bois. Le mus\u00e9e des transports d&#039;Outeniqua poss\u00e8de des voitures et des trains \u00e0 vapeur d&#039;\u00e9poque. Alors trouvez et comparez les billets d&#039;avion de Le Cap (CPT) \u00e0 George (GRJ) et r\u00e9servez en ligne d\u00e8s maintenant des offres exceptionnelles sur des taxis a\u00e9riens pas chers de Le Cap \u00e0 George. R\u00e9servez des vols de Le Cap \u00e0 George au prix le moins cher \u2013 obtenez des offres exceptionnelles sur votre billet d&#039;avion de Le Cap \u00e0 George en ligne. N&#039;h\u00e9sitez plus et profitez d\u00e8s maintenant d&#039;offres incroyables sur les billets d&#039;avion depuis Le Cap vers George.<\/p>\n<h2>Voici quelques-unes des meilleures attractions de George<\/h2>\n<h3>Ferme aux baies rouges<\/h3>\n<p>Choisissez vos propres fruits savoureux \u00e0 Redberry Farm \u00e0 George! Vous pouvez obtenir des fraises, les manger, les boire toute la journ\u00e9e, tout en profitant de l&#039;environnement ludique et magnifique du Tea Garden o\u00f9 de nombreuses visites de groupe incroyables, des f\u00eates d&#039;anniversaire et des th\u00e9s et d\u00e9jeuners sont appr\u00e9ci\u00e9s.<\/p>\n<p>La Redberry Farm est situ\u00e9e juste \u00e0 l&#039;ext\u00e9rieur de George sur la route en direction de Blanco. La ferme se trouve dans un cadre magnifique avec vue sur les majestueuses montagnes Outeniqua.<\/p>\n<h3>Mus\u00e9e des transports d&#039;Outeniqua<\/h3>\n<p>Visitez le mus\u00e9e des transports Outeniqua \u00e0 George pour voir une large gamme de locomotives \u00e0 vapeur, y compris la voie \u00e9troite (l&#039;Emil Kessler (la premi\u00e8re locomotive \u00e0 vapeur de Johannesburg), l&#039;incroyable combinaison GL Garrett avec des voitures telles qu&#039;un entra\u00eeneur du train royal de 1947, l&#039;entra\u00eeneur de Paul Kruger et salons sp\u00e9ciaux.<\/p>\n<p>Diff\u00e9rents mod\u00e8les de locomotives \u00e0 vapeur, une \u00e9tonnante collection de plaques d&#039;immatriculation de locomotives \u00e0 vapeur, une salle de trains miniatures, des plaques constructeurs, des v\u00e9hicules automobiles routiers et une s\u00e9lection de v\u00e9hicules d&#039;\u00e9poque priv\u00e9s compl\u00e8tent l&#039;exposition remarquable.<\/p>\n<h2>FAQ sur les taxis a\u00e9riens bon march\u00e9 de Cape Town \u00e0 George<\/h2>\n<h3>Quelle est la distance entre George et Le Cap ?<\/h3>\n<p>La distance des vols en taxi a\u00e9rien entre Cape Town et George est de 357 kilom\u00e8tres.<\/p>\n<h3>Combien de temps dure le vol Le Cap-George ?<\/h3>\n<p>Le temps de vol commun entre Cape Town et George est de cinquante et une minutes.<\/p>\n<h3>Quelle est la fr\u00e9quence des vols directs Le Cap-George ?<\/h3>\n<p>Il y a vingt-huit vols directs entre Cape Town et George.<\/p>\n<h3>Quelles sont les compagnies a\u00e9riennes les plus c\u00e9l\u00e8bres du Cap pour un billet d&#039;avion direct de Le Cap \u00e0 George ?<\/h3>\n<p>South African Airways propose cent pour cent des vols sans escale entre George et Cape Town.<\/p>\n<h3>Combien de vols pas chers de Le Cap vers George partent en moyenne par jour ?<\/h3>\n<p>Sept vols partent du Cap vers George en moyenne.<\/p>\n<p>\u2022 Matin - cinquante-sept pour cent des d\u00e9parts de vol<\/p>\n<p>\u2022 Apr\u00e8s-midi\u00a0: 43\u00a0% des d\u00e9parts de vols<\/p>\n<h3>Quelles compagnies a\u00e9riennes volent de Le Cap \u00e0 George ?<\/h3>\n<p>Les vols directs du Cap \u00e0 George sont actuellement desservis par SAA.<\/p>\n<h2>Vols pas chers de Le Cap \u00e0 George<\/h2>\n<h3>Se d\u00e9placer \u00e0 Georges<\/h3>\n<p>L&#039;infrastructure de transport public \u00e0 George et le reste de la Garden Route est d\u00e9finitivement bien \u00e9tablie. En cons\u00e9quence, nous vous conseillons vivement de louer un v\u00e9hicule. Non seulement cela rendra les d\u00e9placements beaucoup plus simples, mais cela fonctionnera \u00e9galement pour \u00eatre assez abordable en fonction des distances que vous cherchez \u00e0 couvrir.<\/p>","protected":false},"excerpt":{"rendered":"<p>Looking for cheap airline ticket from Cape Town to George\u00a0or last minute deals? Search, compare and book cheap airline ticket from Cape Town (CPT) to George (GRJ)\u00a0online now. The Tiketi.com app helps you search, compare and book cheap flights from Cape Town to George online.\u00a0George is famous for its gold courses and the George Museum, [&hellip;]<\/p>\n","protected":false},"author":1,"featured_media":14041,"parent":0,"menu_order":0,"comment_status":"open","ping_status":"closed","template":"template-home-modern.php","meta":{"footnotes":""},"class_list":["post-11743","page","type-page","status-publish","has-post-thumbnail","hentry"],"yoast_head":"<!-- This site is optimized with the Yoast SEO plugin v27.3 - https:\/\/yoast.com\/product\/yoast-seo-wordpress\/ -->\n<title>Cheap Flights from\u00a0Cape Town to George - Best Air Taxi<\/title>\n<meta name=\"description\" content=\"Looking for cheap flights from\u00a0Cape Town to George? Search, compare and book cheap airline ticket from Cape Town to George online now\" \/>\n<meta name=\"robots\" content=\"index, follow, max-snippet:-1, max-image-preview:large, max-video-preview:-1\" \/>\n<link rel=\"canonical\" href=\"https:\/\/tiketi.com\/fr-fr\/flights-cape-town-george-cpt-grj\/\" \/>\n<meta property=\"og:locale\" content=\"fr_FR\" \/>\n<meta property=\"og:type\" content=\"article\" \/>\n<meta property=\"og:title\" content=\"Cheap Flights from\u00a0Cape Town to George - Best Air Taxi\" \/>\n<meta property=\"og:description\" content=\"Looking for cheap flights from\u00a0Cape Town to George? Search, compare and book cheap airline ticket from Cape Town to George online now\" \/>\n<meta property=\"og:url\" content=\"https:\/\/tiketi.com\/fr-fr\/flights-cape-town-george-cpt-grj\/\" \/>\n<meta property=\"og:site_name\" content=\"Tiketi.com\" \/>\n<meta property=\"article:publisher\" content=\"https:\/\/www.facebook.com\/TiketiCom\/\" \/>\n<meta property=\"article:modified_time\" content=\"2022-02-07T14:00:30+00:00\" \/>\n<meta property=\"og:image\" content=\"https:\/\/tiketi.com\/wp-content\/uploads\/2022\/01\/flight-ticket-booking-sorasak-KxCJXXGsv9I-unsplas.jpg\" \/>\n\t<meta property=\"og:image:width\" content=\"1200\" \/>\n\t<meta property=\"og:image:height\" content=\"240\" \/>\n\t<meta property=\"og:image:type\" content=\"image\/jpeg\" \/>\n<meta name=\"twitter:card\" content=\"summary_large_image\" \/>\n<meta name=\"twitter:label1\" content=\"Dur\u00e9e de lecture estim\u00e9e\" \/>\n\t<meta name=\"twitter:data1\" content=\"3 minutes\" \/>\n<script type=\"application\/ld+json\" class=\"yoast-schema-graph\">{\"@context\":\"https:\\\/\\\/schema.org\",\"@graph\":[{\"@type\":\"WebPage\",\"@id\":\"https:\\\/\\\/tiketi.com\\\/flights-cape-town-george-cpt-grj\\\/\",\"url\":\"https:\\\/\\\/tiketi.com\\\/flights-cape-town-george-cpt-grj\\\/\",\"name\":\"Cheap Flights from\u00a0Cape Town to George - Best Air Taxi\",\"isPartOf\":{\"@id\":\"https:\\\/\\\/tiketi.com\\\/#website\"},\"primaryImageOfPage\":{\"@id\":\"https:\\\/\\\/tiketi.com\\\/flights-cape-town-george-cpt-grj\\\/#primaryimage\"},\"image\":{\"@id\":\"https:\\\/\\\/tiketi.com\\\/flights-cape-town-george-cpt-grj\\\/#primaryimage\"},\"thumbnailUrl\":\"https:\\\/\\\/tiketi.com\\\/wp-content\\\/uploads\\\/2022\\\/01\\\/flight-ticket-booking-sorasak-KxCJXXGsv9I-unsplas.jpg\",\"datePublished\":\"2022-01-19T11:55:08+00:00\",\"dateModified\":\"2022-02-07T14:00:30+00:00\",\"description\":\"Looking for cheap flights from\u00a0Cape Town to George? Search, compare and book cheap airline ticket from Cape Town to George online now\",\"breadcrumb\":{\"@id\":\"https:\\\/\\\/tiketi.com\\\/flights-cape-town-george-cpt-grj\\\/#breadcrumb\"},\"inLanguage\":\"fr-FR\",\"potentialAction\":[{\"@type\":\"ReadAction\",\"target\":[\"https:\\\/\\\/tiketi.com\\\/flights-cape-town-george-cpt-grj\\\/\"]}]},{\"@type\":\"ImageObject\",\"inLanguage\":\"fr-FR\",\"@id\":\"https:\\\/\\\/tiketi.com\\\/flights-cape-town-george-cpt-grj\\\/#primaryimage\",\"url\":\"https:\\\/\\\/tiketi.com\\\/wp-content\\\/uploads\\\/2022\\\/01\\\/flight-ticket-booking-sorasak-KxCJXXGsv9I-unsplas.jpg\",\"contentUrl\":\"https:\\\/\\\/tiketi.com\\\/wp-content\\\/uploads\\\/2022\\\/01\\\/flight-ticket-booking-sorasak-KxCJXXGsv9I-unsplas.jpg\",\"width\":1200,\"height\":240,\"caption\":\"Online flight ticket booking\"},{\"@type\":\"BreadcrumbList\",\"@id\":\"https:\\\/\\\/tiketi.com\\\/flights-cape-town-george-cpt-grj\\\/#breadcrumb\",\"itemListElement\":[{\"@type\":\"ListItem\",\"position\":1,\"name\":\"Home\",\"item\":\"https:\\\/\\\/tiketi.com\\\/\"},{\"@type\":\"ListItem\",\"position\":2,\"name\":\"Cheap Flights from\u00a0Cape Town to George &#8211; Best Air Taxi\"}]},{\"@type\":\"WebSite\",\"@id\":\"https:\\\/\\\/tiketi.com\\\/#website\",\"url\":\"https:\\\/\\\/tiketi.com\\\/\",\"name\":\"Flight & Bus Tickets, Tour Packages & Activitites - Tiketi.com\",\"description\":\"Flight &amp; Bus Tickets, Tours, Activitites\",\"publisher\":{\"@id\":\"https:\\\/\\\/tiketi.com\\\/#organization\"},\"potentialAction\":[{\"@type\":\"SearchAction\",\"target\":{\"@type\":\"EntryPoint\",\"urlTemplate\":\"https:\\\/\\\/tiketi.com\\\/?s={search_term_string}\"},\"query-input\":{\"@type\":\"PropertyValueSpecification\",\"valueRequired\":true,\"valueName\":\"search_term_string\"}}],\"inLanguage\":\"fr-FR\"},{\"@type\":\"Organization\",\"@id\":\"https:\\\/\\\/tiketi.com\\\/#organization\",\"name\":\"Tiketi.com\",\"alternateName\":\"Tiketi\",\"url\":\"https:\\\/\\\/tiketi.com\\\/\",\"logo\":{\"@type\":\"ImageObject\",\"inLanguage\":\"fr-FR\",\"@id\":\"https:\\\/\\\/tiketi.com\\\/#\\\/schema\\\/logo\\\/image\\\/\",\"url\":\"https:\\\/\\\/tiketi.com\\\/wp-content\\\/uploads\\\/2019\\\/05\\\/tiketi-logo-696.png\",\"contentUrl\":\"https:\\\/\\\/tiketi.com\\\/wp-content\\\/uploads\\\/2019\\\/05\\\/tiketi-logo-696.png\",\"width\":696,\"height\":696,\"caption\":\"Tiketi.com\"},\"image\":{\"@id\":\"https:\\\/\\\/tiketi.com\\\/#\\\/schema\\\/logo\\\/image\\\/\"},\"sameAs\":[\"https:\\\/\\\/www.facebook.com\\\/TiketiCom\\\/\"]}]}<\/script>\n<!-- \/ Yoast SEO plugin. -->","yoast_head_json":{"title":"Vols pas chers de Le Cap \u00e0 George - Best Air Taxi","description":"Vous recherchez des vols \u00e0 bas prix de Le Cap \u00e0 George ? Recherchez, comparez et r\u00e9servez en ligne maintenant un billet d&#039;avion pas cher de Le Cap \u00e0 George","robots":{"index":"index","follow":"follow","max-snippet":"max-snippet:-1","max-image-preview":"max-image-preview:large","max-video-preview":"max-video-preview:-1"},"canonical":"https:\/\/tiketi.com\/fr-fr\/flights-cape-town-george-cpt-grj\/","og_locale":"fr_FR","og_type":"article","og_title":"Cheap Flights from\u00a0Cape Town to George - Best Air Taxi","og_description":"Looking for cheap flights from\u00a0Cape Town to George? Search, compare and book cheap airline ticket from Cape Town to George online now","og_url":"https:\/\/tiketi.com\/fr-fr\/flights-cape-town-george-cpt-grj\/","og_site_name":"Tiketi.com","article_publisher":"https:\/\/www.facebook.com\/TiketiCom\/","article_modified_time":"2022-02-07T14:00:30+00:00","og_image":[{"width":1200,"height":240,"url":"https:\/\/tiketi.com\/wp-content\/uploads\/2022\/01\/flight-ticket-booking-sorasak-KxCJXXGsv9I-unsplas.jpg","type":"image\/jpeg"}],"twitter_card":"summary_large_image","twitter_misc":{"Dur\u00e9e de lecture estim\u00e9e":"3 minutes"},"schema":{"@context":"https:\/\/schema.org","@graph":[{"@type":"WebPage","@id":"https:\/\/tiketi.com\/flights-cape-town-george-cpt-grj\/","url":"https:\/\/tiketi.com\/flights-cape-town-george-cpt-grj\/","name":"Vols pas chers de Le Cap \u00e0 George - Best Air Taxi","isPartOf":{"@id":"https:\/\/tiketi.com\/#website"},"primaryImageOfPage":{"@id":"https:\/\/tiketi.com\/flights-cape-town-george-cpt-grj\/#primaryimage"},"image":{"@id":"https:\/\/tiketi.com\/flights-cape-town-george-cpt-grj\/#primaryimage"},"thumbnailUrl":"https:\/\/tiketi.com\/wp-content\/uploads\/2022\/01\/flight-ticket-booking-sorasak-KxCJXXGsv9I-unsplas.jpg","datePublished":"2022-01-19T11:55:08+00:00","dateModified":"2022-02-07T14:00:30+00:00","description":"Vous recherchez des vols \u00e0 bas prix de Le Cap \u00e0 George ? Recherchez, comparez et r\u00e9servez en ligne maintenant un billet d&#039;avion pas cher de Le Cap \u00e0 George","breadcrumb":{"@id":"https:\/\/tiketi.com\/flights-cape-town-george-cpt-grj\/#breadcrumb"},"inLanguage":"fr-FR","potentialAction":[{"@type":"ReadAction","target":["https:\/\/tiketi.com\/flights-cape-town-george-cpt-grj\/"]}]},{"@type":"ImageObject","inLanguage":"fr-FR","@id":"https:\/\/tiketi.com\/flights-cape-town-george-cpt-grj\/#primaryimage","url":"https:\/\/tiketi.com\/wp-content\/uploads\/2022\/01\/flight-ticket-booking-sorasak-KxCJXXGsv9I-unsplas.jpg","contentUrl":"https:\/\/tiketi.com\/wp-content\/uploads\/2022\/01\/flight-ticket-booking-sorasak-KxCJXXGsv9I-unsplas.jpg","width":1200,"height":240,"caption":"Online flight ticket booking"},{"@type":"BreadcrumbList","@id":"https:\/\/tiketi.com\/flights-cape-town-george-cpt-grj\/#breadcrumb","itemListElement":[{"@type":"ListItem","position":1,"name":"Home","item":"https:\/\/tiketi.com\/"},{"@type":"ListItem","position":2,"name":"Cheap Flights from\u00a0Cape Town to George &#8211; Best Air Taxi"}]},{"@type":"WebSite","@id":"https:\/\/tiketi.com\/#website","url":"https:\/\/tiketi.com\/","name":"Billets d&#039;avion et de bus, forfaits touristiques et activit\u00e9s - Tiketi.com","description":"Billets d&#039;avion et de bus, Tours, Activit\u00e9s","publisher":{"@id":"https:\/\/tiketi.com\/#organization"},"potentialAction":[{"@type":"SearchAction","target":{"@type":"EntryPoint","urlTemplate":"https:\/\/tiketi.com\/?s={search_term_string}"},"query-input":{"@type":"PropertyValueSpecification","valueRequired":true,"valueName":"search_term_string"}}],"inLanguage":"fr-FR"},{"@type":"Organization","@id":"https:\/\/tiketi.com\/#organization","name":"Tiketi.com","alternateName":"Tiketi","url":"https:\/\/tiketi.com\/","logo":{"@type":"ImageObject","inLanguage":"fr-FR","@id":"https:\/\/tiketi.com\/#\/schema\/logo\/image\/","url":"https:\/\/tiketi.com\/wp-content\/uploads\/2019\/05\/tiketi-logo-696.png","contentUrl":"https:\/\/tiketi.com\/wp-content\/uploads\/2019\/05\/tiketi-logo-696.png","width":696,"height":696,"caption":"Tiketi.com"},"image":{"@id":"https:\/\/tiketi.com\/#\/schema\/logo\/image\/"},"sameAs":["https:\/\/www.facebook.com\/TiketiCom\/"]}]}},"_links":{"self":[{"href":"https:\/\/tiketi.com\/fr-fr\/wp-json\/wp\/v2\/pages\/11743","targetHints":{"allow":["GET"]}}],"collection":[{"href":"https:\/\/tiketi.com\/fr-fr\/wp-json\/wp\/v2\/pages"}],"about":[{"href":"https:\/\/tiketi.com\/fr-fr\/wp-json\/wp\/v2\/types\/page"}],"author":[{"embeddable":true,"href":"https:\/\/tiketi.com\/fr-fr\/wp-json\/wp\/v2\/users\/1"}],"replies":[{"embeddable":true,"href":"https:\/\/tiketi.com\/fr-fr\/wp-json\/wp\/v2\/comments?post=11743"}],"version-history":[{"count":0,"href":"https:\/\/tiketi.com\/fr-fr\/wp-json\/wp\/v2\/pages\/11743\/revisions"}],"wp:featuredmedia":[{"embeddable":true,"href":"https:\/\/tiketi.com\/fr-fr\/wp-json\/wp\/v2\/media\/14041"}],"wp:attachment":[{"href":"https:\/\/tiketi.com\/fr-fr\/wp-json\/wp\/v2\/media?parent=11743"}],"curies":[{"name":"wp","href":"https:\/\/api.w.org\/{rel}","templated":true}]}}