{"id":11746,"date":"2022-01-19T12:55:08","date_gmt":"2022-01-19T11:55:08","guid":{"rendered":"https:\/\/new.tiketi.com\/cheap-flights-from-muscat-to-dubai\/"},"modified":"2022-02-09T12:05:42","modified_gmt":"2022-02-09T11:05:42","slug":"flights-muscat-dubai-mct-dxb","status":"publish","type":"page","link":"https:\/\/tiketi.com\/fr-fr\/flights-muscat-dubai-mct-dxb\/","title":{"rendered":"Cheap Flights from\u00a0Muscat to Dubai"},"content":{"rendered":"<h2>Looking for cheap airline ticket from Muscat to Dubai\u00a0or last minute deals?<\/h2>\n<h3>Search, compare and book cheap airline ticket from Muscat (MCT) to Dubai (DXB)<span style=\"font-size: 16px;\">\u00a0<\/span>maintenant en ligne.<\/h3>\n<p>Book cheap flights from Muscat to Dubai online and save money on airfare. Dubai is one place that ought to be on the &#8220;must-view place to visit&#8221; for single visitors, families and businessmen alike. Back in the day, Dubai started out as a old fishing town with competence in boat-building and pearl fishing.\u00a0Compare prices and get the lowest airfare on airline ticket from Muscat to Dubai through great offers on Muscat to Dubai flights online ticket booking.<\/p>\n<h2>Voici quelques-unes des meilleures attractions de Duba\u00ef<\/h2>\n<h3>Saruq AL Hadid Museum<\/h3>\n<p>One of them most vital opening in Dubai during 2016 was the Saruq Al Hadid Archaeology Museum, the initial in a series of cultural developments set to transform Dubai&#8217;s historical area. Housed in a building in the Al Shindagha Heritage area of Dubai, it specs artefacts unearthed from the recently discovered archaeological place of the same name, with top immersive and interactive shows bringing to life the amazing story of the Iron Age in the Middle East.<\/p>\n<h3>Dubai Parks and Resort<\/h3>\n<p>Dubai launched a theme park with Dubai Resorts and Parks. First up, Legoland Dubai, with more than forty themed rides, shows, Lego-building experiences and attractions. It is the best treat for families with kids aged 2 to 12 and their young-at heart parents.<\/p>\n<h3>City Walk Phase 2<\/h3>\n<p>A little drive from Burj Khalifa, you will find city walk, a costly retail, fun and residential development which is best outdoor place on a winter evening. Covering more than 930sqm, the latest phase opened with more than sixty new shops, sidewalk cafes, restaurants, and hotels, even a health centre.<\/p>\n<h2>Cheap flights from Muscat to Dubai FAQs<\/h2>\n<h3>How far is Dubai from Muscat?<\/h3>\n<p>The distance of Dubai flights from Muscat is 347 kilometers.<\/p>\n<h3>How long is the Muscat to Dubai flights?<\/h3>\n<p>The common Muscat to Dubai flight time is an hour and nine minutes.<\/p>\n<h3>How common are Muscat to Dubai direct flights?<\/h3>\n<p>There are 110 direct flights from Muscat to Dubai.<\/p>\n<h3>What are the most famous airlines for direct Muscat to Dubai flights?<\/h3>\n<p>Oman Air offers forty-three percent of the non-stop flights between Dubai and Muscat.<\/p>\n<h3>What is the cheap day to book airline ticket from Muscat to Dubai?<\/h3>\n<p>The cheap day to book airline ticket from Muscat to Dubai is on Wednesday.<\/p>\n<h2>Muscat to Dubai flights tips<\/h2>\n<p>\u2022\u00a0The flight distance between Dubai and Muscat is 365km.<\/p>\n<p>\u2022 There are five airlines that offer cheap airline ticket from Muscat to Dubai.<\/p>\n<p>\u2022\u00a0The most famous airline flying form Muscat to Dubai is Salam Air.<\/p>\n<p>\u2022 The quickest Muscat to Dubai flight time is one hours. The average flight time is one hour nine minutes.<\/p>\n<p>\u2022\u00a0The earliest flight of the day departs at 1:45. The final flight of the day departs at 23:15.<\/p>","protected":false},"excerpt":{"rendered":"<p>Looking for cheap airline ticket from Muscat to Dubai\u00a0or last minute deals? Search, compare and book cheap airline ticket from Muscat (MCT) to Dubai (DXB)\u00a0online now. Book cheap flights from Muscat to Dubai online and save money on airfare. Dubai is one place that ought to be on the &#8220;must-view place to visit&#8221; for single [&hellip;]<\/p>\n","protected":false},"author":1,"featured_media":16474,"parent":0,"menu_order":0,"comment_status":"open","ping_status":"closed","template":"template-home-modern.php","meta":{"footnotes":""},"class_list":["post-11746","page","type-page","status-publish","has-post-thumbnail","hentry"],"yoast_head":"<!-- This site is optimized with the Yoast SEO plugin v27.3 - https:\/\/yoast.com\/product\/yoast-seo-wordpress\/ -->\n<title>Cheap Flights from\u00a0Muscat to Dubai<\/title>\n<meta name=\"description\" content=\"Looking for cheap flights from\u00a0Kilimanjaro to Arusha? Search, compare and book cheap airline ticket from Kilimanjaro to Arusha online\" \/>\n<meta name=\"robots\" content=\"index, follow, max-snippet:-1, max-image-preview:large, max-video-preview:-1\" \/>\n<link rel=\"canonical\" href=\"https:\/\/tiketi.com\/fr-fr\/flights-muscat-dubai-mct-dxb\/\" \/>\n<meta property=\"og:locale\" content=\"fr_FR\" \/>\n<meta property=\"og:type\" content=\"article\" \/>\n<meta property=\"og:title\" content=\"Cheap Flights from\u00a0Muscat to Dubai\" \/>\n<meta property=\"og:description\" content=\"Looking for cheap flights from\u00a0Kilimanjaro to Arusha? Search, compare and book cheap airline ticket from Kilimanjaro to Arusha online\" \/>\n<meta property=\"og:url\" content=\"https:\/\/tiketi.com\/fr-fr\/flights-muscat-dubai-mct-dxb\/\" \/>\n<meta property=\"og:site_name\" content=\"Tiketi.com\" \/>\n<meta property=\"article:publisher\" content=\"https:\/\/www.facebook.com\/TiketiCom\/\" \/>\n<meta property=\"article:modified_time\" content=\"2022-02-09T11:05:42+00:00\" \/>\n<meta property=\"og:image\" content=\"https:\/\/tiketi.com\/wp-content\/uploads\/2022\/02\/dubai-skyline-buildings-183.jpg\" \/>\n\t<meta property=\"og:image:width\" content=\"1200\" \/>\n\t<meta property=\"og:image:height\" content=\"202\" \/>\n\t<meta property=\"og:image:type\" content=\"image\/jpeg\" \/>\n<meta name=\"twitter:card\" content=\"summary_large_image\" \/>\n<meta name=\"twitter:label1\" content=\"Dur\u00e9e de lecture estim\u00e9e\" \/>\n\t<meta name=\"twitter:data1\" content=\"3 minutes\" \/>\n<script type=\"application\/ld+json\" class=\"yoast-schema-graph\">{\"@context\":\"https:\\\/\\\/schema.org\",\"@graph\":[{\"@type\":\"WebPage\",\"@id\":\"https:\\\/\\\/tiketi.com\\\/flights-muscat-dubai-mct-dxb\\\/\",\"url\":\"https:\\\/\\\/tiketi.com\\\/flights-muscat-dubai-mct-dxb\\\/\",\"name\":\"Cheap Flights from\u00a0Muscat to Dubai\",\"isPartOf\":{\"@id\":\"https:\\\/\\\/tiketi.com\\\/#website\"},\"primaryImageOfPage\":{\"@id\":\"https:\\\/\\\/tiketi.com\\\/flights-muscat-dubai-mct-dxb\\\/#primaryimage\"},\"image\":{\"@id\":\"https:\\\/\\\/tiketi.com\\\/flights-muscat-dubai-mct-dxb\\\/#primaryimage\"},\"thumbnailUrl\":\"https:\\\/\\\/tiketi.com\\\/wp-content\\\/uploads\\\/2022\\\/02\\\/dubai-skyline-buildings-183.jpg\",\"datePublished\":\"2022-01-19T11:55:08+00:00\",\"dateModified\":\"2022-02-09T11:05:42+00:00\",\"description\":\"Looking for cheap flights from\u00a0Kilimanjaro to Arusha? Search, compare and book cheap airline ticket from Kilimanjaro to Arusha online\",\"breadcrumb\":{\"@id\":\"https:\\\/\\\/tiketi.com\\\/flights-muscat-dubai-mct-dxb\\\/#breadcrumb\"},\"inLanguage\":\"fr-FR\",\"potentialAction\":[{\"@type\":\"ReadAction\",\"target\":[\"https:\\\/\\\/tiketi.com\\\/flights-muscat-dubai-mct-dxb\\\/\"]}]},{\"@type\":\"ImageObject\",\"inLanguage\":\"fr-FR\",\"@id\":\"https:\\\/\\\/tiketi.com\\\/flights-muscat-dubai-mct-dxb\\\/#primaryimage\",\"url\":\"https:\\\/\\\/tiketi.com\\\/wp-content\\\/uploads\\\/2022\\\/02\\\/dubai-skyline-buildings-183.jpg\",\"contentUrl\":\"https:\\\/\\\/tiketi.com\\\/wp-content\\\/uploads\\\/2022\\\/02\\\/dubai-skyline-buildings-183.jpg\",\"width\":1200,\"height\":202,\"caption\":\"Air Taxi in Dubai\"},{\"@type\":\"BreadcrumbList\",\"@id\":\"https:\\\/\\\/tiketi.com\\\/flights-muscat-dubai-mct-dxb\\\/#breadcrumb\",\"itemListElement\":[{\"@type\":\"ListItem\",\"position\":1,\"name\":\"Home\",\"item\":\"https:\\\/\\\/tiketi.com\\\/\"},{\"@type\":\"ListItem\",\"position\":2,\"name\":\"Cheap Flights from\u00a0Muscat to Dubai\"}]},{\"@type\":\"WebSite\",\"@id\":\"https:\\\/\\\/tiketi.com\\\/#website\",\"url\":\"https:\\\/\\\/tiketi.com\\\/\",\"name\":\"Flight & Bus Tickets, Tour Packages & Activitites - Tiketi.com\",\"description\":\"Flight &amp; Bus Tickets, Tours, Activitites\",\"publisher\":{\"@id\":\"https:\\\/\\\/tiketi.com\\\/#organization\"},\"potentialAction\":[{\"@type\":\"SearchAction\",\"target\":{\"@type\":\"EntryPoint\",\"urlTemplate\":\"https:\\\/\\\/tiketi.com\\\/?s={search_term_string}\"},\"query-input\":{\"@type\":\"PropertyValueSpecification\",\"valueRequired\":true,\"valueName\":\"search_term_string\"}}],\"inLanguage\":\"fr-FR\"},{\"@type\":\"Organization\",\"@id\":\"https:\\\/\\\/tiketi.com\\\/#organization\",\"name\":\"Tiketi.com\",\"alternateName\":\"Tiketi\",\"url\":\"https:\\\/\\\/tiketi.com\\\/\",\"logo\":{\"@type\":\"ImageObject\",\"inLanguage\":\"fr-FR\",\"@id\":\"https:\\\/\\\/tiketi.com\\\/#\\\/schema\\\/logo\\\/image\\\/\",\"url\":\"https:\\\/\\\/tiketi.com\\\/wp-content\\\/uploads\\\/2019\\\/05\\\/tiketi-logo-696.png\",\"contentUrl\":\"https:\\\/\\\/tiketi.com\\\/wp-content\\\/uploads\\\/2019\\\/05\\\/tiketi-logo-696.png\",\"width\":696,\"height\":696,\"caption\":\"Tiketi.com\"},\"image\":{\"@id\":\"https:\\\/\\\/tiketi.com\\\/#\\\/schema\\\/logo\\\/image\\\/\"},\"sameAs\":[\"https:\\\/\\\/www.facebook.com\\\/TiketiCom\\\/\"]}]}<\/script>\n<!-- \/ Yoast SEO plugin. -->","yoast_head_json":{"title":"Cheap Flights from\u00a0Muscat to Dubai","description":"Vous recherchez des vols \u00e0 bas prix de Kilimandjaro vers Arusha ? Recherchez, comparez et r\u00e9servez en ligne un billet d&#039;avion pas cher de Kilimandjaro \u00e0 Arusha","robots":{"index":"index","follow":"follow","max-snippet":"max-snippet:-1","max-image-preview":"max-image-preview:large","max-video-preview":"max-video-preview:-1"},"canonical":"https:\/\/tiketi.com\/fr-fr\/flights-muscat-dubai-mct-dxb\/","og_locale":"fr_FR","og_type":"article","og_title":"Cheap Flights from\u00a0Muscat to Dubai","og_description":"Looking for cheap flights from\u00a0Kilimanjaro to Arusha? Search, compare and book cheap airline ticket from Kilimanjaro to Arusha online","og_url":"https:\/\/tiketi.com\/fr-fr\/flights-muscat-dubai-mct-dxb\/","og_site_name":"Tiketi.com","article_publisher":"https:\/\/www.facebook.com\/TiketiCom\/","article_modified_time":"2022-02-09T11:05:42+00:00","og_image":[{"width":1200,"height":202,"url":"https:\/\/tiketi.com\/wp-content\/uploads\/2022\/02\/dubai-skyline-buildings-183.jpg","type":"image\/jpeg"}],"twitter_card":"summary_large_image","twitter_misc":{"Dur\u00e9e de lecture estim\u00e9e":"3 minutes"},"schema":{"@context":"https:\/\/schema.org","@graph":[{"@type":"WebPage","@id":"https:\/\/tiketi.com\/flights-muscat-dubai-mct-dxb\/","url":"https:\/\/tiketi.com\/flights-muscat-dubai-mct-dxb\/","name":"Cheap Flights from\u00a0Muscat to Dubai","isPartOf":{"@id":"https:\/\/tiketi.com\/#website"},"primaryImageOfPage":{"@id":"https:\/\/tiketi.com\/flights-muscat-dubai-mct-dxb\/#primaryimage"},"image":{"@id":"https:\/\/tiketi.com\/flights-muscat-dubai-mct-dxb\/#primaryimage"},"thumbnailUrl":"https:\/\/tiketi.com\/wp-content\/uploads\/2022\/02\/dubai-skyline-buildings-183.jpg","datePublished":"2022-01-19T11:55:08+00:00","dateModified":"2022-02-09T11:05:42+00:00","description":"Vous recherchez des vols \u00e0 bas prix de Kilimandjaro vers Arusha ? Recherchez, comparez et r\u00e9servez en ligne un billet d&#039;avion pas cher de Kilimandjaro \u00e0 Arusha","breadcrumb":{"@id":"https:\/\/tiketi.com\/flights-muscat-dubai-mct-dxb\/#breadcrumb"},"inLanguage":"fr-FR","potentialAction":[{"@type":"ReadAction","target":["https:\/\/tiketi.com\/flights-muscat-dubai-mct-dxb\/"]}]},{"@type":"ImageObject","inLanguage":"fr-FR","@id":"https:\/\/tiketi.com\/flights-muscat-dubai-mct-dxb\/#primaryimage","url":"https:\/\/tiketi.com\/wp-content\/uploads\/2022\/02\/dubai-skyline-buildings-183.jpg","contentUrl":"https:\/\/tiketi.com\/wp-content\/uploads\/2022\/02\/dubai-skyline-buildings-183.jpg","width":1200,"height":202,"caption":"Air Taxi in Dubai"},{"@type":"BreadcrumbList","@id":"https:\/\/tiketi.com\/flights-muscat-dubai-mct-dxb\/#breadcrumb","itemListElement":[{"@type":"ListItem","position":1,"name":"Home","item":"https:\/\/tiketi.com\/"},{"@type":"ListItem","position":2,"name":"Cheap Flights from\u00a0Muscat to Dubai"}]},{"@type":"WebSite","@id":"https:\/\/tiketi.com\/#website","url":"https:\/\/tiketi.com\/","name":"Billets d&#039;avion et de bus, forfaits touristiques et activit\u00e9s - Tiketi.com","description":"Billets d&#039;avion et de bus, Tours, Activit\u00e9s","publisher":{"@id":"https:\/\/tiketi.com\/#organization"},"potentialAction":[{"@type":"SearchAction","target":{"@type":"EntryPoint","urlTemplate":"https:\/\/tiketi.com\/?s={search_term_string}"},"query-input":{"@type":"PropertyValueSpecification","valueRequired":true,"valueName":"search_term_string"}}],"inLanguage":"fr-FR"},{"@type":"Organization","@id":"https:\/\/tiketi.com\/#organization","name":"Tiketi.com","alternateName":"Tiketi","url":"https:\/\/tiketi.com\/","logo":{"@type":"ImageObject","inLanguage":"fr-FR","@id":"https:\/\/tiketi.com\/#\/schema\/logo\/image\/","url":"https:\/\/tiketi.com\/wp-content\/uploads\/2019\/05\/tiketi-logo-696.png","contentUrl":"https:\/\/tiketi.com\/wp-content\/uploads\/2019\/05\/tiketi-logo-696.png","width":696,"height":696,"caption":"Tiketi.com"},"image":{"@id":"https:\/\/tiketi.com\/#\/schema\/logo\/image\/"},"sameAs":["https:\/\/www.facebook.com\/TiketiCom\/"]}]}},"_links":{"self":[{"href":"https:\/\/tiketi.com\/fr-fr\/wp-json\/wp\/v2\/pages\/11746","targetHints":{"allow":["GET"]}}],"collection":[{"href":"https:\/\/tiketi.com\/fr-fr\/wp-json\/wp\/v2\/pages"}],"about":[{"href":"https:\/\/tiketi.com\/fr-fr\/wp-json\/wp\/v2\/types\/page"}],"author":[{"embeddable":true,"href":"https:\/\/tiketi.com\/fr-fr\/wp-json\/wp\/v2\/users\/1"}],"replies":[{"embeddable":true,"href":"https:\/\/tiketi.com\/fr-fr\/wp-json\/wp\/v2\/comments?post=11746"}],"version-history":[{"count":0,"href":"https:\/\/tiketi.com\/fr-fr\/wp-json\/wp\/v2\/pages\/11746\/revisions"}],"wp:featuredmedia":[{"embeddable":true,"href":"https:\/\/tiketi.com\/fr-fr\/wp-json\/wp\/v2\/media\/16474"}],"wp:attachment":[{"href":"https:\/\/tiketi.com\/fr-fr\/wp-json\/wp\/v2\/media?parent=11746"}],"curies":[{"name":"wp","href":"https:\/\/api.w.org\/{rel}","templated":true}]}}