{"id":11747,"date":"2022-01-19T12:55:08","date_gmt":"2022-01-19T11:55:08","guid":{"rendered":"https:\/\/new.tiketi.com\/cheap-flights-from-kuwait-to-dubai\/"},"modified":"2022-02-08T17:31:53","modified_gmt":"2022-02-08T16:31:53","slug":"flights-kuwait-dubai-kwi-dxb","status":"publish","type":"page","link":"https:\/\/tiketi.com\/fr-fr\/flights-kuwait-dubai-kwi-dxb\/","title":{"rendered":"Cheap Flights from\u00a0Kuwait to Dubai"},"content":{"rendered":"<h2>Looking for cheap airline ticket from Kuwait to Dubai\u00a0or last minute deals?<\/h2>\n<h3>Search, compare and book cheap airline ticket from Kuwait (KWI) to Dubai (DXB) online now.<\/h3>\n<p>Book cheap flights from Kuwait to Dubai online and save money on airfare. Dubai is a city and emirate in the UAE famous for magnificence shopping, modern architecture and a active nightlife place. Visit Dubai\u00a0 through great offers on airline ticket from Kuwait to Dubai and fly Kuwait to Dubai flights cheap.<\/p>\n<h2>Here are some of the best attractions of the Dubai<\/h2>\n<h3>Burj Khalifa<\/h3>\n<p>The Burj Khalifa is the tallest building on the earth, soaring 2,718 feet high with more than 160 stories set in a stepped design that narrows as its climbs. The design is shaped after the repetition of a single geometric shape, meant to echo Islamic art.<\/p>\n<h3>Etihad Museum<\/h3>\n<p>Etihad Museum is undoubtedly one of the Dubai most amazing. Targeted on teaching visitors the story of how the United Arab Emirates was founded, it is placed on the right place where the country was born in 1971, and permits people to excellent understand the time period when the 7 Emirates were United to become the UAE as we know it today.<\/p>\n<h3>The Burj Al Arab<\/h3>\n<p>The Burj Al Arab is a 919 foot building that stands on its own non-natural Island. The sail-shaped icon might just represent the deluxe hotel in the universe. It is the only hotel in the planet often referred to as 7 star and boasts as one of the most costly suites, at a whopping $18,715 a night.<\/p>\n<h2>Cheap flights from Kuwait to Dubai FAQs<\/h2>\n<h3>How far is Dubai from Kuwait?<\/h3>\n<p>The distance of Dubai flights from Kuwait is 852 kilometers.<\/p>\n<h3>How long is the Kuwait to Dubai flight?<\/h3>\n<p>The common Kuwait to Dubai flight time is an hour and forty-eight minutes.<\/p>\n<h3>How common are direct Kuwait to Dubai flights?<\/h3>\n<p>There are 135 direct flights from Kuwait to Dubai.<\/p>\n<h3>What are the most famous Kuwait airlines for direct Kuwait to Dubai flights?<\/h3>\n<p>Emirates offers 31 percent of the non-stop flights between Dubai and Kuwait.<\/p>\n<h3>How many airlines fly non-stop cheap airline ticket from Kuwait to Dubai?<\/h3>\n<p>There are four airlines who fly non-stop cheap airline ticket from Kuwait to Dubai.<\/p>\n<h3>Combien d&#039;a\u00e9roports y a-t-il \u00e0 Duba\u00ef ?<\/h3>\n<p>There are four airports in Dubai: Dubai Creek SPB, Dubai Al Maktoum, Jebel Ali SPB, and Dubai Creek SPB.<\/p>\n<h2>Kuwait to Dubai flights tips<\/h2>\n<p>\u2022\u00a0Kuwait City, Kuwait is 530 miles from Dubai.<\/p>\n<p>\u2022\u00a0There are forty-one weekly flights from Kuwait to Dubai.<\/p>\n<p>\u2022\u00a0Thirty-one non-stop flights are operating from Kuwait to Dubai.<\/p>\n<p>\u2022\u00a0Emirates has the most non-stop flights between Kuwait and Dubai.<\/p>\n<p>\u2022\u00a0Bahrain, Bahrain Intl is the most famous link for one stop flights between Dubai and Kuwait city.<\/p>\n<p>\u2022\u00a0The common Kuwait to Dubai flights cheap is one hour forty-seven minutes.<\/p>","protected":false},"excerpt":{"rendered":"<p>Looking for cheap airline ticket from Kuwait to Dubai\u00a0or last minute deals? Search, compare and book cheap airline ticket from Kuwait (KWI) to Dubai (DXB) online now. Book cheap flights from Kuwait to Dubai online and save money on airfare. Dubai is a city and emirate in the UAE famous for magnificence shopping, modern architecture [&hellip;]<\/p>\n","protected":false},"author":1,"featured_media":16474,"parent":0,"menu_order":0,"comment_status":"open","ping_status":"closed","template":"template-home-modern.php","meta":{"footnotes":""},"class_list":["post-11747","page","type-page","status-publish","has-post-thumbnail","hentry"],"yoast_head":"<!-- This site is optimized with the Yoast SEO plugin v27.3 - https:\/\/yoast.com\/product\/yoast-seo-wordpress\/ -->\n<title>Cheap Flights from\u00a0Kuwait to Dubai<\/title>\n<meta name=\"description\" content=\"Looking for cheap flights from\u00a0Kuwait to Dubai? Search, compare and book cheap airline ticket from Kuwait to Dubai online\" \/>\n<meta name=\"robots\" content=\"index, follow, max-snippet:-1, max-image-preview:large, max-video-preview:-1\" \/>\n<link rel=\"canonical\" href=\"https:\/\/tiketi.com\/fr-fr\/flights-kuwait-dubai-kwi-dxb\/\" \/>\n<meta property=\"og:locale\" content=\"fr_FR\" \/>\n<meta property=\"og:type\" content=\"article\" \/>\n<meta property=\"og:title\" content=\"Cheap Flights from\u00a0Kuwait to Dubai\" \/>\n<meta property=\"og:description\" content=\"Looking for cheap flights from\u00a0Kuwait to Dubai? Search, compare and book cheap airline ticket from Kuwait to Dubai online\" \/>\n<meta property=\"og:url\" content=\"https:\/\/tiketi.com\/fr-fr\/flights-kuwait-dubai-kwi-dxb\/\" \/>\n<meta property=\"og:site_name\" content=\"Tiketi.com\" \/>\n<meta property=\"article:publisher\" content=\"https:\/\/www.facebook.com\/TiketiCom\/\" \/>\n<meta property=\"article:modified_time\" content=\"2022-02-08T16:31:53+00:00\" \/>\n<meta property=\"og:image\" content=\"https:\/\/tiketi.com\/wp-content\/uploads\/2022\/02\/dubai-skyline-buildings-183.jpg\" \/>\n\t<meta property=\"og:image:width\" content=\"1200\" \/>\n\t<meta property=\"og:image:height\" content=\"202\" \/>\n\t<meta property=\"og:image:type\" content=\"image\/jpeg\" \/>\n<meta name=\"twitter:card\" content=\"summary_large_image\" \/>\n<meta name=\"twitter:label1\" content=\"Dur\u00e9e de lecture estim\u00e9e\" \/>\n\t<meta name=\"twitter:data1\" content=\"3 minutes\" \/>\n<script type=\"application\/ld+json\" class=\"yoast-schema-graph\">{\"@context\":\"https:\\\/\\\/schema.org\",\"@graph\":[{\"@type\":\"WebPage\",\"@id\":\"https:\\\/\\\/tiketi.com\\\/flights-kuwait-dubai-kwi-dxb\\\/\",\"url\":\"https:\\\/\\\/tiketi.com\\\/flights-kuwait-dubai-kwi-dxb\\\/\",\"name\":\"Cheap Flights from\u00a0Kuwait to Dubai\",\"isPartOf\":{\"@id\":\"https:\\\/\\\/tiketi.com\\\/#website\"},\"primaryImageOfPage\":{\"@id\":\"https:\\\/\\\/tiketi.com\\\/flights-kuwait-dubai-kwi-dxb\\\/#primaryimage\"},\"image\":{\"@id\":\"https:\\\/\\\/tiketi.com\\\/flights-kuwait-dubai-kwi-dxb\\\/#primaryimage\"},\"thumbnailUrl\":\"https:\\\/\\\/tiketi.com\\\/wp-content\\\/uploads\\\/2022\\\/02\\\/dubai-skyline-buildings-183.jpg\",\"datePublished\":\"2022-01-19T11:55:08+00:00\",\"dateModified\":\"2022-02-08T16:31:53+00:00\",\"description\":\"Looking for cheap flights from\u00a0Kuwait to Dubai? Search, compare and book cheap airline ticket from Kuwait to Dubai online\",\"breadcrumb\":{\"@id\":\"https:\\\/\\\/tiketi.com\\\/flights-kuwait-dubai-kwi-dxb\\\/#breadcrumb\"},\"inLanguage\":\"fr-FR\",\"potentialAction\":[{\"@type\":\"ReadAction\",\"target\":[\"https:\\\/\\\/tiketi.com\\\/flights-kuwait-dubai-kwi-dxb\\\/\"]}]},{\"@type\":\"ImageObject\",\"inLanguage\":\"fr-FR\",\"@id\":\"https:\\\/\\\/tiketi.com\\\/flights-kuwait-dubai-kwi-dxb\\\/#primaryimage\",\"url\":\"https:\\\/\\\/tiketi.com\\\/wp-content\\\/uploads\\\/2022\\\/02\\\/dubai-skyline-buildings-183.jpg\",\"contentUrl\":\"https:\\\/\\\/tiketi.com\\\/wp-content\\\/uploads\\\/2022\\\/02\\\/dubai-skyline-buildings-183.jpg\",\"width\":1200,\"height\":202,\"caption\":\"Air Taxi in Dubai\"},{\"@type\":\"BreadcrumbList\",\"@id\":\"https:\\\/\\\/tiketi.com\\\/flights-kuwait-dubai-kwi-dxb\\\/#breadcrumb\",\"itemListElement\":[{\"@type\":\"ListItem\",\"position\":1,\"name\":\"Home\",\"item\":\"https:\\\/\\\/tiketi.com\\\/\"},{\"@type\":\"ListItem\",\"position\":2,\"name\":\"Cheap Flights from\u00a0Kuwait to Dubai\"}]},{\"@type\":\"WebSite\",\"@id\":\"https:\\\/\\\/tiketi.com\\\/#website\",\"url\":\"https:\\\/\\\/tiketi.com\\\/\",\"name\":\"Flight & Bus Tickets, Tour Packages & Activitites - Tiketi.com\",\"description\":\"Flight &amp; Bus Tickets, Tours, Activitites\",\"publisher\":{\"@id\":\"https:\\\/\\\/tiketi.com\\\/#organization\"},\"potentialAction\":[{\"@type\":\"SearchAction\",\"target\":{\"@type\":\"EntryPoint\",\"urlTemplate\":\"https:\\\/\\\/tiketi.com\\\/?s={search_term_string}\"},\"query-input\":{\"@type\":\"PropertyValueSpecification\",\"valueRequired\":true,\"valueName\":\"search_term_string\"}}],\"inLanguage\":\"fr-FR\"},{\"@type\":\"Organization\",\"@id\":\"https:\\\/\\\/tiketi.com\\\/#organization\",\"name\":\"Tiketi.com\",\"alternateName\":\"Tiketi\",\"url\":\"https:\\\/\\\/tiketi.com\\\/\",\"logo\":{\"@type\":\"ImageObject\",\"inLanguage\":\"fr-FR\",\"@id\":\"https:\\\/\\\/tiketi.com\\\/#\\\/schema\\\/logo\\\/image\\\/\",\"url\":\"https:\\\/\\\/tiketi.com\\\/wp-content\\\/uploads\\\/2019\\\/05\\\/tiketi-logo-696.png\",\"contentUrl\":\"https:\\\/\\\/tiketi.com\\\/wp-content\\\/uploads\\\/2019\\\/05\\\/tiketi-logo-696.png\",\"width\":696,\"height\":696,\"caption\":\"Tiketi.com\"},\"image\":{\"@id\":\"https:\\\/\\\/tiketi.com\\\/#\\\/schema\\\/logo\\\/image\\\/\"},\"sameAs\":[\"https:\\\/\\\/www.facebook.com\\\/TiketiCom\\\/\"]}]}<\/script>\n<!-- \/ Yoast SEO plugin. -->","yoast_head_json":{"title":"Cheap Flights from\u00a0Kuwait to Dubai","description":"Looking for cheap flights from\u00a0Kuwait to Dubai? Search, compare and book cheap airline ticket from Kuwait to Dubai online","robots":{"index":"index","follow":"follow","max-snippet":"max-snippet:-1","max-image-preview":"max-image-preview:large","max-video-preview":"max-video-preview:-1"},"canonical":"https:\/\/tiketi.com\/fr-fr\/flights-kuwait-dubai-kwi-dxb\/","og_locale":"fr_FR","og_type":"article","og_title":"Cheap Flights from\u00a0Kuwait to Dubai","og_description":"Looking for cheap flights from\u00a0Kuwait to Dubai? Search, compare and book cheap airline ticket from Kuwait to Dubai online","og_url":"https:\/\/tiketi.com\/fr-fr\/flights-kuwait-dubai-kwi-dxb\/","og_site_name":"Tiketi.com","article_publisher":"https:\/\/www.facebook.com\/TiketiCom\/","article_modified_time":"2022-02-08T16:31:53+00:00","og_image":[{"width":1200,"height":202,"url":"https:\/\/tiketi.com\/wp-content\/uploads\/2022\/02\/dubai-skyline-buildings-183.jpg","type":"image\/jpeg"}],"twitter_card":"summary_large_image","twitter_misc":{"Dur\u00e9e de lecture estim\u00e9e":"3 minutes"},"schema":{"@context":"https:\/\/schema.org","@graph":[{"@type":"WebPage","@id":"https:\/\/tiketi.com\/flights-kuwait-dubai-kwi-dxb\/","url":"https:\/\/tiketi.com\/flights-kuwait-dubai-kwi-dxb\/","name":"Cheap Flights from\u00a0Kuwait to Dubai","isPartOf":{"@id":"https:\/\/tiketi.com\/#website"},"primaryImageOfPage":{"@id":"https:\/\/tiketi.com\/flights-kuwait-dubai-kwi-dxb\/#primaryimage"},"image":{"@id":"https:\/\/tiketi.com\/flights-kuwait-dubai-kwi-dxb\/#primaryimage"},"thumbnailUrl":"https:\/\/tiketi.com\/wp-content\/uploads\/2022\/02\/dubai-skyline-buildings-183.jpg","datePublished":"2022-01-19T11:55:08+00:00","dateModified":"2022-02-08T16:31:53+00:00","description":"Looking for cheap flights from\u00a0Kuwait to Dubai? Search, compare and book cheap airline ticket from Kuwait to Dubai online","breadcrumb":{"@id":"https:\/\/tiketi.com\/flights-kuwait-dubai-kwi-dxb\/#breadcrumb"},"inLanguage":"fr-FR","potentialAction":[{"@type":"ReadAction","target":["https:\/\/tiketi.com\/flights-kuwait-dubai-kwi-dxb\/"]}]},{"@type":"ImageObject","inLanguage":"fr-FR","@id":"https:\/\/tiketi.com\/flights-kuwait-dubai-kwi-dxb\/#primaryimage","url":"https:\/\/tiketi.com\/wp-content\/uploads\/2022\/02\/dubai-skyline-buildings-183.jpg","contentUrl":"https:\/\/tiketi.com\/wp-content\/uploads\/2022\/02\/dubai-skyline-buildings-183.jpg","width":1200,"height":202,"caption":"Air Taxi in Dubai"},{"@type":"BreadcrumbList","@id":"https:\/\/tiketi.com\/flights-kuwait-dubai-kwi-dxb\/#breadcrumb","itemListElement":[{"@type":"ListItem","position":1,"name":"Home","item":"https:\/\/tiketi.com\/"},{"@type":"ListItem","position":2,"name":"Cheap Flights from\u00a0Kuwait to Dubai"}]},{"@type":"WebSite","@id":"https:\/\/tiketi.com\/#website","url":"https:\/\/tiketi.com\/","name":"Billets d&#039;avion et de bus, forfaits touristiques et activit\u00e9s - Tiketi.com","description":"Billets d&#039;avion et de bus, Tours, Activit\u00e9s","publisher":{"@id":"https:\/\/tiketi.com\/#organization"},"potentialAction":[{"@type":"SearchAction","target":{"@type":"EntryPoint","urlTemplate":"https:\/\/tiketi.com\/?s={search_term_string}"},"query-input":{"@type":"PropertyValueSpecification","valueRequired":true,"valueName":"search_term_string"}}],"inLanguage":"fr-FR"},{"@type":"Organization","@id":"https:\/\/tiketi.com\/#organization","name":"Tiketi.com","alternateName":"Tiketi","url":"https:\/\/tiketi.com\/","logo":{"@type":"ImageObject","inLanguage":"fr-FR","@id":"https:\/\/tiketi.com\/#\/schema\/logo\/image\/","url":"https:\/\/tiketi.com\/wp-content\/uploads\/2019\/05\/tiketi-logo-696.png","contentUrl":"https:\/\/tiketi.com\/wp-content\/uploads\/2019\/05\/tiketi-logo-696.png","width":696,"height":696,"caption":"Tiketi.com"},"image":{"@id":"https:\/\/tiketi.com\/#\/schema\/logo\/image\/"},"sameAs":["https:\/\/www.facebook.com\/TiketiCom\/"]}]}},"_links":{"self":[{"href":"https:\/\/tiketi.com\/fr-fr\/wp-json\/wp\/v2\/pages\/11747","targetHints":{"allow":["GET"]}}],"collection":[{"href":"https:\/\/tiketi.com\/fr-fr\/wp-json\/wp\/v2\/pages"}],"about":[{"href":"https:\/\/tiketi.com\/fr-fr\/wp-json\/wp\/v2\/types\/page"}],"author":[{"embeddable":true,"href":"https:\/\/tiketi.com\/fr-fr\/wp-json\/wp\/v2\/users\/1"}],"replies":[{"embeddable":true,"href":"https:\/\/tiketi.com\/fr-fr\/wp-json\/wp\/v2\/comments?post=11747"}],"version-history":[{"count":0,"href":"https:\/\/tiketi.com\/fr-fr\/wp-json\/wp\/v2\/pages\/11747\/revisions"}],"wp:featuredmedia":[{"embeddable":true,"href":"https:\/\/tiketi.com\/fr-fr\/wp-json\/wp\/v2\/media\/16474"}],"wp:attachment":[{"href":"https:\/\/tiketi.com\/fr-fr\/wp-json\/wp\/v2\/media?parent=11747"}],"curies":[{"name":"wp","href":"https:\/\/api.w.org\/{rel}","templated":true}]}}