{"id":11749,"date":"2022-01-19T12:55:10","date_gmt":"2022-01-19T11:55:10","guid":{"rendered":"https:\/\/new.tiketi.com\/cheap-flights-from-dubai-to-muscat\/"},"modified":"2022-02-08T10:48:40","modified_gmt":"2022-02-08T09:48:40","slug":"flights-dubai-muscat-dxb-mct","status":"publish","type":"page","link":"https:\/\/tiketi.com\/fr-fr\/flights-dubai-muscat-dxb-mct\/","title":{"rendered":"Vols pas chers de Duba\u00ef \u00e0 Mascate"},"content":{"rendered":"<h2>Vous cherchez un billet d&#039;avion pas cher \u00e0 partir de Duba\u00ef pour Mascate ou des offres de derni\u00e8re minute ?<\/h2>\n<h3>Recherchez, comparez et r\u00e9servez d\u00e8s maintenant un billet d&#039;avion pas cher de Duba\u00ef (DXB) \u00e0 Mascate (MCT).<\/h3>\n<p>R\u00e9servez des vols pas chers de Duba\u00ef \u00e0 Mascate en ligne avec Tiketi.com pour b\u00e9n\u00e9ficier des meilleures offres. Mascate, capitale portuaire d&#039;Oman, situ\u00e9e sur le golfe d&#039;Oman, entour\u00e9e de montagnes et de desserts. Sa nouvelle Grande Mosqu\u00e9e du Sultan Qaboos, rev\u00eatue de marbre, avec un d\u00f4me de 50 m et un tapis persan exceptionnel, peut accueillir 20 000 personnes. Visitez Mascate gr\u00e2ce \u00e0 des offres exceptionnelles sur les billets d&#039;avion de Duba\u00ef \u00e0 Mascate et volez des vols Duba\u00ef \u00e0 Mascate \u00e0 bas prix.<\/p>\n<h2>Voici quelques-unes des meilleures attractions de Mascate<\/h2>\n<h3>Grande mosqu\u00e9e<\/h3>\n<p>La Grande Mosqu\u00e9e du Sultan Qaboos est la plus grande mosqu\u00e9e d&#039;Oman avec une superficie de 416 000 m2 et une capacit\u00e9 de plus de 20 000 fid\u00e8les ; 8 100 personnes peuvent y entrer et la cour peut simplement en accueillir jusqu&#039;\u00e0 12 000. Cette mosqu\u00e9e est l&#039;une des rares mosqu\u00e9es d&#039;Arabie \u00e0 autoriser l&#039;entr\u00e9e aux visiteurs non musulmans.<\/p>\n<h3>Op\u00e9ra Royal<\/h3>\n<p>Le Royal Opera House est le meilleur endroit d&#039;Oman pour les arts, la musique et la culture. Le complexe se compose d&#039;un auditorium, d&#039;un th\u00e9\u00e2tre, de jardins paysagers, d&#039;un centre d&#039;art et de march\u00e9s culturels pouvant accueillir jusqu&#039;\u00e0 1 000 personnes. La construction du Royal Opera House a \u00e9t\u00e9 command\u00e9e en 2001 par le sultan Qaboos d&#039;Oman, grand passionn\u00e9 d&#039;art et de musique classiques.<\/p>\n<h3>Wadi Bani Khalid<\/h3>\n<p>Etant l&#039;un des oueds les plus populaires de la r\u00e9gion d&#039;Al Sharqiyah \u00e0 Oman, Wadi Bani Khalid est c\u00e9l\u00e8bre pour ses grandes piscines d&#039;eau vert \u00e9meraude bord\u00e9es de grands palmiers. Contrairement aux autres oueds d&#039;Oman qui sont secs pendant les mois chauds, le Wadi Bani Khalid est r\u00e9put\u00e9 pour son d\u00e9bit d&#039;eau continu tout au long de l&#039;ann\u00e9e.<\/p>\n<h2>FAQ sur les vols pas chers de Duba\u00ef \u00e0 Mascate<\/h2>\n<h3>Quelle est la distance entre Mascate et Duba\u00ef ?<\/h3>\n<p>La distance des vols de Mascate au d\u00e9part de Duba\u00ef est de 347 kilom\u00e8tres.<\/p>\n<h3>Quelle est la dur\u00e9e du vol Duba\u00ef - Mascate ?<\/h3>\n<p>La dur\u00e9e moyenne du vol Duba\u00ef-Mascate est d&#039;une heure et dix minutes.<\/p>\n<h3>Quelle est la fr\u00e9quence des vols directs Duba\u00ef-Mascate ?<\/h3>\n<p>Il existe 112 vols directs de Duba\u00ef \u00e0 Mascate.<\/p>\n<h3>Quelles sont les compagnies a\u00e9riennes les plus connues de Duba\u00ef pour des vols directs de Duba\u00ef \u00e0 Mascate ?<\/h3>\n<p>Oman Air propose 43 % des vols sans escale entre Mascate et Duba\u00ef.<\/p>\n<h3>Combien de compagnies a\u00e9riennes proposent des vols pas chers entre Duba\u00ef et Mascate ?<\/h3>\n<p>Cinq compagnies a\u00e9riennes proposent des vols directs de Duba\u00ef \u00e0 Mascate.<\/p>\n<h3>Combien de vols y a-t-il entre Mascate et Duba\u00ef ?<\/h3>\n<p>Il y a 630 vols entre Mascate et Duba\u00ef par semaine, soit en moyenne quatre-vingt-dix par jour.<\/p>\n<h3>Quelles compagnies a\u00e9riennes op\u00e8rent le plus de vols entre Mascate et Duba\u00ef ?<\/h3>\n<p>Oman Air (25 fois par jour), flydubai (14 fois par jour), Emirates (23 fois par jour) sont les voyageurs les plus r\u00e9guliers sur cette route.<\/p>\n<h2>Conseils pour les vols de Duba\u00ef \u00e0 Mascate<\/h2>\n<p>\u2022 R\u00e9servez votre billet d&#039;avion de Duba\u00ef \u00e0 Mascate au moins une semaine avant le d\u00e9part afin d&#039;obtenir un prix inf\u00e9rieur \u00e0 la moyenne.<\/p>\n<p>\u2022 La haute saison est consid\u00e9r\u00e9e comme septembre, ao\u00fbt et octobre. Le mois le moins cher pour voyager est janvier.<\/p>","protected":false},"excerpt":{"rendered":"<p>Looking for cheap airline ticket from Dubai to Muscat&nbsp;or last minute deals? Search, compare and book cheap airline ticket from Dubai (DXB) to Muscat (MCT) online now. Book cheap flights from Dubai to Muscat online with Tiketi.com for the best deals.&nbsp;Muscat, Oman&#8217;s port capital, place on the Oman Gulf surrounded by mountains and desserts. Its [&hellip;]<\/p>\n","protected":false},"author":1,"featured_media":14041,"parent":0,"menu_order":0,"comment_status":"open","ping_status":"closed","template":"template-home-modern.php","meta":{"footnotes":""},"class_list":["post-11749","page","type-page","status-publish","has-post-thumbnail","hentry"],"yoast_head":"<!-- This site is optimized with the Yoast SEO plugin v27.4 - https:\/\/yoast.com\/product\/yoast-seo-wordpress\/ -->\n<title>Cheap Flights from\u00a0Dubai to Muscat<\/title>\n<meta name=\"description\" content=\"Looking for cheap flights from\u00a0Dubai to Muscat? Search, compare and book cheap airline ticket from Dubai to Muscat online\" \/>\n<meta name=\"robots\" content=\"index, follow, max-snippet:-1, max-image-preview:large, max-video-preview:-1\" \/>\n<link rel=\"canonical\" href=\"https:\/\/tiketi.com\/fr-fr\/flights-dubai-muscat-dxb-mct\/\" \/>\n<meta property=\"og:locale\" content=\"fr_FR\" \/>\n<meta property=\"og:type\" content=\"article\" \/>\n<meta property=\"og:title\" content=\"Cheap Flights from\u00a0Dubai to Muscat\" \/>\n<meta property=\"og:description\" content=\"Looking for cheap flights from\u00a0Dubai to Muscat? Search, compare and book cheap airline ticket from Dubai to Muscat online\" \/>\n<meta property=\"og:url\" content=\"https:\/\/tiketi.com\/fr-fr\/flights-dubai-muscat-dxb-mct\/\" \/>\n<meta property=\"og:site_name\" content=\"Tiketi.com\" \/>\n<meta property=\"article:publisher\" content=\"https:\/\/www.facebook.com\/TiketiCom\/\" \/>\n<meta property=\"article:modified_time\" content=\"2022-02-08T09:48:40+00:00\" \/>\n<meta property=\"og:image\" content=\"https:\/\/tiketi.com\/wp-content\/uploads\/2022\/01\/flight-ticket-booking-sorasak-KxCJXXGsv9I-unsplas.jpg\" \/>\n\t<meta property=\"og:image:width\" content=\"1200\" \/>\n\t<meta property=\"og:image:height\" content=\"240\" \/>\n\t<meta property=\"og:image:type\" content=\"image\/jpeg\" \/>\n<meta name=\"twitter:card\" content=\"summary_large_image\" \/>\n<meta name=\"twitter:label1\" content=\"Dur\u00e9e de lecture estim\u00e9e\" \/>\n\t<meta name=\"twitter:data1\" content=\"3 minutes\" \/>\n<script type=\"application\/ld+json\" class=\"yoast-schema-graph\">{\"@context\":\"https:\\\/\\\/schema.org\",\"@graph\":[{\"@type\":\"WebPage\",\"@id\":\"https:\\\/\\\/tiketi.com\\\/fr-fr\\\/flights-dubai-muscat-dxb-mct\\\/\",\"url\":\"https:\\\/\\\/tiketi.com\\\/fr-fr\\\/flights-dubai-muscat-dxb-mct\\\/\",\"name\":\"Cheap Flights from\u00a0Dubai to Muscat\",\"isPartOf\":{\"@id\":\"https:\\\/\\\/tiketi.com\\\/#website\"},\"primaryImageOfPage\":{\"@id\":\"https:\\\/\\\/tiketi.com\\\/fr-fr\\\/flights-dubai-muscat-dxb-mct\\\/#primaryimage\"},\"image\":{\"@id\":\"https:\\\/\\\/tiketi.com\\\/fr-fr\\\/flights-dubai-muscat-dxb-mct\\\/#primaryimage\"},\"thumbnailUrl\":\"https:\\\/\\\/tiketi.com\\\/wp-content\\\/uploads\\\/2022\\\/01\\\/flight-ticket-booking-sorasak-KxCJXXGsv9I-unsplas.jpg\",\"datePublished\":\"2022-01-19T11:55:10+00:00\",\"dateModified\":\"2022-02-08T09:48:40+00:00\",\"description\":\"Looking for cheap flights from\u00a0Dubai to Muscat? Search, compare and book cheap airline ticket from Dubai to Muscat online\",\"breadcrumb\":{\"@id\":\"https:\\\/\\\/tiketi.com\\\/fr-fr\\\/flights-dubai-muscat-dxb-mct\\\/#breadcrumb\"},\"inLanguage\":\"fr-FR\",\"potentialAction\":[{\"@type\":\"ReadAction\",\"target\":[\"https:\\\/\\\/tiketi.com\\\/fr-fr\\\/flights-dubai-muscat-dxb-mct\\\/\"]}]},{\"@type\":\"ImageObject\",\"inLanguage\":\"fr-FR\",\"@id\":\"https:\\\/\\\/tiketi.com\\\/fr-fr\\\/flights-dubai-muscat-dxb-mct\\\/#primaryimage\",\"url\":\"https:\\\/\\\/tiketi.com\\\/wp-content\\\/uploads\\\/2022\\\/01\\\/flight-ticket-booking-sorasak-KxCJXXGsv9I-unsplas.jpg\",\"contentUrl\":\"https:\\\/\\\/tiketi.com\\\/wp-content\\\/uploads\\\/2022\\\/01\\\/flight-ticket-booking-sorasak-KxCJXXGsv9I-unsplas.jpg\",\"width\":1200,\"height\":240,\"caption\":\"Online flight ticket booking\"},{\"@type\":\"BreadcrumbList\",\"@id\":\"https:\\\/\\\/tiketi.com\\\/fr-fr\\\/flights-dubai-muscat-dxb-mct\\\/#breadcrumb\",\"itemListElement\":[{\"@type\":\"ListItem\",\"position\":1,\"name\":\"Home\",\"item\":\"https:\\\/\\\/tiketi.com\\\/\"},{\"@type\":\"ListItem\",\"position\":2,\"name\":\"Cheap Flights from\u00a0Dubai to Muscat\"}]},{\"@type\":\"WebSite\",\"@id\":\"https:\\\/\\\/tiketi.com\\\/#website\",\"url\":\"https:\\\/\\\/tiketi.com\\\/\",\"name\":\"Flight & Bus Tickets, Tour Packages & Activitites - Tiketi.com\",\"description\":\"Flight &amp; Bus Tickets, Tours, Activitites\",\"publisher\":{\"@id\":\"https:\\\/\\\/tiketi.com\\\/#organization\"},\"potentialAction\":[{\"@type\":\"SearchAction\",\"target\":{\"@type\":\"EntryPoint\",\"urlTemplate\":\"https:\\\/\\\/tiketi.com\\\/?s={search_term_string}\"},\"query-input\":{\"@type\":\"PropertyValueSpecification\",\"valueRequired\":true,\"valueName\":\"search_term_string\"}}],\"inLanguage\":\"fr-FR\"},{\"@type\":\"Organization\",\"@id\":\"https:\\\/\\\/tiketi.com\\\/#organization\",\"name\":\"Tiketi.com\",\"alternateName\":\"Tiketi\",\"url\":\"https:\\\/\\\/tiketi.com\\\/\",\"logo\":{\"@type\":\"ImageObject\",\"inLanguage\":\"fr-FR\",\"@id\":\"https:\\\/\\\/tiketi.com\\\/#\\\/schema\\\/logo\\\/image\\\/\",\"url\":\"https:\\\/\\\/tiketi.com\\\/wp-content\\\/uploads\\\/2019\\\/05\\\/tiketi-logo-696.png\",\"contentUrl\":\"https:\\\/\\\/tiketi.com\\\/wp-content\\\/uploads\\\/2019\\\/05\\\/tiketi-logo-696.png\",\"width\":696,\"height\":696,\"caption\":\"Tiketi.com\"},\"image\":{\"@id\":\"https:\\\/\\\/tiketi.com\\\/#\\\/schema\\\/logo\\\/image\\\/\"},\"sameAs\":[\"https:\\\/\\\/www.facebook.com\\\/TiketiCom\\\/\"]}]}<\/script>\n<!-- \/ Yoast SEO plugin. -->","yoast_head_json":{"title":"Vols pas chers de Duba\u00ef \u00e0 Mascate","description":"Vous recherchez des vols \u00e0 bas prix au Duba\u00ef vers Mascate? Recherchez, comparez et r\u00e9servez un billet d&#039;avion pas cher de Duba\u00ef \u00e0 Mascate en ligne","robots":{"index":"index","follow":"follow","max-snippet":"max-snippet:-1","max-image-preview":"max-image-preview:large","max-video-preview":"max-video-preview:-1"},"canonical":"https:\/\/tiketi.com\/fr-fr\/flights-dubai-muscat-dxb-mct\/","og_locale":"fr_FR","og_type":"article","og_title":"Cheap Flights from\u00a0Dubai to Muscat","og_description":"Looking for cheap flights from\u00a0Dubai to Muscat? Search, compare and book cheap airline ticket from Dubai to Muscat online","og_url":"https:\/\/tiketi.com\/fr-fr\/flights-dubai-muscat-dxb-mct\/","og_site_name":"Tiketi.com","article_publisher":"https:\/\/www.facebook.com\/TiketiCom\/","article_modified_time":"2022-02-08T09:48:40+00:00","og_image":[{"width":1200,"height":240,"url":"https:\/\/tiketi.com\/wp-content\/uploads\/2022\/01\/flight-ticket-booking-sorasak-KxCJXXGsv9I-unsplas.jpg","type":"image\/jpeg"}],"twitter_card":"summary_large_image","twitter_misc":{"Dur\u00e9e de lecture estim\u00e9e":"3 minutes"},"schema":{"@context":"https:\/\/schema.org","@graph":[{"@type":"WebPage","@id":"https:\/\/tiketi.com\/fr-fr\/flights-dubai-muscat-dxb-mct\/","url":"https:\/\/tiketi.com\/fr-fr\/flights-dubai-muscat-dxb-mct\/","name":"Vols pas chers de Duba\u00ef \u00e0 Mascate","isPartOf":{"@id":"https:\/\/tiketi.com\/#website"},"primaryImageOfPage":{"@id":"https:\/\/tiketi.com\/fr-fr\/flights-dubai-muscat-dxb-mct\/#primaryimage"},"image":{"@id":"https:\/\/tiketi.com\/fr-fr\/flights-dubai-muscat-dxb-mct\/#primaryimage"},"thumbnailUrl":"https:\/\/tiketi.com\/wp-content\/uploads\/2022\/01\/flight-ticket-booking-sorasak-KxCJXXGsv9I-unsplas.jpg","datePublished":"2022-01-19T11:55:10+00:00","dateModified":"2022-02-08T09:48:40+00:00","description":"Vous recherchez des vols \u00e0 bas prix au Duba\u00ef vers Mascate? Recherchez, comparez et r\u00e9servez un billet d&#039;avion pas cher de Duba\u00ef \u00e0 Mascate en ligne","breadcrumb":{"@id":"https:\/\/tiketi.com\/fr-fr\/flights-dubai-muscat-dxb-mct\/#breadcrumb"},"inLanguage":"fr-FR","potentialAction":[{"@type":"ReadAction","target":["https:\/\/tiketi.com\/fr-fr\/flights-dubai-muscat-dxb-mct\/"]}]},{"@type":"ImageObject","inLanguage":"fr-FR","@id":"https:\/\/tiketi.com\/fr-fr\/flights-dubai-muscat-dxb-mct\/#primaryimage","url":"https:\/\/tiketi.com\/wp-content\/uploads\/2022\/01\/flight-ticket-booking-sorasak-KxCJXXGsv9I-unsplas.jpg","contentUrl":"https:\/\/tiketi.com\/wp-content\/uploads\/2022\/01\/flight-ticket-booking-sorasak-KxCJXXGsv9I-unsplas.jpg","width":1200,"height":240,"caption":"Online flight ticket booking"},{"@type":"BreadcrumbList","@id":"https:\/\/tiketi.com\/fr-fr\/flights-dubai-muscat-dxb-mct\/#breadcrumb","itemListElement":[{"@type":"ListItem","position":1,"name":"Home","item":"https:\/\/tiketi.com\/"},{"@type":"ListItem","position":2,"name":"Cheap Flights from\u00a0Dubai to Muscat"}]},{"@type":"WebSite","@id":"https:\/\/tiketi.com\/#website","url":"https:\/\/tiketi.com\/","name":"Billets d&#039;avion et de bus, forfaits touristiques et activit\u00e9s - Tiketi.com","description":"Billets d&#039;avion et de bus, Tours, Activit\u00e9s","publisher":{"@id":"https:\/\/tiketi.com\/#organization"},"potentialAction":[{"@type":"SearchAction","target":{"@type":"EntryPoint","urlTemplate":"https:\/\/tiketi.com\/?s={search_term_string}"},"query-input":{"@type":"PropertyValueSpecification","valueRequired":true,"valueName":"search_term_string"}}],"inLanguage":"fr-FR"},{"@type":"Organization","@id":"https:\/\/tiketi.com\/#organization","name":"Tiketi.com","alternateName":"Tiketi","url":"https:\/\/tiketi.com\/","logo":{"@type":"ImageObject","inLanguage":"fr-FR","@id":"https:\/\/tiketi.com\/#\/schema\/logo\/image\/","url":"https:\/\/tiketi.com\/wp-content\/uploads\/2019\/05\/tiketi-logo-696.png","contentUrl":"https:\/\/tiketi.com\/wp-content\/uploads\/2019\/05\/tiketi-logo-696.png","width":696,"height":696,"caption":"Tiketi.com"},"image":{"@id":"https:\/\/tiketi.com\/#\/schema\/logo\/image\/"},"sameAs":["https:\/\/www.facebook.com\/TiketiCom\/"]}]}},"_links":{"self":[{"href":"https:\/\/tiketi.com\/fr-fr\/wp-json\/wp\/v2\/pages\/11749","targetHints":{"allow":["GET"]}}],"collection":[{"href":"https:\/\/tiketi.com\/fr-fr\/wp-json\/wp\/v2\/pages"}],"about":[{"href":"https:\/\/tiketi.com\/fr-fr\/wp-json\/wp\/v2\/types\/page"}],"author":[{"embeddable":true,"href":"https:\/\/tiketi.com\/fr-fr\/wp-json\/wp\/v2\/users\/1"}],"replies":[{"embeddable":true,"href":"https:\/\/tiketi.com\/fr-fr\/wp-json\/wp\/v2\/comments?post=11749"}],"version-history":[{"count":0,"href":"https:\/\/tiketi.com\/fr-fr\/wp-json\/wp\/v2\/pages\/11749\/revisions"}],"wp:featuredmedia":[{"embeddable":true,"href":"https:\/\/tiketi.com\/fr-fr\/wp-json\/wp\/v2\/media\/14041"}],"wp:attachment":[{"href":"https:\/\/tiketi.com\/fr-fr\/wp-json\/wp\/v2\/media?parent=11749"}],"curies":[{"name":"wp","href":"https:\/\/api.w.org\/{rel}","templated":true}]}}