{"id":11752,"date":"2022-01-19T12:55:10","date_gmt":"2022-01-19T11:55:10","guid":{"rendered":"https:\/\/new.tiketi.com\/cheap-flights-from-dubai-to-delhi\/"},"modified":"2022-02-08T09:40:28","modified_gmt":"2022-02-08T08:40:28","slug":"flights-dubai-delhi-dxb-del","status":"publish","type":"page","link":"https:\/\/tiketi.com\/fr-fr\/flights-dubai-delhi-dxb-del\/","title":{"rendered":"Vols pas chers de Duba\u00ef \u00e0 Delhi"},"content":{"rendered":"<h2>Vous cherchez un billet d&#039;avion pas cher \u00e0 partir de Duba\u00ef pour Delhi ou des offres de derni\u00e8re minute ?<\/h2>\n<h3>Recherchez, comparez et r\u00e9servez d\u00e8s maintenant un billet d&#039;avion pas cher de Duba\u00ef (DXB) \u00e0 Delhi (DEL) en ligne.<\/h3>\n<p>R\u00e9servez des vols pas chers de Duba\u00ef \u00e0 Delhia en ligne avec Tiketi.com pour b\u00e9n\u00e9ficier des meilleures offres. Delhi est \u00e0 la fois une r\u00e9gion syndicale au sein de l\u2019Inde et une ville, et pr\u00e9sente deux mondes tr\u00e8s diff\u00e9rents : Old Delhi et New Delhi. Delhi, l&#039;une des r\u00e9gions les plus c\u00e9l\u00e8bres de la plan\u00e8te, est un m\u00e9lange enivrant de modernit\u00e9 et de tradition, vital \u00e0 la fois en tant que centre religieux et porte d&#039;entr\u00e9e internationale la plus fr\u00e9quent\u00e9e de l&#039;Inde. Comparez les prix et obtenez le tarif d&#039;avion le plus bas sur les billets d&#039;avion de Duba\u00ef \u00e0 Delhi et volez des vols de Duba\u00ef \u00e0 Delhi \u00e0 bas prix.<\/p>\n<h2>Voici quelques-unes des meilleures attractions de Delhi<\/h2>\n<h3>fort Rouge<\/h3>\n<p>Le charmant Fort Rouge a \u00e9t\u00e9 construit par Shah Jahan en 1648 et a servi de si\u00e8ge du pouvoir moghol jusqu&#039;en 1857. Cette \u00e9tonnante structure, avec ses hauts murs de gr\u00e8s rouge, couvre une superficie de plus de 2 kilom\u00e8tres carr\u00e9s, dont l&#039;int\u00e9gralit\u00e9 est en forme de croissant. et bord\u00e9 par des douves. Cette magnifique entr\u00e9e principale, la Porte de Lahore, doit son nom au fait qu&#039;elle fait face \u00e0 Lahore au Pakistan, tandis que la Porte de Delhi, encore plus grande, \u00e9tait utilis\u00e9e par le souverain pour les processions c\u00e9r\u00e9monielles.<\/p>\n<h3>Qutub Minar<\/h3>\n<p>Achev\u00e9 au XIIe si\u00e8cle, le charmant minaret Qutub Minar, le plus haut de l&#039;Inde et d\u00e9sormais inscrit au patrimoine mondial de l&#039;UNESCO, attire de nombreux visiteurs du monde entier d\u00e9sireux de grimper au sommet pour ses vues magnifiques sur les environs.<\/p>\n<h3>Gurudwara Bangla Sahib<\/h3>\n<p>Lieu de culte sikh le plus important de Delhi, le Gurdwara Bangla Sahib du XVIIIe si\u00e8cle se trouve \u00e0 proximit\u00e9 de Connaught Place et m\u00e9rite une visite. Les points forts incluent sa magnifique piscine, le Sarovar, au c\u0153ur de ce grand complexe, ainsi que son d\u00f4me dor\u00e9 et son m\u00e2t de drapeau populaires.<\/p>\n<h2>FAQ sur les vols pas chers de Duba\u00ef \u00e0 Delhi<\/h2>\n<h3>Quelle est la distance entre Delhi et Duba\u00ef ?<\/h3>\n<p>La distance entre les vols de Delhi et Duba\u00ef est de 2 182 kilom\u00e8tres.<\/p>\n<h3>Quelle est la dur\u00e9e du vol Duba\u00ef-Delhi ?<\/h3>\n<p>La dur\u00e9e moyenne du vol Duba\u00ef-Delhi est de trois heures et vingt-cinq minutes.<\/p>\n<h3>Quelle est la fr\u00e9quence des vols directs de Duba\u00ef \u00e0 Delhi ?<\/h3>\n<p>Il existe soixante-seize vols directs de Duba\u00ef \u00e0 Delhi.<\/p>\n<h3>Quelles sont les compagnies a\u00e9riennes les plus connues de Duba\u00ef pour des billets d&#039;avion directs de Duba\u00ef \u00e0 Delhi ?<\/h3>\n<p>Emirates propose 36 % des vols sans escale entre Delhi et Duba\u00ef.<\/p>\n<h3>Quelles sont les compagnies a\u00e9riennes connues pour leurs vols les moins chers de Duba\u00ef \u00e0 Delhi ?<\/h3>\n<p>Les compagnies a\u00e9riennes bon march\u00e9 de Duba\u00ef \u00e0 Delhi sont FlyDubai, Air Indian Express et Air Arabia.<\/p>\n<h3>En moyenne, combien de vols pas chers de Duba\u00ef \u00e0 Delhi partent par semaine ?<\/h3>\n<p>Il y a 105 vols par semaine entre Duba\u00ef et New Delhi.<\/p>\n<h3>Combien de compagnies a\u00e9riennes proposent des vols pas chers entre Duba\u00ef et Delhi ?<\/h3>\n<p>Sept compagnies a\u00e9riennes proposent des vols de Duba\u00ef \u00e0 Delhi.<\/p>\n<h2>Conseils pour les vols de Duba\u00ef \u00e0 Delhi<\/h2>\n<p>\u2022 Votre vol de Duba\u00ef \u00e0 Delhi prendra environ trois heures et 45 minutes.<\/p>\n<p>\u2022 Choisissez parmi jusqu&#039;\u00e0 7 vols chaque semaine de Duba\u00ef \u00e0 Delhi.<\/p>\n<p>&nbsp;<\/p>","protected":false},"excerpt":{"rendered":"<p>Looking for cheap airline ticket from Dubai to Delhi\u00a0or last minute deals? Search, compare and book cheap airline ticket from Dubai (DXB) to Delhi (DEL) online now. Book cheap flights from Dubai to Delhia online with Tiketi.com for the best deals. Delhi is both a union region within India, \u00a0as well as city, and specs [&hellip;]<\/p>\n","protected":false},"author":1,"featured_media":17050,"parent":0,"menu_order":0,"comment_status":"open","ping_status":"closed","template":"template-home-modern.php","meta":{"footnotes":""},"class_list":["post-11752","page","type-page","status-publish","has-post-thumbnail","hentry"],"yoast_head":"<!-- This site is optimized with the Yoast SEO plugin v27.3 - https:\/\/yoast.com\/product\/yoast-seo-wordpress\/ -->\n<title>Cheap Flights from\u00a0Dubai to Delhi<\/title>\n<meta name=\"description\" content=\"Looking for cheap flights from\u00a0Dubai to Delhi? Search, compare and book cheap airline ticket from Dubai to Delhi online\" \/>\n<meta name=\"robots\" content=\"index, follow, max-snippet:-1, max-image-preview:large, max-video-preview:-1\" \/>\n<link rel=\"canonical\" href=\"https:\/\/tiketi.com\/fr-fr\/flights-dubai-delhi-dxb-del\/\" \/>\n<meta property=\"og:locale\" content=\"fr_FR\" \/>\n<meta property=\"og:type\" content=\"article\" \/>\n<meta property=\"og:title\" content=\"Cheap Flights from\u00a0Dubai to Delhi\" \/>\n<meta property=\"og:description\" content=\"Looking for cheap flights from\u00a0Dubai to Delhi? Search, compare and book cheap airline ticket from Dubai to Delhi online\" \/>\n<meta property=\"og:url\" content=\"https:\/\/tiketi.com\/fr-fr\/flights-dubai-delhi-dxb-del\/\" \/>\n<meta property=\"og:site_name\" content=\"Tiketi.com\" \/>\n<meta property=\"article:publisher\" content=\"https:\/\/www.facebook.com\/TiketiCom\/\" \/>\n<meta property=\"article:modified_time\" content=\"2022-02-08T08:40:28+00:00\" \/>\n<meta property=\"og:image\" content=\"https:\/\/tiketi.com\/wp-content\/uploads\/2022\/02\/delhi-jama-masjid-3734412_1.jpg\" \/>\n\t<meta property=\"og:image:width\" content=\"1200\" \/>\n\t<meta property=\"og:image:height\" content=\"201\" \/>\n\t<meta property=\"og:image:type\" content=\"image\/jpeg\" \/>\n<meta name=\"twitter:card\" content=\"summary_large_image\" \/>\n<meta name=\"twitter:label1\" content=\"Dur\u00e9e de lecture estim\u00e9e\" \/>\n\t<meta name=\"twitter:data1\" content=\"3 minutes\" \/>\n<script type=\"application\/ld+json\" class=\"yoast-schema-graph\">{\"@context\":\"https:\\\/\\\/schema.org\",\"@graph\":[{\"@type\":\"WebPage\",\"@id\":\"https:\\\/\\\/tiketi.com\\\/flights-dubai-delhi-dxb-del\\\/\",\"url\":\"https:\\\/\\\/tiketi.com\\\/flights-dubai-delhi-dxb-del\\\/\",\"name\":\"Cheap Flights from\u00a0Dubai to Delhi\",\"isPartOf\":{\"@id\":\"https:\\\/\\\/tiketi.com\\\/#website\"},\"primaryImageOfPage\":{\"@id\":\"https:\\\/\\\/tiketi.com\\\/flights-dubai-delhi-dxb-del\\\/#primaryimage\"},\"image\":{\"@id\":\"https:\\\/\\\/tiketi.com\\\/flights-dubai-delhi-dxb-del\\\/#primaryimage\"},\"thumbnailUrl\":\"https:\\\/\\\/tiketi.com\\\/wp-content\\\/uploads\\\/2022\\\/02\\\/delhi-jama-masjid-3734412_1.jpg\",\"datePublished\":\"2022-01-19T11:55:10+00:00\",\"dateModified\":\"2022-02-08T08:40:28+00:00\",\"description\":\"Looking for cheap flights from\u00a0Dubai to Delhi? Search, compare and book cheap airline ticket from Dubai to Delhi online\",\"breadcrumb\":{\"@id\":\"https:\\\/\\\/tiketi.com\\\/flights-dubai-delhi-dxb-del\\\/#breadcrumb\"},\"inLanguage\":\"fr-FR\",\"potentialAction\":[{\"@type\":\"ReadAction\",\"target\":[\"https:\\\/\\\/tiketi.com\\\/flights-dubai-delhi-dxb-del\\\/\"]}]},{\"@type\":\"ImageObject\",\"inLanguage\":\"fr-FR\",\"@id\":\"https:\\\/\\\/tiketi.com\\\/flights-dubai-delhi-dxb-del\\\/#primaryimage\",\"url\":\"https:\\\/\\\/tiketi.com\\\/wp-content\\\/uploads\\\/2022\\\/02\\\/delhi-jama-masjid-3734412_1.jpg\",\"contentUrl\":\"https:\\\/\\\/tiketi.com\\\/wp-content\\\/uploads\\\/2022\\\/02\\\/delhi-jama-masjid-3734412_1.jpg\",\"width\":1200,\"height\":201,\"caption\":\"Air Taxi in Delhi\"},{\"@type\":\"BreadcrumbList\",\"@id\":\"https:\\\/\\\/tiketi.com\\\/flights-dubai-delhi-dxb-del\\\/#breadcrumb\",\"itemListElement\":[{\"@type\":\"ListItem\",\"position\":1,\"name\":\"Home\",\"item\":\"https:\\\/\\\/tiketi.com\\\/\"},{\"@type\":\"ListItem\",\"position\":2,\"name\":\"Cheap Flights from\u00a0Dubai to Delhi\"}]},{\"@type\":\"WebSite\",\"@id\":\"https:\\\/\\\/tiketi.com\\\/#website\",\"url\":\"https:\\\/\\\/tiketi.com\\\/\",\"name\":\"Flight & Bus Tickets, Tour Packages & Activitites - Tiketi.com\",\"description\":\"Flight &amp; Bus Tickets, Tours, Activitites\",\"publisher\":{\"@id\":\"https:\\\/\\\/tiketi.com\\\/#organization\"},\"potentialAction\":[{\"@type\":\"SearchAction\",\"target\":{\"@type\":\"EntryPoint\",\"urlTemplate\":\"https:\\\/\\\/tiketi.com\\\/?s={search_term_string}\"},\"query-input\":{\"@type\":\"PropertyValueSpecification\",\"valueRequired\":true,\"valueName\":\"search_term_string\"}}],\"inLanguage\":\"fr-FR\"},{\"@type\":\"Organization\",\"@id\":\"https:\\\/\\\/tiketi.com\\\/#organization\",\"name\":\"Tiketi.com\",\"alternateName\":\"Tiketi\",\"url\":\"https:\\\/\\\/tiketi.com\\\/\",\"logo\":{\"@type\":\"ImageObject\",\"inLanguage\":\"fr-FR\",\"@id\":\"https:\\\/\\\/tiketi.com\\\/#\\\/schema\\\/logo\\\/image\\\/\",\"url\":\"https:\\\/\\\/tiketi.com\\\/wp-content\\\/uploads\\\/2019\\\/05\\\/tiketi-logo-696.png\",\"contentUrl\":\"https:\\\/\\\/tiketi.com\\\/wp-content\\\/uploads\\\/2019\\\/05\\\/tiketi-logo-696.png\",\"width\":696,\"height\":696,\"caption\":\"Tiketi.com\"},\"image\":{\"@id\":\"https:\\\/\\\/tiketi.com\\\/#\\\/schema\\\/logo\\\/image\\\/\"},\"sameAs\":[\"https:\\\/\\\/www.facebook.com\\\/TiketiCom\\\/\"]}]}<\/script>\n<!-- \/ Yoast SEO plugin. -->","yoast_head_json":{"title":"Vols pas chers de Duba\u00ef \u00e0 Delhi","description":"Vous recherchez des vols \u00e0 bas prix au Duba\u00ef vers Delhi? Recherchez, comparez et r\u00e9servez un billet d&#039;avion pas cher de Duba\u00ef \u00e0 Delhi en ligne","robots":{"index":"index","follow":"follow","max-snippet":"max-snippet:-1","max-image-preview":"max-image-preview:large","max-video-preview":"max-video-preview:-1"},"canonical":"https:\/\/tiketi.com\/fr-fr\/flights-dubai-delhi-dxb-del\/","og_locale":"fr_FR","og_type":"article","og_title":"Cheap Flights from\u00a0Dubai to Delhi","og_description":"Looking for cheap flights from\u00a0Dubai to Delhi? Search, compare and book cheap airline ticket from Dubai to Delhi online","og_url":"https:\/\/tiketi.com\/fr-fr\/flights-dubai-delhi-dxb-del\/","og_site_name":"Tiketi.com","article_publisher":"https:\/\/www.facebook.com\/TiketiCom\/","article_modified_time":"2022-02-08T08:40:28+00:00","og_image":[{"width":1200,"height":201,"url":"https:\/\/tiketi.com\/wp-content\/uploads\/2022\/02\/delhi-jama-masjid-3734412_1.jpg","type":"image\/jpeg"}],"twitter_card":"summary_large_image","twitter_misc":{"Dur\u00e9e de lecture estim\u00e9e":"3 minutes"},"schema":{"@context":"https:\/\/schema.org","@graph":[{"@type":"WebPage","@id":"https:\/\/tiketi.com\/flights-dubai-delhi-dxb-del\/","url":"https:\/\/tiketi.com\/flights-dubai-delhi-dxb-del\/","name":"Vols pas chers de Duba\u00ef \u00e0 Delhi","isPartOf":{"@id":"https:\/\/tiketi.com\/#website"},"primaryImageOfPage":{"@id":"https:\/\/tiketi.com\/flights-dubai-delhi-dxb-del\/#primaryimage"},"image":{"@id":"https:\/\/tiketi.com\/flights-dubai-delhi-dxb-del\/#primaryimage"},"thumbnailUrl":"https:\/\/tiketi.com\/wp-content\/uploads\/2022\/02\/delhi-jama-masjid-3734412_1.jpg","datePublished":"2022-01-19T11:55:10+00:00","dateModified":"2022-02-08T08:40:28+00:00","description":"Vous recherchez des vols \u00e0 bas prix au Duba\u00ef vers Delhi? Recherchez, comparez et r\u00e9servez un billet d&#039;avion pas cher de Duba\u00ef \u00e0 Delhi en ligne","breadcrumb":{"@id":"https:\/\/tiketi.com\/flights-dubai-delhi-dxb-del\/#breadcrumb"},"inLanguage":"fr-FR","potentialAction":[{"@type":"ReadAction","target":["https:\/\/tiketi.com\/flights-dubai-delhi-dxb-del\/"]}]},{"@type":"ImageObject","inLanguage":"fr-FR","@id":"https:\/\/tiketi.com\/flights-dubai-delhi-dxb-del\/#primaryimage","url":"https:\/\/tiketi.com\/wp-content\/uploads\/2022\/02\/delhi-jama-masjid-3734412_1.jpg","contentUrl":"https:\/\/tiketi.com\/wp-content\/uploads\/2022\/02\/delhi-jama-masjid-3734412_1.jpg","width":1200,"height":201,"caption":"Air Taxi in Delhi"},{"@type":"BreadcrumbList","@id":"https:\/\/tiketi.com\/flights-dubai-delhi-dxb-del\/#breadcrumb","itemListElement":[{"@type":"ListItem","position":1,"name":"Home","item":"https:\/\/tiketi.com\/"},{"@type":"ListItem","position":2,"name":"Cheap Flights from\u00a0Dubai to Delhi"}]},{"@type":"WebSite","@id":"https:\/\/tiketi.com\/#website","url":"https:\/\/tiketi.com\/","name":"Billets d&#039;avion et de bus, forfaits touristiques et activit\u00e9s - Tiketi.com","description":"Billets d&#039;avion et de bus, Tours, Activit\u00e9s","publisher":{"@id":"https:\/\/tiketi.com\/#organization"},"potentialAction":[{"@type":"SearchAction","target":{"@type":"EntryPoint","urlTemplate":"https:\/\/tiketi.com\/?s={search_term_string}"},"query-input":{"@type":"PropertyValueSpecification","valueRequired":true,"valueName":"search_term_string"}}],"inLanguage":"fr-FR"},{"@type":"Organization","@id":"https:\/\/tiketi.com\/#organization","name":"Tiketi.com","alternateName":"Tiketi","url":"https:\/\/tiketi.com\/","logo":{"@type":"ImageObject","inLanguage":"fr-FR","@id":"https:\/\/tiketi.com\/#\/schema\/logo\/image\/","url":"https:\/\/tiketi.com\/wp-content\/uploads\/2019\/05\/tiketi-logo-696.png","contentUrl":"https:\/\/tiketi.com\/wp-content\/uploads\/2019\/05\/tiketi-logo-696.png","width":696,"height":696,"caption":"Tiketi.com"},"image":{"@id":"https:\/\/tiketi.com\/#\/schema\/logo\/image\/"},"sameAs":["https:\/\/www.facebook.com\/TiketiCom\/"]}]}},"_links":{"self":[{"href":"https:\/\/tiketi.com\/fr-fr\/wp-json\/wp\/v2\/pages\/11752","targetHints":{"allow":["GET"]}}],"collection":[{"href":"https:\/\/tiketi.com\/fr-fr\/wp-json\/wp\/v2\/pages"}],"about":[{"href":"https:\/\/tiketi.com\/fr-fr\/wp-json\/wp\/v2\/types\/page"}],"author":[{"embeddable":true,"href":"https:\/\/tiketi.com\/fr-fr\/wp-json\/wp\/v2\/users\/1"}],"replies":[{"embeddable":true,"href":"https:\/\/tiketi.com\/fr-fr\/wp-json\/wp\/v2\/comments?post=11752"}],"version-history":[{"count":0,"href":"https:\/\/tiketi.com\/fr-fr\/wp-json\/wp\/v2\/pages\/11752\/revisions"}],"wp:featuredmedia":[{"embeddable":true,"href":"https:\/\/tiketi.com\/fr-fr\/wp-json\/wp\/v2\/media\/17050"}],"wp:attachment":[{"href":"https:\/\/tiketi.com\/fr-fr\/wp-json\/wp\/v2\/media?parent=11752"}],"curies":[{"name":"wp","href":"https:\/\/api.w.org\/{rel}","templated":true}]}}