{"id":11757,"date":"2022-01-19T12:55:10","date_gmt":"2022-01-19T11:55:10","guid":{"rendered":"https:\/\/new.tiketi.com\/cheap-flights-from-dubai-to-london\/"},"modified":"2022-02-08T10:26:18","modified_gmt":"2022-02-08T09:26:18","slug":"flights-dubai-london-dxb-lhr","status":"publish","type":"page","link":"https:\/\/tiketi.com\/fr-fr\/flights-dubai-london-dxb-lhr\/","title":{"rendered":"Vols pas chers de Duba\u00ef \u00e0 Londres"},"content":{"rendered":"<h2>Vous cherchez un billet d&#039;avion pas cher \u00e0 Duba\u00ef pour Londres ou des offres de derni\u00e8re minute ?<\/h2>\n<h3>Recherchez, comparez et r\u00e9servez d\u00e8s maintenant un billet d&#039;avion pas cher de Duba\u00ef (DXB) \u00e0 Londres (LHR) en ligne.<\/h3>\n<p>Recherchez des vols pas chers de Duba\u00ef \u00e0 Londres et \u00e9conomisez de l&#039;argent. Londres offre l&#039;une des plus grandes concentrations d&#039;attractions culturelles au monde. Des palais royaux au parlement populaire, des \u00e9glises aux mus\u00e9es en passant par les ferries g\u00e9ants pour des vues magnifiques. Visitez Londres gr\u00e2ce \u00e0 des offres exceptionnelles sur les billets d&#039;avion de Duba\u00ef \u00e0 Londres et volez des vols de Duba\u00ef \u00e0 Londres \u00e0 bas prix.<\/p>\n<h2>Voici quelques-unes des meilleures attractions de Londres<\/h2>\n<h3>Harrods<\/h3>\n<p>Le magasin populaire de Knightsbridge, dot\u00e9 de magnifiques auvents verts, propose des produits de luxe \u00e0 ses clients depuis plus de 160 ans. Sur 7 \u00e9tages et 330 rayons, les acheteurs ne trouveront que les meilleurs accessoires, mode et articles pour la maison.<\/p>\n<h3>Mus\u00e9e des transports de Londres<\/h3>\n<p>Au London Transport Museum, vous pourrez d\u00e9couvrir l&#039;histoire de ce magnifique syst\u00e8me de m\u00e9tro et d\u00e9couvrir comment les cal\u00e8ches, les trains et tous ces bus \u00e0 imp\u00e9riale blancs et rouges ont fait bouger Londres depuis 1800. Mieux encore, vous pouvez devenir interactif et monter \u00e0 bord pour voir par vous-m\u00eame.<\/p>\n<h3>Cath\u00e9drale Saint-Paul de Londres<\/h3>\n<p>Cette cath\u00e9drale se dresse au point culminant de la ville de Londres et a \u00e9t\u00e9 achev\u00e9e par Sir Christopher Wren en 1710. Visitez la crypte, partagez un secret dans la magnifique Whispering Gallery des d\u00f4mes et promenez-vous dans l&#039;all\u00e9e parcourue par Lady Diana Spencer et le prince. Charles le jour de leur mariage.<\/p>\n<h3>Chambre du Parlement<\/h3>\n<p>Ce b\u00e2timent, \u00e9galement connu sous le nom de Palais de Westminster, est le si\u00e8ge du pouvoir politique britannique. Achev\u00e9s en 1870, le b\u00e2timent de style gothique et la tour Elizabeth constituent l&#039;une des plus belles attractions de Londres.<\/p>\n<h2>FAQ sur les vols pas chers de Duba\u00ef \u00e0 Londres<\/h2>\n<h3>Quelle est la distance entre Londres et Duba\u00ef ?<\/h3>\n<p>La distance entre Londres et Duba\u00ef est de 5 455 kilom\u00e8tres.<\/p>\n<h3>Quelle est la dur\u00e9e du vol Duba\u00ef - Londres ?<\/h3>\n<p>La dur\u00e9e moyenne d&#039;un vol Duba\u00ef-Londres est de sept heures et 39 minutes.<\/p>\n<h3>Quelle est la fr\u00e9quence des vols directs Duba\u00ef - Londres ?<\/h3>\n<p>Il existe quatre-vingt-seize vols directs de Duba\u00ef \u00e0 Londres.<\/p>\n<h3>Quelles sont les compagnies a\u00e9riennes les plus connues de Duba\u00ef pour des vols directs de Duba\u00ef \u00e0 Londres ?<\/h3>\n<p>Emirates propose quatre-vingts pour cent des vols sans escale entre Londres et Duba\u00ef.<\/p>\n<h3>Combien de compagnies a\u00e9riennes op\u00e8rent des vols directs entre Duba\u00ef et Londres ?<\/h3>\n<p>Cinq compagnies a\u00e9riennes proposent des billets d\u2019avion de Duba\u00ef \u00e0 Londres.<\/p>\n<h3>Combien de vols de Duba\u00ef \u00e0 Londres sont effectu\u00e9s par semaine ?<\/h3>\n<p>Il existe 105 compagnies a\u00e9riennes les moins ch\u00e8res proposant des billets de Duba\u00ef \u00e0 Londres par semaine.<\/p>\n<h2>Conseils pour les vols de Duba\u00ef \u00e0 Londres<\/h2>\n<p>\u2022 R\u00e9servez au moins six semaines avant le d\u00e9part afin d&#039;obtenir le meilleur prix.<\/p>\n<p>\u2022 La haute saison est consid\u00e9r\u00e9e comme \u00e9tant mai, avril et mars. Le mois le moins cher pour voyager est septembre.<\/p>\n<p>\u2022 Vous recherchez un vol pas cher ? Vingt-cinq pour cent des utilisateurs ont trouv\u00e9 des vols sur cette route pour 720 \u20ac ou moins.<\/p>","protected":false},"excerpt":{"rendered":"<p>Looking for cheap airline ticket from Dubai to London\u00a0or last minute deals? Search, compare and book cheap airline ticket from Dubai (DXB) to London (LHR) online now. Search great deals on cheap flights from Dubai to London and save money. London offers one of the world&#8217;s biggest concentrations of cultural attractions. From royal palaces to [&hellip;]<\/p>\n","protected":false},"author":1,"featured_media":14230,"parent":0,"menu_order":0,"comment_status":"open","ping_status":"closed","template":"template-home-modern.php","meta":{"footnotes":""},"class_list":["post-11757","page","type-page","status-publish","has-post-thumbnail","hentry"],"yoast_head":"<!-- This site is optimized with the Yoast SEO plugin v27.3 - https:\/\/yoast.com\/product\/yoast-seo-wordpress\/ -->\n<title>Cheap Flights from\u00a0Dubai to London<\/title>\n<meta name=\"description\" content=\"Looking for cheap flights from\u00a0Dubai to London? Search, compare and book cheap airline ticket from Dubai to London online\" \/>\n<meta name=\"robots\" content=\"index, follow, max-snippet:-1, max-image-preview:large, max-video-preview:-1\" \/>\n<link rel=\"canonical\" href=\"https:\/\/tiketi.com\/fr-fr\/flights-dubai-london-dxb-lhr\/\" \/>\n<meta property=\"og:locale\" content=\"fr_FR\" \/>\n<meta property=\"og:type\" content=\"article\" \/>\n<meta property=\"og:title\" content=\"Cheap Flights from\u00a0Dubai to London\" \/>\n<meta property=\"og:description\" content=\"Looking for cheap flights from\u00a0Dubai to London? Search, compare and book cheap airline ticket from Dubai to London online\" \/>\n<meta property=\"og:url\" content=\"https:\/\/tiketi.com\/fr-fr\/flights-dubai-london-dxb-lhr\/\" \/>\n<meta property=\"og:site_name\" content=\"Tiketi.com\" \/>\n<meta property=\"article:publisher\" content=\"https:\/\/www.facebook.com\/TiketiCom\/\" \/>\n<meta property=\"article:modified_time\" content=\"2022-02-08T09:26:18+00:00\" \/>\n<meta property=\"og:image\" content=\"https:\/\/tiketi.com\/wp-content\/uploads\/2022\/01\/london-2239726_1280.jpg\" \/>\n\t<meta property=\"og:image:width\" content=\"1200\" \/>\n\t<meta property=\"og:image:height\" content=\"200\" \/>\n\t<meta property=\"og:image:type\" content=\"image\/jpeg\" \/>\n<meta name=\"twitter:card\" content=\"summary_large_image\" \/>\n<meta name=\"twitter:label1\" content=\"Dur\u00e9e de lecture estim\u00e9e\" \/>\n\t<meta name=\"twitter:data1\" content=\"3 minutes\" \/>\n<script type=\"application\/ld+json\" class=\"yoast-schema-graph\">{\"@context\":\"https:\\\/\\\/schema.org\",\"@graph\":[{\"@type\":\"WebPage\",\"@id\":\"https:\\\/\\\/tiketi.com\\\/flights-dubai-london-dxb-lhr\\\/\",\"url\":\"https:\\\/\\\/tiketi.com\\\/flights-dubai-london-dxb-lhr\\\/\",\"name\":\"Cheap Flights from\u00a0Dubai to London\",\"isPartOf\":{\"@id\":\"https:\\\/\\\/tiketi.com\\\/#website\"},\"primaryImageOfPage\":{\"@id\":\"https:\\\/\\\/tiketi.com\\\/flights-dubai-london-dxb-lhr\\\/#primaryimage\"},\"image\":{\"@id\":\"https:\\\/\\\/tiketi.com\\\/flights-dubai-london-dxb-lhr\\\/#primaryimage\"},\"thumbnailUrl\":\"https:\\\/\\\/tiketi.com\\\/wp-content\\\/uploads\\\/2022\\\/01\\\/london-2239726_1280.jpg\",\"datePublished\":\"2022-01-19T11:55:10+00:00\",\"dateModified\":\"2022-02-08T09:26:18+00:00\",\"description\":\"Looking for cheap flights from\u00a0Dubai to London? Search, compare and book cheap airline ticket from Dubai to London online\",\"breadcrumb\":{\"@id\":\"https:\\\/\\\/tiketi.com\\\/flights-dubai-london-dxb-lhr\\\/#breadcrumb\"},\"inLanguage\":\"fr-FR\",\"potentialAction\":[{\"@type\":\"ReadAction\",\"target\":[\"https:\\\/\\\/tiketi.com\\\/flights-dubai-london-dxb-lhr\\\/\"]}]},{\"@type\":\"ImageObject\",\"inLanguage\":\"fr-FR\",\"@id\":\"https:\\\/\\\/tiketi.com\\\/flights-dubai-london-dxb-lhr\\\/#primaryimage\",\"url\":\"https:\\\/\\\/tiketi.com\\\/wp-content\\\/uploads\\\/2022\\\/01\\\/london-2239726_1280.jpg\",\"contentUrl\":\"https:\\\/\\\/tiketi.com\\\/wp-content\\\/uploads\\\/2022\\\/01\\\/london-2239726_1280.jpg\",\"width\":1200,\"height\":200,\"caption\":\"Air Taxi in London\"},{\"@type\":\"BreadcrumbList\",\"@id\":\"https:\\\/\\\/tiketi.com\\\/flights-dubai-london-dxb-lhr\\\/#breadcrumb\",\"itemListElement\":[{\"@type\":\"ListItem\",\"position\":1,\"name\":\"Home\",\"item\":\"https:\\\/\\\/tiketi.com\\\/\"},{\"@type\":\"ListItem\",\"position\":2,\"name\":\"Cheap Flights from\u00a0Dubai to London\"}]},{\"@type\":\"WebSite\",\"@id\":\"https:\\\/\\\/tiketi.com\\\/#website\",\"url\":\"https:\\\/\\\/tiketi.com\\\/\",\"name\":\"Flight & Bus Tickets, Tour Packages & Activitites - Tiketi.com\",\"description\":\"Flight &amp; Bus Tickets, Tours, Activitites\",\"publisher\":{\"@id\":\"https:\\\/\\\/tiketi.com\\\/#organization\"},\"potentialAction\":[{\"@type\":\"SearchAction\",\"target\":{\"@type\":\"EntryPoint\",\"urlTemplate\":\"https:\\\/\\\/tiketi.com\\\/?s={search_term_string}\"},\"query-input\":{\"@type\":\"PropertyValueSpecification\",\"valueRequired\":true,\"valueName\":\"search_term_string\"}}],\"inLanguage\":\"fr-FR\"},{\"@type\":\"Organization\",\"@id\":\"https:\\\/\\\/tiketi.com\\\/#organization\",\"name\":\"Tiketi.com\",\"alternateName\":\"Tiketi\",\"url\":\"https:\\\/\\\/tiketi.com\\\/\",\"logo\":{\"@type\":\"ImageObject\",\"inLanguage\":\"fr-FR\",\"@id\":\"https:\\\/\\\/tiketi.com\\\/#\\\/schema\\\/logo\\\/image\\\/\",\"url\":\"https:\\\/\\\/tiketi.com\\\/wp-content\\\/uploads\\\/2019\\\/05\\\/tiketi-logo-696.png\",\"contentUrl\":\"https:\\\/\\\/tiketi.com\\\/wp-content\\\/uploads\\\/2019\\\/05\\\/tiketi-logo-696.png\",\"width\":696,\"height\":696,\"caption\":\"Tiketi.com\"},\"image\":{\"@id\":\"https:\\\/\\\/tiketi.com\\\/#\\\/schema\\\/logo\\\/image\\\/\"},\"sameAs\":[\"https:\\\/\\\/www.facebook.com\\\/TiketiCom\\\/\"]}]}<\/script>\n<!-- \/ Yoast SEO plugin. -->","yoast_head_json":{"title":"Vols pas chers de Duba\u00ef \u00e0 Londres","description":"Vous recherchez des vols \u00e0 bas prix au Duba\u00ef vers Londres? Recherchez, comparez et r\u00e9servez un billet d&#039;avion pas cher de Duba\u00ef \u00e0 Londres en ligne","robots":{"index":"index","follow":"follow","max-snippet":"max-snippet:-1","max-image-preview":"max-image-preview:large","max-video-preview":"max-video-preview:-1"},"canonical":"https:\/\/tiketi.com\/fr-fr\/flights-dubai-london-dxb-lhr\/","og_locale":"fr_FR","og_type":"article","og_title":"Cheap Flights from\u00a0Dubai to London","og_description":"Looking for cheap flights from\u00a0Dubai to London? Search, compare and book cheap airline ticket from Dubai to London online","og_url":"https:\/\/tiketi.com\/fr-fr\/flights-dubai-london-dxb-lhr\/","og_site_name":"Tiketi.com","article_publisher":"https:\/\/www.facebook.com\/TiketiCom\/","article_modified_time":"2022-02-08T09:26:18+00:00","og_image":[{"width":1200,"height":200,"url":"https:\/\/tiketi.com\/wp-content\/uploads\/2022\/01\/london-2239726_1280.jpg","type":"image\/jpeg"}],"twitter_card":"summary_large_image","twitter_misc":{"Dur\u00e9e de lecture estim\u00e9e":"3 minutes"},"schema":{"@context":"https:\/\/schema.org","@graph":[{"@type":"WebPage","@id":"https:\/\/tiketi.com\/flights-dubai-london-dxb-lhr\/","url":"https:\/\/tiketi.com\/flights-dubai-london-dxb-lhr\/","name":"Vols pas chers de Duba\u00ef \u00e0 Londres","isPartOf":{"@id":"https:\/\/tiketi.com\/#website"},"primaryImageOfPage":{"@id":"https:\/\/tiketi.com\/flights-dubai-london-dxb-lhr\/#primaryimage"},"image":{"@id":"https:\/\/tiketi.com\/flights-dubai-london-dxb-lhr\/#primaryimage"},"thumbnailUrl":"https:\/\/tiketi.com\/wp-content\/uploads\/2022\/01\/london-2239726_1280.jpg","datePublished":"2022-01-19T11:55:10+00:00","dateModified":"2022-02-08T09:26:18+00:00","description":"Vous recherchez des vols \u00e0 bas prix au Duba\u00ef vers Londres? Recherchez, comparez et r\u00e9servez un billet d&#039;avion pas cher de Duba\u00ef \u00e0 Londres en ligne","breadcrumb":{"@id":"https:\/\/tiketi.com\/flights-dubai-london-dxb-lhr\/#breadcrumb"},"inLanguage":"fr-FR","potentialAction":[{"@type":"ReadAction","target":["https:\/\/tiketi.com\/flights-dubai-london-dxb-lhr\/"]}]},{"@type":"ImageObject","inLanguage":"fr-FR","@id":"https:\/\/tiketi.com\/flights-dubai-london-dxb-lhr\/#primaryimage","url":"https:\/\/tiketi.com\/wp-content\/uploads\/2022\/01\/london-2239726_1280.jpg","contentUrl":"https:\/\/tiketi.com\/wp-content\/uploads\/2022\/01\/london-2239726_1280.jpg","width":1200,"height":200,"caption":"Air Taxi in London"},{"@type":"BreadcrumbList","@id":"https:\/\/tiketi.com\/flights-dubai-london-dxb-lhr\/#breadcrumb","itemListElement":[{"@type":"ListItem","position":1,"name":"Home","item":"https:\/\/tiketi.com\/"},{"@type":"ListItem","position":2,"name":"Cheap Flights from\u00a0Dubai to London"}]},{"@type":"WebSite","@id":"https:\/\/tiketi.com\/#website","url":"https:\/\/tiketi.com\/","name":"Billets d&#039;avion et de bus, forfaits touristiques et activit\u00e9s - Tiketi.com","description":"Billets d&#039;avion et de bus, Tours, Activit\u00e9s","publisher":{"@id":"https:\/\/tiketi.com\/#organization"},"potentialAction":[{"@type":"SearchAction","target":{"@type":"EntryPoint","urlTemplate":"https:\/\/tiketi.com\/?s={search_term_string}"},"query-input":{"@type":"PropertyValueSpecification","valueRequired":true,"valueName":"search_term_string"}}],"inLanguage":"fr-FR"},{"@type":"Organization","@id":"https:\/\/tiketi.com\/#organization","name":"Tiketi.com","alternateName":"Tiketi","url":"https:\/\/tiketi.com\/","logo":{"@type":"ImageObject","inLanguage":"fr-FR","@id":"https:\/\/tiketi.com\/#\/schema\/logo\/image\/","url":"https:\/\/tiketi.com\/wp-content\/uploads\/2019\/05\/tiketi-logo-696.png","contentUrl":"https:\/\/tiketi.com\/wp-content\/uploads\/2019\/05\/tiketi-logo-696.png","width":696,"height":696,"caption":"Tiketi.com"},"image":{"@id":"https:\/\/tiketi.com\/#\/schema\/logo\/image\/"},"sameAs":["https:\/\/www.facebook.com\/TiketiCom\/"]}]}},"_links":{"self":[{"href":"https:\/\/tiketi.com\/fr-fr\/wp-json\/wp\/v2\/pages\/11757","targetHints":{"allow":["GET"]}}],"collection":[{"href":"https:\/\/tiketi.com\/fr-fr\/wp-json\/wp\/v2\/pages"}],"about":[{"href":"https:\/\/tiketi.com\/fr-fr\/wp-json\/wp\/v2\/types\/page"}],"author":[{"embeddable":true,"href":"https:\/\/tiketi.com\/fr-fr\/wp-json\/wp\/v2\/users\/1"}],"replies":[{"embeddable":true,"href":"https:\/\/tiketi.com\/fr-fr\/wp-json\/wp\/v2\/comments?post=11757"}],"version-history":[{"count":0,"href":"https:\/\/tiketi.com\/fr-fr\/wp-json\/wp\/v2\/pages\/11757\/revisions"}],"wp:featuredmedia":[{"embeddable":true,"href":"https:\/\/tiketi.com\/fr-fr\/wp-json\/wp\/v2\/media\/14230"}],"wp:attachment":[{"href":"https:\/\/tiketi.com\/fr-fr\/wp-json\/wp\/v2\/media?parent=11757"}],"curies":[{"name":"wp","href":"https:\/\/api.w.org\/{rel}","templated":true}]}}