{"id":11758,"date":"2022-01-19T12:55:10","date_gmt":"2022-01-19T11:55:10","guid":{"rendered":"https:\/\/new.tiketi.com\/cheap-flights-from-flights-cape-town-to-windhoek\/"},"modified":"2022-02-08T11:49:20","modified_gmt":"2022-02-08T10:49:20","slug":"flights-flights-cape-town-windhoek-cpt-wdh","status":"publish","type":"page","link":"https:\/\/tiketi.com\/fr-fr\/flights-flights-cape-town-windhoek-cpt-wdh\/","title":{"rendered":"Vols \u00e0 bas prix de Le Cap \u00e0 Windhoek"},"content":{"rendered":"<h2>Vous recherchez un billet d&#039;avion pas cher Le Cap vers Windhoek ou des offres de derni\u00e8re minute ?<\/h2>\n<h3>Recherchez, comparez et r\u00e9servez en ligne maintenant des vols \u00e0 bas prix de Le Cap (CPT) \u00e0 Windhoek (WDH).<\/h3>\n<p>R\u00e9servez des vols pas chers de Le Cap \u00e0 Windhoek en ligne avec Tiketi.com pour les meilleures offres. Tout le monde discute de la ressemblance entre l&#039;Allemagne et la Namibie bien que la Namibie ait cess\u00e9 d&#039;\u00eatre une colonie allemande il y a un si\u00e8cle. C&#039;est en tout cas vrai. La plupart des b\u00e2timents du centre-ville de Windhoek s&#039;inspirent de l&#039;architecture allemande. Visitez Windhoek gr\u00e2ce \u00e0 des offres exceptionnelles sur les billets d&#039;avion de Cape Town \u00e0 Windhoek et volez de Cape Town \u00e0 Windhoek \u00e0 bas prix.<\/p>\n<h2>Voici quelques-unes des meilleures attractions de Windhoek<\/h2>\n<h3>Mus\u00e9e national de Namibie<\/h3>\n<p>Le Mus\u00e9e national de Namibie couvre un large \u00e9ventail de faits culturels et historiques sur la Namibie. Peut-\u00eatre que la partie sup\u00e9rieure du mus\u00e9e est l&#039;exposition li\u00e9e aux lieux d&#039;art rupestre. Il y a les meilleures reproductions et des faits historiques complets. Une autre valeur d&#039;exposition mentionn\u00e9e est la lutte pour la libert\u00e9 du pays. Vous pourrez \u00e9galement voir de nombreux artefacts.<\/p>\n<h3>Christuskirche Windhoek<\/h3>\n<p>Cette \u00e9glise luth\u00e9rienne sp\u00e9ciale est le monument le plus populaire de Windhoek. Parfois, il est m\u00eame utilis\u00e9 comme signe pour la ville. Initialement, elle s&#039;appelait \u00ab\u00a0\u00c9glise de la paix\u00a0\u00bb car elle a \u00e9t\u00e9 achev\u00e9e en 1910 apr\u00e8s la fin de la guerre entre les Allemands et certaines des tribus domestiques.<\/p>\n<h3>Alte feste<\/h3>\n<p>C&#039;est l&#039;un des b\u00e2timents les plus c\u00e9l\u00e8bres de la ville. Son objectif principal \u00e9tait d&#039;accueillir la force de l&#039;arm\u00e9e allemande \u00e0 l&#039;\u00e9poque coloniale. Le b\u00e2timent a \u00e9t\u00e9 construit en 1915. Apr\u00e8s la conqu\u00eate sud-africaine de Windhoek, le b\u00e2timent est devenu le quartier g\u00e9n\u00e9ral de l&#039;arm\u00e9e sud-africaine. De nos jours, le b\u00e2timent sert de mus\u00e9e, abritant le mus\u00e9e national de Namibie.<\/p>\n<h2>FAQ sur les vols pas chers de Le Cap \u00e0 Windhoek<\/h2>\n<h3>Quelle est la distance entre Windhoek et Le Cap ?<\/h3>\n<p>La distance entre les vols Windhoek et Cape Town est de 1281 kilom\u00e8tres.<\/p>\n<h3>Quelle est la dur\u00e9e des vols Le Cap-Windhoek ?<\/h3>\n<p>Le temps de vol commun entre Cape Town et Windhoek est de deux heures et sept minutes.<\/p>\n<h3>Quelle est la fr\u00e9quence des vols directs Le Cap-Windhoek ?<\/h3>\n<p>Il y a quatorze vols directs entre Cape Town et Windhoek.<\/p>\n<h3>Quelles sont les compagnies a\u00e9riennes les plus c\u00e9l\u00e8bres du Cap pour les vols directs Le Cap - Windhoek ?<\/h3>\n<p>South African Airways propose cinquante pour cent des vols sans escale entre Windhoek et Cape Town.<\/p>\n<h3>Combien de vols partent en moyenne de Le Cap vers Windhoek par jour ?<\/h3>\n<p>Les voyageurs peuvent deviner quatre vols de Cape Town \u00e0 Windhoek en moyenne par jour.<\/p>\n<p>T\u00f4t le matin - vingt-cinq pour cent des d\u00e9parts de vol<\/p>\n<p>\u2022 Matin - cinquante pour cent des d\u00e9parts de vol<\/p>\n<p>\u2022 Soir - vingt-cinq pour cent des d\u00e9parts de vol<\/p>\n<h3>Quelle compagnie a\u00e9rienne vole de Le Cap \u00e0 Windhoek ?<\/h3>\n<p>Les billets d&#039;avion pas chers de Cape Town \u00e0 Windhoek sont actuellement desservis par 5 compagnies a\u00e9riennes, dont Kenya Airways, Air Namibia et Condor.<\/p>\n<h2>Conseils de vol entre Le Cap et Windhoek<\/h2>\n<p>\u2022 Le Cap est \u00e0 797 milles de Windhoek.<\/p>\n<p>\u2022 Sao Paulo, Br\u00e9sil \u2013 L&#039;a\u00e9roport international de Guarulhos est le lien le plus c\u00e9l\u00e8bre pour les vols \u00e0 escale entre Windhoek et Cape Town.<\/p>","protected":false},"excerpt":{"rendered":"<p>Looking for cheap airline ticket from Cape Town to Windhoek or last minute deals? Search, compare and book cheap flights from Cape Town (CPT) to Windhoek (WDH) online now. Book cheap flights from Cape Town to Windhoek online with Tiketi.com for the best deals. Every person discuss about the resemblance between Germany and Namibia although [&hellip;]<\/p>\n","protected":false},"author":1,"featured_media":14041,"parent":0,"menu_order":0,"comment_status":"open","ping_status":"closed","template":"template-home-modern.php","meta":{"footnotes":""},"class_list":["post-11758","page","type-page","status-publish","has-post-thumbnail","hentry"],"yoast_head":"<!-- This site is optimized with the Yoast SEO plugin v27.2 - https:\/\/yoast.com\/product\/yoast-seo-wordpress\/ -->\n<title>Cheap Flights from\u00a0Flights Cape Town to Windhoek<\/title>\n<meta name=\"description\" content=\"Looking for cheap flights from\u00a0Cape Town to Windhoek? Search, compare and book cheap airline ticket from Cape Town to Windhoek online\" \/>\n<meta name=\"robots\" content=\"index, follow, max-snippet:-1, max-image-preview:large, max-video-preview:-1\" \/>\n<link rel=\"canonical\" href=\"https:\/\/tiketi.com\/fr-fr\/flights-flights-cape-town-windhoek-cpt-wdh\/\" \/>\n<meta property=\"og:locale\" content=\"fr_FR\" \/>\n<meta property=\"og:type\" content=\"article\" \/>\n<meta property=\"og:title\" content=\"Cheap Flights from\u00a0Flights Cape Town to Windhoek\" \/>\n<meta property=\"og:description\" content=\"Looking for cheap flights from\u00a0Cape Town to Windhoek? Search, compare and book cheap airline ticket from Cape Town to Windhoek online\" \/>\n<meta property=\"og:url\" content=\"https:\/\/tiketi.com\/fr-fr\/flights-flights-cape-town-windhoek-cpt-wdh\/\" \/>\n<meta property=\"og:site_name\" content=\"Tiketi.com\" \/>\n<meta property=\"article:publisher\" content=\"https:\/\/www.facebook.com\/TiketiCom\/\" \/>\n<meta property=\"article:modified_time\" content=\"2022-02-08T10:49:20+00:00\" \/>\n<meta property=\"og:image\" content=\"https:\/\/tiketi.com\/wp-content\/uploads\/2022\/01\/flight-ticket-booking-sorasak-KxCJXXGsv9I-unsplas.jpg\" \/>\n\t<meta property=\"og:image:width\" content=\"1200\" \/>\n\t<meta property=\"og:image:height\" content=\"240\" \/>\n\t<meta property=\"og:image:type\" content=\"image\/jpeg\" \/>\n<meta name=\"twitter:card\" content=\"summary_large_image\" \/>\n<meta name=\"twitter:label1\" content=\"Dur\u00e9e de lecture estim\u00e9e\" \/>\n\t<meta name=\"twitter:data1\" content=\"3 minutes\" \/>\n<script type=\"application\/ld+json\" class=\"yoast-schema-graph\">{\"@context\":\"https:\/\/schema.org\",\"@graph\":[{\"@type\":\"WebPage\",\"@id\":\"https:\/\/tiketi.com\/flights-flights-cape-town-windhoek-cpt-wdh\/\",\"url\":\"https:\/\/tiketi.com\/flights-flights-cape-town-windhoek-cpt-wdh\/\",\"name\":\"Cheap Flights from\u00a0Flights Cape Town to Windhoek\",\"isPartOf\":{\"@id\":\"https:\/\/tiketi.com\/#website\"},\"primaryImageOfPage\":{\"@id\":\"https:\/\/tiketi.com\/flights-flights-cape-town-windhoek-cpt-wdh\/#primaryimage\"},\"image\":{\"@id\":\"https:\/\/tiketi.com\/flights-flights-cape-town-windhoek-cpt-wdh\/#primaryimage\"},\"thumbnailUrl\":\"https:\/\/tiketi.com\/wp-content\/uploads\/2022\/01\/flight-ticket-booking-sorasak-KxCJXXGsv9I-unsplas.jpg\",\"datePublished\":\"2022-01-19T11:55:10+00:00\",\"dateModified\":\"2022-02-08T10:49:20+00:00\",\"description\":\"Looking for cheap flights from\u00a0Cape Town to Windhoek? Search, compare and book cheap airline ticket from Cape Town to Windhoek online\",\"breadcrumb\":{\"@id\":\"https:\/\/tiketi.com\/flights-flights-cape-town-windhoek-cpt-wdh\/#breadcrumb\"},\"inLanguage\":\"fr-FR\",\"potentialAction\":[{\"@type\":\"ReadAction\",\"target\":[\"https:\/\/tiketi.com\/flights-flights-cape-town-windhoek-cpt-wdh\/\"]}]},{\"@type\":\"ImageObject\",\"inLanguage\":\"fr-FR\",\"@id\":\"https:\/\/tiketi.com\/flights-flights-cape-town-windhoek-cpt-wdh\/#primaryimage\",\"url\":\"https:\/\/tiketi.com\/wp-content\/uploads\/2022\/01\/flight-ticket-booking-sorasak-KxCJXXGsv9I-unsplas.jpg\",\"contentUrl\":\"https:\/\/tiketi.com\/wp-content\/uploads\/2022\/01\/flight-ticket-booking-sorasak-KxCJXXGsv9I-unsplas.jpg\",\"width\":1200,\"height\":240,\"caption\":\"Online flight ticket booking\"},{\"@type\":\"BreadcrumbList\",\"@id\":\"https:\/\/tiketi.com\/flights-flights-cape-town-windhoek-cpt-wdh\/#breadcrumb\",\"itemListElement\":[{\"@type\":\"ListItem\",\"position\":1,\"name\":\"Home\",\"item\":\"https:\/\/tiketi.com\/\"},{\"@type\":\"ListItem\",\"position\":2,\"name\":\"Cheap Flights from\u00a0Cape Town to Windhoek\"}]},{\"@type\":\"WebSite\",\"@id\":\"https:\/\/tiketi.com\/#website\",\"url\":\"https:\/\/tiketi.com\/\",\"name\":\"Flight & Bus Tickets, Tour Packages & Activitites - Tiketi.com\",\"description\":\"Flight &amp; Bus Tickets, Tours, Activitites\",\"publisher\":{\"@id\":\"https:\/\/tiketi.com\/#organization\"},\"potentialAction\":[{\"@type\":\"SearchAction\",\"target\":{\"@type\":\"EntryPoint\",\"urlTemplate\":\"https:\/\/tiketi.com\/?s={search_term_string}\"},\"query-input\":{\"@type\":\"PropertyValueSpecification\",\"valueRequired\":true,\"valueName\":\"search_term_string\"}}],\"inLanguage\":\"fr-FR\"},{\"@type\":\"Organization\",\"@id\":\"https:\/\/tiketi.com\/#organization\",\"name\":\"Tiketi.com\",\"alternateName\":\"Tiketi\",\"url\":\"https:\/\/tiketi.com\/\",\"logo\":{\"@type\":\"ImageObject\",\"inLanguage\":\"fr-FR\",\"@id\":\"https:\/\/tiketi.com\/#\/schema\/logo\/image\/\",\"url\":\"https:\/\/tiketi.com\/wp-content\/uploads\/2019\/05\/tiketi-logo-696.png\",\"contentUrl\":\"https:\/\/tiketi.com\/wp-content\/uploads\/2019\/05\/tiketi-logo-696.png\",\"width\":696,\"height\":696,\"caption\":\"Tiketi.com\"},\"image\":{\"@id\":\"https:\/\/tiketi.com\/#\/schema\/logo\/image\/\"},\"sameAs\":[\"https:\/\/www.facebook.com\/TiketiCom\/\"]}]}<\/script>\n<!-- \/ Yoast SEO plugin. -->","yoast_head_json":{"title":"Vols pas chers au d\u00e9part de Vols Le Cap vers Windhoek","description":"Vous recherchez des vols \u00e0 bas prix de Le Cap \u00e0 Windhoek ? Recherchez, comparez et r\u00e9servez en ligne un billet d&#039;avion pas cher de Le Cap \u00e0 Windhoek","robots":{"index":"index","follow":"follow","max-snippet":"max-snippet:-1","max-image-preview":"max-image-preview:large","max-video-preview":"max-video-preview:-1"},"canonical":"https:\/\/tiketi.com\/fr-fr\/flights-flights-cape-town-windhoek-cpt-wdh\/","og_locale":"fr_FR","og_type":"article","og_title":"Cheap Flights from\u00a0Flights Cape Town to Windhoek","og_description":"Looking for cheap flights from\u00a0Cape Town to Windhoek? Search, compare and book cheap airline ticket from Cape Town to Windhoek online","og_url":"https:\/\/tiketi.com\/fr-fr\/flights-flights-cape-town-windhoek-cpt-wdh\/","og_site_name":"Tiketi.com","article_publisher":"https:\/\/www.facebook.com\/TiketiCom\/","article_modified_time":"2022-02-08T10:49:20+00:00","og_image":[{"width":1200,"height":240,"url":"https:\/\/tiketi.com\/wp-content\/uploads\/2022\/01\/flight-ticket-booking-sorasak-KxCJXXGsv9I-unsplas.jpg","type":"image\/jpeg"}],"twitter_card":"summary_large_image","twitter_misc":{"Dur\u00e9e de lecture estim\u00e9e":"3 minutes"},"schema":{"@context":"https:\/\/schema.org","@graph":[{"@type":"WebPage","@id":"https:\/\/tiketi.com\/flights-flights-cape-town-windhoek-cpt-wdh\/","url":"https:\/\/tiketi.com\/flights-flights-cape-town-windhoek-cpt-wdh\/","name":"Vols pas chers au d\u00e9part de Vols Le Cap vers Windhoek","isPartOf":{"@id":"https:\/\/tiketi.com\/#website"},"primaryImageOfPage":{"@id":"https:\/\/tiketi.com\/flights-flights-cape-town-windhoek-cpt-wdh\/#primaryimage"},"image":{"@id":"https:\/\/tiketi.com\/flights-flights-cape-town-windhoek-cpt-wdh\/#primaryimage"},"thumbnailUrl":"https:\/\/tiketi.com\/wp-content\/uploads\/2022\/01\/flight-ticket-booking-sorasak-KxCJXXGsv9I-unsplas.jpg","datePublished":"2022-01-19T11:55:10+00:00","dateModified":"2022-02-08T10:49:20+00:00","description":"Vous recherchez des vols \u00e0 bas prix de Le Cap \u00e0 Windhoek ? Recherchez, comparez et r\u00e9servez en ligne un billet d&#039;avion pas cher de Le Cap \u00e0 Windhoek","breadcrumb":{"@id":"https:\/\/tiketi.com\/flights-flights-cape-town-windhoek-cpt-wdh\/#breadcrumb"},"inLanguage":"fr-FR","potentialAction":[{"@type":"ReadAction","target":["https:\/\/tiketi.com\/flights-flights-cape-town-windhoek-cpt-wdh\/"]}]},{"@type":"ImageObject","inLanguage":"fr-FR","@id":"https:\/\/tiketi.com\/flights-flights-cape-town-windhoek-cpt-wdh\/#primaryimage","url":"https:\/\/tiketi.com\/wp-content\/uploads\/2022\/01\/flight-ticket-booking-sorasak-KxCJXXGsv9I-unsplas.jpg","contentUrl":"https:\/\/tiketi.com\/wp-content\/uploads\/2022\/01\/flight-ticket-booking-sorasak-KxCJXXGsv9I-unsplas.jpg","width":1200,"height":240,"caption":"Online flight ticket booking"},{"@type":"BreadcrumbList","@id":"https:\/\/tiketi.com\/flights-flights-cape-town-windhoek-cpt-wdh\/#breadcrumb","itemListElement":[{"@type":"ListItem","position":1,"name":"Home","item":"https:\/\/tiketi.com\/"},{"@type":"ListItem","position":2,"name":"Cheap Flights from\u00a0Cape Town to Windhoek"}]},{"@type":"WebSite","@id":"https:\/\/tiketi.com\/#website","url":"https:\/\/tiketi.com\/","name":"Billets d&#039;avion et de bus, forfaits touristiques et activit\u00e9s - Tiketi.com","description":"Billets d&#039;avion et de bus, Tours, Activit\u00e9s","publisher":{"@id":"https:\/\/tiketi.com\/#organization"},"potentialAction":[{"@type":"SearchAction","target":{"@type":"EntryPoint","urlTemplate":"https:\/\/tiketi.com\/?s={search_term_string}"},"query-input":{"@type":"PropertyValueSpecification","valueRequired":true,"valueName":"search_term_string"}}],"inLanguage":"fr-FR"},{"@type":"Organization","@id":"https:\/\/tiketi.com\/#organization","name":"Tiketi.com","alternateName":"Tiketi","url":"https:\/\/tiketi.com\/","logo":{"@type":"ImageObject","inLanguage":"fr-FR","@id":"https:\/\/tiketi.com\/#\/schema\/logo\/image\/","url":"https:\/\/tiketi.com\/wp-content\/uploads\/2019\/05\/tiketi-logo-696.png","contentUrl":"https:\/\/tiketi.com\/wp-content\/uploads\/2019\/05\/tiketi-logo-696.png","width":696,"height":696,"caption":"Tiketi.com"},"image":{"@id":"https:\/\/tiketi.com\/#\/schema\/logo\/image\/"},"sameAs":["https:\/\/www.facebook.com\/TiketiCom\/"]}]}},"_links":{"self":[{"href":"https:\/\/tiketi.com\/fr-fr\/wp-json\/wp\/v2\/pages\/11758","targetHints":{"allow":["GET"]}}],"collection":[{"href":"https:\/\/tiketi.com\/fr-fr\/wp-json\/wp\/v2\/pages"}],"about":[{"href":"https:\/\/tiketi.com\/fr-fr\/wp-json\/wp\/v2\/types\/page"}],"author":[{"embeddable":true,"href":"https:\/\/tiketi.com\/fr-fr\/wp-json\/wp\/v2\/users\/1"}],"replies":[{"embeddable":true,"href":"https:\/\/tiketi.com\/fr-fr\/wp-json\/wp\/v2\/comments?post=11758"}],"version-history":[{"count":0,"href":"https:\/\/tiketi.com\/fr-fr\/wp-json\/wp\/v2\/pages\/11758\/revisions"}],"wp:featuredmedia":[{"embeddable":true,"href":"https:\/\/tiketi.com\/fr-fr\/wp-json\/wp\/v2\/media\/14041"}],"wp:attachment":[{"href":"https:\/\/tiketi.com\/fr-fr\/wp-json\/wp\/v2\/media?parent=11758"}],"curies":[{"name":"wp","href":"https:\/\/api.w.org\/{rel}","templated":true}]}}