{"id":11759,"date":"2022-01-19T12:55:10","date_gmt":"2022-01-19T11:55:10","guid":{"rendered":"https:\/\/new.tiketi.com\/cheap-flights-from-johannesburg-to-kimberley\/"},"modified":"2022-02-08T14:03:40","modified_gmt":"2022-02-08T13:03:40","slug":"flights-johannesburg-kimberley-jnb-kim","status":"publish","type":"page","link":"https:\/\/tiketi.com\/fr-fr\/flights-johannesburg-kimberley-jnb-kim\/","title":{"rendered":"Vols \u00e0 bas prix de Johannesbourg \u00e0 Kimberley"},"content":{"rendered":"<h2>Vous recherchez un billet d&#039;avion pas cher Johannesbourg - Kimberley ou des offres de derni\u00e8re minute ?<\/h2>\n<h3>Cherchez, comparez et r\u00e9servez en ligne maintenant un billet d&#039;avion pas cher entre Johannesbourg (JNB) et Kimberley (KIM).<\/h3>\n<p>R\u00e9servez des vols pas chers de Johannesbourg \u00e0 Kimberley en ligne avec Tiketi.com pour les meilleures offres. Le Kimberley est une r\u00e9gion vierge et vaste avec tant d&#039;attractions et d&#039;endroits merveilleux et \u00e9tonnants \u00e0 explorer. Visitez Londres gr\u00e2ce \u00e0 des offres exceptionnelles sur les billets d&#039;avion de Johannesburg \u00e0 Kimberley et volez \u00e0 bas prix avec des vols Johannesburg \u00e0 Kimberley.<\/p>\n<h2>Voici quelques-unes des meilleures attractions de Kimberley<\/h2>\n<h3>Jardins Cominco<\/h3>\n<p>Avec une vue magnifique sur la vall\u00e9e et bord\u00e9 d&#039;arbres naturels, Cominco Gardens est une propri\u00e9t\u00e9 de cinq hectares qui abrite plus de 45 000 fleurs par an et dont la visite est gratuite.<br \/>\nPlac\u00e9s \u00e0 seulement quelques minutes \u00e0 pied du centre-ville, \u00e0 c\u00f4t\u00e9 du Kimberley Heath Care Centre dans la r\u00e9gion de Townsite Kimberley, les jardins sont un lieu c\u00e9l\u00e8bre pour une promenade d\u00e9contract\u00e9e ou un pique-nique.<br \/>\nCominco Gardens a en fait \u00e9t\u00e9 construit pour pr\u00e9senter l&#039;engrais Elephant Brand produit par la mine Cominco.<\/p>\n<h3>Centre de conf\u00e9rence<\/h3>\n<p>Le centre de conf\u00e9rence Kimberley de 24 00 pieds carr\u00e9s est le plus grand centre de r\u00e9union de la r\u00e9gion d&#039;East Kootenay. Construit pour accueillir des r\u00e9unions d&#039;affaires et sociales, comme des r\u00e9unions, des mariages et des festivals, ainsi que des f\u00eates priv\u00e9es et des r\u00e9unions d&#039;entreprise, il abrite \u00e9galement le centre d&#039;entra\u00eenement des athl\u00e8tes de Kimberley, un centre de conditionnement physique et de tournage de ski parfait pour la pr\u00e9paration des comp\u00e9titions et l&#039;h\u00e9bergement d&#039;\u00e9v\u00e9nements sportifs.<\/p>\n<h3>Chutes Marysville<\/h3>\n<p>Un petit sentier, principalement une promenade, situ\u00e9 juste au sud de Kimberley \u00e0 Marysville. Depuis le d\u00e9but du sentier, une simple promenade de 10 \u00e0 15 minutes vous m\u00e8nera \u00e0 un point de vue surplombant la cascade de trente m\u00e8tres.<br \/>\nEn face du d\u00e9but du sentier se trouve le parc \u00e9cologique, spec une statue d&#039;une truite fard\u00e9e versant de l&#039;ouest, le retour de cette esp\u00e8ce locale \u00e0 Mark Creek \u00e0 la suite d&#039;un grand projet de restauration du bassin versant.<\/p>\n<h2>FAQ sur les vols pas chers de Johannesbourg \u00e0 Kimberley<\/h2>\n<h3>Quelle est la distance entre Kimberley et Johannesbourg ?<\/h3>\n<p>La distance des vols Kimberley de Johannesburg est de 452 kilom\u00e8tres.<\/p>\n<h3>Combien de temps dure le vol Johannesbourg-Kimberley ?<\/h3>\n<p>Le temps de vol commun de Johannesburg \u00e0 Kimberley est d&#039;une heure et dix minutes.<\/p>\n<h3>Quelle est la fr\u00e9quence des vols directs Johannesburg-Kimberley ?<\/h3>\n<p>Il y a quarante-cinq vols directs de Johannesburg \u00e0 Kimberley.<\/p>\n<h3>Quelles sont les compagnies a\u00e9riennes les plus c\u00e9l\u00e8bres de Johannesburg pour les vols directs Johannesburg - Kimberley ?<\/h3>\n<p>South African Airways propose cent pour cent des vols pas chers sans escale de Johannesburg \u00e0 Kimberley.<\/p>\n<h3>Combien de vols Johannesburg-Kimberley partent en moyenne par jour ?<\/h3>\n<p>Les voyageurs peuvent deviner quinze vols de Johannesburg \u00e0 Kimberley en moyenne par jour.<\/p>\n<p>T\u00f4t le matin \u2013 vingt-sept pour cent des d\u00e9parts de vol<\/p>\n<p>\u2022 Apr\u00e8s-midi\u00a0: 40\u00a0% des d\u00e9parts de vols<\/p>\n<p>\u2022 Soir - sept pour cent des d\u00e9parts de vol<\/p>\n<h2>Conseils sur les vols de Johannesbourg \u00e0 Kimberley<\/h2>\n<p>\u2022 Johannesburg est \u00e0 283 miles de Kimberley.<\/p>\n<p>\u2022 South African Airways propose le plus de vols sans escale entre Kimberley et Johannesburg.<\/p>\n<p>\u2022 Cape Town, Afrique du Sud \u2013 Cape Town Intl est le lien le plus c\u00e9l\u00e8bre pour les vols \u00e0 escale entre Kimberley et Johannesburg.<\/p>","protected":false},"excerpt":{"rendered":"<p>Looking for cheap airline ticket from Johannesburg to Kimberley\u00a0or last minute deals? Search, compare and book cheap airline ticket from Johannesburg (JNB) to Kimberley (KIM) online now. Book cheap flights from Johannesburg to Kimberley online with Tiketi.com for the best deals. The Kimberley is a pristine and vast area with so many wonderful and amazing [&hellip;]<\/p>\n","protected":false},"author":1,"featured_media":14041,"parent":0,"menu_order":0,"comment_status":"open","ping_status":"closed","template":"template-home-modern.php","meta":{"footnotes":""},"class_list":["post-11759","page","type-page","status-publish","has-post-thumbnail","hentry"],"yoast_head":"<!-- This site is optimized with the Yoast SEO plugin v27.3 - https:\/\/yoast.com\/product\/yoast-seo-wordpress\/ -->\n<title>Cheap Flights from\u00a0Johannesburg to Kimberley<\/title>\n<meta name=\"description\" content=\"Looking for cheap flights from\u00a0Johannesburg to Kimberley? Search, compare and book cheap airline ticket from Johannesburg to Kimberley online\" \/>\n<meta name=\"robots\" content=\"index, follow, max-snippet:-1, max-image-preview:large, max-video-preview:-1\" \/>\n<link rel=\"canonical\" href=\"https:\/\/tiketi.com\/fr-fr\/flights-johannesburg-kimberley-jnb-kim\/\" \/>\n<meta property=\"og:locale\" content=\"fr_FR\" \/>\n<meta property=\"og:type\" content=\"article\" \/>\n<meta property=\"og:title\" content=\"Cheap Flights from\u00a0Johannesburg to Kimberley\" \/>\n<meta property=\"og:description\" content=\"Looking for cheap flights from\u00a0Johannesburg to Kimberley? Search, compare and book cheap airline ticket from Johannesburg to Kimberley online\" \/>\n<meta property=\"og:url\" content=\"https:\/\/tiketi.com\/fr-fr\/flights-johannesburg-kimberley-jnb-kim\/\" \/>\n<meta property=\"og:site_name\" content=\"Tiketi.com\" \/>\n<meta property=\"article:publisher\" content=\"https:\/\/www.facebook.com\/TiketiCom\/\" \/>\n<meta property=\"article:modified_time\" content=\"2022-02-08T13:03:40+00:00\" \/>\n<meta property=\"og:image\" content=\"https:\/\/tiketi.com\/wp-content\/uploads\/2022\/01\/flight-ticket-booking-sorasak-KxCJXXGsv9I-unsplas.jpg\" \/>\n\t<meta property=\"og:image:width\" content=\"1200\" \/>\n\t<meta property=\"og:image:height\" content=\"240\" \/>\n\t<meta property=\"og:image:type\" content=\"image\/jpeg\" \/>\n<meta name=\"twitter:card\" content=\"summary_large_image\" \/>\n<meta name=\"twitter:label1\" content=\"Dur\u00e9e de lecture estim\u00e9e\" \/>\n\t<meta name=\"twitter:data1\" content=\"3 minutes\" \/>\n<script type=\"application\/ld+json\" class=\"yoast-schema-graph\">{\"@context\":\"https:\\\/\\\/schema.org\",\"@graph\":[{\"@type\":\"WebPage\",\"@id\":\"https:\\\/\\\/tiketi.com\\\/flights-johannesburg-kimberley-jnb-kim\\\/\",\"url\":\"https:\\\/\\\/tiketi.com\\\/flights-johannesburg-kimberley-jnb-kim\\\/\",\"name\":\"Cheap Flights from\u00a0Johannesburg to Kimberley\",\"isPartOf\":{\"@id\":\"https:\\\/\\\/tiketi.com\\\/#website\"},\"primaryImageOfPage\":{\"@id\":\"https:\\\/\\\/tiketi.com\\\/flights-johannesburg-kimberley-jnb-kim\\\/#primaryimage\"},\"image\":{\"@id\":\"https:\\\/\\\/tiketi.com\\\/flights-johannesburg-kimberley-jnb-kim\\\/#primaryimage\"},\"thumbnailUrl\":\"https:\\\/\\\/tiketi.com\\\/wp-content\\\/uploads\\\/2022\\\/01\\\/flight-ticket-booking-sorasak-KxCJXXGsv9I-unsplas.jpg\",\"datePublished\":\"2022-01-19T11:55:10+00:00\",\"dateModified\":\"2022-02-08T13:03:40+00:00\",\"description\":\"Looking for cheap flights from\u00a0Johannesburg to Kimberley? Search, compare and book cheap airline ticket from Johannesburg to Kimberley online\",\"breadcrumb\":{\"@id\":\"https:\\\/\\\/tiketi.com\\\/flights-johannesburg-kimberley-jnb-kim\\\/#breadcrumb\"},\"inLanguage\":\"fr-FR\",\"potentialAction\":[{\"@type\":\"ReadAction\",\"target\":[\"https:\\\/\\\/tiketi.com\\\/flights-johannesburg-kimberley-jnb-kim\\\/\"]}]},{\"@type\":\"ImageObject\",\"inLanguage\":\"fr-FR\",\"@id\":\"https:\\\/\\\/tiketi.com\\\/flights-johannesburg-kimberley-jnb-kim\\\/#primaryimage\",\"url\":\"https:\\\/\\\/tiketi.com\\\/wp-content\\\/uploads\\\/2022\\\/01\\\/flight-ticket-booking-sorasak-KxCJXXGsv9I-unsplas.jpg\",\"contentUrl\":\"https:\\\/\\\/tiketi.com\\\/wp-content\\\/uploads\\\/2022\\\/01\\\/flight-ticket-booking-sorasak-KxCJXXGsv9I-unsplas.jpg\",\"width\":1200,\"height\":240,\"caption\":\"Online flight ticket booking\"},{\"@type\":\"BreadcrumbList\",\"@id\":\"https:\\\/\\\/tiketi.com\\\/flights-johannesburg-kimberley-jnb-kim\\\/#breadcrumb\",\"itemListElement\":[{\"@type\":\"ListItem\",\"position\":1,\"name\":\"Home\",\"item\":\"https:\\\/\\\/tiketi.com\\\/\"},{\"@type\":\"ListItem\",\"position\":2,\"name\":\"Cheap Flights from\u00a0Johannesburg to Kimberley\"}]},{\"@type\":\"WebSite\",\"@id\":\"https:\\\/\\\/tiketi.com\\\/#website\",\"url\":\"https:\\\/\\\/tiketi.com\\\/\",\"name\":\"Flight & Bus Tickets, Tour Packages & Activitites - Tiketi.com\",\"description\":\"Flight &amp; Bus Tickets, Tours, Activitites\",\"publisher\":{\"@id\":\"https:\\\/\\\/tiketi.com\\\/#organization\"},\"potentialAction\":[{\"@type\":\"SearchAction\",\"target\":{\"@type\":\"EntryPoint\",\"urlTemplate\":\"https:\\\/\\\/tiketi.com\\\/?s={search_term_string}\"},\"query-input\":{\"@type\":\"PropertyValueSpecification\",\"valueRequired\":true,\"valueName\":\"search_term_string\"}}],\"inLanguage\":\"fr-FR\"},{\"@type\":\"Organization\",\"@id\":\"https:\\\/\\\/tiketi.com\\\/#organization\",\"name\":\"Tiketi.com\",\"alternateName\":\"Tiketi\",\"url\":\"https:\\\/\\\/tiketi.com\\\/\",\"logo\":{\"@type\":\"ImageObject\",\"inLanguage\":\"fr-FR\",\"@id\":\"https:\\\/\\\/tiketi.com\\\/#\\\/schema\\\/logo\\\/image\\\/\",\"url\":\"https:\\\/\\\/tiketi.com\\\/wp-content\\\/uploads\\\/2019\\\/05\\\/tiketi-logo-696.png\",\"contentUrl\":\"https:\\\/\\\/tiketi.com\\\/wp-content\\\/uploads\\\/2019\\\/05\\\/tiketi-logo-696.png\",\"width\":696,\"height\":696,\"caption\":\"Tiketi.com\"},\"image\":{\"@id\":\"https:\\\/\\\/tiketi.com\\\/#\\\/schema\\\/logo\\\/image\\\/\"},\"sameAs\":[\"https:\\\/\\\/www.facebook.com\\\/TiketiCom\\\/\"]}]}<\/script>\n<!-- \/ Yoast SEO plugin. -->","yoast_head_json":{"title":"Vols \u00e0 bas prix de Johannesbourg \u00e0 Kimberley","description":"Vous recherchez des vols \u00e0 bas prix de Johannesbourg \u00e0 Kimberley ? Recherchez, comparez et r\u00e9servez en ligne un billet d&#039;avion pas cher de Johannesbourg \u00e0 Kimberley","robots":{"index":"index","follow":"follow","max-snippet":"max-snippet:-1","max-image-preview":"max-image-preview:large","max-video-preview":"max-video-preview:-1"},"canonical":"https:\/\/tiketi.com\/fr-fr\/flights-johannesburg-kimberley-jnb-kim\/","og_locale":"fr_FR","og_type":"article","og_title":"Cheap Flights from\u00a0Johannesburg to Kimberley","og_description":"Looking for cheap flights from\u00a0Johannesburg to Kimberley? Search, compare and book cheap airline ticket from Johannesburg to Kimberley online","og_url":"https:\/\/tiketi.com\/fr-fr\/flights-johannesburg-kimberley-jnb-kim\/","og_site_name":"Tiketi.com","article_publisher":"https:\/\/www.facebook.com\/TiketiCom\/","article_modified_time":"2022-02-08T13:03:40+00:00","og_image":[{"width":1200,"height":240,"url":"https:\/\/tiketi.com\/wp-content\/uploads\/2022\/01\/flight-ticket-booking-sorasak-KxCJXXGsv9I-unsplas.jpg","type":"image\/jpeg"}],"twitter_card":"summary_large_image","twitter_misc":{"Dur\u00e9e de lecture estim\u00e9e":"3 minutes"},"schema":{"@context":"https:\/\/schema.org","@graph":[{"@type":"WebPage","@id":"https:\/\/tiketi.com\/flights-johannesburg-kimberley-jnb-kim\/","url":"https:\/\/tiketi.com\/flights-johannesburg-kimberley-jnb-kim\/","name":"Vols \u00e0 bas prix de Johannesbourg \u00e0 Kimberley","isPartOf":{"@id":"https:\/\/tiketi.com\/#website"},"primaryImageOfPage":{"@id":"https:\/\/tiketi.com\/flights-johannesburg-kimberley-jnb-kim\/#primaryimage"},"image":{"@id":"https:\/\/tiketi.com\/flights-johannesburg-kimberley-jnb-kim\/#primaryimage"},"thumbnailUrl":"https:\/\/tiketi.com\/wp-content\/uploads\/2022\/01\/flight-ticket-booking-sorasak-KxCJXXGsv9I-unsplas.jpg","datePublished":"2022-01-19T11:55:10+00:00","dateModified":"2022-02-08T13:03:40+00:00","description":"Vous recherchez des vols \u00e0 bas prix de Johannesbourg \u00e0 Kimberley ? Recherchez, comparez et r\u00e9servez en ligne un billet d&#039;avion pas cher de Johannesbourg \u00e0 Kimberley","breadcrumb":{"@id":"https:\/\/tiketi.com\/flights-johannesburg-kimberley-jnb-kim\/#breadcrumb"},"inLanguage":"fr-FR","potentialAction":[{"@type":"ReadAction","target":["https:\/\/tiketi.com\/flights-johannesburg-kimberley-jnb-kim\/"]}]},{"@type":"ImageObject","inLanguage":"fr-FR","@id":"https:\/\/tiketi.com\/flights-johannesburg-kimberley-jnb-kim\/#primaryimage","url":"https:\/\/tiketi.com\/wp-content\/uploads\/2022\/01\/flight-ticket-booking-sorasak-KxCJXXGsv9I-unsplas.jpg","contentUrl":"https:\/\/tiketi.com\/wp-content\/uploads\/2022\/01\/flight-ticket-booking-sorasak-KxCJXXGsv9I-unsplas.jpg","width":1200,"height":240,"caption":"Online flight ticket booking"},{"@type":"BreadcrumbList","@id":"https:\/\/tiketi.com\/flights-johannesburg-kimberley-jnb-kim\/#breadcrumb","itemListElement":[{"@type":"ListItem","position":1,"name":"Home","item":"https:\/\/tiketi.com\/"},{"@type":"ListItem","position":2,"name":"Cheap Flights from\u00a0Johannesburg to Kimberley"}]},{"@type":"WebSite","@id":"https:\/\/tiketi.com\/#website","url":"https:\/\/tiketi.com\/","name":"Billets d&#039;avion et de bus, forfaits touristiques et activit\u00e9s - Tiketi.com","description":"Billets d&#039;avion et de bus, Tours, Activit\u00e9s","publisher":{"@id":"https:\/\/tiketi.com\/#organization"},"potentialAction":[{"@type":"SearchAction","target":{"@type":"EntryPoint","urlTemplate":"https:\/\/tiketi.com\/?s={search_term_string}"},"query-input":{"@type":"PropertyValueSpecification","valueRequired":true,"valueName":"search_term_string"}}],"inLanguage":"fr-FR"},{"@type":"Organization","@id":"https:\/\/tiketi.com\/#organization","name":"Tiketi.com","alternateName":"Tiketi","url":"https:\/\/tiketi.com\/","logo":{"@type":"ImageObject","inLanguage":"fr-FR","@id":"https:\/\/tiketi.com\/#\/schema\/logo\/image\/","url":"https:\/\/tiketi.com\/wp-content\/uploads\/2019\/05\/tiketi-logo-696.png","contentUrl":"https:\/\/tiketi.com\/wp-content\/uploads\/2019\/05\/tiketi-logo-696.png","width":696,"height":696,"caption":"Tiketi.com"},"image":{"@id":"https:\/\/tiketi.com\/#\/schema\/logo\/image\/"},"sameAs":["https:\/\/www.facebook.com\/TiketiCom\/"]}]}},"_links":{"self":[{"href":"https:\/\/tiketi.com\/fr-fr\/wp-json\/wp\/v2\/pages\/11759","targetHints":{"allow":["GET"]}}],"collection":[{"href":"https:\/\/tiketi.com\/fr-fr\/wp-json\/wp\/v2\/pages"}],"about":[{"href":"https:\/\/tiketi.com\/fr-fr\/wp-json\/wp\/v2\/types\/page"}],"author":[{"embeddable":true,"href":"https:\/\/tiketi.com\/fr-fr\/wp-json\/wp\/v2\/users\/1"}],"replies":[{"embeddable":true,"href":"https:\/\/tiketi.com\/fr-fr\/wp-json\/wp\/v2\/comments?post=11759"}],"version-history":[{"count":0,"href":"https:\/\/tiketi.com\/fr-fr\/wp-json\/wp\/v2\/pages\/11759\/revisions"}],"wp:featuredmedia":[{"embeddable":true,"href":"https:\/\/tiketi.com\/fr-fr\/wp-json\/wp\/v2\/media\/14041"}],"wp:attachment":[{"href":"https:\/\/tiketi.com\/fr-fr\/wp-json\/wp\/v2\/media?parent=11759"}],"curies":[{"name":"wp","href":"https:\/\/api.w.org\/{rel}","templated":true}]}}