{"id":11762,"date":"2022-01-19T12:55:10","date_gmt":"2022-01-19T11:55:10","guid":{"rendered":"https:\/\/new.tiketi.com\/cheap-flights-from-cape-town-to-kimberley-best-air-taxi\/"},"modified":"2022-02-07T15:01:30","modified_gmt":"2022-02-07T14:01:30","slug":"flights-cape-town-kimberley-cpt-kim","status":"publish","type":"page","link":"https:\/\/tiketi.com\/fr-fr\/flights-cape-town-kimberley-cpt-kim\/","title":{"rendered":"Vols pas chers du Cap \u00e0 Kimberley \u2013 Meilleur taxi a\u00e9rien"},"content":{"rendered":"<h2>Vous recherchez un billet d&#039;avion pas cher Le Cap vers Kimberley ou des offres de derni\u00e8re minute ?<\/h2>\n<h3>Recherchez, comparez et r\u00e9servez en ligne maintenant un billet d&#039;avion pas cher entre Le Cap (CPT) et Kimberley (KIM).<\/h3>\n<p>R\u00e9servez en ligne des vols \u00e0 bas prix de Le Cap \u00e0 Kimberley et \u00e9conomisez du temps et de l&#039;argent. Kimberly m\u00e9rite vraiment son statut de principale attraction du Cap Nord. Aujourd&#039;hui, la capitale du Cap Nord est une ville moderne avec de nombreuses attractions touristiques c\u00e9l\u00e8bres de Kimberley, notamment des restaurants, des galeries d&#039;art, des centres commerciaux, des restaurants et un casino sous licence. Trouvez et comparez donc des billets d&#039;avion de Cape Town \u00e0 Kimberley et r\u00e9servez d\u00e8s maintenant en ligne des offres exceptionnelles sur des taxis a\u00e9riens pas chers de Cape Town \u00e0 Kimberley.<\/p>\n<h2>Voici quelques-unes des meilleures attractions de Kimberley<\/h2>\n<p>Visitez le mus\u00e9e de la mine de Kimberley pour en savoir plus sur les jours de ru\u00e9e vers les diamants et partez sous terre lors d&#039;une visite guid\u00e9e d&#039;une mine de diamants autrefois op\u00e9rationnelle qui descend \u00e0 840 m sous la surface.<\/p>\n<p>Si l&#039;art est votre truc, rendez-vous au Wildebeest Kuil Rock Art Center pour voir l&#039;art rupestre San tr\u00e8s ancien, ou \u00e0 la William Humphreys Art Gallery pour une collection sp\u00e9ciale de ma\u00eetres n\u00e9erlandais, flamands, anglais et fran\u00e7ais des XVIe et XVIIe si\u00e8cles.<\/p>\n<p>\u00c9merveillez-vous devant l&#039;architecture r\u00e9volue de la plus ancienne banlieue de la ville, Belgravia, qui remonte aux ann\u00e9es 1870. Non seulement ces maisons ont \u00e9t\u00e9 construites au sommet de la ru\u00e9e vers le diamant, mais la l\u00e9gende raconte qu&#039;il y avait autrefois plus de millionnaires concentr\u00e9s dans cette r\u00e9gion que partout ailleurs sur la plan\u00e8te.<\/p>\n<p>Il y a beaucoup de choses \u00e0 faire dans le Cap Nord, mais c&#039;est tellement immense qu&#039;il vous faudra peut-\u00eatre plus d&#039;une journ\u00e9e de visite depuis Kimberley pour explorer ses nombreuses attractions.<\/p>\n<h2>FAQ sur les taxis a\u00e9riens pas chers de Cape Town \u00e0 Kimberley<\/h2>\n<h3>Quelle est la distance entre Kimberley et Le Cap ?<\/h3>\n<p>La distance du taxi a\u00e9rien du Cap au vol Kimberley est de 817 kilom\u00e8tres.<\/p>\n<h3>Combien de temps dure le vol Le Cap \u00e0 Kimberley le moins cher ?<\/h3>\n<p>Le temps de vol commun entre Cape Town et Kimberley est d&#039;une heure et trente-deux minutes.<\/p>\n<h3>Quelle est la fr\u00e9quence des vols directs Le Cap-Kimberley ?<\/h3>\n<p>Il y a vingt-deux vols directs entre Cape Town et Kimberley.<\/p>\n<h3>Quelles sont les compagnies a\u00e9riennes les plus c\u00e9l\u00e8bres du Cap pour les vols directs du Cap \u00e0 Kimberley ?<\/h3>\n<p>South African Airlink propose cinquante pour cent des vols sans escale entre Kimberley et Cape Town.<\/p>\n<h3>Combien de vols pas chers de Le Cap \u00e0 Kimberley partent en moyenne par jour ?<\/h3>\n<p>Neuf vols partent du Cap vers Kimberley en moyenne.<\/p>\n<p>\u2022 T\u00f4t le matin - trente-trois pour cent des d\u00e9parts de vol<\/p>\n<p>\u2022 Apr\u00e8s-midi\u00a0: 67\u00a0% des d\u00e9parts de vols<\/p>\n<h2>Conseils pour un billet d&#039;avion pas cher de Cape Town \u00e0 Kimberley<\/h2>\n<p>\u2022 Le Cap est \u00e0 510 milles de Kimberley.<\/p>\n<p>\u2022 Il y a neuf vols hebdomadaires du Cap \u00e0 Kimberley.<\/p>\n<p>\u2022 Quatre vols sans escale op\u00e8rent du Cap \u00e0 Kimberley.<\/p>\n<p>\u2022 Airlink propose le plus de vols sans escale entre Kimberley et Le Cap.<\/p>\n<p>\u2022 Johannesburg, Afrique du Sud \u2013 OR Tambo International est la liaison la plus connue pour les vols \u00e0 une escale entre Cape Town et Kimberley.<\/p>","protected":false},"excerpt":{"rendered":"<p>Looking for cheap airline ticket from Cape Town to Kimberley\u00a0or last minute deals? Search, compare and book cheap airline ticket from Cape Town (CPT) to Kimberley (KIM) online now. Book cheap flights from Cape Town to Kimberley online and save time and money. Kimberly truly deserves its status as the main attraction of the Northern [&hellip;]<\/p>\n","protected":false},"author":1,"featured_media":14041,"parent":0,"menu_order":0,"comment_status":"open","ping_status":"closed","template":"template-home-modern.php","meta":{"footnotes":""},"class_list":["post-11762","page","type-page","status-publish","has-post-thumbnail","hentry"],"yoast_head":"<!-- This site is optimized with the Yoast SEO plugin v27.3 - https:\/\/yoast.com\/product\/yoast-seo-wordpress\/ -->\n<title>Cheap Flights from\u00a0Cape Town to Kimberley - Best Air Taxi<\/title>\n<meta name=\"description\" content=\"Looking for cheap flights from\u00a0Cape Town to Kimberley? Search, compare and book cheap airline ticket from Cape Town to Kimberley online\" \/>\n<meta name=\"robots\" content=\"index, follow, max-snippet:-1, max-image-preview:large, max-video-preview:-1\" \/>\n<link rel=\"canonical\" href=\"https:\/\/tiketi.com\/fr-fr\/flights-cape-town-kimberley-cpt-kim\/\" \/>\n<meta property=\"og:locale\" content=\"fr_FR\" \/>\n<meta property=\"og:type\" content=\"article\" \/>\n<meta property=\"og:title\" content=\"Cheap Flights from\u00a0Cape Town to Kimberley - Best Air Taxi\" \/>\n<meta property=\"og:description\" content=\"Looking for cheap flights from\u00a0Cape Town to Kimberley? Search, compare and book cheap airline ticket from Cape Town to Kimberley online\" \/>\n<meta property=\"og:url\" content=\"https:\/\/tiketi.com\/fr-fr\/flights-cape-town-kimberley-cpt-kim\/\" \/>\n<meta property=\"og:site_name\" content=\"Tiketi.com\" \/>\n<meta property=\"article:publisher\" content=\"https:\/\/www.facebook.com\/TiketiCom\/\" \/>\n<meta property=\"article:modified_time\" content=\"2022-02-07T14:01:30+00:00\" \/>\n<meta property=\"og:image\" content=\"https:\/\/tiketi.com\/wp-content\/uploads\/2022\/01\/flight-ticket-booking-sorasak-KxCJXXGsv9I-unsplas.jpg\" \/>\n\t<meta property=\"og:image:width\" content=\"1200\" \/>\n\t<meta property=\"og:image:height\" content=\"240\" \/>\n\t<meta property=\"og:image:type\" content=\"image\/jpeg\" \/>\n<meta name=\"twitter:card\" content=\"summary_large_image\" \/>\n<meta name=\"twitter:label1\" content=\"Dur\u00e9e de lecture estim\u00e9e\" \/>\n\t<meta name=\"twitter:data1\" content=\"3 minutes\" \/>\n<script type=\"application\/ld+json\" class=\"yoast-schema-graph\">{\"@context\":\"https:\\\/\\\/schema.org\",\"@graph\":[{\"@type\":\"WebPage\",\"@id\":\"https:\\\/\\\/tiketi.com\\\/flights-cape-town-kimberley-cpt-kim\\\/\",\"url\":\"https:\\\/\\\/tiketi.com\\\/flights-cape-town-kimberley-cpt-kim\\\/\",\"name\":\"Cheap Flights from\u00a0Cape Town to Kimberley - Best Air Taxi\",\"isPartOf\":{\"@id\":\"https:\\\/\\\/tiketi.com\\\/#website\"},\"primaryImageOfPage\":{\"@id\":\"https:\\\/\\\/tiketi.com\\\/flights-cape-town-kimberley-cpt-kim\\\/#primaryimage\"},\"image\":{\"@id\":\"https:\\\/\\\/tiketi.com\\\/flights-cape-town-kimberley-cpt-kim\\\/#primaryimage\"},\"thumbnailUrl\":\"https:\\\/\\\/tiketi.com\\\/wp-content\\\/uploads\\\/2022\\\/01\\\/flight-ticket-booking-sorasak-KxCJXXGsv9I-unsplas.jpg\",\"datePublished\":\"2022-01-19T11:55:10+00:00\",\"dateModified\":\"2022-02-07T14:01:30+00:00\",\"description\":\"Looking for cheap flights from\u00a0Cape Town to Kimberley? Search, compare and book cheap airline ticket from Cape Town to Kimberley online\",\"breadcrumb\":{\"@id\":\"https:\\\/\\\/tiketi.com\\\/flights-cape-town-kimberley-cpt-kim\\\/#breadcrumb\"},\"inLanguage\":\"fr-FR\",\"potentialAction\":[{\"@type\":\"ReadAction\",\"target\":[\"https:\\\/\\\/tiketi.com\\\/flights-cape-town-kimberley-cpt-kim\\\/\"]}]},{\"@type\":\"ImageObject\",\"inLanguage\":\"fr-FR\",\"@id\":\"https:\\\/\\\/tiketi.com\\\/flights-cape-town-kimberley-cpt-kim\\\/#primaryimage\",\"url\":\"https:\\\/\\\/tiketi.com\\\/wp-content\\\/uploads\\\/2022\\\/01\\\/flight-ticket-booking-sorasak-KxCJXXGsv9I-unsplas.jpg\",\"contentUrl\":\"https:\\\/\\\/tiketi.com\\\/wp-content\\\/uploads\\\/2022\\\/01\\\/flight-ticket-booking-sorasak-KxCJXXGsv9I-unsplas.jpg\",\"width\":1200,\"height\":240,\"caption\":\"Online flight ticket booking\"},{\"@type\":\"BreadcrumbList\",\"@id\":\"https:\\\/\\\/tiketi.com\\\/flights-cape-town-kimberley-cpt-kim\\\/#breadcrumb\",\"itemListElement\":[{\"@type\":\"ListItem\",\"position\":1,\"name\":\"Home\",\"item\":\"https:\\\/\\\/tiketi.com\\\/\"},{\"@type\":\"ListItem\",\"position\":2,\"name\":\"Cheap Flights from\u00a0Cape Town to Kimberley &#8211; Best Air Taxi\"}]},{\"@type\":\"WebSite\",\"@id\":\"https:\\\/\\\/tiketi.com\\\/#website\",\"url\":\"https:\\\/\\\/tiketi.com\\\/\",\"name\":\"Flight & Bus Tickets, Tour Packages & Activitites - Tiketi.com\",\"description\":\"Flight &amp; Bus Tickets, Tours, Activitites\",\"publisher\":{\"@id\":\"https:\\\/\\\/tiketi.com\\\/#organization\"},\"potentialAction\":[{\"@type\":\"SearchAction\",\"target\":{\"@type\":\"EntryPoint\",\"urlTemplate\":\"https:\\\/\\\/tiketi.com\\\/?s={search_term_string}\"},\"query-input\":{\"@type\":\"PropertyValueSpecification\",\"valueRequired\":true,\"valueName\":\"search_term_string\"}}],\"inLanguage\":\"fr-FR\"},{\"@type\":\"Organization\",\"@id\":\"https:\\\/\\\/tiketi.com\\\/#organization\",\"name\":\"Tiketi.com\",\"alternateName\":\"Tiketi\",\"url\":\"https:\\\/\\\/tiketi.com\\\/\",\"logo\":{\"@type\":\"ImageObject\",\"inLanguage\":\"fr-FR\",\"@id\":\"https:\\\/\\\/tiketi.com\\\/#\\\/schema\\\/logo\\\/image\\\/\",\"url\":\"https:\\\/\\\/tiketi.com\\\/wp-content\\\/uploads\\\/2019\\\/05\\\/tiketi-logo-696.png\",\"contentUrl\":\"https:\\\/\\\/tiketi.com\\\/wp-content\\\/uploads\\\/2019\\\/05\\\/tiketi-logo-696.png\",\"width\":696,\"height\":696,\"caption\":\"Tiketi.com\"},\"image\":{\"@id\":\"https:\\\/\\\/tiketi.com\\\/#\\\/schema\\\/logo\\\/image\\\/\"},\"sameAs\":[\"https:\\\/\\\/www.facebook.com\\\/TiketiCom\\\/\"]}]}<\/script>\n<!-- \/ Yoast SEO plugin. -->","yoast_head_json":{"title":"Vols pas chers de Le Cap \u00e0 Kimberley - Meilleurs taxis a\u00e9riens","description":"Vous recherchez des vols \u00e0 bas prix de Le Cap vers Kimberley ? Recherchez, comparez et r\u00e9servez en ligne un billet d&#039;avion pas cher de Le Cap \u00e0 Kimberley","robots":{"index":"index","follow":"follow","max-snippet":"max-snippet:-1","max-image-preview":"max-image-preview:large","max-video-preview":"max-video-preview:-1"},"canonical":"https:\/\/tiketi.com\/fr-fr\/flights-cape-town-kimberley-cpt-kim\/","og_locale":"fr_FR","og_type":"article","og_title":"Cheap Flights from\u00a0Cape Town to Kimberley - Best Air Taxi","og_description":"Looking for cheap flights from\u00a0Cape Town to Kimberley? Search, compare and book cheap airline ticket from Cape Town to Kimberley online","og_url":"https:\/\/tiketi.com\/fr-fr\/flights-cape-town-kimberley-cpt-kim\/","og_site_name":"Tiketi.com","article_publisher":"https:\/\/www.facebook.com\/TiketiCom\/","article_modified_time":"2022-02-07T14:01:30+00:00","og_image":[{"width":1200,"height":240,"url":"https:\/\/tiketi.com\/wp-content\/uploads\/2022\/01\/flight-ticket-booking-sorasak-KxCJXXGsv9I-unsplas.jpg","type":"image\/jpeg"}],"twitter_card":"summary_large_image","twitter_misc":{"Dur\u00e9e de lecture estim\u00e9e":"3 minutes"},"schema":{"@context":"https:\/\/schema.org","@graph":[{"@type":"WebPage","@id":"https:\/\/tiketi.com\/flights-cape-town-kimberley-cpt-kim\/","url":"https:\/\/tiketi.com\/flights-cape-town-kimberley-cpt-kim\/","name":"Vols pas chers de Le Cap \u00e0 Kimberley - Meilleurs taxis a\u00e9riens","isPartOf":{"@id":"https:\/\/tiketi.com\/#website"},"primaryImageOfPage":{"@id":"https:\/\/tiketi.com\/flights-cape-town-kimberley-cpt-kim\/#primaryimage"},"image":{"@id":"https:\/\/tiketi.com\/flights-cape-town-kimberley-cpt-kim\/#primaryimage"},"thumbnailUrl":"https:\/\/tiketi.com\/wp-content\/uploads\/2022\/01\/flight-ticket-booking-sorasak-KxCJXXGsv9I-unsplas.jpg","datePublished":"2022-01-19T11:55:10+00:00","dateModified":"2022-02-07T14:01:30+00:00","description":"Vous recherchez des vols \u00e0 bas prix de Le Cap vers Kimberley ? Recherchez, comparez et r\u00e9servez en ligne un billet d&#039;avion pas cher de Le Cap \u00e0 Kimberley","breadcrumb":{"@id":"https:\/\/tiketi.com\/flights-cape-town-kimberley-cpt-kim\/#breadcrumb"},"inLanguage":"fr-FR","potentialAction":[{"@type":"ReadAction","target":["https:\/\/tiketi.com\/flights-cape-town-kimberley-cpt-kim\/"]}]},{"@type":"ImageObject","inLanguage":"fr-FR","@id":"https:\/\/tiketi.com\/flights-cape-town-kimberley-cpt-kim\/#primaryimage","url":"https:\/\/tiketi.com\/wp-content\/uploads\/2022\/01\/flight-ticket-booking-sorasak-KxCJXXGsv9I-unsplas.jpg","contentUrl":"https:\/\/tiketi.com\/wp-content\/uploads\/2022\/01\/flight-ticket-booking-sorasak-KxCJXXGsv9I-unsplas.jpg","width":1200,"height":240,"caption":"Online flight ticket booking"},{"@type":"BreadcrumbList","@id":"https:\/\/tiketi.com\/flights-cape-town-kimberley-cpt-kim\/#breadcrumb","itemListElement":[{"@type":"ListItem","position":1,"name":"Home","item":"https:\/\/tiketi.com\/"},{"@type":"ListItem","position":2,"name":"Cheap Flights from\u00a0Cape Town to Kimberley &#8211; Best Air Taxi"}]},{"@type":"WebSite","@id":"https:\/\/tiketi.com\/#website","url":"https:\/\/tiketi.com\/","name":"Billets d&#039;avion et de bus, forfaits touristiques et activit\u00e9s - Tiketi.com","description":"Billets d&#039;avion et de bus, Tours, Activit\u00e9s","publisher":{"@id":"https:\/\/tiketi.com\/#organization"},"potentialAction":[{"@type":"SearchAction","target":{"@type":"EntryPoint","urlTemplate":"https:\/\/tiketi.com\/?s={search_term_string}"},"query-input":{"@type":"PropertyValueSpecification","valueRequired":true,"valueName":"search_term_string"}}],"inLanguage":"fr-FR"},{"@type":"Organization","@id":"https:\/\/tiketi.com\/#organization","name":"Tiketi.com","alternateName":"Tiketi","url":"https:\/\/tiketi.com\/","logo":{"@type":"ImageObject","inLanguage":"fr-FR","@id":"https:\/\/tiketi.com\/#\/schema\/logo\/image\/","url":"https:\/\/tiketi.com\/wp-content\/uploads\/2019\/05\/tiketi-logo-696.png","contentUrl":"https:\/\/tiketi.com\/wp-content\/uploads\/2019\/05\/tiketi-logo-696.png","width":696,"height":696,"caption":"Tiketi.com"},"image":{"@id":"https:\/\/tiketi.com\/#\/schema\/logo\/image\/"},"sameAs":["https:\/\/www.facebook.com\/TiketiCom\/"]}]}},"_links":{"self":[{"href":"https:\/\/tiketi.com\/fr-fr\/wp-json\/wp\/v2\/pages\/11762","targetHints":{"allow":["GET"]}}],"collection":[{"href":"https:\/\/tiketi.com\/fr-fr\/wp-json\/wp\/v2\/pages"}],"about":[{"href":"https:\/\/tiketi.com\/fr-fr\/wp-json\/wp\/v2\/types\/page"}],"author":[{"embeddable":true,"href":"https:\/\/tiketi.com\/fr-fr\/wp-json\/wp\/v2\/users\/1"}],"replies":[{"embeddable":true,"href":"https:\/\/tiketi.com\/fr-fr\/wp-json\/wp\/v2\/comments?post=11762"}],"version-history":[{"count":0,"href":"https:\/\/tiketi.com\/fr-fr\/wp-json\/wp\/v2\/pages\/11762\/revisions"}],"wp:featuredmedia":[{"embeddable":true,"href":"https:\/\/tiketi.com\/fr-fr\/wp-json\/wp\/v2\/media\/14041"}],"wp:attachment":[{"href":"https:\/\/tiketi.com\/fr-fr\/wp-json\/wp\/v2\/media?parent=11762"}],"curies":[{"name":"wp","href":"https:\/\/api.w.org\/{rel}","templated":true}]}}