{"id":11763,"date":"2022-01-19T12:55:10","date_gmt":"2022-01-19T11:55:10","guid":{"rendered":"https:\/\/new.tiketi.com\/cheap-flights-from-zanzibar-to-arusha\/"},"modified":"2022-04-05T12:28:51","modified_gmt":"2022-04-05T11:28:51","slug":"flights-zanzibar-arusha-znz-ark","status":"publish","type":"page","link":"https:\/\/tiketi.com\/fr-fr\/flights-zanzibar-arusha-znz-ark\/","title":{"rendered":"Vols \u00e0 bas prix de Zanzibar \u00e0 Arusha"},"content":{"rendered":"<h2>Vous recherchez un billet d&#039;avion pas cher de Zanzibar \u00e0 Arusha ou des offres de derni\u00e8re minute ?<\/h2>\n<h3>Recherchez, comparez et r\u00e9servez en ligne maintenant un billet d&#039;avion pas cher entre Zanzibar (ZNZ) et Arusha (ARK).<\/h3>\n<p>R\u00e9servez en ligne des vols \u00e0 bas prix de Zanzibar \u00e0 Arusha et \u00e9conomisez de l&#039;argent sur les billets d&#039;avion. La ville est populaire principalement en raison de sa proximit\u00e9 avec le parc national du Serengeti. Dans la r\u00e9gion, c&#039;est la plus grande ville, ce qui en fait le point de d\u00e9part de nombreuses visites, que ce soit Meru, Kilimandjaro, Tarangire, le parc national et de nombreuses autres attractions. Comparez les prix et obtenez le tarif le plus bas sur les billets d&#039;avion de Zanzibar \u00e0 Arusha gr\u00e2ce \u00e0 des offres exceptionnelles sur la r\u00e9servation de billets en ligne de vols de Zanzibar \u00e0 Arusha.<\/p>\n<h2>Voici quelques-unes des meilleures attractions d&#039;Arusha<\/h2>\n<h3>Voici quelques-unes des meilleures attractions :<\/h3>\n<h3>Tanzanite<\/h3>\n<p>La tanzanite est une pierre charmante caract\u00e9ristique de la Tanzanie. Il est exploit\u00e9 en grande partie dans la r\u00e9gion du Kilimandjaro. Il existe de nombreux magasins vendant cette pierre, l&#039;exp\u00e9rience de la tanzanite n&#039;en est qu&#039;une. Mais ce qui les rend uniques, c&#039;est qu&#039;ils abritent \u00e9galement un petit mus\u00e9e o\u00f9 les clients peuvent en savoir plus sur les origines de cette pierre \u00e9tonnante.<\/p>\n<h3>Mus\u00e9e de la D\u00e9claration d&#039;Arusha<\/h3>\n<p>Consid\u00e9rez ce joli mus\u00e9e si vous voulez tuer environ une heure. Il s&#039;agit principalement d&#039;images, pas trop d&#039;informations. Vous pourrez \u00e9galement voir quelques artefacts. Ne vous attendez pas \u00e0 un nouveau mus\u00e9e ou \u00e0 beaucoup d&#039;informations sur la d\u00e9claration, car vous finirez par \u00eatre d\u00e9\u00e7u. C&#039;est en fait un endroit qui a besoin de beaucoup d&#039;am\u00e9liorations et de beaucoup plus de ciblage sur le principal sujet d&#039;int\u00e9r\u00eat.<\/p>\n<h3>Centre du patrimoine culturel<\/h3>\n<p>C&#039;est l&#039;endroit o\u00f9 aller si vous cherchez des cadeaux ou des souvenirs pour votre famille et vos amis. Bien que les prix soient un peu plus \u00e9lev\u00e9s que dans d&#039;autres endroits, il est beaucoup plus facile d&#039;acheter des choses ici, il est beaucoup plus facile d&#039;acheter des choses ici, car c&#039;est un environnement plus d\u00e9tendu que dans la plupart des autres \u00e9tablissements similaires.<\/p>\n<h2>FAQ sur les vols pas chers de Zanzibar \u00e0 Arusha<\/h2>\n<h3>Quelle est la distance entre les vols Arusha et Zanzibar ?<\/h3>\n<p>La distance entre les vols Zanzibar et Arusha est de 428 kilom\u00e8tres.<\/p>\n<h3>Combien de temps dure le vol Zanzibar-Arusha ?<\/h3>\n<p>Le temps de vol commun de Zanzibar \u00e0 Arusha est d&#039;une heure et trente minutes.<\/p>\n<h3>Quelle est la fr\u00e9quence des vols directs entre Zanzibar et Arusha ?<\/h3>\n<p>Il y a soixante-dix vols directs entre Arusha et Zanzibar.<\/p>\n<h3>Quelles sont les compagnies a\u00e9riennes Arusha les plus c\u00e9l\u00e8bres pour les vols directs Zanzibar - Arusha ?<\/h3>\n<p>Precisionair assure trente pour cent des vols sans escale entre Zanzibar et Arusha.<\/p>\n<h3>Combien de compagnies a\u00e9riennes op\u00e8rent des vols directs entre Zanzibar et Arusha ?<\/h3>\n<p>Quatre compagnies a\u00e9riennes proposent des billets d&#039;avion directs de Zanzibar \u00e0 Arusha.<\/p>\n<h2>Conseils sur les vols Zanzibar - Arusha<\/h2>\n<p>\u2022 L&#039;\u00eele de Zanzibar est \u00e0 265 milles d&#039;Arusha.<\/p>\n<p>\u2022 Il y a six vols quotidiens de l&#039;\u00eele de Zanzibar \u00e0 Arusha.<\/p>\n<p>\u2022 Il y a six vols hebdomadaires entre Zanzibar et Arusha.<\/p>\n<p>\u2022 Six vols sans escale op\u00e8rent de l&#039;\u00eele de Zanzibar \u00e0 Arusha.<\/p>\n<p>\u2022 Six vols sans escale op\u00e8rent de Zanzibar \u00e0 Arusha.<\/p>\n<p>\u2022 Kilimandjaro, Tanzanie \u2013 Le Kilimandjaro est le lien le plus c\u00e9l\u00e8bre pour les vols \u00e0 une escale entre Zanzibar et Arusha.<\/p>","protected":false},"excerpt":{"rendered":"<p>Looking for cheap airline ticket from Zanzibar to Arusha\u00a0or last minute deals? Search, compare and book cheap airline ticket from Zanzibar (ZNZ) to Arusha (ARK)\u00a0online now. Book cheap flights from Zanzibar to Arusha online and save money on airfare. The city is popular mostly because of its proximity to Serengeti National Park. In the area, [&hellip;]<\/p>\n","protected":false},"author":1,"featured_media":14041,"parent":0,"menu_order":0,"comment_status":"open","ping_status":"closed","template":"template-home-modern.php","meta":{"footnotes":""},"class_list":["post-11763","page","type-page","status-publish","has-post-thumbnail","hentry"],"yoast_head":"<!-- This site is optimized with the Yoast SEO plugin v27.3 - https:\/\/yoast.com\/product\/yoast-seo-wordpress\/ -->\n<title>Cheap Flights from\u00a0Zanzibar to Arusha<\/title>\n<meta name=\"description\" content=\"Looking for cheap flights from Zanzibar to Arusha? Search, compare and book cheap airline ticket from Zanzibar to Arusha online\" \/>\n<meta name=\"robots\" content=\"index, follow, max-snippet:-1, max-image-preview:large, max-video-preview:-1\" \/>\n<link rel=\"canonical\" href=\"https:\/\/tiketi.com\/fr-fr\/flights-zanzibar-arusha-znz-ark\/\" \/>\n<meta property=\"og:locale\" content=\"fr_FR\" \/>\n<meta property=\"og:type\" content=\"article\" \/>\n<meta property=\"og:title\" content=\"Cheap Flights from\u00a0Zanzibar to Arusha\" \/>\n<meta property=\"og:description\" content=\"Looking for cheap flights from Zanzibar to Arusha? Search, compare and book cheap airline ticket from Zanzibar to Arusha online\" \/>\n<meta property=\"og:url\" content=\"https:\/\/tiketi.com\/fr-fr\/flights-zanzibar-arusha-znz-ark\/\" \/>\n<meta property=\"og:site_name\" content=\"Tiketi.com\" \/>\n<meta property=\"article:publisher\" content=\"https:\/\/www.facebook.com\/TiketiCom\/\" \/>\n<meta property=\"article:modified_time\" content=\"2022-04-05T11:28:51+00:00\" \/>\n<meta property=\"og:image\" content=\"https:\/\/tiketi.com\/wp-content\/uploads\/2022\/01\/flight-ticket-booking-sorasak-KxCJXXGsv9I-unsplas.jpg\" \/>\n\t<meta property=\"og:image:width\" content=\"1200\" \/>\n\t<meta property=\"og:image:height\" content=\"240\" \/>\n\t<meta property=\"og:image:type\" content=\"image\/jpeg\" \/>\n<meta name=\"twitter:card\" content=\"summary_large_image\" \/>\n<meta name=\"twitter:label1\" content=\"Dur\u00e9e de lecture estim\u00e9e\" \/>\n\t<meta name=\"twitter:data1\" content=\"3 minutes\" \/>\n<script type=\"application\/ld+json\" class=\"yoast-schema-graph\">{\"@context\":\"https:\\\/\\\/schema.org\",\"@graph\":[{\"@type\":\"WebPage\",\"@id\":\"https:\\\/\\\/tiketi.com\\\/flights-zanzibar-arusha-znz-ark\\\/\",\"url\":\"https:\\\/\\\/tiketi.com\\\/flights-zanzibar-arusha-znz-ark\\\/\",\"name\":\"Cheap Flights from\u00a0Zanzibar to Arusha\",\"isPartOf\":{\"@id\":\"https:\\\/\\\/tiketi.com\\\/#website\"},\"primaryImageOfPage\":{\"@id\":\"https:\\\/\\\/tiketi.com\\\/flights-zanzibar-arusha-znz-ark\\\/#primaryimage\"},\"image\":{\"@id\":\"https:\\\/\\\/tiketi.com\\\/flights-zanzibar-arusha-znz-ark\\\/#primaryimage\"},\"thumbnailUrl\":\"https:\\\/\\\/tiketi.com\\\/wp-content\\\/uploads\\\/2022\\\/01\\\/flight-ticket-booking-sorasak-KxCJXXGsv9I-unsplas.jpg\",\"datePublished\":\"2022-01-19T11:55:10+00:00\",\"dateModified\":\"2022-04-05T11:28:51+00:00\",\"description\":\"Looking for cheap flights from Zanzibar to Arusha? Search, compare and book cheap airline ticket from Zanzibar to Arusha online\",\"breadcrumb\":{\"@id\":\"https:\\\/\\\/tiketi.com\\\/flights-zanzibar-arusha-znz-ark\\\/#breadcrumb\"},\"inLanguage\":\"fr-FR\",\"potentialAction\":[{\"@type\":\"ReadAction\",\"target\":[\"https:\\\/\\\/tiketi.com\\\/flights-zanzibar-arusha-znz-ark\\\/\"]}]},{\"@type\":\"ImageObject\",\"inLanguage\":\"fr-FR\",\"@id\":\"https:\\\/\\\/tiketi.com\\\/flights-zanzibar-arusha-znz-ark\\\/#primaryimage\",\"url\":\"https:\\\/\\\/tiketi.com\\\/wp-content\\\/uploads\\\/2022\\\/01\\\/flight-ticket-booking-sorasak-KxCJXXGsv9I-unsplas.jpg\",\"contentUrl\":\"https:\\\/\\\/tiketi.com\\\/wp-content\\\/uploads\\\/2022\\\/01\\\/flight-ticket-booking-sorasak-KxCJXXGsv9I-unsplas.jpg\",\"width\":1200,\"height\":240,\"caption\":\"Online flight ticket booking\"},{\"@type\":\"BreadcrumbList\",\"@id\":\"https:\\\/\\\/tiketi.com\\\/flights-zanzibar-arusha-znz-ark\\\/#breadcrumb\",\"itemListElement\":[{\"@type\":\"ListItem\",\"position\":1,\"name\":\"Home\",\"item\":\"https:\\\/\\\/tiketi.com\\\/\"},{\"@type\":\"ListItem\",\"position\":2,\"name\":\"Cheap Flights from\u00a0Zanzibar to Arusha\"}]},{\"@type\":\"WebSite\",\"@id\":\"https:\\\/\\\/tiketi.com\\\/#website\",\"url\":\"https:\\\/\\\/tiketi.com\\\/\",\"name\":\"Flight & Bus Tickets, Tour Packages & Activitites - Tiketi.com\",\"description\":\"Flight &amp; Bus Tickets, Tours, Activitites\",\"publisher\":{\"@id\":\"https:\\\/\\\/tiketi.com\\\/#organization\"},\"potentialAction\":[{\"@type\":\"SearchAction\",\"target\":{\"@type\":\"EntryPoint\",\"urlTemplate\":\"https:\\\/\\\/tiketi.com\\\/?s={search_term_string}\"},\"query-input\":{\"@type\":\"PropertyValueSpecification\",\"valueRequired\":true,\"valueName\":\"search_term_string\"}}],\"inLanguage\":\"fr-FR\"},{\"@type\":\"Organization\",\"@id\":\"https:\\\/\\\/tiketi.com\\\/#organization\",\"name\":\"Tiketi.com\",\"alternateName\":\"Tiketi\",\"url\":\"https:\\\/\\\/tiketi.com\\\/\",\"logo\":{\"@type\":\"ImageObject\",\"inLanguage\":\"fr-FR\",\"@id\":\"https:\\\/\\\/tiketi.com\\\/#\\\/schema\\\/logo\\\/image\\\/\",\"url\":\"https:\\\/\\\/tiketi.com\\\/wp-content\\\/uploads\\\/2019\\\/05\\\/tiketi-logo-696.png\",\"contentUrl\":\"https:\\\/\\\/tiketi.com\\\/wp-content\\\/uploads\\\/2019\\\/05\\\/tiketi-logo-696.png\",\"width\":696,\"height\":696,\"caption\":\"Tiketi.com\"},\"image\":{\"@id\":\"https:\\\/\\\/tiketi.com\\\/#\\\/schema\\\/logo\\\/image\\\/\"},\"sameAs\":[\"https:\\\/\\\/www.facebook.com\\\/TiketiCom\\\/\"]}]}<\/script>\n<!-- \/ Yoast SEO plugin. -->","yoast_head_json":{"title":"Vols \u00e0 bas prix de Zanzibar \u00e0 Arusha","description":"Vous recherchez des vols \u00e0 bas prix de Zanzibar vers Arusha ? Recherchez, comparez et r\u00e9servez en ligne un billet d&#039;avion pas cher de Zanzibar \u00e0 Arusha","robots":{"index":"index","follow":"follow","max-snippet":"max-snippet:-1","max-image-preview":"max-image-preview:large","max-video-preview":"max-video-preview:-1"},"canonical":"https:\/\/tiketi.com\/fr-fr\/flights-zanzibar-arusha-znz-ark\/","og_locale":"fr_FR","og_type":"article","og_title":"Cheap Flights from\u00a0Zanzibar to Arusha","og_description":"Looking for cheap flights from Zanzibar to Arusha? Search, compare and book cheap airline ticket from Zanzibar to Arusha online","og_url":"https:\/\/tiketi.com\/fr-fr\/flights-zanzibar-arusha-znz-ark\/","og_site_name":"Tiketi.com","article_publisher":"https:\/\/www.facebook.com\/TiketiCom\/","article_modified_time":"2022-04-05T11:28:51+00:00","og_image":[{"width":1200,"height":240,"url":"https:\/\/tiketi.com\/wp-content\/uploads\/2022\/01\/flight-ticket-booking-sorasak-KxCJXXGsv9I-unsplas.jpg","type":"image\/jpeg"}],"twitter_card":"summary_large_image","twitter_misc":{"Dur\u00e9e de lecture estim\u00e9e":"3 minutes"},"schema":{"@context":"https:\/\/schema.org","@graph":[{"@type":"WebPage","@id":"https:\/\/tiketi.com\/flights-zanzibar-arusha-znz-ark\/","url":"https:\/\/tiketi.com\/flights-zanzibar-arusha-znz-ark\/","name":"Vols \u00e0 bas prix de Zanzibar \u00e0 Arusha","isPartOf":{"@id":"https:\/\/tiketi.com\/#website"},"primaryImageOfPage":{"@id":"https:\/\/tiketi.com\/flights-zanzibar-arusha-znz-ark\/#primaryimage"},"image":{"@id":"https:\/\/tiketi.com\/flights-zanzibar-arusha-znz-ark\/#primaryimage"},"thumbnailUrl":"https:\/\/tiketi.com\/wp-content\/uploads\/2022\/01\/flight-ticket-booking-sorasak-KxCJXXGsv9I-unsplas.jpg","datePublished":"2022-01-19T11:55:10+00:00","dateModified":"2022-04-05T11:28:51+00:00","description":"Vous recherchez des vols \u00e0 bas prix de Zanzibar vers Arusha ? Recherchez, comparez et r\u00e9servez en ligne un billet d&#039;avion pas cher de Zanzibar \u00e0 Arusha","breadcrumb":{"@id":"https:\/\/tiketi.com\/flights-zanzibar-arusha-znz-ark\/#breadcrumb"},"inLanguage":"fr-FR","potentialAction":[{"@type":"ReadAction","target":["https:\/\/tiketi.com\/flights-zanzibar-arusha-znz-ark\/"]}]},{"@type":"ImageObject","inLanguage":"fr-FR","@id":"https:\/\/tiketi.com\/flights-zanzibar-arusha-znz-ark\/#primaryimage","url":"https:\/\/tiketi.com\/wp-content\/uploads\/2022\/01\/flight-ticket-booking-sorasak-KxCJXXGsv9I-unsplas.jpg","contentUrl":"https:\/\/tiketi.com\/wp-content\/uploads\/2022\/01\/flight-ticket-booking-sorasak-KxCJXXGsv9I-unsplas.jpg","width":1200,"height":240,"caption":"Online flight ticket booking"},{"@type":"BreadcrumbList","@id":"https:\/\/tiketi.com\/flights-zanzibar-arusha-znz-ark\/#breadcrumb","itemListElement":[{"@type":"ListItem","position":1,"name":"Home","item":"https:\/\/tiketi.com\/"},{"@type":"ListItem","position":2,"name":"Cheap Flights from\u00a0Zanzibar to Arusha"}]},{"@type":"WebSite","@id":"https:\/\/tiketi.com\/#website","url":"https:\/\/tiketi.com\/","name":"Billets d&#039;avion et de bus, forfaits touristiques et activit\u00e9s - Tiketi.com","description":"Billets d&#039;avion et de bus, Tours, Activit\u00e9s","publisher":{"@id":"https:\/\/tiketi.com\/#organization"},"potentialAction":[{"@type":"SearchAction","target":{"@type":"EntryPoint","urlTemplate":"https:\/\/tiketi.com\/?s={search_term_string}"},"query-input":{"@type":"PropertyValueSpecification","valueRequired":true,"valueName":"search_term_string"}}],"inLanguage":"fr-FR"},{"@type":"Organization","@id":"https:\/\/tiketi.com\/#organization","name":"Tiketi.com","alternateName":"Tiketi","url":"https:\/\/tiketi.com\/","logo":{"@type":"ImageObject","inLanguage":"fr-FR","@id":"https:\/\/tiketi.com\/#\/schema\/logo\/image\/","url":"https:\/\/tiketi.com\/wp-content\/uploads\/2019\/05\/tiketi-logo-696.png","contentUrl":"https:\/\/tiketi.com\/wp-content\/uploads\/2019\/05\/tiketi-logo-696.png","width":696,"height":696,"caption":"Tiketi.com"},"image":{"@id":"https:\/\/tiketi.com\/#\/schema\/logo\/image\/"},"sameAs":["https:\/\/www.facebook.com\/TiketiCom\/"]}]}},"_links":{"self":[{"href":"https:\/\/tiketi.com\/fr-fr\/wp-json\/wp\/v2\/pages\/11763","targetHints":{"allow":["GET"]}}],"collection":[{"href":"https:\/\/tiketi.com\/fr-fr\/wp-json\/wp\/v2\/pages"}],"about":[{"href":"https:\/\/tiketi.com\/fr-fr\/wp-json\/wp\/v2\/types\/page"}],"author":[{"embeddable":true,"href":"https:\/\/tiketi.com\/fr-fr\/wp-json\/wp\/v2\/users\/1"}],"replies":[{"embeddable":true,"href":"https:\/\/tiketi.com\/fr-fr\/wp-json\/wp\/v2\/comments?post=11763"}],"version-history":[{"count":0,"href":"https:\/\/tiketi.com\/fr-fr\/wp-json\/wp\/v2\/pages\/11763\/revisions"}],"wp:featuredmedia":[{"embeddable":true,"href":"https:\/\/tiketi.com\/fr-fr\/wp-json\/wp\/v2\/media\/14041"}],"wp:attachment":[{"href":"https:\/\/tiketi.com\/fr-fr\/wp-json\/wp\/v2\/media?parent=11763"}],"curies":[{"name":"wp","href":"https:\/\/api.w.org\/{rel}","templated":true}]}}