{"id":11765,"date":"2022-01-19T12:55:10","date_gmt":"2022-01-19T11:55:10","guid":{"rendered":"https:\/\/new.tiketi.com\/cheap-flights-from-tanga-to-zanzibar\/"},"modified":"2022-04-05T12:19:58","modified_gmt":"2022-04-05T11:19:58","slug":"flights-tanga-zanzibar-tgt-znz","status":"publish","type":"page","link":"https:\/\/tiketi.com\/fr-fr\/flights-tanga-zanzibar-tgt-znz\/","title":{"rendered":"Vols \u00e0 bas prix de Tanga \u00e0 Zanzibar"},"content":{"rendered":"<h2>Vous recherchez un billet d&#039;avion pas cher de Tanga \u00e0 Zanzibar ou des offres de derni\u00e8re minute ?<\/h2>\n<h3>Recherchez, comparez et r\u00e9servez en ligne maintenant un billet d&#039;avion pas cher de Tanga (TGT) \u00e0 Zanzibar (ZNZ).<\/h3>\n<p>R\u00e9servez en ligne des vols \u00e0 bas prix de Tanga \u00e0 Zanzibar et \u00e9conomisez de l&#039;argent sur les billets d&#039;avion. Unguja, \u00e9galement appel\u00e9e \u00eele de Zanzibar, est la grande \u00eele de l&#039;archipel tanzanien de Zanzibar. Stone Town, qui fait partie de la ville de Zanzibar, est un ancien centre commercial, avec une ruelle sinueuse et des mosqu\u00e9es. Comparez les prix et obtenez les meilleurs tarifs sur les billets d&#039;avion de Tanga \u00e0 Zanzibar gr\u00e2ce \u00e0 des offres exceptionnelles sur la r\u00e9servation de billets en ligne de vols de Tanga \u00e0 Zanzibar.<\/p>\n<h2>Voici quelques-unes des meilleures attractions de Zanzibar<\/h2>\n<h3>Ville de pierre<\/h3>\n<p>Stone Town est un lieu du patrimoine mondial et est l&#039;atmosph\u00e8re la plus dynamique de toutes les colonies swahili traditionnelles restantes. Sur le plan architectural, c&#039;est une fusion d&#039;influences arabes et africaines qui n&#039;est pas sans rappeler les m\u00e9dinas du Maroc avec ses rues \u00e9troites, ses virages et ses rebondissements.<\/p>\n<h3>For\u00eat de Jozani<\/h3>\n<p>La r\u00e9serve foresti\u00e8re de Jozani est situ\u00e9e \u00e0 environ 35 kilom\u00e8tres au sud-est de Stone Town. Comme la plupart de la partie occidentale de la Tanzanie continentale, Zanzibar est la maison des primates et non des chats sauvages. Avec une grande vari\u00e9t\u00e9 de v\u00e9g\u00e9tation, la for\u00eat abrite le rare singe colobe rouge, end\u00e9mique de l&#039;\u00eele, des cochons de brousse, des b\u00e9b\u00e9s de brousse et des petits m\u00e2les. La plus grande partie de ces primates est sociale et peut \u00eatre vue de pr\u00e8s.<\/p>\n<h3>Atoll de Mnemba<\/h3>\n<p>L&#039;\u00eele de Mnemba est un atoll situ\u00e9 juste au nord-est pr\u00e8s du Matemwe. Conduire \u00e0 Mnwmba est remarquable, \u00e0 l&#039;int\u00e9rieur c&#039;est comme \u00eatre un immense aquarium et l&#039;ext\u00e9rieur offre des plong\u00e9es \u00e0 la d\u00e9rive et au mur.<\/p>\n<h2>FAQ sur les vols \u00e0 bas prix de Tanga \u00e0 Zanzibar<\/h2>\n<h3>Quel est le meilleur moment pour r\u00e9server un billet d&#039;avion Tanga Zanzibar ?<\/h3>\n<p>G\u00e9n\u00e9ralement, le meilleur moment pour r\u00e9server un billet d&#039;avion de Tanga \u00e0 Zanzibar et le temps de vol est de 2 mois \u00e0 l&#039;avance. Et les jours les moins chers pour voler de Tanga \u00e0 Zanzibar sont le mercredi, le mardi et le samedi. Le dimanche est le plus cher.<\/p>\n<h3>Combien de vols directs Tanga-Zanzibar ?<\/h3>\n<p>Il y a un vols direct entre Tanga et Zanzibar.<\/p>\n<h3>Quelle est la compagnie a\u00e9rienne la plus c\u00e9l\u00e8bre pour les vols directs Tanga - Zanzibar les moins chers ?<\/h3>\n<p>Auric air propose des vols sans escale entre Zanzibar et Tanga.<\/p>\n<h3>Combien de compagnies a\u00e9riennes op\u00e8rent des vols Tanga-Zanzibar ?<\/h3>\n<p>Deux compagnies a\u00e9riennes proposent des vols directs Tanga-Zanzibar.<\/p>\n<h3>Quelle est la distance des vols de Tanga \u00e0 Zanzibar ?<\/h3>\n<p>La distance de vol entre Zanzibar City et Tanga est de 120 km.<\/p>\n<h2>Conseils sur les vols Tanga - Zanzibar<\/h2>\n<p>\u2022 La compagnie a\u00e9rienne la plus c\u00e9l\u00e8bre qui effectue des vols de Tanga \u00e0 Zanzibar City est Auric Air.<\/p>\n<p>\u2022 Le temps de vol le plus rapide pour les vols directs de Tanga \u00e0 la ville de Zanzibar est de vingt-cinq minutes. La dur\u00e9e moyenne d&#039;un vol pas cher de Tanga \u00e0 Zanzibar est de quarante-sept minutes.<\/p>\n<p>\u2022 Le temps de vol le plus rapide pour les vols avec escale est de cinq heures trente minutes.<\/p>\n<p>\u2022 Le premier vol de la journ\u00e9e part \u00e0 07h20. Le dernier vol de la journ\u00e9e part \u00e0 15h50.<\/p>","protected":false},"excerpt":{"rendered":"<p>Looking for cheap airline ticket from Tanga to Zanzibar\u00a0or last minute deals? Search, compare and book cheap airline ticket from Tanga (TGT) to Zanzibar (ZNZ)\u00a0online now. Book cheap flights from Tanga to Zanzibar online and save money on airfare. Unguja, also called as Zanzibar Island, is the big island in the Tanzanian archipelago of Zanzibar. [&hellip;]<\/p>\n","protected":false},"author":1,"featured_media":17852,"parent":0,"menu_order":0,"comment_status":"open","ping_status":"closed","template":"template-home-modern.php","meta":{"footnotes":""},"class_list":["post-11765","page","type-page","status-publish","has-post-thumbnail","hentry"],"yoast_head":"<!-- This site is optimized with the Yoast SEO plugin v27.2 - https:\/\/yoast.com\/product\/yoast-seo-wordpress\/ -->\n<title>Cheap Flights from\u00a0Tanga to Zanzibar<\/title>\n<meta name=\"description\" content=\"Looking for cheap flights from Tanga to Zanzibar? Search, compare and book cheap airline ticket from Tanga to Zanzibar online\" \/>\n<meta name=\"robots\" content=\"index, follow, max-snippet:-1, max-image-preview:large, max-video-preview:-1\" \/>\n<link rel=\"canonical\" href=\"https:\/\/tiketi.com\/fr-fr\/flights-tanga-zanzibar-tgt-znz\/\" \/>\n<meta property=\"og:locale\" content=\"fr_FR\" \/>\n<meta property=\"og:type\" content=\"article\" \/>\n<meta property=\"og:title\" content=\"Cheap Flights from\u00a0Tanga to Zanzibar\" \/>\n<meta property=\"og:description\" content=\"Looking for cheap flights from Tanga to Zanzibar? Search, compare and book cheap airline ticket from Tanga to Zanzibar online\" \/>\n<meta property=\"og:url\" content=\"https:\/\/tiketi.com\/fr-fr\/flights-tanga-zanzibar-tgt-znz\/\" \/>\n<meta property=\"og:site_name\" content=\"Tiketi.com\" \/>\n<meta property=\"article:publisher\" content=\"https:\/\/www.facebook.com\/TiketiCom\/\" \/>\n<meta property=\"article:modified_time\" content=\"2022-04-05T11:19:58+00:00\" \/>\n<meta property=\"og:image\" content=\"https:\/\/tiketi.com\/wp-content\/uploads\/2019\/05\/zanzibar-humphrey-muleba-e6dRLBx6Kg8.jpg\" \/>\n\t<meta property=\"og:image:width\" content=\"1200\" \/>\n\t<meta property=\"og:image:height\" content=\"204\" \/>\n\t<meta property=\"og:image:type\" content=\"image\/jpeg\" \/>\n<meta name=\"twitter:card\" content=\"summary_large_image\" \/>\n<meta name=\"twitter:label1\" content=\"Dur\u00e9e de lecture estim\u00e9e\" \/>\n\t<meta name=\"twitter:data1\" content=\"3 minutes\" \/>\n<script type=\"application\/ld+json\" class=\"yoast-schema-graph\">{\"@context\":\"https:\/\/schema.org\",\"@graph\":[{\"@type\":\"WebPage\",\"@id\":\"https:\/\/tiketi.com\/flights-tanga-zanzibar-tgt-znz\/\",\"url\":\"https:\/\/tiketi.com\/flights-tanga-zanzibar-tgt-znz\/\",\"name\":\"Cheap Flights from\u00a0Tanga to Zanzibar\",\"isPartOf\":{\"@id\":\"https:\/\/tiketi.com\/#website\"},\"primaryImageOfPage\":{\"@id\":\"https:\/\/tiketi.com\/flights-tanga-zanzibar-tgt-znz\/#primaryimage\"},\"image\":{\"@id\":\"https:\/\/tiketi.com\/flights-tanga-zanzibar-tgt-znz\/#primaryimage\"},\"thumbnailUrl\":\"https:\/\/tiketi.com\/wp-content\/uploads\/2019\/05\/zanzibar-humphrey-muleba-e6dRLBx6Kg8.jpg\",\"datePublished\":\"2022-01-19T11:55:10+00:00\",\"dateModified\":\"2022-04-05T11:19:58+00:00\",\"description\":\"Looking for cheap flights from Tanga to Zanzibar? Search, compare and book cheap airline ticket from Tanga to Zanzibar online\",\"breadcrumb\":{\"@id\":\"https:\/\/tiketi.com\/flights-tanga-zanzibar-tgt-znz\/#breadcrumb\"},\"inLanguage\":\"fr-FR\",\"potentialAction\":[{\"@type\":\"ReadAction\",\"target\":[\"https:\/\/tiketi.com\/flights-tanga-zanzibar-tgt-znz\/\"]}]},{\"@type\":\"ImageObject\",\"inLanguage\":\"fr-FR\",\"@id\":\"https:\/\/tiketi.com\/flights-tanga-zanzibar-tgt-znz\/#primaryimage\",\"url\":\"https:\/\/tiketi.com\/wp-content\/uploads\/2019\/05\/zanzibar-humphrey-muleba-e6dRLBx6Kg8.jpg\",\"contentUrl\":\"https:\/\/tiketi.com\/wp-content\/uploads\/2019\/05\/zanzibar-humphrey-muleba-e6dRLBx6Kg8.jpg\",\"width\":1200,\"height\":204,\"caption\":\"Cheap Flights to Zanzibar\"},{\"@type\":\"BreadcrumbList\",\"@id\":\"https:\/\/tiketi.com\/flights-tanga-zanzibar-tgt-znz\/#breadcrumb\",\"itemListElement\":[{\"@type\":\"ListItem\",\"position\":1,\"name\":\"Home\",\"item\":\"https:\/\/tiketi.com\/\"},{\"@type\":\"ListItem\",\"position\":2,\"name\":\"Cheap Flights from\u00a0Tanga to Zanzibar\"}]},{\"@type\":\"WebSite\",\"@id\":\"https:\/\/tiketi.com\/#website\",\"url\":\"https:\/\/tiketi.com\/\",\"name\":\"Flight & Bus Tickets, Tour Packages & Activitites - Tiketi.com\",\"description\":\"Flight &amp; Bus Tickets, Tours, Activitites\",\"publisher\":{\"@id\":\"https:\/\/tiketi.com\/#organization\"},\"potentialAction\":[{\"@type\":\"SearchAction\",\"target\":{\"@type\":\"EntryPoint\",\"urlTemplate\":\"https:\/\/tiketi.com\/?s={search_term_string}\"},\"query-input\":{\"@type\":\"PropertyValueSpecification\",\"valueRequired\":true,\"valueName\":\"search_term_string\"}}],\"inLanguage\":\"fr-FR\"},{\"@type\":\"Organization\",\"@id\":\"https:\/\/tiketi.com\/#organization\",\"name\":\"Tiketi.com\",\"alternateName\":\"Tiketi\",\"url\":\"https:\/\/tiketi.com\/\",\"logo\":{\"@type\":\"ImageObject\",\"inLanguage\":\"fr-FR\",\"@id\":\"https:\/\/tiketi.com\/#\/schema\/logo\/image\/\",\"url\":\"https:\/\/tiketi.com\/wp-content\/uploads\/2019\/05\/tiketi-logo-696.png\",\"contentUrl\":\"https:\/\/tiketi.com\/wp-content\/uploads\/2019\/05\/tiketi-logo-696.png\",\"width\":696,\"height\":696,\"caption\":\"Tiketi.com\"},\"image\":{\"@id\":\"https:\/\/tiketi.com\/#\/schema\/logo\/image\/\"},\"sameAs\":[\"https:\/\/www.facebook.com\/TiketiCom\/\"]}]}<\/script>\n<!-- \/ Yoast SEO plugin. -->","yoast_head_json":{"title":"Vols \u00e0 bas prix de Tanga \u00e0 Zanzibar","description":"Vous recherchez des vols \u00e0 bas prix de Tanga vers Zanzibar ? Recherchez, comparez et r\u00e9servez en ligne un billet d&#039;avion pas cher de Tanga \u00e0 Zanzibar","robots":{"index":"index","follow":"follow","max-snippet":"max-snippet:-1","max-image-preview":"max-image-preview:large","max-video-preview":"max-video-preview:-1"},"canonical":"https:\/\/tiketi.com\/fr-fr\/flights-tanga-zanzibar-tgt-znz\/","og_locale":"fr_FR","og_type":"article","og_title":"Cheap Flights from\u00a0Tanga to Zanzibar","og_description":"Looking for cheap flights from Tanga to Zanzibar? Search, compare and book cheap airline ticket from Tanga to Zanzibar online","og_url":"https:\/\/tiketi.com\/fr-fr\/flights-tanga-zanzibar-tgt-znz\/","og_site_name":"Tiketi.com","article_publisher":"https:\/\/www.facebook.com\/TiketiCom\/","article_modified_time":"2022-04-05T11:19:58+00:00","og_image":[{"width":1200,"height":204,"url":"https:\/\/tiketi.com\/wp-content\/uploads\/2019\/05\/zanzibar-humphrey-muleba-e6dRLBx6Kg8.jpg","type":"image\/jpeg"}],"twitter_card":"summary_large_image","twitter_misc":{"Dur\u00e9e de lecture estim\u00e9e":"3 minutes"},"schema":{"@context":"https:\/\/schema.org","@graph":[{"@type":"WebPage","@id":"https:\/\/tiketi.com\/flights-tanga-zanzibar-tgt-znz\/","url":"https:\/\/tiketi.com\/flights-tanga-zanzibar-tgt-znz\/","name":"Vols \u00e0 bas prix de Tanga \u00e0 Zanzibar","isPartOf":{"@id":"https:\/\/tiketi.com\/#website"},"primaryImageOfPage":{"@id":"https:\/\/tiketi.com\/flights-tanga-zanzibar-tgt-znz\/#primaryimage"},"image":{"@id":"https:\/\/tiketi.com\/flights-tanga-zanzibar-tgt-znz\/#primaryimage"},"thumbnailUrl":"https:\/\/tiketi.com\/wp-content\/uploads\/2019\/05\/zanzibar-humphrey-muleba-e6dRLBx6Kg8.jpg","datePublished":"2022-01-19T11:55:10+00:00","dateModified":"2022-04-05T11:19:58+00:00","description":"Vous recherchez des vols \u00e0 bas prix de Tanga vers Zanzibar ? Recherchez, comparez et r\u00e9servez en ligne un billet d&#039;avion pas cher de Tanga \u00e0 Zanzibar","breadcrumb":{"@id":"https:\/\/tiketi.com\/flights-tanga-zanzibar-tgt-znz\/#breadcrumb"},"inLanguage":"fr-FR","potentialAction":[{"@type":"ReadAction","target":["https:\/\/tiketi.com\/flights-tanga-zanzibar-tgt-znz\/"]}]},{"@type":"ImageObject","inLanguage":"fr-FR","@id":"https:\/\/tiketi.com\/flights-tanga-zanzibar-tgt-znz\/#primaryimage","url":"https:\/\/tiketi.com\/wp-content\/uploads\/2019\/05\/zanzibar-humphrey-muleba-e6dRLBx6Kg8.jpg","contentUrl":"https:\/\/tiketi.com\/wp-content\/uploads\/2019\/05\/zanzibar-humphrey-muleba-e6dRLBx6Kg8.jpg","width":1200,"height":204,"caption":"Cheap Flights to Zanzibar"},{"@type":"BreadcrumbList","@id":"https:\/\/tiketi.com\/flights-tanga-zanzibar-tgt-znz\/#breadcrumb","itemListElement":[{"@type":"ListItem","position":1,"name":"Home","item":"https:\/\/tiketi.com\/"},{"@type":"ListItem","position":2,"name":"Cheap Flights from\u00a0Tanga to Zanzibar"}]},{"@type":"WebSite","@id":"https:\/\/tiketi.com\/#website","url":"https:\/\/tiketi.com\/","name":"Billets d&#039;avion et de bus, forfaits touristiques et activit\u00e9s - Tiketi.com","description":"Billets d&#039;avion et de bus, Tours, Activit\u00e9s","publisher":{"@id":"https:\/\/tiketi.com\/#organization"},"potentialAction":[{"@type":"SearchAction","target":{"@type":"EntryPoint","urlTemplate":"https:\/\/tiketi.com\/?s={search_term_string}"},"query-input":{"@type":"PropertyValueSpecification","valueRequired":true,"valueName":"search_term_string"}}],"inLanguage":"fr-FR"},{"@type":"Organization","@id":"https:\/\/tiketi.com\/#organization","name":"Tiketi.com","alternateName":"Tiketi","url":"https:\/\/tiketi.com\/","logo":{"@type":"ImageObject","inLanguage":"fr-FR","@id":"https:\/\/tiketi.com\/#\/schema\/logo\/image\/","url":"https:\/\/tiketi.com\/wp-content\/uploads\/2019\/05\/tiketi-logo-696.png","contentUrl":"https:\/\/tiketi.com\/wp-content\/uploads\/2019\/05\/tiketi-logo-696.png","width":696,"height":696,"caption":"Tiketi.com"},"image":{"@id":"https:\/\/tiketi.com\/#\/schema\/logo\/image\/"},"sameAs":["https:\/\/www.facebook.com\/TiketiCom\/"]}]}},"_links":{"self":[{"href":"https:\/\/tiketi.com\/fr-fr\/wp-json\/wp\/v2\/pages\/11765","targetHints":{"allow":["GET"]}}],"collection":[{"href":"https:\/\/tiketi.com\/fr-fr\/wp-json\/wp\/v2\/pages"}],"about":[{"href":"https:\/\/tiketi.com\/fr-fr\/wp-json\/wp\/v2\/types\/page"}],"author":[{"embeddable":true,"href":"https:\/\/tiketi.com\/fr-fr\/wp-json\/wp\/v2\/users\/1"}],"replies":[{"embeddable":true,"href":"https:\/\/tiketi.com\/fr-fr\/wp-json\/wp\/v2\/comments?post=11765"}],"version-history":[{"count":0,"href":"https:\/\/tiketi.com\/fr-fr\/wp-json\/wp\/v2\/pages\/11765\/revisions"}],"wp:featuredmedia":[{"embeddable":true,"href":"https:\/\/tiketi.com\/fr-fr\/wp-json\/wp\/v2\/media\/17852"}],"wp:attachment":[{"href":"https:\/\/tiketi.com\/fr-fr\/wp-json\/wp\/v2\/media?parent=11765"}],"curies":[{"name":"wp","href":"https:\/\/api.w.org\/{rel}","templated":true}]}}