{"id":11766,"date":"2022-01-19T12:55:10","date_gmt":"2022-01-19T11:55:10","guid":{"rendered":"https:\/\/new.tiketi.com\/cheap-flights-from-tanga-to-dar-es-salaam\/"},"modified":"2022-04-04T17:43:26","modified_gmt":"2022-04-04T16:43:26","slug":"flights-tanga-dar-es-salaam-tgt-dar","status":"publish","type":"page","link":"https:\/\/tiketi.com\/fr-fr\/flights-tanga-dar-es-salaam-tgt-dar\/","title":{"rendered":"Vols \u00e0 bas prix de Tanga \u00e0 Dar es Salam"},"content":{"rendered":"<h2>Vous recherchez un billet d&#039;avion pas cher de Tanga \u00e0 Dar es Salam ou des offres de derni\u00e8re minute ?<\/h2>\n<h3>Recherchez, comparez et r\u00e9servez en ligne maintenant un billet d&#039;avion pas cher entre Tanga (TGT) et Dar es Salam (DAR).<\/h3>\n<p>R\u00e9servez en ligne des vols \u00e0 bas prix de Tanga \u00e0 Dar es Salam et \u00e9conomisez de l&#039;argent sur les billets d&#039;avion. Avec une histoire importante et mouvement\u00e9e, Dar es Salaam offre une multitude d&#039;attractions culturelles et historiques pour les vacanciers et les autres visiteurs \u00e0 appr\u00e9cier lors de leur visite \u00e0 Dar es Salaam. Vos vols vers Dar es Salaam vous am\u00e8neront au centre \u00e9ducatif et culturel du pays. Comparez les prix et obtenez le meilleur tarif sur les billets d&#039;avion de Tanga \u00e0 Dar es Salam. Comparez les prix et obtenez les meilleurs tarifs sur les billets d&#039;avion de Tanga \u00e0 Dar es Salam gr\u00e2ce \u00e0 des offres exceptionnelles sur la r\u00e9servation de billets en ligne de vols de Tanga \u00e0 Dar es Salaam.<\/p>\n<h2>Voici quelques-unes des meilleures attractions de Dar es Salaam<\/h2>\n<h3>Mus\u00e9e national de Dar es Salam<\/h3>\n<p>Le Mus\u00e9e national de Tanzanie abrite des d\u00e9couvertes arch\u00e9ologiques. La plus vitale de ces d\u00e9couvertes arch\u00e9ologiques ici pour lesquelles la plupart des invit\u00e9s r\u00e9servent des vols de Tanga \u00e0 Dear es Salaam pour visiter l&#039;incroyable mus\u00e9e. Ce mus\u00e9e est install\u00e9 dans l&#039;ancien b\u00e2timent du King George V Memorial Museum. Le fossile trouv\u00e9 d&#039;Olduvai George est \u00e9tonnamment montr\u00e9 au mus\u00e9e.<\/p>\n<h3>Le mus\u00e9e du village de Makumbusho<\/h3>\n<p>Une visite au mus\u00e9e du village donne un aper\u00e7u de la vie et du mode de vie des tribus de Dar es Salaam. Il s&#039;agit d&#039;un mus\u00e9e sp\u00e9cial en son genre o\u00f9 l&#039;on prend des vols bon march\u00e9 pour Dar es Salaam pour assister \u00e0 la maison traditionnelle de dix-huit tribus diff\u00e9rentes pr\u00e9sentant dix-huit tribus diff\u00e9rentes des diff\u00e9rentes parties de la Tanzanie. Dans les mus\u00e9es du village environnant, des jardins ont \u00e9t\u00e9 plant\u00e9s de plantes indig\u00e8nes.<\/p>\n<h2>FAQ sur les vols \u00e0 bas prix de Tanga \u00e0 Dar es Salam<\/h2>\n<h3>Quel est le meilleur moment pour r\u00e9server un billet d&#039;avion de Tanga \u00e0 Dar es Salam ?<\/h3>\n<p>G\u00e9n\u00e9ralement, le meilleur moment pour r\u00e9server un billet d&#039;avion de Tanga \u00e0 Dar es Salaam et le temps de vol est de 2 mois \u00e0 l&#039;avance. Et les jours les moins chers pour voler sont le mercredi, le mardi et le samedi. Le dimanche est le plus cher.<\/p>\n<h3>Combien de vols Tanga-Dar es Salam directs ?<\/h3>\n<p>Il y a un vol Tanga - Dar es Salaam direct.<\/p>\n<h3>Quelle est la compagnie a\u00e9rienne la plus c\u00e9l\u00e8bre pour les vols pas chers sans escale Tanga - Dar es Salam ?<\/h3>\n<p>Auric Air, Coastal Air propose des vols sans escale entre Dar es Salaam et Tanga.<\/p>\n<h2>Conseils sur les vols de Tanga \u00e0 Dar es Salam<\/h2>\n<p>\u2022 Tanga est \u00e0 200 km de Dar es Salaam.<\/p>\n<p>\u2022 Zanzibar, Tanzanie \u2013 Zanzibar Kisauni est la liaison la plus connue pour les vols \u00e0 escale entre Dar es Salaam et Tanga.<\/p>\n<p>\u2022 Le temps de vol le plus rapide pour le vol direct de Tanga \u00e0 Dar es Salaam est d&#039;une heure cinq minutes. La dur\u00e9e moyenne des vols Tanga-Dar es Salaam est d&#039;une heure vingt-trois minutes.<\/p>\n<p>\u2022 Le temps de vol le plus rapide pour un vol avec escale est de deux heures vingt-cinq minutes.<\/p>\n<p>\u2022 Le premier vol de la journ\u00e9e part \u00e0 07h20. Le dernier vol Tanga-Dar es Salaam part \u00e0 15h50.<\/p>","protected":false},"excerpt":{"rendered":"<p>Looking for cheap airline ticket from Tanga to Dar es Salaam\u00a0or last minute deals? Search, compare and book cheap airline ticket from Tanga (TGT) to Dar es Salaam (DAR)\u00a0online now. Book cheap flights from Tanga to Dar es Salaam online and save money on airfare. With a big and turbulent history, Dar es Salaam provides [&hellip;]<\/p>\n","protected":false},"author":1,"featured_media":0,"parent":0,"menu_order":0,"comment_status":"open","ping_status":"closed","template":"template-home-modern.php","meta":{"footnotes":""},"class_list":["post-11766","page","type-page","status-publish","has-post-thumbnail","hentry"],"yoast_head":"<!-- This site is optimized with the Yoast SEO plugin v27.4 - https:\/\/yoast.com\/product\/yoast-seo-wordpress\/ -->\n<title>Cheap Flights from Tanga to Dar es Salaam<\/title>\n<meta name=\"description\" content=\"Looking for cheap flights fromTanga to Dar es Salaam? Search, compare and book cheap airline ticket from Tanga to Dar es Salaam online\" \/>\n<meta name=\"robots\" content=\"index, follow, max-snippet:-1, max-image-preview:large, max-video-preview:-1\" \/>\n<link rel=\"canonical\" href=\"https:\/\/tiketi.com\/fr-fr\/flights-tanga-dar-es-salaam-tgt-dar\/\" \/>\n<meta property=\"og:locale\" content=\"fr_FR\" \/>\n<meta property=\"og:type\" content=\"article\" \/>\n<meta property=\"og:title\" content=\"Cheap Flights from Tanga to Dar es Salaam\" \/>\n<meta property=\"og:description\" content=\"Looking for cheap flights fromTanga to Dar es Salaam? Search, compare and book cheap airline ticket from Tanga to Dar es Salaam online\" \/>\n<meta property=\"og:url\" content=\"https:\/\/tiketi.com\/fr-fr\/flights-tanga-dar-es-salaam-tgt-dar\/\" \/>\n<meta property=\"og:site_name\" content=\"Tiketi.com\" \/>\n<meta property=\"article:publisher\" content=\"https:\/\/www.facebook.com\/TiketiCom\/\" \/>\n<meta property=\"article:modified_time\" content=\"2022-04-04T16:43:26+00:00\" \/>\n<meta name=\"twitter:card\" content=\"summary_large_image\" \/>\n<meta name=\"twitter:label1\" content=\"Dur\u00e9e de lecture estim\u00e9e\" \/>\n\t<meta name=\"twitter:data1\" content=\"3 minutes\" \/>\n<script type=\"application\/ld+json\" class=\"yoast-schema-graph\">{\"@context\":\"https:\\\/\\\/schema.org\",\"@graph\":[{\"@type\":\"WebPage\",\"@id\":\"https:\\\/\\\/tiketi.com\\\/fr-fr\\\/flights-tanga-dar-es-salaam-tgt-dar\\\/\",\"url\":\"https:\\\/\\\/tiketi.com\\\/fr-fr\\\/flights-tanga-dar-es-salaam-tgt-dar\\\/\",\"name\":\"Cheap Flights from Tanga to Dar es Salaam\",\"isPartOf\":{\"@id\":\"https:\\\/\\\/tiketi.com\\\/#website\"},\"datePublished\":\"2022-01-19T11:55:10+00:00\",\"dateModified\":\"2022-04-04T16:43:26+00:00\",\"description\":\"Looking for cheap flights fromTanga to Dar es Salaam? Search, compare and book cheap airline ticket from Tanga to Dar es Salaam online\",\"breadcrumb\":{\"@id\":\"https:\\\/\\\/tiketi.com\\\/fr-fr\\\/flights-tanga-dar-es-salaam-tgt-dar\\\/#breadcrumb\"},\"inLanguage\":\"fr-FR\",\"potentialAction\":[{\"@type\":\"ReadAction\",\"target\":[\"https:\\\/\\\/tiketi.com\\\/fr-fr\\\/flights-tanga-dar-es-salaam-tgt-dar\\\/\"]}]},{\"@type\":\"BreadcrumbList\",\"@id\":\"https:\\\/\\\/tiketi.com\\\/fr-fr\\\/flights-tanga-dar-es-salaam-tgt-dar\\\/#breadcrumb\",\"itemListElement\":[{\"@type\":\"ListItem\",\"position\":1,\"name\":\"Home\",\"item\":\"https:\\\/\\\/tiketi.com\\\/\"},{\"@type\":\"ListItem\",\"position\":2,\"name\":\"Cheap Flights from Tanga to Dar es Salaam\"}]},{\"@type\":\"WebSite\",\"@id\":\"https:\\\/\\\/tiketi.com\\\/#website\",\"url\":\"https:\\\/\\\/tiketi.com\\\/\",\"name\":\"Flight & Bus Tickets, Tour Packages & Activitites - Tiketi.com\",\"description\":\"Flight &amp; Bus Tickets, Tours, Activitites\",\"publisher\":{\"@id\":\"https:\\\/\\\/tiketi.com\\\/#organization\"},\"potentialAction\":[{\"@type\":\"SearchAction\",\"target\":{\"@type\":\"EntryPoint\",\"urlTemplate\":\"https:\\\/\\\/tiketi.com\\\/?s={search_term_string}\"},\"query-input\":{\"@type\":\"PropertyValueSpecification\",\"valueRequired\":true,\"valueName\":\"search_term_string\"}}],\"inLanguage\":\"fr-FR\"},{\"@type\":\"Organization\",\"@id\":\"https:\\\/\\\/tiketi.com\\\/#organization\",\"name\":\"Tiketi.com\",\"alternateName\":\"Tiketi\",\"url\":\"https:\\\/\\\/tiketi.com\\\/\",\"logo\":{\"@type\":\"ImageObject\",\"inLanguage\":\"fr-FR\",\"@id\":\"https:\\\/\\\/tiketi.com\\\/#\\\/schema\\\/logo\\\/image\\\/\",\"url\":\"https:\\\/\\\/tiketi.com\\\/wp-content\\\/uploads\\\/2019\\\/05\\\/tiketi-logo-696.png\",\"contentUrl\":\"https:\\\/\\\/tiketi.com\\\/wp-content\\\/uploads\\\/2019\\\/05\\\/tiketi-logo-696.png\",\"width\":696,\"height\":696,\"caption\":\"Tiketi.com\"},\"image\":{\"@id\":\"https:\\\/\\\/tiketi.com\\\/#\\\/schema\\\/logo\\\/image\\\/\"},\"sameAs\":[\"https:\\\/\\\/www.facebook.com\\\/TiketiCom\\\/\"]}]}<\/script>\n<!-- \/ Yoast SEO plugin. -->","yoast_head_json":{"title":"Vols \u00e0 bas prix de Tanga \u00e0 Dar es Salam","description":"Vous recherchez des vols \u00e0 bas prix deTanga vers Dar es Salaam ? Recherchez, comparez et r\u00e9servez en ligne un billet d&#039;avion pas cher de Tanga \u00e0 Dar es Salam","robots":{"index":"index","follow":"follow","max-snippet":"max-snippet:-1","max-image-preview":"max-image-preview:large","max-video-preview":"max-video-preview:-1"},"canonical":"https:\/\/tiketi.com\/fr-fr\/flights-tanga-dar-es-salaam-tgt-dar\/","og_locale":"fr_FR","og_type":"article","og_title":"Cheap Flights from Tanga to Dar es Salaam","og_description":"Looking for cheap flights fromTanga to Dar es Salaam? Search, compare and book cheap airline ticket from Tanga to Dar es Salaam online","og_url":"https:\/\/tiketi.com\/fr-fr\/flights-tanga-dar-es-salaam-tgt-dar\/","og_site_name":"Tiketi.com","article_publisher":"https:\/\/www.facebook.com\/TiketiCom\/","article_modified_time":"2022-04-04T16:43:26+00:00","twitter_card":"summary_large_image","twitter_misc":{"Dur\u00e9e de lecture estim\u00e9e":"3 minutes"},"schema":{"@context":"https:\/\/schema.org","@graph":[{"@type":"WebPage","@id":"https:\/\/tiketi.com\/fr-fr\/flights-tanga-dar-es-salaam-tgt-dar\/","url":"https:\/\/tiketi.com\/fr-fr\/flights-tanga-dar-es-salaam-tgt-dar\/","name":"Vols \u00e0 bas prix de Tanga \u00e0 Dar es Salam","isPartOf":{"@id":"https:\/\/tiketi.com\/#website"},"datePublished":"2022-01-19T11:55:10+00:00","dateModified":"2022-04-04T16:43:26+00:00","description":"Vous recherchez des vols \u00e0 bas prix deTanga vers Dar es Salaam ? Recherchez, comparez et r\u00e9servez en ligne un billet d&#039;avion pas cher de Tanga \u00e0 Dar es Salam","breadcrumb":{"@id":"https:\/\/tiketi.com\/fr-fr\/flights-tanga-dar-es-salaam-tgt-dar\/#breadcrumb"},"inLanguage":"fr-FR","potentialAction":[{"@type":"ReadAction","target":["https:\/\/tiketi.com\/fr-fr\/flights-tanga-dar-es-salaam-tgt-dar\/"]}]},{"@type":"BreadcrumbList","@id":"https:\/\/tiketi.com\/fr-fr\/flights-tanga-dar-es-salaam-tgt-dar\/#breadcrumb","itemListElement":[{"@type":"ListItem","position":1,"name":"Home","item":"https:\/\/tiketi.com\/"},{"@type":"ListItem","position":2,"name":"Cheap Flights from Tanga to Dar es Salaam"}]},{"@type":"WebSite","@id":"https:\/\/tiketi.com\/#website","url":"https:\/\/tiketi.com\/","name":"Billets d&#039;avion et de bus, forfaits touristiques et activit\u00e9s - Tiketi.com","description":"Billets d&#039;avion et de bus, Tours, Activit\u00e9s","publisher":{"@id":"https:\/\/tiketi.com\/#organization"},"potentialAction":[{"@type":"SearchAction","target":{"@type":"EntryPoint","urlTemplate":"https:\/\/tiketi.com\/?s={search_term_string}"},"query-input":{"@type":"PropertyValueSpecification","valueRequired":true,"valueName":"search_term_string"}}],"inLanguage":"fr-FR"},{"@type":"Organization","@id":"https:\/\/tiketi.com\/#organization","name":"Tiketi.com","alternateName":"Tiketi","url":"https:\/\/tiketi.com\/","logo":{"@type":"ImageObject","inLanguage":"fr-FR","@id":"https:\/\/tiketi.com\/#\/schema\/logo\/image\/","url":"https:\/\/tiketi.com\/wp-content\/uploads\/2019\/05\/tiketi-logo-696.png","contentUrl":"https:\/\/tiketi.com\/wp-content\/uploads\/2019\/05\/tiketi-logo-696.png","width":696,"height":696,"caption":"Tiketi.com"},"image":{"@id":"https:\/\/tiketi.com\/#\/schema\/logo\/image\/"},"sameAs":["https:\/\/www.facebook.com\/TiketiCom\/"]}]}},"_links":{"self":[{"href":"https:\/\/tiketi.com\/fr-fr\/wp-json\/wp\/v2\/pages\/11766","targetHints":{"allow":["GET"]}}],"collection":[{"href":"https:\/\/tiketi.com\/fr-fr\/wp-json\/wp\/v2\/pages"}],"about":[{"href":"https:\/\/tiketi.com\/fr-fr\/wp-json\/wp\/v2\/types\/page"}],"author":[{"embeddable":true,"href":"https:\/\/tiketi.com\/fr-fr\/wp-json\/wp\/v2\/users\/1"}],"replies":[{"embeddable":true,"href":"https:\/\/tiketi.com\/fr-fr\/wp-json\/wp\/v2\/comments?post=11766"}],"version-history":[{"count":0,"href":"https:\/\/tiketi.com\/fr-fr\/wp-json\/wp\/v2\/pages\/11766\/revisions"}],"wp:attachment":[{"href":"https:\/\/tiketi.com\/fr-fr\/wp-json\/wp\/v2\/media?parent=11766"}],"curies":[{"name":"wp","href":"https:\/\/api.w.org\/{rel}","templated":true}]}}