{"id":11767,"date":"2022-01-19T12:55:10","date_gmt":"2022-01-19T11:55:10","guid":{"rendered":"https:\/\/new.tiketi.com\/cheap-flights-from-serengeti-national-park-to-dar-es-salaam\/"},"modified":"2022-02-09T17:49:10","modified_gmt":"2022-02-09T16:49:10","slug":"flights-serengeti-dar-es-salaam-seu-dar","status":"publish","type":"page","link":"https:\/\/tiketi.com\/fr-fr\/flights-serengeti-dar-es-salaam-seu-dar\/","title":{"rendered":"Vols \u00e0 bas prix de Parc national du Serengeti \u00e0 Dar es Salam"},"content":{"rendered":"<h2>Vous recherchez un billet d&#039;avion pas cher du Parc national du Serengeti \u00e0 Dar es Salam ou des offres de derni\u00e8re minute ?<\/h2>\n<h3>Recherchez, comparez et r\u00e9servez un billet d&#039;avion pas cher entre Parc national du Serengeti Seronera (SEU) et Dar es Salaam (DAR)<span style=\"font-size: 16px;\">\u00a0<\/span>maintenant en ligne.<\/h3>\n<p>R\u00e9servez en ligne des vols \u00e0 bas prix de Parc national du Serengeti \u00e0 Dar es Salam et \u00e9conomisez de l&#039;argent sur les billets d&#039;avion. Dar es Salaam \u00e9tait autrefois la capitale de la Tanzanie. Les voyages commencent essentiellement \u00e0 partir du grand port de Dar es Salaam situ\u00e9 pr\u00e8s de l&#039;\u00eele de Zanzibar. Certains des lieux d&#039;attraction les plus c\u00e9l\u00e8bres de Dar es Salaam sont Observation Hill, le mus\u00e9e national et le mus\u00e9e du village. Comparez les prix et obtenez le tarif le plus bas sur les billets d&#039;avion de Parc national du Serengeti \u00e0 Dar es Salaam gr\u00e2ce \u00e0 des offres exceptionnelles sur la r\u00e9servation de billets en ligne de vols Parc national du Serengeti \u00e0 Dar es Salaam.<\/p>\n<h2>Voici quelques-unes des meilleures attractions du parc national du Serengeti Seronera<\/h2>\n<h3>R\u00e9serve naturelle des collines de Pugu<\/h3>\n<p>Pugu Hills est une r\u00e9serve naturelle d\u00e9sign\u00e9e situ\u00e9e \u00e0 environ vingt-cinq kilom\u00e8tres du centre de Dar es Salaam. En plus de la possibilit\u00e9 de parcourir les sentiers, vous pouvez \u00e9galement choisir d&#039;observer les eaux des oiseaux ou visiter la grotte qui est populaire pour sa colonie de chauves-souris.<\/p>\n<h3>Plage Coco<\/h3>\n<p>Coco Beach, \u00e9galement appel\u00e9e Oyster Bay, est une \u00e9tendue de plage situ\u00e9e sur la p\u00e9ninsule de Msasani \u00e0 Dar es Salaam. Si vous cherchez des choses incroyables \u00e0 faire \u00e0 Dar es Salaam, rendez-vous \u00e0 la plage de Coco le week-end lorsqu&#039;elle regorge d&#039;Asiatiques et de Tanzaniens locaux.<\/p>\n<h3>Ville de Bagamoyo<\/h3>\n<p>Semblable \u00e0 Lamu ou Mombasa, la ville de Bagamoyo situ\u00e9e au nord de Dar es Salaam, est un tr\u00e8s ancien port de commerce d&#039;Afrique de l&#039;Est. La ville a \u00e9t\u00e9 influenc\u00e9e par les Indiens et les Arabes pour cr\u00e9er une culture swahili unique.<br \/>\nLors d&#039;une excursion d&#039;une journ\u00e9e \u00e0 Bagamoyo, vous pourrez visiter de tr\u00e8s anciennes ruines, d&#039;anciennes mosqu\u00e9es et \u00e9glises et visiter l&#039;un des seuls coll\u00e8ges d&#039;arts de Tanzanie appel\u00e9 Chuo Cha Sanaa.<\/p>\n<h2>FAQ sur les vols pas chers de Parc national du Serengeti \u00e0 Dar es Salaam<\/h2>\n<h3>Quelle est la dur\u00e9e moyenne d&#039;un vol Serengeti Seronera-Dar es Salam ?<\/h3>\n<p>La distance de vol moyenne de Serengeti Seronera \u00e0 Dar es Salaam est de plus de 686 km et vous prendra environ deux heures et quinze minutes d&#039;un a\u00e9roport \u00e0 l&#039;autre.<\/p>\n<h3>Combien de vols op\u00e8rent entre Serengeti Seronera et dar es Salam ?<\/h3>\n<p>Il y a des vols r\u00e9guliers entre le parc national du Serengeti et Dar es Salaam depuis Precision Air, Regional Air, Auric Air et Coastal Aviation.<\/p>\n<h3>Combien de compagnies a\u00e9riennes proposent des billets d&#039;avion pas chers entre Parc national du Serengeti et Dar es Salam ?<\/h3>\n<p>Quatre compagnies a\u00e9riennes proposent des billets d&#039;avion du parc national du Serengeti \u00e0 Dar es Salaam.<\/p>\n<h2>Conseils sur les vols Parc national du Serengeti Seronera - Dar es Salaam<\/h2>\n<p>Vous aurez une vue remarquable sur le pays en voyageant du nord de l&#039;int\u00e9rieur des terres \u00e0 la c\u00f4te est de la Tanzanie. Profitez des vues remarquables sur la v\u00e9g\u00e9tation luxuriante et les jolis villages que vous traverserez en vous dirigeant vers la capitale. Vous devrez \u00e9galement passer par la r\u00e9serve de chasse de Maswa, le parc national du Serengeti, le lac Manyara, la zone de conversation de Ngorongoro et le parc national de Tarangire lors de votre voyage, alors soyez \u00e0 l&#039;aff\u00fbt.<\/p>","protected":false},"excerpt":{"rendered":"<p>Looking for cheap airline ticket from Serengeti National Park to Dar es Salaam\u00a0or last minute deals? Search, compare and book cheap airline ticket from Serengeti National Park Seronera (SEU) to Dar es Salaam (DAR)\u00a0online now. Book cheap flights from Serengeti National Park to Dar es Salaam online and save money on airfare. Dar es Salaam [&hellip;]<\/p>\n","protected":false},"author":1,"featured_media":14041,"parent":0,"menu_order":0,"comment_status":"open","ping_status":"closed","template":"template-home-modern.php","meta":{"footnotes":""},"class_list":["post-11767","page","type-page","status-publish","has-post-thumbnail","hentry"],"yoast_head":"<!-- This site is optimized with the Yoast SEO plugin v27.4 - https:\/\/yoast.com\/product\/yoast-seo-wordpress\/ -->\n<title>Cheap Flights from\u00a0Serengeti National Park to Dar es Salaam<\/title>\n<meta name=\"description\" content=\"Looking for cheap flights from Serengeti National Park to Dar es Salaam? Compare and book cheap airline ticket from Serengeti National Park to Dar es Salaam online\" \/>\n<meta name=\"robots\" content=\"index, follow, max-snippet:-1, max-image-preview:large, max-video-preview:-1\" \/>\n<link rel=\"canonical\" href=\"https:\/\/tiketi.com\/fr-fr\/flights-serengeti-dar-es-salaam-seu-dar\/\" \/>\n<meta property=\"og:locale\" content=\"fr_FR\" \/>\n<meta property=\"og:type\" content=\"article\" \/>\n<meta property=\"og:title\" content=\"Cheap Flights from\u00a0Serengeti National Park to Dar es Salaam\" \/>\n<meta property=\"og:description\" content=\"Looking for cheap flights from Serengeti National Park to Dar es Salaam? Compare and book cheap airline ticket from Serengeti National Park to Dar es Salaam online\" \/>\n<meta property=\"og:url\" content=\"https:\/\/tiketi.com\/fr-fr\/flights-serengeti-dar-es-salaam-seu-dar\/\" \/>\n<meta property=\"og:site_name\" content=\"Tiketi.com\" \/>\n<meta property=\"article:publisher\" content=\"https:\/\/www.facebook.com\/TiketiCom\/\" \/>\n<meta property=\"article:modified_time\" content=\"2022-02-09T16:49:10+00:00\" \/>\n<meta property=\"og:image\" content=\"https:\/\/tiketi.com\/wp-content\/uploads\/2022\/01\/flight-ticket-booking-sorasak-KxCJXXGsv9I-unsplas.jpg\" \/>\n\t<meta property=\"og:image:width\" content=\"1200\" \/>\n\t<meta property=\"og:image:height\" content=\"240\" \/>\n\t<meta property=\"og:image:type\" content=\"image\/jpeg\" \/>\n<meta name=\"twitter:card\" content=\"summary_large_image\" \/>\n<meta name=\"twitter:label1\" content=\"Dur\u00e9e de lecture estim\u00e9e\" \/>\n\t<meta name=\"twitter:data1\" content=\"3 minutes\" \/>\n<script type=\"application\/ld+json\" class=\"yoast-schema-graph\">{\"@context\":\"https:\\\/\\\/schema.org\",\"@graph\":[{\"@type\":\"WebPage\",\"@id\":\"https:\\\/\\\/tiketi.com\\\/en-gb\\\/flights-serengeti-dar-es-salaam-seu-dar\\\/\",\"url\":\"https:\\\/\\\/tiketi.com\\\/en-gb\\\/flights-serengeti-dar-es-salaam-seu-dar\\\/\",\"name\":\"Cheap Flights from\u00a0Serengeti National Park to Dar es Salaam\",\"isPartOf\":{\"@id\":\"https:\\\/\\\/tiketi.com\\\/#website\"},\"primaryImageOfPage\":{\"@id\":\"https:\\\/\\\/tiketi.com\\\/en-gb\\\/flights-serengeti-dar-es-salaam-seu-dar\\\/#primaryimage\"},\"image\":{\"@id\":\"https:\\\/\\\/tiketi.com\\\/en-gb\\\/flights-serengeti-dar-es-salaam-seu-dar\\\/#primaryimage\"},\"thumbnailUrl\":\"https:\\\/\\\/tiketi.com\\\/wp-content\\\/uploads\\\/2022\\\/01\\\/flight-ticket-booking-sorasak-KxCJXXGsv9I-unsplas.jpg\",\"datePublished\":\"2022-01-19T11:55:10+00:00\",\"dateModified\":\"2022-02-09T16:49:10+00:00\",\"description\":\"Looking for cheap flights from Serengeti National Park to Dar es Salaam? Compare and book cheap airline ticket from Serengeti National Park to Dar es Salaam online\",\"breadcrumb\":{\"@id\":\"https:\\\/\\\/tiketi.com\\\/en-gb\\\/flights-serengeti-dar-es-salaam-seu-dar\\\/#breadcrumb\"},\"inLanguage\":\"fr-FR\",\"potentialAction\":[{\"@type\":\"ReadAction\",\"target\":[\"https:\\\/\\\/tiketi.com\\\/en-gb\\\/flights-serengeti-dar-es-salaam-seu-dar\\\/\"]}]},{\"@type\":\"ImageObject\",\"inLanguage\":\"fr-FR\",\"@id\":\"https:\\\/\\\/tiketi.com\\\/en-gb\\\/flights-serengeti-dar-es-salaam-seu-dar\\\/#primaryimage\",\"url\":\"https:\\\/\\\/tiketi.com\\\/wp-content\\\/uploads\\\/2022\\\/01\\\/flight-ticket-booking-sorasak-KxCJXXGsv9I-unsplas.jpg\",\"contentUrl\":\"https:\\\/\\\/tiketi.com\\\/wp-content\\\/uploads\\\/2022\\\/01\\\/flight-ticket-booking-sorasak-KxCJXXGsv9I-unsplas.jpg\",\"width\":1200,\"height\":240,\"caption\":\"Online flight ticket booking\"},{\"@type\":\"BreadcrumbList\",\"@id\":\"https:\\\/\\\/tiketi.com\\\/en-gb\\\/flights-serengeti-dar-es-salaam-seu-dar\\\/#breadcrumb\",\"itemListElement\":[{\"@type\":\"ListItem\",\"position\":1,\"name\":\"Home\",\"item\":\"https:\\\/\\\/tiketi.com\\\/\"},{\"@type\":\"ListItem\",\"position\":2,\"name\":\"Cheap Flights from\u00a0Serengeti National Park to Dar es Salaam\"}]},{\"@type\":\"WebSite\",\"@id\":\"https:\\\/\\\/tiketi.com\\\/#website\",\"url\":\"https:\\\/\\\/tiketi.com\\\/\",\"name\":\"Flight & Bus Tickets, Tour Packages & Activitites - Tiketi.com\",\"description\":\"Flight &amp; Bus Tickets, Tours, Activitites\",\"publisher\":{\"@id\":\"https:\\\/\\\/tiketi.com\\\/#organization\"},\"potentialAction\":[{\"@type\":\"SearchAction\",\"target\":{\"@type\":\"EntryPoint\",\"urlTemplate\":\"https:\\\/\\\/tiketi.com\\\/?s={search_term_string}\"},\"query-input\":{\"@type\":\"PropertyValueSpecification\",\"valueRequired\":true,\"valueName\":\"search_term_string\"}}],\"inLanguage\":\"fr-FR\"},{\"@type\":\"Organization\",\"@id\":\"https:\\\/\\\/tiketi.com\\\/#organization\",\"name\":\"Tiketi.com\",\"alternateName\":\"Tiketi\",\"url\":\"https:\\\/\\\/tiketi.com\\\/\",\"logo\":{\"@type\":\"ImageObject\",\"inLanguage\":\"fr-FR\",\"@id\":\"https:\\\/\\\/tiketi.com\\\/#\\\/schema\\\/logo\\\/image\\\/\",\"url\":\"https:\\\/\\\/tiketi.com\\\/wp-content\\\/uploads\\\/2019\\\/05\\\/tiketi-logo-696.png\",\"contentUrl\":\"https:\\\/\\\/tiketi.com\\\/wp-content\\\/uploads\\\/2019\\\/05\\\/tiketi-logo-696.png\",\"width\":696,\"height\":696,\"caption\":\"Tiketi.com\"},\"image\":{\"@id\":\"https:\\\/\\\/tiketi.com\\\/#\\\/schema\\\/logo\\\/image\\\/\"},\"sameAs\":[\"https:\\\/\\\/www.facebook.com\\\/TiketiCom\\\/\"]}]}<\/script>\n<!-- \/ Yoast SEO plugin. -->","yoast_head_json":{"title":"Vols \u00e0 bas prix de Parc national du Serengeti \u00e0 Dar es Salam","description":"Vous recherchez des vols \u00e0 bas prix de Parc national du Serengeti vers Dar es Salam ? Comparez et r\u00e9servez en ligne un billet d&#039;avion pas cher de Parc national du Serengeti \u00e0 Dar es Salaam","robots":{"index":"index","follow":"follow","max-snippet":"max-snippet:-1","max-image-preview":"max-image-preview:large","max-video-preview":"max-video-preview:-1"},"canonical":"https:\/\/tiketi.com\/fr-fr\/flights-serengeti-dar-es-salaam-seu-dar\/","og_locale":"fr_FR","og_type":"article","og_title":"Cheap Flights from\u00a0Serengeti National Park to Dar es Salaam","og_description":"Looking for cheap flights from Serengeti National Park to Dar es Salaam? Compare and book cheap airline ticket from Serengeti National Park to Dar es Salaam online","og_url":"https:\/\/tiketi.com\/fr-fr\/flights-serengeti-dar-es-salaam-seu-dar\/","og_site_name":"Tiketi.com","article_publisher":"https:\/\/www.facebook.com\/TiketiCom\/","article_modified_time":"2022-02-09T16:49:10+00:00","og_image":[{"width":1200,"height":240,"url":"https:\/\/tiketi.com\/wp-content\/uploads\/2022\/01\/flight-ticket-booking-sorasak-KxCJXXGsv9I-unsplas.jpg","type":"image\/jpeg"}],"twitter_card":"summary_large_image","twitter_misc":{"Dur\u00e9e de lecture estim\u00e9e":"3 minutes"},"schema":{"@context":"https:\/\/schema.org","@graph":[{"@type":"WebPage","@id":"https:\/\/tiketi.com\/en-gb\/flights-serengeti-dar-es-salaam-seu-dar\/","url":"https:\/\/tiketi.com\/en-gb\/flights-serengeti-dar-es-salaam-seu-dar\/","name":"Vols \u00e0 bas prix de Parc national du Serengeti \u00e0 Dar es Salam","isPartOf":{"@id":"https:\/\/tiketi.com\/#website"},"primaryImageOfPage":{"@id":"https:\/\/tiketi.com\/en-gb\/flights-serengeti-dar-es-salaam-seu-dar\/#primaryimage"},"image":{"@id":"https:\/\/tiketi.com\/en-gb\/flights-serengeti-dar-es-salaam-seu-dar\/#primaryimage"},"thumbnailUrl":"https:\/\/tiketi.com\/wp-content\/uploads\/2022\/01\/flight-ticket-booking-sorasak-KxCJXXGsv9I-unsplas.jpg","datePublished":"2022-01-19T11:55:10+00:00","dateModified":"2022-02-09T16:49:10+00:00","description":"Vous recherchez des vols \u00e0 bas prix de Parc national du Serengeti vers Dar es Salam ? Comparez et r\u00e9servez en ligne un billet d&#039;avion pas cher de Parc national du Serengeti \u00e0 Dar es Salaam","breadcrumb":{"@id":"https:\/\/tiketi.com\/en-gb\/flights-serengeti-dar-es-salaam-seu-dar\/#breadcrumb"},"inLanguage":"fr-FR","potentialAction":[{"@type":"ReadAction","target":["https:\/\/tiketi.com\/en-gb\/flights-serengeti-dar-es-salaam-seu-dar\/"]}]},{"@type":"ImageObject","inLanguage":"fr-FR","@id":"https:\/\/tiketi.com\/en-gb\/flights-serengeti-dar-es-salaam-seu-dar\/#primaryimage","url":"https:\/\/tiketi.com\/wp-content\/uploads\/2022\/01\/flight-ticket-booking-sorasak-KxCJXXGsv9I-unsplas.jpg","contentUrl":"https:\/\/tiketi.com\/wp-content\/uploads\/2022\/01\/flight-ticket-booking-sorasak-KxCJXXGsv9I-unsplas.jpg","width":1200,"height":240,"caption":"Online flight ticket booking"},{"@type":"BreadcrumbList","@id":"https:\/\/tiketi.com\/en-gb\/flights-serengeti-dar-es-salaam-seu-dar\/#breadcrumb","itemListElement":[{"@type":"ListItem","position":1,"name":"Home","item":"https:\/\/tiketi.com\/"},{"@type":"ListItem","position":2,"name":"Cheap Flights from\u00a0Serengeti National Park to Dar es Salaam"}]},{"@type":"WebSite","@id":"https:\/\/tiketi.com\/#website","url":"https:\/\/tiketi.com\/","name":"Billets d&#039;avion et de bus, forfaits touristiques et activit\u00e9s - Tiketi.com","description":"Billets d&#039;avion et de bus, Tours, Activit\u00e9s","publisher":{"@id":"https:\/\/tiketi.com\/#organization"},"potentialAction":[{"@type":"SearchAction","target":{"@type":"EntryPoint","urlTemplate":"https:\/\/tiketi.com\/?s={search_term_string}"},"query-input":{"@type":"PropertyValueSpecification","valueRequired":true,"valueName":"search_term_string"}}],"inLanguage":"fr-FR"},{"@type":"Organization","@id":"https:\/\/tiketi.com\/#organization","name":"Tiketi.com","alternateName":"Tiketi","url":"https:\/\/tiketi.com\/","logo":{"@type":"ImageObject","inLanguage":"fr-FR","@id":"https:\/\/tiketi.com\/#\/schema\/logo\/image\/","url":"https:\/\/tiketi.com\/wp-content\/uploads\/2019\/05\/tiketi-logo-696.png","contentUrl":"https:\/\/tiketi.com\/wp-content\/uploads\/2019\/05\/tiketi-logo-696.png","width":696,"height":696,"caption":"Tiketi.com"},"image":{"@id":"https:\/\/tiketi.com\/#\/schema\/logo\/image\/"},"sameAs":["https:\/\/www.facebook.com\/TiketiCom\/"]}]}},"_links":{"self":[{"href":"https:\/\/tiketi.com\/fr-fr\/wp-json\/wp\/v2\/pages\/11767","targetHints":{"allow":["GET"]}}],"collection":[{"href":"https:\/\/tiketi.com\/fr-fr\/wp-json\/wp\/v2\/pages"}],"about":[{"href":"https:\/\/tiketi.com\/fr-fr\/wp-json\/wp\/v2\/types\/page"}],"author":[{"embeddable":true,"href":"https:\/\/tiketi.com\/fr-fr\/wp-json\/wp\/v2\/users\/1"}],"replies":[{"embeddable":true,"href":"https:\/\/tiketi.com\/fr-fr\/wp-json\/wp\/v2\/comments?post=11767"}],"version-history":[{"count":0,"href":"https:\/\/tiketi.com\/fr-fr\/wp-json\/wp\/v2\/pages\/11767\/revisions"}],"wp:featuredmedia":[{"embeddable":true,"href":"https:\/\/tiketi.com\/fr-fr\/wp-json\/wp\/v2\/media\/14041"}],"wp:attachment":[{"href":"https:\/\/tiketi.com\/fr-fr\/wp-json\/wp\/v2\/media?parent=11767"}],"curies":[{"name":"wp","href":"https:\/\/api.w.org\/{rel}","templated":true}]}}