{"id":11768,"date":"2022-01-19T12:55:10","date_gmt":"2022-01-19T11:55:10","guid":{"rendered":"https:\/\/new.tiketi.com\/cheap-flights-from-pemba-island-to-zanzibar\/"},"modified":"2022-02-09T16:45:06","modified_gmt":"2022-02-09T15:45:06","slug":"flights-pemba-to-zanzibar-pma-znz","status":"publish","type":"page","link":"https:\/\/tiketi.com\/fr-fr\/flights-pemba-to-zanzibar-pma-znz\/","title":{"rendered":"Vols \u00e0 bas prix de Pemba \u00e0 Zanzibar"},"content":{"rendered":"<h2>Vous recherchez un billet d&#039;avion pas cher de Pemba \u00e0 Zanzibar ou des offres de derni\u00e8re minute ?<\/h2>\n<h3>Recherchez, comparez et r\u00e9servez un billet d&#039;avion pas cher entre Pemba (PMA) et Zanzibar (ZNZ)<span style=\"font-size: 16px;\">\u00a0<\/span>maintenant en ligne.<\/h3>\n<p>R\u00e9servez en ligne des vols \u00e0 bas prix de Pemba Island \u00e0 Zanzibar et \u00e9conomisez de l&#039;argent sur les billets d&#039;avion. Zanzibar est compos\u00e9 de deux \u00eeles dont Unguja et Pemba (\u00e9galement appel\u00e9e \u00eele de Zanzibar) ainsi que de cinquante jolies \u00eeles. L&#039;\u00eele d&#039;Unguja est la plus d\u00e9velopp\u00e9e des deux \u00eeles et compte la majorit\u00e9 de la population de Zanzibar. Vous pouvez visiter l&#039;\u00eele de Zanzibar gr\u00e2ce \u00e0 des offres exceptionnelles sur les billets d&#039;avion de l&#039;\u00eele de Pemba \u00e0 Zanzibar au meilleur prix et sur des vols Dar es Salaam \u00e0 Kigoma \u00e0 bas prix.<\/p>\n<h2>Voici quelques-unes des meilleures attractions de Zanzibar<\/h2>\n<p>Deux grandes raisons de visiter sont les plages incroyables et l&#039;histoire et la culture de l&#039;une des rares villes anciennes en activit\u00e9 - Stone Town. Stone Town est c\u00e9l\u00e8bre pour ses march\u00e9s sinueux et bruyants et ses rues labyrinthiques. Stone Town est un lieu du patrimoine mondial et depuis qu&#039;il a \u00e9t\u00e9 nomm\u00e9 en tant que tel, il a re\u00e7u une attention particuli\u00e8re.<\/p>\n<p>Les plages de Zanzibar sont c\u00e9l\u00e8bres pour leur magnifique sable blanc et leurs eaux chaudes azur. Les \u00eeles sont bord\u00e9es de r\u00e9cifs coralliens aux allures marines. Ceci, combin\u00e9 \u00e0 une visibilit\u00e9 incroyable, fait de Zanzibar l&#039;un des endroits les plus c\u00e9l\u00e8bres pour les plongeurs et les plongeurs. Pour ceux qui recherchent des requins, Zanzibar est le nirvana, car les r\u00e9cifs coralliens offrent de nombreux endroits pour de nombreuses esp\u00e8ces, dont le tigre, les requins de r\u00e9cif et les requins citron, les requins blancs marteaux et l&#039;insaisissable requin baleine.<\/p>\n<p>Parce que Zanzibar est situ\u00e9e sous les tropiques, l&#039;\u00eele est soumise \u00e0 un temps plut\u00f4t chaud. De juillet \u00e0 octobre, le niveau d&#039;humidit\u00e9 diminue et les temp\u00e9ratures oscillent autour de 25 degr\u00e9s Celsius. Il y a pas mal de pluie mais cela ne dure g\u00e9n\u00e9ralement pas longtemps et le soleil se l\u00e8ve en quelques minutes.<\/p>\n<h2>FAQ sur les vols pas chers de Pemba \u00e0 Zanzibar<\/h2>\n<h3>Quelle est la dur\u00e9e moyenne d&#039;un vol entre Pemba Island et Zanzibar ?<\/h3>\n<p>La dur\u00e9e moyenne d&#039;un vol de Pemba \u00e0 Zanzibar est de 0 heure trente minutes.<\/p>\n<h3>Combien de vols quotidiens op\u00e8rent Pemba Island vers Zanzibar ?<\/h3>\n<p>Il y a 7 vols quotidiens entre l&#039;\u00eele de Pemba et l&#039;\u00eele de Zanzibar.<\/p>\n<h3>Combien de compagnies a\u00e9riennes proposent des billets d&#039;avion entre l&#039;\u00eele de Pemba et Zanzibar ?<\/h3>\n<p>Il n&#039;y a qu&#039;une seule compagnie a\u00e9rienne qui propose des billets d&#039;avion de l&#039;\u00eele de Pemba \u00e0 Zanzibar est Auric Air.<\/p>\n<h2>Conseils sur les vols de Pemba \u00e0 Zanzibar<\/h2>\n<p>\u2022 L&#039;\u00eele de Pemba est \u00e0 78 milles de l&#039;\u00eele de Zanzibar.<\/p>\n<p>\u2022 Sept vols quotidiens relient l&#039;\u00eele de Pemba \u00e0 l&#039;\u00eele de Zanzibar.<\/p>\n<p>\u2022 Il y a sept vols hebdomadaires entre l&#039;\u00eele de Tanzanie Pemba et Zanzibar.<\/p>\n<p>\u2022 Sept vols sans escale op\u00e8rent des vols bon march\u00e9 de l&#039;\u00eele de Pemba \u00e0 Zanzibar.<\/p>\n<p>\u2022 Auric Air propose le plus de vols sans escale entre l&#039;\u00eele de Zanzibar et l&#039;\u00eele de Pemba.<\/p>\n<p>\u2022 Quatre vols directs op\u00e8rent des vols entre l&#039;\u00eele de Pemba et Zanzibar.<\/p>\n<p>\u2022 Auric Air propose le billet d&#039;avion le plus direct entre l&#039;\u00eele de Pemba et Zanzibar.<\/p>\n<p>\u2022 Tanga, Tanzanie \u2013 L&#039;a\u00e9roport de Tang est le plus c\u00e9l\u00e8bre pour ses vols \u00e0 escale entre l&#039;\u00eele de Zanzibar et l&#039;\u00eele de Pemba.<\/p>","protected":false},"excerpt":{"rendered":"<p>Looking for cheap airline ticket from Pemba Island to Zanzibar\u00a0or last minute deals? Search, compare and book cheap airline ticket from Pemba Island (PMA) to Zanzibar (ZNZ)\u00a0online now. Book cheap flights from Pemba Island to Zanzibar online and save money on airfare. Zanzibar is made up of two islands including Unguja and Pemba (also called [&hellip;]<\/p>\n","protected":false},"author":1,"featured_media":17852,"parent":0,"menu_order":0,"comment_status":"open","ping_status":"closed","template":"template-home-modern.php","meta":{"footnotes":""},"class_list":["post-11768","page","type-page","status-publish","has-post-thumbnail","hentry"],"yoast_head":"<!-- This site is optimized with the Yoast SEO plugin v27.2 - https:\/\/yoast.com\/product\/yoast-seo-wordpress\/ -->\n<title>Cheap Flights from\u00a0Pemba Island to Zanzibar<\/title>\n<meta name=\"description\" content=\"Looking for cheap flights from Pemba Island to Zanzibar? Search, compare and book cheap airline ticket from Pemba Island to Zanzibar online\" \/>\n<meta name=\"robots\" content=\"index, follow, max-snippet:-1, max-image-preview:large, max-video-preview:-1\" \/>\n<link rel=\"canonical\" href=\"https:\/\/tiketi.com\/fr-fr\/flights-pemba-to-zanzibar-pma-znz\/\" \/>\n<meta property=\"og:locale\" content=\"fr_FR\" \/>\n<meta property=\"og:type\" content=\"article\" \/>\n<meta property=\"og:title\" content=\"Cheap Flights from\u00a0Pemba Island to Zanzibar\" \/>\n<meta property=\"og:description\" content=\"Looking for cheap flights from Pemba Island to Zanzibar? Search, compare and book cheap airline ticket from Pemba Island to Zanzibar online\" \/>\n<meta property=\"og:url\" content=\"https:\/\/tiketi.com\/fr-fr\/flights-pemba-to-zanzibar-pma-znz\/\" \/>\n<meta property=\"og:site_name\" content=\"Tiketi.com\" \/>\n<meta property=\"article:publisher\" content=\"https:\/\/www.facebook.com\/TiketiCom\/\" \/>\n<meta property=\"article:modified_time\" content=\"2022-02-09T15:45:06+00:00\" \/>\n<meta property=\"og:image\" content=\"https:\/\/tiketi.com\/wp-content\/uploads\/2019\/05\/zanzibar-humphrey-muleba-e6dRLBx6Kg8.jpg\" \/>\n\t<meta property=\"og:image:width\" content=\"1200\" \/>\n\t<meta property=\"og:image:height\" content=\"204\" \/>\n\t<meta property=\"og:image:type\" content=\"image\/jpeg\" \/>\n<meta name=\"twitter:card\" content=\"summary_large_image\" \/>\n<meta name=\"twitter:label1\" content=\"Dur\u00e9e de lecture estim\u00e9e\" \/>\n\t<meta name=\"twitter:data1\" content=\"3 minutes\" \/>\n<script type=\"application\/ld+json\" class=\"yoast-schema-graph\">{\"@context\":\"https:\/\/schema.org\",\"@graph\":[{\"@type\":\"WebPage\",\"@id\":\"https:\/\/tiketi.com\/flights-pemba-to-zanzibar-pma-znz\/\",\"url\":\"https:\/\/tiketi.com\/flights-pemba-to-zanzibar-pma-znz\/\",\"name\":\"Cheap Flights from\u00a0Pemba Island to Zanzibar\",\"isPartOf\":{\"@id\":\"https:\/\/tiketi.com\/#website\"},\"primaryImageOfPage\":{\"@id\":\"https:\/\/tiketi.com\/flights-pemba-to-zanzibar-pma-znz\/#primaryimage\"},\"image\":{\"@id\":\"https:\/\/tiketi.com\/flights-pemba-to-zanzibar-pma-znz\/#primaryimage\"},\"thumbnailUrl\":\"https:\/\/tiketi.com\/wp-content\/uploads\/2019\/05\/zanzibar-humphrey-muleba-e6dRLBx6Kg8.jpg\",\"datePublished\":\"2022-01-19T11:55:10+00:00\",\"dateModified\":\"2022-02-09T15:45:06+00:00\",\"description\":\"Looking for cheap flights from Pemba Island to Zanzibar? Search, compare and book cheap airline ticket from Pemba Island to Zanzibar online\",\"breadcrumb\":{\"@id\":\"https:\/\/tiketi.com\/flights-pemba-to-zanzibar-pma-znz\/#breadcrumb\"},\"inLanguage\":\"fr-FR\",\"potentialAction\":[{\"@type\":\"ReadAction\",\"target\":[\"https:\/\/tiketi.com\/flights-pemba-to-zanzibar-pma-znz\/\"]}]},{\"@type\":\"ImageObject\",\"inLanguage\":\"fr-FR\",\"@id\":\"https:\/\/tiketi.com\/flights-pemba-to-zanzibar-pma-znz\/#primaryimage\",\"url\":\"https:\/\/tiketi.com\/wp-content\/uploads\/2019\/05\/zanzibar-humphrey-muleba-e6dRLBx6Kg8.jpg\",\"contentUrl\":\"https:\/\/tiketi.com\/wp-content\/uploads\/2019\/05\/zanzibar-humphrey-muleba-e6dRLBx6Kg8.jpg\",\"width\":1200,\"height\":204,\"caption\":\"Cheap Flights to Zanzibar\"},{\"@type\":\"BreadcrumbList\",\"@id\":\"https:\/\/tiketi.com\/flights-pemba-to-zanzibar-pma-znz\/#breadcrumb\",\"itemListElement\":[{\"@type\":\"ListItem\",\"position\":1,\"name\":\"Home\",\"item\":\"https:\/\/tiketi.com\/\"},{\"@type\":\"ListItem\",\"position\":2,\"name\":\"Cheap Flights from\u00a0Pemba Island to Zanzibar\"}]},{\"@type\":\"WebSite\",\"@id\":\"https:\/\/tiketi.com\/#website\",\"url\":\"https:\/\/tiketi.com\/\",\"name\":\"Flight & Bus Tickets, Tour Packages & Activitites - Tiketi.com\",\"description\":\"Flight &amp; Bus Tickets, Tours, Activitites\",\"publisher\":{\"@id\":\"https:\/\/tiketi.com\/#organization\"},\"potentialAction\":[{\"@type\":\"SearchAction\",\"target\":{\"@type\":\"EntryPoint\",\"urlTemplate\":\"https:\/\/tiketi.com\/?s={search_term_string}\"},\"query-input\":{\"@type\":\"PropertyValueSpecification\",\"valueRequired\":true,\"valueName\":\"search_term_string\"}}],\"inLanguage\":\"fr-FR\"},{\"@type\":\"Organization\",\"@id\":\"https:\/\/tiketi.com\/#organization\",\"name\":\"Tiketi.com\",\"alternateName\":\"Tiketi\",\"url\":\"https:\/\/tiketi.com\/\",\"logo\":{\"@type\":\"ImageObject\",\"inLanguage\":\"fr-FR\",\"@id\":\"https:\/\/tiketi.com\/#\/schema\/logo\/image\/\",\"url\":\"https:\/\/tiketi.com\/wp-content\/uploads\/2019\/05\/tiketi-logo-696.png\",\"contentUrl\":\"https:\/\/tiketi.com\/wp-content\/uploads\/2019\/05\/tiketi-logo-696.png\",\"width\":696,\"height\":696,\"caption\":\"Tiketi.com\"},\"image\":{\"@id\":\"https:\/\/tiketi.com\/#\/schema\/logo\/image\/\"},\"sameAs\":[\"https:\/\/www.facebook.com\/TiketiCom\/\"]}]}<\/script>\n<!-- \/ Yoast SEO plugin. -->","yoast_head_json":{"title":"Vols \u00e0 bas prix de Pemba \u00e0 Zanzibar","description":"Vous \u00eates \u00e0 la recherche de vols \u00e0 bas prix de Pemba vers Zanzibar ? Recherchez, comparez et r\u00e9servez en ligne un billet d&#039;avion pas cher de Pemba Island \u00e0 Zanzibar","robots":{"index":"index","follow":"follow","max-snippet":"max-snippet:-1","max-image-preview":"max-image-preview:large","max-video-preview":"max-video-preview:-1"},"canonical":"https:\/\/tiketi.com\/fr-fr\/flights-pemba-to-zanzibar-pma-znz\/","og_locale":"fr_FR","og_type":"article","og_title":"Cheap Flights from\u00a0Pemba Island to Zanzibar","og_description":"Looking for cheap flights from Pemba Island to Zanzibar? Search, compare and book cheap airline ticket from Pemba Island to Zanzibar online","og_url":"https:\/\/tiketi.com\/fr-fr\/flights-pemba-to-zanzibar-pma-znz\/","og_site_name":"Tiketi.com","article_publisher":"https:\/\/www.facebook.com\/TiketiCom\/","article_modified_time":"2022-02-09T15:45:06+00:00","og_image":[{"width":1200,"height":204,"url":"https:\/\/tiketi.com\/wp-content\/uploads\/2019\/05\/zanzibar-humphrey-muleba-e6dRLBx6Kg8.jpg","type":"image\/jpeg"}],"twitter_card":"summary_large_image","twitter_misc":{"Dur\u00e9e de lecture estim\u00e9e":"3 minutes"},"schema":{"@context":"https:\/\/schema.org","@graph":[{"@type":"WebPage","@id":"https:\/\/tiketi.com\/flights-pemba-to-zanzibar-pma-znz\/","url":"https:\/\/tiketi.com\/flights-pemba-to-zanzibar-pma-znz\/","name":"Vols \u00e0 bas prix de Pemba \u00e0 Zanzibar","isPartOf":{"@id":"https:\/\/tiketi.com\/#website"},"primaryImageOfPage":{"@id":"https:\/\/tiketi.com\/flights-pemba-to-zanzibar-pma-znz\/#primaryimage"},"image":{"@id":"https:\/\/tiketi.com\/flights-pemba-to-zanzibar-pma-znz\/#primaryimage"},"thumbnailUrl":"https:\/\/tiketi.com\/wp-content\/uploads\/2019\/05\/zanzibar-humphrey-muleba-e6dRLBx6Kg8.jpg","datePublished":"2022-01-19T11:55:10+00:00","dateModified":"2022-02-09T15:45:06+00:00","description":"Vous \u00eates \u00e0 la recherche de vols \u00e0 bas prix de Pemba vers Zanzibar ? Recherchez, comparez et r\u00e9servez en ligne un billet d&#039;avion pas cher de Pemba Island \u00e0 Zanzibar","breadcrumb":{"@id":"https:\/\/tiketi.com\/flights-pemba-to-zanzibar-pma-znz\/#breadcrumb"},"inLanguage":"fr-FR","potentialAction":[{"@type":"ReadAction","target":["https:\/\/tiketi.com\/flights-pemba-to-zanzibar-pma-znz\/"]}]},{"@type":"ImageObject","inLanguage":"fr-FR","@id":"https:\/\/tiketi.com\/flights-pemba-to-zanzibar-pma-znz\/#primaryimage","url":"https:\/\/tiketi.com\/wp-content\/uploads\/2019\/05\/zanzibar-humphrey-muleba-e6dRLBx6Kg8.jpg","contentUrl":"https:\/\/tiketi.com\/wp-content\/uploads\/2019\/05\/zanzibar-humphrey-muleba-e6dRLBx6Kg8.jpg","width":1200,"height":204,"caption":"Cheap Flights to Zanzibar"},{"@type":"BreadcrumbList","@id":"https:\/\/tiketi.com\/flights-pemba-to-zanzibar-pma-znz\/#breadcrumb","itemListElement":[{"@type":"ListItem","position":1,"name":"Home","item":"https:\/\/tiketi.com\/"},{"@type":"ListItem","position":2,"name":"Cheap Flights from\u00a0Pemba Island to Zanzibar"}]},{"@type":"WebSite","@id":"https:\/\/tiketi.com\/#website","url":"https:\/\/tiketi.com\/","name":"Billets d&#039;avion et de bus, forfaits touristiques et activit\u00e9s - Tiketi.com","description":"Billets d&#039;avion et de bus, Tours, Activit\u00e9s","publisher":{"@id":"https:\/\/tiketi.com\/#organization"},"potentialAction":[{"@type":"SearchAction","target":{"@type":"EntryPoint","urlTemplate":"https:\/\/tiketi.com\/?s={search_term_string}"},"query-input":{"@type":"PropertyValueSpecification","valueRequired":true,"valueName":"search_term_string"}}],"inLanguage":"fr-FR"},{"@type":"Organization","@id":"https:\/\/tiketi.com\/#organization","name":"Tiketi.com","alternateName":"Tiketi","url":"https:\/\/tiketi.com\/","logo":{"@type":"ImageObject","inLanguage":"fr-FR","@id":"https:\/\/tiketi.com\/#\/schema\/logo\/image\/","url":"https:\/\/tiketi.com\/wp-content\/uploads\/2019\/05\/tiketi-logo-696.png","contentUrl":"https:\/\/tiketi.com\/wp-content\/uploads\/2019\/05\/tiketi-logo-696.png","width":696,"height":696,"caption":"Tiketi.com"},"image":{"@id":"https:\/\/tiketi.com\/#\/schema\/logo\/image\/"},"sameAs":["https:\/\/www.facebook.com\/TiketiCom\/"]}]}},"_links":{"self":[{"href":"https:\/\/tiketi.com\/fr-fr\/wp-json\/wp\/v2\/pages\/11768","targetHints":{"allow":["GET"]}}],"collection":[{"href":"https:\/\/tiketi.com\/fr-fr\/wp-json\/wp\/v2\/pages"}],"about":[{"href":"https:\/\/tiketi.com\/fr-fr\/wp-json\/wp\/v2\/types\/page"}],"author":[{"embeddable":true,"href":"https:\/\/tiketi.com\/fr-fr\/wp-json\/wp\/v2\/users\/1"}],"replies":[{"embeddable":true,"href":"https:\/\/tiketi.com\/fr-fr\/wp-json\/wp\/v2\/comments?post=11768"}],"version-history":[{"count":0,"href":"https:\/\/tiketi.com\/fr-fr\/wp-json\/wp\/v2\/pages\/11768\/revisions"}],"wp:featuredmedia":[{"embeddable":true,"href":"https:\/\/tiketi.com\/fr-fr\/wp-json\/wp\/v2\/media\/17852"}],"wp:attachment":[{"href":"https:\/\/tiketi.com\/fr-fr\/wp-json\/wp\/v2\/media?parent=11768"}],"curies":[{"name":"wp","href":"https:\/\/api.w.org\/{rel}","templated":true}]}}