{"id":11769,"date":"2022-01-19T12:55:11","date_gmt":"2022-01-19T11:55:11","guid":{"rendered":"https:\/\/new.tiketi.com\/cheap-flights-from-tanga-to-pemba-island\/"},"modified":"2022-02-09T17:50:00","modified_gmt":"2022-02-09T16:50:00","slug":"flights-tanga-pemba-tgt-pma","status":"publish","type":"page","link":"https:\/\/tiketi.com\/fr-fr\/flights-tanga-pemba-tgt-pma\/","title":{"rendered":"Vols pas chers de Tanga \u00e0 l&#039;\u00eele de Pemba"},"content":{"rendered":"<h2>Looking for cheap airline ticket from Tanga to Pemba Island\u00a0or last minute deals?<\/h2>\n<h3>Search, compare and book cheap airline ticket from Tanga (TGT) to Pemba Island (POL)<span style=\"font-size: 16px;\">\u00a0<\/span>maintenant en ligne.<\/h3>\n<p>Book cheap flights from Tanga to Pemba Island online and save money on airfare. Pemba Island, called as the &#8220;Green island&#8221; in Arabic, is an Island forming part of the Zanzibar archipelago. Compare prices and get the lowest airfare on airline ticket from Tanga to Pemba Island through great offers on Tanga to Pemba Island flights online ticket booking.<\/p>\n<h2>Voici quelques-unes des meilleures attractions de l&#039;\u00eele de Pemba<\/h2>\n<p>In very old times, Pemba was known by Arab sailors as El Huthera, meaning the Green, on account of her lush and dense vegetation. There are more natural plantations and forests than on Zanzibar Island, and Pemba grows more cloves than her bigger sister.<\/p>\n<p>Pemba Island was captured by the Sultan of Muscat in the 17th century. He was so charmed by the Spice Island that he installed himself in Zanzibar and ruled Muscat from there. When the Western Colonial countries came to East Africa the British forced the divide of Zanzibar and Muscat then ruled the Spice Islands in the name of Sultan.<\/p>\n<p>Pemba provides today&#8217;s visitor a number of attractions adding top-class scuba diving, wonderful beaches, and a number of historical places. Ngezi Forest Reserve is a wonderful location to visit, here you can see lots of animals and other species.<\/p>\n<p>With a population of just 300,000, traveling in Pemba is like traveling in unknown area. In the countryside, villagers are eager to discuss to passers-by. In town, markets stallholders call you over and sit you down to try their special fruits, laughing hysterically at your reaction.<\/p>\n<h2>Cheap flights from\u00a0Tanga to Pemba Island\u00a0FAQs<\/h2>\n<h3>What is the excellent time to book airline ticket from Tanga to Pemba Island?<\/h3>\n<p>Generally the best to book cheap airline ticket from Tanga to Pemba Island and flight time is 2 months in advance. And the cheap days to fly are Wednesday, Tuesday, and Saturdays. Sunday is the most costly.<\/p>\n<h3>How many cheapest flights Tanga to Pemba Island?<\/h3>\n<p>There are one direct Tanga to Pemba Island flights.<\/p>\n<h3>What is the most famous airline for non-stop Tanga to Pemba Island flights?<\/h3>\n<p>Auric Air and Coastal Aviation offer nonstop\u00a0 Tanga to Pemba Island flights.<\/p>\n<h3>What is the distance between Tanga and Pemba Island?<\/h3>\n<p>The flight distance between Tanga to Pemba Island is 75km.<\/p>\n<h3>What is the Tanga to Pemba Island flights time?<\/h3>\n<p>The quickest flight time for direct flights from Tanga to pemba is twenty minutes. The average flight time is twenty minutes.<\/p>\n<h2>Tanga to Pemba Island flights tips<\/h2>\n<p>\u2022 The most famous airline for Tanga to Pemba Island flights is Auric Air.<\/p>\n<p>\u2022\u00a0The earliest flight of the day departs at 9:50. The final flight of the day departs at 15:50.<\/p>\n<p>\u2022\u00a0There are 1 airlines that offer cheap flights from Tanga to Pemba Island direct.<\/p>","protected":false},"excerpt":{"rendered":"<p>Looking for cheap airline ticket from Tanga to Pemba Island\u00a0or last minute deals? Search, compare and book cheap airline ticket from Tanga (TGT) to Pemba Island (POL)\u00a0online now. Book cheap flights from Tanga to Pemba Island online and save money on airfare. Pemba Island, called as the &#8220;Green island&#8221; in Arabic, is an Island forming [&hellip;]<\/p>\n","protected":false},"author":1,"featured_media":14041,"parent":0,"menu_order":0,"comment_status":"open","ping_status":"closed","template":"template-home-modern.php","meta":{"footnotes":""},"class_list":["post-11769","page","type-page","status-publish","has-post-thumbnail","hentry"],"yoast_head":"<!-- This site is optimized with the Yoast SEO plugin v27.3 - https:\/\/yoast.com\/product\/yoast-seo-wordpress\/ -->\n<title>Cheap Flights from\u00a0Tanga to Pemba Island<\/title>\n<meta name=\"description\" content=\"Looking for cheap flights from Tanga to Pemba Island? Search, compare and book cheap airline ticket from Tanga to Pemba Island online\" \/>\n<meta name=\"robots\" content=\"index, follow, max-snippet:-1, max-image-preview:large, max-video-preview:-1\" \/>\n<link rel=\"canonical\" href=\"https:\/\/tiketi.com\/fr-fr\/flights-tanga-pemba-tgt-pma\/\" \/>\n<meta property=\"og:locale\" content=\"fr_FR\" \/>\n<meta property=\"og:type\" content=\"article\" \/>\n<meta property=\"og:title\" content=\"Cheap Flights from\u00a0Tanga to Pemba Island\" \/>\n<meta property=\"og:description\" content=\"Looking for cheap flights from Tanga to Pemba Island? Search, compare and book cheap airline ticket from Tanga to Pemba Island online\" \/>\n<meta property=\"og:url\" content=\"https:\/\/tiketi.com\/fr-fr\/flights-tanga-pemba-tgt-pma\/\" \/>\n<meta property=\"og:site_name\" content=\"Tiketi.com\" \/>\n<meta property=\"article:publisher\" content=\"https:\/\/www.facebook.com\/TiketiCom\/\" \/>\n<meta property=\"article:modified_time\" content=\"2022-02-09T16:50:00+00:00\" \/>\n<meta property=\"og:image\" content=\"https:\/\/tiketi.com\/wp-content\/uploads\/2022\/01\/flight-ticket-booking-sorasak-KxCJXXGsv9I-unsplas.jpg\" \/>\n\t<meta property=\"og:image:width\" content=\"1200\" \/>\n\t<meta property=\"og:image:height\" content=\"240\" \/>\n\t<meta property=\"og:image:type\" content=\"image\/jpeg\" \/>\n<meta name=\"twitter:card\" content=\"summary_large_image\" \/>\n<meta name=\"twitter:label1\" content=\"Dur\u00e9e de lecture estim\u00e9e\" \/>\n\t<meta name=\"twitter:data1\" content=\"3 minutes\" \/>\n<script type=\"application\/ld+json\" class=\"yoast-schema-graph\">{\"@context\":\"https:\\\/\\\/schema.org\",\"@graph\":[{\"@type\":\"WebPage\",\"@id\":\"https:\\\/\\\/tiketi.com\\\/flights-tanga-pemba-tgt-pma\\\/\",\"url\":\"https:\\\/\\\/tiketi.com\\\/flights-tanga-pemba-tgt-pma\\\/\",\"name\":\"Cheap Flights from\u00a0Tanga to Pemba Island\",\"isPartOf\":{\"@id\":\"https:\\\/\\\/tiketi.com\\\/#website\"},\"primaryImageOfPage\":{\"@id\":\"https:\\\/\\\/tiketi.com\\\/flights-tanga-pemba-tgt-pma\\\/#primaryimage\"},\"image\":{\"@id\":\"https:\\\/\\\/tiketi.com\\\/flights-tanga-pemba-tgt-pma\\\/#primaryimage\"},\"thumbnailUrl\":\"https:\\\/\\\/tiketi.com\\\/wp-content\\\/uploads\\\/2022\\\/01\\\/flight-ticket-booking-sorasak-KxCJXXGsv9I-unsplas.jpg\",\"datePublished\":\"2022-01-19T11:55:11+00:00\",\"dateModified\":\"2022-02-09T16:50:00+00:00\",\"description\":\"Looking for cheap flights from Tanga to Pemba Island? Search, compare and book cheap airline ticket from Tanga to Pemba Island online\",\"breadcrumb\":{\"@id\":\"https:\\\/\\\/tiketi.com\\\/flights-tanga-pemba-tgt-pma\\\/#breadcrumb\"},\"inLanguage\":\"fr-FR\",\"potentialAction\":[{\"@type\":\"ReadAction\",\"target\":[\"https:\\\/\\\/tiketi.com\\\/flights-tanga-pemba-tgt-pma\\\/\"]}]},{\"@type\":\"ImageObject\",\"inLanguage\":\"fr-FR\",\"@id\":\"https:\\\/\\\/tiketi.com\\\/flights-tanga-pemba-tgt-pma\\\/#primaryimage\",\"url\":\"https:\\\/\\\/tiketi.com\\\/wp-content\\\/uploads\\\/2022\\\/01\\\/flight-ticket-booking-sorasak-KxCJXXGsv9I-unsplas.jpg\",\"contentUrl\":\"https:\\\/\\\/tiketi.com\\\/wp-content\\\/uploads\\\/2022\\\/01\\\/flight-ticket-booking-sorasak-KxCJXXGsv9I-unsplas.jpg\",\"width\":1200,\"height\":240,\"caption\":\"Online flight ticket booking\"},{\"@type\":\"BreadcrumbList\",\"@id\":\"https:\\\/\\\/tiketi.com\\\/flights-tanga-pemba-tgt-pma\\\/#breadcrumb\",\"itemListElement\":[{\"@type\":\"ListItem\",\"position\":1,\"name\":\"Home\",\"item\":\"https:\\\/\\\/tiketi.com\\\/\"},{\"@type\":\"ListItem\",\"position\":2,\"name\":\"Cheap Flights from\u00a0Tanga to Pemba Island\"}]},{\"@type\":\"WebSite\",\"@id\":\"https:\\\/\\\/tiketi.com\\\/#website\",\"url\":\"https:\\\/\\\/tiketi.com\\\/\",\"name\":\"Flight & Bus Tickets, Tour Packages & Activitites - Tiketi.com\",\"description\":\"Flight &amp; Bus Tickets, Tours, Activitites\",\"publisher\":{\"@id\":\"https:\\\/\\\/tiketi.com\\\/#organization\"},\"potentialAction\":[{\"@type\":\"SearchAction\",\"target\":{\"@type\":\"EntryPoint\",\"urlTemplate\":\"https:\\\/\\\/tiketi.com\\\/?s={search_term_string}\"},\"query-input\":{\"@type\":\"PropertyValueSpecification\",\"valueRequired\":true,\"valueName\":\"search_term_string\"}}],\"inLanguage\":\"fr-FR\"},{\"@type\":\"Organization\",\"@id\":\"https:\\\/\\\/tiketi.com\\\/#organization\",\"name\":\"Tiketi.com\",\"alternateName\":\"Tiketi\",\"url\":\"https:\\\/\\\/tiketi.com\\\/\",\"logo\":{\"@type\":\"ImageObject\",\"inLanguage\":\"fr-FR\",\"@id\":\"https:\\\/\\\/tiketi.com\\\/#\\\/schema\\\/logo\\\/image\\\/\",\"url\":\"https:\\\/\\\/tiketi.com\\\/wp-content\\\/uploads\\\/2019\\\/05\\\/tiketi-logo-696.png\",\"contentUrl\":\"https:\\\/\\\/tiketi.com\\\/wp-content\\\/uploads\\\/2019\\\/05\\\/tiketi-logo-696.png\",\"width\":696,\"height\":696,\"caption\":\"Tiketi.com\"},\"image\":{\"@id\":\"https:\\\/\\\/tiketi.com\\\/#\\\/schema\\\/logo\\\/image\\\/\"},\"sameAs\":[\"https:\\\/\\\/www.facebook.com\\\/TiketiCom\\\/\"]}]}<\/script>\n<!-- \/ Yoast SEO plugin. -->","yoast_head_json":{"title":"Vols pas chers de Tanga \u00e0 l&#039;\u00eele de Pemba","description":"Vous cherchez des vols pas chers de Tanga \u00e0 Pemba\u00a0? Comparez et r\u00e9servez en ligne des billets d&#039;avion pas chers de Tanga \u00e0 Pemba.","robots":{"index":"index","follow":"follow","max-snippet":"max-snippet:-1","max-image-preview":"max-image-preview:large","max-video-preview":"max-video-preview:-1"},"canonical":"https:\/\/tiketi.com\/fr-fr\/flights-tanga-pemba-tgt-pma\/","og_locale":"fr_FR","og_type":"article","og_title":"Cheap Flights from\u00a0Tanga to Pemba Island","og_description":"Looking for cheap flights from Tanga to Pemba Island? Search, compare and book cheap airline ticket from Tanga to Pemba Island online","og_url":"https:\/\/tiketi.com\/fr-fr\/flights-tanga-pemba-tgt-pma\/","og_site_name":"Tiketi.com","article_publisher":"https:\/\/www.facebook.com\/TiketiCom\/","article_modified_time":"2022-02-09T16:50:00+00:00","og_image":[{"width":1200,"height":240,"url":"https:\/\/tiketi.com\/wp-content\/uploads\/2022\/01\/flight-ticket-booking-sorasak-KxCJXXGsv9I-unsplas.jpg","type":"image\/jpeg"}],"twitter_card":"summary_large_image","twitter_misc":{"Dur\u00e9e de lecture estim\u00e9e":"3 minutes"},"schema":{"@context":"https:\/\/schema.org","@graph":[{"@type":"WebPage","@id":"https:\/\/tiketi.com\/flights-tanga-pemba-tgt-pma\/","url":"https:\/\/tiketi.com\/flights-tanga-pemba-tgt-pma\/","name":"Vols pas chers de Tanga \u00e0 l&#039;\u00eele de Pemba","isPartOf":{"@id":"https:\/\/tiketi.com\/#website"},"primaryImageOfPage":{"@id":"https:\/\/tiketi.com\/flights-tanga-pemba-tgt-pma\/#primaryimage"},"image":{"@id":"https:\/\/tiketi.com\/flights-tanga-pemba-tgt-pma\/#primaryimage"},"thumbnailUrl":"https:\/\/tiketi.com\/wp-content\/uploads\/2022\/01\/flight-ticket-booking-sorasak-KxCJXXGsv9I-unsplas.jpg","datePublished":"2022-01-19T11:55:11+00:00","dateModified":"2022-02-09T16:50:00+00:00","description":"Vous cherchez des vols pas chers de Tanga \u00e0 Pemba\u00a0? Comparez et r\u00e9servez en ligne des billets d&#039;avion pas chers de Tanga \u00e0 Pemba.","breadcrumb":{"@id":"https:\/\/tiketi.com\/flights-tanga-pemba-tgt-pma\/#breadcrumb"},"inLanguage":"fr-FR","potentialAction":[{"@type":"ReadAction","target":["https:\/\/tiketi.com\/flights-tanga-pemba-tgt-pma\/"]}]},{"@type":"ImageObject","inLanguage":"fr-FR","@id":"https:\/\/tiketi.com\/flights-tanga-pemba-tgt-pma\/#primaryimage","url":"https:\/\/tiketi.com\/wp-content\/uploads\/2022\/01\/flight-ticket-booking-sorasak-KxCJXXGsv9I-unsplas.jpg","contentUrl":"https:\/\/tiketi.com\/wp-content\/uploads\/2022\/01\/flight-ticket-booking-sorasak-KxCJXXGsv9I-unsplas.jpg","width":1200,"height":240,"caption":"Online flight ticket booking"},{"@type":"BreadcrumbList","@id":"https:\/\/tiketi.com\/flights-tanga-pemba-tgt-pma\/#breadcrumb","itemListElement":[{"@type":"ListItem","position":1,"name":"Home","item":"https:\/\/tiketi.com\/"},{"@type":"ListItem","position":2,"name":"Cheap Flights from\u00a0Tanga to Pemba Island"}]},{"@type":"WebSite","@id":"https:\/\/tiketi.com\/#website","url":"https:\/\/tiketi.com\/","name":"Billets d&#039;avion et de bus, forfaits touristiques et activit\u00e9s - Tiketi.com","description":"Billets d&#039;avion et de bus, Tours, Activit\u00e9s","publisher":{"@id":"https:\/\/tiketi.com\/#organization"},"potentialAction":[{"@type":"SearchAction","target":{"@type":"EntryPoint","urlTemplate":"https:\/\/tiketi.com\/?s={search_term_string}"},"query-input":{"@type":"PropertyValueSpecification","valueRequired":true,"valueName":"search_term_string"}}],"inLanguage":"fr-FR"},{"@type":"Organization","@id":"https:\/\/tiketi.com\/#organization","name":"Tiketi.com","alternateName":"Tiketi","url":"https:\/\/tiketi.com\/","logo":{"@type":"ImageObject","inLanguage":"fr-FR","@id":"https:\/\/tiketi.com\/#\/schema\/logo\/image\/","url":"https:\/\/tiketi.com\/wp-content\/uploads\/2019\/05\/tiketi-logo-696.png","contentUrl":"https:\/\/tiketi.com\/wp-content\/uploads\/2019\/05\/tiketi-logo-696.png","width":696,"height":696,"caption":"Tiketi.com"},"image":{"@id":"https:\/\/tiketi.com\/#\/schema\/logo\/image\/"},"sameAs":["https:\/\/www.facebook.com\/TiketiCom\/"]}]}},"_links":{"self":[{"href":"https:\/\/tiketi.com\/fr-fr\/wp-json\/wp\/v2\/pages\/11769","targetHints":{"allow":["GET"]}}],"collection":[{"href":"https:\/\/tiketi.com\/fr-fr\/wp-json\/wp\/v2\/pages"}],"about":[{"href":"https:\/\/tiketi.com\/fr-fr\/wp-json\/wp\/v2\/types\/page"}],"author":[{"embeddable":true,"href":"https:\/\/tiketi.com\/fr-fr\/wp-json\/wp\/v2\/users\/1"}],"replies":[{"embeddable":true,"href":"https:\/\/tiketi.com\/fr-fr\/wp-json\/wp\/v2\/comments?post=11769"}],"version-history":[{"count":0,"href":"https:\/\/tiketi.com\/fr-fr\/wp-json\/wp\/v2\/pages\/11769\/revisions"}],"wp:featuredmedia":[{"embeddable":true,"href":"https:\/\/tiketi.com\/fr-fr\/wp-json\/wp\/v2\/media\/14041"}],"wp:attachment":[{"href":"https:\/\/tiketi.com\/fr-fr\/wp-json\/wp\/v2\/media?parent=11769"}],"curies":[{"name":"wp","href":"https:\/\/api.w.org\/{rel}","templated":true}]}}