{"id":11770,"date":"2022-01-19T12:55:11","date_gmt":"2022-01-19T11:55:11","guid":{"rendered":"https:\/\/new.tiketi.com\/cheap-flights-from-pemba-island-to-tanga\/"},"modified":"2022-02-09T16:48:54","modified_gmt":"2022-02-09T15:48:54","slug":"flights-pemba-tanga-pma-tgt","status":"publish","type":"page","link":"https:\/\/tiketi.com\/fr-fr\/flights-pemba-tanga-pma-tgt\/","title":{"rendered":"Vols \u00e0 bas prix de Pemba \u00e0 Tanga"},"content":{"rendered":"<h2>Vous recherchez un billet d&#039;avion pas cher Pemba Island vers Tanga ou des offres de derni\u00e8re minute ?<\/h2>\n<h3>Recherchez, comparez et r\u00e9servez un billet d&#039;avion pas cher entre Pemba (PMA) et Tanga (TGT)<span style=\"font-size: 16px;\">\u00a0<\/span>maintenant en ligne.<\/h3>\n<p>R\u00e9servez en ligne des vols \u00e0 bas prix de Pemba Island \u00e0 Tanga et \u00e9conomisez de l&#039;argent sur les billets d&#039;avion. Tanga, le deuxi\u00e8me plus grand port maritime de Tanzanie apr\u00e8s Dar es Salaam, est situ\u00e9 sur la partie nord de la c\u00f4te tanzanienne, pr\u00e8s de la fronti\u00e8re avec le Kenya. La ville est un c\u0153ur pour l&#039;importation, l&#039;exportation et le commerce maritime. Tanga m\u00e9rite une visite, si vous voulez voir le march\u00e9 aux poissons, l&#039;une des plages programm\u00e9es sur la c\u00f4te nord ou si vous voulez voyager du port \u00e0 l&#039;\u00eele de Pemba. Vous devriez visiter Tanga gr\u00e2ce \u00e0 des offres exceptionnelles sur les billets d&#039;avion de l&#039;\u00eele de Pemba \u00e0 Tanga. Comparez les prix et obtenez le tarif le plus bas sur les billets d&#039;avion de Pemba \u00e0 Tanga gr\u00e2ce \u00e0 des offres exceptionnelles sur la r\u00e9servation de billets en ligne de vols de Pemba \u00e0 Tanga.<\/p>\n<h2>Voici quelques-unes des meilleures attractions de Tanga<\/h2>\n<h3>Moshi<\/h3>\n<p>Moshi est une ville du nord de la Tanzanie, situ\u00e9e sur les pentes du mont Kilimandjaro. Moshi est le point de d\u00e9part de toutes les ascensions du Kilimandjaro et est \u00e9galement id\u00e9alement plac\u00e9 pour rejoindre tous les parcs nationaux du nord de la Tanzanie.<\/p>\n<p>La r\u00e9gion de Moshi est un important producteur de haricots et de ma\u00efs. La r\u00e9colte se fait une fois par an apr\u00e8s la saison des pluies. Dans les pentes sup\u00e9rieures de la montagne poussent du caf\u00e9 et des bananes.<\/p>\n<h3>Parc National de Sa\u00e2dani<\/h3>\n<p>Aventurez-vous dans la maison des animaux sauvages du parc national de Saadani, o\u00f9 les buffles, les girafes et les lions ne repr\u00e9sentent qu&#039;une partie de ce que vous pouvez voir. Roulez le long d&#039;une route qui passe par les habitats des animaux et saisissez l&#039;occasion de prendre une photo ou deux des cr\u00e9atures \u00e9l\u00e9gantes. Ceux qui ont les yeux plus per\u00e7ants verront \u00e9galement de petits animaux, comme des porcs-\u00e9pics.<\/p>\n<h2>FAQ sur les vols pas chers Pemba Island - Tanga<\/h2>\n<h3>Quelle est la distance de vol entre Pemba et Tanga?<\/h3>\n<p>La distance de vol entre Pemba et Tanga est de 75km.<\/p>\n<h3>Combien d&#039;avions op\u00e8rent les vols Pemba vers Tanga les moins chers ?<\/h3>\n<p>Une compagnie a\u00e9rienne propose des vols directs entre l&#039;\u00eele de Pemba et Tanga.<\/p>\n<h3>Quel est le nom de la compagnie a\u00e9rienne la plus connue pour voyager de l&#039;\u00eele de Pemba \u00e0 Tanga en Tanzanie ?<\/h3>\n<p>La compagnie a\u00e9rienne la plus c\u00e9l\u00e8bre proposant des billets d&#039;avion pas chers de l&#039;\u00eele de Pemba \u00e0 Tanga est Auric Air.<\/p>\n<h2>Conseils de vol de Pemba \u00e0 Tanga<\/h2>\n<p>Le vol de l&#039;a\u00e9roport de Pemba Island \u00e0 la ville de Tanga, quelque 78 \u00e0 75 km presque plein nord prend entre vingt minutes au d\u00e9part sur l&#039;avion utilis\u00e9. Tanga est l&#039;une des plus grandes villes de Tanzanie avec plus de 220 000 habitants. C&#039;est la capitale de la r\u00e9gion de Tanga, limitrophe du Kenya.<\/p>\n<p>\u2022 Il y a des vols r\u00e9guliers entre l&#039;\u00eele de Pemba et Tanga avec Auric Air.<\/p>\n<p>\u2022 Le temps de vol le plus rapide pour un vol direct de l&#039;\u00eele de Pemba \u00e0 Tanga est de vingt minutes. La dur\u00e9e moyenne d&#039;un vol entre Pemba Island et Tanga est de vingt minutes.<\/p>\n<p>\u2022 Les premiers vols de l&#039;\u00eele de Pemba \u00e0 Tanga de la journ\u00e9e partent \u00e0 9h45. Le dernier vol de la journ\u00e9e part \u00e0 15h50.<\/p>","protected":false},"excerpt":{"rendered":"<p>Looking for cheap airline ticket from Pemba Island to Tanga\u00a0or last minute deals? Search, compare and book cheap airline ticket from Pemba Island (PMA) to Tanga (TGT)\u00a0online now. Book cheap flights from Pemba Island to Tanga online and save money on airfare. Tanga, Tanzania&#8217;s second biggest seaport after Dar es Salaam, is placed on the [&hellip;]<\/p>\n","protected":false},"author":1,"featured_media":14041,"parent":0,"menu_order":0,"comment_status":"open","ping_status":"closed","template":"template-home-modern.php","meta":{"footnotes":""},"class_list":["post-11770","page","type-page","status-publish","has-post-thumbnail","hentry"],"yoast_head":"<!-- This site is optimized with the Yoast SEO plugin v27.3 - https:\/\/yoast.com\/product\/yoast-seo-wordpress\/ -->\n<title>Cheap Flights from\u00a0Pemba Island to Tanga<\/title>\n<meta name=\"description\" content=\"Looking for cheap flights from Pemba Island to Tanga? Search, compare and book cheap airline ticket from Pemba Island to Tanga online\" \/>\n<meta name=\"robots\" content=\"index, follow, max-snippet:-1, max-image-preview:large, max-video-preview:-1\" \/>\n<link rel=\"canonical\" href=\"https:\/\/tiketi.com\/fr-fr\/flights-pemba-tanga-pma-tgt\/\" \/>\n<meta property=\"og:locale\" content=\"fr_FR\" \/>\n<meta property=\"og:type\" content=\"article\" \/>\n<meta property=\"og:title\" content=\"Cheap Flights from\u00a0Pemba Island to Tanga\" \/>\n<meta property=\"og:description\" content=\"Looking for cheap flights from Pemba Island to Tanga? Search, compare and book cheap airline ticket from Pemba Island to Tanga online\" \/>\n<meta property=\"og:url\" content=\"https:\/\/tiketi.com\/fr-fr\/flights-pemba-tanga-pma-tgt\/\" \/>\n<meta property=\"og:site_name\" content=\"Tiketi.com\" \/>\n<meta property=\"article:publisher\" content=\"https:\/\/www.facebook.com\/TiketiCom\/\" \/>\n<meta property=\"article:modified_time\" content=\"2022-02-09T15:48:54+00:00\" \/>\n<meta property=\"og:image\" content=\"https:\/\/tiketi.com\/wp-content\/uploads\/2022\/01\/flight-ticket-booking-sorasak-KxCJXXGsv9I-unsplas.jpg\" \/>\n\t<meta property=\"og:image:width\" content=\"1200\" \/>\n\t<meta property=\"og:image:height\" content=\"240\" \/>\n\t<meta property=\"og:image:type\" content=\"image\/jpeg\" \/>\n<meta name=\"twitter:card\" content=\"summary_large_image\" \/>\n<meta name=\"twitter:label1\" content=\"Dur\u00e9e de lecture estim\u00e9e\" \/>\n\t<meta name=\"twitter:data1\" content=\"3 minutes\" \/>\n<script type=\"application\/ld+json\" class=\"yoast-schema-graph\">{\"@context\":\"https:\\\/\\\/schema.org\",\"@graph\":[{\"@type\":\"WebPage\",\"@id\":\"https:\\\/\\\/tiketi.com\\\/flights-pemba-tanga-pma-tgt\\\/\",\"url\":\"https:\\\/\\\/tiketi.com\\\/flights-pemba-tanga-pma-tgt\\\/\",\"name\":\"Cheap Flights from\u00a0Pemba Island to Tanga\",\"isPartOf\":{\"@id\":\"https:\\\/\\\/tiketi.com\\\/#website\"},\"primaryImageOfPage\":{\"@id\":\"https:\\\/\\\/tiketi.com\\\/flights-pemba-tanga-pma-tgt\\\/#primaryimage\"},\"image\":{\"@id\":\"https:\\\/\\\/tiketi.com\\\/flights-pemba-tanga-pma-tgt\\\/#primaryimage\"},\"thumbnailUrl\":\"https:\\\/\\\/tiketi.com\\\/wp-content\\\/uploads\\\/2022\\\/01\\\/flight-ticket-booking-sorasak-KxCJXXGsv9I-unsplas.jpg\",\"datePublished\":\"2022-01-19T11:55:11+00:00\",\"dateModified\":\"2022-02-09T15:48:54+00:00\",\"description\":\"Looking for cheap flights from Pemba Island to Tanga? Search, compare and book cheap airline ticket from Pemba Island to Tanga online\",\"breadcrumb\":{\"@id\":\"https:\\\/\\\/tiketi.com\\\/flights-pemba-tanga-pma-tgt\\\/#breadcrumb\"},\"inLanguage\":\"fr-FR\",\"potentialAction\":[{\"@type\":\"ReadAction\",\"target\":[\"https:\\\/\\\/tiketi.com\\\/flights-pemba-tanga-pma-tgt\\\/\"]}]},{\"@type\":\"ImageObject\",\"inLanguage\":\"fr-FR\",\"@id\":\"https:\\\/\\\/tiketi.com\\\/flights-pemba-tanga-pma-tgt\\\/#primaryimage\",\"url\":\"https:\\\/\\\/tiketi.com\\\/wp-content\\\/uploads\\\/2022\\\/01\\\/flight-ticket-booking-sorasak-KxCJXXGsv9I-unsplas.jpg\",\"contentUrl\":\"https:\\\/\\\/tiketi.com\\\/wp-content\\\/uploads\\\/2022\\\/01\\\/flight-ticket-booking-sorasak-KxCJXXGsv9I-unsplas.jpg\",\"width\":1200,\"height\":240,\"caption\":\"Online flight ticket booking\"},{\"@type\":\"BreadcrumbList\",\"@id\":\"https:\\\/\\\/tiketi.com\\\/flights-pemba-tanga-pma-tgt\\\/#breadcrumb\",\"itemListElement\":[{\"@type\":\"ListItem\",\"position\":1,\"name\":\"Home\",\"item\":\"https:\\\/\\\/tiketi.com\\\/\"},{\"@type\":\"ListItem\",\"position\":2,\"name\":\"Cheap Flights from\u00a0Pemba Island to Tanga\"}]},{\"@type\":\"WebSite\",\"@id\":\"https:\\\/\\\/tiketi.com\\\/#website\",\"url\":\"https:\\\/\\\/tiketi.com\\\/\",\"name\":\"Flight & Bus Tickets, Tour Packages & Activitites - Tiketi.com\",\"description\":\"Flight &amp; Bus Tickets, Tours, Activitites\",\"publisher\":{\"@id\":\"https:\\\/\\\/tiketi.com\\\/#organization\"},\"potentialAction\":[{\"@type\":\"SearchAction\",\"target\":{\"@type\":\"EntryPoint\",\"urlTemplate\":\"https:\\\/\\\/tiketi.com\\\/?s={search_term_string}\"},\"query-input\":{\"@type\":\"PropertyValueSpecification\",\"valueRequired\":true,\"valueName\":\"search_term_string\"}}],\"inLanguage\":\"fr-FR\"},{\"@type\":\"Organization\",\"@id\":\"https:\\\/\\\/tiketi.com\\\/#organization\",\"name\":\"Tiketi.com\",\"alternateName\":\"Tiketi\",\"url\":\"https:\\\/\\\/tiketi.com\\\/\",\"logo\":{\"@type\":\"ImageObject\",\"inLanguage\":\"fr-FR\",\"@id\":\"https:\\\/\\\/tiketi.com\\\/#\\\/schema\\\/logo\\\/image\\\/\",\"url\":\"https:\\\/\\\/tiketi.com\\\/wp-content\\\/uploads\\\/2019\\\/05\\\/tiketi-logo-696.png\",\"contentUrl\":\"https:\\\/\\\/tiketi.com\\\/wp-content\\\/uploads\\\/2019\\\/05\\\/tiketi-logo-696.png\",\"width\":696,\"height\":696,\"caption\":\"Tiketi.com\"},\"image\":{\"@id\":\"https:\\\/\\\/tiketi.com\\\/#\\\/schema\\\/logo\\\/image\\\/\"},\"sameAs\":[\"https:\\\/\\\/www.facebook.com\\\/TiketiCom\\\/\"]}]}<\/script>\n<!-- \/ Yoast SEO plugin. -->","yoast_head_json":{"title":"Vols \u00e0 bas prix de Pemba \u00e0 Tanga","description":"Vous \u00eates \u00e0 la recherche de vols \u00e0 bas prix de Pemba vers Tanga ? Recherchez, comparez et r\u00e9servez en ligne un billet d&#039;avion pas cher de Pemba Island \u00e0 Tanga","robots":{"index":"index","follow":"follow","max-snippet":"max-snippet:-1","max-image-preview":"max-image-preview:large","max-video-preview":"max-video-preview:-1"},"canonical":"https:\/\/tiketi.com\/fr-fr\/flights-pemba-tanga-pma-tgt\/","og_locale":"fr_FR","og_type":"article","og_title":"Cheap Flights from\u00a0Pemba Island to Tanga","og_description":"Looking for cheap flights from Pemba Island to Tanga? Search, compare and book cheap airline ticket from Pemba Island to Tanga online","og_url":"https:\/\/tiketi.com\/fr-fr\/flights-pemba-tanga-pma-tgt\/","og_site_name":"Tiketi.com","article_publisher":"https:\/\/www.facebook.com\/TiketiCom\/","article_modified_time":"2022-02-09T15:48:54+00:00","og_image":[{"width":1200,"height":240,"url":"https:\/\/tiketi.com\/wp-content\/uploads\/2022\/01\/flight-ticket-booking-sorasak-KxCJXXGsv9I-unsplas.jpg","type":"image\/jpeg"}],"twitter_card":"summary_large_image","twitter_misc":{"Dur\u00e9e de lecture estim\u00e9e":"3 minutes"},"schema":{"@context":"https:\/\/schema.org","@graph":[{"@type":"WebPage","@id":"https:\/\/tiketi.com\/flights-pemba-tanga-pma-tgt\/","url":"https:\/\/tiketi.com\/flights-pemba-tanga-pma-tgt\/","name":"Vols \u00e0 bas prix de Pemba \u00e0 Tanga","isPartOf":{"@id":"https:\/\/tiketi.com\/#website"},"primaryImageOfPage":{"@id":"https:\/\/tiketi.com\/flights-pemba-tanga-pma-tgt\/#primaryimage"},"image":{"@id":"https:\/\/tiketi.com\/flights-pemba-tanga-pma-tgt\/#primaryimage"},"thumbnailUrl":"https:\/\/tiketi.com\/wp-content\/uploads\/2022\/01\/flight-ticket-booking-sorasak-KxCJXXGsv9I-unsplas.jpg","datePublished":"2022-01-19T11:55:11+00:00","dateModified":"2022-02-09T15:48:54+00:00","description":"Vous \u00eates \u00e0 la recherche de vols \u00e0 bas prix de Pemba vers Tanga ? Recherchez, comparez et r\u00e9servez en ligne un billet d&#039;avion pas cher de Pemba Island \u00e0 Tanga","breadcrumb":{"@id":"https:\/\/tiketi.com\/flights-pemba-tanga-pma-tgt\/#breadcrumb"},"inLanguage":"fr-FR","potentialAction":[{"@type":"ReadAction","target":["https:\/\/tiketi.com\/flights-pemba-tanga-pma-tgt\/"]}]},{"@type":"ImageObject","inLanguage":"fr-FR","@id":"https:\/\/tiketi.com\/flights-pemba-tanga-pma-tgt\/#primaryimage","url":"https:\/\/tiketi.com\/wp-content\/uploads\/2022\/01\/flight-ticket-booking-sorasak-KxCJXXGsv9I-unsplas.jpg","contentUrl":"https:\/\/tiketi.com\/wp-content\/uploads\/2022\/01\/flight-ticket-booking-sorasak-KxCJXXGsv9I-unsplas.jpg","width":1200,"height":240,"caption":"Online flight ticket booking"},{"@type":"BreadcrumbList","@id":"https:\/\/tiketi.com\/flights-pemba-tanga-pma-tgt\/#breadcrumb","itemListElement":[{"@type":"ListItem","position":1,"name":"Home","item":"https:\/\/tiketi.com\/"},{"@type":"ListItem","position":2,"name":"Cheap Flights from\u00a0Pemba Island to Tanga"}]},{"@type":"WebSite","@id":"https:\/\/tiketi.com\/#website","url":"https:\/\/tiketi.com\/","name":"Billets d&#039;avion et de bus, forfaits touristiques et activit\u00e9s - Tiketi.com","description":"Billets d&#039;avion et de bus, Tours, Activit\u00e9s","publisher":{"@id":"https:\/\/tiketi.com\/#organization"},"potentialAction":[{"@type":"SearchAction","target":{"@type":"EntryPoint","urlTemplate":"https:\/\/tiketi.com\/?s={search_term_string}"},"query-input":{"@type":"PropertyValueSpecification","valueRequired":true,"valueName":"search_term_string"}}],"inLanguage":"fr-FR"},{"@type":"Organization","@id":"https:\/\/tiketi.com\/#organization","name":"Tiketi.com","alternateName":"Tiketi","url":"https:\/\/tiketi.com\/","logo":{"@type":"ImageObject","inLanguage":"fr-FR","@id":"https:\/\/tiketi.com\/#\/schema\/logo\/image\/","url":"https:\/\/tiketi.com\/wp-content\/uploads\/2019\/05\/tiketi-logo-696.png","contentUrl":"https:\/\/tiketi.com\/wp-content\/uploads\/2019\/05\/tiketi-logo-696.png","width":696,"height":696,"caption":"Tiketi.com"},"image":{"@id":"https:\/\/tiketi.com\/#\/schema\/logo\/image\/"},"sameAs":["https:\/\/www.facebook.com\/TiketiCom\/"]}]}},"_links":{"self":[{"href":"https:\/\/tiketi.com\/fr-fr\/wp-json\/wp\/v2\/pages\/11770","targetHints":{"allow":["GET"]}}],"collection":[{"href":"https:\/\/tiketi.com\/fr-fr\/wp-json\/wp\/v2\/pages"}],"about":[{"href":"https:\/\/tiketi.com\/fr-fr\/wp-json\/wp\/v2\/types\/page"}],"author":[{"embeddable":true,"href":"https:\/\/tiketi.com\/fr-fr\/wp-json\/wp\/v2\/users\/1"}],"replies":[{"embeddable":true,"href":"https:\/\/tiketi.com\/fr-fr\/wp-json\/wp\/v2\/comments?post=11770"}],"version-history":[{"count":0,"href":"https:\/\/tiketi.com\/fr-fr\/wp-json\/wp\/v2\/pages\/11770\/revisions"}],"wp:featuredmedia":[{"embeddable":true,"href":"https:\/\/tiketi.com\/fr-fr\/wp-json\/wp\/v2\/media\/14041"}],"wp:attachment":[{"href":"https:\/\/tiketi.com\/fr-fr\/wp-json\/wp\/v2\/media?parent=11770"}],"curies":[{"name":"wp","href":"https:\/\/api.w.org\/{rel}","templated":true}]}}