{"id":11771,"date":"2022-01-19T12:55:11","date_gmt":"2022-01-19T11:55:11","guid":{"rendered":"https:\/\/new.tiketi.com\/cheap-flights-from-pemba-island-to-dar-es-salaam\/"},"modified":"2022-02-09T16:52:24","modified_gmt":"2022-02-09T15:52:24","slug":"flights-pemba-dar-es-salaam-pma-dar","status":"publish","type":"page","link":"https:\/\/tiketi.com\/fr-fr\/flights-pemba-dar-es-salaam-pma-dar\/","title":{"rendered":"Vols \u00e0 bas prix de Pemba \u00e0 Dar es Salam"},"content":{"rendered":"<h2>Vous recherchez un billet d&#039;avion pas cher Pemba Island vers Dar es Salam ou des offres de derni\u00e8re minute ?<\/h2>\n<h3>Recherchez, comparez et r\u00e9servez un billet d&#039;avion pas cher entre Pemba Island (PMA) et Dar es Salaam (DAR)<span style=\"font-size: 16px;\">\u00a0<\/span>maintenant en ligne.<\/h3>\n<p>R\u00e9servez en ligne des vols \u00e0 bas prix de Pemba Island \u00e0 Dar es Salam et \u00e9conomisez de l&#039;argent sur les billets d&#039;avion. La Tanzanie est c\u00e9l\u00e8bre pour ses paysages magnifiques et sa population animale diversifi\u00e9e. Selon l&#039;Office du tourisme de Tanzanie, la Tanzanie compte plus d&#039;animaux sauvages au kilom\u00e8tre carr\u00e9 que tout autre pays d&#039;Afrique, pourquoi ne pas faire un voyage dans la nature avec un safari domestique ? Comparez les prix et obtenez le tarif le plus bas sur les billets d&#039;avion de Pemba \u00e0 Dar es Salaam gr\u00e2ce \u00e0 des offres exceptionnelles sur la r\u00e9servation de billets en ligne de vols de Pemba \u00e0 Dar es Salaam.<\/p>\n<h2>Voici quelques-unes des meilleures attractions de Dar es Salaam<\/h2>\n<h3>Parc national des monts Udzungwa<\/h3>\n<p>Ce parc offre de charmantes promenades \u00e0 travers l&#039;\u00e9paisse for\u00eat verte bord\u00e9e de magnifiques cascades. L&#039;une des randonn\u00e9es les plus c\u00e9l\u00e8bres est la randonn\u00e9e de 170 m\u00e8tres de la cascade de Sanje, mais pr\u00e9parez beaucoup d&#039;eau et de collations car cela prendra une demi-journ\u00e9e. Pour rendre cette promenade encore plus remarquable, des oiseaux rares, des singes et de charmants papillons font fr\u00e9quemment des apparitions le long du sentier.<\/p>\n<h3>Mus\u00e9e Villageois<\/h3>\n<p>Avec une approche plus pratique, le mus\u00e9e du village offre aux familles un aper\u00e7u des maisons traditionnelles tanzaniennes. Chaque maison contient des objets historiques et le village montre aux visiteurs comment tisser, faire de la poterie et faire des sculptures, une exp\u00e9rience unique pour toute famille.<\/p>\n<h3>Ville amusante<\/h3>\n<p>Fun City est un parc d&#039;attractions qui propose des attractions pour plaire \u00e0 toute la famille. Qu&#039;il s&#039;agisse de s&#039;aventurer dans le parc sec, de grandes roues et de montagnes russes, ou de se rafra\u00eechir en faisant une course blanche sur un toboggan aquatique ou en d\u00e9fiant votre famille \u00e0 un match de basket, votre journ\u00e9e passera rapidement \u00e0 Fun City.<\/p>\n<h2>FAQ sur les vols pas chers de Pemba Island \u00e0 Dar es Salam<\/h2>\n<h3>Quelle est la distance entre Pemba Island et Dar es Salaam ?<\/h3>\n<p>La distance des vols de l&#039;\u00eele de Pemba \u00e0 Dar es Salaam est de 693 kilom\u00e8tres.<\/p>\n<h3>Quelle est la dur\u00e9e du vol de Dar es Salaam \u00e0 Pemba Island ?<\/h3>\n<p>Le temps de vol commun entre l&#039;\u00eele de Pemba et Dar es Salaam est d&#039;une heure et dix minutes.<\/p>\n<h3>Quelle est la fr\u00e9quence des vols directs de Pemba \u00e0 Dar es Salaam ?<\/h3>\n<p>Il y a trois vols directs entre l&#039;\u00eele de Pemba et Dar es Salaam.<\/p>\n<h3>Quelles sont les compagnies a\u00e9riennes les plus c\u00e9l\u00e8bres de Pemba Island pour les billets d&#039;avion directs pas chers de Pemba Island \u00e0 Dar es Salaam ?<\/h3>\n<p>Auric Air, Hahn Air, Coastal Aviation assure cent pour cent des vols sans escale entre l&#039;\u00eele de Pemba et Dar es Salaam.<\/p>\n<h2>Conseils sur les vols de Pemba \u00e0 Dar es Salaam<\/h2>\n<p>\u2022 Pemba, est \u00e0 432 milles de Dar es Salaam.<\/p>\n<p>\u2022 Il y a deux vols hebdomadaires de Pemba \u00e0 Dar es Salaam.<\/p>\n<p>\u2022 Deux vols sans escale op\u00e8rent de Pemba \u00e0 Dar es Salaam.<\/p>\n<p>\u2022 Kenya Airways a le billet d&#039;avion le moins cher sans escale de l&#039;\u00eele de Pemba \u00e0 Dar es Salaam.<\/p>\n<p>\u2022 Johannesburg, Afrique du Sud \u2013 OR Tambo International est le lien le plus c\u00e9l\u00e8bre pour les vols \u00e0 un arr\u00eat entre l&#039;\u00eele de Pemba et Dar es Salaam.<\/p>","protected":false},"excerpt":{"rendered":"<p>Looking for cheap airline ticket from Pemba Island to Dar es Salaam\u00a0or last minute deals? Search, compare and book cheap airline ticket from Pemba Island (PMA) to Dar es Salaam (DAR)\u00a0online now. Book cheap flights from Pemba Island to Dar es Salaam online and save money on airfare. Tanzania is famous for its wonderful landscape [&hellip;]<\/p>\n","protected":false},"author":1,"featured_media":0,"parent":0,"menu_order":0,"comment_status":"open","ping_status":"closed","template":"template-home-modern.php","meta":{"footnotes":""},"class_list":["post-11771","page","type-page","status-publish","has-post-thumbnail","hentry"],"yoast_head":"<!-- This site is optimized with the Yoast SEO plugin v27.4 - https:\/\/yoast.com\/product\/yoast-seo-wordpress\/ -->\n<title>Cheap Flights from\u00a0Pemba Island to Dar es Salaam<\/title>\n<meta name=\"description\" content=\"Looking for cheap flights from Pemba Island to Dar es Salaam? Compare and book cheap airline ticket from Pemba Island to Dar es Salaam online\" \/>\n<meta name=\"robots\" content=\"index, follow, max-snippet:-1, max-image-preview:large, max-video-preview:-1\" \/>\n<link rel=\"canonical\" href=\"https:\/\/tiketi.com\/fr-fr\/flights-pemba-dar-es-salaam-pma-dar\/\" \/>\n<meta property=\"og:locale\" content=\"fr_FR\" \/>\n<meta property=\"og:type\" content=\"article\" \/>\n<meta property=\"og:title\" content=\"Cheap Flights from\u00a0Pemba Island to Dar es Salaam\" \/>\n<meta property=\"og:description\" content=\"Looking for cheap flights from Pemba Island to Dar es Salaam? Compare and book cheap airline ticket from Pemba Island to Dar es Salaam online\" \/>\n<meta property=\"og:url\" content=\"https:\/\/tiketi.com\/fr-fr\/flights-pemba-dar-es-salaam-pma-dar\/\" \/>\n<meta property=\"og:site_name\" content=\"Tiketi.com\" \/>\n<meta property=\"article:publisher\" content=\"https:\/\/www.facebook.com\/TiketiCom\/\" \/>\n<meta property=\"article:modified_time\" content=\"2022-02-09T15:52:24+00:00\" \/>\n<meta name=\"twitter:card\" content=\"summary_large_image\" \/>\n<meta name=\"twitter:label1\" content=\"Dur\u00e9e de lecture estim\u00e9e\" \/>\n\t<meta name=\"twitter:data1\" content=\"3 minutes\" \/>\n<script type=\"application\/ld+json\" class=\"yoast-schema-graph\">{\"@context\":\"https:\\\/\\\/schema.org\",\"@graph\":[{\"@type\":\"WebPage\",\"@id\":\"https:\\\/\\\/tiketi.com\\\/fr-fr\\\/flights-pemba-dar-es-salaam-pma-dar\\\/\",\"url\":\"https:\\\/\\\/tiketi.com\\\/fr-fr\\\/flights-pemba-dar-es-salaam-pma-dar\\\/\",\"name\":\"Cheap Flights from\u00a0Pemba Island to Dar es Salaam\",\"isPartOf\":{\"@id\":\"https:\\\/\\\/tiketi.com\\\/#website\"},\"datePublished\":\"2022-01-19T11:55:11+00:00\",\"dateModified\":\"2022-02-09T15:52:24+00:00\",\"description\":\"Looking for cheap flights from Pemba Island to Dar es Salaam? Compare and book cheap airline ticket from Pemba Island to Dar es Salaam online\",\"breadcrumb\":{\"@id\":\"https:\\\/\\\/tiketi.com\\\/fr-fr\\\/flights-pemba-dar-es-salaam-pma-dar\\\/#breadcrumb\"},\"inLanguage\":\"fr-FR\",\"potentialAction\":[{\"@type\":\"ReadAction\",\"target\":[\"https:\\\/\\\/tiketi.com\\\/fr-fr\\\/flights-pemba-dar-es-salaam-pma-dar\\\/\"]}]},{\"@type\":\"BreadcrumbList\",\"@id\":\"https:\\\/\\\/tiketi.com\\\/fr-fr\\\/flights-pemba-dar-es-salaam-pma-dar\\\/#breadcrumb\",\"itemListElement\":[{\"@type\":\"ListItem\",\"position\":1,\"name\":\"Home\",\"item\":\"https:\\\/\\\/tiketi.com\\\/\"},{\"@type\":\"ListItem\",\"position\":2,\"name\":\"Cheap Flights from\u00a0Pemba Island to Dar es Salaam\"}]},{\"@type\":\"WebSite\",\"@id\":\"https:\\\/\\\/tiketi.com\\\/#website\",\"url\":\"https:\\\/\\\/tiketi.com\\\/\",\"name\":\"Flight & Bus Tickets, Tour Packages & Activitites - Tiketi.com\",\"description\":\"Flight &amp; Bus Tickets, Tours, Activitites\",\"publisher\":{\"@id\":\"https:\\\/\\\/tiketi.com\\\/#organization\"},\"potentialAction\":[{\"@type\":\"SearchAction\",\"target\":{\"@type\":\"EntryPoint\",\"urlTemplate\":\"https:\\\/\\\/tiketi.com\\\/?s={search_term_string}\"},\"query-input\":{\"@type\":\"PropertyValueSpecification\",\"valueRequired\":true,\"valueName\":\"search_term_string\"}}],\"inLanguage\":\"fr-FR\"},{\"@type\":\"Organization\",\"@id\":\"https:\\\/\\\/tiketi.com\\\/#organization\",\"name\":\"Tiketi.com\",\"alternateName\":\"Tiketi\",\"url\":\"https:\\\/\\\/tiketi.com\\\/\",\"logo\":{\"@type\":\"ImageObject\",\"inLanguage\":\"fr-FR\",\"@id\":\"https:\\\/\\\/tiketi.com\\\/#\\\/schema\\\/logo\\\/image\\\/\",\"url\":\"https:\\\/\\\/tiketi.com\\\/wp-content\\\/uploads\\\/2019\\\/05\\\/tiketi-logo-696.png\",\"contentUrl\":\"https:\\\/\\\/tiketi.com\\\/wp-content\\\/uploads\\\/2019\\\/05\\\/tiketi-logo-696.png\",\"width\":696,\"height\":696,\"caption\":\"Tiketi.com\"},\"image\":{\"@id\":\"https:\\\/\\\/tiketi.com\\\/#\\\/schema\\\/logo\\\/image\\\/\"},\"sameAs\":[\"https:\\\/\\\/www.facebook.com\\\/TiketiCom\\\/\"]}]}<\/script>\n<!-- \/ Yoast SEO plugin. -->","yoast_head_json":{"title":"Vols \u00e0 bas prix de Pemba \u00e0 Dar es Salam","description":"Vous \u00eates \u00e0 la recherche de vols \u00e0 bas prix de Pemba vers Dar es Salam ? Comparez et r\u00e9servez en ligne les billets d&#039;avion pas chers de Pemba \u00e0 Dar es Salam","robots":{"index":"index","follow":"follow","max-snippet":"max-snippet:-1","max-image-preview":"max-image-preview:large","max-video-preview":"max-video-preview:-1"},"canonical":"https:\/\/tiketi.com\/fr-fr\/flights-pemba-dar-es-salaam-pma-dar\/","og_locale":"fr_FR","og_type":"article","og_title":"Cheap Flights from\u00a0Pemba Island to Dar es Salaam","og_description":"Looking for cheap flights from Pemba Island to Dar es Salaam? Compare and book cheap airline ticket from Pemba Island to Dar es Salaam online","og_url":"https:\/\/tiketi.com\/fr-fr\/flights-pemba-dar-es-salaam-pma-dar\/","og_site_name":"Tiketi.com","article_publisher":"https:\/\/www.facebook.com\/TiketiCom\/","article_modified_time":"2022-02-09T15:52:24+00:00","twitter_card":"summary_large_image","twitter_misc":{"Dur\u00e9e de lecture estim\u00e9e":"3 minutes"},"schema":{"@context":"https:\/\/schema.org","@graph":[{"@type":"WebPage","@id":"https:\/\/tiketi.com\/fr-fr\/flights-pemba-dar-es-salaam-pma-dar\/","url":"https:\/\/tiketi.com\/fr-fr\/flights-pemba-dar-es-salaam-pma-dar\/","name":"Vols \u00e0 bas prix de Pemba \u00e0 Dar es Salam","isPartOf":{"@id":"https:\/\/tiketi.com\/#website"},"datePublished":"2022-01-19T11:55:11+00:00","dateModified":"2022-02-09T15:52:24+00:00","description":"Vous \u00eates \u00e0 la recherche de vols \u00e0 bas prix de Pemba vers Dar es Salam ? Comparez et r\u00e9servez en ligne les billets d&#039;avion pas chers de Pemba \u00e0 Dar es Salam","breadcrumb":{"@id":"https:\/\/tiketi.com\/fr-fr\/flights-pemba-dar-es-salaam-pma-dar\/#breadcrumb"},"inLanguage":"fr-FR","potentialAction":[{"@type":"ReadAction","target":["https:\/\/tiketi.com\/fr-fr\/flights-pemba-dar-es-salaam-pma-dar\/"]}]},{"@type":"BreadcrumbList","@id":"https:\/\/tiketi.com\/fr-fr\/flights-pemba-dar-es-salaam-pma-dar\/#breadcrumb","itemListElement":[{"@type":"ListItem","position":1,"name":"Home","item":"https:\/\/tiketi.com\/"},{"@type":"ListItem","position":2,"name":"Cheap Flights from\u00a0Pemba Island to Dar es Salaam"}]},{"@type":"WebSite","@id":"https:\/\/tiketi.com\/#website","url":"https:\/\/tiketi.com\/","name":"Billets d&#039;avion et de bus, forfaits touristiques et activit\u00e9s - Tiketi.com","description":"Billets d&#039;avion et de bus, Tours, Activit\u00e9s","publisher":{"@id":"https:\/\/tiketi.com\/#organization"},"potentialAction":[{"@type":"SearchAction","target":{"@type":"EntryPoint","urlTemplate":"https:\/\/tiketi.com\/?s={search_term_string}"},"query-input":{"@type":"PropertyValueSpecification","valueRequired":true,"valueName":"search_term_string"}}],"inLanguage":"fr-FR"},{"@type":"Organization","@id":"https:\/\/tiketi.com\/#organization","name":"Tiketi.com","alternateName":"Tiketi","url":"https:\/\/tiketi.com\/","logo":{"@type":"ImageObject","inLanguage":"fr-FR","@id":"https:\/\/tiketi.com\/#\/schema\/logo\/image\/","url":"https:\/\/tiketi.com\/wp-content\/uploads\/2019\/05\/tiketi-logo-696.png","contentUrl":"https:\/\/tiketi.com\/wp-content\/uploads\/2019\/05\/tiketi-logo-696.png","width":696,"height":696,"caption":"Tiketi.com"},"image":{"@id":"https:\/\/tiketi.com\/#\/schema\/logo\/image\/"},"sameAs":["https:\/\/www.facebook.com\/TiketiCom\/"]}]}},"_links":{"self":[{"href":"https:\/\/tiketi.com\/fr-fr\/wp-json\/wp\/v2\/pages\/11771","targetHints":{"allow":["GET"]}}],"collection":[{"href":"https:\/\/tiketi.com\/fr-fr\/wp-json\/wp\/v2\/pages"}],"about":[{"href":"https:\/\/tiketi.com\/fr-fr\/wp-json\/wp\/v2\/types\/page"}],"author":[{"embeddable":true,"href":"https:\/\/tiketi.com\/fr-fr\/wp-json\/wp\/v2\/users\/1"}],"replies":[{"embeddable":true,"href":"https:\/\/tiketi.com\/fr-fr\/wp-json\/wp\/v2\/comments?post=11771"}],"version-history":[{"count":0,"href":"https:\/\/tiketi.com\/fr-fr\/wp-json\/wp\/v2\/pages\/11771\/revisions"}],"wp:attachment":[{"href":"https:\/\/tiketi.com\/fr-fr\/wp-json\/wp\/v2\/media?parent=11771"}],"curies":[{"name":"wp","href":"https:\/\/api.w.org\/{rel}","templated":true}]}}