{"id":11772,"date":"2022-01-19T12:55:11","date_gmt":"2022-01-19T11:55:11","guid":{"rendered":"https:\/\/new.tiketi.com\/cheap-flights-from-dubai-to-zanzibar\/"},"modified":"2022-02-08T10:52:57","modified_gmt":"2022-02-08T09:52:57","slug":"flights-dubai-zanzibar-dxb-znz","status":"publish","type":"page","link":"https:\/\/tiketi.com\/fr-fr\/flights-dubai-zanzibar-dxb-znz\/","title":{"rendered":"Vols \u00e0 bas prix de Duba\u00ef \u00e0 Zanzibar"},"content":{"rendered":"<h2>Vous recherchez un billet d&#039;avion pas cher de Duba\u00ef \u00e0 Zanzibar ou des offres de derni\u00e8re minute ?<\/h2>\n<h3>Recherchez, comparez et r\u00e9servez en ligne maintenant un billet d&#039;avion pas cher de Duba\u00ef (DXB) \u00e0 Zanzibar (ZNZ).<\/h3>\n<p>R\u00e9servez en ligne des vols pas chers de Duba\u00ef \u00e0 Zanzibar avec Tiketi.com pour les meilleures offres. Que vous recherchiez un endroit pour vous amuser apr\u00e8s l&#039;ascension du Kilimandjaro ou que vous vouliez simplement passer du temps dans une \u00eele paradisiaque, l&#039;\u00eele de Zanzibar a beaucoup \u00e0 offrir. Voici quelques-unes des meilleures attractions de l&#039;\u00eele de Zanzibar. Visitez Tanga gr\u00e2ce \u00e0 des offres exceptionnelles sur les billets d&#039;avion de Duba\u00ef \u00e0 Zanzibar et volez de Duba\u00ef \u00e0 Zanzibar \u00e0 bas prix.<\/p>\n<h2>Voici quelques-unes des meilleures attractions de Tanga<\/h2>\n<h3>Ville de pierre<\/h3>\n<p>En tant que centre commercial, l&#039;\u00eele a beaucoup d&#039;influences culturelles des commer\u00e7ants et des colonisateurs arabes et indiens. L&#039;esclavage a \u00e9galement affect\u00e9 l&#039;\u00eele car elle \u00e9tait utilis\u00e9e comme port pour envoyer des esclaves \u00e0 l&#039;\u00e9tranger tandis que des centaines d&#039;esclaves travaillaient \u00e9galement dans les plantations de l&#039;\u00eele.<\/p>\n<p>C&#039;est une combinaison de styles arabe, africain et colonial, tous emball\u00e9s dans une ville. En raison de ses influences particuli\u00e8res, Stone Town a \u00e9t\u00e9 d\u00e9clar\u00e9e site du patrimoine mondial de l&#039;UNESCO en 2000.<\/p>\n<h3>Vieux Fort<\/h3>\n<p>C&#039;est en fait ce que le nom dit que c&#039;est ! Jetez un coup d&#039;\u0153il autour d&#039;un morceau d&#039;histoire sp\u00e9cial et d\u00e9couvrez le Vieux Fort. Il s&#039;agit d&#039;un ancien d\u00e9tail construit par les Arabes omanais en 1699.<\/p>\n<p>Un ajout plus r\u00e9cent \u00e0 cet ancien fort est un amphith\u00e9\u00e2tre ext\u00e9rieur o\u00f9 vous pouvez regarder des spectacles nationaux ou d&#039;autres \u00e9v\u00e9nements. Vous pouvez demander au bureau d&#039;information des visiteurs \u00e0 l&#039;avant s&#039;il y a des \u00e9v\u00e9nements \u00e0 venir qui pourraient s&#039;int\u00e9grer dans vos plans de voyage sur l&#039;\u00eele de Zanzibar.<\/p>\n<h2>FAQ sur les vols pas chers de Duba\u00ef \u00e0 Zanzibar<\/h2>\n<h3>Quelle est la distance entre Zanzibar et Duba\u00ef ?<\/h3>\n<p>La distance des vols pas chers de Duba\u00ef \u00e0 Zanzibar est de 3 907 kilom\u00e8tres.<\/p>\n<h3>Combien de temps dure le vol Duba\u00ef-Zanzibar le moins cher ?<\/h3>\n<p>Le temps de vol commun de Duba\u00ef \u00e0 Zanzibar est de cinq heures et cinquante minutes.<\/p>\n<h3>Quelle est la fr\u00e9quence des vols directs de Duba\u00ef \u00e0 Zanzibar ?<\/h3>\n<p>Il y a treize vols directs de Duba\u00ef \u00e0 Zanzibar.<\/p>\n<h3>Quelles sont les compagnies a\u00e9riennes les plus c\u00e9l\u00e8bres de Duba\u00ef pour les billets d&#039;avion pas chers de Duba\u00ef vers Zanzibar directs ?<\/h3>\n<p>FlyDubai offre cent pour cent du billet d&#039;avion pas cher sans escale de Duba\u00ef \u00e0 Zanzibar.<\/p>\n<h3>Combien de compagnies a\u00e9riennes op\u00e8rent entre Duba\u00ef et Zanzibar ?<\/h3>\n<p>Une compagnie a\u00e9rienne op\u00e8re des vols directs entre Duba\u00ef et Zanzibar.<\/p>\n<h3>Combien d&#039;a\u00e9roports y a-t-il \u00e0 Zanzibar ?<\/h3>\n<p>Il y a 1 a\u00e9roport \u00e0 Zanzibar : Zanzibar.<\/p>\n<h2>Conseils sur les vols de Duba\u00ef \u00e0 Zanzibar<\/h2>\n<p>\u2022 Duba\u00ef est \u00e0 2 434 miles de l&#039;\u00eele de Zanzibar.<\/p>\n<p>\u2022 Il y a quatre vols quotidiens de Duba\u00ef \u00e0 l&#039;\u00eele de Zanzibar.<\/p>\n<p>\u2022 Il y a quatre vols hebdomadaires de Duba\u00ef \u00e0 l&#039;\u00eele de Zanzibar.<\/p>\n<p>\u2022 Quatre vols sans escale op\u00e8rent de Duba\u00ef \u00e0 l&#039;\u00eele de Zanzibar.<\/p>\n<p>\u2022 Flydubai propose le plus de vols sans escale entre l&#039;\u00eele de Zanzibar et Duba\u00ef.<\/p>\n<p>\u2022 Nairobi, Kenya \u2013 Jomo Kenyatta Intl est le lien le plus c\u00e9l\u00e8bre pour les vols \u00e0 escale de Zanzibar au d\u00e9part de Duba\u00ef.<\/p>\n<p>\u2022 La dur\u00e9e moyenne d&#039;un vol entre Duba\u00ef et l&#039;\u00eele de Zanzibar est de cinq heures et cinquante minutes.<\/p>","protected":false},"excerpt":{"rendered":"<p>Looking for cheap airline ticket from Dubai to Zanzibar\u00a0or last minute deals? Search, compare and book cheap airline ticket from Dubai (DXB) to Zanzibar (ZNZ) online now. Book cheap flights from Dubai to Zanzibar online with Tiketi.com for the best deals. Whether you are looking for somewhere to enjoy after climbing Kilimanjaro or just want [&hellip;]<\/p>\n","protected":false},"author":1,"featured_media":17852,"parent":0,"menu_order":0,"comment_status":"open","ping_status":"closed","template":"template-home-modern.php","meta":{"footnotes":""},"class_list":["post-11772","page","type-page","status-publish","has-post-thumbnail","hentry"],"yoast_head":"<!-- This site is optimized with the Yoast SEO plugin v27.2 - https:\/\/yoast.com\/product\/yoast-seo-wordpress\/ -->\n<title>Cheap Flights from\u00a0Dubai to Zanzibar<\/title>\n<meta name=\"description\" content=\"Looking for cheap flights from\u00a0\u00a0Dubai to Zanzibar? Search, compare and book cheap airline ticket from \u00a0Dubai to Zanzibar online\" \/>\n<meta name=\"robots\" content=\"index, follow, max-snippet:-1, max-image-preview:large, max-video-preview:-1\" \/>\n<link rel=\"canonical\" href=\"https:\/\/tiketi.com\/fr-fr\/flights-dubai-zanzibar-dxb-znz\/\" \/>\n<meta property=\"og:locale\" content=\"fr_FR\" \/>\n<meta property=\"og:type\" content=\"article\" \/>\n<meta property=\"og:title\" content=\"Cheap Flights from\u00a0Dubai to Zanzibar\" \/>\n<meta property=\"og:description\" content=\"Looking for cheap flights from\u00a0\u00a0Dubai to Zanzibar? Search, compare and book cheap airline ticket from \u00a0Dubai to Zanzibar online\" \/>\n<meta property=\"og:url\" content=\"https:\/\/tiketi.com\/fr-fr\/flights-dubai-zanzibar-dxb-znz\/\" \/>\n<meta property=\"og:site_name\" content=\"Tiketi.com\" \/>\n<meta property=\"article:publisher\" content=\"https:\/\/www.facebook.com\/TiketiCom\/\" \/>\n<meta property=\"article:modified_time\" content=\"2022-02-08T09:52:57+00:00\" \/>\n<meta property=\"og:image\" content=\"https:\/\/tiketi.com\/wp-content\/uploads\/2019\/05\/zanzibar-humphrey-muleba-e6dRLBx6Kg8.jpg\" \/>\n\t<meta property=\"og:image:width\" content=\"1200\" \/>\n\t<meta property=\"og:image:height\" content=\"204\" \/>\n\t<meta property=\"og:image:type\" content=\"image\/jpeg\" \/>\n<meta name=\"twitter:card\" content=\"summary_large_image\" \/>\n<meta name=\"twitter:label1\" content=\"Dur\u00e9e de lecture estim\u00e9e\" \/>\n\t<meta name=\"twitter:data1\" content=\"3 minutes\" \/>\n<script type=\"application\/ld+json\" class=\"yoast-schema-graph\">{\"@context\":\"https:\/\/schema.org\",\"@graph\":[{\"@type\":\"WebPage\",\"@id\":\"https:\/\/tiketi.com\/flights-dubai-zanzibar-dxb-znz\/\",\"url\":\"https:\/\/tiketi.com\/flights-dubai-zanzibar-dxb-znz\/\",\"name\":\"Cheap Flights from\u00a0Dubai to Zanzibar\",\"isPartOf\":{\"@id\":\"https:\/\/tiketi.com\/#website\"},\"primaryImageOfPage\":{\"@id\":\"https:\/\/tiketi.com\/flights-dubai-zanzibar-dxb-znz\/#primaryimage\"},\"image\":{\"@id\":\"https:\/\/tiketi.com\/flights-dubai-zanzibar-dxb-znz\/#primaryimage\"},\"thumbnailUrl\":\"https:\/\/tiketi.com\/wp-content\/uploads\/2019\/05\/zanzibar-humphrey-muleba-e6dRLBx6Kg8.jpg\",\"datePublished\":\"2022-01-19T11:55:11+00:00\",\"dateModified\":\"2022-02-08T09:52:57+00:00\",\"description\":\"Looking for cheap flights from\u00a0\u00a0Dubai to Zanzibar? Search, compare and book cheap airline ticket from \u00a0Dubai to Zanzibar online\",\"breadcrumb\":{\"@id\":\"https:\/\/tiketi.com\/flights-dubai-zanzibar-dxb-znz\/#breadcrumb\"},\"inLanguage\":\"fr-FR\",\"potentialAction\":[{\"@type\":\"ReadAction\",\"target\":[\"https:\/\/tiketi.com\/flights-dubai-zanzibar-dxb-znz\/\"]}]},{\"@type\":\"ImageObject\",\"inLanguage\":\"fr-FR\",\"@id\":\"https:\/\/tiketi.com\/flights-dubai-zanzibar-dxb-znz\/#primaryimage\",\"url\":\"https:\/\/tiketi.com\/wp-content\/uploads\/2019\/05\/zanzibar-humphrey-muleba-e6dRLBx6Kg8.jpg\",\"contentUrl\":\"https:\/\/tiketi.com\/wp-content\/uploads\/2019\/05\/zanzibar-humphrey-muleba-e6dRLBx6Kg8.jpg\",\"width\":1200,\"height\":204,\"caption\":\"Cheap Flights to Zanzibar\"},{\"@type\":\"BreadcrumbList\",\"@id\":\"https:\/\/tiketi.com\/flights-dubai-zanzibar-dxb-znz\/#breadcrumb\",\"itemListElement\":[{\"@type\":\"ListItem\",\"position\":1,\"name\":\"Home\",\"item\":\"https:\/\/tiketi.com\/\"},{\"@type\":\"ListItem\",\"position\":2,\"name\":\"Cheap Flights from\u00a0Dubai to Zanzibar\"}]},{\"@type\":\"WebSite\",\"@id\":\"https:\/\/tiketi.com\/#website\",\"url\":\"https:\/\/tiketi.com\/\",\"name\":\"Flight & Bus Tickets, Tour Packages & Activitites - Tiketi.com\",\"description\":\"Flight &amp; Bus Tickets, Tours, Activitites\",\"publisher\":{\"@id\":\"https:\/\/tiketi.com\/#organization\"},\"potentialAction\":[{\"@type\":\"SearchAction\",\"target\":{\"@type\":\"EntryPoint\",\"urlTemplate\":\"https:\/\/tiketi.com\/?s={search_term_string}\"},\"query-input\":{\"@type\":\"PropertyValueSpecification\",\"valueRequired\":true,\"valueName\":\"search_term_string\"}}],\"inLanguage\":\"fr-FR\"},{\"@type\":\"Organization\",\"@id\":\"https:\/\/tiketi.com\/#organization\",\"name\":\"Tiketi.com\",\"alternateName\":\"Tiketi\",\"url\":\"https:\/\/tiketi.com\/\",\"logo\":{\"@type\":\"ImageObject\",\"inLanguage\":\"fr-FR\",\"@id\":\"https:\/\/tiketi.com\/#\/schema\/logo\/image\/\",\"url\":\"https:\/\/tiketi.com\/wp-content\/uploads\/2019\/05\/tiketi-logo-696.png\",\"contentUrl\":\"https:\/\/tiketi.com\/wp-content\/uploads\/2019\/05\/tiketi-logo-696.png\",\"width\":696,\"height\":696,\"caption\":\"Tiketi.com\"},\"image\":{\"@id\":\"https:\/\/tiketi.com\/#\/schema\/logo\/image\/\"},\"sameAs\":[\"https:\/\/www.facebook.com\/TiketiCom\/\"]}]}<\/script>\n<!-- \/ Yoast SEO plugin. -->","yoast_head_json":{"title":"Vols \u00e0 bas prix de Duba\u00ef \u00e0 Zanzibar","description":"Vous recherchez des vols \u00e0 bas prix de Duba\u00ef vers Zanzibar ? Recherchez, comparez et r\u00e9servez en ligne un billet d&#039;avion pas cher de Duba\u00ef \u00e0 Zanzibar","robots":{"index":"index","follow":"follow","max-snippet":"max-snippet:-1","max-image-preview":"max-image-preview:large","max-video-preview":"max-video-preview:-1"},"canonical":"https:\/\/tiketi.com\/fr-fr\/flights-dubai-zanzibar-dxb-znz\/","og_locale":"fr_FR","og_type":"article","og_title":"Cheap Flights from\u00a0Dubai to Zanzibar","og_description":"Looking for cheap flights from\u00a0\u00a0Dubai to Zanzibar? Search, compare and book cheap airline ticket from \u00a0Dubai to Zanzibar online","og_url":"https:\/\/tiketi.com\/fr-fr\/flights-dubai-zanzibar-dxb-znz\/","og_site_name":"Tiketi.com","article_publisher":"https:\/\/www.facebook.com\/TiketiCom\/","article_modified_time":"2022-02-08T09:52:57+00:00","og_image":[{"width":1200,"height":204,"url":"https:\/\/tiketi.com\/wp-content\/uploads\/2019\/05\/zanzibar-humphrey-muleba-e6dRLBx6Kg8.jpg","type":"image\/jpeg"}],"twitter_card":"summary_large_image","twitter_misc":{"Dur\u00e9e de lecture estim\u00e9e":"3 minutes"},"schema":{"@context":"https:\/\/schema.org","@graph":[{"@type":"WebPage","@id":"https:\/\/tiketi.com\/flights-dubai-zanzibar-dxb-znz\/","url":"https:\/\/tiketi.com\/flights-dubai-zanzibar-dxb-znz\/","name":"Vols \u00e0 bas prix de Duba\u00ef \u00e0 Zanzibar","isPartOf":{"@id":"https:\/\/tiketi.com\/#website"},"primaryImageOfPage":{"@id":"https:\/\/tiketi.com\/flights-dubai-zanzibar-dxb-znz\/#primaryimage"},"image":{"@id":"https:\/\/tiketi.com\/flights-dubai-zanzibar-dxb-znz\/#primaryimage"},"thumbnailUrl":"https:\/\/tiketi.com\/wp-content\/uploads\/2019\/05\/zanzibar-humphrey-muleba-e6dRLBx6Kg8.jpg","datePublished":"2022-01-19T11:55:11+00:00","dateModified":"2022-02-08T09:52:57+00:00","description":"Vous recherchez des vols \u00e0 bas prix de Duba\u00ef vers Zanzibar ? Recherchez, comparez et r\u00e9servez en ligne un billet d&#039;avion pas cher de Duba\u00ef \u00e0 Zanzibar","breadcrumb":{"@id":"https:\/\/tiketi.com\/flights-dubai-zanzibar-dxb-znz\/#breadcrumb"},"inLanguage":"fr-FR","potentialAction":[{"@type":"ReadAction","target":["https:\/\/tiketi.com\/flights-dubai-zanzibar-dxb-znz\/"]}]},{"@type":"ImageObject","inLanguage":"fr-FR","@id":"https:\/\/tiketi.com\/flights-dubai-zanzibar-dxb-znz\/#primaryimage","url":"https:\/\/tiketi.com\/wp-content\/uploads\/2019\/05\/zanzibar-humphrey-muleba-e6dRLBx6Kg8.jpg","contentUrl":"https:\/\/tiketi.com\/wp-content\/uploads\/2019\/05\/zanzibar-humphrey-muleba-e6dRLBx6Kg8.jpg","width":1200,"height":204,"caption":"Cheap Flights to Zanzibar"},{"@type":"BreadcrumbList","@id":"https:\/\/tiketi.com\/flights-dubai-zanzibar-dxb-znz\/#breadcrumb","itemListElement":[{"@type":"ListItem","position":1,"name":"Home","item":"https:\/\/tiketi.com\/"},{"@type":"ListItem","position":2,"name":"Cheap Flights from\u00a0Dubai to Zanzibar"}]},{"@type":"WebSite","@id":"https:\/\/tiketi.com\/#website","url":"https:\/\/tiketi.com\/","name":"Billets d&#039;avion et de bus, forfaits touristiques et activit\u00e9s - Tiketi.com","description":"Billets d&#039;avion et de bus, Tours, Activit\u00e9s","publisher":{"@id":"https:\/\/tiketi.com\/#organization"},"potentialAction":[{"@type":"SearchAction","target":{"@type":"EntryPoint","urlTemplate":"https:\/\/tiketi.com\/?s={search_term_string}"},"query-input":{"@type":"PropertyValueSpecification","valueRequired":true,"valueName":"search_term_string"}}],"inLanguage":"fr-FR"},{"@type":"Organization","@id":"https:\/\/tiketi.com\/#organization","name":"Tiketi.com","alternateName":"Tiketi","url":"https:\/\/tiketi.com\/","logo":{"@type":"ImageObject","inLanguage":"fr-FR","@id":"https:\/\/tiketi.com\/#\/schema\/logo\/image\/","url":"https:\/\/tiketi.com\/wp-content\/uploads\/2019\/05\/tiketi-logo-696.png","contentUrl":"https:\/\/tiketi.com\/wp-content\/uploads\/2019\/05\/tiketi-logo-696.png","width":696,"height":696,"caption":"Tiketi.com"},"image":{"@id":"https:\/\/tiketi.com\/#\/schema\/logo\/image\/"},"sameAs":["https:\/\/www.facebook.com\/TiketiCom\/"]}]}},"_links":{"self":[{"href":"https:\/\/tiketi.com\/fr-fr\/wp-json\/wp\/v2\/pages\/11772","targetHints":{"allow":["GET"]}}],"collection":[{"href":"https:\/\/tiketi.com\/fr-fr\/wp-json\/wp\/v2\/pages"}],"about":[{"href":"https:\/\/tiketi.com\/fr-fr\/wp-json\/wp\/v2\/types\/page"}],"author":[{"embeddable":true,"href":"https:\/\/tiketi.com\/fr-fr\/wp-json\/wp\/v2\/users\/1"}],"replies":[{"embeddable":true,"href":"https:\/\/tiketi.com\/fr-fr\/wp-json\/wp\/v2\/comments?post=11772"}],"version-history":[{"count":0,"href":"https:\/\/tiketi.com\/fr-fr\/wp-json\/wp\/v2\/pages\/11772\/revisions"}],"wp:featuredmedia":[{"embeddable":true,"href":"https:\/\/tiketi.com\/fr-fr\/wp-json\/wp\/v2\/media\/17852"}],"wp:attachment":[{"href":"https:\/\/tiketi.com\/fr-fr\/wp-json\/wp\/v2\/media?parent=11772"}],"curies":[{"name":"wp","href":"https:\/\/api.w.org\/{rel}","templated":true}]}}