{"id":11773,"date":"2022-01-19T12:55:11","date_gmt":"2022-01-19T11:55:11","guid":{"rendered":"https:\/\/new.tiketi.com\/cheap-flights-air-taxi-from-cape-town-to-east-london\/"},"modified":"2022-02-03T13:27:40","modified_gmt":"2022-02-03T12:27:40","slug":"flights-cape-town-east-london-cpt-els","status":"publish","type":"page","link":"https:\/\/tiketi.com\/fr-fr\/flights-cape-town-east-london-cpt-els\/","title":{"rendered":"Taxi a\u00e9rien du Cap \u00e0 East London \u2013 Vols pas chers"},"content":{"rendered":"<h2>Vous cherchez un taxi a\u00e9rien abordable du Cap \u00e0 l&#039;est de Londres ?<\/h2>\n<h3>Recherchez, comparez et r\u00e9servez en ligne maintenant des billets d&#039;avion \u00e0 bas prix de Le Cap (CPT) \u00e0 East London (ELS).<\/h3>\n<p>L&#039;application Tiketi.com vous permet de rechercher, comparer et r\u00e9server en ligne des vols pas chers depuis Le Cap vers East London. Porte d&#039;entr\u00e9e de l&#039;\u00e9tonnante c\u00f4te sauvage de l&#039;Afrique du Sud, East London se trouve au bord de la rivi\u00e8re Buffalo, o\u00f9 elle se jette dans l&#039;oc\u00e9an Indien. La ville est le seul port fluvial vital d&#039;Afrique du Sud et son \u00e9conomie est principalement soutenue par la fabrication de v\u00e9hicules. Alors trouvez et comparez les billets d&#039;avion de Le Cap (CPT) \u00e0 East London (ELS) et r\u00e9servez en ligne d\u00e8s maintenant des offres exceptionnelles sur des taxis a\u00e9riens pas chers de Le Cap \u00e0 East London. Voici quelques-unes des meilleures attractions d&#039;East London :<\/p>\n<h3>Des plages<\/h3>\n<p>L&#039;un des principaux atouts d&#039;East London sont ses charmantes plages, baign\u00e9es par des eaux relativement chaudes gr\u00e2ce aux courants de l&#039;oc\u00e9an Indien. Entre le mois de Buffalo River au sud et la rivi\u00e8re Nahoon au nord se trouvent les 3 rives les plus c\u00e9l\u00e8bres de la ville. La plus proche du centre-ville est Orient Beach, une plage relativement s\u00fbre abrit\u00e9e par le brise-lames du port. Les enfants adorent l&#039;aire de jeux, la pataugeoire et le bain \u00e0 remous ici, et la proximit\u00e9 des restaurants et des magasins est un bonus.<\/p>\n<h3>Mus\u00e9e de l&#039;est de Londres<\/h3>\n<p>\u00c0 l&#039;extr\u00e9mit\u00e9 nord d&#039;Oxford Street, ce mus\u00e9e, cr\u00e9\u00e9 en 1922, est l&#039;un des mus\u00e9es d&#039;histoire naturelle les plus \u00e9tonnants du pays. L&#039;attraction vedette ici est le c\u0153lacanthe, un poisson aux nageoires en forme de membres dont on croyait qu&#039;il s&#039;\u00e9tait \u00e9teint il y a plus de quatre-vingts millions d&#039;ann\u00e9es jusqu&#039;\u00e0 ce qu&#039;il soit captur\u00e9 dans la rivi\u00e8re Chalumna, pr\u00e8s de l&#039;est de Londres, en 1938.<\/p>\n<h2>FAQ sur les vols pas chers Le Cap - East London Afrique du Sud<\/h2>\n<h3>Quelle est la dur\u00e9e des vols pas chers de Le Cap \u00e0 East London Afrique du Sud ?<\/h3>\n<p>Les vols \u00e0 distance durent entre une heure vingt-cinq minutes et une heure quarante-cinq minutes.<\/p>\n<h3>Combien de temps dure le vol Le Cap-Est de Londres ?<\/h3>\n<p>Un taxi drone typique du Cap \u00e0 l&#039;est de Londres prend environ deux heures, couvrant environ 536 kilom\u00e8tres.<\/p>\n<h3>Combien de vols les moins chers Le Cap vers East London Afrique du Sud partent en moyenne par jour ?<\/h3>\n<p>En moyenne, vous pouvez vous attendre \u00e0 voir six vols de Cape Town \u00e0 East Town en moyenne par jour.<\/p>\n<p>\u2022 T\u00f4t le matin\u00a0: 70\u00a0% des d\u00e9parts de vols<\/p>\n<p>\u2022 Matin - cinquante pour cent des d\u00e9parts de vol<\/p>\n<p>\u2022 Apr\u00e8s-midi\u00a0: 33\u00a0% des d\u00e9parts de vols<\/p>\n<h3>Quelles sont les compagnies a\u00e9riennes les plus c\u00e9l\u00e8bres du Cap pour les vols directs entre Le Cap et East London ?<\/h3>\n<p>Safair assure 65 % des vols sans escale d&#039;East London South Africa au d\u00e9part de Cape Town.<\/p>\n<h3>Combien de compagnies a\u00e9riennes op\u00e8rent des vols entre Le Cap et East London ?<\/h3>\n<p>Trois compagnies a\u00e9riennes proposent des vols directs entre Le Cap et East London.<\/p>\n<h2>Conseils pour un taxi a\u00e9rien pas cher de Cape Town \u00e0 East London<\/h2>\n<p>Johannesburg, Afrique du Sud - OR Tambo International est le lien le plus c\u00e9l\u00e8bre pour les vols \u00e0 escale entre East London et Cape Town.<\/p>","protected":false},"excerpt":{"rendered":"<p>Looking for affordable air taxi from Cape Town to East London? Search, compare and book cheap flight tickets from Cape Town (CPT) to East London (ELS) online now. The Tiketi.com app helps you search, compare and book cheap flights from Cape Town to East London online. The gateway to South Africa&#8217;s amazing wild Coast, East [&hellip;]<\/p>\n","protected":false},"author":1,"featured_media":16150,"parent":0,"menu_order":0,"comment_status":"open","ping_status":"closed","template":"template-home-modern.php","meta":{"footnotes":""},"class_list":["post-11773","page","type-page","status-publish","has-post-thumbnail","hentry"],"yoast_head":"<!-- This site is optimized with the Yoast SEO plugin v27.3 - https:\/\/yoast.com\/product\/yoast-seo-wordpress\/ -->\n<title>Air taxi from Cape Town to East London - Cheap flights<\/title>\n<meta name=\"description\" content=\"Looking for cheap air taxi from\u00a0Cape Town to East London app? Compare and book cheap flights from Cape Town to East London online\" \/>\n<meta name=\"robots\" content=\"index, follow, max-snippet:-1, max-image-preview:large, max-video-preview:-1\" \/>\n<link rel=\"canonical\" href=\"https:\/\/tiketi.com\/fr-fr\/flights-cape-town-east-london-cpt-els\/\" \/>\n<meta property=\"og:locale\" content=\"fr_FR\" \/>\n<meta property=\"og:type\" content=\"article\" \/>\n<meta property=\"og:title\" content=\"Air taxi from Cape Town to East London - Cheap flights\" \/>\n<meta property=\"og:description\" content=\"Looking for cheap air taxi from\u00a0Cape Town to East London app? Compare and book cheap flights from Cape Town to East London online\" \/>\n<meta property=\"og:url\" content=\"https:\/\/tiketi.com\/fr-fr\/flights-cape-town-east-london-cpt-els\/\" \/>\n<meta property=\"og:site_name\" content=\"Tiketi.com\" \/>\n<meta property=\"article:publisher\" content=\"https:\/\/www.facebook.com\/TiketiCom\/\" \/>\n<meta property=\"article:modified_time\" content=\"2022-02-03T12:27:40+00:00\" \/>\n<meta property=\"og:image\" content=\"https:\/\/tiketi.com\/wp-content\/uploads\/2022\/02\/cape-town-5293565_1200.jpg\" \/>\n\t<meta property=\"og:image:width\" content=\"1280\" \/>\n\t<meta property=\"og:image:height\" content=\"222\" \/>\n\t<meta property=\"og:image:type\" content=\"image\/jpeg\" \/>\n<meta name=\"twitter:card\" content=\"summary_large_image\" \/>\n<meta name=\"twitter:label1\" content=\"Dur\u00e9e de lecture estim\u00e9e\" \/>\n\t<meta name=\"twitter:data1\" content=\"3 minutes\" \/>\n<script type=\"application\/ld+json\" class=\"yoast-schema-graph\">{\"@context\":\"https:\\\/\\\/schema.org\",\"@graph\":[{\"@type\":\"WebPage\",\"@id\":\"https:\\\/\\\/tiketi.com\\\/flights-cape-town-east-london-cpt-els\\\/\",\"url\":\"https:\\\/\\\/tiketi.com\\\/flights-cape-town-east-london-cpt-els\\\/\",\"name\":\"Air taxi from Cape Town to East London - Cheap flights\",\"isPartOf\":{\"@id\":\"https:\\\/\\\/tiketi.com\\\/#website\"},\"primaryImageOfPage\":{\"@id\":\"https:\\\/\\\/tiketi.com\\\/flights-cape-town-east-london-cpt-els\\\/#primaryimage\"},\"image\":{\"@id\":\"https:\\\/\\\/tiketi.com\\\/flights-cape-town-east-london-cpt-els\\\/#primaryimage\"},\"thumbnailUrl\":\"https:\\\/\\\/tiketi.com\\\/wp-content\\\/uploads\\\/2022\\\/02\\\/cape-town-5293565_1200.jpg\",\"datePublished\":\"2022-01-19T11:55:11+00:00\",\"dateModified\":\"2022-02-03T12:27:40+00:00\",\"description\":\"Looking for cheap air taxi from\u00a0Cape Town to East London app? Compare and book cheap flights from Cape Town to East London online\",\"breadcrumb\":{\"@id\":\"https:\\\/\\\/tiketi.com\\\/flights-cape-town-east-london-cpt-els\\\/#breadcrumb\"},\"inLanguage\":\"fr-FR\",\"potentialAction\":[{\"@type\":\"ReadAction\",\"target\":[\"https:\\\/\\\/tiketi.com\\\/flights-cape-town-east-london-cpt-els\\\/\"]}]},{\"@type\":\"ImageObject\",\"inLanguage\":\"fr-FR\",\"@id\":\"https:\\\/\\\/tiketi.com\\\/flights-cape-town-east-london-cpt-els\\\/#primaryimage\",\"url\":\"https:\\\/\\\/tiketi.com\\\/wp-content\\\/uploads\\\/2022\\\/02\\\/cape-town-5293565_1200.jpg\",\"contentUrl\":\"https:\\\/\\\/tiketi.com\\\/wp-content\\\/uploads\\\/2022\\\/02\\\/cape-town-5293565_1200.jpg\",\"width\":1280,\"height\":222,\"caption\":\"Air Taxi in Cape Town\"},{\"@type\":\"BreadcrumbList\",\"@id\":\"https:\\\/\\\/tiketi.com\\\/flights-cape-town-east-london-cpt-els\\\/#breadcrumb\",\"itemListElement\":[{\"@type\":\"ListItem\",\"position\":1,\"name\":\"Home\",\"item\":\"https:\\\/\\\/tiketi.com\\\/\"},{\"@type\":\"ListItem\",\"position\":2,\"name\":\"Air Taxi from Cape Town to East London &#8211; Cheap Flights\"}]},{\"@type\":\"WebSite\",\"@id\":\"https:\\\/\\\/tiketi.com\\\/#website\",\"url\":\"https:\\\/\\\/tiketi.com\\\/\",\"name\":\"Flight & Bus Tickets, Tour Packages & Activitites - Tiketi.com\",\"description\":\"Flight &amp; Bus Tickets, Tours, Activitites\",\"publisher\":{\"@id\":\"https:\\\/\\\/tiketi.com\\\/#organization\"},\"potentialAction\":[{\"@type\":\"SearchAction\",\"target\":{\"@type\":\"EntryPoint\",\"urlTemplate\":\"https:\\\/\\\/tiketi.com\\\/?s={search_term_string}\"},\"query-input\":{\"@type\":\"PropertyValueSpecification\",\"valueRequired\":true,\"valueName\":\"search_term_string\"}}],\"inLanguage\":\"fr-FR\"},{\"@type\":\"Organization\",\"@id\":\"https:\\\/\\\/tiketi.com\\\/#organization\",\"name\":\"Tiketi.com\",\"alternateName\":\"Tiketi\",\"url\":\"https:\\\/\\\/tiketi.com\\\/\",\"logo\":{\"@type\":\"ImageObject\",\"inLanguage\":\"fr-FR\",\"@id\":\"https:\\\/\\\/tiketi.com\\\/#\\\/schema\\\/logo\\\/image\\\/\",\"url\":\"https:\\\/\\\/tiketi.com\\\/wp-content\\\/uploads\\\/2019\\\/05\\\/tiketi-logo-696.png\",\"contentUrl\":\"https:\\\/\\\/tiketi.com\\\/wp-content\\\/uploads\\\/2019\\\/05\\\/tiketi-logo-696.png\",\"width\":696,\"height\":696,\"caption\":\"Tiketi.com\"},\"image\":{\"@id\":\"https:\\\/\\\/tiketi.com\\\/#\\\/schema\\\/logo\\\/image\\\/\"},\"sameAs\":[\"https:\\\/\\\/www.facebook.com\\\/TiketiCom\\\/\"]}]}<\/script>\n<!-- \/ Yoast SEO plugin. -->","yoast_head_json":{"title":"Taxi a\u00e9rien de Cape Town \u00e0 East London - Vols pas chers","description":"Vous recherchez une application de taxi a\u00e9rien pas cher du Cap \u00e0 l&#039;est de Londres? Comparez et r\u00e9servez en ligne des vols pas chers de Le Cap \u00e0 East London","robots":{"index":"index","follow":"follow","max-snippet":"max-snippet:-1","max-image-preview":"max-image-preview:large","max-video-preview":"max-video-preview:-1"},"canonical":"https:\/\/tiketi.com\/fr-fr\/flights-cape-town-east-london-cpt-els\/","og_locale":"fr_FR","og_type":"article","og_title":"Air taxi from Cape Town to East London - Cheap flights","og_description":"Looking for cheap air taxi from\u00a0Cape Town to East London app? Compare and book cheap flights from Cape Town to East London online","og_url":"https:\/\/tiketi.com\/fr-fr\/flights-cape-town-east-london-cpt-els\/","og_site_name":"Tiketi.com","article_publisher":"https:\/\/www.facebook.com\/TiketiCom\/","article_modified_time":"2022-02-03T12:27:40+00:00","og_image":[{"width":1280,"height":222,"url":"https:\/\/tiketi.com\/wp-content\/uploads\/2022\/02\/cape-town-5293565_1200.jpg","type":"image\/jpeg"}],"twitter_card":"summary_large_image","twitter_misc":{"Dur\u00e9e de lecture estim\u00e9e":"3 minutes"},"schema":{"@context":"https:\/\/schema.org","@graph":[{"@type":"WebPage","@id":"https:\/\/tiketi.com\/flights-cape-town-east-london-cpt-els\/","url":"https:\/\/tiketi.com\/flights-cape-town-east-london-cpt-els\/","name":"Taxi a\u00e9rien de Cape Town \u00e0 East London - Vols pas chers","isPartOf":{"@id":"https:\/\/tiketi.com\/#website"},"primaryImageOfPage":{"@id":"https:\/\/tiketi.com\/flights-cape-town-east-london-cpt-els\/#primaryimage"},"image":{"@id":"https:\/\/tiketi.com\/flights-cape-town-east-london-cpt-els\/#primaryimage"},"thumbnailUrl":"https:\/\/tiketi.com\/wp-content\/uploads\/2022\/02\/cape-town-5293565_1200.jpg","datePublished":"2022-01-19T11:55:11+00:00","dateModified":"2022-02-03T12:27:40+00:00","description":"Vous recherchez une application de taxi a\u00e9rien pas cher du Cap \u00e0 l&#039;est de Londres? Comparez et r\u00e9servez en ligne des vols pas chers de Le Cap \u00e0 East London","breadcrumb":{"@id":"https:\/\/tiketi.com\/flights-cape-town-east-london-cpt-els\/#breadcrumb"},"inLanguage":"fr-FR","potentialAction":[{"@type":"ReadAction","target":["https:\/\/tiketi.com\/flights-cape-town-east-london-cpt-els\/"]}]},{"@type":"ImageObject","inLanguage":"fr-FR","@id":"https:\/\/tiketi.com\/flights-cape-town-east-london-cpt-els\/#primaryimage","url":"https:\/\/tiketi.com\/wp-content\/uploads\/2022\/02\/cape-town-5293565_1200.jpg","contentUrl":"https:\/\/tiketi.com\/wp-content\/uploads\/2022\/02\/cape-town-5293565_1200.jpg","width":1280,"height":222,"caption":"Air Taxi in Cape Town"},{"@type":"BreadcrumbList","@id":"https:\/\/tiketi.com\/flights-cape-town-east-london-cpt-els\/#breadcrumb","itemListElement":[{"@type":"ListItem","position":1,"name":"Home","item":"https:\/\/tiketi.com\/"},{"@type":"ListItem","position":2,"name":"Air Taxi from Cape Town to East London &#8211; Cheap Flights"}]},{"@type":"WebSite","@id":"https:\/\/tiketi.com\/#website","url":"https:\/\/tiketi.com\/","name":"Billets d&#039;avion et de bus, forfaits touristiques et activit\u00e9s - Tiketi.com","description":"Billets d&#039;avion et de bus, Tours, Activit\u00e9s","publisher":{"@id":"https:\/\/tiketi.com\/#organization"},"potentialAction":[{"@type":"SearchAction","target":{"@type":"EntryPoint","urlTemplate":"https:\/\/tiketi.com\/?s={search_term_string}"},"query-input":{"@type":"PropertyValueSpecification","valueRequired":true,"valueName":"search_term_string"}}],"inLanguage":"fr-FR"},{"@type":"Organization","@id":"https:\/\/tiketi.com\/#organization","name":"Tiketi.com","alternateName":"Tiketi","url":"https:\/\/tiketi.com\/","logo":{"@type":"ImageObject","inLanguage":"fr-FR","@id":"https:\/\/tiketi.com\/#\/schema\/logo\/image\/","url":"https:\/\/tiketi.com\/wp-content\/uploads\/2019\/05\/tiketi-logo-696.png","contentUrl":"https:\/\/tiketi.com\/wp-content\/uploads\/2019\/05\/tiketi-logo-696.png","width":696,"height":696,"caption":"Tiketi.com"},"image":{"@id":"https:\/\/tiketi.com\/#\/schema\/logo\/image\/"},"sameAs":["https:\/\/www.facebook.com\/TiketiCom\/"]}]}},"_links":{"self":[{"href":"https:\/\/tiketi.com\/fr-fr\/wp-json\/wp\/v2\/pages\/11773","targetHints":{"allow":["GET"]}}],"collection":[{"href":"https:\/\/tiketi.com\/fr-fr\/wp-json\/wp\/v2\/pages"}],"about":[{"href":"https:\/\/tiketi.com\/fr-fr\/wp-json\/wp\/v2\/types\/page"}],"author":[{"embeddable":true,"href":"https:\/\/tiketi.com\/fr-fr\/wp-json\/wp\/v2\/users\/1"}],"replies":[{"embeddable":true,"href":"https:\/\/tiketi.com\/fr-fr\/wp-json\/wp\/v2\/comments?post=11773"}],"version-history":[{"count":0,"href":"https:\/\/tiketi.com\/fr-fr\/wp-json\/wp\/v2\/pages\/11773\/revisions"}],"wp:featuredmedia":[{"embeddable":true,"href":"https:\/\/tiketi.com\/fr-fr\/wp-json\/wp\/v2\/media\/16150"}],"wp:attachment":[{"href":"https:\/\/tiketi.com\/fr-fr\/wp-json\/wp\/v2\/media?parent=11773"}],"curies":[{"name":"wp","href":"https:\/\/api.w.org\/{rel}","templated":true}]}}