{"id":11774,"date":"2022-01-19T12:55:11","date_gmt":"2022-01-19T11:55:11","guid":{"rendered":"https:\/\/new.tiketi.com\/cheap-flights-air-taxi-from-cape-town-to-bloemfontein\/"},"modified":"2022-02-03T13:24:44","modified_gmt":"2022-02-03T12:24:44","slug":"flights-cape-town-bloemfontein-cpt-bfn","status":"publish","type":"page","link":"https:\/\/tiketi.com\/fr-fr\/flights-cape-town-bloemfontein-cpt-bfn\/","title":{"rendered":"Taxi a\u00e9rien de Cape Town \u00e0 Bloemfontein \u2013 Vols pas chers"},"content":{"rendered":"<h2>Vous recherchez un taxi a\u00e9rien abordable du Cap \u00e0 Bloemfontein ?<\/h2>\n<h3>Recherchez, comparez et r\u00e9servez d\u00e8s maintenant des billets d&#039;avion pas chers au Cap (CPT) vers Bloemfontein (BFN).<\/h3>\n<p>L&#039;application Tiketi.com vous aide \u00e0 rechercher, comparer et r\u00e9server en ligne des vols pas chers du Cap \u00e0 Johannesbourg. L&#039;application Tiketi.com vous aide \u00e0 rechercher, comparer et r\u00e9server en ligne des vols pas chers du Cap \u00e0 Bloemfontein. Bloemfontein, \u00ab la ville des roses \u00bb, est la capitale de l&#039;\u00c9tat libre et son c\u0153ur culturel et \u00e9conomique. Bloemfontein est la capitale judiciaire de l&#039;Afrique du Sud et la 6\u00e8me plus grande ville d&#039;Afrique du Sud. Trouvez et comparez les billets d&#039;avion de Le Cap (CPT) \u00e0 Bloemfontein (BFN) et r\u00e9servez en ligne d\u00e8s maintenant des offres int\u00e9ressantes sur les taxis a\u00e9riens bon march\u00e9 du Cap \u00e0 Bloemfontein. Voici quelques-unes des meilleures attractions\u00a0:<\/p>\n<h3>Domaine faunique de Bagamoya<\/h3>\n<p>Les amoureux des animaux seront au paradis au Bagamoya Wildlife Estate. \u00c0 une trentaine de kilom\u00e8tres de Bloemfontein, ce parc animalier permet aux visiteurs d&#039;interagir avec des f\u00e9lins sous la supervision de haut niveau d&#039;un personnel expert qui aime partager sa passion pour ces puissantes cr\u00e9atures. En fonction de l&#039;animal en r\u00e9sidence \u00e0 ce moment-l\u00e0, les invit\u00e9s peuvent nourrir les tigres et les lionceaux au biberon, caresser les gu\u00e9pards et m\u00eame aider \u00e0 nourrir les lions adultes.<\/p>\n<h3>Galerie d&#039;art Oliewenhuis<\/h3>\n<p>Install\u00e9e dans une maison du Cap n\u00e9erlandais, la galerie d&#039;art Oliewenhuis doit son nom aux oliviers sauvages des collines voisines. La galerie est un satellite du mus\u00e9e national de Bloemfontein et sa v\u00e9ritable collection est exclusivement ax\u00e9e sur l&#039;art sud-africain, allant des ma\u00eetres anciens \u00e0 la sculpture et aux peintures contemporaines. Les artistes incluent Pieter Wenning, Thomas Baines, des expositions temporaires \u00e9vocatrices et Willem Coetzer sont expos\u00e9es dans un r\u00e9servoir souterrain.<\/p>\n<h3>Jardin botanique national de l&#039;\u00c9tat libre<\/h3>\n<p>Nich\u00e9 dans une vall\u00e9e calme entre des affleurements de dol\u00e9rite, le jardin botanique national de l&#039;\u00c9tat libre plonge les visiteurs dans des paysages naturels de prairies, de for\u00eats indig\u00e8nes, d&#039;oliviers sauvages sculpturaux et d&#039;arbres karee.<\/p>\n<h2>FAQ sur les taxis a\u00e9riens pas chers du Cap \u00e0 Bloemfontein<\/h2>\n<h3>Quelle est la distance entre Bloemfontein et Le Cap ?<\/h3>\n<p>La distance du vol par drone taxi du Cap \u00e0 Bloemfontein est de 907 kilom\u00e8tres.<\/p>\n<h3>Quelle est la dur\u00e9e d&#039;un vol Le Cap - Bloemfontein ?<\/h3>\n<p>Le temps de vol commun du Cap \u00e0 Bloemfontein est d&#039;une heure et trente minutes.<\/p>\n<h3>Quelle est la fr\u00e9quence des vols directs du Cap \u00e0 Bloemfontein ?<\/h3>\n<p>Il existe vingt et un vols directs du Cap \u00e0 Bloemfontein.<\/p>\n<h3>Quelles sont les compagnies a\u00e9riennes les plus c\u00e9l\u00e8bres du Cap pour le vol direct du Cap \u00e0 Bloemfontein ?<\/h3>\n<p>South African Airways propose cinquante-deux pour cent des vols bon march\u00e9 sans escale du Cap \u00e0 Bloemfontein.<\/p>\n<h3>En moyenne, combien de vols par jour d\u00e9collent de Le Cap \u00e0 Bloemfontein ?<\/h3>\n<p>Vous pouvez vous attendre \u00e0 voir sept vols en moyenne par jour entre Le Cap et Bloemfontein.<\/p>\n<p>\u2022 T\u00f4t le matin \u2013 quatorze pour cent des d\u00e9parts de vols<\/p>\n<p>\u2022 Matin \u2013 quatorze pour cent des d\u00e9parts de vols<\/p>\n<p>\u2022 Apr\u00e8s-midi\u00a0: soixante et onze pour cent des d\u00e9parts de vols<\/p>\n<h3>Quelles compagnies a\u00e9riennes proposent des vols pas chers de Le Cap \u00e0 Bloemfontein ?<\/h3>\n<p>\u00c0 l&#039;heure actuelle, deux compagnies a\u00e9riennes desservent Bloemfontein depuis le Cap, notamment SAA et Mango.<\/p>","protected":false},"excerpt":{"rendered":"<p>Looking for affordable air taxi from Cape Town to Bloemfontein? Search, compare and book cheap flight tickets from Cape Town (CPT) to Bloemfontein (BFN) online now. The Tiketi.com app helps you search, compare and book cheap flights from Cape Town to Johannesburg online. The Tiketi.com app helps you search, compare and book cheap flights from [&hellip;]<\/p>\n","protected":false},"author":1,"featured_media":16150,"parent":0,"menu_order":0,"comment_status":"open","ping_status":"closed","template":"template-home-modern.php","meta":{"footnotes":""},"class_list":["post-11774","page","type-page","status-publish","has-post-thumbnail","hentry"],"yoast_head":"<!-- This site is optimized with the Yoast SEO plugin v27.3 - https:\/\/yoast.com\/product\/yoast-seo-wordpress\/ -->\n<title>Air taxi from Cape Town to Bloemfontein - Cheap flights<\/title>\n<meta name=\"description\" content=\"Looking for cheap air taxi from Cape Town to Bloemfontein app? Compare and book cheap flights from Cape Town to Bloemfontein online\" \/>\n<meta name=\"robots\" content=\"index, follow, max-snippet:-1, max-image-preview:large, max-video-preview:-1\" \/>\n<link rel=\"canonical\" href=\"https:\/\/tiketi.com\/fr-fr\/flights-cape-town-bloemfontein-cpt-bfn\/\" \/>\n<meta property=\"og:locale\" content=\"fr_FR\" \/>\n<meta property=\"og:type\" content=\"article\" \/>\n<meta property=\"og:title\" content=\"Air taxi from Cape Town to Bloemfontein - Cheap flights\" \/>\n<meta property=\"og:description\" content=\"Looking for cheap air taxi from Cape Town to Bloemfontein app? Compare and book cheap flights from Cape Town to Bloemfontein online\" \/>\n<meta property=\"og:url\" content=\"https:\/\/tiketi.com\/fr-fr\/flights-cape-town-bloemfontein-cpt-bfn\/\" \/>\n<meta property=\"og:site_name\" content=\"Tiketi.com\" \/>\n<meta property=\"article:publisher\" content=\"https:\/\/www.facebook.com\/TiketiCom\/\" \/>\n<meta property=\"article:modified_time\" content=\"2022-02-03T12:24:44+00:00\" \/>\n<meta property=\"og:image\" content=\"https:\/\/tiketi.com\/wp-content\/uploads\/2022\/02\/cape-town-5293565_1200.jpg\" \/>\n\t<meta property=\"og:image:width\" content=\"1280\" \/>\n\t<meta property=\"og:image:height\" content=\"222\" \/>\n\t<meta property=\"og:image:type\" content=\"image\/jpeg\" \/>\n<meta name=\"twitter:card\" content=\"summary_large_image\" \/>\n<meta name=\"twitter:label1\" content=\"Dur\u00e9e de lecture estim\u00e9e\" \/>\n\t<meta name=\"twitter:data1\" content=\"3 minutes\" \/>\n<script type=\"application\/ld+json\" class=\"yoast-schema-graph\">{\"@context\":\"https:\\\/\\\/schema.org\",\"@graph\":[{\"@type\":\"WebPage\",\"@id\":\"https:\\\/\\\/tiketi.com\\\/flights-cape-town-bloemfontein-cpt-bfn\\\/\",\"url\":\"https:\\\/\\\/tiketi.com\\\/flights-cape-town-bloemfontein-cpt-bfn\\\/\",\"name\":\"Air taxi from Cape Town to Bloemfontein - Cheap flights\",\"isPartOf\":{\"@id\":\"https:\\\/\\\/tiketi.com\\\/#website\"},\"primaryImageOfPage\":{\"@id\":\"https:\\\/\\\/tiketi.com\\\/flights-cape-town-bloemfontein-cpt-bfn\\\/#primaryimage\"},\"image\":{\"@id\":\"https:\\\/\\\/tiketi.com\\\/flights-cape-town-bloemfontein-cpt-bfn\\\/#primaryimage\"},\"thumbnailUrl\":\"https:\\\/\\\/tiketi.com\\\/wp-content\\\/uploads\\\/2022\\\/02\\\/cape-town-5293565_1200.jpg\",\"datePublished\":\"2022-01-19T11:55:11+00:00\",\"dateModified\":\"2022-02-03T12:24:44+00:00\",\"description\":\"Looking for cheap air taxi from Cape Town to Bloemfontein app? Compare and book cheap flights from Cape Town to Bloemfontein online\",\"breadcrumb\":{\"@id\":\"https:\\\/\\\/tiketi.com\\\/flights-cape-town-bloemfontein-cpt-bfn\\\/#breadcrumb\"},\"inLanguage\":\"fr-FR\",\"potentialAction\":[{\"@type\":\"ReadAction\",\"target\":[\"https:\\\/\\\/tiketi.com\\\/flights-cape-town-bloemfontein-cpt-bfn\\\/\"]}]},{\"@type\":\"ImageObject\",\"inLanguage\":\"fr-FR\",\"@id\":\"https:\\\/\\\/tiketi.com\\\/flights-cape-town-bloemfontein-cpt-bfn\\\/#primaryimage\",\"url\":\"https:\\\/\\\/tiketi.com\\\/wp-content\\\/uploads\\\/2022\\\/02\\\/cape-town-5293565_1200.jpg\",\"contentUrl\":\"https:\\\/\\\/tiketi.com\\\/wp-content\\\/uploads\\\/2022\\\/02\\\/cape-town-5293565_1200.jpg\",\"width\":1280,\"height\":222,\"caption\":\"Air Taxi in Cape Town\"},{\"@type\":\"BreadcrumbList\",\"@id\":\"https:\\\/\\\/tiketi.com\\\/flights-cape-town-bloemfontein-cpt-bfn\\\/#breadcrumb\",\"itemListElement\":[{\"@type\":\"ListItem\",\"position\":1,\"name\":\"Home\",\"item\":\"https:\\\/\\\/tiketi.com\\\/\"},{\"@type\":\"ListItem\",\"position\":2,\"name\":\"Air Taxi from Cape Town to Bloemfontein &#8211; Cheap Flights\"}]},{\"@type\":\"WebSite\",\"@id\":\"https:\\\/\\\/tiketi.com\\\/#website\",\"url\":\"https:\\\/\\\/tiketi.com\\\/\",\"name\":\"Flight & Bus Tickets, Tour Packages & Activitites - Tiketi.com\",\"description\":\"Flight &amp; Bus Tickets, Tours, Activitites\",\"publisher\":{\"@id\":\"https:\\\/\\\/tiketi.com\\\/#organization\"},\"potentialAction\":[{\"@type\":\"SearchAction\",\"target\":{\"@type\":\"EntryPoint\",\"urlTemplate\":\"https:\\\/\\\/tiketi.com\\\/?s={search_term_string}\"},\"query-input\":{\"@type\":\"PropertyValueSpecification\",\"valueRequired\":true,\"valueName\":\"search_term_string\"}}],\"inLanguage\":\"fr-FR\"},{\"@type\":\"Organization\",\"@id\":\"https:\\\/\\\/tiketi.com\\\/#organization\",\"name\":\"Tiketi.com\",\"alternateName\":\"Tiketi\",\"url\":\"https:\\\/\\\/tiketi.com\\\/\",\"logo\":{\"@type\":\"ImageObject\",\"inLanguage\":\"fr-FR\",\"@id\":\"https:\\\/\\\/tiketi.com\\\/#\\\/schema\\\/logo\\\/image\\\/\",\"url\":\"https:\\\/\\\/tiketi.com\\\/wp-content\\\/uploads\\\/2019\\\/05\\\/tiketi-logo-696.png\",\"contentUrl\":\"https:\\\/\\\/tiketi.com\\\/wp-content\\\/uploads\\\/2019\\\/05\\\/tiketi-logo-696.png\",\"width\":696,\"height\":696,\"caption\":\"Tiketi.com\"},\"image\":{\"@id\":\"https:\\\/\\\/tiketi.com\\\/#\\\/schema\\\/logo\\\/image\\\/\"},\"sameAs\":[\"https:\\\/\\\/www.facebook.com\\\/TiketiCom\\\/\"]}]}<\/script>\n<!-- \/ Yoast SEO plugin. -->","yoast_head_json":{"title":"Air taxi de Le Cap \u00e0 Bloemfontein - Vols pas chers","description":"Vous recherchez une application de taxi a\u00e9rien pas cher du Cap \u00e0 Bloemfontein ? Comparez et r\u00e9servez en ligne des vols pas chers de Le Cap \u00e0 Bloemfontein","robots":{"index":"index","follow":"follow","max-snippet":"max-snippet:-1","max-image-preview":"max-image-preview:large","max-video-preview":"max-video-preview:-1"},"canonical":"https:\/\/tiketi.com\/fr-fr\/flights-cape-town-bloemfontein-cpt-bfn\/","og_locale":"fr_FR","og_type":"article","og_title":"Air taxi from Cape Town to Bloemfontein - Cheap flights","og_description":"Looking for cheap air taxi from Cape Town to Bloemfontein app? Compare and book cheap flights from Cape Town to Bloemfontein online","og_url":"https:\/\/tiketi.com\/fr-fr\/flights-cape-town-bloemfontein-cpt-bfn\/","og_site_name":"Tiketi.com","article_publisher":"https:\/\/www.facebook.com\/TiketiCom\/","article_modified_time":"2022-02-03T12:24:44+00:00","og_image":[{"width":1280,"height":222,"url":"https:\/\/tiketi.com\/wp-content\/uploads\/2022\/02\/cape-town-5293565_1200.jpg","type":"image\/jpeg"}],"twitter_card":"summary_large_image","twitter_misc":{"Dur\u00e9e de lecture estim\u00e9e":"3 minutes"},"schema":{"@context":"https:\/\/schema.org","@graph":[{"@type":"WebPage","@id":"https:\/\/tiketi.com\/flights-cape-town-bloemfontein-cpt-bfn\/","url":"https:\/\/tiketi.com\/flights-cape-town-bloemfontein-cpt-bfn\/","name":"Air taxi de Le Cap \u00e0 Bloemfontein - Vols pas chers","isPartOf":{"@id":"https:\/\/tiketi.com\/#website"},"primaryImageOfPage":{"@id":"https:\/\/tiketi.com\/flights-cape-town-bloemfontein-cpt-bfn\/#primaryimage"},"image":{"@id":"https:\/\/tiketi.com\/flights-cape-town-bloemfontein-cpt-bfn\/#primaryimage"},"thumbnailUrl":"https:\/\/tiketi.com\/wp-content\/uploads\/2022\/02\/cape-town-5293565_1200.jpg","datePublished":"2022-01-19T11:55:11+00:00","dateModified":"2022-02-03T12:24:44+00:00","description":"Vous recherchez une application de taxi a\u00e9rien pas cher du Cap \u00e0 Bloemfontein ? Comparez et r\u00e9servez en ligne des vols pas chers de Le Cap \u00e0 Bloemfontein","breadcrumb":{"@id":"https:\/\/tiketi.com\/flights-cape-town-bloemfontein-cpt-bfn\/#breadcrumb"},"inLanguage":"fr-FR","potentialAction":[{"@type":"ReadAction","target":["https:\/\/tiketi.com\/flights-cape-town-bloemfontein-cpt-bfn\/"]}]},{"@type":"ImageObject","inLanguage":"fr-FR","@id":"https:\/\/tiketi.com\/flights-cape-town-bloemfontein-cpt-bfn\/#primaryimage","url":"https:\/\/tiketi.com\/wp-content\/uploads\/2022\/02\/cape-town-5293565_1200.jpg","contentUrl":"https:\/\/tiketi.com\/wp-content\/uploads\/2022\/02\/cape-town-5293565_1200.jpg","width":1280,"height":222,"caption":"Air Taxi in Cape Town"},{"@type":"BreadcrumbList","@id":"https:\/\/tiketi.com\/flights-cape-town-bloemfontein-cpt-bfn\/#breadcrumb","itemListElement":[{"@type":"ListItem","position":1,"name":"Home","item":"https:\/\/tiketi.com\/"},{"@type":"ListItem","position":2,"name":"Air Taxi from Cape Town to Bloemfontein &#8211; Cheap Flights"}]},{"@type":"WebSite","@id":"https:\/\/tiketi.com\/#website","url":"https:\/\/tiketi.com\/","name":"Billets d&#039;avion et de bus, forfaits touristiques et activit\u00e9s - Tiketi.com","description":"Billets d&#039;avion et de bus, Tours, Activit\u00e9s","publisher":{"@id":"https:\/\/tiketi.com\/#organization"},"potentialAction":[{"@type":"SearchAction","target":{"@type":"EntryPoint","urlTemplate":"https:\/\/tiketi.com\/?s={search_term_string}"},"query-input":{"@type":"PropertyValueSpecification","valueRequired":true,"valueName":"search_term_string"}}],"inLanguage":"fr-FR"},{"@type":"Organization","@id":"https:\/\/tiketi.com\/#organization","name":"Tiketi.com","alternateName":"Tiketi","url":"https:\/\/tiketi.com\/","logo":{"@type":"ImageObject","inLanguage":"fr-FR","@id":"https:\/\/tiketi.com\/#\/schema\/logo\/image\/","url":"https:\/\/tiketi.com\/wp-content\/uploads\/2019\/05\/tiketi-logo-696.png","contentUrl":"https:\/\/tiketi.com\/wp-content\/uploads\/2019\/05\/tiketi-logo-696.png","width":696,"height":696,"caption":"Tiketi.com"},"image":{"@id":"https:\/\/tiketi.com\/#\/schema\/logo\/image\/"},"sameAs":["https:\/\/www.facebook.com\/TiketiCom\/"]}]}},"_links":{"self":[{"href":"https:\/\/tiketi.com\/fr-fr\/wp-json\/wp\/v2\/pages\/11774","targetHints":{"allow":["GET"]}}],"collection":[{"href":"https:\/\/tiketi.com\/fr-fr\/wp-json\/wp\/v2\/pages"}],"about":[{"href":"https:\/\/tiketi.com\/fr-fr\/wp-json\/wp\/v2\/types\/page"}],"author":[{"embeddable":true,"href":"https:\/\/tiketi.com\/fr-fr\/wp-json\/wp\/v2\/users\/1"}],"replies":[{"embeddable":true,"href":"https:\/\/tiketi.com\/fr-fr\/wp-json\/wp\/v2\/comments?post=11774"}],"version-history":[{"count":0,"href":"https:\/\/tiketi.com\/fr-fr\/wp-json\/wp\/v2\/pages\/11774\/revisions"}],"wp:featuredmedia":[{"embeddable":true,"href":"https:\/\/tiketi.com\/fr-fr\/wp-json\/wp\/v2\/media\/16150"}],"wp:attachment":[{"href":"https:\/\/tiketi.com\/fr-fr\/wp-json\/wp\/v2\/media?parent=11774"}],"curies":[{"name":"wp","href":"https:\/\/api.w.org\/{rel}","templated":true}]}}