{"id":11775,"date":"2022-01-19T12:55:11","date_gmt":"2022-01-19T11:55:11","guid":{"rendered":"https:\/\/new.tiketi.com\/cheap-flights-from-mauritius-to-dubai\/"},"modified":"2022-02-09T11:31:07","modified_gmt":"2022-02-09T10:31:07","slug":"flights-mauritius-dubai-mru-dxb","status":"publish","type":"page","link":"https:\/\/tiketi.com\/fr-fr\/flights-mauritius-dubai-mru-dxb\/","title":{"rendered":"Vols \u00e0 bas prix de Maurice \u00e0 Duba\u00ef"},"content":{"rendered":"<h2>Vous recherchez un billet d&#039;avion pas cher de Maurice \u00e0 Duba\u00ef ou des offres de derni\u00e8re minute ?<\/h2>\n<h3>Recherchez, comparez et r\u00e9servez un billet d&#039;avion pas cher entre Maurice (MRU) et Duba\u00ef (DXB)<span style=\"font-size: 16px;\">\u00a0<\/span>maintenant en ligne.<\/h3>\n<p>R\u00e9servez en ligne des vols \u00e0 bas prix de Ile Maurice \u00e0 Duba\u00ef et \u00e9conomisez de l&#039;argent sur les billets d&#039;avion. Il y a beaucoup d&#039;attractions incontournables \u00e0 Duba\u00ef, la ville abritant de nombreux endroits merveilleux et une plaque tournante incroyable pour les visiteurs de toute la plan\u00e8te. Comparez les prix et obtenez les meilleurs tarifs sur les billets d&#039;avion de Ile Maurice \u00e0 Duba\u00ef gr\u00e2ce \u00e0 des offres exceptionnelles sur la r\u00e9servation en ligne de billets d&#039;avion Ile Maurice \u00e0 Duba\u00ef.<\/p>\n<h2>Voici quelques-unes des meilleures attractions de Duba\u00ef<\/h2>\n<h3>R\u00e9publique SEGA<\/h3>\n<p>Les amateurs d&#039;aventure ne peuvent jamais manquer de choix \u00e0 Duba\u00ef. SEGA Republic est un parc \u00e0 th\u00e8me int\u00e9rieur et propose une large gamme d&#039;activit\u00e9s pour les amateurs d&#039;aventure et de nombreux autres divertissements pour les moins aventureux. Outrun 2 Special Tours SDX, Sonic Hopper, SEGA UFO Catcher, Whopper Water et Wild Jungle offrent des moments de plaisir \u00e0 chaque membre de la famille. D&#039;autre part, Initial D4 limited, Spin Gear, After Burner Climax, Storm-G et Halfpipe Canyon.<\/p>\n<h3>D\u00e9sert de Duba\u00ef<\/h3>\n<p>Avec son objectif de sauver la biodiversit\u00e9 des d\u00e9serts d&#039;Arabie, le Centre de conservation du d\u00e9sert de Duba\u00ef est un habitat naturel pour la beaut\u00e9 de la r\u00e9gion. De plus, il y a aussi d&#039;\u00e9tonnants oiseaux migrateurs qui le visitent \u00e0 diff\u00e9rentes p\u00e9riodes de l&#039;ann\u00e9e. Rapprochez-vous des faucons et profitez des randonn\u00e9es \u00e0 dos de chameau, du tir \u00e0 l&#039;arc, de l&#039;\u00e9quitation et du sandboard, entre autres activit\u00e9s propos\u00e9es par le centre de conservation.<\/p>\n<h3>Sanctuaire de faune de Ras Al Khor<\/h3>\n<p>Tr\u00e8s c\u00e9l\u00e8bre pour le grand nombre d&#039;oiseaux migrateurs qui viennent ici, Ras Al Khor est une charmante r\u00e9serve naturelle et une zone humide \u00e0 Duba\u00ef. Les flamants roses sont la meilleure partie de toute visite dans ce sanctuaire en hiver.<\/p>\n<h2>FAQ sur les vols pas chers de Maurice \u00e0 Duba\u00ef<\/h2>\n<h3>Quel est le meilleur moment pour r\u00e9server un billet d&#039;avion pas cher de Maurice vers Duba\u00ef ?<\/h3>\n<p>G\u00e9n\u00e9ralement, le meilleur temps de vol de Maurice \u00e0 Duba\u00ef est de 2 mois \u00e0 l&#039;avance. Et le jour le moins cher pour voler est le mercredi, le mardi et le samedi. Le dimanche est le plus cher.<\/p>\n<h3>Quelle est la distance entre Duba\u00ef et Maurice ?<\/h3>\n<p>La distance de Maurice \u00e0 Duba\u00ef est de 5 081 kilom\u00e8tres.<\/p>\n<h3>Combien de temps dure le vol Maurice \u00e0 Duba\u00ef le moins cher ?<\/h3>\n<p>La dur\u00e9e moyenne d&#039;un vol Maurice-Duba\u00ef est de six heures et trente-cinq minutes.<\/p>\n<h3>Quelle est la fr\u00e9quence des vols directs Maurice-Duba\u00ef\u00a0?<\/h3>\n<p>Il y a quinze vols directs Maurice-Duba\u00ef.<\/p>\n<h3>Quelles sont les compagnies a\u00e9riennes de Maurice les plus c\u00e9l\u00e8bres pour les vols directs de Maurice \u00e0 Duba\u00ef ?<\/h3>\n<p>Emirates fournit cent pour cent des vols sans escale entre Duba\u00ef et Maurice.<\/p>\n<h3>Combien de compagnies a\u00e9riennes op\u00e8rent entre Maurice et Duba\u00ef ?<\/h3>\n<p>Deux compagnies a\u00e9riennes proposent des vols directs entre Maurice et Duba\u00ef.<\/p>\n<h3>Combien de vols pas chers de Ile Maurice \u00e0 Duba\u00ef volent chaque semaine ?<\/h3>\n<p>Il y a quinze vols par semaine entre Maurice et Duba\u00ef.<\/p>\n<h3>Combien d&#039;a\u00e9roports y a-t-il \u00e0 Duba\u00ef ?<\/h3>\n<p>Il y a deux a\u00e9roports \u00e0 Duba\u00ef : Duba\u00ef Creek SPB et Duba\u00ef.<\/p>","protected":false},"excerpt":{"rendered":"<p>Looking for cheap airline ticket from Mauritius to Dubai\u00a0or last minute deals? Search, compare and book cheap airline ticket from Mauritius (MRU) to Dubai (DXB)\u00a0online now. Book cheap flights from Mauritius to Dubai online and save money on airfare.\u00a0There are lots of must-view attractions in Dubai, with the city being home to many wonderful places [&hellip;]<\/p>\n","protected":false},"author":1,"featured_media":16474,"parent":0,"menu_order":0,"comment_status":"open","ping_status":"closed","template":"template-home-modern.php","meta":{"footnotes":""},"class_list":["post-11775","page","type-page","status-publish","has-post-thumbnail","hentry"],"yoast_head":"<!-- This site is optimized with the Yoast SEO plugin v27.2 - https:\/\/yoast.com\/product\/yoast-seo-wordpress\/ -->\n<title>Cheap Flights from\u00a0Mauritius to Dubai<\/title>\n<meta name=\"description\" content=\"Looking for cheap flights from Mauritius to Dubai? Search, compare and book cheap airline ticket from Mauritius to Dubai online\" \/>\n<meta name=\"robots\" content=\"index, follow, max-snippet:-1, max-image-preview:large, max-video-preview:-1\" \/>\n<link rel=\"canonical\" href=\"https:\/\/tiketi.com\/fr-fr\/flights-mauritius-dubai-mru-dxb\/\" \/>\n<meta property=\"og:locale\" content=\"fr_FR\" \/>\n<meta property=\"og:type\" content=\"article\" \/>\n<meta property=\"og:title\" content=\"Cheap Flights from\u00a0Mauritius to Dubai\" \/>\n<meta property=\"og:description\" content=\"Looking for cheap flights from Mauritius to Dubai? Search, compare and book cheap airline ticket from Mauritius to Dubai online\" \/>\n<meta property=\"og:url\" content=\"https:\/\/tiketi.com\/fr-fr\/flights-mauritius-dubai-mru-dxb\/\" \/>\n<meta property=\"og:site_name\" content=\"Tiketi.com\" \/>\n<meta property=\"article:publisher\" content=\"https:\/\/www.facebook.com\/TiketiCom\/\" \/>\n<meta property=\"article:modified_time\" content=\"2022-02-09T10:31:07+00:00\" \/>\n<meta property=\"og:image\" content=\"https:\/\/tiketi.com\/wp-content\/uploads\/2022\/02\/dubai-skyline-buildings-183.jpg\" \/>\n\t<meta property=\"og:image:width\" content=\"1200\" \/>\n\t<meta property=\"og:image:height\" content=\"202\" \/>\n\t<meta property=\"og:image:type\" content=\"image\/jpeg\" \/>\n<meta name=\"twitter:card\" content=\"summary_large_image\" \/>\n<meta name=\"twitter:label1\" content=\"Dur\u00e9e de lecture estim\u00e9e\" \/>\n\t<meta name=\"twitter:data1\" content=\"3 minutes\" \/>\n<script type=\"application\/ld+json\" class=\"yoast-schema-graph\">{\"@context\":\"https:\/\/schema.org\",\"@graph\":[{\"@type\":\"WebPage\",\"@id\":\"https:\/\/tiketi.com\/fr-fr\/flights-mauritius-dubai-mru-dxb\/\",\"url\":\"https:\/\/tiketi.com\/fr-fr\/flights-mauritius-dubai-mru-dxb\/\",\"name\":\"Cheap Flights from\u00a0Mauritius to Dubai\",\"isPartOf\":{\"@id\":\"https:\/\/tiketi.com\/#website\"},\"primaryImageOfPage\":{\"@id\":\"https:\/\/tiketi.com\/fr-fr\/flights-mauritius-dubai-mru-dxb\/#primaryimage\"},\"image\":{\"@id\":\"https:\/\/tiketi.com\/fr-fr\/flights-mauritius-dubai-mru-dxb\/#primaryimage\"},\"thumbnailUrl\":\"https:\/\/tiketi.com\/wp-content\/uploads\/2022\/02\/dubai-skyline-buildings-183.jpg\",\"datePublished\":\"2022-01-19T11:55:11+00:00\",\"dateModified\":\"2022-02-09T10:31:07+00:00\",\"description\":\"Looking for cheap flights from Mauritius to Dubai? Search, compare and book cheap airline ticket from Mauritius to Dubai online\",\"breadcrumb\":{\"@id\":\"https:\/\/tiketi.com\/fr-fr\/flights-mauritius-dubai-mru-dxb\/#breadcrumb\"},\"inLanguage\":\"fr-FR\",\"potentialAction\":[{\"@type\":\"ReadAction\",\"target\":[\"https:\/\/tiketi.com\/fr-fr\/flights-mauritius-dubai-mru-dxb\/\"]}]},{\"@type\":\"ImageObject\",\"inLanguage\":\"fr-FR\",\"@id\":\"https:\/\/tiketi.com\/fr-fr\/flights-mauritius-dubai-mru-dxb\/#primaryimage\",\"url\":\"https:\/\/tiketi.com\/wp-content\/uploads\/2022\/02\/dubai-skyline-buildings-183.jpg\",\"contentUrl\":\"https:\/\/tiketi.com\/wp-content\/uploads\/2022\/02\/dubai-skyline-buildings-183.jpg\",\"width\":1200,\"height\":202,\"caption\":\"Air Taxi in Dubai\"},{\"@type\":\"BreadcrumbList\",\"@id\":\"https:\/\/tiketi.com\/fr-fr\/flights-mauritius-dubai-mru-dxb\/#breadcrumb\",\"itemListElement\":[{\"@type\":\"ListItem\",\"position\":1,\"name\":\"Home\",\"item\":\"https:\/\/tiketi.com\/\"},{\"@type\":\"ListItem\",\"position\":2,\"name\":\"Cheap Flights from\u00a0Mauritius to Dubai\"}]},{\"@type\":\"WebSite\",\"@id\":\"https:\/\/tiketi.com\/#website\",\"url\":\"https:\/\/tiketi.com\/\",\"name\":\"Flight & Bus Tickets, Tour Packages & Activitites - Tiketi.com\",\"description\":\"Flight &amp; Bus Tickets, Tours, Activitites\",\"publisher\":{\"@id\":\"https:\/\/tiketi.com\/#organization\"},\"potentialAction\":[{\"@type\":\"SearchAction\",\"target\":{\"@type\":\"EntryPoint\",\"urlTemplate\":\"https:\/\/tiketi.com\/?s={search_term_string}\"},\"query-input\":{\"@type\":\"PropertyValueSpecification\",\"valueRequired\":true,\"valueName\":\"search_term_string\"}}],\"inLanguage\":\"fr-FR\"},{\"@type\":\"Organization\",\"@id\":\"https:\/\/tiketi.com\/#organization\",\"name\":\"Tiketi.com\",\"alternateName\":\"Tiketi\",\"url\":\"https:\/\/tiketi.com\/\",\"logo\":{\"@type\":\"ImageObject\",\"inLanguage\":\"fr-FR\",\"@id\":\"https:\/\/tiketi.com\/#\/schema\/logo\/image\/\",\"url\":\"https:\/\/tiketi.com\/wp-content\/uploads\/2019\/05\/tiketi-logo-696.png\",\"contentUrl\":\"https:\/\/tiketi.com\/wp-content\/uploads\/2019\/05\/tiketi-logo-696.png\",\"width\":696,\"height\":696,\"caption\":\"Tiketi.com\"},\"image\":{\"@id\":\"https:\/\/tiketi.com\/#\/schema\/logo\/image\/\"},\"sameAs\":[\"https:\/\/www.facebook.com\/TiketiCom\/\"]}]}<\/script>\n<!-- \/ Yoast SEO plugin. -->","yoast_head_json":{"title":"Vols \u00e0 bas prix de Maurice \u00e0 Duba\u00ef","description":"Vous recherchez des vols \u00e0 bas prix de Maurice \u00e0 Duba\u00ef ? Recherchez, comparez et r\u00e9servez en ligne un billet d&#039;avion pas cher de Maurice \u00e0 Duba\u00ef","robots":{"index":"index","follow":"follow","max-snippet":"max-snippet:-1","max-image-preview":"max-image-preview:large","max-video-preview":"max-video-preview:-1"},"canonical":"https:\/\/tiketi.com\/fr-fr\/flights-mauritius-dubai-mru-dxb\/","og_locale":"fr_FR","og_type":"article","og_title":"Cheap Flights from\u00a0Mauritius to Dubai","og_description":"Looking for cheap flights from Mauritius to Dubai? Search, compare and book cheap airline ticket from Mauritius to Dubai online","og_url":"https:\/\/tiketi.com\/fr-fr\/flights-mauritius-dubai-mru-dxb\/","og_site_name":"Tiketi.com","article_publisher":"https:\/\/www.facebook.com\/TiketiCom\/","article_modified_time":"2022-02-09T10:31:07+00:00","og_image":[{"width":1200,"height":202,"url":"https:\/\/tiketi.com\/wp-content\/uploads\/2022\/02\/dubai-skyline-buildings-183.jpg","type":"image\/jpeg"}],"twitter_card":"summary_large_image","twitter_misc":{"Dur\u00e9e de lecture estim\u00e9e":"3 minutes"},"schema":{"@context":"https:\/\/schema.org","@graph":[{"@type":"WebPage","@id":"https:\/\/tiketi.com\/fr-fr\/flights-mauritius-dubai-mru-dxb\/","url":"https:\/\/tiketi.com\/fr-fr\/flights-mauritius-dubai-mru-dxb\/","name":"Vols \u00e0 bas prix de Maurice \u00e0 Duba\u00ef","isPartOf":{"@id":"https:\/\/tiketi.com\/#website"},"primaryImageOfPage":{"@id":"https:\/\/tiketi.com\/fr-fr\/flights-mauritius-dubai-mru-dxb\/#primaryimage"},"image":{"@id":"https:\/\/tiketi.com\/fr-fr\/flights-mauritius-dubai-mru-dxb\/#primaryimage"},"thumbnailUrl":"https:\/\/tiketi.com\/wp-content\/uploads\/2022\/02\/dubai-skyline-buildings-183.jpg","datePublished":"2022-01-19T11:55:11+00:00","dateModified":"2022-02-09T10:31:07+00:00","description":"Vous recherchez des vols \u00e0 bas prix de Maurice \u00e0 Duba\u00ef ? Recherchez, comparez et r\u00e9servez en ligne un billet d&#039;avion pas cher de Maurice \u00e0 Duba\u00ef","breadcrumb":{"@id":"https:\/\/tiketi.com\/fr-fr\/flights-mauritius-dubai-mru-dxb\/#breadcrumb"},"inLanguage":"fr-FR","potentialAction":[{"@type":"ReadAction","target":["https:\/\/tiketi.com\/fr-fr\/flights-mauritius-dubai-mru-dxb\/"]}]},{"@type":"ImageObject","inLanguage":"fr-FR","@id":"https:\/\/tiketi.com\/fr-fr\/flights-mauritius-dubai-mru-dxb\/#primaryimage","url":"https:\/\/tiketi.com\/wp-content\/uploads\/2022\/02\/dubai-skyline-buildings-183.jpg","contentUrl":"https:\/\/tiketi.com\/wp-content\/uploads\/2022\/02\/dubai-skyline-buildings-183.jpg","width":1200,"height":202,"caption":"Air Taxi in Dubai"},{"@type":"BreadcrumbList","@id":"https:\/\/tiketi.com\/fr-fr\/flights-mauritius-dubai-mru-dxb\/#breadcrumb","itemListElement":[{"@type":"ListItem","position":1,"name":"Home","item":"https:\/\/tiketi.com\/"},{"@type":"ListItem","position":2,"name":"Cheap Flights from\u00a0Mauritius to Dubai"}]},{"@type":"WebSite","@id":"https:\/\/tiketi.com\/#website","url":"https:\/\/tiketi.com\/","name":"Billets d&#039;avion et de bus, forfaits touristiques et activit\u00e9s - Tiketi.com","description":"Billets d&#039;avion et de bus, Tours, Activit\u00e9s","publisher":{"@id":"https:\/\/tiketi.com\/#organization"},"potentialAction":[{"@type":"SearchAction","target":{"@type":"EntryPoint","urlTemplate":"https:\/\/tiketi.com\/?s={search_term_string}"},"query-input":{"@type":"PropertyValueSpecification","valueRequired":true,"valueName":"search_term_string"}}],"inLanguage":"fr-FR"},{"@type":"Organization","@id":"https:\/\/tiketi.com\/#organization","name":"Tiketi.com","alternateName":"Tiketi","url":"https:\/\/tiketi.com\/","logo":{"@type":"ImageObject","inLanguage":"fr-FR","@id":"https:\/\/tiketi.com\/#\/schema\/logo\/image\/","url":"https:\/\/tiketi.com\/wp-content\/uploads\/2019\/05\/tiketi-logo-696.png","contentUrl":"https:\/\/tiketi.com\/wp-content\/uploads\/2019\/05\/tiketi-logo-696.png","width":696,"height":696,"caption":"Tiketi.com"},"image":{"@id":"https:\/\/tiketi.com\/#\/schema\/logo\/image\/"},"sameAs":["https:\/\/www.facebook.com\/TiketiCom\/"]}]}},"_links":{"self":[{"href":"https:\/\/tiketi.com\/fr-fr\/wp-json\/wp\/v2\/pages\/11775","targetHints":{"allow":["GET"]}}],"collection":[{"href":"https:\/\/tiketi.com\/fr-fr\/wp-json\/wp\/v2\/pages"}],"about":[{"href":"https:\/\/tiketi.com\/fr-fr\/wp-json\/wp\/v2\/types\/page"}],"author":[{"embeddable":true,"href":"https:\/\/tiketi.com\/fr-fr\/wp-json\/wp\/v2\/users\/1"}],"replies":[{"embeddable":true,"href":"https:\/\/tiketi.com\/fr-fr\/wp-json\/wp\/v2\/comments?post=11775"}],"version-history":[{"count":0,"href":"https:\/\/tiketi.com\/fr-fr\/wp-json\/wp\/v2\/pages\/11775\/revisions"}],"wp:featuredmedia":[{"embeddable":true,"href":"https:\/\/tiketi.com\/fr-fr\/wp-json\/wp\/v2\/media\/16474"}],"wp:attachment":[{"href":"https:\/\/tiketi.com\/fr-fr\/wp-json\/wp\/v2\/media?parent=11775"}],"curies":[{"name":"wp","href":"https:\/\/api.w.org\/{rel}","templated":true}]}}