{"id":11776,"date":"2022-01-19T12:55:11","date_gmt":"2022-01-19T11:55:11","guid":{"rendered":"https:\/\/new.tiketi.com\/cheap-flights-from-cape-town-to-london\/"},"modified":"2022-02-07T17:18:13","modified_gmt":"2022-02-07T16:18:13","slug":"flights-cape-town-london-cpt-lhr","status":"publish","type":"page","link":"https:\/\/tiketi.com\/fr-fr\/flights-cape-town-london-cpt-lhr\/","title":{"rendered":"Vols \u00e0 bas prix de Le Cap \u00e0 Londres"},"content":{"rendered":"<h2>Vous recherchez un billet d&#039;avion pas cher Le Cap vers Londres ou des offres de derni\u00e8re minute ?<\/h2>\n<h3>Recherchez, comparez et r\u00e9servez en ligne maintenant un billet d&#039;avion pas cher entre Le Cap (CPT) et Londres (LHR).<\/h3>\n<p>R\u00e9servez en ligne des vols \u00e0 bas prix de Le Cap \u00e0 Londres et \u00e9conomisez du temps et de l&#039;argent. Vous ne manquez jamais de choses \u00e0 faire \u00e0 Londres. La c\u00e9l\u00e8bre ville regorge de mus\u00e9es, de galeries et de monuments qui attirent des visiteurs du monde entier. R\u00e9servez des vols de Le Cap \u00e0 Londres au prix le plus bas \u2013 obtenez des offres exceptionnelles sur votre billet d&#039;avion de Le Cap \u00e0 Londres en ligne. N&#039;h\u00e9sitez plus et profitez d\u00e8s maintenant d&#039;offres incroyables sur les billets d&#039;avion depuis Le Cap vers Londres.<\/p>\n<h2>Voici quelques-unes des meilleures attractions de la ville<\/h2>\n<h3>Mus\u00e9e Victoria et Albert<\/h3>\n<p>Nomm\u00e9 d&#039;apr\u00e8s Price Albert et la reine Victoria, le V&amp;A porte la couronne en tant que plus grand mus\u00e9e du design et des arts d\u00e9coratifs au monde. Sa collection inestimable contient des c\u00e9ramiques, des peintures, des sculptures, de la mode, des livres et des dessins des temps tr\u00e8s anciens \u00e0 nos jours. Comme la plupart des mus\u00e9es de Londres, l&#039;entr\u00e9e au mus\u00e9e est gratuite.<\/p>\n<h3>Tour de Londres<\/h3>\n<p>Abritant les joyaux de la couronne, les merveilleux beefeaters et tous les fant\u00f4mes, l&#039;histoire de la tour de Londres remonte \u00e0 pr\u00e8s de mille ans. Montant la garde pr\u00e8s de la Tamise et du Tower Bridge, l&#039;enceinte m\u00e9di\u00e9vale a servi de palais royal, de site d&#039;ex\u00e9cution et de prison.<\/p>\n<h3>Le Th\u00e9\u00e2tre National<\/h3>\n<p>Plus de 10 000 acteurs ont r\u00e9gal\u00e9 les planches du National Theatre en ajoutant Benedict Cumberbatch, Maggie Smith, Laurence Olivier et Judi Dench. Assistez \u00e0 une pi\u00e8ce de th\u00e9\u00e2tre, faites-vous plaisir dans l&#039;un des restaurants savoureux du th\u00e9\u00e2tre ou offrez-vous un voyage dans les coulisses.<\/p>\n<h3>Le palais de Buckingham<\/h3>\n<p>La r\u00e9sistance londonienne officielle de l&#039;Empire britannique depuis 1837, Buckingham Palace poss\u00e8de un ensemble d&#039;art inestimable et 775 chambres, dont 79 salles de bains.<\/p>\n<h2>FAQ sur les vols pas chers de Le Cap \u00e0 Londres<\/h2>\n<h3>Quel est le jour le moins cher pour un billet d&#039;avion de Le Cap \u00e0 Londres ?<\/h3>\n<p>Le jour le moins cher pour r\u00e9server un billet d&#039;avion pas cher de Le Cap \u00e0 Londres est le lundi.<\/p>\n<h3>Combien de temps dure le vol Le Cap-Londres ?<\/h3>\n<p>Le temps de vol du Cap \u00e0 Londres est de 11 heures 30 minutes. Les vols avec escale durent g\u00e9n\u00e9ralement entre 15 et 18 heures.<\/p>\n<h3>Quelle est la dur\u00e9e des vols Le Cap-Londres ?<\/h3>\n<p>Un vol direct prend jusqu&#039;\u00e0 douze heures, couvrant une distance de 3 740 milles.<\/p>\n<h3>Combien de vols hebdomadaires sont assur\u00e9s entre Le Cap et Londres\u00a0?<\/h3>\n<p>Il y a quatre vols hebdomadaires entre Cape Town et Londres.<\/p>\n<h2>Bons plans sur les vols pas chers de Le Cap \u00e0 Londres<\/h2>\n<p>\u2022 Le Cap est \u00e0 9692 km de Londres.<\/p>\n<p>\u2022 Il y a quatre vols quotidiens du Cap \u00e0 Londres.<\/p>\n<p>\u2022 Il y a quatre vols hebdomadaires du Cap \u00e0 Londres<\/p>\n<p>\u2022 Quatre vols sans escale op\u00e8rent du Cap \u00e0 Londres.<\/p>\n<p>\u2022 American Airlines propose le plus de vols sans escale entre Londres et Le Cap.<\/p>\n<p>\u2022 Johannesburg, Afrique du Sud \u2013 OR Tambo International est la liaison la plus connue pour les vols \u00e0 une escale entre Cape Town et Londres.<\/p>","protected":false},"excerpt":{"rendered":"<p>Looking for cheap airline ticket from Cape Town to London\u00a0or last minute deals? Search, compare and book cheap airline ticket from Cape Town (CPT) to London (LHR) online now. Book cheap flights from Cape Town to London online and save time and money. You are never short of things to do in London. The famous [&hellip;]<\/p>\n","protected":false},"author":1,"featured_media":14230,"parent":0,"menu_order":0,"comment_status":"open","ping_status":"closed","template":"template-home-modern.php","meta":{"footnotes":""},"class_list":["post-11776","page","type-page","status-publish","has-post-thumbnail","hentry"],"yoast_head":"<!-- This site is optimized with the Yoast SEO plugin v27.3 - https:\/\/yoast.com\/product\/yoast-seo-wordpress\/ -->\n<title>Cheap Flights from\u00a0Cape Town to London<\/title>\n<meta name=\"description\" content=\"Looking for cheap flights from Cape Town to London? Search, compare and book cheap airline ticket from Cape Town to London online\" \/>\n<meta name=\"robots\" content=\"index, follow, max-snippet:-1, max-image-preview:large, max-video-preview:-1\" \/>\n<link rel=\"canonical\" href=\"https:\/\/tiketi.com\/fr-fr\/flights-cape-town-london-cpt-lhr\/\" \/>\n<meta property=\"og:locale\" content=\"fr_FR\" \/>\n<meta property=\"og:type\" content=\"article\" \/>\n<meta property=\"og:title\" content=\"Cheap Flights from\u00a0Cape Town to London\" \/>\n<meta property=\"og:description\" content=\"Looking for cheap flights from Cape Town to London? Search, compare and book cheap airline ticket from Cape Town to London online\" \/>\n<meta property=\"og:url\" content=\"https:\/\/tiketi.com\/fr-fr\/flights-cape-town-london-cpt-lhr\/\" \/>\n<meta property=\"og:site_name\" content=\"Tiketi.com\" \/>\n<meta property=\"article:publisher\" content=\"https:\/\/www.facebook.com\/TiketiCom\/\" \/>\n<meta property=\"article:modified_time\" content=\"2022-02-07T16:18:13+00:00\" \/>\n<meta property=\"og:image\" content=\"https:\/\/tiketi.com\/wp-content\/uploads\/2022\/01\/london-2239726_1280.jpg\" \/>\n\t<meta property=\"og:image:width\" content=\"1200\" \/>\n\t<meta property=\"og:image:height\" content=\"200\" \/>\n\t<meta property=\"og:image:type\" content=\"image\/jpeg\" \/>\n<meta name=\"twitter:card\" content=\"summary_large_image\" \/>\n<meta name=\"twitter:label1\" content=\"Dur\u00e9e de lecture estim\u00e9e\" \/>\n\t<meta name=\"twitter:data1\" content=\"3 minutes\" \/>\n<script type=\"application\/ld+json\" class=\"yoast-schema-graph\">{\"@context\":\"https:\\\/\\\/schema.org\",\"@graph\":[{\"@type\":\"WebPage\",\"@id\":\"https:\\\/\\\/tiketi.com\\\/flights-cape-town-london-cpt-lhr\\\/\",\"url\":\"https:\\\/\\\/tiketi.com\\\/flights-cape-town-london-cpt-lhr\\\/\",\"name\":\"Cheap Flights from\u00a0Cape Town to London\",\"isPartOf\":{\"@id\":\"https:\\\/\\\/tiketi.com\\\/#website\"},\"primaryImageOfPage\":{\"@id\":\"https:\\\/\\\/tiketi.com\\\/flights-cape-town-london-cpt-lhr\\\/#primaryimage\"},\"image\":{\"@id\":\"https:\\\/\\\/tiketi.com\\\/flights-cape-town-london-cpt-lhr\\\/#primaryimage\"},\"thumbnailUrl\":\"https:\\\/\\\/tiketi.com\\\/wp-content\\\/uploads\\\/2022\\\/01\\\/london-2239726_1280.jpg\",\"datePublished\":\"2022-01-19T11:55:11+00:00\",\"dateModified\":\"2022-02-07T16:18:13+00:00\",\"description\":\"Looking for cheap flights from Cape Town to London? Search, compare and book cheap airline ticket from Cape Town to London online\",\"breadcrumb\":{\"@id\":\"https:\\\/\\\/tiketi.com\\\/flights-cape-town-london-cpt-lhr\\\/#breadcrumb\"},\"inLanguage\":\"fr-FR\",\"potentialAction\":[{\"@type\":\"ReadAction\",\"target\":[\"https:\\\/\\\/tiketi.com\\\/flights-cape-town-london-cpt-lhr\\\/\"]}]},{\"@type\":\"ImageObject\",\"inLanguage\":\"fr-FR\",\"@id\":\"https:\\\/\\\/tiketi.com\\\/flights-cape-town-london-cpt-lhr\\\/#primaryimage\",\"url\":\"https:\\\/\\\/tiketi.com\\\/wp-content\\\/uploads\\\/2022\\\/01\\\/london-2239726_1280.jpg\",\"contentUrl\":\"https:\\\/\\\/tiketi.com\\\/wp-content\\\/uploads\\\/2022\\\/01\\\/london-2239726_1280.jpg\",\"width\":1200,\"height\":200,\"caption\":\"Air Taxi in London\"},{\"@type\":\"BreadcrumbList\",\"@id\":\"https:\\\/\\\/tiketi.com\\\/flights-cape-town-london-cpt-lhr\\\/#breadcrumb\",\"itemListElement\":[{\"@type\":\"ListItem\",\"position\":1,\"name\":\"Home\",\"item\":\"https:\\\/\\\/tiketi.com\\\/\"},{\"@type\":\"ListItem\",\"position\":2,\"name\":\"Cheap Flights from\u00a0Cape Town to London\"}]},{\"@type\":\"WebSite\",\"@id\":\"https:\\\/\\\/tiketi.com\\\/#website\",\"url\":\"https:\\\/\\\/tiketi.com\\\/\",\"name\":\"Flight & Bus Tickets, Tour Packages & Activitites - Tiketi.com\",\"description\":\"Flight &amp; Bus Tickets, Tours, Activitites\",\"publisher\":{\"@id\":\"https:\\\/\\\/tiketi.com\\\/#organization\"},\"potentialAction\":[{\"@type\":\"SearchAction\",\"target\":{\"@type\":\"EntryPoint\",\"urlTemplate\":\"https:\\\/\\\/tiketi.com\\\/?s={search_term_string}\"},\"query-input\":{\"@type\":\"PropertyValueSpecification\",\"valueRequired\":true,\"valueName\":\"search_term_string\"}}],\"inLanguage\":\"fr-FR\"},{\"@type\":\"Organization\",\"@id\":\"https:\\\/\\\/tiketi.com\\\/#organization\",\"name\":\"Tiketi.com\",\"alternateName\":\"Tiketi\",\"url\":\"https:\\\/\\\/tiketi.com\\\/\",\"logo\":{\"@type\":\"ImageObject\",\"inLanguage\":\"fr-FR\",\"@id\":\"https:\\\/\\\/tiketi.com\\\/#\\\/schema\\\/logo\\\/image\\\/\",\"url\":\"https:\\\/\\\/tiketi.com\\\/wp-content\\\/uploads\\\/2019\\\/05\\\/tiketi-logo-696.png\",\"contentUrl\":\"https:\\\/\\\/tiketi.com\\\/wp-content\\\/uploads\\\/2019\\\/05\\\/tiketi-logo-696.png\",\"width\":696,\"height\":696,\"caption\":\"Tiketi.com\"},\"image\":{\"@id\":\"https:\\\/\\\/tiketi.com\\\/#\\\/schema\\\/logo\\\/image\\\/\"},\"sameAs\":[\"https:\\\/\\\/www.facebook.com\\\/TiketiCom\\\/\"]}]}<\/script>\n<!-- \/ Yoast SEO plugin. -->","yoast_head_json":{"title":"Vols \u00e0 bas prix de Le Cap \u00e0 Londres","description":"Vous recherchez des vols \u00e0 bas prix de Le Cap \u00e0 Londres ? Recherchez, comparez et r\u00e9servez en ligne un billet d&#039;avion pas cher de Le Cap \u00e0 Londres","robots":{"index":"index","follow":"follow","max-snippet":"max-snippet:-1","max-image-preview":"max-image-preview:large","max-video-preview":"max-video-preview:-1"},"canonical":"https:\/\/tiketi.com\/fr-fr\/flights-cape-town-london-cpt-lhr\/","og_locale":"fr_FR","og_type":"article","og_title":"Cheap Flights from\u00a0Cape Town to London","og_description":"Looking for cheap flights from Cape Town to London? Search, compare and book cheap airline ticket from Cape Town to London online","og_url":"https:\/\/tiketi.com\/fr-fr\/flights-cape-town-london-cpt-lhr\/","og_site_name":"Tiketi.com","article_publisher":"https:\/\/www.facebook.com\/TiketiCom\/","article_modified_time":"2022-02-07T16:18:13+00:00","og_image":[{"width":1200,"height":200,"url":"https:\/\/tiketi.com\/wp-content\/uploads\/2022\/01\/london-2239726_1280.jpg","type":"image\/jpeg"}],"twitter_card":"summary_large_image","twitter_misc":{"Dur\u00e9e de lecture estim\u00e9e":"3 minutes"},"schema":{"@context":"https:\/\/schema.org","@graph":[{"@type":"WebPage","@id":"https:\/\/tiketi.com\/flights-cape-town-london-cpt-lhr\/","url":"https:\/\/tiketi.com\/flights-cape-town-london-cpt-lhr\/","name":"Vols \u00e0 bas prix de Le Cap \u00e0 Londres","isPartOf":{"@id":"https:\/\/tiketi.com\/#website"},"primaryImageOfPage":{"@id":"https:\/\/tiketi.com\/flights-cape-town-london-cpt-lhr\/#primaryimage"},"image":{"@id":"https:\/\/tiketi.com\/flights-cape-town-london-cpt-lhr\/#primaryimage"},"thumbnailUrl":"https:\/\/tiketi.com\/wp-content\/uploads\/2022\/01\/london-2239726_1280.jpg","datePublished":"2022-01-19T11:55:11+00:00","dateModified":"2022-02-07T16:18:13+00:00","description":"Vous recherchez des vols \u00e0 bas prix de Le Cap \u00e0 Londres ? Recherchez, comparez et r\u00e9servez en ligne un billet d&#039;avion pas cher de Le Cap \u00e0 Londres","breadcrumb":{"@id":"https:\/\/tiketi.com\/flights-cape-town-london-cpt-lhr\/#breadcrumb"},"inLanguage":"fr-FR","potentialAction":[{"@type":"ReadAction","target":["https:\/\/tiketi.com\/flights-cape-town-london-cpt-lhr\/"]}]},{"@type":"ImageObject","inLanguage":"fr-FR","@id":"https:\/\/tiketi.com\/flights-cape-town-london-cpt-lhr\/#primaryimage","url":"https:\/\/tiketi.com\/wp-content\/uploads\/2022\/01\/london-2239726_1280.jpg","contentUrl":"https:\/\/tiketi.com\/wp-content\/uploads\/2022\/01\/london-2239726_1280.jpg","width":1200,"height":200,"caption":"Air Taxi in London"},{"@type":"BreadcrumbList","@id":"https:\/\/tiketi.com\/flights-cape-town-london-cpt-lhr\/#breadcrumb","itemListElement":[{"@type":"ListItem","position":1,"name":"Home","item":"https:\/\/tiketi.com\/"},{"@type":"ListItem","position":2,"name":"Cheap Flights from\u00a0Cape Town to London"}]},{"@type":"WebSite","@id":"https:\/\/tiketi.com\/#website","url":"https:\/\/tiketi.com\/","name":"Billets d&#039;avion et de bus, forfaits touristiques et activit\u00e9s - Tiketi.com","description":"Billets d&#039;avion et de bus, Tours, Activit\u00e9s","publisher":{"@id":"https:\/\/tiketi.com\/#organization"},"potentialAction":[{"@type":"SearchAction","target":{"@type":"EntryPoint","urlTemplate":"https:\/\/tiketi.com\/?s={search_term_string}"},"query-input":{"@type":"PropertyValueSpecification","valueRequired":true,"valueName":"search_term_string"}}],"inLanguage":"fr-FR"},{"@type":"Organization","@id":"https:\/\/tiketi.com\/#organization","name":"Tiketi.com","alternateName":"Tiketi","url":"https:\/\/tiketi.com\/","logo":{"@type":"ImageObject","inLanguage":"fr-FR","@id":"https:\/\/tiketi.com\/#\/schema\/logo\/image\/","url":"https:\/\/tiketi.com\/wp-content\/uploads\/2019\/05\/tiketi-logo-696.png","contentUrl":"https:\/\/tiketi.com\/wp-content\/uploads\/2019\/05\/tiketi-logo-696.png","width":696,"height":696,"caption":"Tiketi.com"},"image":{"@id":"https:\/\/tiketi.com\/#\/schema\/logo\/image\/"},"sameAs":["https:\/\/www.facebook.com\/TiketiCom\/"]}]}},"_links":{"self":[{"href":"https:\/\/tiketi.com\/fr-fr\/wp-json\/wp\/v2\/pages\/11776","targetHints":{"allow":["GET"]}}],"collection":[{"href":"https:\/\/tiketi.com\/fr-fr\/wp-json\/wp\/v2\/pages"}],"about":[{"href":"https:\/\/tiketi.com\/fr-fr\/wp-json\/wp\/v2\/types\/page"}],"author":[{"embeddable":true,"href":"https:\/\/tiketi.com\/fr-fr\/wp-json\/wp\/v2\/users\/1"}],"replies":[{"embeddable":true,"href":"https:\/\/tiketi.com\/fr-fr\/wp-json\/wp\/v2\/comments?post=11776"}],"version-history":[{"count":0,"href":"https:\/\/tiketi.com\/fr-fr\/wp-json\/wp\/v2\/pages\/11776\/revisions"}],"wp:featuredmedia":[{"embeddable":true,"href":"https:\/\/tiketi.com\/fr-fr\/wp-json\/wp\/v2\/media\/14230"}],"wp:attachment":[{"href":"https:\/\/tiketi.com\/fr-fr\/wp-json\/wp\/v2\/media?parent=11776"}],"curies":[{"name":"wp","href":"https:\/\/api.w.org\/{rel}","templated":true}]}}