{"id":11777,"date":"2022-01-19T12:55:11","date_gmt":"2022-01-19T11:55:11","guid":{"rendered":"https:\/\/new.tiketi.com\/cheap-flights-from-cape-town-to-dubai\/"},"modified":"2022-02-07T13:17:45","modified_gmt":"2022-02-07T12:17:45","slug":"flights-cape-town-dubai-cpt-dbx","status":"publish","type":"page","link":"https:\/\/tiketi.com\/fr-fr\/flights-cape-town-dubai-cpt-dbx\/","title":{"rendered":"Vols pas chers de Le Cap \u00e0 Duba\u00ef"},"content":{"rendered":"<h2>Vous cherchez un billet d&#039;avion pas cher \u00e0 partir de Le Cap pour Duba\u00ef ou des offres de derni\u00e8re minute ?<\/h2>\n<h3>Recherchez, comparez et r\u00e9servez d\u00e8s maintenant un billet d&#039;avion pas cher de Le Cap (CPT) \u00e0 Duba\u00ef (DBX).<\/h3>\n<p>R\u00e9servez des vols pas chers de Le Cap \u00e0 Duba\u00ef en ligne et \u00e9conomisez du temps et de l&#039;argent. De Palam Jumeirah \u00e0 Burj Khalifa, explorez les meilleures choses \u00e0 faire et les attractions touristiques incontournables de Duba\u00ef. R\u00e9servez des vols du Cap vers Duba\u00ef au prix le moins cher \u2013 b\u00e9n\u00e9ficiez de bonnes affaires sur votre billet d&#039;avion du Cap vers Duba\u00ef en ligne. Allez-y et profitez d\u00e8s maintenant d&#039;offres incroyables sur les billets d&#039;avion du Cap \u00e0 Duba\u00ef.<\/p>\n<h3>Le d\u00e9sert<\/h3>\n<p>\u00c0 moins de 20 minutes en voiture des rues les plus r\u00e9centes du centre-ville de Duba\u00ef, vous pourrez d\u00e9couvrir les merveilles du d\u00e9sert d&#039;Arabie, v\u00e9ritable attraction touristique de Duba\u00ef. Participez \u00e0 un safari dans le d\u00e9sert \u00e0 la mani\u00e8re de Duba\u00ef avec du tout-terrain, du sandboard et du quad, suivi de barbecues traditionnels, de promenades \u00e0 dos de chameau et de henn\u00e9. ou tout simplement partir en voiture et d\u00e9couvrir les surprises du d\u00e9sert dans votre propre aventure. Ceux qui recherchent le luxe devraient s&#039;offrir un d\u00eener et un safari patrimonial.<\/p>\n<h3>Al-Fahidi<\/h3>\n<p>Quartier historique d&#039;Al Fahidi \u00e0 Bur Duba\u00ef. Bien visible \u00e0 pied, cette zone offre une vue magnifique sur une \u00e9poque r\u00e9volue avec des tours \u00e0 vent traditionnelles et un labyrinthe de ruelles sinueuses. Vous pouvez visiter le Centre Cheikh Mohammed pour la compr\u00e9hension culturelle, o\u00f9 les visiteurs peuvent rejoindre les classiques arabes, les voyages patrimoniaux et les visites planifi\u00e9es de mosqu\u00e9es pour une excellente valeur de la culture nationale.<\/p>\n<h3>Canal de Duba\u00ef<\/h3>\n<p>Le canal d&#039;eau de Duba\u00ef est une voie navigable longue de 3,2 km qui s&#039;\u00e9tend du ruisseau du vieux Duba\u00ef via Business Bay avant de se diriger vers le golfe Persique. Le canal de Duba\u00ef cr\u00e9era 80 000 m\u00b2 d&#039;espaces publics et d&#039;installations au bord de l&#039;eau, pour ajouter de nouveaux lieux de loisirs comme une piste de course de 3 km et une piste cyclable de 12 km.<\/p>\n<h2>FAQ sur les vols pas chers de Le Cap \u00e0 Duba\u00ef<\/h2>\n<h3>Quelle est la dur\u00e9e des vols les moins chers du Cap vers Duba\u00ef ?<\/h3>\n<p>Vous pouvez deviner une dur\u00e9e de vol du Cap \u00e0 Duba\u00ef allant jusqu&#039;\u00e0 dix heures en vol direct.<\/p>\n<h3>En moyenne, combien de vols par jour d\u00e9collent de Le Cap \u00e0 Duba\u00ef ?<\/h3>\n<p>En moyenne, quatorze vols d\u00e9collent chaque jour de A\u00e9roport international du Cap \u00e0 destination de Duba\u00ef et d&#039;autres a\u00e9roports.<\/p>\n<p>\u2022 Apr\u00e8s-midi\u00a0: 50\u00a0% des d\u00e9parts de vols<\/p>\n<p>\u2022 Soir\u00e9e \u2013 cinquante d\u00e9parts de vols<\/p>\n<h3>Quelles compagnies a\u00e9riennes proposent des vols de Le Cap \u00e0 Duba\u00ef ?<\/h3>\n<p>Il existe actuellement deux compagnies a\u00e9riennes proposant des vols directs du Cap \u00e0 Duba\u00ef, SAA et Emirates.<\/p>\n<h3>Quelles sont les compagnies a\u00e9riennes les plus c\u00e9l\u00e8bres du Cap pour trouver un billet d&#039;avion pas cher du Cap \u00e0 Duba\u00ef direct ?<\/h3>\n<p>Emirates propose 100 % des vols sans escale entre Duba\u00ef et Le Cap.<\/p>\n<h2>Conseils pour les vols pas chers du Cap \u00e0 Duba\u00ef<\/h2>\n<p>\u2022 Le Cap est \u00e0 4 755 milles de Duba\u00ef.<\/p>\n<p>\u2022 Quatre vols sans escale sont assur\u00e9s du Cap \u00e0 Duba\u00ef.<\/p>\n<p>\u2022 Emirates propose le plus grand nombre de vols sans escale entre Duba\u00ef et Le Cap.<\/p>\n<p>\u2022 Johannesburg \u2013 OR Tambo International est le lien le plus c\u00e9l\u00e8bre pour les vols pas chers avec escale du Cap \u00e0 Duba\u00ef.<\/p>","protected":false},"excerpt":{"rendered":"<p>Looking for cheap airline ticket from Cape Town to Dubai\u00a0or last minute deals? Search, compare and book cheap airline ticket from Cape Town (CPT) to Dubai (DBX) online now. Book cheap flights from Cape Town to Dubai online and save time and money. From Palam Jumeirah to Burj Khalifa, explore Dubai&#8217;s top things to do [&hellip;]<\/p>\n","protected":false},"author":1,"featured_media":16474,"parent":0,"menu_order":0,"comment_status":"open","ping_status":"closed","template":"template-home-modern.php","meta":{"footnotes":""},"class_list":["post-11777","page","type-page","status-publish","has-post-thumbnail","hentry"],"yoast_head":"<!-- This site is optimized with the Yoast SEO plugin v27.3 - https:\/\/yoast.com\/product\/yoast-seo-wordpress\/ -->\n<title>Cheap Flights from\u00a0Cape Town to Dubai<\/title>\n<meta name=\"description\" content=\"Looking for flights from\u00a0Cape Town to Dubai? Book cheap flights from\u00a0Cape Town to Dubai online\" \/>\n<meta name=\"robots\" content=\"index, follow, max-snippet:-1, max-image-preview:large, max-video-preview:-1\" \/>\n<link rel=\"canonical\" href=\"https:\/\/tiketi.com\/fr-fr\/flights-cape-town-dubai-cpt-dbx\/\" \/>\n<meta property=\"og:locale\" content=\"fr_FR\" \/>\n<meta property=\"og:type\" content=\"article\" \/>\n<meta property=\"og:title\" content=\"Cheap Flights from\u00a0Cape Town to Dubai\" \/>\n<meta property=\"og:description\" content=\"Looking for flights from\u00a0Cape Town to Dubai? Book cheap flights from\u00a0Cape Town to Dubai online\" \/>\n<meta property=\"og:url\" content=\"https:\/\/tiketi.com\/fr-fr\/flights-cape-town-dubai-cpt-dbx\/\" \/>\n<meta property=\"og:site_name\" content=\"Tiketi.com\" \/>\n<meta property=\"article:publisher\" content=\"https:\/\/www.facebook.com\/TiketiCom\/\" \/>\n<meta property=\"article:modified_time\" content=\"2022-02-07T12:17:45+00:00\" \/>\n<meta property=\"og:image\" content=\"https:\/\/tiketi.com\/wp-content\/uploads\/2022\/02\/dubai-skyline-buildings-183.jpg\" \/>\n\t<meta property=\"og:image:width\" content=\"1200\" \/>\n\t<meta property=\"og:image:height\" content=\"202\" \/>\n\t<meta property=\"og:image:type\" content=\"image\/jpeg\" \/>\n<meta name=\"twitter:card\" content=\"summary_large_image\" \/>\n<meta name=\"twitter:label1\" content=\"Dur\u00e9e de lecture estim\u00e9e\" \/>\n\t<meta name=\"twitter:data1\" content=\"3 minutes\" \/>\n<script type=\"application\/ld+json\" class=\"yoast-schema-graph\">{\"@context\":\"https:\\\/\\\/schema.org\",\"@graph\":[{\"@type\":\"WebPage\",\"@id\":\"https:\\\/\\\/tiketi.com\\\/sw\\\/flights-cape-town-dubai-cpt-dbx\\\/\",\"url\":\"https:\\\/\\\/tiketi.com\\\/sw\\\/flights-cape-town-dubai-cpt-dbx\\\/\",\"name\":\"Cheap Flights from\u00a0Cape Town to Dubai\",\"isPartOf\":{\"@id\":\"https:\\\/\\\/tiketi.com\\\/#website\"},\"primaryImageOfPage\":{\"@id\":\"https:\\\/\\\/tiketi.com\\\/sw\\\/flights-cape-town-dubai-cpt-dbx\\\/#primaryimage\"},\"image\":{\"@id\":\"https:\\\/\\\/tiketi.com\\\/sw\\\/flights-cape-town-dubai-cpt-dbx\\\/#primaryimage\"},\"thumbnailUrl\":\"https:\\\/\\\/tiketi.com\\\/wp-content\\\/uploads\\\/2022\\\/02\\\/dubai-skyline-buildings-183.jpg\",\"datePublished\":\"2022-01-19T11:55:11+00:00\",\"dateModified\":\"2022-02-07T12:17:45+00:00\",\"description\":\"Looking for flights from\u00a0Cape Town to Dubai? Book cheap flights from\u00a0Cape Town to Dubai online\",\"breadcrumb\":{\"@id\":\"https:\\\/\\\/tiketi.com\\\/sw\\\/flights-cape-town-dubai-cpt-dbx\\\/#breadcrumb\"},\"inLanguage\":\"fr-FR\",\"potentialAction\":[{\"@type\":\"ReadAction\",\"target\":[\"https:\\\/\\\/tiketi.com\\\/sw\\\/flights-cape-town-dubai-cpt-dbx\\\/\"]}]},{\"@type\":\"ImageObject\",\"inLanguage\":\"fr-FR\",\"@id\":\"https:\\\/\\\/tiketi.com\\\/sw\\\/flights-cape-town-dubai-cpt-dbx\\\/#primaryimage\",\"url\":\"https:\\\/\\\/tiketi.com\\\/wp-content\\\/uploads\\\/2022\\\/02\\\/dubai-skyline-buildings-183.jpg\",\"contentUrl\":\"https:\\\/\\\/tiketi.com\\\/wp-content\\\/uploads\\\/2022\\\/02\\\/dubai-skyline-buildings-183.jpg\",\"width\":1200,\"height\":202,\"caption\":\"Air Taxi in Dubai\"},{\"@type\":\"BreadcrumbList\",\"@id\":\"https:\\\/\\\/tiketi.com\\\/sw\\\/flights-cape-town-dubai-cpt-dbx\\\/#breadcrumb\",\"itemListElement\":[{\"@type\":\"ListItem\",\"position\":1,\"name\":\"Home\",\"item\":\"https:\\\/\\\/tiketi.com\\\/\"},{\"@type\":\"ListItem\",\"position\":2,\"name\":\"Cheap Flights from\u00a0Cape Town to Dubai\"}]},{\"@type\":\"WebSite\",\"@id\":\"https:\\\/\\\/tiketi.com\\\/#website\",\"url\":\"https:\\\/\\\/tiketi.com\\\/\",\"name\":\"Flight & Bus Tickets, Tour Packages & Activitites - Tiketi.com\",\"description\":\"Flight &amp; Bus Tickets, Tours, Activitites\",\"publisher\":{\"@id\":\"https:\\\/\\\/tiketi.com\\\/#organization\"},\"potentialAction\":[{\"@type\":\"SearchAction\",\"target\":{\"@type\":\"EntryPoint\",\"urlTemplate\":\"https:\\\/\\\/tiketi.com\\\/?s={search_term_string}\"},\"query-input\":{\"@type\":\"PropertyValueSpecification\",\"valueRequired\":true,\"valueName\":\"search_term_string\"}}],\"inLanguage\":\"fr-FR\"},{\"@type\":\"Organization\",\"@id\":\"https:\\\/\\\/tiketi.com\\\/#organization\",\"name\":\"Tiketi.com\",\"alternateName\":\"Tiketi\",\"url\":\"https:\\\/\\\/tiketi.com\\\/\",\"logo\":{\"@type\":\"ImageObject\",\"inLanguage\":\"fr-FR\",\"@id\":\"https:\\\/\\\/tiketi.com\\\/#\\\/schema\\\/logo\\\/image\\\/\",\"url\":\"https:\\\/\\\/tiketi.com\\\/wp-content\\\/uploads\\\/2019\\\/05\\\/tiketi-logo-696.png\",\"contentUrl\":\"https:\\\/\\\/tiketi.com\\\/wp-content\\\/uploads\\\/2019\\\/05\\\/tiketi-logo-696.png\",\"width\":696,\"height\":696,\"caption\":\"Tiketi.com\"},\"image\":{\"@id\":\"https:\\\/\\\/tiketi.com\\\/#\\\/schema\\\/logo\\\/image\\\/\"},\"sameAs\":[\"https:\\\/\\\/www.facebook.com\\\/TiketiCom\\\/\"]}]}<\/script>\n<!-- \/ Yoast SEO plugin. -->","yoast_head_json":{"title":"Vols pas chers de Le Cap \u00e0 Duba\u00ef","description":"Vous recherchez des vols de Le Cap vers Duba\u00ef ? R\u00e9servez en ligne des vols pas chers de Le Cap \u00e0 Duba\u00ef","robots":{"index":"index","follow":"follow","max-snippet":"max-snippet:-1","max-image-preview":"max-image-preview:large","max-video-preview":"max-video-preview:-1"},"canonical":"https:\/\/tiketi.com\/fr-fr\/flights-cape-town-dubai-cpt-dbx\/","og_locale":"fr_FR","og_type":"article","og_title":"Cheap Flights from\u00a0Cape Town to Dubai","og_description":"Looking for flights from\u00a0Cape Town to Dubai? Book cheap flights from\u00a0Cape Town to Dubai online","og_url":"https:\/\/tiketi.com\/fr-fr\/flights-cape-town-dubai-cpt-dbx\/","og_site_name":"Tiketi.com","article_publisher":"https:\/\/www.facebook.com\/TiketiCom\/","article_modified_time":"2022-02-07T12:17:45+00:00","og_image":[{"width":1200,"height":202,"url":"https:\/\/tiketi.com\/wp-content\/uploads\/2022\/02\/dubai-skyline-buildings-183.jpg","type":"image\/jpeg"}],"twitter_card":"summary_large_image","twitter_misc":{"Dur\u00e9e de lecture estim\u00e9e":"3 minutes"},"schema":{"@context":"https:\/\/schema.org","@graph":[{"@type":"WebPage","@id":"https:\/\/tiketi.com\/sw\/flights-cape-town-dubai-cpt-dbx\/","url":"https:\/\/tiketi.com\/sw\/flights-cape-town-dubai-cpt-dbx\/","name":"Vols pas chers de Le Cap \u00e0 Duba\u00ef","isPartOf":{"@id":"https:\/\/tiketi.com\/#website"},"primaryImageOfPage":{"@id":"https:\/\/tiketi.com\/sw\/flights-cape-town-dubai-cpt-dbx\/#primaryimage"},"image":{"@id":"https:\/\/tiketi.com\/sw\/flights-cape-town-dubai-cpt-dbx\/#primaryimage"},"thumbnailUrl":"https:\/\/tiketi.com\/wp-content\/uploads\/2022\/02\/dubai-skyline-buildings-183.jpg","datePublished":"2022-01-19T11:55:11+00:00","dateModified":"2022-02-07T12:17:45+00:00","description":"Vous recherchez des vols de Le Cap vers Duba\u00ef ? R\u00e9servez en ligne des vols pas chers de Le Cap \u00e0 Duba\u00ef","breadcrumb":{"@id":"https:\/\/tiketi.com\/sw\/flights-cape-town-dubai-cpt-dbx\/#breadcrumb"},"inLanguage":"fr-FR","potentialAction":[{"@type":"ReadAction","target":["https:\/\/tiketi.com\/sw\/flights-cape-town-dubai-cpt-dbx\/"]}]},{"@type":"ImageObject","inLanguage":"fr-FR","@id":"https:\/\/tiketi.com\/sw\/flights-cape-town-dubai-cpt-dbx\/#primaryimage","url":"https:\/\/tiketi.com\/wp-content\/uploads\/2022\/02\/dubai-skyline-buildings-183.jpg","contentUrl":"https:\/\/tiketi.com\/wp-content\/uploads\/2022\/02\/dubai-skyline-buildings-183.jpg","width":1200,"height":202,"caption":"Air Taxi in Dubai"},{"@type":"BreadcrumbList","@id":"https:\/\/tiketi.com\/sw\/flights-cape-town-dubai-cpt-dbx\/#breadcrumb","itemListElement":[{"@type":"ListItem","position":1,"name":"Home","item":"https:\/\/tiketi.com\/"},{"@type":"ListItem","position":2,"name":"Cheap Flights from\u00a0Cape Town to Dubai"}]},{"@type":"WebSite","@id":"https:\/\/tiketi.com\/#website","url":"https:\/\/tiketi.com\/","name":"Billets d&#039;avion et de bus, forfaits touristiques et activit\u00e9s - Tiketi.com","description":"Billets d&#039;avion et de bus, Tours, Activit\u00e9s","publisher":{"@id":"https:\/\/tiketi.com\/#organization"},"potentialAction":[{"@type":"SearchAction","target":{"@type":"EntryPoint","urlTemplate":"https:\/\/tiketi.com\/?s={search_term_string}"},"query-input":{"@type":"PropertyValueSpecification","valueRequired":true,"valueName":"search_term_string"}}],"inLanguage":"fr-FR"},{"@type":"Organization","@id":"https:\/\/tiketi.com\/#organization","name":"Tiketi.com","alternateName":"Tiketi","url":"https:\/\/tiketi.com\/","logo":{"@type":"ImageObject","inLanguage":"fr-FR","@id":"https:\/\/tiketi.com\/#\/schema\/logo\/image\/","url":"https:\/\/tiketi.com\/wp-content\/uploads\/2019\/05\/tiketi-logo-696.png","contentUrl":"https:\/\/tiketi.com\/wp-content\/uploads\/2019\/05\/tiketi-logo-696.png","width":696,"height":696,"caption":"Tiketi.com"},"image":{"@id":"https:\/\/tiketi.com\/#\/schema\/logo\/image\/"},"sameAs":["https:\/\/www.facebook.com\/TiketiCom\/"]}]}},"_links":{"self":[{"href":"https:\/\/tiketi.com\/fr-fr\/wp-json\/wp\/v2\/pages\/11777","targetHints":{"allow":["GET"]}}],"collection":[{"href":"https:\/\/tiketi.com\/fr-fr\/wp-json\/wp\/v2\/pages"}],"about":[{"href":"https:\/\/tiketi.com\/fr-fr\/wp-json\/wp\/v2\/types\/page"}],"author":[{"embeddable":true,"href":"https:\/\/tiketi.com\/fr-fr\/wp-json\/wp\/v2\/users\/1"}],"replies":[{"embeddable":true,"href":"https:\/\/tiketi.com\/fr-fr\/wp-json\/wp\/v2\/comments?post=11777"}],"version-history":[{"count":0,"href":"https:\/\/tiketi.com\/fr-fr\/wp-json\/wp\/v2\/pages\/11777\/revisions"}],"wp:featuredmedia":[{"embeddable":true,"href":"https:\/\/tiketi.com\/fr-fr\/wp-json\/wp\/v2\/media\/16474"}],"wp:attachment":[{"href":"https:\/\/tiketi.com\/fr-fr\/wp-json\/wp\/v2\/media?parent=11777"}],"curies":[{"name":"wp","href":"https:\/\/api.w.org\/{rel}","templated":true}]}}