{"id":11779,"date":"2022-01-19T12:55:11","date_gmt":"2022-01-19T11:55:11","guid":{"rendered":"https:\/\/new.tiketi.com\/cheap-flights-from-luanda-to-lisbon-portugal\/"},"modified":"2022-02-09T10:54:00","modified_gmt":"2022-02-09T09:54:00","slug":"flights-luanda-lisbon-lad-lis","status":"publish","type":"page","link":"https:\/\/tiketi.com\/fr-fr\/flights-luanda-lisbon-lad-lis\/","title":{"rendered":"Vols \u00e0 bas prix de Luanda \u00e0 Lisbonne Portugal"},"content":{"rendered":"<h2>Vous recherchez un billet d&#039;avion pas cher Luanda - Lisbonne ou des offres de derni\u00e8re minute ?<\/h2>\n<h3>Recherchez, comparez et r\u00e9servez un billet d&#039;avion pas cher entre Luanda (LAD) et Lisbonne (LIS)<span style=\"font-size: 16px;\">&nbsp;<\/span>maintenant en ligne.<\/h3>\n<p>R\u00e9servez en ligne des vols \u00e0 bas prix de Luanda \u00e0 Lisbonne et \u00e9conomisez de l&#039;argent sur les billets d&#039;avion. Lisbonne est un endroit dynamique et color\u00e9. R\u00e9put\u00e9e pour sa disposition chaude et ensoleill\u00e9e, la ville est dot\u00e9e d&#039;une multitude de monuments historiques, de mus\u00e9es de premier ordre et d&#039;une foule d&#039;autres choses charmantes \u00e0 faire. Comparez les prix et obtenez les meilleurs tarifs sur les billets d&#039;avion de Luanda \u00e0 Lisbonne gr\u00e2ce \u00e0 des offres exceptionnelles sur la r\u00e9servation de billets en ligne de vols Luanda \u00e0 Lisbonne.<\/p>\n<h2>Voici quelques-unes des meilleures attractions de Lisbonne Portugal<\/h2>\n<h3>Ch\u00e2teau de S\u00e3o Jorge<\/h3>\n<p>La plus c\u00e9l\u00e8bre des grandes attractions de Lisbonne, le ch\u00e2teau Saint-Georges est un endroit merveilleux pr\u00e8s d&#039;Alfama, au sommet d&#039;une colline surplombant la capitale portugaise. C&#039;est l&#039;un des lieux touristiques les plus c\u00e9l\u00e8bres de Lisbonne. Son remarquable mus\u00e9e attrayant, ses remparts et son magnifique site arch\u00e9ologique se rassemblent pour faire du ch\u00e2teau une exp\u00e9rience enrichissante pour toute la famille et les enfants.<\/p>\n<h3>Mosteiro dos Jer\u00f3nimos<\/h3>\n<p>Point culminant de tout voyage touristique \u00e0 Lisbonne, le monast\u00e8re des Jeronimos du XVIe si\u00e8cle est l&#039;un des monuments remarquables du Portugal, un merveilleux monument d&#039;une immense importance historique et culturelle qui m\u00e9rite son honneur au patrimoine mondial de l&#039;UNESCO. Pr\u00e8s du bord de la rivi\u00e8re dans le magnifique quartier de Bel\u00e9m \u00e0 Lisbonne, le monast\u00e8re, \u00e9galement appel\u00e9 couvent des Hi\u00e9ronymites, a \u00e9t\u00e9 command\u00e9 par le Roi Manuel I 1501.<\/p>\n<h3>Ocean\u00e1rio de Lisboa<\/h3>\n<p>L&#039;Oc\u00e9anarium de Lisbonne est l&#039;un des plus beaux aquariums de l&#039;ouest et l&#039;un des plus grands de la plan\u00e8te. Con\u00e7u par Peter Chermayeff et construit pour la Word Exposition Expo 98 dans une zone d\u00e9sormais connue sous le nom de Parque das Nacoes, l&#039;oc\u00e9anarium abrite une gamme \u00e9poustouflante d&#039;animaux marins et de poissons.<\/p>\n<h2>FAQ sur les vols pas chers de Luanda \u00e0 Lisbonne<\/h2>\n<h3>Quelle est la distance de Lisbonne \u00e0 Luanda ?<\/h3>\n<p>La distance entre Lisbonne et Luanda est de 5 775 kilom\u00e8tres.<\/p>\n<h3>Quelle est la dur\u00e9e du vol Luanda-Lisbonne ?<\/h3>\n<p>Le temps de vol commun de Luanda \u00e0 Lisbonne est de sept heures et trente et une minutes.<\/p>\n<h3>Quelle est la fr\u00e9quence des vols directs Luanda-Lisbonne ?<\/h3>\n<p>Il y a vingt et un vols directs Luanda-Lisbonne.<\/p>\n<h3>Quelles sont les compagnies a\u00e9riennes Luanda les plus connues pour les vols directs Luanda et Lisbonne ?<\/h3>\n<p>Taag Angola Airlines assure soixante-six pour cent des vols sans escale entre Lisbonne et Luanda.<\/p>\n<h3>Combien de compagnies a\u00e9riennes proposent le billet d&#039;avion le moins cher entre Luanda et Lisbonne ?<\/h3>\n<p>Deux compagnies a\u00e9riennes proposent des billets d&#039;avion pas chers de Luanda \u00e0 Lisbonne directs.<\/p>\n<h2>Conseils sur les vols Luanda - Lisbonne<\/h2>\n<p>\u2022 Luanda, Angola est \u00e0 3\u00a0596 milles de Lisbonne.<\/p>\n<p>\u2022 Il y a quatre vols hebdomadaires de Luanda \u00e0 Lisbonne.<\/p>\n<p>\u2022 Quatre vols sans escale op\u00e8rent depuis Lisbonne et Luanda.<\/p>\n<p>\u2022 TAAG Angola Airlines propose le plus de vols sans escale entre Lisbonne et Luanda.<\/p>\n<p>\u2022 Duba\u00ef, \u00c9mirats Arabes Unis \u2013 Duba\u00ef est le lien le plus c\u00e9l\u00e8bre pour les vols \u00e0 escale Luanda-Lisbonne.<\/p>\n<p>\u2022 La dur\u00e9e moyenne de vol pour un vol direct Luanda-Lisbonne est de sept heures trente-quatre minutes.<\/p>","protected":false},"excerpt":{"rendered":"<p>Looking for cheap airline ticket from Luanda to Lisbon&nbsp;or last minute deals? Search, compare and book cheap airline ticket from Luanda (LAD) to Lisbon (LIS)&nbsp;online now. Book cheap flights from Luanda to Lisbon online and save money on airfare. Lisbon is a dynamic and colorful place. Renowned for its hot and sunny disposition, the city [&hellip;]<\/p>\n","protected":false},"author":1,"featured_media":14041,"parent":0,"menu_order":0,"comment_status":"open","ping_status":"closed","template":"template-home-modern.php","meta":{"footnotes":""},"class_list":["post-11779","page","type-page","status-publish","has-post-thumbnail","hentry"],"yoast_head":"<!-- This site is optimized with the Yoast SEO plugin v27.3 - https:\/\/yoast.com\/product\/yoast-seo-wordpress\/ -->\n<title>Cheap Flights from\u00a0Luanda to Lisbon Portugal<\/title>\n<meta name=\"description\" content=\"Looking for cheap flights from\u00a0Lisbon Portugal? Search, compare and book cheap airline ticket from Lisbon Portugal online\" \/>\n<meta name=\"robots\" content=\"index, follow, max-snippet:-1, max-image-preview:large, max-video-preview:-1\" \/>\n<link rel=\"canonical\" href=\"https:\/\/tiketi.com\/fr-fr\/flights-luanda-lisbon-lad-lis\/\" \/>\n<meta property=\"og:locale\" content=\"fr_FR\" \/>\n<meta property=\"og:type\" content=\"article\" \/>\n<meta property=\"og:title\" content=\"Cheap Flights from\u00a0Luanda to Lisbon Portugal\" \/>\n<meta property=\"og:description\" content=\"Looking for cheap flights from\u00a0Lisbon Portugal? Search, compare and book cheap airline ticket from Lisbon Portugal online\" \/>\n<meta property=\"og:url\" content=\"https:\/\/tiketi.com\/fr-fr\/flights-luanda-lisbon-lad-lis\/\" \/>\n<meta property=\"og:site_name\" content=\"Tiketi.com\" \/>\n<meta property=\"article:publisher\" content=\"https:\/\/www.facebook.com\/TiketiCom\/\" \/>\n<meta property=\"article:modified_time\" content=\"2022-02-09T09:54:00+00:00\" \/>\n<meta property=\"og:image\" content=\"https:\/\/tiketi.com\/wp-content\/uploads\/2022\/01\/flight-ticket-booking-sorasak-KxCJXXGsv9I-unsplas.jpg\" \/>\n\t<meta property=\"og:image:width\" content=\"1200\" \/>\n\t<meta property=\"og:image:height\" content=\"240\" \/>\n\t<meta property=\"og:image:type\" content=\"image\/jpeg\" \/>\n<meta name=\"twitter:card\" content=\"summary_large_image\" \/>\n<meta name=\"twitter:label1\" content=\"Dur\u00e9e de lecture estim\u00e9e\" \/>\n\t<meta name=\"twitter:data1\" content=\"3 minutes\" \/>\n<script type=\"application\/ld+json\" class=\"yoast-schema-graph\">{\"@context\":\"https:\\\/\\\/schema.org\",\"@graph\":[{\"@type\":\"WebPage\",\"@id\":\"https:\\\/\\\/tiketi.com\\\/fr-fr\\\/flights-luanda-lisbon-lad-lis\\\/\",\"url\":\"https:\\\/\\\/tiketi.com\\\/fr-fr\\\/flights-luanda-lisbon-lad-lis\\\/\",\"name\":\"Cheap Flights from\u00a0Luanda to Lisbon Portugal\",\"isPartOf\":{\"@id\":\"https:\\\/\\\/tiketi.com\\\/#website\"},\"primaryImageOfPage\":{\"@id\":\"https:\\\/\\\/tiketi.com\\\/fr-fr\\\/flights-luanda-lisbon-lad-lis\\\/#primaryimage\"},\"image\":{\"@id\":\"https:\\\/\\\/tiketi.com\\\/fr-fr\\\/flights-luanda-lisbon-lad-lis\\\/#primaryimage\"},\"thumbnailUrl\":\"https:\\\/\\\/tiketi.com\\\/wp-content\\\/uploads\\\/2022\\\/01\\\/flight-ticket-booking-sorasak-KxCJXXGsv9I-unsplas.jpg\",\"datePublished\":\"2022-01-19T11:55:11+00:00\",\"dateModified\":\"2022-02-09T09:54:00+00:00\",\"description\":\"Looking for cheap flights from\u00a0Lisbon Portugal? Search, compare and book cheap airline ticket from Lisbon Portugal online\",\"breadcrumb\":{\"@id\":\"https:\\\/\\\/tiketi.com\\\/fr-fr\\\/flights-luanda-lisbon-lad-lis\\\/#breadcrumb\"},\"inLanguage\":\"fr-FR\",\"potentialAction\":[{\"@type\":\"ReadAction\",\"target\":[\"https:\\\/\\\/tiketi.com\\\/fr-fr\\\/flights-luanda-lisbon-lad-lis\\\/\"]}]},{\"@type\":\"ImageObject\",\"inLanguage\":\"fr-FR\",\"@id\":\"https:\\\/\\\/tiketi.com\\\/fr-fr\\\/flights-luanda-lisbon-lad-lis\\\/#primaryimage\",\"url\":\"https:\\\/\\\/tiketi.com\\\/wp-content\\\/uploads\\\/2022\\\/01\\\/flight-ticket-booking-sorasak-KxCJXXGsv9I-unsplas.jpg\",\"contentUrl\":\"https:\\\/\\\/tiketi.com\\\/wp-content\\\/uploads\\\/2022\\\/01\\\/flight-ticket-booking-sorasak-KxCJXXGsv9I-unsplas.jpg\",\"width\":1200,\"height\":240,\"caption\":\"Online flight ticket booking\"},{\"@type\":\"BreadcrumbList\",\"@id\":\"https:\\\/\\\/tiketi.com\\\/fr-fr\\\/flights-luanda-lisbon-lad-lis\\\/#breadcrumb\",\"itemListElement\":[{\"@type\":\"ListItem\",\"position\":1,\"name\":\"Home\",\"item\":\"https:\\\/\\\/tiketi.com\\\/\"},{\"@type\":\"ListItem\",\"position\":2,\"name\":\"Cheap Flights from\u00a0Luanda to Lisbon Portugal\"}]},{\"@type\":\"WebSite\",\"@id\":\"https:\\\/\\\/tiketi.com\\\/#website\",\"url\":\"https:\\\/\\\/tiketi.com\\\/\",\"name\":\"Flight & Bus Tickets, Tour Packages & Activitites - Tiketi.com\",\"description\":\"Flight &amp; Bus Tickets, Tours, Activitites\",\"publisher\":{\"@id\":\"https:\\\/\\\/tiketi.com\\\/#organization\"},\"potentialAction\":[{\"@type\":\"SearchAction\",\"target\":{\"@type\":\"EntryPoint\",\"urlTemplate\":\"https:\\\/\\\/tiketi.com\\\/?s={search_term_string}\"},\"query-input\":{\"@type\":\"PropertyValueSpecification\",\"valueRequired\":true,\"valueName\":\"search_term_string\"}}],\"inLanguage\":\"fr-FR\"},{\"@type\":\"Organization\",\"@id\":\"https:\\\/\\\/tiketi.com\\\/#organization\",\"name\":\"Tiketi.com\",\"alternateName\":\"Tiketi\",\"url\":\"https:\\\/\\\/tiketi.com\\\/\",\"logo\":{\"@type\":\"ImageObject\",\"inLanguage\":\"fr-FR\",\"@id\":\"https:\\\/\\\/tiketi.com\\\/#\\\/schema\\\/logo\\\/image\\\/\",\"url\":\"https:\\\/\\\/tiketi.com\\\/wp-content\\\/uploads\\\/2019\\\/05\\\/tiketi-logo-696.png\",\"contentUrl\":\"https:\\\/\\\/tiketi.com\\\/wp-content\\\/uploads\\\/2019\\\/05\\\/tiketi-logo-696.png\",\"width\":696,\"height\":696,\"caption\":\"Tiketi.com\"},\"image\":{\"@id\":\"https:\\\/\\\/tiketi.com\\\/#\\\/schema\\\/logo\\\/image\\\/\"},\"sameAs\":[\"https:\\\/\\\/www.facebook.com\\\/TiketiCom\\\/\"]}]}<\/script>\n<!-- \/ Yoast SEO plugin. -->","yoast_head_json":{"title":"Vols \u00e0 bas prix de Luanda \u00e0 Lisbonne Portugal","description":"Vous cherchez des vols pas chers au d\u00e9part de Lisbonne Portugal ? Recherchez, comparez et r\u00e9servez en ligne un billet d&#039;avion pas cher au d\u00e9part de Lisbonne Portugal","robots":{"index":"index","follow":"follow","max-snippet":"max-snippet:-1","max-image-preview":"max-image-preview:large","max-video-preview":"max-video-preview:-1"},"canonical":"https:\/\/tiketi.com\/fr-fr\/flights-luanda-lisbon-lad-lis\/","og_locale":"fr_FR","og_type":"article","og_title":"Cheap Flights from\u00a0Luanda to Lisbon Portugal","og_description":"Looking for cheap flights from\u00a0Lisbon Portugal? Search, compare and book cheap airline ticket from Lisbon Portugal online","og_url":"https:\/\/tiketi.com\/fr-fr\/flights-luanda-lisbon-lad-lis\/","og_site_name":"Tiketi.com","article_publisher":"https:\/\/www.facebook.com\/TiketiCom\/","article_modified_time":"2022-02-09T09:54:00+00:00","og_image":[{"width":1200,"height":240,"url":"https:\/\/tiketi.com\/wp-content\/uploads\/2022\/01\/flight-ticket-booking-sorasak-KxCJXXGsv9I-unsplas.jpg","type":"image\/jpeg"}],"twitter_card":"summary_large_image","twitter_misc":{"Dur\u00e9e de lecture estim\u00e9e":"3 minutes"},"schema":{"@context":"https:\/\/schema.org","@graph":[{"@type":"WebPage","@id":"https:\/\/tiketi.com\/fr-fr\/flights-luanda-lisbon-lad-lis\/","url":"https:\/\/tiketi.com\/fr-fr\/flights-luanda-lisbon-lad-lis\/","name":"Vols \u00e0 bas prix de Luanda \u00e0 Lisbonne Portugal","isPartOf":{"@id":"https:\/\/tiketi.com\/#website"},"primaryImageOfPage":{"@id":"https:\/\/tiketi.com\/fr-fr\/flights-luanda-lisbon-lad-lis\/#primaryimage"},"image":{"@id":"https:\/\/tiketi.com\/fr-fr\/flights-luanda-lisbon-lad-lis\/#primaryimage"},"thumbnailUrl":"https:\/\/tiketi.com\/wp-content\/uploads\/2022\/01\/flight-ticket-booking-sorasak-KxCJXXGsv9I-unsplas.jpg","datePublished":"2022-01-19T11:55:11+00:00","dateModified":"2022-02-09T09:54:00+00:00","description":"Vous cherchez des vols pas chers au d\u00e9part de Lisbonne Portugal ? Recherchez, comparez et r\u00e9servez en ligne un billet d&#039;avion pas cher au d\u00e9part de Lisbonne Portugal","breadcrumb":{"@id":"https:\/\/tiketi.com\/fr-fr\/flights-luanda-lisbon-lad-lis\/#breadcrumb"},"inLanguage":"fr-FR","potentialAction":[{"@type":"ReadAction","target":["https:\/\/tiketi.com\/fr-fr\/flights-luanda-lisbon-lad-lis\/"]}]},{"@type":"ImageObject","inLanguage":"fr-FR","@id":"https:\/\/tiketi.com\/fr-fr\/flights-luanda-lisbon-lad-lis\/#primaryimage","url":"https:\/\/tiketi.com\/wp-content\/uploads\/2022\/01\/flight-ticket-booking-sorasak-KxCJXXGsv9I-unsplas.jpg","contentUrl":"https:\/\/tiketi.com\/wp-content\/uploads\/2022\/01\/flight-ticket-booking-sorasak-KxCJXXGsv9I-unsplas.jpg","width":1200,"height":240,"caption":"Online flight ticket booking"},{"@type":"BreadcrumbList","@id":"https:\/\/tiketi.com\/fr-fr\/flights-luanda-lisbon-lad-lis\/#breadcrumb","itemListElement":[{"@type":"ListItem","position":1,"name":"Home","item":"https:\/\/tiketi.com\/"},{"@type":"ListItem","position":2,"name":"Cheap Flights from\u00a0Luanda to Lisbon Portugal"}]},{"@type":"WebSite","@id":"https:\/\/tiketi.com\/#website","url":"https:\/\/tiketi.com\/","name":"Billets d&#039;avion et de bus, forfaits touristiques et activit\u00e9s - Tiketi.com","description":"Billets d&#039;avion et de bus, Tours, Activit\u00e9s","publisher":{"@id":"https:\/\/tiketi.com\/#organization"},"potentialAction":[{"@type":"SearchAction","target":{"@type":"EntryPoint","urlTemplate":"https:\/\/tiketi.com\/?s={search_term_string}"},"query-input":{"@type":"PropertyValueSpecification","valueRequired":true,"valueName":"search_term_string"}}],"inLanguage":"fr-FR"},{"@type":"Organization","@id":"https:\/\/tiketi.com\/#organization","name":"Tiketi.com","alternateName":"Tiketi","url":"https:\/\/tiketi.com\/","logo":{"@type":"ImageObject","inLanguage":"fr-FR","@id":"https:\/\/tiketi.com\/#\/schema\/logo\/image\/","url":"https:\/\/tiketi.com\/wp-content\/uploads\/2019\/05\/tiketi-logo-696.png","contentUrl":"https:\/\/tiketi.com\/wp-content\/uploads\/2019\/05\/tiketi-logo-696.png","width":696,"height":696,"caption":"Tiketi.com"},"image":{"@id":"https:\/\/tiketi.com\/#\/schema\/logo\/image\/"},"sameAs":["https:\/\/www.facebook.com\/TiketiCom\/"]}]}},"_links":{"self":[{"href":"https:\/\/tiketi.com\/fr-fr\/wp-json\/wp\/v2\/pages\/11779","targetHints":{"allow":["GET"]}}],"collection":[{"href":"https:\/\/tiketi.com\/fr-fr\/wp-json\/wp\/v2\/pages"}],"about":[{"href":"https:\/\/tiketi.com\/fr-fr\/wp-json\/wp\/v2\/types\/page"}],"author":[{"embeddable":true,"href":"https:\/\/tiketi.com\/fr-fr\/wp-json\/wp\/v2\/users\/1"}],"replies":[{"embeddable":true,"href":"https:\/\/tiketi.com\/fr-fr\/wp-json\/wp\/v2\/comments?post=11779"}],"version-history":[{"count":0,"href":"https:\/\/tiketi.com\/fr-fr\/wp-json\/wp\/v2\/pages\/11779\/revisions"}],"wp:featuredmedia":[{"embeddable":true,"href":"https:\/\/tiketi.com\/fr-fr\/wp-json\/wp\/v2\/media\/14041"}],"wp:attachment":[{"href":"https:\/\/tiketi.com\/fr-fr\/wp-json\/wp\/v2\/media?parent=11779"}],"curies":[{"name":"wp","href":"https:\/\/api.w.org\/{rel}","templated":true}]}}