{"id":11780,"date":"2022-01-19T12:55:11","date_gmt":"2022-01-19T11:55:11","guid":{"rendered":"https:\/\/new.tiketi.com\/cheap-flights-from-johannesburg-to-london\/"},"modified":"2022-02-08T14:54:38","modified_gmt":"2022-02-08T13:54:38","slug":"flights-johannesburg-london-jnb-lhr","status":"publish","type":"page","link":"https:\/\/tiketi.com\/fr-fr\/flights-johannesburg-london-jnb-lhr\/","title":{"rendered":"Vols pas chers de Johannesbourg \u00e0 Londres"},"content":{"rendered":"<h2>Vous cherchez un billet d&#039;avion pas cher \u00e0 partir de Johannesbourg pour Londres ou des offres de derni\u00e8re minute ?<\/h2>\n<h3>Recherchez, comparez et r\u00e9servez d\u00e8s maintenant un billet d&#039;avion pas cher de Johannesbourg (JNB) \u00e0 Londres (LHR) en ligne.<\/h3>\n<p>R\u00e9servez des vols pas chers de Johannesbourg \u00e0 Londres en ligne et \u00e9conomisez de l&#039;argent sur les billets d&#039;avion. Il est un peu surprenant que Londres soit l&#039;une des meilleures destinations touristiques au monde, attirant plus de quinze millions de visiteurs chaque ann\u00e9e. La capitale britannique est un centre de divertissement et d&#039;arts dynamiques, et cinquante ans apr\u00e8s les Beatles, la sc\u00e8ne musicale du pays est toujours aussi dynamique. Visitez Londres gr\u00e2ce \u00e0 des offres exceptionnelles sur les billets d&#039;avion de Johannesburg \u00e0 Londres et volez des vols de Johannesburg \u00e0 Londres \u00e0 bas prix.<\/p>\n<h2>Voici quelques-unes des meilleures attractions de Londres<\/h2>\n<h3>Cath\u00e9drale Saint-Paul de Londres<\/h3>\n<p>L&#039;un des lieux les plus reconnaissables de Londres, la cath\u00e9drale Saint-Paul fait partie du paysage urbain de la ville depuis plus de trois cents ans. Con\u00e7ue dans le style baroque anglais par Sir Christopher Wren, St Paul&#039;s est le meilleur point de la ville de Londres, la deuxi\u00e8me plus grande \u00e9glise du Royaume-Uni et un b\u00e2timent class\u00e9 Grade I.<\/p>\n<h3>Kew Gardens<\/h3>\n<p>Kew Gardens est le plus grand site de Londres inscrit au patrimoine mondial de l&#039;UNESCO et abrite les collections botaniques et mycologiques les plus diverses de la plan\u00e8te. Quelque 30 000 esp\u00e8ces de plantes et de fleurs et 14 000 arbres vivent \u00e0 Kew, et son personnel est continuellement \u00e0 la pointe de la recherche botanique.<\/p>\n<h3>Oeil de Londres<\/h3>\n<p>Il n\u2019est pas surprenant que le London Eye soit l\u2019attraction touristique payante la plus c\u00e9l\u00e8bre du Royaume-Uni. C&#039;est le meilleur endroit pour avoir une vue plongeante sur l&#039;architecture contemporaine de la ville, notamment le talkie-walkie et le Shard. C&#039;\u00e9tait la plus haute roue du monde lors de son ouverture en 2000, mais la grande structure a finalement \u00e9t\u00e9 d\u00e9pass\u00e9e par l&#039;\u00c9toile de Nanchang de 160 m\u00e8tres de haut en Chine en 2006.<\/p>\n<h2>FAQ sur les vols pas chers de Johannesbourg \u00e0 Londres<\/h2>\n<h3>Quelle est la distance entre Londres et Johannesbourg ?<\/h3>\n<p>La distance entre Londres et Johannesbourg est de 9 070 kilom\u00e8tres.<\/p>\n<h3>Quelle est la dur\u00e9e d&#039;un vol Johannesbourg - Londres ?<\/h3>\n<p>La dur\u00e9e habituelle d&#039;un vol de Johannesburg \u00e0 Londres est de onze heures et quinze minutes.<\/p>\n<h3>Quelle est la fr\u00e9quence des vols directs Johannesbourg - Londres ?<\/h3>\n<p>Il existe trente-quatre vols de Johannesburg \u00e0 Londres.<\/p>\n<h3>Quelle est la compagnie a\u00e9rienne la plus c\u00e9l\u00e8bre de Johannesburg pour des billets d&#039;avion directs de Johannesburg \u00e0 Londres ?<\/h3>\n<p>British Airways fournit quatorze pour cent du billet d&#039;avion bon march\u00e9 sans escale de Johannesburg \u00e0 Londres.<\/p>\n<h3>En moyenne, combien de vols moins chers d\u00e9collent chaque jour de Johannesbourg \u00e0 Londres ?<\/h3>\n<p>Seize vols partent de Johannesburg vers Londres par jour en moyenne.<\/p>\n<p>Soir \u2013 cent pour cent des d\u00e9parts de vols<\/p>\n<h2>Conseils pour les vols de Johannesbourg \u00e0 Londres<\/h2>\n<p>\u2022 Johannesburg est \u00e0 5 646 miles de Londres.<\/p>\n<p>\u2022 Quatorze vols sans escale op\u00e8rent de Johannesburg \u00e0 Londres.<\/p>\n<p>\u2022 American Airlines propose le plus grand nombre de vols sans escale entre Londres et Johannesburg.<\/p>\n<p>\u2022 Doha, Qatar \u2013 L&#039;a\u00e9roport international Hamad est la liaison la plus c\u00e9l\u00e8bre pour les vols \u00e0 escale entre Londres et Johannesburg.<\/p>","protected":false},"excerpt":{"rendered":"<p>Looking for cheap airline ticket from Johannesburg to London\u00a0or last minute deals? Search, compare and book cheap airline ticket from Johannesburg (JNB) to London (LHR) online now. Book cheap flights from Johannesburg to London online and save money on airfare. It is a little surprise London is one of the world&#8217;s best tourist destinations, attracting [&hellip;]<\/p>\n","protected":false},"author":1,"featured_media":14230,"parent":0,"menu_order":0,"comment_status":"open","ping_status":"closed","template":"template-home-modern.php","meta":{"footnotes":""},"class_list":["post-11780","page","type-page","status-publish","has-post-thumbnail","hentry"],"yoast_head":"<!-- This site is optimized with the Yoast SEO plugin v27.3 - https:\/\/yoast.com\/product\/yoast-seo-wordpress\/ -->\n<title>Cheap Flights from\u00a0Johannesburg to London<\/title>\n<meta name=\"description\" content=\"Looking for cheap flights from\u00a0Johannesburg to London? Compare and book cheap airline ticket from\u00a0Johannesburg to London online\" \/>\n<meta name=\"robots\" content=\"index, follow, max-snippet:-1, max-image-preview:large, max-video-preview:-1\" \/>\n<link rel=\"canonical\" href=\"https:\/\/tiketi.com\/fr-fr\/flights-johannesburg-london-jnb-lhr\/\" \/>\n<meta property=\"og:locale\" content=\"fr_FR\" \/>\n<meta property=\"og:type\" content=\"article\" \/>\n<meta property=\"og:title\" content=\"Cheap Flights from\u00a0Johannesburg to London\" \/>\n<meta property=\"og:description\" content=\"Looking for cheap flights from\u00a0Johannesburg to London? Compare and book cheap airline ticket from\u00a0Johannesburg to London online\" \/>\n<meta property=\"og:url\" content=\"https:\/\/tiketi.com\/fr-fr\/flights-johannesburg-london-jnb-lhr\/\" \/>\n<meta property=\"og:site_name\" content=\"Tiketi.com\" \/>\n<meta property=\"article:publisher\" content=\"https:\/\/www.facebook.com\/TiketiCom\/\" \/>\n<meta property=\"article:modified_time\" content=\"2022-02-08T13:54:38+00:00\" \/>\n<meta property=\"og:image\" content=\"https:\/\/tiketi.com\/wp-content\/uploads\/2022\/01\/london-2239726_1280.jpg\" \/>\n\t<meta property=\"og:image:width\" content=\"1200\" \/>\n\t<meta property=\"og:image:height\" content=\"200\" \/>\n\t<meta property=\"og:image:type\" content=\"image\/jpeg\" \/>\n<meta name=\"twitter:card\" content=\"summary_large_image\" \/>\n<meta name=\"twitter:label1\" content=\"Dur\u00e9e de lecture estim\u00e9e\" \/>\n\t<meta name=\"twitter:data1\" content=\"3 minutes\" \/>\n<script type=\"application\/ld+json\" class=\"yoast-schema-graph\">{\"@context\":\"https:\\\/\\\/schema.org\",\"@graph\":[{\"@type\":\"WebPage\",\"@id\":\"https:\\\/\\\/tiketi.com\\\/fr-fr\\\/flights-johannesburg-london-jnb-lhr\\\/\",\"url\":\"https:\\\/\\\/tiketi.com\\\/fr-fr\\\/flights-johannesburg-london-jnb-lhr\\\/\",\"name\":\"Cheap Flights from\u00a0Johannesburg to London\",\"isPartOf\":{\"@id\":\"https:\\\/\\\/tiketi.com\\\/#website\"},\"primaryImageOfPage\":{\"@id\":\"https:\\\/\\\/tiketi.com\\\/fr-fr\\\/flights-johannesburg-london-jnb-lhr\\\/#primaryimage\"},\"image\":{\"@id\":\"https:\\\/\\\/tiketi.com\\\/fr-fr\\\/flights-johannesburg-london-jnb-lhr\\\/#primaryimage\"},\"thumbnailUrl\":\"https:\\\/\\\/tiketi.com\\\/wp-content\\\/uploads\\\/2022\\\/01\\\/london-2239726_1280.jpg\",\"datePublished\":\"2022-01-19T11:55:11+00:00\",\"dateModified\":\"2022-02-08T13:54:38+00:00\",\"description\":\"Looking for cheap flights from\u00a0Johannesburg to London? Compare and book cheap airline ticket from\u00a0Johannesburg to London online\",\"breadcrumb\":{\"@id\":\"https:\\\/\\\/tiketi.com\\\/fr-fr\\\/flights-johannesburg-london-jnb-lhr\\\/#breadcrumb\"},\"inLanguage\":\"fr-FR\",\"potentialAction\":[{\"@type\":\"ReadAction\",\"target\":[\"https:\\\/\\\/tiketi.com\\\/fr-fr\\\/flights-johannesburg-london-jnb-lhr\\\/\"]}]},{\"@type\":\"ImageObject\",\"inLanguage\":\"fr-FR\",\"@id\":\"https:\\\/\\\/tiketi.com\\\/fr-fr\\\/flights-johannesburg-london-jnb-lhr\\\/#primaryimage\",\"url\":\"https:\\\/\\\/tiketi.com\\\/wp-content\\\/uploads\\\/2022\\\/01\\\/london-2239726_1280.jpg\",\"contentUrl\":\"https:\\\/\\\/tiketi.com\\\/wp-content\\\/uploads\\\/2022\\\/01\\\/london-2239726_1280.jpg\",\"width\":1200,\"height\":200,\"caption\":\"Air Taxi in London\"},{\"@type\":\"BreadcrumbList\",\"@id\":\"https:\\\/\\\/tiketi.com\\\/fr-fr\\\/flights-johannesburg-london-jnb-lhr\\\/#breadcrumb\",\"itemListElement\":[{\"@type\":\"ListItem\",\"position\":1,\"name\":\"Home\",\"item\":\"https:\\\/\\\/tiketi.com\\\/\"},{\"@type\":\"ListItem\",\"position\":2,\"name\":\"Cheap Flights from\u00a0Johannesburg to London\"}]},{\"@type\":\"WebSite\",\"@id\":\"https:\\\/\\\/tiketi.com\\\/#website\",\"url\":\"https:\\\/\\\/tiketi.com\\\/\",\"name\":\"Flight & Bus Tickets, Tour Packages & Activitites - Tiketi.com\",\"description\":\"Flight &amp; Bus Tickets, Tours, Activitites\",\"publisher\":{\"@id\":\"https:\\\/\\\/tiketi.com\\\/#organization\"},\"potentialAction\":[{\"@type\":\"SearchAction\",\"target\":{\"@type\":\"EntryPoint\",\"urlTemplate\":\"https:\\\/\\\/tiketi.com\\\/?s={search_term_string}\"},\"query-input\":{\"@type\":\"PropertyValueSpecification\",\"valueRequired\":true,\"valueName\":\"search_term_string\"}}],\"inLanguage\":\"fr-FR\"},{\"@type\":\"Organization\",\"@id\":\"https:\\\/\\\/tiketi.com\\\/#organization\",\"name\":\"Tiketi.com\",\"alternateName\":\"Tiketi\",\"url\":\"https:\\\/\\\/tiketi.com\\\/\",\"logo\":{\"@type\":\"ImageObject\",\"inLanguage\":\"fr-FR\",\"@id\":\"https:\\\/\\\/tiketi.com\\\/#\\\/schema\\\/logo\\\/image\\\/\",\"url\":\"https:\\\/\\\/tiketi.com\\\/wp-content\\\/uploads\\\/2019\\\/05\\\/tiketi-logo-696.png\",\"contentUrl\":\"https:\\\/\\\/tiketi.com\\\/wp-content\\\/uploads\\\/2019\\\/05\\\/tiketi-logo-696.png\",\"width\":696,\"height\":696,\"caption\":\"Tiketi.com\"},\"image\":{\"@id\":\"https:\\\/\\\/tiketi.com\\\/#\\\/schema\\\/logo\\\/image\\\/\"},\"sameAs\":[\"https:\\\/\\\/www.facebook.com\\\/TiketiCom\\\/\"]}]}<\/script>\n<!-- \/ Yoast SEO plugin. -->","yoast_head_json":{"title":"Vols pas chers de Johannesbourg \u00e0 Londres","description":"Vous recherchez des vols \u00e0 bas prix au Johannesbourg vers Londres? Comparez et r\u00e9servez en ligne un billet d&#039;avion pas cher de Johannesbourg \u00e0 Londres","robots":{"index":"index","follow":"follow","max-snippet":"max-snippet:-1","max-image-preview":"max-image-preview:large","max-video-preview":"max-video-preview:-1"},"canonical":"https:\/\/tiketi.com\/fr-fr\/flights-johannesburg-london-jnb-lhr\/","og_locale":"fr_FR","og_type":"article","og_title":"Cheap Flights from\u00a0Johannesburg to London","og_description":"Looking for cheap flights from\u00a0Johannesburg to London? Compare and book cheap airline ticket from\u00a0Johannesburg to London online","og_url":"https:\/\/tiketi.com\/fr-fr\/flights-johannesburg-london-jnb-lhr\/","og_site_name":"Tiketi.com","article_publisher":"https:\/\/www.facebook.com\/TiketiCom\/","article_modified_time":"2022-02-08T13:54:38+00:00","og_image":[{"width":1200,"height":200,"url":"https:\/\/tiketi.com\/wp-content\/uploads\/2022\/01\/london-2239726_1280.jpg","type":"image\/jpeg"}],"twitter_card":"summary_large_image","twitter_misc":{"Dur\u00e9e de lecture estim\u00e9e":"3 minutes"},"schema":{"@context":"https:\/\/schema.org","@graph":[{"@type":"WebPage","@id":"https:\/\/tiketi.com\/fr-fr\/flights-johannesburg-london-jnb-lhr\/","url":"https:\/\/tiketi.com\/fr-fr\/flights-johannesburg-london-jnb-lhr\/","name":"Vols pas chers de Johannesbourg \u00e0 Londres","isPartOf":{"@id":"https:\/\/tiketi.com\/#website"},"primaryImageOfPage":{"@id":"https:\/\/tiketi.com\/fr-fr\/flights-johannesburg-london-jnb-lhr\/#primaryimage"},"image":{"@id":"https:\/\/tiketi.com\/fr-fr\/flights-johannesburg-london-jnb-lhr\/#primaryimage"},"thumbnailUrl":"https:\/\/tiketi.com\/wp-content\/uploads\/2022\/01\/london-2239726_1280.jpg","datePublished":"2022-01-19T11:55:11+00:00","dateModified":"2022-02-08T13:54:38+00:00","description":"Vous recherchez des vols \u00e0 bas prix au Johannesbourg vers Londres? Comparez et r\u00e9servez en ligne un billet d&#039;avion pas cher de Johannesbourg \u00e0 Londres","breadcrumb":{"@id":"https:\/\/tiketi.com\/fr-fr\/flights-johannesburg-london-jnb-lhr\/#breadcrumb"},"inLanguage":"fr-FR","potentialAction":[{"@type":"ReadAction","target":["https:\/\/tiketi.com\/fr-fr\/flights-johannesburg-london-jnb-lhr\/"]}]},{"@type":"ImageObject","inLanguage":"fr-FR","@id":"https:\/\/tiketi.com\/fr-fr\/flights-johannesburg-london-jnb-lhr\/#primaryimage","url":"https:\/\/tiketi.com\/wp-content\/uploads\/2022\/01\/london-2239726_1280.jpg","contentUrl":"https:\/\/tiketi.com\/wp-content\/uploads\/2022\/01\/london-2239726_1280.jpg","width":1200,"height":200,"caption":"Air Taxi in London"},{"@type":"BreadcrumbList","@id":"https:\/\/tiketi.com\/fr-fr\/flights-johannesburg-london-jnb-lhr\/#breadcrumb","itemListElement":[{"@type":"ListItem","position":1,"name":"Home","item":"https:\/\/tiketi.com\/"},{"@type":"ListItem","position":2,"name":"Cheap Flights from\u00a0Johannesburg to London"}]},{"@type":"WebSite","@id":"https:\/\/tiketi.com\/#website","url":"https:\/\/tiketi.com\/","name":"Billets d&#039;avion et de bus, forfaits touristiques et activit\u00e9s - Tiketi.com","description":"Billets d&#039;avion et de bus, Tours, Activit\u00e9s","publisher":{"@id":"https:\/\/tiketi.com\/#organization"},"potentialAction":[{"@type":"SearchAction","target":{"@type":"EntryPoint","urlTemplate":"https:\/\/tiketi.com\/?s={search_term_string}"},"query-input":{"@type":"PropertyValueSpecification","valueRequired":true,"valueName":"search_term_string"}}],"inLanguage":"fr-FR"},{"@type":"Organization","@id":"https:\/\/tiketi.com\/#organization","name":"Tiketi.com","alternateName":"Tiketi","url":"https:\/\/tiketi.com\/","logo":{"@type":"ImageObject","inLanguage":"fr-FR","@id":"https:\/\/tiketi.com\/#\/schema\/logo\/image\/","url":"https:\/\/tiketi.com\/wp-content\/uploads\/2019\/05\/tiketi-logo-696.png","contentUrl":"https:\/\/tiketi.com\/wp-content\/uploads\/2019\/05\/tiketi-logo-696.png","width":696,"height":696,"caption":"Tiketi.com"},"image":{"@id":"https:\/\/tiketi.com\/#\/schema\/logo\/image\/"},"sameAs":["https:\/\/www.facebook.com\/TiketiCom\/"]}]}},"_links":{"self":[{"href":"https:\/\/tiketi.com\/fr-fr\/wp-json\/wp\/v2\/pages\/11780","targetHints":{"allow":["GET"]}}],"collection":[{"href":"https:\/\/tiketi.com\/fr-fr\/wp-json\/wp\/v2\/pages"}],"about":[{"href":"https:\/\/tiketi.com\/fr-fr\/wp-json\/wp\/v2\/types\/page"}],"author":[{"embeddable":true,"href":"https:\/\/tiketi.com\/fr-fr\/wp-json\/wp\/v2\/users\/1"}],"replies":[{"embeddable":true,"href":"https:\/\/tiketi.com\/fr-fr\/wp-json\/wp\/v2\/comments?post=11780"}],"version-history":[{"count":0,"href":"https:\/\/tiketi.com\/fr-fr\/wp-json\/wp\/v2\/pages\/11780\/revisions"}],"wp:featuredmedia":[{"embeddable":true,"href":"https:\/\/tiketi.com\/fr-fr\/wp-json\/wp\/v2\/media\/14230"}],"wp:attachment":[{"href":"https:\/\/tiketi.com\/fr-fr\/wp-json\/wp\/v2\/media?parent=11780"}],"curies":[{"name":"wp","href":"https:\/\/api.w.org\/{rel}","templated":true}]}}