{"id":11782,"date":"2022-01-19T12:55:11","date_gmt":"2022-01-19T11:55:11","guid":{"rendered":"https:\/\/new.tiketi.com\/cheap-flights-from-cairo-to-dubai\/"},"modified":"2022-02-07T13:05:53","modified_gmt":"2022-02-07T12:05:53","slug":"flights-cairo-dubai-cai-dxb","status":"publish","type":"page","link":"https:\/\/tiketi.com\/fr-fr\/flights-cairo-dubai-cai-dxb\/","title":{"rendered":"Vols \u00e0 bas prix de Le Caire \u00e0 Duba\u00ef"},"content":{"rendered":"<h2>Vous recherchez un billet d&#039;avion pas cher Le Caire vers Duba\u00ef ou des offres de derni\u00e8re minute ?<\/h2>\n<h3>Recherchez, comparez et r\u00e9servez en ligne maintenant un billet d&#039;avion pas cher entre Le Caire (CAI) et Duba\u00ef (DXB).<\/h3>\n<p>R\u00e9servez en ligne des vols \u00e0 bas prix de Le Caire \u00e0 Duba\u00ef et \u00e9conomisez du temps et de l&#039;argent. Duba\u00ef est un endroit qui attire les visiteurs du monde entier. La charmante ville est l&#039;un des sites touristiques les plus visit\u00e9s de l&#039;Asie du Moyen-Orient. Des lieux de shopping haut de gamme, des plages exotiques, une excellente cuisine, des dunes de sable dor\u00e9, ils vous accueilleront tous lorsque vous planifierez votre voyage ici. R\u00e9servez des vols Le Caire vers Duba\u00ef au prix le plus bas \u2013 obtenez des offres exceptionnelles sur votre billet d&#039;avion de Le Caire vers Duba\u00ef en ligne. N&#039;h\u00e9sitez plus et profitez d\u00e8s maintenant d&#039;offres incroyables sur les billets d&#039;avion depuis Le Caire vers Duba\u00ef.<\/p>\n<h2>Voici quelques-unes des meilleures attractions de Duba\u00ef<\/h2>\n<h3>Palm Jumeirah<\/h3>\n<p>Archipel artificiel, Plam Jumeirah est l&#039;une des 3 \u00eeles Palm planifi\u00e9es et la derni\u00e8re de la liste des attractions que Duba\u00ef a \u00e0 offrir. L&#039;\u00eele offre aux visiteurs une multitude d&#039;activit\u00e9s. Des centres commerciaux haut de gamme aux plages de luxe en passant par les h\u00f4tels, les \u00eeles Palm Jumeirah ont tout pour plaire. C&#039;est en effet, juste un autre exemple des fantasmes d\u00e9complex\u00e9s des EAU mais justement relativis\u00e9s.<\/p>\n<h3>Mosqu\u00e9e de Jumeirah<\/h3>\n<p>La mosqu\u00e9e Jumeirah n&#039;est pas seulement d&#039;importance religieuse \u00e0 Duba\u00ef, mais est \u00e9galement un point de rep\u00e8re vital de la ville. Pr\u00e9sentant une architecture immacul\u00e9e, cette mosqu\u00e9e vous fournira un aper\u00e7u remarquable des valeurs religieuses et de la culture islamique. Faites un voyage \u00e0 travers la mosqu\u00e9e pour une exp\u00e9rience remarquable.<\/p>\n<h3>Ciel de Duba\u00ef<\/h3>\n<p>Duba\u00ef, le meilleur endroit pour les visiteurs, se vante \u00e9galement de la principale station de ski int\u00e9rieure du Moyen-Orient, Ski Dubai. Un cadre hivernal enchanteur, 60 000 tonnes de neige et des sensations fortes \u00e0 volont\u00e9 sont autant de choses qui vous accueilleront ici. Construisez un bonhomme de neige, lancez-vous des boules de neige ou adonnez-vous \u00e0 des activit\u00e9s comme le snowboard, le ski et la luge pendant que vous \u00eates ici.<\/p>\n<h2>FAQ sur les vols pas chers de Le Caire \u00e0 Duba\u00ef<\/h2>\n<h3>Quelle est la distance entre Duba\u00ef et Le Caire ?<\/h3>\n<p>La distance entre Duba\u00ef et Le Caire est de 2\u00a0414 kilom\u00e8tres.<\/p>\n<h3>Combien de temps durent les vols pas chers de Le Caire \u00e0 Duba\u00ef ?<\/h3>\n<p>Le temps de vol commun du Caire \u00e0 Duba\u00ef est de trois heures et trente et une minutes.<\/p>\n<h3>Quelle est la fr\u00e9quence des vols directs Le Caire-Duba\u00ef ?<\/h3>\n<p>Il y a quarante-sept vols directs du Caire \u00e0 Duba\u00ef.<\/p>\n<h3>Quelles sont les compagnies a\u00e9riennes les plus c\u00e9l\u00e8bres du Caire pour les vols directs les moins chers du Caire vers Duba\u00ef ?<\/h3>\n<p>Egyptair assure cinquante-trois pour cent du vol sans escale entre Le Caire et Duba\u00ef.<\/p>\n<h3>Combien de compagnies a\u00e9riennes proposent des vols pas chers de Le Caire \u00e0 Duba\u00ef directs ?<\/h3>\n<p>Deux compagnies a\u00e9riennes proposent des vols directs entre Le Caire et Duba\u00ef.<\/p>\n<h2>Vols bon march\u00e9 de Le Caire \u00e0 Duba\u00ef<\/h2>\n<p>\u2022 Le Caire est \u00e0 15,02 miles de Duba\u00ef.<\/p>\n<p>\u2022 Il y a dix-neuf vols hebdomadaires du Caire \u00e0 Duba\u00ef.<\/p>\n<p>\u2022 Dix-huit vols sans escale op\u00e8rent du Caire \u00e0 Duba\u00ef.<\/p>\n<p>\u2022 Egyptair propose le plus de vols sans escale entre Duba\u00ef et Le Caire.<\/p>\n<p>\u2022 Istanbul, Turquie \u2013 L&#039;a\u00e9roport d&#039;Istanbul est le lien le plus c\u00e9l\u00e8bre pour les vols \u00e0 escale du Caire \u00e0 Duba\u00ef.<\/p>\n<p>\u2022 La dur\u00e9e moyenne d&#039;un vol du Caire \u00e0 Duba\u00ef est de trois heures trente minutes.<\/p>","protected":false},"excerpt":{"rendered":"<p>Looking for cheap airline ticket from Cairo to Dubai&nbsp;or last minute deals? Search, compare and book cheap airline ticket from Cairo (CAI) to Dubai (DXB) online now. Book cheap flights from Cairo to Dubai online and save time and money. Dubai is one place that attracts the visitors from all around the planet. &nbsp;The charming [&hellip;]<\/p>\n","protected":false},"author":1,"featured_media":16474,"parent":0,"menu_order":0,"comment_status":"open","ping_status":"closed","template":"template-home-modern.php","meta":{"footnotes":""},"class_list":["post-11782","page","type-page","status-publish","has-post-thumbnail","hentry"],"yoast_head":"<!-- This site is optimized with the Yoast SEO plugin v27.2 - https:\/\/yoast.com\/product\/yoast-seo-wordpress\/ -->\n<title>Cheap Flights from\u00a0Cairo to Dubai<\/title>\n<meta name=\"description\" content=\"Looking for flights from\u00a0Cairo to Dubai? Book cheap flights from\u00a0Cairo to Dubai online\" \/>\n<meta name=\"robots\" content=\"index, follow, max-snippet:-1, max-image-preview:large, max-video-preview:-1\" \/>\n<link rel=\"canonical\" href=\"https:\/\/tiketi.com\/fr-fr\/flights-cairo-dubai-cai-dxb\/\" \/>\n<meta property=\"og:locale\" content=\"fr_FR\" \/>\n<meta property=\"og:type\" content=\"article\" \/>\n<meta property=\"og:title\" content=\"Cheap Flights from\u00a0Cairo to Dubai\" \/>\n<meta property=\"og:description\" content=\"Looking for flights from\u00a0Cairo to Dubai? Book cheap flights from\u00a0Cairo to Dubai online\" \/>\n<meta property=\"og:url\" content=\"https:\/\/tiketi.com\/fr-fr\/flights-cairo-dubai-cai-dxb\/\" \/>\n<meta property=\"og:site_name\" content=\"Tiketi.com\" \/>\n<meta property=\"article:publisher\" content=\"https:\/\/www.facebook.com\/TiketiCom\/\" \/>\n<meta property=\"article:modified_time\" content=\"2022-02-07T12:05:53+00:00\" \/>\n<meta property=\"og:image\" content=\"https:\/\/tiketi.com\/wp-content\/uploads\/2022\/02\/dubai-skyline-buildings-183.jpg\" \/>\n\t<meta property=\"og:image:width\" content=\"1200\" \/>\n\t<meta property=\"og:image:height\" content=\"202\" \/>\n\t<meta property=\"og:image:type\" content=\"image\/jpeg\" \/>\n<meta name=\"twitter:card\" content=\"summary_large_image\" \/>\n<meta name=\"twitter:label1\" content=\"Dur\u00e9e de lecture estim\u00e9e\" \/>\n\t<meta name=\"twitter:data1\" content=\"3 minutes\" \/>\n<script type=\"application\/ld+json\" class=\"yoast-schema-graph\">{\"@context\":\"https:\/\/schema.org\",\"@graph\":[{\"@type\":\"WebPage\",\"@id\":\"https:\/\/tiketi.com\/flights-cairo-dubai-cai-dxb\/\",\"url\":\"https:\/\/tiketi.com\/flights-cairo-dubai-cai-dxb\/\",\"name\":\"Cheap Flights from\u00a0Cairo to Dubai\",\"isPartOf\":{\"@id\":\"https:\/\/tiketi.com\/#website\"},\"primaryImageOfPage\":{\"@id\":\"https:\/\/tiketi.com\/flights-cairo-dubai-cai-dxb\/#primaryimage\"},\"image\":{\"@id\":\"https:\/\/tiketi.com\/flights-cairo-dubai-cai-dxb\/#primaryimage\"},\"thumbnailUrl\":\"https:\/\/tiketi.com\/wp-content\/uploads\/2022\/02\/dubai-skyline-buildings-183.jpg\",\"datePublished\":\"2022-01-19T11:55:11+00:00\",\"dateModified\":\"2022-02-07T12:05:53+00:00\",\"description\":\"Looking for flights from\u00a0Cairo to Dubai? Book cheap flights from\u00a0Cairo to Dubai online\",\"breadcrumb\":{\"@id\":\"https:\/\/tiketi.com\/flights-cairo-dubai-cai-dxb\/#breadcrumb\"},\"inLanguage\":\"fr-FR\",\"potentialAction\":[{\"@type\":\"ReadAction\",\"target\":[\"https:\/\/tiketi.com\/flights-cairo-dubai-cai-dxb\/\"]}]},{\"@type\":\"ImageObject\",\"inLanguage\":\"fr-FR\",\"@id\":\"https:\/\/tiketi.com\/flights-cairo-dubai-cai-dxb\/#primaryimage\",\"url\":\"https:\/\/tiketi.com\/wp-content\/uploads\/2022\/02\/dubai-skyline-buildings-183.jpg\",\"contentUrl\":\"https:\/\/tiketi.com\/wp-content\/uploads\/2022\/02\/dubai-skyline-buildings-183.jpg\",\"width\":1200,\"height\":202,\"caption\":\"Air Taxi in Dubai\"},{\"@type\":\"BreadcrumbList\",\"@id\":\"https:\/\/tiketi.com\/flights-cairo-dubai-cai-dxb\/#breadcrumb\",\"itemListElement\":[{\"@type\":\"ListItem\",\"position\":1,\"name\":\"Home\",\"item\":\"https:\/\/tiketi.com\/\"},{\"@type\":\"ListItem\",\"position\":2,\"name\":\"Cheap Flights from\u00a0Cairo to Dubai\"}]},{\"@type\":\"WebSite\",\"@id\":\"https:\/\/tiketi.com\/#website\",\"url\":\"https:\/\/tiketi.com\/\",\"name\":\"Flight & Bus Tickets, Tour Packages & Activitites - Tiketi.com\",\"description\":\"Flight &amp; Bus Tickets, Tours, Activitites\",\"publisher\":{\"@id\":\"https:\/\/tiketi.com\/#organization\"},\"potentialAction\":[{\"@type\":\"SearchAction\",\"target\":{\"@type\":\"EntryPoint\",\"urlTemplate\":\"https:\/\/tiketi.com\/?s={search_term_string}\"},\"query-input\":{\"@type\":\"PropertyValueSpecification\",\"valueRequired\":true,\"valueName\":\"search_term_string\"}}],\"inLanguage\":\"fr-FR\"},{\"@type\":\"Organization\",\"@id\":\"https:\/\/tiketi.com\/#organization\",\"name\":\"Tiketi.com\",\"alternateName\":\"Tiketi\",\"url\":\"https:\/\/tiketi.com\/\",\"logo\":{\"@type\":\"ImageObject\",\"inLanguage\":\"fr-FR\",\"@id\":\"https:\/\/tiketi.com\/#\/schema\/logo\/image\/\",\"url\":\"https:\/\/tiketi.com\/wp-content\/uploads\/2019\/05\/tiketi-logo-696.png\",\"contentUrl\":\"https:\/\/tiketi.com\/wp-content\/uploads\/2019\/05\/tiketi-logo-696.png\",\"width\":696,\"height\":696,\"caption\":\"Tiketi.com\"},\"image\":{\"@id\":\"https:\/\/tiketi.com\/#\/schema\/logo\/image\/\"},\"sameAs\":[\"https:\/\/www.facebook.com\/TiketiCom\/\"]}]}<\/script>\n<!-- \/ Yoast SEO plugin. -->","yoast_head_json":{"title":"Vols \u00e0 bas prix de Le Caire \u00e0 Duba\u00ef","description":"Vous recherchez des vols de Le Caire \u00e0 Duba\u00ef ? R\u00e9servez en ligne des vols \u00e0 bas prix de Le Caire \u00e0 Duba\u00ef","robots":{"index":"index","follow":"follow","max-snippet":"max-snippet:-1","max-image-preview":"max-image-preview:large","max-video-preview":"max-video-preview:-1"},"canonical":"https:\/\/tiketi.com\/fr-fr\/flights-cairo-dubai-cai-dxb\/","og_locale":"fr_FR","og_type":"article","og_title":"Cheap Flights from\u00a0Cairo to Dubai","og_description":"Looking for flights from\u00a0Cairo to Dubai? Book cheap flights from\u00a0Cairo to Dubai online","og_url":"https:\/\/tiketi.com\/fr-fr\/flights-cairo-dubai-cai-dxb\/","og_site_name":"Tiketi.com","article_publisher":"https:\/\/www.facebook.com\/TiketiCom\/","article_modified_time":"2022-02-07T12:05:53+00:00","og_image":[{"width":1200,"height":202,"url":"https:\/\/tiketi.com\/wp-content\/uploads\/2022\/02\/dubai-skyline-buildings-183.jpg","type":"image\/jpeg"}],"twitter_card":"summary_large_image","twitter_misc":{"Dur\u00e9e de lecture estim\u00e9e":"3 minutes"},"schema":{"@context":"https:\/\/schema.org","@graph":[{"@type":"WebPage","@id":"https:\/\/tiketi.com\/flights-cairo-dubai-cai-dxb\/","url":"https:\/\/tiketi.com\/flights-cairo-dubai-cai-dxb\/","name":"Vols \u00e0 bas prix de Le Caire \u00e0 Duba\u00ef","isPartOf":{"@id":"https:\/\/tiketi.com\/#website"},"primaryImageOfPage":{"@id":"https:\/\/tiketi.com\/flights-cairo-dubai-cai-dxb\/#primaryimage"},"image":{"@id":"https:\/\/tiketi.com\/flights-cairo-dubai-cai-dxb\/#primaryimage"},"thumbnailUrl":"https:\/\/tiketi.com\/wp-content\/uploads\/2022\/02\/dubai-skyline-buildings-183.jpg","datePublished":"2022-01-19T11:55:11+00:00","dateModified":"2022-02-07T12:05:53+00:00","description":"Vous recherchez des vols de Le Caire \u00e0 Duba\u00ef ? R\u00e9servez en ligne des vols \u00e0 bas prix de Le Caire \u00e0 Duba\u00ef","breadcrumb":{"@id":"https:\/\/tiketi.com\/flights-cairo-dubai-cai-dxb\/#breadcrumb"},"inLanguage":"fr-FR","potentialAction":[{"@type":"ReadAction","target":["https:\/\/tiketi.com\/flights-cairo-dubai-cai-dxb\/"]}]},{"@type":"ImageObject","inLanguage":"fr-FR","@id":"https:\/\/tiketi.com\/flights-cairo-dubai-cai-dxb\/#primaryimage","url":"https:\/\/tiketi.com\/wp-content\/uploads\/2022\/02\/dubai-skyline-buildings-183.jpg","contentUrl":"https:\/\/tiketi.com\/wp-content\/uploads\/2022\/02\/dubai-skyline-buildings-183.jpg","width":1200,"height":202,"caption":"Air Taxi in Dubai"},{"@type":"BreadcrumbList","@id":"https:\/\/tiketi.com\/flights-cairo-dubai-cai-dxb\/#breadcrumb","itemListElement":[{"@type":"ListItem","position":1,"name":"Home","item":"https:\/\/tiketi.com\/"},{"@type":"ListItem","position":2,"name":"Cheap Flights from\u00a0Cairo to Dubai"}]},{"@type":"WebSite","@id":"https:\/\/tiketi.com\/#website","url":"https:\/\/tiketi.com\/","name":"Billets d&#039;avion et de bus, forfaits touristiques et activit\u00e9s - Tiketi.com","description":"Billets d&#039;avion et de bus, Tours, Activit\u00e9s","publisher":{"@id":"https:\/\/tiketi.com\/#organization"},"potentialAction":[{"@type":"SearchAction","target":{"@type":"EntryPoint","urlTemplate":"https:\/\/tiketi.com\/?s={search_term_string}"},"query-input":{"@type":"PropertyValueSpecification","valueRequired":true,"valueName":"search_term_string"}}],"inLanguage":"fr-FR"},{"@type":"Organization","@id":"https:\/\/tiketi.com\/#organization","name":"Tiketi.com","alternateName":"Tiketi","url":"https:\/\/tiketi.com\/","logo":{"@type":"ImageObject","inLanguage":"fr-FR","@id":"https:\/\/tiketi.com\/#\/schema\/logo\/image\/","url":"https:\/\/tiketi.com\/wp-content\/uploads\/2019\/05\/tiketi-logo-696.png","contentUrl":"https:\/\/tiketi.com\/wp-content\/uploads\/2019\/05\/tiketi-logo-696.png","width":696,"height":696,"caption":"Tiketi.com"},"image":{"@id":"https:\/\/tiketi.com\/#\/schema\/logo\/image\/"},"sameAs":["https:\/\/www.facebook.com\/TiketiCom\/"]}]}},"_links":{"self":[{"href":"https:\/\/tiketi.com\/fr-fr\/wp-json\/wp\/v2\/pages\/11782","targetHints":{"allow":["GET"]}}],"collection":[{"href":"https:\/\/tiketi.com\/fr-fr\/wp-json\/wp\/v2\/pages"}],"about":[{"href":"https:\/\/tiketi.com\/fr-fr\/wp-json\/wp\/v2\/types\/page"}],"author":[{"embeddable":true,"href":"https:\/\/tiketi.com\/fr-fr\/wp-json\/wp\/v2\/users\/1"}],"replies":[{"embeddable":true,"href":"https:\/\/tiketi.com\/fr-fr\/wp-json\/wp\/v2\/comments?post=11782"}],"version-history":[{"count":0,"href":"https:\/\/tiketi.com\/fr-fr\/wp-json\/wp\/v2\/pages\/11782\/revisions"}],"wp:featuredmedia":[{"embeddable":true,"href":"https:\/\/tiketi.com\/fr-fr\/wp-json\/wp\/v2\/media\/16474"}],"wp:attachment":[{"href":"https:\/\/tiketi.com\/fr-fr\/wp-json\/wp\/v2\/media?parent=11782"}],"curies":[{"name":"wp","href":"https:\/\/api.w.org\/{rel}","templated":true}]}}