{"id":11783,"date":"2022-01-19T12:55:11","date_gmt":"2022-01-19T11:55:11","guid":{"rendered":"https:\/\/new.tiketi.com\/cheap-flights-from-nairobi-wilson-to-lamu\/"},"modified":"2022-02-09T16:56:03","modified_gmt":"2022-02-09T15:56:03","slug":"flights-nairobi-wilson-lamu-nbo-lau","status":"publish","type":"page","link":"https:\/\/tiketi.com\/fr-fr\/flights-nairobi-wilson-lamu-nbo-lau\/","title":{"rendered":"Vols \u00e0 bas prix de Nairobi \u00e0 Lamu"},"content":{"rendered":"<h2>Vous recherchez un billet d&#039;avion pas cher Nairobi - Lamu ou des offres de derni\u00e8re minute ?<\/h2>\n<h3>Recherchez, comparez et r\u00e9servez en ligne maintenant un billet d&#039;avion pas cher entre Nairobi Wilson (NBO) et Lamu (LAU).<\/h3>\n<p>R\u00e9servez en ligne des vols \u00e0 bas prix de Nairobi \u00e0 Lamu et \u00e9conomisez de l&#039;argent sur les billets d&#039;avion. Lamu est une petite ville situ\u00e9e sur l&#039;\u00eele de Lamu au Kenya. La ville est class\u00e9e au patrimoine mondial de l&#039;UNESCO comme la plus ancienne colonie swahili d&#039;Afrique de l&#039;Est. Comparez les prix et obtenez les meilleurs tarifs sur les billets d&#039;avion de Nairobi \u00e0 Lamu gr\u00e2ce \u00e0 des offres exceptionnelles sur la r\u00e9servation de billets en ligne de vols Nairobi \u00e0 Lamu.<\/p>\n<h2>Voici quelques-unes des meilleures attractions de Lamu<\/h2>\n<h3>Fort de Lamu<\/h3>\n<p>Le Fort est une attraction touristique c\u00e9l\u00e8bre et un lieu du patrimoine mondial, situ\u00e9 dans la ville de Lamu. Il a \u00e9t\u00e9 construit entre 1813 et 1820, un b\u00e2timent de 2 \u00e9tages avec une magnifique architecture swahili.<\/p>\n<h3>Sanctuaire des \u00e2nes<\/h3>\n<p>Donkey Sanctuary est un \u00e9tablissement qui propose des soins pour tous les \u00e2nes de Lamu. Comme il n&#039;y a pas de transport automatique, le seul moyen de transport est les \u00e2nes. Il y a environ deux mille \u00e0 trois mille \u00e2nes sur l&#039;\u00eele. Le Donkey Sanctuary offre l&#039;\u00e2ne avec un traitement gratuit.<\/p>\n<h3>Mosqu\u00e9e de Riyadha<\/h3>\n<p>La mosqu\u00e9e est la plaque tournante du festival Maulidi qui c\u00e9l\u00e8bre la naissance du proph\u00e8te Mahomet. Le festival a lieu chaque ann\u00e9e et attire des p\u00e8lerins d&#039;autres villes d&#039;Afrique de l&#039;Est pour c\u00e9l\u00e9brer avec le peuple Lamu. Pendant ce festival, de nombreuses activit\u00e9s \u00e9tonnantes ont lieu telles que des chants, des danses, des courses d&#039;\u00e2nes et des expositions locales.<\/p>\n<h3>Mus\u00e9e de Lamu<\/h3>\n<p>Le mus\u00e9e est un grand b\u00e2timent swahili \u00e9tabli pour illustrer la culture et l&#039;histoire de Lamus.<\/p>\n<h2>FAQ sur les vols pas chers de Nairobi \u00e0 Lamu<\/h2>\n<h3>Quelle est la dur\u00e9e du vol entre Nairobi Wilson et Lamu ?<\/h3>\n<p>La dur\u00e9e moyenne d&#039;un vol Nairobi-Lamu est de 1 h 10 min.<\/p>\n<h3>Combien de compagnies a\u00e9riennes proposent des vols directs Nairobi-Lamu ?<\/h3>\n<p>Trois compagnies a\u00e9riennes proposent des vols directs entre Nairobi et Lamu.<\/p>\n<h3>Combien de vols pas chers de Lamu \u00e0 Nairobi Wilson volent-ils par semaine ?<\/h3>\n<p>Il y a vingt-deux vols par semaine entre Nairobi et Lamu.<\/p>\n<h3>Quelles sont les compagnies a\u00e9riennes les plus c\u00e9l\u00e8bres pour les vols Nairobi - Lamu ?<\/h3>\n<p>Il y a des vols r\u00e9guliers de Nairobi \u00e0 Lamu directement depuis Safarilink, Skyward Express et Air Kenya Express.<\/p>\n<h3>Quel est le meilleur moment pour r\u00e9server un billet d&#039;avion pas cher de Nairobi vers Lamu ?<\/h3>\n<p>G\u00e9n\u00e9ralement, le meilleur temps de vol de Nairobi \u00e0 Lamu \u00e0 r\u00e9server est de 2 mois \u00e0 l&#039;avance. Et les jours les moins chers pour voler sont le mercredi, le mardi et le samedi. Le dimanche est le plus cher.<\/p>\n<h2>Conseils de vol de Nairobi \u00e0 Lamu<\/h2>\n<p>\u2022 La distance de vol moyenne de Nairobi \u00e0 Lamu est \u00e9gale \u00e0 274 miles et il vous faudra environ 1h 20 d&#039;a\u00e9roport \u00e0 a\u00e9roport.<\/p>\n<p>\u2022 Un vol sans escale op\u00e8re de Nairobi \u00e0 Lamu.<\/p>\n<p>\u2022 Safarilink propose le plus de vols sans escale entre Lamu et Nairobi Wilson.<\/p>\n<p>\u2022 Malindi, Kenya \u2013 Malindi est la liaison la plus connue pour les vols \u00e0 escale entre Lamu et Nairobi Wilson.<\/p>","protected":false},"excerpt":{"rendered":"<p>Looking for cheap airline ticket from Nairobi to Lamu\u00a0or last minute deals? Search, compare and book cheap airline ticket from Nairobi Wilson (NBO) to Lamu (LAU) online now. Book cheap flights from Nairobi to Lamu online and save money on airfare. Lamu is a little town placed on Lamu island in Kenya. The town is [&hellip;]<\/p>\n","protected":false},"author":1,"featured_media":14041,"parent":0,"menu_order":0,"comment_status":"open","ping_status":"closed","template":"template-home-modern.php","meta":{"footnotes":""},"class_list":["post-11783","page","type-page","status-publish","has-post-thumbnail","hentry"],"yoast_head":"<!-- This site is optimized with the Yoast SEO plugin v27.2 - https:\/\/yoast.com\/product\/yoast-seo-wordpress\/ -->\n<title>Cheap Flights from Nairobi to Lamu<\/title>\n<meta name=\"description\" content=\"Looking for cheap flights from Nairobi to Lamu? Search, compare and book cheap airline ticket from Nairobi to Lamu online\" \/>\n<meta name=\"robots\" content=\"index, follow, max-snippet:-1, max-image-preview:large, max-video-preview:-1\" \/>\n<link rel=\"canonical\" href=\"https:\/\/tiketi.com\/fr-fr\/flights-nairobi-wilson-lamu-nbo-lau\/\" \/>\n<meta property=\"og:locale\" content=\"fr_FR\" \/>\n<meta property=\"og:type\" content=\"article\" \/>\n<meta property=\"og:title\" content=\"Cheap Flights from Nairobi to Lamu\" \/>\n<meta property=\"og:description\" content=\"Looking for cheap flights from Nairobi to Lamu? Search, compare and book cheap airline ticket from Nairobi to Lamu online\" \/>\n<meta property=\"og:url\" content=\"https:\/\/tiketi.com\/fr-fr\/flights-nairobi-wilson-lamu-nbo-lau\/\" \/>\n<meta property=\"og:site_name\" content=\"Tiketi.com\" \/>\n<meta property=\"article:publisher\" content=\"https:\/\/www.facebook.com\/TiketiCom\/\" \/>\n<meta property=\"article:modified_time\" content=\"2022-02-09T15:56:03+00:00\" \/>\n<meta property=\"og:image\" content=\"https:\/\/tiketi.com\/wp-content\/uploads\/2022\/01\/flight-ticket-booking-sorasak-KxCJXXGsv9I-unsplas.jpg\" \/>\n\t<meta property=\"og:image:width\" content=\"1200\" \/>\n\t<meta property=\"og:image:height\" content=\"240\" \/>\n\t<meta property=\"og:image:type\" content=\"image\/jpeg\" \/>\n<meta name=\"twitter:card\" content=\"summary_large_image\" \/>\n<meta name=\"twitter:label1\" content=\"Dur\u00e9e de lecture estim\u00e9e\" \/>\n\t<meta name=\"twitter:data1\" content=\"3 minutes\" \/>\n<script type=\"application\/ld+json\" class=\"yoast-schema-graph\">{\"@context\":\"https:\/\/schema.org\",\"@graph\":[{\"@type\":\"WebPage\",\"@id\":\"https:\/\/tiketi.com\/flights-nairobi-wilson-lamu-nbo-lau\/\",\"url\":\"https:\/\/tiketi.com\/flights-nairobi-wilson-lamu-nbo-lau\/\",\"name\":\"Cheap Flights from Nairobi to Lamu\",\"isPartOf\":{\"@id\":\"https:\/\/tiketi.com\/#website\"},\"primaryImageOfPage\":{\"@id\":\"https:\/\/tiketi.com\/flights-nairobi-wilson-lamu-nbo-lau\/#primaryimage\"},\"image\":{\"@id\":\"https:\/\/tiketi.com\/flights-nairobi-wilson-lamu-nbo-lau\/#primaryimage\"},\"thumbnailUrl\":\"https:\/\/tiketi.com\/wp-content\/uploads\/2022\/01\/flight-ticket-booking-sorasak-KxCJXXGsv9I-unsplas.jpg\",\"datePublished\":\"2022-01-19T11:55:11+00:00\",\"dateModified\":\"2022-02-09T15:56:03+00:00\",\"description\":\"Looking for cheap flights from Nairobi to Lamu? Search, compare and book cheap airline ticket from Nairobi to Lamu online\",\"breadcrumb\":{\"@id\":\"https:\/\/tiketi.com\/flights-nairobi-wilson-lamu-nbo-lau\/#breadcrumb\"},\"inLanguage\":\"fr-FR\",\"potentialAction\":[{\"@type\":\"ReadAction\",\"target\":[\"https:\/\/tiketi.com\/flights-nairobi-wilson-lamu-nbo-lau\/\"]}]},{\"@type\":\"ImageObject\",\"inLanguage\":\"fr-FR\",\"@id\":\"https:\/\/tiketi.com\/flights-nairobi-wilson-lamu-nbo-lau\/#primaryimage\",\"url\":\"https:\/\/tiketi.com\/wp-content\/uploads\/2022\/01\/flight-ticket-booking-sorasak-KxCJXXGsv9I-unsplas.jpg\",\"contentUrl\":\"https:\/\/tiketi.com\/wp-content\/uploads\/2022\/01\/flight-ticket-booking-sorasak-KxCJXXGsv9I-unsplas.jpg\",\"width\":1200,\"height\":240,\"caption\":\"Online flight ticket booking\"},{\"@type\":\"BreadcrumbList\",\"@id\":\"https:\/\/tiketi.com\/flights-nairobi-wilson-lamu-nbo-lau\/#breadcrumb\",\"itemListElement\":[{\"@type\":\"ListItem\",\"position\":1,\"name\":\"Home\",\"item\":\"https:\/\/tiketi.com\/\"},{\"@type\":\"ListItem\",\"position\":2,\"name\":\"Cheap Flights from Nairobi to Lamu\"}]},{\"@type\":\"WebSite\",\"@id\":\"https:\/\/tiketi.com\/#website\",\"url\":\"https:\/\/tiketi.com\/\",\"name\":\"Flight & Bus Tickets, Tour Packages & Activitites - Tiketi.com\",\"description\":\"Flight &amp; Bus Tickets, Tours, Activitites\",\"publisher\":{\"@id\":\"https:\/\/tiketi.com\/#organization\"},\"potentialAction\":[{\"@type\":\"SearchAction\",\"target\":{\"@type\":\"EntryPoint\",\"urlTemplate\":\"https:\/\/tiketi.com\/?s={search_term_string}\"},\"query-input\":{\"@type\":\"PropertyValueSpecification\",\"valueRequired\":true,\"valueName\":\"search_term_string\"}}],\"inLanguage\":\"fr-FR\"},{\"@type\":\"Organization\",\"@id\":\"https:\/\/tiketi.com\/#organization\",\"name\":\"Tiketi.com\",\"alternateName\":\"Tiketi\",\"url\":\"https:\/\/tiketi.com\/\",\"logo\":{\"@type\":\"ImageObject\",\"inLanguage\":\"fr-FR\",\"@id\":\"https:\/\/tiketi.com\/#\/schema\/logo\/image\/\",\"url\":\"https:\/\/tiketi.com\/wp-content\/uploads\/2019\/05\/tiketi-logo-696.png\",\"contentUrl\":\"https:\/\/tiketi.com\/wp-content\/uploads\/2019\/05\/tiketi-logo-696.png\",\"width\":696,\"height\":696,\"caption\":\"Tiketi.com\"},\"image\":{\"@id\":\"https:\/\/tiketi.com\/#\/schema\/logo\/image\/\"},\"sameAs\":[\"https:\/\/www.facebook.com\/TiketiCom\/\"]}]}<\/script>\n<!-- \/ Yoast SEO plugin. -->","yoast_head_json":{"title":"Vols \u00e0 bas prix de Nairobi \u00e0 Lamu","description":"Vous recherchez des vols \u00e0 bas prix de Nairobi vers Lamu ? Recherchez, comparez et r\u00e9servez en ligne un billet d&#039;avion pas cher de Nairobi \u00e0 Lamu","robots":{"index":"index","follow":"follow","max-snippet":"max-snippet:-1","max-image-preview":"max-image-preview:large","max-video-preview":"max-video-preview:-1"},"canonical":"https:\/\/tiketi.com\/fr-fr\/flights-nairobi-wilson-lamu-nbo-lau\/","og_locale":"fr_FR","og_type":"article","og_title":"Cheap Flights from Nairobi to Lamu","og_description":"Looking for cheap flights from Nairobi to Lamu? Search, compare and book cheap airline ticket from Nairobi to Lamu online","og_url":"https:\/\/tiketi.com\/fr-fr\/flights-nairobi-wilson-lamu-nbo-lau\/","og_site_name":"Tiketi.com","article_publisher":"https:\/\/www.facebook.com\/TiketiCom\/","article_modified_time":"2022-02-09T15:56:03+00:00","og_image":[{"width":1200,"height":240,"url":"https:\/\/tiketi.com\/wp-content\/uploads\/2022\/01\/flight-ticket-booking-sorasak-KxCJXXGsv9I-unsplas.jpg","type":"image\/jpeg"}],"twitter_card":"summary_large_image","twitter_misc":{"Dur\u00e9e de lecture estim\u00e9e":"3 minutes"},"schema":{"@context":"https:\/\/schema.org","@graph":[{"@type":"WebPage","@id":"https:\/\/tiketi.com\/flights-nairobi-wilson-lamu-nbo-lau\/","url":"https:\/\/tiketi.com\/flights-nairobi-wilson-lamu-nbo-lau\/","name":"Vols \u00e0 bas prix de Nairobi \u00e0 Lamu","isPartOf":{"@id":"https:\/\/tiketi.com\/#website"},"primaryImageOfPage":{"@id":"https:\/\/tiketi.com\/flights-nairobi-wilson-lamu-nbo-lau\/#primaryimage"},"image":{"@id":"https:\/\/tiketi.com\/flights-nairobi-wilson-lamu-nbo-lau\/#primaryimage"},"thumbnailUrl":"https:\/\/tiketi.com\/wp-content\/uploads\/2022\/01\/flight-ticket-booking-sorasak-KxCJXXGsv9I-unsplas.jpg","datePublished":"2022-01-19T11:55:11+00:00","dateModified":"2022-02-09T15:56:03+00:00","description":"Vous recherchez des vols \u00e0 bas prix de Nairobi vers Lamu ? Recherchez, comparez et r\u00e9servez en ligne un billet d&#039;avion pas cher de Nairobi \u00e0 Lamu","breadcrumb":{"@id":"https:\/\/tiketi.com\/flights-nairobi-wilson-lamu-nbo-lau\/#breadcrumb"},"inLanguage":"fr-FR","potentialAction":[{"@type":"ReadAction","target":["https:\/\/tiketi.com\/flights-nairobi-wilson-lamu-nbo-lau\/"]}]},{"@type":"ImageObject","inLanguage":"fr-FR","@id":"https:\/\/tiketi.com\/flights-nairobi-wilson-lamu-nbo-lau\/#primaryimage","url":"https:\/\/tiketi.com\/wp-content\/uploads\/2022\/01\/flight-ticket-booking-sorasak-KxCJXXGsv9I-unsplas.jpg","contentUrl":"https:\/\/tiketi.com\/wp-content\/uploads\/2022\/01\/flight-ticket-booking-sorasak-KxCJXXGsv9I-unsplas.jpg","width":1200,"height":240,"caption":"Online flight ticket booking"},{"@type":"BreadcrumbList","@id":"https:\/\/tiketi.com\/flights-nairobi-wilson-lamu-nbo-lau\/#breadcrumb","itemListElement":[{"@type":"ListItem","position":1,"name":"Home","item":"https:\/\/tiketi.com\/"},{"@type":"ListItem","position":2,"name":"Cheap Flights from Nairobi to Lamu"}]},{"@type":"WebSite","@id":"https:\/\/tiketi.com\/#website","url":"https:\/\/tiketi.com\/","name":"Billets d&#039;avion et de bus, forfaits touristiques et activit\u00e9s - Tiketi.com","description":"Billets d&#039;avion et de bus, Tours, Activit\u00e9s","publisher":{"@id":"https:\/\/tiketi.com\/#organization"},"potentialAction":[{"@type":"SearchAction","target":{"@type":"EntryPoint","urlTemplate":"https:\/\/tiketi.com\/?s={search_term_string}"},"query-input":{"@type":"PropertyValueSpecification","valueRequired":true,"valueName":"search_term_string"}}],"inLanguage":"fr-FR"},{"@type":"Organization","@id":"https:\/\/tiketi.com\/#organization","name":"Tiketi.com","alternateName":"Tiketi","url":"https:\/\/tiketi.com\/","logo":{"@type":"ImageObject","inLanguage":"fr-FR","@id":"https:\/\/tiketi.com\/#\/schema\/logo\/image\/","url":"https:\/\/tiketi.com\/wp-content\/uploads\/2019\/05\/tiketi-logo-696.png","contentUrl":"https:\/\/tiketi.com\/wp-content\/uploads\/2019\/05\/tiketi-logo-696.png","width":696,"height":696,"caption":"Tiketi.com"},"image":{"@id":"https:\/\/tiketi.com\/#\/schema\/logo\/image\/"},"sameAs":["https:\/\/www.facebook.com\/TiketiCom\/"]}]}},"_links":{"self":[{"href":"https:\/\/tiketi.com\/fr-fr\/wp-json\/wp\/v2\/pages\/11783","targetHints":{"allow":["GET"]}}],"collection":[{"href":"https:\/\/tiketi.com\/fr-fr\/wp-json\/wp\/v2\/pages"}],"about":[{"href":"https:\/\/tiketi.com\/fr-fr\/wp-json\/wp\/v2\/types\/page"}],"author":[{"embeddable":true,"href":"https:\/\/tiketi.com\/fr-fr\/wp-json\/wp\/v2\/users\/1"}],"replies":[{"embeddable":true,"href":"https:\/\/tiketi.com\/fr-fr\/wp-json\/wp\/v2\/comments?post=11783"}],"version-history":[{"count":0,"href":"https:\/\/tiketi.com\/fr-fr\/wp-json\/wp\/v2\/pages\/11783\/revisions"}],"wp:featuredmedia":[{"embeddable":true,"href":"https:\/\/tiketi.com\/fr-fr\/wp-json\/wp\/v2\/media\/14041"}],"wp:attachment":[{"href":"https:\/\/tiketi.com\/fr-fr\/wp-json\/wp\/v2\/media?parent=11783"}],"curies":[{"name":"wp","href":"https:\/\/api.w.org\/{rel}","templated":true}]}}