{"id":11787,"date":"2022-01-19T12:55:11","date_gmt":"2022-01-19T11:55:11","guid":{"rendered":"https:\/\/new.tiketi.com\/cheap-flights-from-mafia-island-to-dar-es-salaam\/"},"modified":"2022-02-09T10:53:46","modified_gmt":"2022-02-09T09:53:46","slug":"flights-mafia-island-dar-es-salaam-mfa-dar","status":"publish","type":"page","link":"https:\/\/tiketi.com\/fr-fr\/flights-mafia-island-dar-es-salaam-mfa-dar\/","title":{"rendered":"Vols \u00e0 bas prix de Mafia Island \u00e0 Dar es Salam"},"content":{"rendered":"<h2>Vous recherchez un billet d&#039;avion pas cher de Mafia Island \u00e0 Dar es Salam ou des offres de derni\u00e8re minute ?<\/h2>\n<h3>Recherchez, comparez et r\u00e9servez un billet d&#039;avion pas cher entre Mafia Island (MFA) et Dar es Salaam (DAR)<span style=\"font-size: 16px;\">&nbsp;<\/span>maintenant en ligne.<\/h3>\n<p>R\u00e9servez en ligne des vols \u00e0 bas prix de Mafia Island \u00e0 Dar es Salam et \u00e9conomisez de l&#039;argent sur les billets d&#039;avion. L&#039;un des ports les plus actifs d&#039;Afrique de l&#039;Est, Dar es Salaam est la plus grande ville et le plus grand centre commercial de Tanzanie. L&#039;architecture de la ville est une combinaison d&#039;influences allemandes, swahili, britanniques et asiatiques. Comparez les prix et obtenez le tarif le plus bas sur les billets d&#039;avion de Mafia Island \u00e0 Dar es Salaam gr\u00e2ce \u00e0 des offres exceptionnelles sur la r\u00e9servation de billets en ligne de Mafia Island \u00e0 Dar es Salaam.<\/p>\n<h2>Voici quelques-unes des meilleures attractions d&#039;Arusha<\/h2>\n<h3>Baie aux hu\u00eetres<\/h3>\n<p>Cette enclave d&#039;expatri\u00e9s ais\u00e9s, \u00e0 environ 6 kilom\u00e8tres au nord de la ville sur la p\u00e9ninsule de Msasani, est un lieu de rencontre c\u00e9l\u00e8bre le week-end. Les touristes et les locaux se prom\u00e8nent sur Coco Beach, savourent la cuisine de rue et \u00e9coutent de la musique locale. Le centre commercial Oyster Bay est une attraction c\u00e9l\u00e8bre, avec des galeries d&#039;art, des galeries d&#039;art, des march\u00e9s et des boutiques.<\/p>\n<h3>jardin botanique<\/h3>\n<p>Abritant la soci\u00e9t\u00e9 d&#039;horticulture de la ville, le jardin botanique a \u00e9t\u00e9 cr\u00e9\u00e9 en 1983 par le professeur Stuhlmann, le premier directeur de l&#039;agriculture. Ils ont \u00e9t\u00e9 utilis\u00e9s comme parcelle de piste pour tester diff\u00e9rents types d&#039;esp\u00e8ces d&#039;arbres et de cultures de plantation.<\/p>\n<h3>March\u00e9 aux poissons de Kivukoni<\/h3>\n<p>Visiter le march\u00e9 aux poissons anim\u00e9 de Kivukoni sur le devant du port est l&#039;une des choses les plus c\u00e9l\u00e8bres \u00e0 faire si vous voulez vous impr\u00e9gner d&#039;une tranche de la vie quotidienne de Dar es Salaam. Les bateaux de p\u00eache arrivent t\u00f4t le matin pour d\u00e9charger leurs prises, o\u00f9 elles sont vendues aux ench\u00e8res au public national et aux restaurants. N\u00e9gociez fort si vous \u00eates \u00e0 la recherche de poisson. Le vivaneau, les crabes et les calmars font partie des nombreuses esp\u00e8ces expos\u00e9es, et vous pouvez \u00e9galement d\u00e9guster un repas de fruits de mer pendant votre s\u00e9jour.<\/p>\n<h2>FAQ sur les vols pas chers Mafia Island - Dar es Salam<\/h2>\n<h3>Quelles sont les compagnies a\u00e9riennes les plus c\u00e9l\u00e8bres pour les billets d&#039;avion pas chers de Mafia Island \u00e0 Dar es Salaam ?<\/h3>\n<p>Auric et Coastal Aviation sont les compagnies a\u00e9riennes les plus connues pour les billets d&#039;avion pas chers de l&#039;\u00eele de Mafia \u00e0 Dar es Salaam.<\/p>\n<h3>Combien de vols Mafaia vers Dar es Salam partent en moyenne par semaine ?<\/h3>\n<p>Le nombre total de vols Mafia Island au d\u00e9part de Dar es Salaam en une semaine est de sept.<\/p>\n<h3>Quelle est la distance totale entre Mafia Island et Dar es Salam?<\/h3>\n<p>La distance totale des vols de l&#039;\u00eele de Mafia \u00e0 Dar es Salaam est d&#039;environ 134 km, et le temps de vol de l&#039;\u00eele de Mafia \u00e0 Dar es Salaam est de trente minutes.<\/p>\n<h2>Conseils sur les vols de Mafia Island \u00e0 Dar es Salaam<\/h2>\n<p>\u2022 Le temps de vol le plus rapide pour les vols directs de l&#039;\u00eele de Mafia \u00e0 Dar es Salaam est de trente minutes. Le temps de vol moyen est de trente-deux minutes.<\/p>\n<p>\u2022 Le premier vol de la journ\u00e9e \u00e0 12h50. Le dernier vol de la journ\u00e9e part \u00e0 17h30.<\/p>\n<p>\u2022 Il existe plusieurs vols pas chers sans escale entre Mafia Island et Dar es Salaam via Auric Air, Tropical Air et Coastal Aviation.<\/p>","protected":false},"excerpt":{"rendered":"<p>Looking for cheap airline ticket from Mafia Island to Dar es Salaam&nbsp;or last minute deals? Search, compare and book cheap airline ticket from Mafia Island (MFA) to Dar es Salaam (DAR)&nbsp;online now. Book cheap flights from Mafia Island to Dar es Salaam online and save money on airfare. One of East Africa&#8217;s busiest ports, Dar [&hellip;]<\/p>\n","protected":false},"author":1,"featured_media":14041,"parent":0,"menu_order":0,"comment_status":"open","ping_status":"closed","template":"template-home-modern.php","meta":{"footnotes":""},"class_list":["post-11787","page","type-page","status-publish","has-post-thumbnail","hentry"],"yoast_head":"<!-- This site is optimized with the Yoast SEO plugin v27.2 - https:\/\/yoast.com\/product\/yoast-seo-wordpress\/ -->\n<title>Cheap Flights from\u00a0Mafia Island to Dar es Salaam<\/title>\n<meta name=\"description\" content=\"Looking for cheap flights from\u00a0Kilimanjaro to Arusha? Search, compare and book cheap airline ticket from Kilimanjaro to Arusha online\" \/>\n<meta name=\"robots\" content=\"index, follow, max-snippet:-1, max-image-preview:large, max-video-preview:-1\" \/>\n<link rel=\"canonical\" href=\"https:\/\/tiketi.com\/fr-fr\/flights-mafia-island-dar-es-salaam-mfa-dar\/\" \/>\n<meta property=\"og:locale\" content=\"fr_FR\" \/>\n<meta property=\"og:type\" content=\"article\" \/>\n<meta property=\"og:title\" content=\"Cheap Flights from\u00a0Mafia Island to Dar es Salaam\" \/>\n<meta property=\"og:description\" content=\"Looking for cheap flights from\u00a0Kilimanjaro to Arusha? Search, compare and book cheap airline ticket from Kilimanjaro to Arusha online\" \/>\n<meta property=\"og:url\" content=\"https:\/\/tiketi.com\/fr-fr\/flights-mafia-island-dar-es-salaam-mfa-dar\/\" \/>\n<meta property=\"og:site_name\" content=\"Tiketi.com\" \/>\n<meta property=\"article:publisher\" content=\"https:\/\/www.facebook.com\/TiketiCom\/\" \/>\n<meta property=\"article:modified_time\" content=\"2022-02-09T09:53:46+00:00\" \/>\n<meta property=\"og:image\" content=\"https:\/\/tiketi.com\/wp-content\/uploads\/2022\/01\/flight-ticket-booking-sorasak-KxCJXXGsv9I-unsplas.jpg\" \/>\n\t<meta property=\"og:image:width\" content=\"1200\" \/>\n\t<meta property=\"og:image:height\" content=\"240\" \/>\n\t<meta property=\"og:image:type\" content=\"image\/jpeg\" \/>\n<meta name=\"twitter:card\" content=\"summary_large_image\" \/>\n<meta name=\"twitter:label1\" content=\"Dur\u00e9e de lecture estim\u00e9e\" \/>\n\t<meta name=\"twitter:data1\" content=\"3 minutes\" \/>\n<script type=\"application\/ld+json\" class=\"yoast-schema-graph\">{\"@context\":\"https:\/\/schema.org\",\"@graph\":[{\"@type\":\"WebPage\",\"@id\":\"https:\/\/tiketi.com\/sw\/flights-mafia-island-dar-es-salaam-mfa-dar\/\",\"url\":\"https:\/\/tiketi.com\/sw\/flights-mafia-island-dar-es-salaam-mfa-dar\/\",\"name\":\"Cheap Flights from\u00a0Mafia Island to Dar es Salaam\",\"isPartOf\":{\"@id\":\"https:\/\/tiketi.com\/#website\"},\"primaryImageOfPage\":{\"@id\":\"https:\/\/tiketi.com\/sw\/flights-mafia-island-dar-es-salaam-mfa-dar\/#primaryimage\"},\"image\":{\"@id\":\"https:\/\/tiketi.com\/sw\/flights-mafia-island-dar-es-salaam-mfa-dar\/#primaryimage\"},\"thumbnailUrl\":\"https:\/\/tiketi.com\/wp-content\/uploads\/2022\/01\/flight-ticket-booking-sorasak-KxCJXXGsv9I-unsplas.jpg\",\"datePublished\":\"2022-01-19T11:55:11+00:00\",\"dateModified\":\"2022-02-09T09:53:46+00:00\",\"description\":\"Looking for cheap flights from\u00a0Kilimanjaro to Arusha? Search, compare and book cheap airline ticket from Kilimanjaro to Arusha online\",\"breadcrumb\":{\"@id\":\"https:\/\/tiketi.com\/sw\/flights-mafia-island-dar-es-salaam-mfa-dar\/#breadcrumb\"},\"inLanguage\":\"fr-FR\",\"potentialAction\":[{\"@type\":\"ReadAction\",\"target\":[\"https:\/\/tiketi.com\/sw\/flights-mafia-island-dar-es-salaam-mfa-dar\/\"]}]},{\"@type\":\"ImageObject\",\"inLanguage\":\"fr-FR\",\"@id\":\"https:\/\/tiketi.com\/sw\/flights-mafia-island-dar-es-salaam-mfa-dar\/#primaryimage\",\"url\":\"https:\/\/tiketi.com\/wp-content\/uploads\/2022\/01\/flight-ticket-booking-sorasak-KxCJXXGsv9I-unsplas.jpg\",\"contentUrl\":\"https:\/\/tiketi.com\/wp-content\/uploads\/2022\/01\/flight-ticket-booking-sorasak-KxCJXXGsv9I-unsplas.jpg\",\"width\":1200,\"height\":240,\"caption\":\"Online flight ticket booking\"},{\"@type\":\"BreadcrumbList\",\"@id\":\"https:\/\/tiketi.com\/sw\/flights-mafia-island-dar-es-salaam-mfa-dar\/#breadcrumb\",\"itemListElement\":[{\"@type\":\"ListItem\",\"position\":1,\"name\":\"Home\",\"item\":\"https:\/\/tiketi.com\/\"},{\"@type\":\"ListItem\",\"position\":2,\"name\":\"Cheap Flights from\u00a0Mafia Island to Dar es Salaam\"}]},{\"@type\":\"WebSite\",\"@id\":\"https:\/\/tiketi.com\/#website\",\"url\":\"https:\/\/tiketi.com\/\",\"name\":\"Flight & Bus Tickets, Tour Packages & Activitites - Tiketi.com\",\"description\":\"Flight &amp; Bus Tickets, Tours, Activitites\",\"publisher\":{\"@id\":\"https:\/\/tiketi.com\/#organization\"},\"potentialAction\":[{\"@type\":\"SearchAction\",\"target\":{\"@type\":\"EntryPoint\",\"urlTemplate\":\"https:\/\/tiketi.com\/?s={search_term_string}\"},\"query-input\":{\"@type\":\"PropertyValueSpecification\",\"valueRequired\":true,\"valueName\":\"search_term_string\"}}],\"inLanguage\":\"fr-FR\"},{\"@type\":\"Organization\",\"@id\":\"https:\/\/tiketi.com\/#organization\",\"name\":\"Tiketi.com\",\"alternateName\":\"Tiketi\",\"url\":\"https:\/\/tiketi.com\/\",\"logo\":{\"@type\":\"ImageObject\",\"inLanguage\":\"fr-FR\",\"@id\":\"https:\/\/tiketi.com\/#\/schema\/logo\/image\/\",\"url\":\"https:\/\/tiketi.com\/wp-content\/uploads\/2019\/05\/tiketi-logo-696.png\",\"contentUrl\":\"https:\/\/tiketi.com\/wp-content\/uploads\/2019\/05\/tiketi-logo-696.png\",\"width\":696,\"height\":696,\"caption\":\"Tiketi.com\"},\"image\":{\"@id\":\"https:\/\/tiketi.com\/#\/schema\/logo\/image\/\"},\"sameAs\":[\"https:\/\/www.facebook.com\/TiketiCom\/\"]}]}<\/script>\n<!-- \/ Yoast SEO plugin. -->","yoast_head_json":{"title":"Vols \u00e0 bas prix de Mafia Island \u00e0 Dar es Salam","description":"Vous recherchez des vols \u00e0 bas prix de Kilimandjaro vers Arusha ? Recherchez, comparez et r\u00e9servez en ligne un billet d&#039;avion pas cher de Kilimandjaro \u00e0 Arusha","robots":{"index":"index","follow":"follow","max-snippet":"max-snippet:-1","max-image-preview":"max-image-preview:large","max-video-preview":"max-video-preview:-1"},"canonical":"https:\/\/tiketi.com\/fr-fr\/flights-mafia-island-dar-es-salaam-mfa-dar\/","og_locale":"fr_FR","og_type":"article","og_title":"Cheap Flights from\u00a0Mafia Island to Dar es Salaam","og_description":"Looking for cheap flights from\u00a0Kilimanjaro to Arusha? Search, compare and book cheap airline ticket from Kilimanjaro to Arusha online","og_url":"https:\/\/tiketi.com\/fr-fr\/flights-mafia-island-dar-es-salaam-mfa-dar\/","og_site_name":"Tiketi.com","article_publisher":"https:\/\/www.facebook.com\/TiketiCom\/","article_modified_time":"2022-02-09T09:53:46+00:00","og_image":[{"width":1200,"height":240,"url":"https:\/\/tiketi.com\/wp-content\/uploads\/2022\/01\/flight-ticket-booking-sorasak-KxCJXXGsv9I-unsplas.jpg","type":"image\/jpeg"}],"twitter_card":"summary_large_image","twitter_misc":{"Dur\u00e9e de lecture estim\u00e9e":"3 minutes"},"schema":{"@context":"https:\/\/schema.org","@graph":[{"@type":"WebPage","@id":"https:\/\/tiketi.com\/sw\/flights-mafia-island-dar-es-salaam-mfa-dar\/","url":"https:\/\/tiketi.com\/sw\/flights-mafia-island-dar-es-salaam-mfa-dar\/","name":"Vols \u00e0 bas prix de Mafia Island \u00e0 Dar es Salam","isPartOf":{"@id":"https:\/\/tiketi.com\/#website"},"primaryImageOfPage":{"@id":"https:\/\/tiketi.com\/sw\/flights-mafia-island-dar-es-salaam-mfa-dar\/#primaryimage"},"image":{"@id":"https:\/\/tiketi.com\/sw\/flights-mafia-island-dar-es-salaam-mfa-dar\/#primaryimage"},"thumbnailUrl":"https:\/\/tiketi.com\/wp-content\/uploads\/2022\/01\/flight-ticket-booking-sorasak-KxCJXXGsv9I-unsplas.jpg","datePublished":"2022-01-19T11:55:11+00:00","dateModified":"2022-02-09T09:53:46+00:00","description":"Vous recherchez des vols \u00e0 bas prix de Kilimandjaro vers Arusha ? Recherchez, comparez et r\u00e9servez en ligne un billet d&#039;avion pas cher de Kilimandjaro \u00e0 Arusha","breadcrumb":{"@id":"https:\/\/tiketi.com\/sw\/flights-mafia-island-dar-es-salaam-mfa-dar\/#breadcrumb"},"inLanguage":"fr-FR","potentialAction":[{"@type":"ReadAction","target":["https:\/\/tiketi.com\/sw\/flights-mafia-island-dar-es-salaam-mfa-dar\/"]}]},{"@type":"ImageObject","inLanguage":"fr-FR","@id":"https:\/\/tiketi.com\/sw\/flights-mafia-island-dar-es-salaam-mfa-dar\/#primaryimage","url":"https:\/\/tiketi.com\/wp-content\/uploads\/2022\/01\/flight-ticket-booking-sorasak-KxCJXXGsv9I-unsplas.jpg","contentUrl":"https:\/\/tiketi.com\/wp-content\/uploads\/2022\/01\/flight-ticket-booking-sorasak-KxCJXXGsv9I-unsplas.jpg","width":1200,"height":240,"caption":"Online flight ticket booking"},{"@type":"BreadcrumbList","@id":"https:\/\/tiketi.com\/sw\/flights-mafia-island-dar-es-salaam-mfa-dar\/#breadcrumb","itemListElement":[{"@type":"ListItem","position":1,"name":"Home","item":"https:\/\/tiketi.com\/"},{"@type":"ListItem","position":2,"name":"Cheap Flights from\u00a0Mafia Island to Dar es Salaam"}]},{"@type":"WebSite","@id":"https:\/\/tiketi.com\/#website","url":"https:\/\/tiketi.com\/","name":"Billets d&#039;avion et de bus, forfaits touristiques et activit\u00e9s - Tiketi.com","description":"Billets d&#039;avion et de bus, Tours, Activit\u00e9s","publisher":{"@id":"https:\/\/tiketi.com\/#organization"},"potentialAction":[{"@type":"SearchAction","target":{"@type":"EntryPoint","urlTemplate":"https:\/\/tiketi.com\/?s={search_term_string}"},"query-input":{"@type":"PropertyValueSpecification","valueRequired":true,"valueName":"search_term_string"}}],"inLanguage":"fr-FR"},{"@type":"Organization","@id":"https:\/\/tiketi.com\/#organization","name":"Tiketi.com","alternateName":"Tiketi","url":"https:\/\/tiketi.com\/","logo":{"@type":"ImageObject","inLanguage":"fr-FR","@id":"https:\/\/tiketi.com\/#\/schema\/logo\/image\/","url":"https:\/\/tiketi.com\/wp-content\/uploads\/2019\/05\/tiketi-logo-696.png","contentUrl":"https:\/\/tiketi.com\/wp-content\/uploads\/2019\/05\/tiketi-logo-696.png","width":696,"height":696,"caption":"Tiketi.com"},"image":{"@id":"https:\/\/tiketi.com\/#\/schema\/logo\/image\/"},"sameAs":["https:\/\/www.facebook.com\/TiketiCom\/"]}]}},"_links":{"self":[{"href":"https:\/\/tiketi.com\/fr-fr\/wp-json\/wp\/v2\/pages\/11787","targetHints":{"allow":["GET"]}}],"collection":[{"href":"https:\/\/tiketi.com\/fr-fr\/wp-json\/wp\/v2\/pages"}],"about":[{"href":"https:\/\/tiketi.com\/fr-fr\/wp-json\/wp\/v2\/types\/page"}],"author":[{"embeddable":true,"href":"https:\/\/tiketi.com\/fr-fr\/wp-json\/wp\/v2\/users\/1"}],"replies":[{"embeddable":true,"href":"https:\/\/tiketi.com\/fr-fr\/wp-json\/wp\/v2\/comments?post=11787"}],"version-history":[{"count":0,"href":"https:\/\/tiketi.com\/fr-fr\/wp-json\/wp\/v2\/pages\/11787\/revisions"}],"wp:featuredmedia":[{"embeddable":true,"href":"https:\/\/tiketi.com\/fr-fr\/wp-json\/wp\/v2\/media\/14041"}],"wp:attachment":[{"href":"https:\/\/tiketi.com\/fr-fr\/wp-json\/wp\/v2\/media?parent=11787"}],"curies":[{"name":"wp","href":"https:\/\/api.w.org\/{rel}","templated":true}]}}