{"id":11791,"date":"2022-01-19T12:55:13","date_gmt":"2022-01-19T11:55:13","guid":{"rendered":"https:\/\/new.tiketi.com\/cheap-flights-from-kilimanjaro-to-zanzibar\/"},"modified":"2022-04-05T09:17:13","modified_gmt":"2022-04-05T08:17:13","slug":"flights-kilimanjaro-zanzibar-jro-znz","status":"publish","type":"page","link":"https:\/\/tiketi.com\/fr-fr\/flights-kilimanjaro-zanzibar-jro-znz\/","title":{"rendered":"Vols \u00e0 bas prix de Kilimandjaro \u00e0 Zanzibar"},"content":{"rendered":"<h2>Vous recherchez un billet d&#039;avion pas cher du Kilimandjaro \u00e0 Zanzibar ou des offres de derni\u00e8re minute ?<\/h2>\n<h3>Recherchez, comparez et r\u00e9servez en ligne maintenant des billets d&#039;avion pas chers entre Kilimandjaro (JRO) et Zanzibar (ZNZ).<\/h3>\n<p>R\u00e9servez en ligne des vols \u00e0 bas prix de Kilimandjaro \u00e0 Zanzibar et \u00e9conomisez de l&#039;argent sur les billets d&#039;avion. Zanzibar est populaire pour ses longues \u00e9tendues de plages pr\u00e9serv\u00e9es, ses villages de p\u00eacheurs pittoresques et ses eaux cristallines. Il y a beaucoup \u00e0 faire \u00e0 Zanzibar en plus de s&#039;allonger sur la plage et de faire des tours relaxants l&#039;apr\u00e8s-midi. Comparez les prix et obtenez le tarif le plus bas sur un billet d&#039;avion de Kilimandjaro \u00e0 Zanzibar avec le meilleur prix et volez Kilimandjaro \u00e0 Zanzibar pas cher.<\/p>\n<h2>Voici quelques-unes des meilleures attractions de Zanzibar<\/h2>\n<h3>La maison des merveilles<\/h3>\n<p>Construit en 1883 par le sultan Barghash, le b\u00e2timent a fait l&#039;objet de nombreux bombardements britanniques en 1896 pour forcer le fils de Barghash ; Sultan Hamoud \u00e0 admettre sa d\u00e9faite face aux forces britanniques. Quoi qu&#039;il en soit, il resta au palais et en fit sa r\u00e9sidence jusqu&#039;\u00e0 sa mort. Aujourd&#039;hui, le b\u00e2timent accueille un grand nombre de visiteurs qui aiment passer leurs vacances en Tanzanie.<\/p>\n<h3>Le Mus\u00e9e du Palais<\/h3>\n<p>Anciennement appel\u00e9 Beit El Sahel, le mus\u00e9e du palais \u00e9tait la r\u00e9sidence royale du sultan de Zanzibar jusqu&#039;en 1964 jusqu&#039;au renversement du r\u00e9gime. Par la suite, le b\u00e2timent a \u00e9t\u00e9 transform\u00e9 en un mus\u00e9e remarquable que les visiteurs qui passent leurs vacances en Tanzanie appr\u00e9cieront.<\/p>\n<h3>Le Vieux Fort<\/h3>\n<p>Plac\u00e9 \u00e0 proximit\u00e9 de la Maison des Merveilles, le Vieux Fort est une structure remarquable qui a \u00e9t\u00e9 construite au d\u00e9but du XVIIIe si\u00e8cle. Au cours des derni\u00e8res d\u00e9cennies, cet ancien fort a \u00e9t\u00e9 modernis\u00e9 et restaur\u00e9 pour devenir \u00e9galement le centre culturel de la ville et les bureaux du festival du film de Zanzibar.<\/p>\n<h2>FAQ sur les vols pas chers Kilimandjaro - Zanzibar<\/h2>\n<h3>Combien de temps dure un vol Kilimandjaro-Zanzibar ?<\/h3>\n<p>Un vol direct du Kilimandjaro \u00e0 Zanzibar prend jusqu&#039;\u00e0 une heure, couvrant une distance de 243 kilom\u00e8tres.<\/p>\n<h3>Combien de vols Kilimandjaro vers Zanzibar partent en moyenne par jour ?<\/h3>\n<p>Quatorze d\u00e9parts de vols du Kilimandjaro vers Zanzibar par jour en moyenne.<\/p>\n<p>\u2022 Matin - quarante-trois pour cent des d\u00e9parts de vol<\/p>\n<p>\u2022 Apr\u00e8s-midi\u00a0: 43\u00a0% des d\u00e9parts de vols<\/p>\n<p>\u2022 Soir - quatorze pour cent des d\u00e9parts de vol<\/p>\n<h3>Quel est le jour le moins cher pour r\u00e9server un billet d&#039;avion de Kilimandjaro \u00e0 Zanzibar ?<\/h3>\n<p>\u2022 Le jour le moins cher pour r\u00e9server un billet d&#039;avion de Kilimandjaro \u00e0 Zanzibar est le dimanche.<\/p>\n<h2>Conseils sur les vols Kilimandjaro - Zanzibar<\/h2>\n<p>\u2022 La distance de vol entre la ville de Zanzibar et le Kilimandjaro est de 407 km.<\/p>\n<p>\u2022 Trois compagnies a\u00e9riennes proposent des vols directs entre le Kilimandjaro et Zanzibar.<\/p>\n<p>\u2022 L&#039;offre a\u00e9rienne la plus c\u00e9l\u00e8bre du Kilimandjaro aux vols de Zanzibar est Air Tanzania.<\/p>\n<p>\u2022 Le temps de vol le plus rapide pour les vols directs du Kilimandjaro \u00e0 Zanzibar est de cinquante minutes. Le Kilimandjaro \u00e0 Zanzibar vol pas cher temps est d&#039;une heure dix-sept minutes.<\/p>\n<p>\u2022 Le temps de vol le plus rapide pour les vols avec escale est de trois heures quarante-cinq minutes.<\/p>\n<p>\u2022 Les premiers vols de Zanzibar \u00e0 Kilimandjaro partent \u00e0 07h30. Le dernier vol de la journ\u00e9e part \u00e0 19h30.<\/p>","protected":false},"excerpt":{"rendered":"<p>Looking for cheap airline ticket from Kilimanjaro to Zanzibar\u00a0or last minute deals? Search, compare and book cheap airline ticket from Kilimanjaro (JRO) to Zanzibar (ZNZ)\u00a0online now. Book cheap flights from Kilimanjaro to Zanzibar online and save money on airfare. Zanzibar is popular for its long stretches of unspoilt beaches, quaint fishing villages and crystal clear [&hellip;]<\/p>\n","protected":false},"author":1,"featured_media":17852,"parent":0,"menu_order":0,"comment_status":"open","ping_status":"closed","template":"template-home-modern.php","meta":{"footnotes":""},"class_list":["post-11791","page","type-page","status-publish","has-post-thumbnail","hentry"],"yoast_head":"<!-- This site is optimized with the Yoast SEO plugin v27.3 - https:\/\/yoast.com\/product\/yoast-seo-wordpress\/ -->\n<title>Cheap Flights from\u00a0Kilimanjaro to Zanzibar<\/title>\n<meta name=\"description\" content=\"Looking for cheap flights from\u00a0Kilimanjaro to Zanzibar? Search, compare and book cheap airline ticket from Kilimanjaro to Zanzibar online\" \/>\n<meta name=\"robots\" content=\"index, follow, max-snippet:-1, max-image-preview:large, max-video-preview:-1\" \/>\n<link rel=\"canonical\" href=\"https:\/\/tiketi.com\/fr-fr\/flights-kilimanjaro-zanzibar-jro-znz\/\" \/>\n<meta property=\"og:locale\" content=\"fr_FR\" \/>\n<meta property=\"og:type\" content=\"article\" \/>\n<meta property=\"og:title\" content=\"Cheap Flights from\u00a0Kilimanjaro to Zanzibar\" \/>\n<meta property=\"og:description\" content=\"Looking for cheap flights from\u00a0Kilimanjaro to Zanzibar? Search, compare and book cheap airline ticket from Kilimanjaro to Zanzibar online\" \/>\n<meta property=\"og:url\" content=\"https:\/\/tiketi.com\/fr-fr\/flights-kilimanjaro-zanzibar-jro-znz\/\" \/>\n<meta property=\"og:site_name\" content=\"Tiketi.com\" \/>\n<meta property=\"article:publisher\" content=\"https:\/\/www.facebook.com\/TiketiCom\/\" \/>\n<meta property=\"article:modified_time\" content=\"2022-04-05T08:17:13+00:00\" \/>\n<meta property=\"og:image\" content=\"https:\/\/tiketi.com\/wp-content\/uploads\/2019\/05\/zanzibar-humphrey-muleba-e6dRLBx6Kg8.jpg\" \/>\n\t<meta property=\"og:image:width\" content=\"1200\" \/>\n\t<meta property=\"og:image:height\" content=\"204\" \/>\n\t<meta property=\"og:image:type\" content=\"image\/jpeg\" \/>\n<meta name=\"twitter:card\" content=\"summary_large_image\" \/>\n<meta name=\"twitter:label1\" content=\"Dur\u00e9e de lecture estim\u00e9e\" \/>\n\t<meta name=\"twitter:data1\" content=\"3 minutes\" \/>\n<script type=\"application\/ld+json\" class=\"yoast-schema-graph\">{\"@context\":\"https:\\\/\\\/schema.org\",\"@graph\":[{\"@type\":\"WebPage\",\"@id\":\"https:\\\/\\\/tiketi.com\\\/fr-fr\\\/flights-kilimanjaro-zanzibar-jro-znz\\\/\",\"url\":\"https:\\\/\\\/tiketi.com\\\/fr-fr\\\/flights-kilimanjaro-zanzibar-jro-znz\\\/\",\"name\":\"Cheap Flights from\u00a0Kilimanjaro to Zanzibar\",\"isPartOf\":{\"@id\":\"https:\\\/\\\/tiketi.com\\\/#website\"},\"primaryImageOfPage\":{\"@id\":\"https:\\\/\\\/tiketi.com\\\/fr-fr\\\/flights-kilimanjaro-zanzibar-jro-znz\\\/#primaryimage\"},\"image\":{\"@id\":\"https:\\\/\\\/tiketi.com\\\/fr-fr\\\/flights-kilimanjaro-zanzibar-jro-znz\\\/#primaryimage\"},\"thumbnailUrl\":\"https:\\\/\\\/tiketi.com\\\/wp-content\\\/uploads\\\/2019\\\/05\\\/zanzibar-humphrey-muleba-e6dRLBx6Kg8.jpg\",\"datePublished\":\"2022-01-19T11:55:13+00:00\",\"dateModified\":\"2022-04-05T08:17:13+00:00\",\"description\":\"Looking for cheap flights from\u00a0Kilimanjaro to Zanzibar? Search, compare and book cheap airline ticket from Kilimanjaro to Zanzibar online\",\"breadcrumb\":{\"@id\":\"https:\\\/\\\/tiketi.com\\\/fr-fr\\\/flights-kilimanjaro-zanzibar-jro-znz\\\/#breadcrumb\"},\"inLanguage\":\"fr-FR\",\"potentialAction\":[{\"@type\":\"ReadAction\",\"target\":[\"https:\\\/\\\/tiketi.com\\\/fr-fr\\\/flights-kilimanjaro-zanzibar-jro-znz\\\/\"]}]},{\"@type\":\"ImageObject\",\"inLanguage\":\"fr-FR\",\"@id\":\"https:\\\/\\\/tiketi.com\\\/fr-fr\\\/flights-kilimanjaro-zanzibar-jro-znz\\\/#primaryimage\",\"url\":\"https:\\\/\\\/tiketi.com\\\/wp-content\\\/uploads\\\/2019\\\/05\\\/zanzibar-humphrey-muleba-e6dRLBx6Kg8.jpg\",\"contentUrl\":\"https:\\\/\\\/tiketi.com\\\/wp-content\\\/uploads\\\/2019\\\/05\\\/zanzibar-humphrey-muleba-e6dRLBx6Kg8.jpg\",\"width\":1200,\"height\":204,\"caption\":\"Cheap Flights to Zanzibar\"},{\"@type\":\"BreadcrumbList\",\"@id\":\"https:\\\/\\\/tiketi.com\\\/fr-fr\\\/flights-kilimanjaro-zanzibar-jro-znz\\\/#breadcrumb\",\"itemListElement\":[{\"@type\":\"ListItem\",\"position\":1,\"name\":\"Home\",\"item\":\"https:\\\/\\\/tiketi.com\\\/\"},{\"@type\":\"ListItem\",\"position\":2,\"name\":\"Cheap Flights from\u00a0Kilimanjaro to Zanzibar\"}]},{\"@type\":\"WebSite\",\"@id\":\"https:\\\/\\\/tiketi.com\\\/#website\",\"url\":\"https:\\\/\\\/tiketi.com\\\/\",\"name\":\"Flight & Bus Tickets, Tour Packages & Activitites - Tiketi.com\",\"description\":\"Flight &amp; Bus Tickets, Tours, Activitites\",\"publisher\":{\"@id\":\"https:\\\/\\\/tiketi.com\\\/#organization\"},\"potentialAction\":[{\"@type\":\"SearchAction\",\"target\":{\"@type\":\"EntryPoint\",\"urlTemplate\":\"https:\\\/\\\/tiketi.com\\\/?s={search_term_string}\"},\"query-input\":{\"@type\":\"PropertyValueSpecification\",\"valueRequired\":true,\"valueName\":\"search_term_string\"}}],\"inLanguage\":\"fr-FR\"},{\"@type\":\"Organization\",\"@id\":\"https:\\\/\\\/tiketi.com\\\/#organization\",\"name\":\"Tiketi.com\",\"alternateName\":\"Tiketi\",\"url\":\"https:\\\/\\\/tiketi.com\\\/\",\"logo\":{\"@type\":\"ImageObject\",\"inLanguage\":\"fr-FR\",\"@id\":\"https:\\\/\\\/tiketi.com\\\/#\\\/schema\\\/logo\\\/image\\\/\",\"url\":\"https:\\\/\\\/tiketi.com\\\/wp-content\\\/uploads\\\/2019\\\/05\\\/tiketi-logo-696.png\",\"contentUrl\":\"https:\\\/\\\/tiketi.com\\\/wp-content\\\/uploads\\\/2019\\\/05\\\/tiketi-logo-696.png\",\"width\":696,\"height\":696,\"caption\":\"Tiketi.com\"},\"image\":{\"@id\":\"https:\\\/\\\/tiketi.com\\\/#\\\/schema\\\/logo\\\/image\\\/\"},\"sameAs\":[\"https:\\\/\\\/www.facebook.com\\\/TiketiCom\\\/\"]}]}<\/script>\n<!-- \/ Yoast SEO plugin. -->","yoast_head_json":{"title":"Vols \u00e0 bas prix de Kilimandjaro \u00e0 Zanzibar","description":"Vous recherchez des vols \u00e0 bas prix de Kilimandjaro vers Zanzibar ? Recherchez, comparez et r\u00e9servez en ligne un billet d&#039;avion pas cher de Kilimandjaro \u00e0 Zanzibar","robots":{"index":"index","follow":"follow","max-snippet":"max-snippet:-1","max-image-preview":"max-image-preview:large","max-video-preview":"max-video-preview:-1"},"canonical":"https:\/\/tiketi.com\/fr-fr\/flights-kilimanjaro-zanzibar-jro-znz\/","og_locale":"fr_FR","og_type":"article","og_title":"Cheap Flights from\u00a0Kilimanjaro to Zanzibar","og_description":"Looking for cheap flights from\u00a0Kilimanjaro to Zanzibar? Search, compare and book cheap airline ticket from Kilimanjaro to Zanzibar online","og_url":"https:\/\/tiketi.com\/fr-fr\/flights-kilimanjaro-zanzibar-jro-znz\/","og_site_name":"Tiketi.com","article_publisher":"https:\/\/www.facebook.com\/TiketiCom\/","article_modified_time":"2022-04-05T08:17:13+00:00","og_image":[{"width":1200,"height":204,"url":"https:\/\/tiketi.com\/wp-content\/uploads\/2019\/05\/zanzibar-humphrey-muleba-e6dRLBx6Kg8.jpg","type":"image\/jpeg"}],"twitter_card":"summary_large_image","twitter_misc":{"Dur\u00e9e de lecture estim\u00e9e":"3 minutes"},"schema":{"@context":"https:\/\/schema.org","@graph":[{"@type":"WebPage","@id":"https:\/\/tiketi.com\/fr-fr\/flights-kilimanjaro-zanzibar-jro-znz\/","url":"https:\/\/tiketi.com\/fr-fr\/flights-kilimanjaro-zanzibar-jro-znz\/","name":"Vols \u00e0 bas prix de Kilimandjaro \u00e0 Zanzibar","isPartOf":{"@id":"https:\/\/tiketi.com\/#website"},"primaryImageOfPage":{"@id":"https:\/\/tiketi.com\/fr-fr\/flights-kilimanjaro-zanzibar-jro-znz\/#primaryimage"},"image":{"@id":"https:\/\/tiketi.com\/fr-fr\/flights-kilimanjaro-zanzibar-jro-znz\/#primaryimage"},"thumbnailUrl":"https:\/\/tiketi.com\/wp-content\/uploads\/2019\/05\/zanzibar-humphrey-muleba-e6dRLBx6Kg8.jpg","datePublished":"2022-01-19T11:55:13+00:00","dateModified":"2022-04-05T08:17:13+00:00","description":"Vous recherchez des vols \u00e0 bas prix de Kilimandjaro vers Zanzibar ? Recherchez, comparez et r\u00e9servez en ligne un billet d&#039;avion pas cher de Kilimandjaro \u00e0 Zanzibar","breadcrumb":{"@id":"https:\/\/tiketi.com\/fr-fr\/flights-kilimanjaro-zanzibar-jro-znz\/#breadcrumb"},"inLanguage":"fr-FR","potentialAction":[{"@type":"ReadAction","target":["https:\/\/tiketi.com\/fr-fr\/flights-kilimanjaro-zanzibar-jro-znz\/"]}]},{"@type":"ImageObject","inLanguage":"fr-FR","@id":"https:\/\/tiketi.com\/fr-fr\/flights-kilimanjaro-zanzibar-jro-znz\/#primaryimage","url":"https:\/\/tiketi.com\/wp-content\/uploads\/2019\/05\/zanzibar-humphrey-muleba-e6dRLBx6Kg8.jpg","contentUrl":"https:\/\/tiketi.com\/wp-content\/uploads\/2019\/05\/zanzibar-humphrey-muleba-e6dRLBx6Kg8.jpg","width":1200,"height":204,"caption":"Cheap Flights to Zanzibar"},{"@type":"BreadcrumbList","@id":"https:\/\/tiketi.com\/fr-fr\/flights-kilimanjaro-zanzibar-jro-znz\/#breadcrumb","itemListElement":[{"@type":"ListItem","position":1,"name":"Home","item":"https:\/\/tiketi.com\/"},{"@type":"ListItem","position":2,"name":"Cheap Flights from\u00a0Kilimanjaro to Zanzibar"}]},{"@type":"WebSite","@id":"https:\/\/tiketi.com\/#website","url":"https:\/\/tiketi.com\/","name":"Billets d&#039;avion et de bus, forfaits touristiques et activit\u00e9s - Tiketi.com","description":"Billets d&#039;avion et de bus, Tours, Activit\u00e9s","publisher":{"@id":"https:\/\/tiketi.com\/#organization"},"potentialAction":[{"@type":"SearchAction","target":{"@type":"EntryPoint","urlTemplate":"https:\/\/tiketi.com\/?s={search_term_string}"},"query-input":{"@type":"PropertyValueSpecification","valueRequired":true,"valueName":"search_term_string"}}],"inLanguage":"fr-FR"},{"@type":"Organization","@id":"https:\/\/tiketi.com\/#organization","name":"Tiketi.com","alternateName":"Tiketi","url":"https:\/\/tiketi.com\/","logo":{"@type":"ImageObject","inLanguage":"fr-FR","@id":"https:\/\/tiketi.com\/#\/schema\/logo\/image\/","url":"https:\/\/tiketi.com\/wp-content\/uploads\/2019\/05\/tiketi-logo-696.png","contentUrl":"https:\/\/tiketi.com\/wp-content\/uploads\/2019\/05\/tiketi-logo-696.png","width":696,"height":696,"caption":"Tiketi.com"},"image":{"@id":"https:\/\/tiketi.com\/#\/schema\/logo\/image\/"},"sameAs":["https:\/\/www.facebook.com\/TiketiCom\/"]}]}},"_links":{"self":[{"href":"https:\/\/tiketi.com\/fr-fr\/wp-json\/wp\/v2\/pages\/11791","targetHints":{"allow":["GET"]}}],"collection":[{"href":"https:\/\/tiketi.com\/fr-fr\/wp-json\/wp\/v2\/pages"}],"about":[{"href":"https:\/\/tiketi.com\/fr-fr\/wp-json\/wp\/v2\/types\/page"}],"author":[{"embeddable":true,"href":"https:\/\/tiketi.com\/fr-fr\/wp-json\/wp\/v2\/users\/1"}],"replies":[{"embeddable":true,"href":"https:\/\/tiketi.com\/fr-fr\/wp-json\/wp\/v2\/comments?post=11791"}],"version-history":[{"count":0,"href":"https:\/\/tiketi.com\/fr-fr\/wp-json\/wp\/v2\/pages\/11791\/revisions"}],"wp:featuredmedia":[{"embeddable":true,"href":"https:\/\/tiketi.com\/fr-fr\/wp-json\/wp\/v2\/media\/17852"}],"wp:attachment":[{"href":"https:\/\/tiketi.com\/fr-fr\/wp-json\/wp\/v2\/media?parent=11791"}],"curies":[{"name":"wp","href":"https:\/\/api.w.org\/{rel}","templated":true}]}}