{"id":11792,"date":"2022-01-19T12:55:13","date_gmt":"2022-01-19T11:55:13","guid":{"rendered":"https:\/\/new.tiketi.com\/cheap-flights-from-kilimanjaro-to-arusha\/"},"modified":"2022-04-05T09:17:41","modified_gmt":"2022-04-05T08:17:41","slug":"cheap-flights-from-kilimanjaro-to-arusha","status":"publish","type":"page","link":"https:\/\/tiketi.com\/fr-fr\/cheap-flights-from-kilimanjaro-to-arusha\/","title":{"rendered":"Vols \u00e0 bas prix de Kilimandjaro \u00e0 Arusha"},"content":{"rendered":"<h2>Vous recherchez un billet d&#039;avion pas cher Kilimandjaro vers Arusha ou des offres de derni\u00e8re minute ?<\/h2>\n<h3>Recherchez, comparez et r\u00e9servez en ligne maintenant des billets d&#039;avion pas chers entre Kilimandjaro (JRO) et Arusha (ARK).<\/h3>\n<p>R\u00e9servez en ligne des vols \u00e0 bas prix de Kilimandjaro \u00e0 Arusha et \u00e9conomisez de l&#039;argent sur les billets d&#039;avion. Arusha est situ\u00e9e dans le nord de la Tanzanie et est connue comme la ville verte de la Tanzanie. Arusha b\u00e9n\u00e9ficie d&#039;un environnement verdoyant et luxuriant, gr\u00e2ce aux temp\u00e9ratures tr\u00e8s basses et \u00e0 l&#039;humidit\u00e9 att\u00e9nu\u00e9e. C&#039;est un temps relativement froid qui attire des visiteurs de diff\u00e9rentes parties du globe. Comparez les prix et obtenez les meilleurs tarifs sur les billets d&#039;avion de Kilimandjaro \u00e0 Arusha gr\u00e2ce \u00e0 des offres exceptionnelles sur la r\u00e9servation de billets en ligne de vols Kilimandjaro \u00e0 Arusha.<\/p>\n<h2>Voici quelques-unes des meilleures attractions d&#039;Arusha<\/h2>\n<h3>Parc aux serpents de Meserani<\/h3>\n<p>Si vous \u00eates \u00e0 la recherche d&#039;une aventure incroyable, Meserani Snake Park est une visite incontournable. Situ\u00e9 \u00e0 25 km de la ville d&#039;Arusha, le parc propose des excursions guid\u00e9es sur certains des serpents les plus dangereux de la plan\u00e8te et, si vous \u00eates courageux, une s\u00e9ance photo avec un vrai serpent.<\/p>\n<h3>Parc national d&#039;Arusha<\/h3>\n<p>Le parc c\u00e9l\u00e8bre peut \u00eatre fait en excursion d&#039;une journ\u00e9e. Le parc comprend le mont Meru, les lacs Momella, le crat\u00e8re Ngurdoto et les for\u00eats verdoyantes des hautes terres.<br \/>\nL&#039;observation du gibier dans le parc national d&#039;Arusha n&#039;est pas comme ce que vous pourriez deviner dans le Serengeti. Certaines des esp\u00e8ces les plus g\u00e9n\u00e9rales trouv\u00e9es dans le parc contiennent, entre autres, les rares singes colobes, les girafes, les z\u00e8bres et les guibs.<\/p>\n<h3>Lacs Momella<\/h3>\n<p>Faites une excursion en cano\u00eb dans les lacs Momella situ\u00e9s dans le parc national d&#039;Arusha. Les lacs, avec leurs teintes de bleu ou de vert, abritent des milliers de flamants roses et d&#039;oiseaux aquatiques.<\/p>\n<h2>FAQ sur les vols pas chers Kilimandjaro - Arusha<\/h2>\n<h3>Quelle est la distance de Kilimandjaro \u00e0 Arusha ?<\/h3>\n<p>La distance entre les vols Arusha et Kilimandjaro est de 49 kilom\u00e8tres.<\/p>\n<h3>Quelle est la dur\u00e9e du vol entre Kilimandjaro et Arusha ?<\/h3>\n<p>La dur\u00e9e moyenne d&#039;un vol entre le Kilimandjaro et Arusha est de dix-neuf minutes.<\/p>\n<h3>Quelle est la fr\u00e9quence des vols directs Kilimandjaro-Arusha ?<\/h3>\n<p>Il y a trente-cinq vols directs entre le Kilimandjaro et Arusha.<\/p>\n<h3>Quelles sont les compagnies a\u00e9riennes Arusha les plus c\u00e9l\u00e8bres pour les vols directs Arusha - Kilimandjaro ?<\/h3>\n<p>Coastal Aviation propose soixante pour cent des vols sans escale entre le Kilimandjaro et Arusha.<\/p>\n<h3>Combien de compagnies a\u00e9riennes op\u00e8rent des billets d&#039;avion pas chers directs entre Kilimandjaro et Arusha ?<\/h3>\n<p>Trois compagnies a\u00e9riennes op\u00e8rent des vols directs entre Kilimajaro et Arusha.<\/p>\n<h2>Conseils sur les vols Kilimandjaro - Arusha<\/h2>\n<p>\u2022 Kilimanjaro, Tanzanie est \u00e0 vingt-sept milles d&#039;Arusha.<\/p>\n<p>\u2022 Il y a six vols pas chers hebdomadaires du Kilimandjaro \u00e0 Arusha.<\/p>\n<p>\u2022 Six vols sans escale op\u00e8rent du Kilimajaro \u00e0 Arusha.<\/p>\n<p>\u2022 Regional Air propose le plus de vols sans escale entre Arusha et Kilimandjaro.<\/p>\n<p>\u2022 Deux vols directs op\u00e8rent \u00e0 partir d&#039;Arusha et du Kilimandjaro.<\/p>\n<p>\u2022 Coastal Aviation a le plus de vols directs entre Arusha et Kilimajaro.<\/p>\n<p>\u2022 Zanzibar, Tanzanie \u2013 Zanzibar Kisauni est le lien le plus c\u00e9l\u00e8bre pour les vols \u00e0 escale du Kilimandjaro \u00e0 Arusha.<\/p>\n<p>\u2022 La dur\u00e9e moyenne d&#039;un vol direct entre le Kilimandjaro et Arusha est d&#039;une heure vingt et une minutes.<\/p>","protected":false},"excerpt":{"rendered":"<p>Looking for cheap airline ticket from Kilimanjaro to Arusha\u00a0or last minute deals? Search, compare and book cheap airline ticket from\u00a0Kilimanjaro (JRO) to Arusha (ARK) online now. Book cheap flights from Kilimanjaro to Arusha online and save money on airfare. Arusha is placed in Northern Tanzania and is famously known as the Tanzania green city. Arusha [&hellip;]<\/p>\n","protected":false},"author":1,"featured_media":14041,"parent":0,"menu_order":0,"comment_status":"open","ping_status":"closed","template":"template-home-modern.php","meta":{"footnotes":""},"class_list":["post-11792","page","type-page","status-publish","has-post-thumbnail","hentry"],"yoast_head":"<!-- This site is optimized with the Yoast SEO plugin v27.3 - https:\/\/yoast.com\/product\/yoast-seo-wordpress\/ -->\n<title>Cheap Flights from Kilimanjaro to Arusha<\/title>\n<meta name=\"description\" content=\"Looking for cheap flights from\u00a0Kilimanjaro to Arusha? Search, compare and book cheap airline ticket from Kilimanjaro to Arusha online\" \/>\n<meta name=\"robots\" content=\"index, follow, max-snippet:-1, max-image-preview:large, max-video-preview:-1\" \/>\n<link rel=\"canonical\" href=\"https:\/\/tiketi.com\/fr-fr\/cheap-flights-from-kilimanjaro-to-arusha\/\" \/>\n<meta property=\"og:locale\" content=\"fr_FR\" \/>\n<meta property=\"og:type\" content=\"article\" \/>\n<meta property=\"og:title\" content=\"Cheap Flights from Kilimanjaro to Arusha\" \/>\n<meta property=\"og:description\" content=\"Looking for cheap flights from\u00a0Kilimanjaro to Arusha? Search, compare and book cheap airline ticket from Kilimanjaro to Arusha online\" \/>\n<meta property=\"og:url\" content=\"https:\/\/tiketi.com\/fr-fr\/cheap-flights-from-kilimanjaro-to-arusha\/\" \/>\n<meta property=\"og:site_name\" content=\"Tiketi.com\" \/>\n<meta property=\"article:publisher\" content=\"https:\/\/www.facebook.com\/TiketiCom\/\" \/>\n<meta property=\"article:modified_time\" content=\"2022-04-05T08:17:41+00:00\" \/>\n<meta property=\"og:image\" content=\"https:\/\/tiketi.com\/wp-content\/uploads\/2022\/01\/flight-ticket-booking-sorasak-KxCJXXGsv9I-unsplas.jpg\" \/>\n\t<meta property=\"og:image:width\" content=\"1200\" \/>\n\t<meta property=\"og:image:height\" content=\"240\" \/>\n\t<meta property=\"og:image:type\" content=\"image\/jpeg\" \/>\n<meta name=\"twitter:card\" content=\"summary_large_image\" \/>\n<meta name=\"twitter:label1\" content=\"Dur\u00e9e de lecture estim\u00e9e\" \/>\n\t<meta name=\"twitter:data1\" content=\"3 minutes\" \/>\n<script type=\"application\/ld+json\" class=\"yoast-schema-graph\">{\"@context\":\"https:\\\/\\\/schema.org\",\"@graph\":[{\"@type\":\"WebPage\",\"@id\":\"https:\\\/\\\/tiketi.com\\\/cheap-flights-from-kilimanjaro-to-arusha\\\/\",\"url\":\"https:\\\/\\\/tiketi.com\\\/cheap-flights-from-kilimanjaro-to-arusha\\\/\",\"name\":\"Cheap Flights from Kilimanjaro to Arusha\",\"isPartOf\":{\"@id\":\"https:\\\/\\\/tiketi.com\\\/#website\"},\"primaryImageOfPage\":{\"@id\":\"https:\\\/\\\/tiketi.com\\\/cheap-flights-from-kilimanjaro-to-arusha\\\/#primaryimage\"},\"image\":{\"@id\":\"https:\\\/\\\/tiketi.com\\\/cheap-flights-from-kilimanjaro-to-arusha\\\/#primaryimage\"},\"thumbnailUrl\":\"https:\\\/\\\/tiketi.com\\\/wp-content\\\/uploads\\\/2022\\\/01\\\/flight-ticket-booking-sorasak-KxCJXXGsv9I-unsplas.jpg\",\"datePublished\":\"2022-01-19T11:55:13+00:00\",\"dateModified\":\"2022-04-05T08:17:41+00:00\",\"description\":\"Looking for cheap flights from\u00a0Kilimanjaro to Arusha? Search, compare and book cheap airline ticket from Kilimanjaro to Arusha online\",\"breadcrumb\":{\"@id\":\"https:\\\/\\\/tiketi.com\\\/cheap-flights-from-kilimanjaro-to-arusha\\\/#breadcrumb\"},\"inLanguage\":\"fr-FR\",\"potentialAction\":[{\"@type\":\"ReadAction\",\"target\":[\"https:\\\/\\\/tiketi.com\\\/cheap-flights-from-kilimanjaro-to-arusha\\\/\"]}]},{\"@type\":\"ImageObject\",\"inLanguage\":\"fr-FR\",\"@id\":\"https:\\\/\\\/tiketi.com\\\/cheap-flights-from-kilimanjaro-to-arusha\\\/#primaryimage\",\"url\":\"https:\\\/\\\/tiketi.com\\\/wp-content\\\/uploads\\\/2022\\\/01\\\/flight-ticket-booking-sorasak-KxCJXXGsv9I-unsplas.jpg\",\"contentUrl\":\"https:\\\/\\\/tiketi.com\\\/wp-content\\\/uploads\\\/2022\\\/01\\\/flight-ticket-booking-sorasak-KxCJXXGsv9I-unsplas.jpg\",\"width\":1200,\"height\":240,\"caption\":\"Online flight ticket booking\"},{\"@type\":\"BreadcrumbList\",\"@id\":\"https:\\\/\\\/tiketi.com\\\/cheap-flights-from-kilimanjaro-to-arusha\\\/#breadcrumb\",\"itemListElement\":[{\"@type\":\"ListItem\",\"position\":1,\"name\":\"Home\",\"item\":\"https:\\\/\\\/tiketi.com\\\/\"},{\"@type\":\"ListItem\",\"position\":2,\"name\":\"Cheap Flights from Kilimanjaro to Arusha\"}]},{\"@type\":\"WebSite\",\"@id\":\"https:\\\/\\\/tiketi.com\\\/#website\",\"url\":\"https:\\\/\\\/tiketi.com\\\/\",\"name\":\"Flight & Bus Tickets, Tour Packages & Activitites - Tiketi.com\",\"description\":\"Flight &amp; Bus Tickets, Tours, Activitites\",\"publisher\":{\"@id\":\"https:\\\/\\\/tiketi.com\\\/#organization\"},\"potentialAction\":[{\"@type\":\"SearchAction\",\"target\":{\"@type\":\"EntryPoint\",\"urlTemplate\":\"https:\\\/\\\/tiketi.com\\\/?s={search_term_string}\"},\"query-input\":{\"@type\":\"PropertyValueSpecification\",\"valueRequired\":true,\"valueName\":\"search_term_string\"}}],\"inLanguage\":\"fr-FR\"},{\"@type\":\"Organization\",\"@id\":\"https:\\\/\\\/tiketi.com\\\/#organization\",\"name\":\"Tiketi.com\",\"alternateName\":\"Tiketi\",\"url\":\"https:\\\/\\\/tiketi.com\\\/\",\"logo\":{\"@type\":\"ImageObject\",\"inLanguage\":\"fr-FR\",\"@id\":\"https:\\\/\\\/tiketi.com\\\/#\\\/schema\\\/logo\\\/image\\\/\",\"url\":\"https:\\\/\\\/tiketi.com\\\/wp-content\\\/uploads\\\/2019\\\/05\\\/tiketi-logo-696.png\",\"contentUrl\":\"https:\\\/\\\/tiketi.com\\\/wp-content\\\/uploads\\\/2019\\\/05\\\/tiketi-logo-696.png\",\"width\":696,\"height\":696,\"caption\":\"Tiketi.com\"},\"image\":{\"@id\":\"https:\\\/\\\/tiketi.com\\\/#\\\/schema\\\/logo\\\/image\\\/\"},\"sameAs\":[\"https:\\\/\\\/www.facebook.com\\\/TiketiCom\\\/\"]}]}<\/script>\n<!-- \/ Yoast SEO plugin. -->","yoast_head_json":{"title":"Vols \u00e0 bas prix de Kilimandjaro \u00e0 Arusha","description":"Vous recherchez des vols \u00e0 bas prix de Kilimandjaro vers Arusha ? Recherchez, comparez et r\u00e9servez en ligne un billet d&#039;avion pas cher de Kilimandjaro \u00e0 Arusha","robots":{"index":"index","follow":"follow","max-snippet":"max-snippet:-1","max-image-preview":"max-image-preview:large","max-video-preview":"max-video-preview:-1"},"canonical":"https:\/\/tiketi.com\/fr-fr\/cheap-flights-from-kilimanjaro-to-arusha\/","og_locale":"fr_FR","og_type":"article","og_title":"Cheap Flights from Kilimanjaro to Arusha","og_description":"Looking for cheap flights from\u00a0Kilimanjaro to Arusha? Search, compare and book cheap airline ticket from Kilimanjaro to Arusha online","og_url":"https:\/\/tiketi.com\/fr-fr\/cheap-flights-from-kilimanjaro-to-arusha\/","og_site_name":"Tiketi.com","article_publisher":"https:\/\/www.facebook.com\/TiketiCom\/","article_modified_time":"2022-04-05T08:17:41+00:00","og_image":[{"width":1200,"height":240,"url":"https:\/\/tiketi.com\/wp-content\/uploads\/2022\/01\/flight-ticket-booking-sorasak-KxCJXXGsv9I-unsplas.jpg","type":"image\/jpeg"}],"twitter_card":"summary_large_image","twitter_misc":{"Dur\u00e9e de lecture estim\u00e9e":"3 minutes"},"schema":{"@context":"https:\/\/schema.org","@graph":[{"@type":"WebPage","@id":"https:\/\/tiketi.com\/cheap-flights-from-kilimanjaro-to-arusha\/","url":"https:\/\/tiketi.com\/cheap-flights-from-kilimanjaro-to-arusha\/","name":"Vols \u00e0 bas prix de Kilimandjaro \u00e0 Arusha","isPartOf":{"@id":"https:\/\/tiketi.com\/#website"},"primaryImageOfPage":{"@id":"https:\/\/tiketi.com\/cheap-flights-from-kilimanjaro-to-arusha\/#primaryimage"},"image":{"@id":"https:\/\/tiketi.com\/cheap-flights-from-kilimanjaro-to-arusha\/#primaryimage"},"thumbnailUrl":"https:\/\/tiketi.com\/wp-content\/uploads\/2022\/01\/flight-ticket-booking-sorasak-KxCJXXGsv9I-unsplas.jpg","datePublished":"2022-01-19T11:55:13+00:00","dateModified":"2022-04-05T08:17:41+00:00","description":"Vous recherchez des vols \u00e0 bas prix de Kilimandjaro vers Arusha ? Recherchez, comparez et r\u00e9servez en ligne un billet d&#039;avion pas cher de Kilimandjaro \u00e0 Arusha","breadcrumb":{"@id":"https:\/\/tiketi.com\/cheap-flights-from-kilimanjaro-to-arusha\/#breadcrumb"},"inLanguage":"fr-FR","potentialAction":[{"@type":"ReadAction","target":["https:\/\/tiketi.com\/cheap-flights-from-kilimanjaro-to-arusha\/"]}]},{"@type":"ImageObject","inLanguage":"fr-FR","@id":"https:\/\/tiketi.com\/cheap-flights-from-kilimanjaro-to-arusha\/#primaryimage","url":"https:\/\/tiketi.com\/wp-content\/uploads\/2022\/01\/flight-ticket-booking-sorasak-KxCJXXGsv9I-unsplas.jpg","contentUrl":"https:\/\/tiketi.com\/wp-content\/uploads\/2022\/01\/flight-ticket-booking-sorasak-KxCJXXGsv9I-unsplas.jpg","width":1200,"height":240,"caption":"Online flight ticket booking"},{"@type":"BreadcrumbList","@id":"https:\/\/tiketi.com\/cheap-flights-from-kilimanjaro-to-arusha\/#breadcrumb","itemListElement":[{"@type":"ListItem","position":1,"name":"Home","item":"https:\/\/tiketi.com\/"},{"@type":"ListItem","position":2,"name":"Cheap Flights from Kilimanjaro to Arusha"}]},{"@type":"WebSite","@id":"https:\/\/tiketi.com\/#website","url":"https:\/\/tiketi.com\/","name":"Billets d&#039;avion et de bus, forfaits touristiques et activit\u00e9s - Tiketi.com","description":"Billets d&#039;avion et de bus, Tours, Activit\u00e9s","publisher":{"@id":"https:\/\/tiketi.com\/#organization"},"potentialAction":[{"@type":"SearchAction","target":{"@type":"EntryPoint","urlTemplate":"https:\/\/tiketi.com\/?s={search_term_string}"},"query-input":{"@type":"PropertyValueSpecification","valueRequired":true,"valueName":"search_term_string"}}],"inLanguage":"fr-FR"},{"@type":"Organization","@id":"https:\/\/tiketi.com\/#organization","name":"Tiketi.com","alternateName":"Tiketi","url":"https:\/\/tiketi.com\/","logo":{"@type":"ImageObject","inLanguage":"fr-FR","@id":"https:\/\/tiketi.com\/#\/schema\/logo\/image\/","url":"https:\/\/tiketi.com\/wp-content\/uploads\/2019\/05\/tiketi-logo-696.png","contentUrl":"https:\/\/tiketi.com\/wp-content\/uploads\/2019\/05\/tiketi-logo-696.png","width":696,"height":696,"caption":"Tiketi.com"},"image":{"@id":"https:\/\/tiketi.com\/#\/schema\/logo\/image\/"},"sameAs":["https:\/\/www.facebook.com\/TiketiCom\/"]}]}},"_links":{"self":[{"href":"https:\/\/tiketi.com\/fr-fr\/wp-json\/wp\/v2\/pages\/11792","targetHints":{"allow":["GET"]}}],"collection":[{"href":"https:\/\/tiketi.com\/fr-fr\/wp-json\/wp\/v2\/pages"}],"about":[{"href":"https:\/\/tiketi.com\/fr-fr\/wp-json\/wp\/v2\/types\/page"}],"author":[{"embeddable":true,"href":"https:\/\/tiketi.com\/fr-fr\/wp-json\/wp\/v2\/users\/1"}],"replies":[{"embeddable":true,"href":"https:\/\/tiketi.com\/fr-fr\/wp-json\/wp\/v2\/comments?post=11792"}],"version-history":[{"count":0,"href":"https:\/\/tiketi.com\/fr-fr\/wp-json\/wp\/v2\/pages\/11792\/revisions"}],"wp:featuredmedia":[{"embeddable":true,"href":"https:\/\/tiketi.com\/fr-fr\/wp-json\/wp\/v2\/media\/14041"}],"wp:attachment":[{"href":"https:\/\/tiketi.com\/fr-fr\/wp-json\/wp\/v2\/media?parent=11792"}],"curies":[{"name":"wp","href":"https:\/\/api.w.org\/{rel}","templated":true}]}}