{"id":11793,"date":"2022-01-19T12:55:13","date_gmt":"2022-01-19T11:55:13","guid":{"rendered":"https:\/\/new.tiketi.com\/cheap-flights-from-johannesburg-to-hong-kong\/"},"modified":"2022-02-08T14:00:30","modified_gmt":"2022-02-08T13:00:30","slug":"flights-johannesburg-hong-kong-jnb-hkg","status":"publish","type":"page","link":"https:\/\/tiketi.com\/fr-fr\/flights-johannesburg-hong-kong-jnb-hkg\/","title":{"rendered":"Vols \u00e0 bas prix de Johannesbourg \u00e0 Hong Kong"},"content":{"rendered":"<h2>Vous recherchez un billet d&#039;avion pas cher Johannesbourg - Hong Kong ou des offres de derni\u00e8re minute ?<\/h2>\n<h3>Cherchez, comparez et r\u00e9servez en ligne maintenant un billet d&#039;avion pas cher entre Johannesbourg (JNB) et Hong Kong (HKG).<\/h3>\n<p>R\u00e9servez en ligne des vols pas chers de Johannesbourg \u00e0 Hong Kong avec Tiketi.com pour les meilleures offres. Hong Kong est c\u00e9l\u00e8bre dans le monde entier comme une ville glamour et le meilleur choix pour le shopping de luxe. \u00c0 chaque coin de la ville, il y a quelque chose de sp\u00e9cial et de nouveau, qu&#039;il s&#039;agisse d&#039;un tr\u00e8s vieux temple ou d&#039;un magasin vendant les derniers gadgets \u00e9lectroniques. Visitez Hong Kong gr\u00e2ce \u00e0 des offres exceptionnelles sur les billets d&#039;avion de Johannesbourg \u00e0 Hong Kong et volez de Johannesbourg \u00e0 Hong Kong \u00e0 bas prix.<\/p>\n<h2>Voici quelques-unes des meilleures attractions de Hong Kong<\/h2>\n<h3>Horizon de Hong-Kong<\/h3>\n<p>Hong Kong poss\u00e8de l&#039;un des horizons les plus remarquables et les plus reconnaissables de la plan\u00e8te. La dense collection de gratte-ciel, \u00e0 la fois sur les \u00eeles de Hong Kong et \u00e0 Kowloon, rassembl\u00e9e avec le port et les montagnes environnants, distingue cette ville. Dans le port, les jonques chinoises traditionnelles \u00e0 voiles rouges et l&#039;historique Star Ferry contrastent fortement avec la toile de fond des derniers gratte-ciel.<\/p>\n<h3>Pic Victoria<\/h3>\n<p>Vous n&#039;avez pas vu le sommet de Hong Kong tant que vous n&#039;avez pas admir\u00e9 la ligne d&#039;horizon depuis le Victoria Peak, plus g\u00e9n\u00e9ralement appel\u00e9 le Peak. Prenez le tram jusqu&#039;au sommet de ce magnifique point de vue pour admirer les gratte-ciel, les \u00eeles environnantes et le port. La station de tramway plac\u00e9e pr\u00e8s de l&#039;entr\u00e9e du parc de Hong Kong pr\u00e8s du b\u00e2timent Murray. Au sommet du tram se trouvent la Peak Galleria et la Peak Tower, avec des restaurants, des boutiques et une terrasse d&#039;observation.<\/p>\n<h3>Temple Wong Tai Sin<\/h3>\n<p>Le temple Wong Tai Sin est l&#039;un des plus chauds de Hong Kong et aussi l&#039;un des plus \u00e9tonnants. Situ\u00e9 \u00e0 Kowloon, le vrai temple \u00e9tait une structure priv\u00e9e construite en 1920.<\/p>\n<h2>FAQ sur les vols pas chers de Johannesbourg \u00e0 Hong Kong<\/h2>\n<h3>Quelle est la distance de Hong Kong \u00e0 Johannesbourg ?<\/h3>\n<p>La distance des vols pas chers de Johannesburg \u00e0 Hong Kong est de 10668 kilom\u00e8tres.<\/p>\n<h3>Combien de temps dure le vol Johannesbourg-Hong Kong ?<\/h3>\n<p>La dur\u00e9e moyenne d&#039;un vol Johannesbourg-Hong Kong est de 12 heures et 50 minutes.<\/p>\n<h3>Quelle est la fr\u00e9quence des vols directs Johannesbourg-Hong Kong\u00a0?<\/h3>\n<p>Il y a onze vols directs entre Johannesburg et Hong Kong.<\/p>\n<h3>Quelles sont les compagnies a\u00e9riennes les plus c\u00e9l\u00e8bres de Johannesbourg pour les vols directs de Johannesbourg \u00e0 Hong Kong ?<\/h3>\n<p>Cathay Pacific Airways propose 63% du billet d&#039;avion sans escale le moins cher de Johannesburg \u00e0 Hong Kong.<\/p>\n<h3>Quelles sont les compagnies a\u00e9riennes les plus c\u00e9l\u00e8bres qui proposent des vols de Johannesbourg \u00e0 Hong Kong ?<\/h3>\n<p>Etihad Airways, Ethiopian Air et Emirates sont les compagnies a\u00e9riennes les plus connues pour voyager de Johannesburg \u00e0 Hong Kong.<\/p>\n<h2>Conseils sur les vols de Johannesbourg \u00e0 Hong Kong<\/h2>\n<p>\u2022 Sept vols sans escale op\u00e8rent de Johannesburg \u00e0 Hong Kong.<\/p>\n<p>\u2022 Japan Airlines a le plus grand nombre de vols sans escale entre Hong Kong et Johannesburg.<\/p>\n<p>\u2022 Londres, Royaume-Uni \u2013 L&#039;a\u00e9roport d&#039;Heathrow est le lien le plus c\u00e9l\u00e8bre pour les vols \u00e0 escale de Hong Kong au d\u00e9part de Johannesburg.<\/p>","protected":false},"excerpt":{"rendered":"<p>Looking for cheap airline ticket from Johannesburg to Hong Kong\u00a0or last minute deals? Search, compare and book cheap airline ticket from Johannesburg (JNB) to Hong Kong (HKG) online now. Book cheap flights from Johannesburg to Hong Kong online with Tiketi.com for the best deals. Hong Kong is famous the world over as a glamour city [&hellip;]<\/p>\n","protected":false},"author":1,"featured_media":14244,"parent":0,"menu_order":0,"comment_status":"open","ping_status":"closed","template":"template-home-modern.php","meta":{"footnotes":""},"class_list":["post-11793","page","type-page","status-publish","has-post-thumbnail","hentry"],"yoast_head":"<!-- This site is optimized with the Yoast SEO plugin v27.3 - https:\/\/yoast.com\/product\/yoast-seo-wordpress\/ -->\n<title>Cheap Flights from\u00a0Johannesburg to Hong Kong<\/title>\n<meta name=\"description\" content=\"Looking for cheap flights from\u00a0Johannesburg to Hong Kongn? Compare and book cheap airline ticket from Johannesburg to Hong Kong online\" \/>\n<meta name=\"robots\" content=\"index, follow, max-snippet:-1, max-image-preview:large, max-video-preview:-1\" \/>\n<link rel=\"canonical\" href=\"https:\/\/tiketi.com\/fr-fr\/flights-johannesburg-hong-kong-jnb-hkg\/\" \/>\n<meta property=\"og:locale\" content=\"fr_FR\" \/>\n<meta property=\"og:type\" content=\"article\" \/>\n<meta property=\"og:title\" content=\"Cheap Flights from\u00a0Johannesburg to Hong Kong\" \/>\n<meta property=\"og:description\" content=\"Looking for cheap flights from\u00a0Johannesburg to Hong Kongn? Compare and book cheap airline ticket from Johannesburg to Hong Kong online\" \/>\n<meta property=\"og:url\" content=\"https:\/\/tiketi.com\/fr-fr\/flights-johannesburg-hong-kong-jnb-hkg\/\" \/>\n<meta property=\"og:site_name\" content=\"Tiketi.com\" \/>\n<meta property=\"article:publisher\" content=\"https:\/\/www.facebook.com\/TiketiCom\/\" \/>\n<meta property=\"article:modified_time\" content=\"2022-02-08T13:00:30+00:00\" \/>\n<meta property=\"og:image\" content=\"https:\/\/tiketi.com\/wp-content\/uploads\/2022\/01\/hong-kong-4370342_1280.jpg\" \/>\n\t<meta property=\"og:image:width\" content=\"1200\" \/>\n\t<meta property=\"og:image:height\" content=\"264\" \/>\n\t<meta property=\"og:image:type\" content=\"image\/jpeg\" \/>\n<meta name=\"twitter:card\" content=\"summary_large_image\" \/>\n<meta name=\"twitter:label1\" content=\"Dur\u00e9e de lecture estim\u00e9e\" \/>\n\t<meta name=\"twitter:data1\" content=\"3 minutes\" \/>\n<script type=\"application\/ld+json\" class=\"yoast-schema-graph\">{\"@context\":\"https:\\\/\\\/schema.org\",\"@graph\":[{\"@type\":\"WebPage\",\"@id\":\"https:\\\/\\\/tiketi.com\\\/flights-johannesburg-hong-kong-jnb-hkg\\\/\",\"url\":\"https:\\\/\\\/tiketi.com\\\/flights-johannesburg-hong-kong-jnb-hkg\\\/\",\"name\":\"Cheap Flights from\u00a0Johannesburg to Hong Kong\",\"isPartOf\":{\"@id\":\"https:\\\/\\\/tiketi.com\\\/#website\"},\"primaryImageOfPage\":{\"@id\":\"https:\\\/\\\/tiketi.com\\\/flights-johannesburg-hong-kong-jnb-hkg\\\/#primaryimage\"},\"image\":{\"@id\":\"https:\\\/\\\/tiketi.com\\\/flights-johannesburg-hong-kong-jnb-hkg\\\/#primaryimage\"},\"thumbnailUrl\":\"https:\\\/\\\/tiketi.com\\\/wp-content\\\/uploads\\\/2022\\\/01\\\/hong-kong-4370342_1280.jpg\",\"datePublished\":\"2022-01-19T11:55:13+00:00\",\"dateModified\":\"2022-02-08T13:00:30+00:00\",\"description\":\"Looking for cheap flights from\u00a0Johannesburg to Hong Kongn? Compare and book cheap airline ticket from Johannesburg to Hong Kong online\",\"breadcrumb\":{\"@id\":\"https:\\\/\\\/tiketi.com\\\/flights-johannesburg-hong-kong-jnb-hkg\\\/#breadcrumb\"},\"inLanguage\":\"fr-FR\",\"potentialAction\":[{\"@type\":\"ReadAction\",\"target\":[\"https:\\\/\\\/tiketi.com\\\/flights-johannesburg-hong-kong-jnb-hkg\\\/\"]}]},{\"@type\":\"ImageObject\",\"inLanguage\":\"fr-FR\",\"@id\":\"https:\\\/\\\/tiketi.com\\\/flights-johannesburg-hong-kong-jnb-hkg\\\/#primaryimage\",\"url\":\"https:\\\/\\\/tiketi.com\\\/wp-content\\\/uploads\\\/2022\\\/01\\\/hong-kong-4370342_1280.jpg\",\"contentUrl\":\"https:\\\/\\\/tiketi.com\\\/wp-content\\\/uploads\\\/2022\\\/01\\\/hong-kong-4370342_1280.jpg\",\"width\":1200,\"height\":264,\"caption\":\"Air Taxi in Hong Kong\"},{\"@type\":\"BreadcrumbList\",\"@id\":\"https:\\\/\\\/tiketi.com\\\/flights-johannesburg-hong-kong-jnb-hkg\\\/#breadcrumb\",\"itemListElement\":[{\"@type\":\"ListItem\",\"position\":1,\"name\":\"Home\",\"item\":\"https:\\\/\\\/tiketi.com\\\/\"},{\"@type\":\"ListItem\",\"position\":2,\"name\":\"Cheap Flights from\u00a0Johannesburg to Hong Kong\"}]},{\"@type\":\"WebSite\",\"@id\":\"https:\\\/\\\/tiketi.com\\\/#website\",\"url\":\"https:\\\/\\\/tiketi.com\\\/\",\"name\":\"Flight & Bus Tickets, Tour Packages & Activitites - Tiketi.com\",\"description\":\"Flight &amp; Bus Tickets, Tours, Activitites\",\"publisher\":{\"@id\":\"https:\\\/\\\/tiketi.com\\\/#organization\"},\"potentialAction\":[{\"@type\":\"SearchAction\",\"target\":{\"@type\":\"EntryPoint\",\"urlTemplate\":\"https:\\\/\\\/tiketi.com\\\/?s={search_term_string}\"},\"query-input\":{\"@type\":\"PropertyValueSpecification\",\"valueRequired\":true,\"valueName\":\"search_term_string\"}}],\"inLanguage\":\"fr-FR\"},{\"@type\":\"Organization\",\"@id\":\"https:\\\/\\\/tiketi.com\\\/#organization\",\"name\":\"Tiketi.com\",\"alternateName\":\"Tiketi\",\"url\":\"https:\\\/\\\/tiketi.com\\\/\",\"logo\":{\"@type\":\"ImageObject\",\"inLanguage\":\"fr-FR\",\"@id\":\"https:\\\/\\\/tiketi.com\\\/#\\\/schema\\\/logo\\\/image\\\/\",\"url\":\"https:\\\/\\\/tiketi.com\\\/wp-content\\\/uploads\\\/2019\\\/05\\\/tiketi-logo-696.png\",\"contentUrl\":\"https:\\\/\\\/tiketi.com\\\/wp-content\\\/uploads\\\/2019\\\/05\\\/tiketi-logo-696.png\",\"width\":696,\"height\":696,\"caption\":\"Tiketi.com\"},\"image\":{\"@id\":\"https:\\\/\\\/tiketi.com\\\/#\\\/schema\\\/logo\\\/image\\\/\"},\"sameAs\":[\"https:\\\/\\\/www.facebook.com\\\/TiketiCom\\\/\"]}]}<\/script>\n<!-- \/ Yoast SEO plugin. -->","yoast_head_json":{"title":"Vols \u00e0 bas prix de Johannesbourg \u00e0 Hong Kong","description":"Vous recherchez des vols \u00e0 bas prix de Johannesbourg \u00e0 Hong Kong ? Comparez et r\u00e9servez en ligne les billets d&#039;avion pas chers de Johannesbourg \u00e0 Hong Kong","robots":{"index":"index","follow":"follow","max-snippet":"max-snippet:-1","max-image-preview":"max-image-preview:large","max-video-preview":"max-video-preview:-1"},"canonical":"https:\/\/tiketi.com\/fr-fr\/flights-johannesburg-hong-kong-jnb-hkg\/","og_locale":"fr_FR","og_type":"article","og_title":"Cheap Flights from\u00a0Johannesburg to Hong Kong","og_description":"Looking for cheap flights from\u00a0Johannesburg to Hong Kongn? Compare and book cheap airline ticket from Johannesburg to Hong Kong online","og_url":"https:\/\/tiketi.com\/fr-fr\/flights-johannesburg-hong-kong-jnb-hkg\/","og_site_name":"Tiketi.com","article_publisher":"https:\/\/www.facebook.com\/TiketiCom\/","article_modified_time":"2022-02-08T13:00:30+00:00","og_image":[{"width":1200,"height":264,"url":"https:\/\/tiketi.com\/wp-content\/uploads\/2022\/01\/hong-kong-4370342_1280.jpg","type":"image\/jpeg"}],"twitter_card":"summary_large_image","twitter_misc":{"Dur\u00e9e de lecture estim\u00e9e":"3 minutes"},"schema":{"@context":"https:\/\/schema.org","@graph":[{"@type":"WebPage","@id":"https:\/\/tiketi.com\/flights-johannesburg-hong-kong-jnb-hkg\/","url":"https:\/\/tiketi.com\/flights-johannesburg-hong-kong-jnb-hkg\/","name":"Vols \u00e0 bas prix de Johannesbourg \u00e0 Hong Kong","isPartOf":{"@id":"https:\/\/tiketi.com\/#website"},"primaryImageOfPage":{"@id":"https:\/\/tiketi.com\/flights-johannesburg-hong-kong-jnb-hkg\/#primaryimage"},"image":{"@id":"https:\/\/tiketi.com\/flights-johannesburg-hong-kong-jnb-hkg\/#primaryimage"},"thumbnailUrl":"https:\/\/tiketi.com\/wp-content\/uploads\/2022\/01\/hong-kong-4370342_1280.jpg","datePublished":"2022-01-19T11:55:13+00:00","dateModified":"2022-02-08T13:00:30+00:00","description":"Vous recherchez des vols \u00e0 bas prix de Johannesbourg \u00e0 Hong Kong ? Comparez et r\u00e9servez en ligne les billets d&#039;avion pas chers de Johannesbourg \u00e0 Hong Kong","breadcrumb":{"@id":"https:\/\/tiketi.com\/flights-johannesburg-hong-kong-jnb-hkg\/#breadcrumb"},"inLanguage":"fr-FR","potentialAction":[{"@type":"ReadAction","target":["https:\/\/tiketi.com\/flights-johannesburg-hong-kong-jnb-hkg\/"]}]},{"@type":"ImageObject","inLanguage":"fr-FR","@id":"https:\/\/tiketi.com\/flights-johannesburg-hong-kong-jnb-hkg\/#primaryimage","url":"https:\/\/tiketi.com\/wp-content\/uploads\/2022\/01\/hong-kong-4370342_1280.jpg","contentUrl":"https:\/\/tiketi.com\/wp-content\/uploads\/2022\/01\/hong-kong-4370342_1280.jpg","width":1200,"height":264,"caption":"Air Taxi in Hong Kong"},{"@type":"BreadcrumbList","@id":"https:\/\/tiketi.com\/flights-johannesburg-hong-kong-jnb-hkg\/#breadcrumb","itemListElement":[{"@type":"ListItem","position":1,"name":"Home","item":"https:\/\/tiketi.com\/"},{"@type":"ListItem","position":2,"name":"Cheap Flights from\u00a0Johannesburg to Hong Kong"}]},{"@type":"WebSite","@id":"https:\/\/tiketi.com\/#website","url":"https:\/\/tiketi.com\/","name":"Billets d&#039;avion et de bus, forfaits touristiques et activit\u00e9s - Tiketi.com","description":"Billets d&#039;avion et de bus, Tours, Activit\u00e9s","publisher":{"@id":"https:\/\/tiketi.com\/#organization"},"potentialAction":[{"@type":"SearchAction","target":{"@type":"EntryPoint","urlTemplate":"https:\/\/tiketi.com\/?s={search_term_string}"},"query-input":{"@type":"PropertyValueSpecification","valueRequired":true,"valueName":"search_term_string"}}],"inLanguage":"fr-FR"},{"@type":"Organization","@id":"https:\/\/tiketi.com\/#organization","name":"Tiketi.com","alternateName":"Tiketi","url":"https:\/\/tiketi.com\/","logo":{"@type":"ImageObject","inLanguage":"fr-FR","@id":"https:\/\/tiketi.com\/#\/schema\/logo\/image\/","url":"https:\/\/tiketi.com\/wp-content\/uploads\/2019\/05\/tiketi-logo-696.png","contentUrl":"https:\/\/tiketi.com\/wp-content\/uploads\/2019\/05\/tiketi-logo-696.png","width":696,"height":696,"caption":"Tiketi.com"},"image":{"@id":"https:\/\/tiketi.com\/#\/schema\/logo\/image\/"},"sameAs":["https:\/\/www.facebook.com\/TiketiCom\/"]}]}},"_links":{"self":[{"href":"https:\/\/tiketi.com\/fr-fr\/wp-json\/wp\/v2\/pages\/11793","targetHints":{"allow":["GET"]}}],"collection":[{"href":"https:\/\/tiketi.com\/fr-fr\/wp-json\/wp\/v2\/pages"}],"about":[{"href":"https:\/\/tiketi.com\/fr-fr\/wp-json\/wp\/v2\/types\/page"}],"author":[{"embeddable":true,"href":"https:\/\/tiketi.com\/fr-fr\/wp-json\/wp\/v2\/users\/1"}],"replies":[{"embeddable":true,"href":"https:\/\/tiketi.com\/fr-fr\/wp-json\/wp\/v2\/comments?post=11793"}],"version-history":[{"count":0,"href":"https:\/\/tiketi.com\/fr-fr\/wp-json\/wp\/v2\/pages\/11793\/revisions"}],"wp:featuredmedia":[{"embeddable":true,"href":"https:\/\/tiketi.com\/fr-fr\/wp-json\/wp\/v2\/media\/14244"}],"wp:attachment":[{"href":"https:\/\/tiketi.com\/fr-fr\/wp-json\/wp\/v2\/media?parent=11793"}],"curies":[{"name":"wp","href":"https:\/\/api.w.org\/{rel}","templated":true}]}}