{"id":11794,"date":"2022-01-19T12:55:13","date_gmt":"2022-01-19T11:55:13","guid":{"rendered":"https:\/\/new.tiketi.com\/cheap-flights-from-johannesburg-to-harare\/"},"modified":"2022-02-08T13:56:01","modified_gmt":"2022-02-08T12:56:01","slug":"flights-johannesburg-harare-jnb-hre","status":"publish","type":"page","link":"https:\/\/tiketi.com\/fr-fr\/flights-johannesburg-harare-jnb-hre\/","title":{"rendered":"Vols pas chers de Johannesbourg \u00e0 Harare"},"content":{"rendered":"<h2>Vous cherchez un billet d&#039;avion pas cher \u00e0 partir de Johannesbourg pour Harare ou des offres de derni\u00e8re minute ?<\/h2>\n<h3>Recherchez, comparez et r\u00e9servez d\u00e8s maintenant un billet d&#039;avion pas cher de Johannesbourg (JNB) \u00e0 Harare (HRE) en ligne.<\/h3>\n<p>R\u00e9servez des vols pas chers de Johannesbourg \u00e0 Harare en ligne avec Tiketi.com pour b\u00e9n\u00e9ficier des meilleures offres. Harare, la capitale du Zimbabwe, est la plus belle ville au nord du fleuve Limpopo en Afrique australe. Harare se vante d&#039;avoir un a\u00e9roport international et diff\u00e9rents restaurants et h\u00f4tels 5 \u00e9toiles, des cin\u00e9mas, des centres commerciaux, des bo\u00eetes de nuit, des th\u00e9\u00e2tres, ainsi que d&#039;autres plaisirs culturels dans et autour de la ville. Visitez Harare gr\u00e2ce \u00e0 des offres exceptionnelles sur les billets d\u2019avion de Johannesburg \u00e0 Harare et volez des vols de Johannesburg \u00e0 Harare \u00e0 bas prix.<\/p>\n<h2>Voici quelques-unes des meilleures attractions de Harare<\/h2>\n<h3>Parc de loisirs du lac Chivero<\/h3>\n<p>Observation des oiseaux et des animaux Entour\u00e9 par l&#039;un des principaux lacs de Harare, l&#039;\u00e9tonnant lac est un lieu remarquable pour l&#039;observation de la faune et constitue le meilleur endroit pour profiter d&#039;un pique-nique tout en \u00e9tant entour\u00e9 par la nature. Le parc est une r\u00e9serve pour la faune qui vivait autour du lac et s&#039;\u00e9tend au total sur six mille hectares.<\/p>\n<h3>Parc de sculptures de Chapungu<\/h3>\n<p>Sculptures en pierre populaires du Zimbabwe situ\u00e9es dans la banlieue de Mosasa Park \u00e0 Harare, le parc a \u00e9t\u00e9 cr\u00e9\u00e9 dans les ann\u00e9es 1970 pour pr\u00e9senter l&#039;art et la sculpture en pierre nationaux. Le projet, lanc\u00e9 par l&#039;architecte Roy Guthrie, a prosp\u00e9r\u00e9 jusqu&#039;\u00e0 devenir peut-\u00eatre l&#039;exposition de sculpteurs sur pierre du Zimbabwe la plus connue en Afrique, et pr\u00e9sente des \u0153uvres du Zimbabwe et de nombreux autres pays.<\/p>\n<h3>Safari \u00e0 Chengeta<\/h3>\n<p>Visitez la plus grande r\u00e9serve priv\u00e9e de chasse du Mashonaland avec plus de quarante-cinq mammif\u00e8res et plus de 180 esp\u00e8ces d&#039;oiseaux. Les choix de safaris sur mesure comprennent des safaris, du cano\u00eb, de l&#039;\u00e9quitation, de la p\u00eache et de la marche.<\/p>\n<h2>FAQ sur les vols pas chers de Johannesbourg \u00e0 Harare<\/h2>\n<h3>Quelle est la distance entre Harare et Johannesbourg ?<\/h3>\n<p>La distance entre Johannesburg et Harare en avion est de 957 kilom\u00e8tres.<\/p>\n<h3>Quelle est la dur\u00e9e d&#039;un vol entre Johannesbourg et Harare ?<\/h3>\n<p>Le temps de vol commun de Johannesburg \u00e0 Harare est de 1 heure et 40 minutes.<\/p>\n<h3>Quelle est la fr\u00e9quence des vols directs de Johannesburg \u00e0 Harare ?<\/h3>\n<p>Il y a 74 vols directs de Johannesbourg \u00e0 Harare.<\/p>\n<h3>Quelles sont les compagnies a\u00e9riennes les plus connues de Johannesburg pour des vols directs de Johannesburg \u00e0 Harare ?<\/h3>\n<p>South African Airways assure 43 pour cent des vols sans escale entre Harare et Johannesburg.<\/p>\n<h3>Quel a\u00e9roport dessert Harare et Johannesburg ?<\/h3>\n<p>Votre vol de Johannesburg \u00e0 Harare partira de l\u2019a\u00e9roport international de Tambo et arrivera au HRE au Zimbabwe.<\/p>\n<h3>En moyenne, combien de vols par jour d\u00e9collent de Harare au d\u00e9part de Johannesbourg ?<\/h3>\n<p>En moyenne, vingt-six vols d\u00e9collent chaque jour de Johannesburg \u00e0 destination de Harare.<\/p>\n<p>\u2022 T\u00f4t le matin \u2013 huit pour cent des d\u00e9parts de vols<\/p>\n<p>\u2022 Matin \u2013 trente-huit pour cent des d\u00e9parts de vols<\/p>\n<p>\u2022 Apr\u00e8s-midi\u00a0:\u00a023\u00a0% des d\u00e9parts de vols<\/p>\n<p>\u2022 Soir \u2013 trente et un pour cent des d\u00e9parts de vols<\/p>\n<h2>Conseils pour les vols de Johannesbourg \u00e0 Harare<\/h2>\n<p>\u2022 Fastjet propose le plus grand nombre de vols sans escale entre Harare et Johannesburg.<\/p>\n<p>\u2022 Lusaka, Zambie \u2013 Lusaka est la liaison la plus c\u00e9l\u00e8bre pour les vols \u00e0 escale entre Harare et Johannesburg.<\/p>\n<p>\u2022 Johannesbourg se trouve \u00e0 587 milles de Harare.<\/p>","protected":false},"excerpt":{"rendered":"<p>Looking for cheap airline ticket from Johannesburg to Harare&nbsp;or last minute deals? Search, compare and book cheap airline ticket from Johannesburg (JNB) to Harare (HRE) online now. Book cheap flights from Johannesburg to Harare online with Tiketi.com for the best deals. Zimbabwe capital city Harare is the most wonderful city north of the Limpopo River [&hellip;]<\/p>\n","protected":false},"author":1,"featured_media":14041,"parent":0,"menu_order":0,"comment_status":"open","ping_status":"closed","template":"template-home-modern.php","meta":{"footnotes":""},"class_list":["post-11794","page","type-page","status-publish","has-post-thumbnail","hentry"],"yoast_head":"<!-- This site is optimized with the Yoast SEO plugin v27.3 - https:\/\/yoast.com\/product\/yoast-seo-wordpress\/ -->\n<title>Cheap Flights from Johannesburg to Harare<\/title>\n<meta name=\"description\" content=\"Looking for cheap flights from\u00a0Johannesburg to Harare? Search, compare and book cheap airline ticket from Johannesburg to Harare online\" \/>\n<meta name=\"robots\" content=\"index, follow, max-snippet:-1, max-image-preview:large, max-video-preview:-1\" \/>\n<link rel=\"canonical\" href=\"https:\/\/tiketi.com\/fr-fr\/flights-johannesburg-harare-jnb-hre\/\" \/>\n<meta property=\"og:locale\" content=\"fr_FR\" \/>\n<meta property=\"og:type\" content=\"article\" \/>\n<meta property=\"og:title\" content=\"Cheap Flights from Johannesburg to Harare\" \/>\n<meta property=\"og:description\" content=\"Looking for cheap flights from\u00a0Johannesburg to Harare? Search, compare and book cheap airline ticket from Johannesburg to Harare online\" \/>\n<meta property=\"og:url\" content=\"https:\/\/tiketi.com\/fr-fr\/flights-johannesburg-harare-jnb-hre\/\" \/>\n<meta property=\"og:site_name\" content=\"Tiketi.com\" \/>\n<meta property=\"article:publisher\" content=\"https:\/\/www.facebook.com\/TiketiCom\/\" \/>\n<meta property=\"article:modified_time\" content=\"2022-02-08T12:56:01+00:00\" \/>\n<meta property=\"og:image\" content=\"https:\/\/tiketi.com\/wp-content\/uploads\/2022\/01\/flight-ticket-booking-sorasak-KxCJXXGsv9I-unsplas.jpg\" \/>\n\t<meta property=\"og:image:width\" content=\"1200\" \/>\n\t<meta property=\"og:image:height\" content=\"240\" \/>\n\t<meta property=\"og:image:type\" content=\"image\/jpeg\" \/>\n<meta name=\"twitter:card\" content=\"summary_large_image\" \/>\n<meta name=\"twitter:label1\" content=\"Dur\u00e9e de lecture estim\u00e9e\" \/>\n\t<meta name=\"twitter:data1\" content=\"3 minutes\" \/>\n<script type=\"application\/ld+json\" class=\"yoast-schema-graph\">{\"@context\":\"https:\\\/\\\/schema.org\",\"@graph\":[{\"@type\":\"WebPage\",\"@id\":\"https:\\\/\\\/tiketi.com\\\/en-gb\\\/flights-johannesburg-harare-jnb-hre\\\/\",\"url\":\"https:\\\/\\\/tiketi.com\\\/en-gb\\\/flights-johannesburg-harare-jnb-hre\\\/\",\"name\":\"Cheap Flights from Johannesburg to Harare\",\"isPartOf\":{\"@id\":\"https:\\\/\\\/tiketi.com\\\/#website\"},\"primaryImageOfPage\":{\"@id\":\"https:\\\/\\\/tiketi.com\\\/en-gb\\\/flights-johannesburg-harare-jnb-hre\\\/#primaryimage\"},\"image\":{\"@id\":\"https:\\\/\\\/tiketi.com\\\/en-gb\\\/flights-johannesburg-harare-jnb-hre\\\/#primaryimage\"},\"thumbnailUrl\":\"https:\\\/\\\/tiketi.com\\\/wp-content\\\/uploads\\\/2022\\\/01\\\/flight-ticket-booking-sorasak-KxCJXXGsv9I-unsplas.jpg\",\"datePublished\":\"2022-01-19T11:55:13+00:00\",\"dateModified\":\"2022-02-08T12:56:01+00:00\",\"description\":\"Looking for cheap flights from\u00a0Johannesburg to Harare? Search, compare and book cheap airline ticket from Johannesburg to Harare online\",\"breadcrumb\":{\"@id\":\"https:\\\/\\\/tiketi.com\\\/en-gb\\\/flights-johannesburg-harare-jnb-hre\\\/#breadcrumb\"},\"inLanguage\":\"fr-FR\",\"potentialAction\":[{\"@type\":\"ReadAction\",\"target\":[\"https:\\\/\\\/tiketi.com\\\/en-gb\\\/flights-johannesburg-harare-jnb-hre\\\/\"]}]},{\"@type\":\"ImageObject\",\"inLanguage\":\"fr-FR\",\"@id\":\"https:\\\/\\\/tiketi.com\\\/en-gb\\\/flights-johannesburg-harare-jnb-hre\\\/#primaryimage\",\"url\":\"https:\\\/\\\/tiketi.com\\\/wp-content\\\/uploads\\\/2022\\\/01\\\/flight-ticket-booking-sorasak-KxCJXXGsv9I-unsplas.jpg\",\"contentUrl\":\"https:\\\/\\\/tiketi.com\\\/wp-content\\\/uploads\\\/2022\\\/01\\\/flight-ticket-booking-sorasak-KxCJXXGsv9I-unsplas.jpg\",\"width\":1200,\"height\":240,\"caption\":\"Online flight ticket booking\"},{\"@type\":\"BreadcrumbList\",\"@id\":\"https:\\\/\\\/tiketi.com\\\/en-gb\\\/flights-johannesburg-harare-jnb-hre\\\/#breadcrumb\",\"itemListElement\":[{\"@type\":\"ListItem\",\"position\":1,\"name\":\"Home\",\"item\":\"https:\\\/\\\/tiketi.com\\\/\"},{\"@type\":\"ListItem\",\"position\":2,\"name\":\"Cheap Flights from Johannesburg to Harare\"}]},{\"@type\":\"WebSite\",\"@id\":\"https:\\\/\\\/tiketi.com\\\/#website\",\"url\":\"https:\\\/\\\/tiketi.com\\\/\",\"name\":\"Flight & Bus Tickets, Tour Packages & Activitites - Tiketi.com\",\"description\":\"Flight &amp; Bus Tickets, Tours, Activitites\",\"publisher\":{\"@id\":\"https:\\\/\\\/tiketi.com\\\/#organization\"},\"potentialAction\":[{\"@type\":\"SearchAction\",\"target\":{\"@type\":\"EntryPoint\",\"urlTemplate\":\"https:\\\/\\\/tiketi.com\\\/?s={search_term_string}\"},\"query-input\":{\"@type\":\"PropertyValueSpecification\",\"valueRequired\":true,\"valueName\":\"search_term_string\"}}],\"inLanguage\":\"fr-FR\"},{\"@type\":\"Organization\",\"@id\":\"https:\\\/\\\/tiketi.com\\\/#organization\",\"name\":\"Tiketi.com\",\"alternateName\":\"Tiketi\",\"url\":\"https:\\\/\\\/tiketi.com\\\/\",\"logo\":{\"@type\":\"ImageObject\",\"inLanguage\":\"fr-FR\",\"@id\":\"https:\\\/\\\/tiketi.com\\\/#\\\/schema\\\/logo\\\/image\\\/\",\"url\":\"https:\\\/\\\/tiketi.com\\\/wp-content\\\/uploads\\\/2019\\\/05\\\/tiketi-logo-696.png\",\"contentUrl\":\"https:\\\/\\\/tiketi.com\\\/wp-content\\\/uploads\\\/2019\\\/05\\\/tiketi-logo-696.png\",\"width\":696,\"height\":696,\"caption\":\"Tiketi.com\"},\"image\":{\"@id\":\"https:\\\/\\\/tiketi.com\\\/#\\\/schema\\\/logo\\\/image\\\/\"},\"sameAs\":[\"https:\\\/\\\/www.facebook.com\\\/TiketiCom\\\/\"]}]}<\/script>\n<!-- \/ Yoast SEO plugin. -->","yoast_head_json":{"title":"Vols pas chers de Johannesbourg \u00e0 Harare","description":"Vous recherchez des vols \u00e0 bas prix au Johannesbourg vers Harare? Recherchez, comparez et r\u00e9servez un billet d&#039;avion pas cher de Johannesbourg \u00e0 Harare en ligne","robots":{"index":"index","follow":"follow","max-snippet":"max-snippet:-1","max-image-preview":"max-image-preview:large","max-video-preview":"max-video-preview:-1"},"canonical":"https:\/\/tiketi.com\/fr-fr\/flights-johannesburg-harare-jnb-hre\/","og_locale":"fr_FR","og_type":"article","og_title":"Cheap Flights from Johannesburg to Harare","og_description":"Looking for cheap flights from\u00a0Johannesburg to Harare? Search, compare and book cheap airline ticket from Johannesburg to Harare online","og_url":"https:\/\/tiketi.com\/fr-fr\/flights-johannesburg-harare-jnb-hre\/","og_site_name":"Tiketi.com","article_publisher":"https:\/\/www.facebook.com\/TiketiCom\/","article_modified_time":"2022-02-08T12:56:01+00:00","og_image":[{"width":1200,"height":240,"url":"https:\/\/tiketi.com\/wp-content\/uploads\/2022\/01\/flight-ticket-booking-sorasak-KxCJXXGsv9I-unsplas.jpg","type":"image\/jpeg"}],"twitter_card":"summary_large_image","twitter_misc":{"Dur\u00e9e de lecture estim\u00e9e":"3 minutes"},"schema":{"@context":"https:\/\/schema.org","@graph":[{"@type":"WebPage","@id":"https:\/\/tiketi.com\/en-gb\/flights-johannesburg-harare-jnb-hre\/","url":"https:\/\/tiketi.com\/en-gb\/flights-johannesburg-harare-jnb-hre\/","name":"Vols pas chers de Johannesbourg \u00e0 Harare","isPartOf":{"@id":"https:\/\/tiketi.com\/#website"},"primaryImageOfPage":{"@id":"https:\/\/tiketi.com\/en-gb\/flights-johannesburg-harare-jnb-hre\/#primaryimage"},"image":{"@id":"https:\/\/tiketi.com\/en-gb\/flights-johannesburg-harare-jnb-hre\/#primaryimage"},"thumbnailUrl":"https:\/\/tiketi.com\/wp-content\/uploads\/2022\/01\/flight-ticket-booking-sorasak-KxCJXXGsv9I-unsplas.jpg","datePublished":"2022-01-19T11:55:13+00:00","dateModified":"2022-02-08T12:56:01+00:00","description":"Vous recherchez des vols \u00e0 bas prix au Johannesbourg vers Harare? Recherchez, comparez et r\u00e9servez un billet d&#039;avion pas cher de Johannesbourg \u00e0 Harare en ligne","breadcrumb":{"@id":"https:\/\/tiketi.com\/en-gb\/flights-johannesburg-harare-jnb-hre\/#breadcrumb"},"inLanguage":"fr-FR","potentialAction":[{"@type":"ReadAction","target":["https:\/\/tiketi.com\/en-gb\/flights-johannesburg-harare-jnb-hre\/"]}]},{"@type":"ImageObject","inLanguage":"fr-FR","@id":"https:\/\/tiketi.com\/en-gb\/flights-johannesburg-harare-jnb-hre\/#primaryimage","url":"https:\/\/tiketi.com\/wp-content\/uploads\/2022\/01\/flight-ticket-booking-sorasak-KxCJXXGsv9I-unsplas.jpg","contentUrl":"https:\/\/tiketi.com\/wp-content\/uploads\/2022\/01\/flight-ticket-booking-sorasak-KxCJXXGsv9I-unsplas.jpg","width":1200,"height":240,"caption":"Online flight ticket booking"},{"@type":"BreadcrumbList","@id":"https:\/\/tiketi.com\/en-gb\/flights-johannesburg-harare-jnb-hre\/#breadcrumb","itemListElement":[{"@type":"ListItem","position":1,"name":"Home","item":"https:\/\/tiketi.com\/"},{"@type":"ListItem","position":2,"name":"Cheap Flights from Johannesburg to Harare"}]},{"@type":"WebSite","@id":"https:\/\/tiketi.com\/#website","url":"https:\/\/tiketi.com\/","name":"Billets d&#039;avion et de bus, forfaits touristiques et activit\u00e9s - Tiketi.com","description":"Billets d&#039;avion et de bus, Tours, Activit\u00e9s","publisher":{"@id":"https:\/\/tiketi.com\/#organization"},"potentialAction":[{"@type":"SearchAction","target":{"@type":"EntryPoint","urlTemplate":"https:\/\/tiketi.com\/?s={search_term_string}"},"query-input":{"@type":"PropertyValueSpecification","valueRequired":true,"valueName":"search_term_string"}}],"inLanguage":"fr-FR"},{"@type":"Organization","@id":"https:\/\/tiketi.com\/#organization","name":"Tiketi.com","alternateName":"Tiketi","url":"https:\/\/tiketi.com\/","logo":{"@type":"ImageObject","inLanguage":"fr-FR","@id":"https:\/\/tiketi.com\/#\/schema\/logo\/image\/","url":"https:\/\/tiketi.com\/wp-content\/uploads\/2019\/05\/tiketi-logo-696.png","contentUrl":"https:\/\/tiketi.com\/wp-content\/uploads\/2019\/05\/tiketi-logo-696.png","width":696,"height":696,"caption":"Tiketi.com"},"image":{"@id":"https:\/\/tiketi.com\/#\/schema\/logo\/image\/"},"sameAs":["https:\/\/www.facebook.com\/TiketiCom\/"]}]}},"_links":{"self":[{"href":"https:\/\/tiketi.com\/fr-fr\/wp-json\/wp\/v2\/pages\/11794","targetHints":{"allow":["GET"]}}],"collection":[{"href":"https:\/\/tiketi.com\/fr-fr\/wp-json\/wp\/v2\/pages"}],"about":[{"href":"https:\/\/tiketi.com\/fr-fr\/wp-json\/wp\/v2\/types\/page"}],"author":[{"embeddable":true,"href":"https:\/\/tiketi.com\/fr-fr\/wp-json\/wp\/v2\/users\/1"}],"replies":[{"embeddable":true,"href":"https:\/\/tiketi.com\/fr-fr\/wp-json\/wp\/v2\/comments?post=11794"}],"version-history":[{"count":0,"href":"https:\/\/tiketi.com\/fr-fr\/wp-json\/wp\/v2\/pages\/11794\/revisions"}],"wp:featuredmedia":[{"embeddable":true,"href":"https:\/\/tiketi.com\/fr-fr\/wp-json\/wp\/v2\/media\/14041"}],"wp:attachment":[{"href":"https:\/\/tiketi.com\/fr-fr\/wp-json\/wp\/v2\/media?parent=11794"}],"curies":[{"name":"wp","href":"https:\/\/api.w.org\/{rel}","templated":true}]}}