{"id":11796,"date":"2022-01-19T12:55:13","date_gmt":"2022-01-19T11:55:13","guid":{"rendered":"https:\/\/new.tiketi.com\/cheap-flights-from-cape-town-to-johannesburg-best-air-taxi\/"},"modified":"2022-02-07T15:01:03","modified_gmt":"2022-02-07T14:01:03","slug":"flights-cape-town-johannesburg-cpt-jnb","status":"publish","type":"page","link":"https:\/\/tiketi.com\/fr-fr\/flights-cape-town-johannesburg-cpt-jnb\/","title":{"rendered":"Vols \u00e0 bas prix de Le Cap \u00e0 Johannesbourg"},"content":{"rendered":"<h2>Vous recherchez un billet d&#039;avion pas cher Le Cap vers Johannesbourg ou des offres de derni\u00e8re minute ?<\/h2>\n<h3>Recherchez, comparez et r\u00e9servez en ligne maintenant un billet d&#039;avion pas cher entre Le Cap (CPT) et Johannesburg (JNB).<\/h3>\n<p>R\u00e9servez en ligne des vols \u00e0 bas prix de Le Cap \u00e0 Johannesbourg et \u00e9conomisez du temps et de l&#039;argent. Johannesburg, la plus grande ville d&#039;Afrique du Sud et capitale de la province de Gauteng, a commenc\u00e9 comme une colonie d&#039;extraction d&#039;or du dix-neuvi\u00e8me si\u00e8cle. R\u00e9servez des vols de Cape Town \u00e0 Johannesburg au prix le moins cher \u2013 obtenez des offres avantageuses sur votre billet d&#039;avion de Cape Town \u00e0 Johannesburg en ligne. N&#039;h\u00e9sitez plus et profitez d\u00e8s maintenant d&#039;offres incroyables sur les billets d&#039;avion depuis Le Cap vers Johannesburg.<\/p>\n<h2>Voici quelques-unes des meilleures attractions de Johannesburg<\/h2>\n<h3>Parc d&#039;aventure StokeCity<\/h3>\n<p>Une \u00e9dition sp\u00e9ciale pour Gauteng, StokeCity Adventure Park propose des activit\u00e9s nautiques pour toute la famille dans un cadre paisible et champ\u00eatre. Profitez de tout, du wakeboard sans bateau au ski nautique en passant par le seul parcours d&#039;obstacles flottant en Afrique du Sud. En plus des sports nautiques incroyables, il y a aussi suffisamment d&#039;espace pour se d\u00e9tendre.<\/p>\n<h3>Visite en bus rouge<\/h3>\n<p>La fa\u00e7on la plus merveilleuse de d\u00e9couvrir Johannesburg est sur le toit d&#039;un bus touristique rouge brillant. Descendez, montez dans le bus rouge et choisissez comment vous passez votre temps. La visite guid\u00e9e de la ville est accompagn\u00e9e de commentaires audio accessibles en quinze langues. La visite est un moyen remarquable d&#039;obtenir les meilleures vues et vibrations de la ville de l&#039;or.<\/p>\n<h3>Centre de la m\u00e9moire Nelson Mandela<\/h3>\n<p>Le Centre de la m\u00e9moire se trouve \u00e0 la Fondation Nelson Mandela, une organisation \u00e0 but non lucratif cr\u00e9\u00e9e par Madiba en 1999. Visitez l&#039;exposition actuelle qui se concentre sur la photographie pendant l&#039;\u00e9tat d&#039;urgence.<\/p>\n<h3>Lac du zoo<\/h3>\n<p>Emportez quelques graines et passez un merveilleux apr\u00e8s-midi dans un lac du zoo pour nourrir les oies et les canards. Vous pouvez \u00e9galement louer une chaloupe pouvant accueillir jusqu&#039;\u00e0 6 personnes. Vous passerez un moment remarquable \u00e0 patauger.<\/p>\n<h2>FAQ sur les billets d&#039;avion pas chers de Le Cap \u00e0 Johannesburg<\/h2>\n<h3>Quelle est la distance entre Johannesbourg et Le Cap ?<\/h3>\n<p>La distance des vols de Cape Town \u00e0 Johannesburg est de 1263 kilom\u00e8tres.<\/p>\n<h3>Quelle est la dur\u00e9e du vol entre Le Cap et Johannesbourg ?<\/h3>\n<p>La dur\u00e9e moyenne d&#039;un vol pas cher entre Le Cap et Johannesburg est d&#039;une heure et cinquante-neuf minutes.<\/p>\n<h3>Quelle est la fr\u00e9quence des vols directs Le Cap-Johannesburg ?<\/h3>\n<p>Il y a 430 vols direct entre Le Cap et Johannesburg.<\/p>\n<h3>Quelles sont les compagnies a\u00e9riennes les plus c\u00e9l\u00e8bres du Cap pour trouver le billet d&#039;avion le moins cher du Cap vers Johannesburg ?<\/h3>\n<p>Safair propose 23 % des vols pas chers sans escale entre Le Cap et Johannesburg.<\/p>\n<h3>Combien de vols Le Cap vers Johannesbourg partent en moyenne par jour ?<\/h3>\n<p>En moyenne, 275 vols de Le Cap \u00e0 Johannesburg partent en moyenne par jour.<\/p>\n<p>\u2022 T\u00f4t le matin\u00a0: 12\u00a0% des d\u00e9parts de vols<\/p>\n<p>\u2022 Matin - trente-cinq pour cent des d\u00e9parts de vol<\/p>\n<p>\u2022 Apr\u00e8s-midi\u00a0: 33\u00a0% des d\u00e9parts de vols<\/p>\n<p>\u2022 Soir - vingt et un pour cent des d\u00e9parts de vol<\/p>\n<h3>Quelles compagnies a\u00e9riennes op\u00e8rent des vols Le Cap - Johannesburg ?<\/h3>\n<p>Les transporteurs nationaux comme British Airways et South African Airways ne sont que 2 des grandes compagnies a\u00e9riennes qui op\u00e8rent des vols du Cap \u00e0 Johannesburg.<\/p>","protected":false},"excerpt":{"rendered":"<p>Looking for cheap airline ticket from Cape Town to Johannesburg\u00a0or last minute deals? Search, compare and book cheap airline ticket from Cape Town (CPT) to Johannesburg (JNB) online now. Book cheap flights from Cape Town to Johannesburg online and save time and money. Johannesburg, South Africa&#8217;s biggest city and capital of Gauteng province, start as [&hellip;]<\/p>\n","protected":false},"author":1,"featured_media":17849,"parent":0,"menu_order":0,"comment_status":"open","ping_status":"closed","template":"template-home-modern.php","meta":{"footnotes":""},"class_list":["post-11796","page","type-page","status-publish","has-post-thumbnail","hentry"],"yoast_head":"<!-- This site is optimized with the Yoast SEO plugin v27.3 - https:\/\/yoast.com\/product\/yoast-seo-wordpress\/ -->\n<title>Cheap Flights from Cape Town to Johannesburg - Best Air Taxi<\/title>\n<meta name=\"description\" content=\"Looking for cheap flights from\u00a0Cape Town to Johannesburg? Search, compare and book cheap airline ticket from Cape Town to Johannesburg online\" \/>\n<meta name=\"robots\" content=\"index, follow, max-snippet:-1, max-image-preview:large, max-video-preview:-1\" \/>\n<link rel=\"canonical\" href=\"https:\/\/tiketi.com\/fr-fr\/flights-cape-town-johannesburg-cpt-jnb\/\" \/>\n<meta property=\"og:locale\" content=\"fr_FR\" \/>\n<meta property=\"og:type\" content=\"article\" \/>\n<meta property=\"og:title\" content=\"Cheap Flights from Cape Town to Johannesburg - Best Air Taxi\" \/>\n<meta property=\"og:description\" content=\"Looking for cheap flights from\u00a0Cape Town to Johannesburg? Search, compare and book cheap airline ticket from Cape Town to Johannesburg online\" \/>\n<meta property=\"og:url\" content=\"https:\/\/tiketi.com\/fr-fr\/flights-cape-town-johannesburg-cpt-jnb\/\" \/>\n<meta property=\"og:site_name\" content=\"Tiketi.com\" \/>\n<meta property=\"article:publisher\" content=\"https:\/\/www.facebook.com\/TiketiCom\/\" \/>\n<meta property=\"article:modified_time\" content=\"2022-02-07T14:01:03+00:00\" \/>\n<meta property=\"og:image\" content=\"https:\/\/tiketi.com\/wp-content\/uploads\/2019\/05\/johannesburg-4322256_1280.jpg\" \/>\n\t<meta property=\"og:image:width\" content=\"1200\" \/>\n\t<meta property=\"og:image:height\" content=\"206\" \/>\n\t<meta property=\"og:image:type\" content=\"image\/jpeg\" \/>\n<meta name=\"twitter:card\" content=\"summary_large_image\" \/>\n<meta name=\"twitter:label1\" content=\"Dur\u00e9e de lecture estim\u00e9e\" \/>\n\t<meta name=\"twitter:data1\" content=\"3 minutes\" \/>\n<script type=\"application\/ld+json\" class=\"yoast-schema-graph\">{\"@context\":\"https:\\\/\\\/schema.org\",\"@graph\":[{\"@type\":\"WebPage\",\"@id\":\"https:\\\/\\\/tiketi.com\\\/fr-fr\\\/flights-cape-town-johannesburg-cpt-jnb\\\/\",\"url\":\"https:\\\/\\\/tiketi.com\\\/fr-fr\\\/flights-cape-town-johannesburg-cpt-jnb\\\/\",\"name\":\"Cheap Flights from Cape Town to Johannesburg - Best Air Taxi\",\"isPartOf\":{\"@id\":\"https:\\\/\\\/tiketi.com\\\/#website\"},\"primaryImageOfPage\":{\"@id\":\"https:\\\/\\\/tiketi.com\\\/fr-fr\\\/flights-cape-town-johannesburg-cpt-jnb\\\/#primaryimage\"},\"image\":{\"@id\":\"https:\\\/\\\/tiketi.com\\\/fr-fr\\\/flights-cape-town-johannesburg-cpt-jnb\\\/#primaryimage\"},\"thumbnailUrl\":\"https:\\\/\\\/tiketi.com\\\/wp-content\\\/uploads\\\/2019\\\/05\\\/johannesburg-4322256_1280.jpg\",\"datePublished\":\"2022-01-19T11:55:13+00:00\",\"dateModified\":\"2022-02-07T14:01:03+00:00\",\"description\":\"Looking for cheap flights from\u00a0Cape Town to Johannesburg? Search, compare and book cheap airline ticket from Cape Town to Johannesburg online\",\"breadcrumb\":{\"@id\":\"https:\\\/\\\/tiketi.com\\\/fr-fr\\\/flights-cape-town-johannesburg-cpt-jnb\\\/#breadcrumb\"},\"inLanguage\":\"fr-FR\",\"potentialAction\":[{\"@type\":\"ReadAction\",\"target\":[\"https:\\\/\\\/tiketi.com\\\/fr-fr\\\/flights-cape-town-johannesburg-cpt-jnb\\\/\"]}]},{\"@type\":\"ImageObject\",\"inLanguage\":\"fr-FR\",\"@id\":\"https:\\\/\\\/tiketi.com\\\/fr-fr\\\/flights-cape-town-johannesburg-cpt-jnb\\\/#primaryimage\",\"url\":\"https:\\\/\\\/tiketi.com\\\/wp-content\\\/uploads\\\/2019\\\/05\\\/johannesburg-4322256_1280.jpg\",\"contentUrl\":\"https:\\\/\\\/tiketi.com\\\/wp-content\\\/uploads\\\/2019\\\/05\\\/johannesburg-4322256_1280.jpg\",\"width\":1200,\"height\":206,\"caption\":\"Cheap Flights from Cape Town to Johannesburg\"},{\"@type\":\"BreadcrumbList\",\"@id\":\"https:\\\/\\\/tiketi.com\\\/fr-fr\\\/flights-cape-town-johannesburg-cpt-jnb\\\/#breadcrumb\",\"itemListElement\":[{\"@type\":\"ListItem\",\"position\":1,\"name\":\"Home\",\"item\":\"https:\\\/\\\/tiketi.com\\\/\"},{\"@type\":\"ListItem\",\"position\":2,\"name\":\"Cheap Flights from Cape Town to Johannesburg\"}]},{\"@type\":\"WebSite\",\"@id\":\"https:\\\/\\\/tiketi.com\\\/#website\",\"url\":\"https:\\\/\\\/tiketi.com\\\/\",\"name\":\"Flight & Bus Tickets, Tour Packages & Activitites - Tiketi.com\",\"description\":\"Flight &amp; Bus Tickets, Tours, Activitites\",\"publisher\":{\"@id\":\"https:\\\/\\\/tiketi.com\\\/#organization\"},\"potentialAction\":[{\"@type\":\"SearchAction\",\"target\":{\"@type\":\"EntryPoint\",\"urlTemplate\":\"https:\\\/\\\/tiketi.com\\\/?s={search_term_string}\"},\"query-input\":{\"@type\":\"PropertyValueSpecification\",\"valueRequired\":true,\"valueName\":\"search_term_string\"}}],\"inLanguage\":\"fr-FR\"},{\"@type\":\"Organization\",\"@id\":\"https:\\\/\\\/tiketi.com\\\/#organization\",\"name\":\"Tiketi.com\",\"alternateName\":\"Tiketi\",\"url\":\"https:\\\/\\\/tiketi.com\\\/\",\"logo\":{\"@type\":\"ImageObject\",\"inLanguage\":\"fr-FR\",\"@id\":\"https:\\\/\\\/tiketi.com\\\/#\\\/schema\\\/logo\\\/image\\\/\",\"url\":\"https:\\\/\\\/tiketi.com\\\/wp-content\\\/uploads\\\/2019\\\/05\\\/tiketi-logo-696.png\",\"contentUrl\":\"https:\\\/\\\/tiketi.com\\\/wp-content\\\/uploads\\\/2019\\\/05\\\/tiketi-logo-696.png\",\"width\":696,\"height\":696,\"caption\":\"Tiketi.com\"},\"image\":{\"@id\":\"https:\\\/\\\/tiketi.com\\\/#\\\/schema\\\/logo\\\/image\\\/\"},\"sameAs\":[\"https:\\\/\\\/www.facebook.com\\\/TiketiCom\\\/\"]}]}<\/script>\n<!-- \/ Yoast SEO plugin. -->","yoast_head_json":{"title":"Vols pas chers de Le Cap \u00e0 Johannesburg - Meilleurs taxis a\u00e9riens","description":"Vous recherchez des vols \u00e0 bas prix de Le Cap \u00e0 Johannesbourg ? Recherchez, comparez et r\u00e9servez en ligne votre billet d&#039;avion pas cher de Le Cap \u00e0 Johannesbourg","robots":{"index":"index","follow":"follow","max-snippet":"max-snippet:-1","max-image-preview":"max-image-preview:large","max-video-preview":"max-video-preview:-1"},"canonical":"https:\/\/tiketi.com\/fr-fr\/flights-cape-town-johannesburg-cpt-jnb\/","og_locale":"fr_FR","og_type":"article","og_title":"Cheap Flights from Cape Town to Johannesburg - Best Air Taxi","og_description":"Looking for cheap flights from\u00a0Cape Town to Johannesburg? Search, compare and book cheap airline ticket from Cape Town to Johannesburg online","og_url":"https:\/\/tiketi.com\/fr-fr\/flights-cape-town-johannesburg-cpt-jnb\/","og_site_name":"Tiketi.com","article_publisher":"https:\/\/www.facebook.com\/TiketiCom\/","article_modified_time":"2022-02-07T14:01:03+00:00","og_image":[{"width":1200,"height":206,"url":"https:\/\/tiketi.com\/wp-content\/uploads\/2019\/05\/johannesburg-4322256_1280.jpg","type":"image\/jpeg"}],"twitter_card":"summary_large_image","twitter_misc":{"Dur\u00e9e de lecture estim\u00e9e":"3 minutes"},"schema":{"@context":"https:\/\/schema.org","@graph":[{"@type":"WebPage","@id":"https:\/\/tiketi.com\/fr-fr\/flights-cape-town-johannesburg-cpt-jnb\/","url":"https:\/\/tiketi.com\/fr-fr\/flights-cape-town-johannesburg-cpt-jnb\/","name":"Vols pas chers de Le Cap \u00e0 Johannesburg - Meilleurs taxis a\u00e9riens","isPartOf":{"@id":"https:\/\/tiketi.com\/#website"},"primaryImageOfPage":{"@id":"https:\/\/tiketi.com\/fr-fr\/flights-cape-town-johannesburg-cpt-jnb\/#primaryimage"},"image":{"@id":"https:\/\/tiketi.com\/fr-fr\/flights-cape-town-johannesburg-cpt-jnb\/#primaryimage"},"thumbnailUrl":"https:\/\/tiketi.com\/wp-content\/uploads\/2019\/05\/johannesburg-4322256_1280.jpg","datePublished":"2022-01-19T11:55:13+00:00","dateModified":"2022-02-07T14:01:03+00:00","description":"Vous recherchez des vols \u00e0 bas prix de Le Cap \u00e0 Johannesbourg ? Recherchez, comparez et r\u00e9servez en ligne votre billet d&#039;avion pas cher de Le Cap \u00e0 Johannesbourg","breadcrumb":{"@id":"https:\/\/tiketi.com\/fr-fr\/flights-cape-town-johannesburg-cpt-jnb\/#breadcrumb"},"inLanguage":"fr-FR","potentialAction":[{"@type":"ReadAction","target":["https:\/\/tiketi.com\/fr-fr\/flights-cape-town-johannesburg-cpt-jnb\/"]}]},{"@type":"ImageObject","inLanguage":"fr-FR","@id":"https:\/\/tiketi.com\/fr-fr\/flights-cape-town-johannesburg-cpt-jnb\/#primaryimage","url":"https:\/\/tiketi.com\/wp-content\/uploads\/2019\/05\/johannesburg-4322256_1280.jpg","contentUrl":"https:\/\/tiketi.com\/wp-content\/uploads\/2019\/05\/johannesburg-4322256_1280.jpg","width":1200,"height":206,"caption":"Cheap Flights from Cape Town to Johannesburg"},{"@type":"BreadcrumbList","@id":"https:\/\/tiketi.com\/fr-fr\/flights-cape-town-johannesburg-cpt-jnb\/#breadcrumb","itemListElement":[{"@type":"ListItem","position":1,"name":"Home","item":"https:\/\/tiketi.com\/"},{"@type":"ListItem","position":2,"name":"Cheap Flights from Cape Town to Johannesburg"}]},{"@type":"WebSite","@id":"https:\/\/tiketi.com\/#website","url":"https:\/\/tiketi.com\/","name":"Billets d&#039;avion et de bus, forfaits touristiques et activit\u00e9s - Tiketi.com","description":"Billets d&#039;avion et de bus, Tours, Activit\u00e9s","publisher":{"@id":"https:\/\/tiketi.com\/#organization"},"potentialAction":[{"@type":"SearchAction","target":{"@type":"EntryPoint","urlTemplate":"https:\/\/tiketi.com\/?s={search_term_string}"},"query-input":{"@type":"PropertyValueSpecification","valueRequired":true,"valueName":"search_term_string"}}],"inLanguage":"fr-FR"},{"@type":"Organization","@id":"https:\/\/tiketi.com\/#organization","name":"Tiketi.com","alternateName":"Tiketi","url":"https:\/\/tiketi.com\/","logo":{"@type":"ImageObject","inLanguage":"fr-FR","@id":"https:\/\/tiketi.com\/#\/schema\/logo\/image\/","url":"https:\/\/tiketi.com\/wp-content\/uploads\/2019\/05\/tiketi-logo-696.png","contentUrl":"https:\/\/tiketi.com\/wp-content\/uploads\/2019\/05\/tiketi-logo-696.png","width":696,"height":696,"caption":"Tiketi.com"},"image":{"@id":"https:\/\/tiketi.com\/#\/schema\/logo\/image\/"},"sameAs":["https:\/\/www.facebook.com\/TiketiCom\/"]}]}},"_links":{"self":[{"href":"https:\/\/tiketi.com\/fr-fr\/wp-json\/wp\/v2\/pages\/11796","targetHints":{"allow":["GET"]}}],"collection":[{"href":"https:\/\/tiketi.com\/fr-fr\/wp-json\/wp\/v2\/pages"}],"about":[{"href":"https:\/\/tiketi.com\/fr-fr\/wp-json\/wp\/v2\/types\/page"}],"author":[{"embeddable":true,"href":"https:\/\/tiketi.com\/fr-fr\/wp-json\/wp\/v2\/users\/1"}],"replies":[{"embeddable":true,"href":"https:\/\/tiketi.com\/fr-fr\/wp-json\/wp\/v2\/comments?post=11796"}],"version-history":[{"count":0,"href":"https:\/\/tiketi.com\/fr-fr\/wp-json\/wp\/v2\/pages\/11796\/revisions"}],"wp:featuredmedia":[{"embeddable":true,"href":"https:\/\/tiketi.com\/fr-fr\/wp-json\/wp\/v2\/media\/17849"}],"wp:attachment":[{"href":"https:\/\/tiketi.com\/fr-fr\/wp-json\/wp\/v2\/media?parent=11796"}],"curies":[{"name":"wp","href":"https:\/\/api.w.org\/{rel}","templated":true}]}}