{"id":11797,"date":"2022-01-19T12:55:13","date_gmt":"2022-01-19T11:55:13","guid":{"rendered":"https:\/\/new.tiketi.com\/cheap-flights-air-taxi-from-cape-town-to-port-elizabeth\/"},"modified":"2022-02-03T13:50:53","modified_gmt":"2022-02-03T12:50:53","slug":"flights-cape-town-port-elizabeth-cpt-plz","status":"publish","type":"page","link":"https:\/\/tiketi.com\/fr-fr\/flights-cape-town-port-elizabeth-cpt-plz\/","title":{"rendered":"Taxi a\u00e9rien du Cap \u00e0 Port Elizabeth \u2013 Vols pas chers"},"content":{"rendered":"<h2>Vous recherchez des vols \u00e0 bas prix de Le Cap vers Port Elizabeth ?<\/h2>\n<h3>Recherchez, comparez et r\u00e9servez en ligne maintenant un billet d&#039;avion pas cher de le cap \u00e0 Port Elizabeth.<\/h3>\n<p>L&#039;application Tiketi.com vous permet de rechercher, comparer et r\u00e9server en ligne des vols pas chers Le Cap Port Elizabeth. Cette ville conviviale met vraiment tout en \u0153uvre pour divertir ses visiteurs, les aimer et les d\u00e9tendre. Sans raison de se pr\u00e9cipiter et sans fin de journ\u00e9es ensoleill\u00e9es, voici les meilleures attractions de Port Elizabeth. Trouvez et comparez donc des billets d&#039;avion de Cape Town \u00e0 Port Elizabeth et r\u00e9servez d\u00e8s maintenant en ligne des offres exceptionnelles sur des taxis a\u00e9riens pas chers de Cape Town \u00e0 Port Elizabeth.<\/p>\n<h2>Voici quelques-unes des meilleures attractions<\/h2>\n<h3>R\u00e9serve marine de l&#039;\u00eele Sainte-Croix<\/h3>\n<p>Cette petite \u00eele rocheuse de Sainte-Croix est une r\u00e9serve marine vitale car elle abrite la plus grande colonie de reproduction de manchots africains de la plan\u00e8te. Ces oiseaux noirs et blancs distincts se trouvent juste le long de la c\u00f4te sud-ouest de l&#039;Afrique et, avec un nombre rapidement d\u00e9croissant, sont r\u00e9pertori\u00e9s comme une esp\u00e8ce en voie de disparition. Une location de bateau est n\u00e9cessaire pour se rendre sur l&#039;\u00eele, tandis que les eaux environnantes sont riches en vie marine et un lieu de plong\u00e9e sous-marine r\u00e9put\u00e9.<\/p>\n<h3>Plages Pavillon Bleu<\/h3>\n<p>Le statut de drapeau bleu est une distinction internationale d\u00e9cern\u00e9e \u00e0 des plages qui r\u00e9pondent \u00e0 des normes strictes en mati\u00e8re d&#039;eau, \u00e0 des crit\u00e8res environnementaux et de s\u00e9curit\u00e9, et la meilleure nouvelle est que Port Elizabeth en compte actuellement trois. Hobie Beach, King Beach et Humewood Beach d\u00e9tiennent toutes ce merveilleux honneur, ainsi que des rives sablonneuses et propres o\u00f9 les visiteurs peuvent s&#039;\u00e9tirer et travailler leur bronzage.<\/p>\n<h3>Parc Saint-Georges<\/h3>\n<p>Bien plus qu&#039;un simple parc, cette installation r\u00e9cr\u00e9ative et sportive verdoyante et verte est le 6e plus ancien terrain de cricket de la plan\u00e8te, abritant un stade de cricket, des sentiers p\u00e9destres pour se promener, une piscine et une meilleure dispersion de canards affam\u00e9s.<\/p>\n<h2>Taxi a\u00e9rien abordable du Cap \u00e0 Port Elizabeth FAQ<\/h2>\n<h3>Quelle est la distance entre Port Elizabeth et Le Cap ?<\/h3>\n<p>La distance du taxi drone du Cap au vol de Port Elizabeth est de 645 kilom\u00e8tres.<\/p>\n<h3>Quelle est la dur\u00e9e des vols pas chers de Le Cap (CPT) \u00e0 Port Elizabeth (PLZ) ?<\/h3>\n<p>La dur\u00e9e moyenne d&#039;un vol entre Le Cap et Port Elizabeth est d&#039;une heure et quinze minutes.<\/p>\n<h3>Quelle est la fr\u00e9quence des vols directs Le Cap-Port Elizabeth ?<\/h3>\n<p>Il y a trente-deux vols directs entre Cape Town et Port Elizabeth.<\/p>\n<h3>Quelles sont les compagnies a\u00e9riennes les plus c\u00e9l\u00e8bres du Cap pour les vols pas chers de Le Cap vers Port Elizabeth directs ?<\/h3>\n<p>Safari fournit quarante-trois pour cent des vols sans escale entre Port Elizabeth et Cape Town.<\/p>\n<h3>Quel est le meilleur moment pour r\u00e9server des vols pas chers de le cap vers Port Elizabeth ?<\/h3>\n<p>G\u00e9n\u00e9ralement, le meilleur moment pour r\u00e9server un billet d&#039;avion pas cher de Cape Town \u00e0 Port Elizabeth est de 2 mois \u00e0 l&#039;avance. Et les jours les moins chers pour voler sont le mercredi, le mardi et le samedi. Le dimanche est le plus cher.<\/p>\n<h3>Combien de vols pas chers de Le Cap vers Port Elizabeth partent en moyenne par jour ?<\/h3>\n<p>\u2022 Douze vols partent du Cap vers Port Elizabeth en moyenne par jour.<\/p>\n<p>\u2022 Matin - cinquante pour cent des d\u00e9parts de vol<\/p>\n<p>\u2022 Apr\u00e8s-midi\u00a0: 50\u00a0% des d\u00e9parts de vols<\/p>","protected":false},"excerpt":{"rendered":"<p>Looking for cheap flights from Cape Town to Port Elizabeth? Search, compare and book cheap airline ticket from cape town to\u00a0Port Elizabeth online now. The Tiketi.com app helps you search, compare and book cheap flights from Cape Town to Port Elizabeth online. This friendly city truly does pull out all the stops when it comes [&hellip;]<\/p>\n","protected":false},"author":1,"featured_media":16150,"parent":0,"menu_order":0,"comment_status":"open","ping_status":"closed","template":"template-home-modern.php","meta":{"footnotes":""},"class_list":["post-11797","page","type-page","status-publish","has-post-thumbnail","hentry"],"yoast_head":"<!-- This site is optimized with the Yoast SEO plugin v27.3 - https:\/\/yoast.com\/product\/yoast-seo-wordpress\/ -->\n<title>Air taxi from Cape Town to Port Elizabeth - Cheap Flights<\/title>\n<meta name=\"description\" content=\"Looking for cheap air taxi from Cape Town to Port Elizabeth app? Compare and book cheap flights from Cape Town to Port Elizabeth online\" \/>\n<meta name=\"robots\" content=\"index, follow, max-snippet:-1, max-image-preview:large, max-video-preview:-1\" \/>\n<link rel=\"canonical\" href=\"https:\/\/tiketi.com\/fr-fr\/flights-cape-town-port-elizabeth-cpt-plz\/\" \/>\n<meta property=\"og:locale\" content=\"fr_FR\" \/>\n<meta property=\"og:type\" content=\"article\" \/>\n<meta property=\"og:title\" content=\"Air taxi from Cape Town to Port Elizabeth - Cheap Flights\" \/>\n<meta property=\"og:description\" content=\"Looking for cheap air taxi from Cape Town to Port Elizabeth app? Compare and book cheap flights from Cape Town to Port Elizabeth online\" \/>\n<meta property=\"og:url\" content=\"https:\/\/tiketi.com\/fr-fr\/flights-cape-town-port-elizabeth-cpt-plz\/\" \/>\n<meta property=\"og:site_name\" content=\"Tiketi.com\" \/>\n<meta property=\"article:publisher\" content=\"https:\/\/www.facebook.com\/TiketiCom\/\" \/>\n<meta property=\"article:modified_time\" content=\"2022-02-03T12:50:53+00:00\" \/>\n<meta property=\"og:image\" content=\"https:\/\/tiketi.com\/wp-content\/uploads\/2022\/02\/cape-town-5293565_1200.jpg\" \/>\n\t<meta property=\"og:image:width\" content=\"1280\" \/>\n\t<meta property=\"og:image:height\" content=\"222\" \/>\n\t<meta property=\"og:image:type\" content=\"image\/jpeg\" \/>\n<meta name=\"twitter:card\" content=\"summary_large_image\" \/>\n<meta name=\"twitter:label1\" content=\"Dur\u00e9e de lecture estim\u00e9e\" \/>\n\t<meta name=\"twitter:data1\" content=\"3 minutes\" \/>\n<script type=\"application\/ld+json\" class=\"yoast-schema-graph\">{\"@context\":\"https:\\\/\\\/schema.org\",\"@graph\":[{\"@type\":\"WebPage\",\"@id\":\"https:\\\/\\\/tiketi.com\\\/fr-fr\\\/flights-cape-town-port-elizabeth-cpt-plz\\\/\",\"url\":\"https:\\\/\\\/tiketi.com\\\/fr-fr\\\/flights-cape-town-port-elizabeth-cpt-plz\\\/\",\"name\":\"Air taxi from Cape Town to Port Elizabeth - Cheap Flights\",\"isPartOf\":{\"@id\":\"https:\\\/\\\/tiketi.com\\\/#website\"},\"primaryImageOfPage\":{\"@id\":\"https:\\\/\\\/tiketi.com\\\/fr-fr\\\/flights-cape-town-port-elizabeth-cpt-plz\\\/#primaryimage\"},\"image\":{\"@id\":\"https:\\\/\\\/tiketi.com\\\/fr-fr\\\/flights-cape-town-port-elizabeth-cpt-plz\\\/#primaryimage\"},\"thumbnailUrl\":\"https:\\\/\\\/tiketi.com\\\/wp-content\\\/uploads\\\/2022\\\/02\\\/cape-town-5293565_1200.jpg\",\"datePublished\":\"2022-01-19T11:55:13+00:00\",\"dateModified\":\"2022-02-03T12:50:53+00:00\",\"description\":\"Looking for cheap air taxi from Cape Town to Port Elizabeth app? Compare and book cheap flights from Cape Town to Port Elizabeth online\",\"breadcrumb\":{\"@id\":\"https:\\\/\\\/tiketi.com\\\/fr-fr\\\/flights-cape-town-port-elizabeth-cpt-plz\\\/#breadcrumb\"},\"inLanguage\":\"fr-FR\",\"potentialAction\":[{\"@type\":\"ReadAction\",\"target\":[\"https:\\\/\\\/tiketi.com\\\/fr-fr\\\/flights-cape-town-port-elizabeth-cpt-plz\\\/\"]}]},{\"@type\":\"ImageObject\",\"inLanguage\":\"fr-FR\",\"@id\":\"https:\\\/\\\/tiketi.com\\\/fr-fr\\\/flights-cape-town-port-elizabeth-cpt-plz\\\/#primaryimage\",\"url\":\"https:\\\/\\\/tiketi.com\\\/wp-content\\\/uploads\\\/2022\\\/02\\\/cape-town-5293565_1200.jpg\",\"contentUrl\":\"https:\\\/\\\/tiketi.com\\\/wp-content\\\/uploads\\\/2022\\\/02\\\/cape-town-5293565_1200.jpg\",\"width\":1280,\"height\":222,\"caption\":\"Air Taxi in Cape Town\"},{\"@type\":\"BreadcrumbList\",\"@id\":\"https:\\\/\\\/tiketi.com\\\/fr-fr\\\/flights-cape-town-port-elizabeth-cpt-plz\\\/#breadcrumb\",\"itemListElement\":[{\"@type\":\"ListItem\",\"position\":1,\"name\":\"Home\",\"item\":\"https:\\\/\\\/tiketi.com\\\/\"},{\"@type\":\"ListItem\",\"position\":2,\"name\":\"Air Taxi from Cape Town to Port Elizabeth &#8211; Cheap Flights\"}]},{\"@type\":\"WebSite\",\"@id\":\"https:\\\/\\\/tiketi.com\\\/#website\",\"url\":\"https:\\\/\\\/tiketi.com\\\/\",\"name\":\"Flight & Bus Tickets, Tour Packages & Activitites - Tiketi.com\",\"description\":\"Flight &amp; Bus Tickets, Tours, Activitites\",\"publisher\":{\"@id\":\"https:\\\/\\\/tiketi.com\\\/#organization\"},\"potentialAction\":[{\"@type\":\"SearchAction\",\"target\":{\"@type\":\"EntryPoint\",\"urlTemplate\":\"https:\\\/\\\/tiketi.com\\\/?s={search_term_string}\"},\"query-input\":{\"@type\":\"PropertyValueSpecification\",\"valueRequired\":true,\"valueName\":\"search_term_string\"}}],\"inLanguage\":\"fr-FR\"},{\"@type\":\"Organization\",\"@id\":\"https:\\\/\\\/tiketi.com\\\/#organization\",\"name\":\"Tiketi.com\",\"alternateName\":\"Tiketi\",\"url\":\"https:\\\/\\\/tiketi.com\\\/\",\"logo\":{\"@type\":\"ImageObject\",\"inLanguage\":\"fr-FR\",\"@id\":\"https:\\\/\\\/tiketi.com\\\/#\\\/schema\\\/logo\\\/image\\\/\",\"url\":\"https:\\\/\\\/tiketi.com\\\/wp-content\\\/uploads\\\/2019\\\/05\\\/tiketi-logo-696.png\",\"contentUrl\":\"https:\\\/\\\/tiketi.com\\\/wp-content\\\/uploads\\\/2019\\\/05\\\/tiketi-logo-696.png\",\"width\":696,\"height\":696,\"caption\":\"Tiketi.com\"},\"image\":{\"@id\":\"https:\\\/\\\/tiketi.com\\\/#\\\/schema\\\/logo\\\/image\\\/\"},\"sameAs\":[\"https:\\\/\\\/www.facebook.com\\\/TiketiCom\\\/\"]}]}<\/script>\n<!-- \/ Yoast SEO plugin. -->","yoast_head_json":{"title":"Taxi a\u00e9rien de Cape Town \u00e0 Port Elizabeth - Vols pas chers","description":"Vous recherchez une application de taxi a\u00e9rien pas cher du Cap \u00e0 Port Elizabeth? Comparez et r\u00e9servez en ligne des vols pas chers de Le Cap \u00e0 Port Elizabeth","robots":{"index":"index","follow":"follow","max-snippet":"max-snippet:-1","max-image-preview":"max-image-preview:large","max-video-preview":"max-video-preview:-1"},"canonical":"https:\/\/tiketi.com\/fr-fr\/flights-cape-town-port-elizabeth-cpt-plz\/","og_locale":"fr_FR","og_type":"article","og_title":"Air taxi from Cape Town to Port Elizabeth - Cheap Flights","og_description":"Looking for cheap air taxi from Cape Town to Port Elizabeth app? Compare and book cheap flights from Cape Town to Port Elizabeth online","og_url":"https:\/\/tiketi.com\/fr-fr\/flights-cape-town-port-elizabeth-cpt-plz\/","og_site_name":"Tiketi.com","article_publisher":"https:\/\/www.facebook.com\/TiketiCom\/","article_modified_time":"2022-02-03T12:50:53+00:00","og_image":[{"width":1280,"height":222,"url":"https:\/\/tiketi.com\/wp-content\/uploads\/2022\/02\/cape-town-5293565_1200.jpg","type":"image\/jpeg"}],"twitter_card":"summary_large_image","twitter_misc":{"Dur\u00e9e de lecture estim\u00e9e":"3 minutes"},"schema":{"@context":"https:\/\/schema.org","@graph":[{"@type":"WebPage","@id":"https:\/\/tiketi.com\/fr-fr\/flights-cape-town-port-elizabeth-cpt-plz\/","url":"https:\/\/tiketi.com\/fr-fr\/flights-cape-town-port-elizabeth-cpt-plz\/","name":"Taxi a\u00e9rien de Cape Town \u00e0 Port Elizabeth - Vols pas chers","isPartOf":{"@id":"https:\/\/tiketi.com\/#website"},"primaryImageOfPage":{"@id":"https:\/\/tiketi.com\/fr-fr\/flights-cape-town-port-elizabeth-cpt-plz\/#primaryimage"},"image":{"@id":"https:\/\/tiketi.com\/fr-fr\/flights-cape-town-port-elizabeth-cpt-plz\/#primaryimage"},"thumbnailUrl":"https:\/\/tiketi.com\/wp-content\/uploads\/2022\/02\/cape-town-5293565_1200.jpg","datePublished":"2022-01-19T11:55:13+00:00","dateModified":"2022-02-03T12:50:53+00:00","description":"Vous recherchez une application de taxi a\u00e9rien pas cher du Cap \u00e0 Port Elizabeth? Comparez et r\u00e9servez en ligne des vols pas chers de Le Cap \u00e0 Port Elizabeth","breadcrumb":{"@id":"https:\/\/tiketi.com\/fr-fr\/flights-cape-town-port-elizabeth-cpt-plz\/#breadcrumb"},"inLanguage":"fr-FR","potentialAction":[{"@type":"ReadAction","target":["https:\/\/tiketi.com\/fr-fr\/flights-cape-town-port-elizabeth-cpt-plz\/"]}]},{"@type":"ImageObject","inLanguage":"fr-FR","@id":"https:\/\/tiketi.com\/fr-fr\/flights-cape-town-port-elizabeth-cpt-plz\/#primaryimage","url":"https:\/\/tiketi.com\/wp-content\/uploads\/2022\/02\/cape-town-5293565_1200.jpg","contentUrl":"https:\/\/tiketi.com\/wp-content\/uploads\/2022\/02\/cape-town-5293565_1200.jpg","width":1280,"height":222,"caption":"Air Taxi in Cape Town"},{"@type":"BreadcrumbList","@id":"https:\/\/tiketi.com\/fr-fr\/flights-cape-town-port-elizabeth-cpt-plz\/#breadcrumb","itemListElement":[{"@type":"ListItem","position":1,"name":"Home","item":"https:\/\/tiketi.com\/"},{"@type":"ListItem","position":2,"name":"Air Taxi from Cape Town to Port Elizabeth &#8211; Cheap Flights"}]},{"@type":"WebSite","@id":"https:\/\/tiketi.com\/#website","url":"https:\/\/tiketi.com\/","name":"Billets d&#039;avion et de bus, forfaits touristiques et activit\u00e9s - Tiketi.com","description":"Billets d&#039;avion et de bus, Tours, Activit\u00e9s","publisher":{"@id":"https:\/\/tiketi.com\/#organization"},"potentialAction":[{"@type":"SearchAction","target":{"@type":"EntryPoint","urlTemplate":"https:\/\/tiketi.com\/?s={search_term_string}"},"query-input":{"@type":"PropertyValueSpecification","valueRequired":true,"valueName":"search_term_string"}}],"inLanguage":"fr-FR"},{"@type":"Organization","@id":"https:\/\/tiketi.com\/#organization","name":"Tiketi.com","alternateName":"Tiketi","url":"https:\/\/tiketi.com\/","logo":{"@type":"ImageObject","inLanguage":"fr-FR","@id":"https:\/\/tiketi.com\/#\/schema\/logo\/image\/","url":"https:\/\/tiketi.com\/wp-content\/uploads\/2019\/05\/tiketi-logo-696.png","contentUrl":"https:\/\/tiketi.com\/wp-content\/uploads\/2019\/05\/tiketi-logo-696.png","width":696,"height":696,"caption":"Tiketi.com"},"image":{"@id":"https:\/\/tiketi.com\/#\/schema\/logo\/image\/"},"sameAs":["https:\/\/www.facebook.com\/TiketiCom\/"]}]}},"_links":{"self":[{"href":"https:\/\/tiketi.com\/fr-fr\/wp-json\/wp\/v2\/pages\/11797","targetHints":{"allow":["GET"]}}],"collection":[{"href":"https:\/\/tiketi.com\/fr-fr\/wp-json\/wp\/v2\/pages"}],"about":[{"href":"https:\/\/tiketi.com\/fr-fr\/wp-json\/wp\/v2\/types\/page"}],"author":[{"embeddable":true,"href":"https:\/\/tiketi.com\/fr-fr\/wp-json\/wp\/v2\/users\/1"}],"replies":[{"embeddable":true,"href":"https:\/\/tiketi.com\/fr-fr\/wp-json\/wp\/v2\/comments?post=11797"}],"version-history":[{"count":0,"href":"https:\/\/tiketi.com\/fr-fr\/wp-json\/wp\/v2\/pages\/11797\/revisions"}],"wp:featuredmedia":[{"embeddable":true,"href":"https:\/\/tiketi.com\/fr-fr\/wp-json\/wp\/v2\/media\/16150"}],"wp:attachment":[{"href":"https:\/\/tiketi.com\/fr-fr\/wp-json\/wp\/v2\/media?parent=11797"}],"curies":[{"name":"wp","href":"https:\/\/api.w.org\/{rel}","templated":true}]}}