{"id":11799,"date":"2022-01-19T12:55:13","date_gmt":"2022-01-19T11:55:13","guid":{"rendered":"https:\/\/new.tiketi.com\/cheap-flights-from-iringa-to-dar-es-salaam\/"},"modified":"2022-02-08T12:47:58","modified_gmt":"2022-02-08T11:47:58","slug":"flights-iringa-dar-es-salaam-iri-dar","status":"publish","type":"page","link":"https:\/\/tiketi.com\/fr-fr\/flights-iringa-dar-es-salaam-iri-dar\/","title":{"rendered":"Vols \u00e0 bas prix de Iringa \u00e0 Dar es Salam"},"content":{"rendered":"<h2>Vous recherchez un billet d&#039;avion pas cher Iringa vers Dar es Salam ou des offres de derni\u00e8re minute ?<\/h2>\n<h3>Cherchez, comparez et r\u00e9servez en ligne maintenant un billet d&#039;avion pas cher entre Iringa (IRI) et Dar es Salam (DAR).<\/h3>\n<p>R\u00e9servez des vols pas chers de Iringa \u00e0 Dar es Salam en ligne avec Tiketi.com pour les meilleures offres. Le pass\u00e9 de Dar es Salaam a laiss\u00e9 une marque remarquable sur sa cuisine, son architecture et sa composition ethnique - il y a des saveurs asiatiques, une influence arabe ind\u00e9niable et des vestiges de l&#039;Occident colonial. En effet, la ville \u00e9tait autrefois une plaque tournante vitale pour la traite des esclaves, et les visiteurs peuvent en apprendre davantage sur l&#039;histoire de la ville au Mus\u00e9e national. Vous devriez visiter Arusha gr\u00e2ce \u00e0 des offres exceptionnelles sur les billets d&#039;avion d&#039;Iringa \u00e0 Dar es Salaam avec des offres exceptionnelles sur la r\u00e9servation de billets en ligne de vols Iringa \u00e0 Dar es Salaam.<\/p>\n<h2>FAQ sur les vols \u00e0 bas prix de Iringa \u00e0 Dar es Salam<\/h2>\n<h3>Quelle est la distance entre les vols de Iringa \u00e0 Dar es Salam ?<\/h3>\n<p>La distance entre Iringa et Dar es Salam est de 243 miles.<\/p>\n<h3>Quelle est la dur\u00e9e moyenne d&#039;un vol Iringa-Dar es Salam ?<\/h3>\n<p>La distance de vol moyenne entre Iringa et Dar es Salaam est de 400 km, le trajet est parcouru en 1 h 30 min. la route se dirige assez au nord de l&#039;est, au-dessus de la pointe du parc national de la montagne Uzungwa, puis \u00e0 travers le riche parc national de Mikumi avec sa zone centrale des montagnes Uluguru.<\/p>\n<h3>Quel est le nombre de vols Iringa-Dar es Salam en moyenne par jour ?<\/h3>\n<p>Avec un minimum de deux vols quotidiens le matin certains jours de vols Iringa \u00e0 Dar es Salaam, il n&#039;y a que quelques choix programm\u00e9s pour les visiteurs souhaitant voler d&#039;Iringa dans les hautes terres du sud \u00e0 la capitale commerciale de Dar es Salaam sur la c\u00f4te de l&#039;oc\u00e9an Indien.<\/p>\n<h3>Quelle compagnie a\u00e9rienne propose des billets d&#039;avion pas chers de Iringa \u00e0 Dar es Salam ?<\/h3>\n<p>Voici des billets d&#039;avion bon march\u00e9 r\u00e9guliers d&#039;Iringa \u00e0 Dar es Salaam d&#039;Auric Air volent tous les jours.<\/p>\n<h2>Conseils sur les vols Iringa - Dar es Salam<\/h2>\n<p>Voici quelques-unes des meilleures attractions :<\/p>\n<h3>Parc national des monts Udzungwa<\/h3>\n<p>Pour les aventuriers et les audacieux, ce parc national offre une vue magnifique et des guides locaux sympathiques pour montrer la voie. Situ\u00e9 \u00e0 5 heures au nord de Dar es Salaam, ce parc constitue un incroyable week-end de randonn\u00e9e et d&#039;exploration de la charmante nature sauvage tanzanienne.<\/p>\n<h3>Mus\u00e9e Villageois<\/h3>\n<p>Cr\u00e9\u00e9 en 1996, ce mus\u00e9e pr\u00e9sente plus d&#039;une douzaine de types diff\u00e9rents de huttes traditionnelles tanzaniennes. Le mus\u00e9e est interactif car vous pouvez entrer et d\u00e9couvrir les cabanes, et il y a aussi des spectacles de musique et de danse accessibles moyennant un suppl\u00e9ment. Situ\u00e9 \u00e0 environ 10 km au nord du centre-ville, c&#039;est le meilleur endroit o\u00f9 aller pour en savoir plus sur les traditions et les coutumes rurales de la Tanzanie.<\/p>\n<h3>March\u00e9 des sculpteurs sur bois de Mwenge<\/h3>\n<p>Un endroit remarquable pour acheter des souvenirs, ce parc abrite des dizaines d&#039;\u00e9tals en plein air vendant une large gamme de produits, mais il est surtout c\u00e9l\u00e8bre pour ses sculptures sur bois et ses sculptures. Assurez-vous de jeter un coup d&#039;\u0153il avant d&#039;acheter afin de conna\u00eetre vos choix et de ne pas avoir peur de n\u00e9gocier.<\/p>","protected":false},"excerpt":{"rendered":"<p>Looking for cheap airline ticket from Iringa to Dar es Salaam\u00a0or last minute deals? Search, compare and book cheap airline ticket from Iringa (IRI) to Dar es Salaam (DAR) online now. Book cheap flights from Iringa to Dar es Salaam online with Tiketi.com for the best deals. Dar es Salaam past has left a remarkable [&hellip;]<\/p>\n","protected":false},"author":1,"featured_media":0,"parent":0,"menu_order":0,"comment_status":"open","ping_status":"closed","template":"template-home-modern.php","meta":{"footnotes":""},"class_list":["post-11799","page","type-page","status-publish","has-post-thumbnail","hentry"],"yoast_head":"<!-- This site is optimized with the Yoast SEO plugin v27.3 - https:\/\/yoast.com\/product\/yoast-seo-wordpress\/ -->\n<title>Cheap Flights from Iringa to Dar es Salaam<\/title>\n<meta name=\"description\" content=\"Looking for cheap flights from\u00a0Iringa to Dar es Salaam? Search, compare and book cheap airline ticket from Iringa to Dar es Salaam online\" \/>\n<meta name=\"robots\" content=\"index, follow, max-snippet:-1, max-image-preview:large, max-video-preview:-1\" \/>\n<link rel=\"canonical\" href=\"https:\/\/tiketi.com\/fr-fr\/flights-iringa-dar-es-salaam-iri-dar\/\" \/>\n<meta property=\"og:locale\" content=\"fr_FR\" \/>\n<meta property=\"og:type\" content=\"article\" \/>\n<meta property=\"og:title\" content=\"Cheap Flights from Iringa to Dar es Salaam\" \/>\n<meta property=\"og:description\" content=\"Looking for cheap flights from\u00a0Iringa to Dar es Salaam? Search, compare and book cheap airline ticket from Iringa to Dar es Salaam online\" \/>\n<meta property=\"og:url\" content=\"https:\/\/tiketi.com\/fr-fr\/flights-iringa-dar-es-salaam-iri-dar\/\" \/>\n<meta property=\"og:site_name\" content=\"Tiketi.com\" \/>\n<meta property=\"article:publisher\" content=\"https:\/\/www.facebook.com\/TiketiCom\/\" \/>\n<meta property=\"article:modified_time\" content=\"2022-02-08T11:47:58+00:00\" \/>\n<meta name=\"twitter:card\" content=\"summary_large_image\" \/>\n<meta name=\"twitter:label1\" content=\"Dur\u00e9e de lecture estim\u00e9e\" \/>\n\t<meta name=\"twitter:data1\" content=\"3 minutes\" \/>\n<script type=\"application\/ld+json\" class=\"yoast-schema-graph\">{\"@context\":\"https:\\\/\\\/schema.org\",\"@graph\":[{\"@type\":\"WebPage\",\"@id\":\"https:\\\/\\\/tiketi.com\\\/sw\\\/flights-iringa-dar-es-salaam-iri-dar\\\/\",\"url\":\"https:\\\/\\\/tiketi.com\\\/sw\\\/flights-iringa-dar-es-salaam-iri-dar\\\/\",\"name\":\"Cheap Flights from Iringa to Dar es Salaam\",\"isPartOf\":{\"@id\":\"https:\\\/\\\/tiketi.com\\\/#website\"},\"datePublished\":\"2022-01-19T11:55:13+00:00\",\"dateModified\":\"2022-02-08T11:47:58+00:00\",\"description\":\"Looking for cheap flights from\u00a0Iringa to Dar es Salaam? Search, compare and book cheap airline ticket from Iringa to Dar es Salaam online\",\"breadcrumb\":{\"@id\":\"https:\\\/\\\/tiketi.com\\\/sw\\\/flights-iringa-dar-es-salaam-iri-dar\\\/#breadcrumb\"},\"inLanguage\":\"fr-FR\",\"potentialAction\":[{\"@type\":\"ReadAction\",\"target\":[\"https:\\\/\\\/tiketi.com\\\/sw\\\/flights-iringa-dar-es-salaam-iri-dar\\\/\"]}]},{\"@type\":\"BreadcrumbList\",\"@id\":\"https:\\\/\\\/tiketi.com\\\/sw\\\/flights-iringa-dar-es-salaam-iri-dar\\\/#breadcrumb\",\"itemListElement\":[{\"@type\":\"ListItem\",\"position\":1,\"name\":\"Home\",\"item\":\"https:\\\/\\\/tiketi.com\\\/\"},{\"@type\":\"ListItem\",\"position\":2,\"name\":\"Cheap Flights from Iringa to Dar es Salaam\"}]},{\"@type\":\"WebSite\",\"@id\":\"https:\\\/\\\/tiketi.com\\\/#website\",\"url\":\"https:\\\/\\\/tiketi.com\\\/\",\"name\":\"Flight & Bus Tickets, Tour Packages & Activitites - Tiketi.com\",\"description\":\"Flight &amp; Bus Tickets, Tours, Activitites\",\"publisher\":{\"@id\":\"https:\\\/\\\/tiketi.com\\\/#organization\"},\"potentialAction\":[{\"@type\":\"SearchAction\",\"target\":{\"@type\":\"EntryPoint\",\"urlTemplate\":\"https:\\\/\\\/tiketi.com\\\/?s={search_term_string}\"},\"query-input\":{\"@type\":\"PropertyValueSpecification\",\"valueRequired\":true,\"valueName\":\"search_term_string\"}}],\"inLanguage\":\"fr-FR\"},{\"@type\":\"Organization\",\"@id\":\"https:\\\/\\\/tiketi.com\\\/#organization\",\"name\":\"Tiketi.com\",\"alternateName\":\"Tiketi\",\"url\":\"https:\\\/\\\/tiketi.com\\\/\",\"logo\":{\"@type\":\"ImageObject\",\"inLanguage\":\"fr-FR\",\"@id\":\"https:\\\/\\\/tiketi.com\\\/#\\\/schema\\\/logo\\\/image\\\/\",\"url\":\"https:\\\/\\\/tiketi.com\\\/wp-content\\\/uploads\\\/2019\\\/05\\\/tiketi-logo-696.png\",\"contentUrl\":\"https:\\\/\\\/tiketi.com\\\/wp-content\\\/uploads\\\/2019\\\/05\\\/tiketi-logo-696.png\",\"width\":696,\"height\":696,\"caption\":\"Tiketi.com\"},\"image\":{\"@id\":\"https:\\\/\\\/tiketi.com\\\/#\\\/schema\\\/logo\\\/image\\\/\"},\"sameAs\":[\"https:\\\/\\\/www.facebook.com\\\/TiketiCom\\\/\"]}]}<\/script>\n<!-- \/ Yoast SEO plugin. -->","yoast_head_json":{"title":"Vols \u00e0 bas prix de Iringa \u00e0 Dar es Salam","description":"Vous recherchez des vols \u00e0 bas prix de Iringa vers Dar es Salam ? Recherchez, comparez et r\u00e9servez en ligne un billet d&#039;avion pas cher de Iringa \u00e0 Dar es Salam","robots":{"index":"index","follow":"follow","max-snippet":"max-snippet:-1","max-image-preview":"max-image-preview:large","max-video-preview":"max-video-preview:-1"},"canonical":"https:\/\/tiketi.com\/fr-fr\/flights-iringa-dar-es-salaam-iri-dar\/","og_locale":"fr_FR","og_type":"article","og_title":"Cheap Flights from Iringa to Dar es Salaam","og_description":"Looking for cheap flights from\u00a0Iringa to Dar es Salaam? Search, compare and book cheap airline ticket from Iringa to Dar es Salaam online","og_url":"https:\/\/tiketi.com\/fr-fr\/flights-iringa-dar-es-salaam-iri-dar\/","og_site_name":"Tiketi.com","article_publisher":"https:\/\/www.facebook.com\/TiketiCom\/","article_modified_time":"2022-02-08T11:47:58+00:00","twitter_card":"summary_large_image","twitter_misc":{"Dur\u00e9e de lecture estim\u00e9e":"3 minutes"},"schema":{"@context":"https:\/\/schema.org","@graph":[{"@type":"WebPage","@id":"https:\/\/tiketi.com\/sw\/flights-iringa-dar-es-salaam-iri-dar\/","url":"https:\/\/tiketi.com\/sw\/flights-iringa-dar-es-salaam-iri-dar\/","name":"Vols \u00e0 bas prix de Iringa \u00e0 Dar es Salam","isPartOf":{"@id":"https:\/\/tiketi.com\/#website"},"datePublished":"2022-01-19T11:55:13+00:00","dateModified":"2022-02-08T11:47:58+00:00","description":"Vous recherchez des vols \u00e0 bas prix de Iringa vers Dar es Salam ? Recherchez, comparez et r\u00e9servez en ligne un billet d&#039;avion pas cher de Iringa \u00e0 Dar es Salam","breadcrumb":{"@id":"https:\/\/tiketi.com\/sw\/flights-iringa-dar-es-salaam-iri-dar\/#breadcrumb"},"inLanguage":"fr-FR","potentialAction":[{"@type":"ReadAction","target":["https:\/\/tiketi.com\/sw\/flights-iringa-dar-es-salaam-iri-dar\/"]}]},{"@type":"BreadcrumbList","@id":"https:\/\/tiketi.com\/sw\/flights-iringa-dar-es-salaam-iri-dar\/#breadcrumb","itemListElement":[{"@type":"ListItem","position":1,"name":"Home","item":"https:\/\/tiketi.com\/"},{"@type":"ListItem","position":2,"name":"Cheap Flights from Iringa to Dar es Salaam"}]},{"@type":"WebSite","@id":"https:\/\/tiketi.com\/#website","url":"https:\/\/tiketi.com\/","name":"Billets d&#039;avion et de bus, forfaits touristiques et activit\u00e9s - Tiketi.com","description":"Billets d&#039;avion et de bus, Tours, Activit\u00e9s","publisher":{"@id":"https:\/\/tiketi.com\/#organization"},"potentialAction":[{"@type":"SearchAction","target":{"@type":"EntryPoint","urlTemplate":"https:\/\/tiketi.com\/?s={search_term_string}"},"query-input":{"@type":"PropertyValueSpecification","valueRequired":true,"valueName":"search_term_string"}}],"inLanguage":"fr-FR"},{"@type":"Organization","@id":"https:\/\/tiketi.com\/#organization","name":"Tiketi.com","alternateName":"Tiketi","url":"https:\/\/tiketi.com\/","logo":{"@type":"ImageObject","inLanguage":"fr-FR","@id":"https:\/\/tiketi.com\/#\/schema\/logo\/image\/","url":"https:\/\/tiketi.com\/wp-content\/uploads\/2019\/05\/tiketi-logo-696.png","contentUrl":"https:\/\/tiketi.com\/wp-content\/uploads\/2019\/05\/tiketi-logo-696.png","width":696,"height":696,"caption":"Tiketi.com"},"image":{"@id":"https:\/\/tiketi.com\/#\/schema\/logo\/image\/"},"sameAs":["https:\/\/www.facebook.com\/TiketiCom\/"]}]}},"_links":{"self":[{"href":"https:\/\/tiketi.com\/fr-fr\/wp-json\/wp\/v2\/pages\/11799","targetHints":{"allow":["GET"]}}],"collection":[{"href":"https:\/\/tiketi.com\/fr-fr\/wp-json\/wp\/v2\/pages"}],"about":[{"href":"https:\/\/tiketi.com\/fr-fr\/wp-json\/wp\/v2\/types\/page"}],"author":[{"embeddable":true,"href":"https:\/\/tiketi.com\/fr-fr\/wp-json\/wp\/v2\/users\/1"}],"replies":[{"embeddable":true,"href":"https:\/\/tiketi.com\/fr-fr\/wp-json\/wp\/v2\/comments?post=11799"}],"version-history":[{"count":0,"href":"https:\/\/tiketi.com\/fr-fr\/wp-json\/wp\/v2\/pages\/11799\/revisions"}],"wp:attachment":[{"href":"https:\/\/tiketi.com\/fr-fr\/wp-json\/wp\/v2\/media?parent=11799"}],"curies":[{"name":"wp","href":"https:\/\/api.w.org\/{rel}","templated":true}]}}