{"id":11800,"date":"2022-01-19T12:55:13","date_gmt":"2022-01-19T11:55:13","guid":{"rendered":"https:\/\/new.tiketi.com\/cheap-flights-from-eldoret-to-nairobi-international\/"},"modified":"2022-02-08T11:36:03","modified_gmt":"2022-02-08T10:36:03","slug":"flights-eldoret-nairobi-edl-nbo","status":"publish","type":"page","link":"https:\/\/tiketi.com\/fr-fr\/flights-eldoret-nairobi-edl-nbo\/","title":{"rendered":"Vols \u00e0 bas prix de Eldoret \u00e0 Nairobi International"},"content":{"rendered":"<h2>Vous recherchez un billet d&#039;avion pas cher Eldoret vers Nairobi International ou des offres de derni\u00e8re minute ?<\/h2>\n<h3>Recherchez, comparez et r\u00e9servez en ligne maintenant un billet d&#039;avion pas cher entre Eldoret (EDL) et Nairobi (NBO).<\/h3>\n<p>R\u00e9servez des vols pas chers de Eldoret \u00e0 Nairobi International en ligne avec Tiketi.com pour les meilleures offres. Le tourisme au Kenya est la deuxi\u00e8me plus grande source de revenus en devises, apr\u00e8s l&#039;agriculture au Kenya et est donc vital dans le pays. Nairobi \u00e9tant la capitale du Kenya, c&#039;est aussi la seule capitale au monde avec un parc national. Outre le parc national de Nairobi, la ville de Nairobi a plusieurs attractions touristiques \u00e0 offrir. Visitez Londres gr\u00e2ce \u00e0 des offres exceptionnelles sur les billets d&#039;avion de Eldoret \u00e0 Nairobi International et volez Eldoret vers Nairobi \u00e0 bas prix.<\/p>\n<h2>Voici quelques-unes des meilleures attractions de Nairobi<\/h2>\n<h3>Village Mamba au Kenya<\/h3>\n<p>Le village de Mamba au Kenya est situ\u00e9 \u00e0 Karen le long de Ngong Road \u00e0 Nairobi. Mamba Village \u00e0 Nairobi abrite une ferme de crocodiles dans laquelle les clients sont invit\u00e9s \u00e0 venir voir des crocodiles et si vous avez de la chance, vous pouvez les trouver en train de se nourrir pendant l&#039;heure du repas.<\/p>\n<h3>Mus\u00e9e et archives \u00e0 Nairobi<\/h3>\n<p>Il existe de nombreux mus\u00e9es \u00e0 Nairobi avec des artefacts diff\u00e9rents et vari\u00e9s qui ne sont qu&#039;\u00e9ducatifs mais \u00e9tonnants pour les yeux. Le mus\u00e9e de Nairobi contient: le mus\u00e9e national de Nairobi, le mus\u00e9e Karen Blixen et le mus\u00e9e du chemin de fer de Nairobi.<\/p>\n<h3>Bomas du Kenya \u00e0 Nairobi<\/h3>\n<p>Le Bomas du Kenya est un centre culturel de la ville qui pr\u00e9sente les diff\u00e9rentes cultures du peuple kenyan. Il se compose d&#039;expositions Homestead de communaut\u00e9s kenyanes c\u00e9l\u00e8bres comme boma, d&#039;o\u00f9 le nom de bomas du Kenya. Bomas of Kenya contient \u00e9galement des artistes r\u00e9sidents qui font de la danse traditionnelle et des chansons tir\u00e9es de diff\u00e9rents groupes du Kenya tels que les maasa.<\/p>\n<h2>FAQ sur les vols pas chers Eldoret - Nairobi<\/h2>\n<h3>Quelle est la distance entre Nairobi et Eldoret ?<\/h3>\n<p>La distance des vols pas chers de Eldoret \u00e0 nairobi est de 259 kilom\u00e8tres.<\/p>\n<h3>Combien de temps dure le vol Eldoret-Nairobi ?<\/h3>\n<p>La dur\u00e9e moyenne d&#039;un vol entre Eldoret et Nairobi est de cinquante et une minutes.<\/p>\n<h3>Quelle est la fr\u00e9quence des vols directs Eldoret-Nairobi ?<\/h3>\n<p>Il y a 68 vols Eldoret - Nairobi directs.<\/p>\n<h3>Quelles sont les compagnies a\u00e9riennes Eldoret les plus c\u00e9l\u00e8bres pour les vols Eldoret - Nairobi ?<\/h3>\n<p>Five Fourty Aviation propose trente-trois pour cent des vols sans escale entre Nairobi et Eldoret.<\/p>\n<h3>Quel est le meilleur moment pour r\u00e9server un billet d&#039;avion pas cher de Eldoret vers Nairobii ?<\/h3>\n<p>G\u00e9n\u00e9ralement, le meilleur moment pour r\u00e9server un vol Eldoret Nairobi est 2 mois \u00e0 l&#039;avance. Et les jours les moins chers pour voler sont le mercredi, le mardi et le samedi. Le dimanche est le plus cher.<\/p>\n<h2>Conseils sur les vols de Eldoret \u00e0 Nairobi<\/h2>\n<p>\u2022 La distance de vol entre Eldoret et Nairobi est de 265 km.<\/p>\n<p>\u2022 Trois compagnies a\u00e9riennes proposent des vols directs d&#039;Eldoret \u00e0 Nairobi.<\/p>\n<p>\u2022 La compagnie a\u00e9rienne la plus c\u00e9l\u00e8bre volant d&#039;Eldoret \u00e0 Nairobi est Fly540.<\/p>\n<p>\u2022 Le temps de vol le plus rapide pour les vols directs d&#039;Eldoret \u00e0 Nairobi est de quarante-cinq minutes. Le temps de vol moyen est de quarante-neuf minutes.<\/p>","protected":false},"excerpt":{"rendered":"<p>Looking for cheap airline ticket from Eldoret to Nairobi International\u00a0or last minute deals? Search, compare and book cheap airline ticket from Eldoret (EDL) to Nairobi (NBO) online now. Book cheap flights from Eldoret to Nairobi International online with Tiketi.com for the best deals. Tourism in Kenya is the second biggest source of foreign exchange revenue, [&hellip;]<\/p>\n","protected":false},"author":1,"featured_media":17853,"parent":0,"menu_order":0,"comment_status":"open","ping_status":"closed","template":"template-home-modern.php","meta":{"footnotes":""},"class_list":["post-11800","page","type-page","status-publish","has-post-thumbnail","hentry"],"yoast_head":"<!-- This site is optimized with the Yoast SEO plugin v27.3 - https:\/\/yoast.com\/product\/yoast-seo-wordpress\/ -->\n<title>Cheap Flights from Eldoret to Nairobi International<\/title>\n<meta name=\"description\" content=\"Looking for cheap flights from\u00a0Eldoret to Nairobi International? Search, compare and book cheap airline ticket from Eldoret to Nairobi online\" \/>\n<meta name=\"robots\" content=\"index, follow, max-snippet:-1, max-image-preview:large, max-video-preview:-1\" \/>\n<link rel=\"canonical\" href=\"https:\/\/tiketi.com\/fr-fr\/flights-eldoret-nairobi-edl-nbo\/\" \/>\n<meta property=\"og:locale\" content=\"fr_FR\" \/>\n<meta property=\"og:type\" content=\"article\" \/>\n<meta property=\"og:title\" content=\"Cheap Flights from Eldoret to Nairobi International\" \/>\n<meta property=\"og:description\" content=\"Looking for cheap flights from\u00a0Eldoret to Nairobi International? Search, compare and book cheap airline ticket from Eldoret to Nairobi online\" \/>\n<meta property=\"og:url\" content=\"https:\/\/tiketi.com\/fr-fr\/flights-eldoret-nairobi-edl-nbo\/\" \/>\n<meta property=\"og:site_name\" content=\"Tiketi.com\" \/>\n<meta property=\"article:publisher\" content=\"https:\/\/www.facebook.com\/TiketiCom\/\" \/>\n<meta property=\"article:modified_time\" content=\"2022-02-08T10:36:03+00:00\" \/>\n<meta property=\"og:image\" content=\"https:\/\/tiketi.com\/wp-content\/uploads\/2019\/05\/nairobi-city-3143632_1280.jpg\" \/>\n\t<meta property=\"og:image:width\" content=\"1200\" \/>\n\t<meta property=\"og:image:height\" content=\"202\" \/>\n\t<meta property=\"og:image:type\" content=\"image\/jpeg\" \/>\n<meta name=\"twitter:card\" content=\"summary_large_image\" \/>\n<meta name=\"twitter:label1\" content=\"Dur\u00e9e de lecture estim\u00e9e\" \/>\n\t<meta name=\"twitter:data1\" content=\"3 minutes\" \/>\n<script type=\"application\/ld+json\" class=\"yoast-schema-graph\">{\"@context\":\"https:\\\/\\\/schema.org\",\"@graph\":[{\"@type\":\"WebPage\",\"@id\":\"https:\\\/\\\/tiketi.com\\\/flights-eldoret-nairobi-edl-nbo\\\/\",\"url\":\"https:\\\/\\\/tiketi.com\\\/flights-eldoret-nairobi-edl-nbo\\\/\",\"name\":\"Cheap Flights from Eldoret to Nairobi International\",\"isPartOf\":{\"@id\":\"https:\\\/\\\/tiketi.com\\\/#website\"},\"primaryImageOfPage\":{\"@id\":\"https:\\\/\\\/tiketi.com\\\/flights-eldoret-nairobi-edl-nbo\\\/#primaryimage\"},\"image\":{\"@id\":\"https:\\\/\\\/tiketi.com\\\/flights-eldoret-nairobi-edl-nbo\\\/#primaryimage\"},\"thumbnailUrl\":\"https:\\\/\\\/tiketi.com\\\/wp-content\\\/uploads\\\/2019\\\/05\\\/nairobi-city-3143632_1280.jpg\",\"datePublished\":\"2022-01-19T11:55:13+00:00\",\"dateModified\":\"2022-02-08T10:36:03+00:00\",\"description\":\"Looking for cheap flights from\u00a0Eldoret to Nairobi International? Search, compare and book cheap airline ticket from Eldoret to Nairobi online\",\"breadcrumb\":{\"@id\":\"https:\\\/\\\/tiketi.com\\\/flights-eldoret-nairobi-edl-nbo\\\/#breadcrumb\"},\"inLanguage\":\"fr-FR\",\"potentialAction\":[{\"@type\":\"ReadAction\",\"target\":[\"https:\\\/\\\/tiketi.com\\\/flights-eldoret-nairobi-edl-nbo\\\/\"]}]},{\"@type\":\"ImageObject\",\"inLanguage\":\"fr-FR\",\"@id\":\"https:\\\/\\\/tiketi.com\\\/flights-eldoret-nairobi-edl-nbo\\\/#primaryimage\",\"url\":\"https:\\\/\\\/tiketi.com\\\/wp-content\\\/uploads\\\/2019\\\/05\\\/nairobi-city-3143632_1280.jpg\",\"contentUrl\":\"https:\\\/\\\/tiketi.com\\\/wp-content\\\/uploads\\\/2019\\\/05\\\/nairobi-city-3143632_1280.jpg\",\"width\":1200,\"height\":202,\"caption\":\"Air Taxi in Nairobi\"},{\"@type\":\"BreadcrumbList\",\"@id\":\"https:\\\/\\\/tiketi.com\\\/flights-eldoret-nairobi-edl-nbo\\\/#breadcrumb\",\"itemListElement\":[{\"@type\":\"ListItem\",\"position\":1,\"name\":\"Home\",\"item\":\"https:\\\/\\\/tiketi.com\\\/\"},{\"@type\":\"ListItem\",\"position\":2,\"name\":\"Cheap Flights from Eldoret to Nairobi International\"}]},{\"@type\":\"WebSite\",\"@id\":\"https:\\\/\\\/tiketi.com\\\/#website\",\"url\":\"https:\\\/\\\/tiketi.com\\\/\",\"name\":\"Flight & Bus Tickets, Tour Packages & Activitites - Tiketi.com\",\"description\":\"Flight &amp; Bus Tickets, Tours, Activitites\",\"publisher\":{\"@id\":\"https:\\\/\\\/tiketi.com\\\/#organization\"},\"potentialAction\":[{\"@type\":\"SearchAction\",\"target\":{\"@type\":\"EntryPoint\",\"urlTemplate\":\"https:\\\/\\\/tiketi.com\\\/?s={search_term_string}\"},\"query-input\":{\"@type\":\"PropertyValueSpecification\",\"valueRequired\":true,\"valueName\":\"search_term_string\"}}],\"inLanguage\":\"fr-FR\"},{\"@type\":\"Organization\",\"@id\":\"https:\\\/\\\/tiketi.com\\\/#organization\",\"name\":\"Tiketi.com\",\"alternateName\":\"Tiketi\",\"url\":\"https:\\\/\\\/tiketi.com\\\/\",\"logo\":{\"@type\":\"ImageObject\",\"inLanguage\":\"fr-FR\",\"@id\":\"https:\\\/\\\/tiketi.com\\\/#\\\/schema\\\/logo\\\/image\\\/\",\"url\":\"https:\\\/\\\/tiketi.com\\\/wp-content\\\/uploads\\\/2019\\\/05\\\/tiketi-logo-696.png\",\"contentUrl\":\"https:\\\/\\\/tiketi.com\\\/wp-content\\\/uploads\\\/2019\\\/05\\\/tiketi-logo-696.png\",\"width\":696,\"height\":696,\"caption\":\"Tiketi.com\"},\"image\":{\"@id\":\"https:\\\/\\\/tiketi.com\\\/#\\\/schema\\\/logo\\\/image\\\/\"},\"sameAs\":[\"https:\\\/\\\/www.facebook.com\\\/TiketiCom\\\/\"]}]}<\/script>\n<!-- \/ Yoast SEO plugin. -->","yoast_head_json":{"title":"Vols \u00e0 bas prix de Eldoret \u00e0 Nairobi International","description":"Vous recherchez des vols \u00e0 bas prix de Eldoret vers Nairobi International ? Recherchez, comparez et r\u00e9servez en ligne un billet d&#039;avion pas cher de Eldoret \u00e0 Nairobi","robots":{"index":"index","follow":"follow","max-snippet":"max-snippet:-1","max-image-preview":"max-image-preview:large","max-video-preview":"max-video-preview:-1"},"canonical":"https:\/\/tiketi.com\/fr-fr\/flights-eldoret-nairobi-edl-nbo\/","og_locale":"fr_FR","og_type":"article","og_title":"Cheap Flights from Eldoret to Nairobi International","og_description":"Looking for cheap flights from\u00a0Eldoret to Nairobi International? Search, compare and book cheap airline ticket from Eldoret to Nairobi online","og_url":"https:\/\/tiketi.com\/fr-fr\/flights-eldoret-nairobi-edl-nbo\/","og_site_name":"Tiketi.com","article_publisher":"https:\/\/www.facebook.com\/TiketiCom\/","article_modified_time":"2022-02-08T10:36:03+00:00","og_image":[{"width":1200,"height":202,"url":"https:\/\/tiketi.com\/wp-content\/uploads\/2019\/05\/nairobi-city-3143632_1280.jpg","type":"image\/jpeg"}],"twitter_card":"summary_large_image","twitter_misc":{"Dur\u00e9e de lecture estim\u00e9e":"3 minutes"},"schema":{"@context":"https:\/\/schema.org","@graph":[{"@type":"WebPage","@id":"https:\/\/tiketi.com\/flights-eldoret-nairobi-edl-nbo\/","url":"https:\/\/tiketi.com\/flights-eldoret-nairobi-edl-nbo\/","name":"Vols \u00e0 bas prix de Eldoret \u00e0 Nairobi International","isPartOf":{"@id":"https:\/\/tiketi.com\/#website"},"primaryImageOfPage":{"@id":"https:\/\/tiketi.com\/flights-eldoret-nairobi-edl-nbo\/#primaryimage"},"image":{"@id":"https:\/\/tiketi.com\/flights-eldoret-nairobi-edl-nbo\/#primaryimage"},"thumbnailUrl":"https:\/\/tiketi.com\/wp-content\/uploads\/2019\/05\/nairobi-city-3143632_1280.jpg","datePublished":"2022-01-19T11:55:13+00:00","dateModified":"2022-02-08T10:36:03+00:00","description":"Vous recherchez des vols \u00e0 bas prix de Eldoret vers Nairobi International ? Recherchez, comparez et r\u00e9servez en ligne un billet d&#039;avion pas cher de Eldoret \u00e0 Nairobi","breadcrumb":{"@id":"https:\/\/tiketi.com\/flights-eldoret-nairobi-edl-nbo\/#breadcrumb"},"inLanguage":"fr-FR","potentialAction":[{"@type":"ReadAction","target":["https:\/\/tiketi.com\/flights-eldoret-nairobi-edl-nbo\/"]}]},{"@type":"ImageObject","inLanguage":"fr-FR","@id":"https:\/\/tiketi.com\/flights-eldoret-nairobi-edl-nbo\/#primaryimage","url":"https:\/\/tiketi.com\/wp-content\/uploads\/2019\/05\/nairobi-city-3143632_1280.jpg","contentUrl":"https:\/\/tiketi.com\/wp-content\/uploads\/2019\/05\/nairobi-city-3143632_1280.jpg","width":1200,"height":202,"caption":"Air Taxi in Nairobi"},{"@type":"BreadcrumbList","@id":"https:\/\/tiketi.com\/flights-eldoret-nairobi-edl-nbo\/#breadcrumb","itemListElement":[{"@type":"ListItem","position":1,"name":"Home","item":"https:\/\/tiketi.com\/"},{"@type":"ListItem","position":2,"name":"Cheap Flights from Eldoret to Nairobi International"}]},{"@type":"WebSite","@id":"https:\/\/tiketi.com\/#website","url":"https:\/\/tiketi.com\/","name":"Billets d&#039;avion et de bus, forfaits touristiques et activit\u00e9s - Tiketi.com","description":"Billets d&#039;avion et de bus, Tours, Activit\u00e9s","publisher":{"@id":"https:\/\/tiketi.com\/#organization"},"potentialAction":[{"@type":"SearchAction","target":{"@type":"EntryPoint","urlTemplate":"https:\/\/tiketi.com\/?s={search_term_string}"},"query-input":{"@type":"PropertyValueSpecification","valueRequired":true,"valueName":"search_term_string"}}],"inLanguage":"fr-FR"},{"@type":"Organization","@id":"https:\/\/tiketi.com\/#organization","name":"Tiketi.com","alternateName":"Tiketi","url":"https:\/\/tiketi.com\/","logo":{"@type":"ImageObject","inLanguage":"fr-FR","@id":"https:\/\/tiketi.com\/#\/schema\/logo\/image\/","url":"https:\/\/tiketi.com\/wp-content\/uploads\/2019\/05\/tiketi-logo-696.png","contentUrl":"https:\/\/tiketi.com\/wp-content\/uploads\/2019\/05\/tiketi-logo-696.png","width":696,"height":696,"caption":"Tiketi.com"},"image":{"@id":"https:\/\/tiketi.com\/#\/schema\/logo\/image\/"},"sameAs":["https:\/\/www.facebook.com\/TiketiCom\/"]}]}},"_links":{"self":[{"href":"https:\/\/tiketi.com\/fr-fr\/wp-json\/wp\/v2\/pages\/11800","targetHints":{"allow":["GET"]}}],"collection":[{"href":"https:\/\/tiketi.com\/fr-fr\/wp-json\/wp\/v2\/pages"}],"about":[{"href":"https:\/\/tiketi.com\/fr-fr\/wp-json\/wp\/v2\/types\/page"}],"author":[{"embeddable":true,"href":"https:\/\/tiketi.com\/fr-fr\/wp-json\/wp\/v2\/users\/1"}],"replies":[{"embeddable":true,"href":"https:\/\/tiketi.com\/fr-fr\/wp-json\/wp\/v2\/comments?post=11800"}],"version-history":[{"count":0,"href":"https:\/\/tiketi.com\/fr-fr\/wp-json\/wp\/v2\/pages\/11800\/revisions"}],"wp:featuredmedia":[{"embeddable":true,"href":"https:\/\/tiketi.com\/fr-fr\/wp-json\/wp\/v2\/media\/17853"}],"wp:attachment":[{"href":"https:\/\/tiketi.com\/fr-fr\/wp-json\/wp\/v2\/media?parent=11800"}],"curies":[{"name":"wp","href":"https:\/\/api.w.org\/{rel}","templated":true}]}}