{"id":11802,"date":"2022-01-19T12:55:13","date_gmt":"2022-01-19T11:55:13","guid":{"rendered":"https:\/\/new.tiketi.com\/cheap-flights-from-dodoma-to-dar-es-salaam\/"},"modified":"2024-07-09T13:13:15","modified_gmt":"2024-07-09T12:13:15","slug":"dodoma-to-dar-es-salaam-dod-dar","status":"publish","type":"page","link":"https:\/\/tiketi.com\/fr-fr\/cheap-flights\/dodoma-to-dar-es-salaam-dod-dar\/","title":{"rendered":"Vols \u00e0 bas prix de Dodoma \u00e0 Dar es Salam"},"content":{"rendered":"<h2>Vous recherchez un billet d&#039;avion pas cher Dodoma vers Dar es Salam ou des offres de derni\u00e8re minute ?<\/h2>\n<h3>Cherchez, comparez et r\u00e9servez en ligne maintenant un billet d&#039;avion pas cher entre Dodoma (DOD) et Dar es Salam (DAR).<\/h3>\n<p>Recherchez des offres int\u00e9ressantes sur des vols \u00e0 bas prix de Dodoma \u00e0 Dar es Salam et \u00e9conomisez de l&#039;argent. En tant que plus grande ville de Tanzanie, Dar es Salaam est un endroit dynamique regorgeant de plages, de culture, de vie nocturne locale, de nourriture et plus encore. Donc, si vous vous retrouvez dans la ville pendant une courte p\u00e9riode, il peut \u00eatre extr\u00eamement difficile de d\u00e9cider quoi faire \u00e0 Dar es Salaam. Comparez les prix et obtenez les meilleurs tarifs sur les billets d&#039;avion de Dodoma \u00e0 Dar es Salam et volez de Dodoma \u00e0 Dar es Salam pas cher.<\/p>\n<h2>Voici quelques-unes des meilleures attractions de Dar es Salaam<\/h2>\n<h3>March\u00e9 de Kariakoo<\/h3>\n<p>Probablement la place du march\u00e9 des affaires \u00e0 Dar es Salaam, Kariakoo est le meilleur endroit o\u00f9 aller si vous recherchez des articles \u00e0 un prix abordable. Alors que les domestiques le fr\u00e9quentent pour tout obtenir, des articles de toilette, des v\u00eatements, des produits d&#039;\u00e9picerie, des meubles, des pi\u00e8ces de voiture et plus encore. Les visiteurs peuvent \u00e9galement trouver une large gamme de tissus africains, de souvenirs, de chaussures, d&#039;instruments et de nombreux autres objets culturels.<\/p>\n<h3>\u00cele de Mbudya<\/h3>\n<p>Si vous voulez passer votre temps \u00e0 Dar es Salaam \u00e0 profiter de la plage, alors l&#039;\u00eele de Mbudya vaut le d\u00e9tour. La charmante \u00eele se trouve juste au large de la c\u00f4te de Dar es Salaam et abrite une eau de mer bleu clair non pollu\u00e9e, des plages de sable et de nombreux fruits de mer et vie marine.<\/p>\n<h3>Plage Coco<\/h3>\n<p>Si vous vous retrouvez \u00e0 Dar es Salaam le week-end, assurez-vous d&#039;aller \u00e0 la plage publique, Coco Beach, sur la p\u00e9ninsule de Msasani et de manger de la nourriture de rue domestique ; essayez le muhogo wa kuchoma et le mishkaki.<\/p>\n<h2>FAQ sur les vols \u00e0 bas prix de Dodoma \u00e0 Dar es Salam<\/h2>\n<h3>Quel est le meilleur moment pour r\u00e9server un billet d&#039;avion pas cher de Dodoma vers Dar es Salam ?<\/h3>\n<p>G\u00e9n\u00e9ralement, le meilleur moment pour r\u00e9server un vol Dodoma Dar es Salam est 2 mois \u00e0 l&#039;avance. Et les jours les moins chers pour voler sont le mercredi, le mardi et le samedi. Le dimanche est le plus cher.<\/p>\n<h3>Combien de vols directs Dodoma-Dar es Salam ?<\/h3>\n<p>Il y a un vols direct entre Dodoma et Dar es Salam.<\/p>\n<h3>Quelle est la compagnie a\u00e9rienne la plus c\u00e9l\u00e8bre pour les billets d&#039;avion pas chers sans escale de Dodoma \u00e0 Dar es Salam ?<\/h3>\n<p>Auric Air, Air Tanzania, Precision Air proposent des vols sans escale entre Dar es Salaam et Dodoma.<\/p>\n<h3>Combien de vols sont op\u00e9r\u00e9s par semaine entre Dodoma et Dar es Salam ?<\/h3>\n<p>Il y a dix-huit vols entre Dodoma et Dar es Salaam.<\/p>\n<h3>Quelle est la distance de vol entre Dar es Salam et Dodoma ?<\/h3>\n<p>La distance entre Dodoma et Dar es Salam est de 242 miles.<\/p>\n<h2>Conseils sur les vols Dodoma - Dar es Salam<\/h2>\n<p>\u2022 La compagnie a\u00e9rienne la plus c\u00e9l\u00e8bre qui effectue des vols entre Dodoma et Dar es Salaam est Precision Air.<\/p>\n<p>\u2022 Trois compagnies a\u00e9riennes proposent des vols directs de Dodoma \u00e0 Dar es Salaam.<\/p>\n<p>\u2022 Le premier vol de la journ\u00e9e part \u00e0 7h20. Le dernier vol de la journ\u00e9e part \u00e0 17h00.<\/p>","protected":false},"excerpt":{"rendered":"<p>Looking for cheap airline ticket from Dodoma to Dar es Salaam\u00a0or last minute deals? Search, compare and book cheap airline ticket from Dodoma (DOD) to Dar es Salaam (DAR) online now. Search great deals on cheap flights from Dodoma to Dar es Salaam and save money. As Tanzania biggest city, Dar es Salaam is a [&hellip;]<\/p>\n","protected":false},"author":1,"featured_media":30064,"parent":23264,"menu_order":0,"comment_status":"open","ping_status":"closed","template":"template-home-modern.php","meta":{"footnotes":""},"class_list":["post-11802","page","type-page","status-publish","has-post-thumbnail","hentry"],"yoast_head":"<!-- This site is optimized with the Yoast SEO plugin v27.3 - https:\/\/yoast.com\/product\/yoast-seo-wordpress\/ -->\n<title>Cheap Flights from Dodoma to Dar es Salaam<\/title>\n<meta name=\"description\" content=\"Looking for cheap flights from\u00a0Dodoma to Dar es Salaam? Search, compare and book cheap airline ticket from Dodoma to Dar es Salaam online\" \/>\n<meta name=\"robots\" content=\"index, follow, max-snippet:-1, max-image-preview:large, max-video-preview:-1\" \/>\n<link rel=\"canonical\" href=\"https:\/\/tiketi.com\/fr-fr\/cheap-flights\/dodoma-to-dar-es-salaam-dod-dar\/\" \/>\n<meta property=\"og:locale\" content=\"fr_FR\" \/>\n<meta property=\"og:type\" content=\"article\" \/>\n<meta property=\"og:title\" content=\"Cheap Flights from Dodoma to Dar es Salaam\" \/>\n<meta property=\"og:description\" content=\"Looking for cheap flights from\u00a0Dodoma to Dar es Salaam? Search, compare and book cheap airline ticket from Dodoma to Dar es Salaam online\" \/>\n<meta property=\"og:url\" content=\"https:\/\/tiketi.com\/fr-fr\/cheap-flights\/dodoma-to-dar-es-salaam-dod-dar\/\" \/>\n<meta property=\"og:site_name\" content=\"Tiketi.com\" \/>\n<meta property=\"article:publisher\" content=\"https:\/\/www.facebook.com\/TiketiCom\/\" \/>\n<meta property=\"article:modified_time\" content=\"2024-07-09T12:13:15+00:00\" \/>\n<meta property=\"og:image\" content=\"https:\/\/tiketi.com\/wp-content\/uploads\/2021\/06\/destination-dar-es-salaam-moses-londo-1bubgYf5zeY-uns.jpg\" \/>\n\t<meta property=\"og:image:width\" content=\"1200\" \/>\n\t<meta property=\"og:image:height\" content=\"400\" \/>\n\t<meta property=\"og:image:type\" content=\"image\/jpeg\" \/>\n<meta name=\"twitter:card\" content=\"summary_large_image\" \/>\n<meta name=\"twitter:label1\" content=\"Dur\u00e9e de lecture estim\u00e9e\" \/>\n\t<meta name=\"twitter:data1\" content=\"3 minutes\" \/>\n<script type=\"application\/ld+json\" class=\"yoast-schema-graph\">{\"@context\":\"https:\\\/\\\/schema.org\",\"@graph\":[{\"@type\":\"WebPage\",\"@id\":\"https:\\\/\\\/tiketi.com\\\/en-gb\\\/cheap-flights\\\/dodoma-to-dar-es-salaam-dod-dar\\\/\",\"url\":\"https:\\\/\\\/tiketi.com\\\/en-gb\\\/cheap-flights\\\/dodoma-to-dar-es-salaam-dod-dar\\\/\",\"name\":\"Cheap Flights from Dodoma to Dar es Salaam\",\"isPartOf\":{\"@id\":\"https:\\\/\\\/tiketi.com\\\/#website\"},\"primaryImageOfPage\":{\"@id\":\"https:\\\/\\\/tiketi.com\\\/en-gb\\\/cheap-flights\\\/dodoma-to-dar-es-salaam-dod-dar\\\/#primaryimage\"},\"image\":{\"@id\":\"https:\\\/\\\/tiketi.com\\\/en-gb\\\/cheap-flights\\\/dodoma-to-dar-es-salaam-dod-dar\\\/#primaryimage\"},\"thumbnailUrl\":\"https:\\\/\\\/tiketi.com\\\/wp-content\\\/uploads\\\/2021\\\/06\\\/destination-dar-es-salaam-moses-londo-1bubgYf5zeY-uns.jpg\",\"datePublished\":\"2022-01-19T11:55:13+00:00\",\"dateModified\":\"2024-07-09T12:13:15+00:00\",\"description\":\"Looking for cheap flights from\u00a0Dodoma to Dar es Salaam? Search, compare and book cheap airline ticket from Dodoma to Dar es Salaam online\",\"breadcrumb\":{\"@id\":\"https:\\\/\\\/tiketi.com\\\/en-gb\\\/cheap-flights\\\/dodoma-to-dar-es-salaam-dod-dar\\\/#breadcrumb\"},\"inLanguage\":\"fr-FR\",\"potentialAction\":[{\"@type\":\"ReadAction\",\"target\":[\"https:\\\/\\\/tiketi.com\\\/en-gb\\\/cheap-flights\\\/dodoma-to-dar-es-salaam-dod-dar\\\/\"]}]},{\"@type\":\"ImageObject\",\"inLanguage\":\"fr-FR\",\"@id\":\"https:\\\/\\\/tiketi.com\\\/en-gb\\\/cheap-flights\\\/dodoma-to-dar-es-salaam-dod-dar\\\/#primaryimage\",\"url\":\"https:\\\/\\\/tiketi.com\\\/wp-content\\\/uploads\\\/2021\\\/06\\\/destination-dar-es-salaam-moses-londo-1bubgYf5zeY-uns.jpg\",\"contentUrl\":\"https:\\\/\\\/tiketi.com\\\/wp-content\\\/uploads\\\/2021\\\/06\\\/destination-dar-es-salaam-moses-londo-1bubgYf5zeY-uns.jpg\",\"width\":1200,\"height\":400,\"caption\":\"Best Tourist Destinations in Dar es Salaam Travel Guide\"},{\"@type\":\"BreadcrumbList\",\"@id\":\"https:\\\/\\\/tiketi.com\\\/en-gb\\\/cheap-flights\\\/dodoma-to-dar-es-salaam-dod-dar\\\/#breadcrumb\",\"itemListElement\":[{\"@type\":\"ListItem\",\"position\":1,\"name\":\"Home\",\"item\":\"https:\\\/\\\/tiketi.com\\\/\"},{\"@type\":\"ListItem\",\"position\":2,\"name\":\"Cheap Flights\",\"item\":\"https:\\\/\\\/tiketi.com\\\/cheap-flights\\\/\"},{\"@type\":\"ListItem\",\"position\":3,\"name\":\"Cheap Flights from Dodoma to Dar es Salaam\"}]},{\"@type\":\"WebSite\",\"@id\":\"https:\\\/\\\/tiketi.com\\\/#website\",\"url\":\"https:\\\/\\\/tiketi.com\\\/\",\"name\":\"Flight & Bus Tickets, Tour Packages & Activitites - Tiketi.com\",\"description\":\"Flight &amp; Bus Tickets, Tours, Activitites\",\"publisher\":{\"@id\":\"https:\\\/\\\/tiketi.com\\\/#organization\"},\"potentialAction\":[{\"@type\":\"SearchAction\",\"target\":{\"@type\":\"EntryPoint\",\"urlTemplate\":\"https:\\\/\\\/tiketi.com\\\/?s={search_term_string}\"},\"query-input\":{\"@type\":\"PropertyValueSpecification\",\"valueRequired\":true,\"valueName\":\"search_term_string\"}}],\"inLanguage\":\"fr-FR\"},{\"@type\":\"Organization\",\"@id\":\"https:\\\/\\\/tiketi.com\\\/#organization\",\"name\":\"Tiketi.com\",\"alternateName\":\"Tiketi\",\"url\":\"https:\\\/\\\/tiketi.com\\\/\",\"logo\":{\"@type\":\"ImageObject\",\"inLanguage\":\"fr-FR\",\"@id\":\"https:\\\/\\\/tiketi.com\\\/#\\\/schema\\\/logo\\\/image\\\/\",\"url\":\"https:\\\/\\\/tiketi.com\\\/wp-content\\\/uploads\\\/2019\\\/05\\\/tiketi-logo-696.png\",\"contentUrl\":\"https:\\\/\\\/tiketi.com\\\/wp-content\\\/uploads\\\/2019\\\/05\\\/tiketi-logo-696.png\",\"width\":696,\"height\":696,\"caption\":\"Tiketi.com\"},\"image\":{\"@id\":\"https:\\\/\\\/tiketi.com\\\/#\\\/schema\\\/logo\\\/image\\\/\"},\"sameAs\":[\"https:\\\/\\\/www.facebook.com\\\/TiketiCom\\\/\"]}]}<\/script>\n<!-- \/ Yoast SEO plugin. -->","yoast_head_json":{"title":"Vols \u00e0 bas prix de Dodoma \u00e0 Dar es Salam","description":"Vous recherchez des vols \u00e0 bas prix de Dodoma vers Dar es Salam ? Recherchez, comparez et r\u00e9servez en ligne un billet d&#039;avion pas cher de Dodoma \u00e0 Dar es Salam","robots":{"index":"index","follow":"follow","max-snippet":"max-snippet:-1","max-image-preview":"max-image-preview:large","max-video-preview":"max-video-preview:-1"},"canonical":"https:\/\/tiketi.com\/fr-fr\/cheap-flights\/dodoma-to-dar-es-salaam-dod-dar\/","og_locale":"fr_FR","og_type":"article","og_title":"Cheap Flights from Dodoma to Dar es Salaam","og_description":"Looking for cheap flights from\u00a0Dodoma to Dar es Salaam? Search, compare and book cheap airline ticket from Dodoma to Dar es Salaam online","og_url":"https:\/\/tiketi.com\/fr-fr\/cheap-flights\/dodoma-to-dar-es-salaam-dod-dar\/","og_site_name":"Tiketi.com","article_publisher":"https:\/\/www.facebook.com\/TiketiCom\/","article_modified_time":"2024-07-09T12:13:15+00:00","og_image":[{"width":1200,"height":400,"url":"https:\/\/tiketi.com\/wp-content\/uploads\/2021\/06\/destination-dar-es-salaam-moses-londo-1bubgYf5zeY-uns.jpg","type":"image\/jpeg"}],"twitter_card":"summary_large_image","twitter_misc":{"Dur\u00e9e de lecture estim\u00e9e":"3 minutes"},"schema":{"@context":"https:\/\/schema.org","@graph":[{"@type":"WebPage","@id":"https:\/\/tiketi.com\/en-gb\/cheap-flights\/dodoma-to-dar-es-salaam-dod-dar\/","url":"https:\/\/tiketi.com\/en-gb\/cheap-flights\/dodoma-to-dar-es-salaam-dod-dar\/","name":"Vols \u00e0 bas prix de Dodoma \u00e0 Dar es Salam","isPartOf":{"@id":"https:\/\/tiketi.com\/#website"},"primaryImageOfPage":{"@id":"https:\/\/tiketi.com\/en-gb\/cheap-flights\/dodoma-to-dar-es-salaam-dod-dar\/#primaryimage"},"image":{"@id":"https:\/\/tiketi.com\/en-gb\/cheap-flights\/dodoma-to-dar-es-salaam-dod-dar\/#primaryimage"},"thumbnailUrl":"https:\/\/tiketi.com\/wp-content\/uploads\/2021\/06\/destination-dar-es-salaam-moses-londo-1bubgYf5zeY-uns.jpg","datePublished":"2022-01-19T11:55:13+00:00","dateModified":"2024-07-09T12:13:15+00:00","description":"Vous recherchez des vols \u00e0 bas prix de Dodoma vers Dar es Salam ? Recherchez, comparez et r\u00e9servez en ligne un billet d&#039;avion pas cher de Dodoma \u00e0 Dar es Salam","breadcrumb":{"@id":"https:\/\/tiketi.com\/en-gb\/cheap-flights\/dodoma-to-dar-es-salaam-dod-dar\/#breadcrumb"},"inLanguage":"fr-FR","potentialAction":[{"@type":"ReadAction","target":["https:\/\/tiketi.com\/en-gb\/cheap-flights\/dodoma-to-dar-es-salaam-dod-dar\/"]}]},{"@type":"ImageObject","inLanguage":"fr-FR","@id":"https:\/\/tiketi.com\/en-gb\/cheap-flights\/dodoma-to-dar-es-salaam-dod-dar\/#primaryimage","url":"https:\/\/tiketi.com\/wp-content\/uploads\/2021\/06\/destination-dar-es-salaam-moses-londo-1bubgYf5zeY-uns.jpg","contentUrl":"https:\/\/tiketi.com\/wp-content\/uploads\/2021\/06\/destination-dar-es-salaam-moses-londo-1bubgYf5zeY-uns.jpg","width":1200,"height":400,"caption":"Best Tourist Destinations in Dar es Salaam Travel Guide"},{"@type":"BreadcrumbList","@id":"https:\/\/tiketi.com\/en-gb\/cheap-flights\/dodoma-to-dar-es-salaam-dod-dar\/#breadcrumb","itemListElement":[{"@type":"ListItem","position":1,"name":"Home","item":"https:\/\/tiketi.com\/"},{"@type":"ListItem","position":2,"name":"Cheap Flights","item":"https:\/\/tiketi.com\/cheap-flights\/"},{"@type":"ListItem","position":3,"name":"Cheap Flights from Dodoma to Dar es Salaam"}]},{"@type":"WebSite","@id":"https:\/\/tiketi.com\/#website","url":"https:\/\/tiketi.com\/","name":"Billets d&#039;avion et de bus, forfaits touristiques et activit\u00e9s - Tiketi.com","description":"Billets d&#039;avion et de bus, Tours, Activit\u00e9s","publisher":{"@id":"https:\/\/tiketi.com\/#organization"},"potentialAction":[{"@type":"SearchAction","target":{"@type":"EntryPoint","urlTemplate":"https:\/\/tiketi.com\/?s={search_term_string}"},"query-input":{"@type":"PropertyValueSpecification","valueRequired":true,"valueName":"search_term_string"}}],"inLanguage":"fr-FR"},{"@type":"Organization","@id":"https:\/\/tiketi.com\/#organization","name":"Tiketi.com","alternateName":"Tiketi","url":"https:\/\/tiketi.com\/","logo":{"@type":"ImageObject","inLanguage":"fr-FR","@id":"https:\/\/tiketi.com\/#\/schema\/logo\/image\/","url":"https:\/\/tiketi.com\/wp-content\/uploads\/2019\/05\/tiketi-logo-696.png","contentUrl":"https:\/\/tiketi.com\/wp-content\/uploads\/2019\/05\/tiketi-logo-696.png","width":696,"height":696,"caption":"Tiketi.com"},"image":{"@id":"https:\/\/tiketi.com\/#\/schema\/logo\/image\/"},"sameAs":["https:\/\/www.facebook.com\/TiketiCom\/"]}]}},"_links":{"self":[{"href":"https:\/\/tiketi.com\/fr-fr\/wp-json\/wp\/v2\/pages\/11802","targetHints":{"allow":["GET"]}}],"collection":[{"href":"https:\/\/tiketi.com\/fr-fr\/wp-json\/wp\/v2\/pages"}],"about":[{"href":"https:\/\/tiketi.com\/fr-fr\/wp-json\/wp\/v2\/types\/page"}],"author":[{"embeddable":true,"href":"https:\/\/tiketi.com\/fr-fr\/wp-json\/wp\/v2\/users\/1"}],"replies":[{"embeddable":true,"href":"https:\/\/tiketi.com\/fr-fr\/wp-json\/wp\/v2\/comments?post=11802"}],"version-history":[{"count":0,"href":"https:\/\/tiketi.com\/fr-fr\/wp-json\/wp\/v2\/pages\/11802\/revisions"}],"up":[{"embeddable":true,"href":"https:\/\/tiketi.com\/fr-fr\/wp-json\/wp\/v2\/pages\/23264"}],"wp:featuredmedia":[{"embeddable":true,"href":"https:\/\/tiketi.com\/fr-fr\/wp-json\/wp\/v2\/media\/30064"}],"wp:attachment":[{"href":"https:\/\/tiketi.com\/fr-fr\/wp-json\/wp\/v2\/media?parent=11802"}],"curies":[{"name":"wp","href":"https:\/\/api.w.org\/{rel}","templated":true}]}}