{"id":11804,"date":"2022-01-19T12:55:13","date_gmt":"2022-01-19T11:55:13","guid":{"rendered":"https:\/\/new.tiketi.com\/cheap-flights-from-dar-es-salaam-to-serengeti-seronera\/"},"modified":"2022-02-07T21:26:31","modified_gmt":"2022-02-07T20:26:31","slug":"flights-dar-es-salaam-serengeti-seronera","status":"publish","type":"page","link":"https:\/\/tiketi.com\/fr-fr\/flights-dar-es-salaam-serengeti-seronera\/","title":{"rendered":"Vols \u00e0 bas prix de Dar es Salam \u00e0 Serengeti Seronera"},"content":{"rendered":"<h2>Vous recherchez un billet d&#039;avion pas cher de Dar es Salam \u00e0 Serengeti Seronera ou des offres de derni\u00e8re minute ?<\/h2>\n<h3>Cherchez, comparez et r\u00e9servez en ligne maintenant un billet d&#039;avion pas cher entre Dar es Salaam (DAR) et Serengeti Seronera (SEU).<\/h3>\n<p>R\u00e9servez en ligne des vols \u00e0 bas prix de Dar es Salam \u00e0 Serengeti Seronera et \u00e9conomisez du temps et de l&#039;argent. Le parc national du Serengeti est l&#039;un des parcs nationaux les plus c\u00e9l\u00e8bres d&#039;Afrique et offre certaines des meilleures observations de la faune de la plan\u00e8te, de toute fa\u00e7on, il y a un certain nombre de choses \u00e0 faire dans le Serengeti autres que les safaris. Vous pouvez visiter le Serengeti gr\u00e2ce \u00e0 des offres exceptionnelles sur les billets d&#039;avion de Dar es Salaam \u00e0 Serengeti Seronera et voler de Dar es Salaam \u00e0 Serengeti Seronera sur des vols pas chers.<\/p>\n<h2>Voici quelques-unes des meilleures attractions du Serengeti<\/h2>\n<h3>Simba K\u00f3pjes<\/h3>\n<p>Un groupe de collines rocheuses ou Koppie situ\u00e9 dans le parc national du Serengeti - le long de la route de Seronera depuis la porte de la colline de Naabi. Ils fonctionnent comme une maison pour plusieurs esp\u00e8ces animales et v\u00e9g\u00e9tales - un meilleur endroit pour observer le gibier, en particulier les l\u00e9opards et les lions qui passent la plupart de leurs apr\u00e8s-midi ici.<\/p>\n<h3>Parc national du Serengeti<\/h3>\n<p>Un petit village merveilleux plac\u00e9 au c\u0153ur du parc national du Serengeti, habit\u00e9 par le personnel de TANAPA et les \u00e9tudiants en formation. C&#039;est l&#039;un des seuls endroits du parc complet avec des magasins, ainsi que diff\u00e9rents bars et restaurants - qui fonctionnent tous sur des prix g\u00e9n\u00e9raux non visiteurs.<\/p>\n<h3>Porte Ndabaka<\/h3>\n<p>La porte ouest du parc national du Serengeti, situ\u00e9e le long de l&#039;autoroute Musoma - Mwanza. Il est largement utilis\u00e9 par les visiteurs de Mwanza car il est beaucoup plus proche que la porte du fort ilkoma.<\/p>\n<p>Malgr\u00e9 son emplacement, la porte est entour\u00e9e de plaines sans fin, d&#039;un c\u00f4t\u00e9 o\u00f9 le lac Victoria est compos\u00e9 d&#039;animaux g\u00e9n\u00e9raux que l&#039;on peut voir sur place, notamment des z\u00e8bres, des hippopotames, des buffles et des gazelles de Thompson.<\/p>\n<h2>FAQ sur les vols pas chers de Dar es Salam \u00e0 Serengeti Seronera<\/h2>\n<h3>Quelle est la dur\u00e9e du vol entre Dar es Salam et Seronera ?<\/h3>\n<p>Les vols D Dar es Salaam \u00e0 Serengeti Seronera prennent environ 2h 20m, direct, couvrant une distance de 686 km, ou 426 miles.<\/p>\n<h3>Quelles compagnies a\u00e9riennes proposent des billets d&#039;avion pas chers de Dar es Salam \u00e0 Serengeti Seronera ?<\/h3>\n<p>Il y a un billet d&#039;avion bon march\u00e9 r\u00e9gulier de Dar es Salaam \u00e0 Serengeti Seronera op\u00e9r\u00e9 par Precision Air et Coastal Aviation.<\/p>\n<h3>Combien de compagnies a\u00e9riennes op\u00e8rent des vols Dar es Salam - Serengeti Seronera par semaine en moyenne ?<\/h3>\n<p>Total des vols Serengeti Seronera de Dar es Salaam fonctionnent en une semaine est seulement trois.<\/p>\n<h2>Conseils sur les vols Dar es Salaam - Serengeti Seronera<\/h2>\n<p>\u2022 Le temps de vol le plus rapide pour les vols directs Dar es Salaam \u00e0 Seronera est de deux heures vingt minutes. La dur\u00e9e moyenne d&#039;un vol entre Dar es Salaam et Serengeti Seronera est de deux heures trente minutes.<\/p>\n<p>\u2022 Le temps de vol le plus rapide pour les vols avec escale est de quatre heures cinq minutes.<\/p>\n<p>\u2022 Le premier vol de la journ\u00e9e part \u00e0 6h20. Le dernier vol de la journ\u00e9e part \u00e0 7h30.<\/p>\n<p>\u2022 La distance des vols Serengeti Seronera \u00e0 Dar es Salaam est d&#039;environ 650 km. Le vol dure en moyenne environ deux heures et vingt minutes.<\/p>","protected":false},"excerpt":{"rendered":"<p>Looking for cheap airline ticket from Dar es Salaam to Serengeti Seronera\u00a0or last minute deals? Search, compare and book cheap airline ticket from Dar es Salaam (DAR) to Serengeti Seronera (SEU) online now. Book cheap flights from Dar es Salaam to Serengeti Seronera online and save time and money. The Serengeti national park is one [&hellip;]<\/p>\n","protected":false},"author":1,"featured_media":14041,"parent":0,"menu_order":0,"comment_status":"open","ping_status":"closed","template":"template-home-modern.php","meta":{"footnotes":""},"class_list":["post-11804","page","type-page","status-publish","has-post-thumbnail","hentry"],"yoast_head":"<!-- This site is optimized with the Yoast SEO plugin v27.3 - https:\/\/yoast.com\/product\/yoast-seo-wordpress\/ -->\n<title>Cheap Flights from\u00a0Dar es Salaam to Serengeti Seronera<\/title>\n<meta name=\"description\" content=\"Looking for cheap flights from\u00a0Dar es Salaam to Mwanza? Search, compare and book cheap airline ticket from Dar es Salaam to Mwanza online\" \/>\n<meta name=\"robots\" content=\"index, follow, max-snippet:-1, max-image-preview:large, max-video-preview:-1\" \/>\n<link rel=\"canonical\" href=\"https:\/\/tiketi.com\/fr-fr\/flights-dar-es-salaam-serengeti-seronera\/\" \/>\n<meta property=\"og:locale\" content=\"fr_FR\" \/>\n<meta property=\"og:type\" content=\"article\" \/>\n<meta property=\"og:title\" content=\"Cheap Flights from\u00a0Dar es Salaam to Serengeti Seronera\" \/>\n<meta property=\"og:description\" content=\"Looking for cheap flights from\u00a0Dar es Salaam to Mwanza? Search, compare and book cheap airline ticket from Dar es Salaam to Mwanza online\" \/>\n<meta property=\"og:url\" content=\"https:\/\/tiketi.com\/fr-fr\/flights-dar-es-salaam-serengeti-seronera\/\" \/>\n<meta property=\"og:site_name\" content=\"Tiketi.com\" \/>\n<meta property=\"article:publisher\" content=\"https:\/\/www.facebook.com\/TiketiCom\/\" \/>\n<meta property=\"article:modified_time\" content=\"2022-02-07T20:26:31+00:00\" \/>\n<meta property=\"og:image\" content=\"https:\/\/tiketi.com\/wp-content\/uploads\/2022\/01\/flight-ticket-booking-sorasak-KxCJXXGsv9I-unsplas.jpg\" \/>\n\t<meta property=\"og:image:width\" content=\"1200\" \/>\n\t<meta property=\"og:image:height\" content=\"240\" \/>\n\t<meta property=\"og:image:type\" content=\"image\/jpeg\" \/>\n<meta name=\"twitter:card\" content=\"summary_large_image\" \/>\n<meta name=\"twitter:label1\" content=\"Dur\u00e9e de lecture estim\u00e9e\" \/>\n\t<meta name=\"twitter:data1\" content=\"3 minutes\" \/>\n<script type=\"application\/ld+json\" class=\"yoast-schema-graph\">{\"@context\":\"https:\\\/\\\/schema.org\",\"@graph\":[{\"@type\":\"WebPage\",\"@id\":\"https:\\\/\\\/tiketi.com\\\/flights-dar-es-salaam-serengeti-seronera\\\/\",\"url\":\"https:\\\/\\\/tiketi.com\\\/flights-dar-es-salaam-serengeti-seronera\\\/\",\"name\":\"Cheap Flights from\u00a0Dar es Salaam to Serengeti Seronera\",\"isPartOf\":{\"@id\":\"https:\\\/\\\/tiketi.com\\\/#website\"},\"primaryImageOfPage\":{\"@id\":\"https:\\\/\\\/tiketi.com\\\/flights-dar-es-salaam-serengeti-seronera\\\/#primaryimage\"},\"image\":{\"@id\":\"https:\\\/\\\/tiketi.com\\\/flights-dar-es-salaam-serengeti-seronera\\\/#primaryimage\"},\"thumbnailUrl\":\"https:\\\/\\\/tiketi.com\\\/wp-content\\\/uploads\\\/2022\\\/01\\\/flight-ticket-booking-sorasak-KxCJXXGsv9I-unsplas.jpg\",\"datePublished\":\"2022-01-19T11:55:13+00:00\",\"dateModified\":\"2022-02-07T20:26:31+00:00\",\"description\":\"Looking for cheap flights from\u00a0Dar es Salaam to Mwanza? Search, compare and book cheap airline ticket from Dar es Salaam to Mwanza online\",\"breadcrumb\":{\"@id\":\"https:\\\/\\\/tiketi.com\\\/flights-dar-es-salaam-serengeti-seronera\\\/#breadcrumb\"},\"inLanguage\":\"fr-FR\",\"potentialAction\":[{\"@type\":\"ReadAction\",\"target\":[\"https:\\\/\\\/tiketi.com\\\/flights-dar-es-salaam-serengeti-seronera\\\/\"]}]},{\"@type\":\"ImageObject\",\"inLanguage\":\"fr-FR\",\"@id\":\"https:\\\/\\\/tiketi.com\\\/flights-dar-es-salaam-serengeti-seronera\\\/#primaryimage\",\"url\":\"https:\\\/\\\/tiketi.com\\\/wp-content\\\/uploads\\\/2022\\\/01\\\/flight-ticket-booking-sorasak-KxCJXXGsv9I-unsplas.jpg\",\"contentUrl\":\"https:\\\/\\\/tiketi.com\\\/wp-content\\\/uploads\\\/2022\\\/01\\\/flight-ticket-booking-sorasak-KxCJXXGsv9I-unsplas.jpg\",\"width\":1200,\"height\":240,\"caption\":\"Online flight ticket booking\"},{\"@type\":\"BreadcrumbList\",\"@id\":\"https:\\\/\\\/tiketi.com\\\/flights-dar-es-salaam-serengeti-seronera\\\/#breadcrumb\",\"itemListElement\":[{\"@type\":\"ListItem\",\"position\":1,\"name\":\"Home\",\"item\":\"https:\\\/\\\/tiketi.com\\\/\"},{\"@type\":\"ListItem\",\"position\":2,\"name\":\"Cheap Flights from\u00a0Dar es Salaam to Serengeti Seronera\"}]},{\"@type\":\"WebSite\",\"@id\":\"https:\\\/\\\/tiketi.com\\\/#website\",\"url\":\"https:\\\/\\\/tiketi.com\\\/\",\"name\":\"Flight & Bus Tickets, Tour Packages & Activitites - Tiketi.com\",\"description\":\"Flight &amp; Bus Tickets, Tours, Activitites\",\"publisher\":{\"@id\":\"https:\\\/\\\/tiketi.com\\\/#organization\"},\"potentialAction\":[{\"@type\":\"SearchAction\",\"target\":{\"@type\":\"EntryPoint\",\"urlTemplate\":\"https:\\\/\\\/tiketi.com\\\/?s={search_term_string}\"},\"query-input\":{\"@type\":\"PropertyValueSpecification\",\"valueRequired\":true,\"valueName\":\"search_term_string\"}}],\"inLanguage\":\"fr-FR\"},{\"@type\":\"Organization\",\"@id\":\"https:\\\/\\\/tiketi.com\\\/#organization\",\"name\":\"Tiketi.com\",\"alternateName\":\"Tiketi\",\"url\":\"https:\\\/\\\/tiketi.com\\\/\",\"logo\":{\"@type\":\"ImageObject\",\"inLanguage\":\"fr-FR\",\"@id\":\"https:\\\/\\\/tiketi.com\\\/#\\\/schema\\\/logo\\\/image\\\/\",\"url\":\"https:\\\/\\\/tiketi.com\\\/wp-content\\\/uploads\\\/2019\\\/05\\\/tiketi-logo-696.png\",\"contentUrl\":\"https:\\\/\\\/tiketi.com\\\/wp-content\\\/uploads\\\/2019\\\/05\\\/tiketi-logo-696.png\",\"width\":696,\"height\":696,\"caption\":\"Tiketi.com\"},\"image\":{\"@id\":\"https:\\\/\\\/tiketi.com\\\/#\\\/schema\\\/logo\\\/image\\\/\"},\"sameAs\":[\"https:\\\/\\\/www.facebook.com\\\/TiketiCom\\\/\"]}]}<\/script>\n<!-- \/ Yoast SEO plugin. -->","yoast_head_json":{"title":"Vols \u00e0 bas prix de Dar es Salam \u00e0 Serengeti Seronera","description":"Vous recherchez des vols \u00e0 bas prix de Dar es Salam \u00e0 Mwanza ? Recherchez, comparez et r\u00e9servez en ligne un billet d&#039;avion pas cher de Dar es Salam \u00e0 Mwanza","robots":{"index":"index","follow":"follow","max-snippet":"max-snippet:-1","max-image-preview":"max-image-preview:large","max-video-preview":"max-video-preview:-1"},"canonical":"https:\/\/tiketi.com\/fr-fr\/flights-dar-es-salaam-serengeti-seronera\/","og_locale":"fr_FR","og_type":"article","og_title":"Cheap Flights from\u00a0Dar es Salaam to Serengeti Seronera","og_description":"Looking for cheap flights from\u00a0Dar es Salaam to Mwanza? Search, compare and book cheap airline ticket from Dar es Salaam to Mwanza online","og_url":"https:\/\/tiketi.com\/fr-fr\/flights-dar-es-salaam-serengeti-seronera\/","og_site_name":"Tiketi.com","article_publisher":"https:\/\/www.facebook.com\/TiketiCom\/","article_modified_time":"2022-02-07T20:26:31+00:00","og_image":[{"width":1200,"height":240,"url":"https:\/\/tiketi.com\/wp-content\/uploads\/2022\/01\/flight-ticket-booking-sorasak-KxCJXXGsv9I-unsplas.jpg","type":"image\/jpeg"}],"twitter_card":"summary_large_image","twitter_misc":{"Dur\u00e9e de lecture estim\u00e9e":"3 minutes"},"schema":{"@context":"https:\/\/schema.org","@graph":[{"@type":"WebPage","@id":"https:\/\/tiketi.com\/flights-dar-es-salaam-serengeti-seronera\/","url":"https:\/\/tiketi.com\/flights-dar-es-salaam-serengeti-seronera\/","name":"Vols \u00e0 bas prix de Dar es Salam \u00e0 Serengeti Seronera","isPartOf":{"@id":"https:\/\/tiketi.com\/#website"},"primaryImageOfPage":{"@id":"https:\/\/tiketi.com\/flights-dar-es-salaam-serengeti-seronera\/#primaryimage"},"image":{"@id":"https:\/\/tiketi.com\/flights-dar-es-salaam-serengeti-seronera\/#primaryimage"},"thumbnailUrl":"https:\/\/tiketi.com\/wp-content\/uploads\/2022\/01\/flight-ticket-booking-sorasak-KxCJXXGsv9I-unsplas.jpg","datePublished":"2022-01-19T11:55:13+00:00","dateModified":"2022-02-07T20:26:31+00:00","description":"Vous recherchez des vols \u00e0 bas prix de Dar es Salam \u00e0 Mwanza ? Recherchez, comparez et r\u00e9servez en ligne un billet d&#039;avion pas cher de Dar es Salam \u00e0 Mwanza","breadcrumb":{"@id":"https:\/\/tiketi.com\/flights-dar-es-salaam-serengeti-seronera\/#breadcrumb"},"inLanguage":"fr-FR","potentialAction":[{"@type":"ReadAction","target":["https:\/\/tiketi.com\/flights-dar-es-salaam-serengeti-seronera\/"]}]},{"@type":"ImageObject","inLanguage":"fr-FR","@id":"https:\/\/tiketi.com\/flights-dar-es-salaam-serengeti-seronera\/#primaryimage","url":"https:\/\/tiketi.com\/wp-content\/uploads\/2022\/01\/flight-ticket-booking-sorasak-KxCJXXGsv9I-unsplas.jpg","contentUrl":"https:\/\/tiketi.com\/wp-content\/uploads\/2022\/01\/flight-ticket-booking-sorasak-KxCJXXGsv9I-unsplas.jpg","width":1200,"height":240,"caption":"Online flight ticket booking"},{"@type":"BreadcrumbList","@id":"https:\/\/tiketi.com\/flights-dar-es-salaam-serengeti-seronera\/#breadcrumb","itemListElement":[{"@type":"ListItem","position":1,"name":"Home","item":"https:\/\/tiketi.com\/"},{"@type":"ListItem","position":2,"name":"Cheap Flights from\u00a0Dar es Salaam to Serengeti Seronera"}]},{"@type":"WebSite","@id":"https:\/\/tiketi.com\/#website","url":"https:\/\/tiketi.com\/","name":"Billets d&#039;avion et de bus, forfaits touristiques et activit\u00e9s - Tiketi.com","description":"Billets d&#039;avion et de bus, Tours, Activit\u00e9s","publisher":{"@id":"https:\/\/tiketi.com\/#organization"},"potentialAction":[{"@type":"SearchAction","target":{"@type":"EntryPoint","urlTemplate":"https:\/\/tiketi.com\/?s={search_term_string}"},"query-input":{"@type":"PropertyValueSpecification","valueRequired":true,"valueName":"search_term_string"}}],"inLanguage":"fr-FR"},{"@type":"Organization","@id":"https:\/\/tiketi.com\/#organization","name":"Tiketi.com","alternateName":"Tiketi","url":"https:\/\/tiketi.com\/","logo":{"@type":"ImageObject","inLanguage":"fr-FR","@id":"https:\/\/tiketi.com\/#\/schema\/logo\/image\/","url":"https:\/\/tiketi.com\/wp-content\/uploads\/2019\/05\/tiketi-logo-696.png","contentUrl":"https:\/\/tiketi.com\/wp-content\/uploads\/2019\/05\/tiketi-logo-696.png","width":696,"height":696,"caption":"Tiketi.com"},"image":{"@id":"https:\/\/tiketi.com\/#\/schema\/logo\/image\/"},"sameAs":["https:\/\/www.facebook.com\/TiketiCom\/"]}]}},"_links":{"self":[{"href":"https:\/\/tiketi.com\/fr-fr\/wp-json\/wp\/v2\/pages\/11804","targetHints":{"allow":["GET"]}}],"collection":[{"href":"https:\/\/tiketi.com\/fr-fr\/wp-json\/wp\/v2\/pages"}],"about":[{"href":"https:\/\/tiketi.com\/fr-fr\/wp-json\/wp\/v2\/types\/page"}],"author":[{"embeddable":true,"href":"https:\/\/tiketi.com\/fr-fr\/wp-json\/wp\/v2\/users\/1"}],"replies":[{"embeddable":true,"href":"https:\/\/tiketi.com\/fr-fr\/wp-json\/wp\/v2\/comments?post=11804"}],"version-history":[{"count":0,"href":"https:\/\/tiketi.com\/fr-fr\/wp-json\/wp\/v2\/pages\/11804\/revisions"}],"wp:featuredmedia":[{"embeddable":true,"href":"https:\/\/tiketi.com\/fr-fr\/wp-json\/wp\/v2\/media\/14041"}],"wp:attachment":[{"href":"https:\/\/tiketi.com\/fr-fr\/wp-json\/wp\/v2\/media?parent=11804"}],"curies":[{"name":"wp","href":"https:\/\/api.w.org\/{rel}","templated":true}]}}