{"id":11805,"date":"2022-01-19T12:55:13","date_gmt":"2022-01-19T11:55:13","guid":{"rendered":"https:\/\/new.tiketi.com\/cheap-flights-from-dar-es-salaam-to-selous-game-reserve\/"},"modified":"2022-08-31T14:06:24","modified_gmt":"2022-08-31T13:06:24","slug":"flights-from-dar-es-salaam-selous","status":"publish","type":"page","link":"https:\/\/tiketi.com\/fr-fr\/flights-from-dar-es-salaam-selous\/","title":{"rendered":"Vols \u00e0 bas prix de Dar es Salam \u00e0 R\u00e9serve de gibier de Selous"},"content":{"rendered":"<h2>Vous recherchez un billet d&#039;avion pas cher au d\u00e9part de Kiba, Beho Beho, Mbuyu, Matambwe, Sumbazi, Stieglers et Siwandu ou des offres de derni\u00e8re minute ?<\/h2>\n<h3>Recherchez, comparez et r\u00e9servez en ligne maintenant un billet d&#039;avion pas cher entre Dar es Salaam (DAR) et Selous Game Reserve.<\/h3>\n<p>Comparez et r\u00e9servez en ligne des vols pas chers de Dar es Salaam \u00e0 Selous Game Reserve et gagnez du temps et de l&#039;argent. C&#039;est la plus grande r\u00e9serve animali\u00e8re d&#039;Afrique, encore peu visit\u00e9e. Serpentant \u00e0 travers les bois et les plaines, la rivi\u00e8re Rufij donne naissance \u00e0 un labyrinthe de ruisseaux, de jolis lacs et de canaux dans un paradis aquatique d\u00e9licat. Vous pouvez visiter Selous gr\u00e2ce \u00e0 des offres exceptionnelles sur les billets d&#039;avion de Kiba, Beho Beho, Mbuyu, Matambwe, Sumbazi, Stieglers et Siwandu et voler de Dar es Salaam \u00e0 Selous \u00e0 bas prix.<\/p>\n<h2>FAQ sur les vols pas chers de Dar es Salaam \u00e0 R\u00e9serve de gibier de Selous<\/h2>\n<h3>Quelle est la distance de vol et le temps de vol entre le vol Dar es Salam to Selous?<\/h3>\n<p>Il y a quelques vols directs de Dar es Salaam \u00e0 Selous - Sumbazi chaque semaine avec des vols accessibles sur cet itin\u00e9raire \u00e0 la fois par Coastal Aviation et Auric Air. Le temps de vol de Dar es Salaam \u00e0 Selous est d&#039;environ trois heures et trente minutes afin de couvrir la distance de 400 kilom\u00e8tres.<\/p>\n<h3>Quelles compagnies a\u00e9riennes proposent des vols Dar es Salam - Selous ?<\/h3>\n<p>La majorit\u00e9 des <a href=\"https:\/\/tiketi.com\/fr-fr\/vacations\/dar-es-salaam-tour-package\/\" target=\"_blank\" rel=\"noopener\">Safaris au Selous<\/a> sont en fait des forfaits a\u00e9riens au d\u00e9part de Dar es Salaam. Le point d&#039;entr\u00e9e en Tanzanie est l&#039;a\u00e9roport international Julies Nyerere situ\u00e9 \u00e0 la p\u00e9riph\u00e9rie de Dar es Salaam. G\u00e9n\u00e9ralement, vous serez pris en charge \u00e0 l&#039;a\u00e9roport et il g\u00e9rera toutes vos autres op\u00e9rations au sol ainsi que les vols locaux.<\/p>\n<h2>Pistes d&#039;atterrissage sur billet d&#039;avion depuis Kiba, Beho Beho, Mbuyu, Matambwe, Sumbazi, Stieglers et Siwandu<\/h2>\n<p>\u2022 Un billet d&#039;avion bon march\u00e9 de Dar es Salaam \u00e0 Selous est un moyen d&#039;atteindre Selous. Les vols pas chers de Dar es Salaam \u00e0 Selous prennent environ 2-3-5 heures, selon votre piste d&#039;atterrissage. Il y a beaucoup de pistes d&#039;atterrissage accessibles \u00e0 Selous et vous pouvez choisir d&#039;atterrir sur<\/p>\n<p>\u2022 n&#039;importe lequel d&#039;entre eux, selon l&#039;endroit o\u00f9 vous voulez r\u00e9ellement aller. Certaines des bandes contiennent Kiba, Beho Beho, Mbuyu, Matambwe, Sumbazi, Stieglers, Siwandu et Mtemere. La distance des vols de Selous \u00e0 Dar es Salaam d\u00e9pend de la bande sur laquelle vous souhaitez atterrir.<\/p>\n<h2>Conseils sur les vols entre Dar es Salaam et Selous Game Reserve<\/h2>\n<h3>Voici quelques-unes des meilleures attractions de Selous :<\/h3>\n<h3>Gorges de Stiegler<\/h3>\n<p>La gorge de Stieglers, qui mesure en moyenne cent m\u00e8tres de profondeur, porte le nom d&#039;un explorateur suisse qui a \u00e9t\u00e9 tu\u00e9 ici par un \u00e9l\u00e9phant en 1907. Plus r\u00e9cemment, elle a attir\u00e9 l&#039;attention en tant que lieu d&#039;une \u00e9norme centrale hydro\u00e9lectrique pr\u00e9vue.<\/p>\n<h3>Tombe de Selous<\/h3>\n<p>LA Tombe de l&#039;explorateur et chasseur Frederick Courteney Selous, qui a \u00e9t\u00e9 tu\u00e9 \u00e0 cet endroit en 1917.<\/p>\n<h3>Faune de la r\u00e9serve de gibier de Selous<\/h3>\n<p>C&#039;est un gibier abondant dans la r\u00e9serve, avec les plus grandes populations de lions et de buffles d&#039;Afrique, de nombreux l\u00e9opards et des meutes prosp\u00e8res de chiens sauvages. Le z\u00e8bre, le gnou, le bubale, le grand koudou et l&#039;\u00e9land sont tous g\u00e9n\u00e9raux. Dans la chaleur de l&#039;apr\u00e8s-midi, des troupeaux de plus de 50 girafes s&#039;abreuvent dans les lacs, tandis que des troupeaux d&#039;\u00e9l\u00e9phants traversent les canaux vers les \u00eeles verdoyantes.<\/p>\n<p>Les activit\u00e9s de la journ\u00e9e ont tendance \u00e0 se concentrer sur les voyages en bateau ou \u00e0 pied, avec l&#039;h\u00e9bergement pour la nuit dans de simples tentes \u00e0 d\u00f4me, avec des douches \u00e0 seau chaudes install\u00e9es dans les arbres et des d\u00eeners de brousse verte dispos\u00e9s au bord de l&#039;eau.<\/p>","protected":false},"excerpt":{"rendered":"<p>Looking for cheap airline ticket from Kiba, Beho Beho, Mbuyu, Matambwe, Sumbazi, Stieglers and Siwandu or last minute deals? Search, compare and book cheap airline ticket from Dar es Salaam (DAR) to Selous Game Reserve online now. Compare and book cheap flights from Dar es Salaam to Selous Game Reserve online and save time and [&hellip;]<\/p>\n","protected":false},"author":1,"featured_media":14041,"parent":0,"menu_order":0,"comment_status":"open","ping_status":"closed","template":"template-home-modern.php","meta":{"footnotes":""},"class_list":["post-11805","page","type-page","status-publish","has-post-thumbnail","hentry"],"yoast_head":"<!-- This site is optimized with the Yoast SEO plugin v27.3 - https:\/\/yoast.com\/product\/yoast-seo-wordpress\/ -->\n<title>Cheap Flights from Dar es Salaam to Selous Game Reserve<\/title>\n<meta name=\"description\" content=\"Looking for cheap flights from\u00a0Dar es Salaam to Selous Game Reserve? Compare and book cheap airline ticket from Dar es Salaam to Selous Game Reserve online\" \/>\n<meta name=\"robots\" content=\"index, follow, max-snippet:-1, max-image-preview:large, max-video-preview:-1\" \/>\n<link rel=\"canonical\" href=\"https:\/\/tiketi.com\/fr-fr\/flights-from-dar-es-salaam-selous\/\" \/>\n<meta property=\"og:locale\" content=\"fr_FR\" \/>\n<meta property=\"og:type\" content=\"article\" \/>\n<meta property=\"og:title\" content=\"Cheap Flights from Dar es Salaam to Selous Game Reserve\" \/>\n<meta property=\"og:description\" content=\"Looking for cheap flights from\u00a0Dar es Salaam to Selous Game Reserve? Compare and book cheap airline ticket from Dar es Salaam to Selous Game Reserve online\" \/>\n<meta property=\"og:url\" content=\"https:\/\/tiketi.com\/fr-fr\/flights-from-dar-es-salaam-selous\/\" \/>\n<meta property=\"og:site_name\" content=\"Tiketi.com\" \/>\n<meta property=\"article:publisher\" content=\"https:\/\/www.facebook.com\/TiketiCom\/\" \/>\n<meta property=\"article:modified_time\" content=\"2022-08-31T13:06:24+00:00\" \/>\n<meta property=\"og:image\" content=\"https:\/\/tiketi.com\/wp-content\/uploads\/2022\/01\/flight-ticket-booking-sorasak-KxCJXXGsv9I-unsplas.jpg\" \/>\n\t<meta property=\"og:image:width\" content=\"1200\" \/>\n\t<meta property=\"og:image:height\" content=\"240\" \/>\n\t<meta property=\"og:image:type\" content=\"image\/jpeg\" \/>\n<meta name=\"twitter:card\" content=\"summary_large_image\" \/>\n<meta name=\"twitter:label1\" content=\"Dur\u00e9e de lecture estim\u00e9e\" \/>\n\t<meta name=\"twitter:data1\" content=\"3 minutes\" \/>\n<script type=\"application\/ld+json\" class=\"yoast-schema-graph\">{\"@context\":\"https:\\\/\\\/schema.org\",\"@graph\":[{\"@type\":\"WebPage\",\"@id\":\"https:\\\/\\\/tiketi.com\\\/flights-from-dar-es-salaam-selous\\\/\",\"url\":\"https:\\\/\\\/tiketi.com\\\/flights-from-dar-es-salaam-selous\\\/\",\"name\":\"Cheap Flights from Dar es Salaam to Selous Game Reserve\",\"isPartOf\":{\"@id\":\"https:\\\/\\\/tiketi.com\\\/#website\"},\"primaryImageOfPage\":{\"@id\":\"https:\\\/\\\/tiketi.com\\\/flights-from-dar-es-salaam-selous\\\/#primaryimage\"},\"image\":{\"@id\":\"https:\\\/\\\/tiketi.com\\\/flights-from-dar-es-salaam-selous\\\/#primaryimage\"},\"thumbnailUrl\":\"https:\\\/\\\/tiketi.com\\\/wp-content\\\/uploads\\\/2022\\\/01\\\/flight-ticket-booking-sorasak-KxCJXXGsv9I-unsplas.jpg\",\"datePublished\":\"2022-01-19T11:55:13+00:00\",\"dateModified\":\"2022-08-31T13:06:24+00:00\",\"description\":\"Looking for cheap flights from\u00a0Dar es Salaam to Selous Game Reserve? Compare and book cheap airline ticket from Dar es Salaam to Selous Game Reserve online\",\"breadcrumb\":{\"@id\":\"https:\\\/\\\/tiketi.com\\\/flights-from-dar-es-salaam-selous\\\/#breadcrumb\"},\"inLanguage\":\"fr-FR\",\"potentialAction\":[{\"@type\":\"ReadAction\",\"target\":[\"https:\\\/\\\/tiketi.com\\\/flights-from-dar-es-salaam-selous\\\/\"]}]},{\"@type\":\"ImageObject\",\"inLanguage\":\"fr-FR\",\"@id\":\"https:\\\/\\\/tiketi.com\\\/flights-from-dar-es-salaam-selous\\\/#primaryimage\",\"url\":\"https:\\\/\\\/tiketi.com\\\/wp-content\\\/uploads\\\/2022\\\/01\\\/flight-ticket-booking-sorasak-KxCJXXGsv9I-unsplas.jpg\",\"contentUrl\":\"https:\\\/\\\/tiketi.com\\\/wp-content\\\/uploads\\\/2022\\\/01\\\/flight-ticket-booking-sorasak-KxCJXXGsv9I-unsplas.jpg\",\"width\":1200,\"height\":240,\"caption\":\"Online flight ticket booking\"},{\"@type\":\"BreadcrumbList\",\"@id\":\"https:\\\/\\\/tiketi.com\\\/flights-from-dar-es-salaam-selous\\\/#breadcrumb\",\"itemListElement\":[{\"@type\":\"ListItem\",\"position\":1,\"name\":\"Home\",\"item\":\"https:\\\/\\\/tiketi.com\\\/\"},{\"@type\":\"ListItem\",\"position\":2,\"name\":\"Cheap Flights from Dar es Salaam to Selous Game Reserve\"}]},{\"@type\":\"WebSite\",\"@id\":\"https:\\\/\\\/tiketi.com\\\/#website\",\"url\":\"https:\\\/\\\/tiketi.com\\\/\",\"name\":\"Flight & Bus Tickets, Tour Packages & Activitites - Tiketi.com\",\"description\":\"Flight &amp; Bus Tickets, Tours, Activitites\",\"publisher\":{\"@id\":\"https:\\\/\\\/tiketi.com\\\/#organization\"},\"potentialAction\":[{\"@type\":\"SearchAction\",\"target\":{\"@type\":\"EntryPoint\",\"urlTemplate\":\"https:\\\/\\\/tiketi.com\\\/?s={search_term_string}\"},\"query-input\":{\"@type\":\"PropertyValueSpecification\",\"valueRequired\":true,\"valueName\":\"search_term_string\"}}],\"inLanguage\":\"fr-FR\"},{\"@type\":\"Organization\",\"@id\":\"https:\\\/\\\/tiketi.com\\\/#organization\",\"name\":\"Tiketi.com\",\"alternateName\":\"Tiketi\",\"url\":\"https:\\\/\\\/tiketi.com\\\/\",\"logo\":{\"@type\":\"ImageObject\",\"inLanguage\":\"fr-FR\",\"@id\":\"https:\\\/\\\/tiketi.com\\\/#\\\/schema\\\/logo\\\/image\\\/\",\"url\":\"https:\\\/\\\/tiketi.com\\\/wp-content\\\/uploads\\\/2019\\\/05\\\/tiketi-logo-696.png\",\"contentUrl\":\"https:\\\/\\\/tiketi.com\\\/wp-content\\\/uploads\\\/2019\\\/05\\\/tiketi-logo-696.png\",\"width\":696,\"height\":696,\"caption\":\"Tiketi.com\"},\"image\":{\"@id\":\"https:\\\/\\\/tiketi.com\\\/#\\\/schema\\\/logo\\\/image\\\/\"},\"sameAs\":[\"https:\\\/\\\/www.facebook.com\\\/TiketiCom\\\/\"]}]}<\/script>\n<!-- \/ Yoast SEO plugin. -->","yoast_head_json":{"title":"Vols \u00e0 bas prix de Dar es Salam \u00e0 R\u00e9serve de gibier de Selous","description":"Vous recherchez des vols \u00e0 bas prix de Dar es Salaam \u00e0 R\u00e9serve de gibier de Selous ? Comparez et r\u00e9servez en ligne les billets d&#039;avion pas chers de Dar es Salaam \u00e0 Selous Game Reserve","robots":{"index":"index","follow":"follow","max-snippet":"max-snippet:-1","max-image-preview":"max-image-preview:large","max-video-preview":"max-video-preview:-1"},"canonical":"https:\/\/tiketi.com\/fr-fr\/flights-from-dar-es-salaam-selous\/","og_locale":"fr_FR","og_type":"article","og_title":"Cheap Flights from Dar es Salaam to Selous Game Reserve","og_description":"Looking for cheap flights from\u00a0Dar es Salaam to Selous Game Reserve? Compare and book cheap airline ticket from Dar es Salaam to Selous Game Reserve online","og_url":"https:\/\/tiketi.com\/fr-fr\/flights-from-dar-es-salaam-selous\/","og_site_name":"Tiketi.com","article_publisher":"https:\/\/www.facebook.com\/TiketiCom\/","article_modified_time":"2022-08-31T13:06:24+00:00","og_image":[{"width":1200,"height":240,"url":"https:\/\/tiketi.com\/wp-content\/uploads\/2022\/01\/flight-ticket-booking-sorasak-KxCJXXGsv9I-unsplas.jpg","type":"image\/jpeg"}],"twitter_card":"summary_large_image","twitter_misc":{"Dur\u00e9e de lecture estim\u00e9e":"3 minutes"},"schema":{"@context":"https:\/\/schema.org","@graph":[{"@type":"WebPage","@id":"https:\/\/tiketi.com\/flights-from-dar-es-salaam-selous\/","url":"https:\/\/tiketi.com\/flights-from-dar-es-salaam-selous\/","name":"Vols \u00e0 bas prix de Dar es Salam \u00e0 R\u00e9serve de gibier de Selous","isPartOf":{"@id":"https:\/\/tiketi.com\/#website"},"primaryImageOfPage":{"@id":"https:\/\/tiketi.com\/flights-from-dar-es-salaam-selous\/#primaryimage"},"image":{"@id":"https:\/\/tiketi.com\/flights-from-dar-es-salaam-selous\/#primaryimage"},"thumbnailUrl":"https:\/\/tiketi.com\/wp-content\/uploads\/2022\/01\/flight-ticket-booking-sorasak-KxCJXXGsv9I-unsplas.jpg","datePublished":"2022-01-19T11:55:13+00:00","dateModified":"2022-08-31T13:06:24+00:00","description":"Vous recherchez des vols \u00e0 bas prix de Dar es Salaam \u00e0 R\u00e9serve de gibier de Selous ? Comparez et r\u00e9servez en ligne les billets d&#039;avion pas chers de Dar es Salaam \u00e0 Selous Game Reserve","breadcrumb":{"@id":"https:\/\/tiketi.com\/flights-from-dar-es-salaam-selous\/#breadcrumb"},"inLanguage":"fr-FR","potentialAction":[{"@type":"ReadAction","target":["https:\/\/tiketi.com\/flights-from-dar-es-salaam-selous\/"]}]},{"@type":"ImageObject","inLanguage":"fr-FR","@id":"https:\/\/tiketi.com\/flights-from-dar-es-salaam-selous\/#primaryimage","url":"https:\/\/tiketi.com\/wp-content\/uploads\/2022\/01\/flight-ticket-booking-sorasak-KxCJXXGsv9I-unsplas.jpg","contentUrl":"https:\/\/tiketi.com\/wp-content\/uploads\/2022\/01\/flight-ticket-booking-sorasak-KxCJXXGsv9I-unsplas.jpg","width":1200,"height":240,"caption":"Online flight ticket booking"},{"@type":"BreadcrumbList","@id":"https:\/\/tiketi.com\/flights-from-dar-es-salaam-selous\/#breadcrumb","itemListElement":[{"@type":"ListItem","position":1,"name":"Home","item":"https:\/\/tiketi.com\/"},{"@type":"ListItem","position":2,"name":"Cheap Flights from Dar es Salaam to Selous Game Reserve"}]},{"@type":"WebSite","@id":"https:\/\/tiketi.com\/#website","url":"https:\/\/tiketi.com\/","name":"Billets d&#039;avion et de bus, forfaits touristiques et activit\u00e9s - Tiketi.com","description":"Billets d&#039;avion et de bus, Tours, Activit\u00e9s","publisher":{"@id":"https:\/\/tiketi.com\/#organization"},"potentialAction":[{"@type":"SearchAction","target":{"@type":"EntryPoint","urlTemplate":"https:\/\/tiketi.com\/?s={search_term_string}"},"query-input":{"@type":"PropertyValueSpecification","valueRequired":true,"valueName":"search_term_string"}}],"inLanguage":"fr-FR"},{"@type":"Organization","@id":"https:\/\/tiketi.com\/#organization","name":"Tiketi.com","alternateName":"Tiketi","url":"https:\/\/tiketi.com\/","logo":{"@type":"ImageObject","inLanguage":"fr-FR","@id":"https:\/\/tiketi.com\/#\/schema\/logo\/image\/","url":"https:\/\/tiketi.com\/wp-content\/uploads\/2019\/05\/tiketi-logo-696.png","contentUrl":"https:\/\/tiketi.com\/wp-content\/uploads\/2019\/05\/tiketi-logo-696.png","width":696,"height":696,"caption":"Tiketi.com"},"image":{"@id":"https:\/\/tiketi.com\/#\/schema\/logo\/image\/"},"sameAs":["https:\/\/www.facebook.com\/TiketiCom\/"]}]}},"_links":{"self":[{"href":"https:\/\/tiketi.com\/fr-fr\/wp-json\/wp\/v2\/pages\/11805","targetHints":{"allow":["GET"]}}],"collection":[{"href":"https:\/\/tiketi.com\/fr-fr\/wp-json\/wp\/v2\/pages"}],"about":[{"href":"https:\/\/tiketi.com\/fr-fr\/wp-json\/wp\/v2\/types\/page"}],"author":[{"embeddable":true,"href":"https:\/\/tiketi.com\/fr-fr\/wp-json\/wp\/v2\/users\/1"}],"replies":[{"embeddable":true,"href":"https:\/\/tiketi.com\/fr-fr\/wp-json\/wp\/v2\/comments?post=11805"}],"version-history":[{"count":0,"href":"https:\/\/tiketi.com\/fr-fr\/wp-json\/wp\/v2\/pages\/11805\/revisions"}],"wp:featuredmedia":[{"embeddable":true,"href":"https:\/\/tiketi.com\/fr-fr\/wp-json\/wp\/v2\/media\/14041"}],"wp:attachment":[{"href":"https:\/\/tiketi.com\/fr-fr\/wp-json\/wp\/v2\/media?parent=11805"}],"curies":[{"name":"wp","href":"https:\/\/api.w.org\/{rel}","templated":true}]}}