{"id":11806,"date":"2022-01-19T12:55:13","date_gmt":"2022-01-19T11:55:13","guid":{"rendered":"https:\/\/new.tiketi.com\/cheap-flights-from-dar-es-salaam-to-selous-mtemere\/"},"modified":"2022-07-26T11:24:41","modified_gmt":"2022-07-26T10:24:41","slug":"flights-dar-es-salaam-selous-mtemere-tcaa","status":"publish","type":"page","link":"https:\/\/tiketi.com\/fr-fr\/flights-dar-es-salaam-selous-mtemere-tcaa\/","title":{"rendered":"Vols \u00e0 bas prix de Dar es Salam \u00e0 Selous Mtemere"},"content":{"rendered":"<div class=\"wpb-content-wrapper\"><div class=\"vc_row wpb_row st bg-holder\"><div class='container'><div class='row'>\n\t<div class=\"wpb_column column_container col-md-12\"><div class=\"vc_column-inner wpb_wrapper\">\n\t\t\t\n\t<div class=\"wpb_text_column wpb_content_element\" >\n\t\t<div class=\"wpb_wrapper\">\n\t\t\t<style>\n      @keyframes spinner {<br \/>        0% {<br \/>          transform: translate3d(-50%, -50%, 0) rotate(0deg);<br \/>        }<br \/>        100% {<br \/>          transform: translate3d(-50%, -50%, 0) rotate(360deg);<br \/>        }<br \/>      }<br \/>      .spin::before {<br \/>        animation: 1.5s linear infinite spinner;<br \/>        animation-play-state: inherit;<br \/>        border: solid 5px #cfd0d1;<br \/>        border-bottom-color: #1c87c9;<br \/>        border-radius: 50%;<br \/>        content: \"\";<br \/>        height: 40px;<br \/>        width: 40px;<br \/>        position: absolute;<br \/>        top: 50%;<br \/>        left: 50%;<br \/>        transform: translate3d(-50%, -50%, 0);<br \/>        will-change: transform;<br \/>      }<\/p>\n<p>      iframe {<br \/>        height: 100vh !important;<br \/>        width: 100%;<br \/>      }<\/p>\n<\/style>\n<div id=\"logs\">\u00a0<\/div>\n<p><iframe id=\"travelstartIframe-39daee2d-b6c4-4404-bbbc-efabeb5045db\" style=\"margin: 0px; padding: 0px; border: 0px; height: 0px; background-color: #fafafa;\" frameborder=\"0\" scrolling=\"auto\"><br \/><\/iframe><\/p>\n<div class=\"spin\">\u00a0<\/div>\n<p><img loading=\"lazy\" decoding=\"async\" style=\"position: absolute; visibility: hidden;\" src=\"https:\/\/travelstart.zwjlk6.net\/i\/1876953\/619152\/5446\" width=\"0\" height=\"0\" border=\"0\" \/><\/p>\n<p><noscript><a href=\"https:\/\/travelstart.zwjlk6.net\/c\/1226055\/1302577\/5446\">Travelstart<\/a><\/noscript><\/p>\n\n\t\t<\/div>\n\t<\/div>\n<\/div>\n\t<\/div> \n<\/div><!--End .row--><\/div><!--End .container--><\/div>\r\n\r\n<h2>Vous recherchez un billet d&#039;avion pas cher de Dar es Salam \u00e0 Selous Mtemere ou des offres de derni\u00e8re minute ?<\/h2>\r\n<h3>Cherchez, comparez et r\u00e9servez en ligne maintenant un billet d&#039;avion pas cher entre Dar es Salaam (DAR) et Selous Mtemere (TCAA).<\/h3>\r\nR\u00e9servez en ligne des vols \u00e0 bas prix de Dar es Salam \u00e0 Selous Mtemere et \u00e9conomisez du temps et de l&#039;argent. C&#039;est un magnifique parc en Tanzanie ainsi qu&#039;en Afrique, et le deuxi\u00e8me plus grand de la plan\u00e8te couvrant une superficie de 45 000 km2. Qu&#039;attendez-vous pour r\u00e9server des offres exceptionnelles sur les billets d&#039;avion de Dar es Salam \u00e0 Selous Mtemere en ligne maintenant et volez de Dar es Salam \u00e0 Selous Mtemere \u00e0 bas prix.\r\n<h2>Voici quelques-unes des meilleures attractions de Selous<\/h2>\r\nC&#039;est l&#039;\u00e9norme parc de Tanzanie et le deuxi\u00e8me plus grand au monde avec une superficie de 45 000 km2. Sa place est presque au sud de la Tanzanie. La rivi\u00e8re Rufiji est une rivi\u00e8re c\u00e9l\u00e8bre qui se trouve \u00e0 l&#039;int\u00e9rieur du parc et utilis\u00e9e pour localiser le parc. On suppose qu&#039;il y a plus d&#039;un million d&#039;animaux dans le parc, qui est probablement connu pour son grand nombre d&#039;\u00e9l\u00e9phants. Il y a aussi des rhinoc\u00e9ros parmi d&#039;autres animaux que vous \u00eates susceptible de voir, y compris des hippopotames, des lions, des buffles, des crocodiles et des chiens sauvages africains, tandis que plus de quatre cents esp\u00e8ces d&#039;oiseaux ont \u00e9t\u00e9 introduites tout en contenant des martins-p\u00eacheurs, des aigles p\u00eacheurs, des h\u00e9rons, divers oiseaux aquatiques et oiseaux de proie. D&#039;autres attractions incluent les gorges de Stieglers, la rivi\u00e8re Rufiji. Vous pouvez \u00e9galement voir et voir la beaut\u00e9 de la r\u00e9serve de Selous \u00e0 pied et en bateau en dehors de l&#039;utilisation de la route. Vous pouvez voyager par la route Dar es Salaam \u2013 Kibiti \u2013 Mkongo. Kibi est le dernier endroit o\u00f9 vous pourrez vous procurer de l&#039;essence. Il y a ensuite une trentaine de km de Kibiti \u00e0 Mkongo, o\u00f9 une bifurcation vers l&#039;ouest vous m\u00e8nera au bout de 75 km jusqu&#039;\u00e0 la porte de Mtemere.\r\n<h2>FAQ sur les vols pas chers de Dar es Salam \u00e0 Selous Mtemere<\/h2>\r\n<h3>Combien de compagnies a\u00e9riennes proposent des billets d&#039;avion depuis Dar es Salam vers Selous Mtemere sans escale ?<\/h3>\r\nLe billet d&#039;avion de Dar es Salaam \u00e0 Selous Mtemere peut \u00eatre r\u00e9serv\u00e9 en ligne aupr\u00e8s de plusieurs compagnies a\u00e9riennes qui desservent Dar es Salaam \u00e0 Selous Mtemere, notamment Safari Air link, Auric Air et Coastal Aviation.\r\n<h3>Quel a\u00e9roport propose des vols pas chers de Dar es Salam \u00e0 Selous Mtemere ?<\/h3>\r\nLa plupart des safaris \u00e0 Selous - Mtemere sont des plans de vol depuis Dar es Salaam. Le point d&#039;entr\u00e9e pour la plupart des touristes dans le pays sera l&#039;a\u00e9roport international Julius Nyerere juste \u00e0 l&#039;ext\u00e9rieur de Dar es Salaam.\r\n<h3>Quelle est la dur\u00e9e moyenne d&#039;un vol Dar es Salam-Selous Mtemere ?<\/h3>\r\nLes vols durent environ quarante-cinq minutes de Dar es Salaam aux vols de Selous Mtemere et il est possible de voler vers \/ depuis Zanzibar et d&#039;autres r\u00e9gions de Tanzanie.\r\n<h3>Quelle est la distance entre Selous Game reserve et Dar es Salam ?<\/h3>\r\nLa r\u00e9serve de gibier de Selous se trouve \u00e0 278 km de l&#039;a\u00e9roport international de Dar es Salaam.\r\n<h2>Conseils sur les vols Dar es Salam - Selous Mtemere<\/h2>\r\n\u2022 Actuellement, trente-six compagnies a\u00e9riennes op\u00e8rent \u00e0 partir de l&#039;a\u00e9roport international de Dar es Salaam. \u2022 A\u00e9roport international de Dar es Salaam. L&#039;a\u00e9roport propose des vols sans escale vers vingt-neuf villes. \u2022 Chaque semaine, pr\u00e8s de 230 vols locaux et 170 vols internationaux partent de l&#039;a\u00e9roport international de Dar es Salaam.<\/div>","protected":false},"excerpt":{"rendered":"<p>Looking for cheap airline ticket from Dar es Salaam to Selous Mtemere\u00a0or last minute deals? Search, compare and book cheap airline ticket from Dar es Salaam (DAR) to Selous Mtemere (TCAA) online now. Book cheap flights from Dar es Salaam to Selous Mtemere online and save time and money. This is a wonderful park in [&hellip;]<\/p>\n","protected":false},"author":1,"featured_media":14041,"parent":0,"menu_order":0,"comment_status":"open","ping_status":"closed","template":"template-home-modern.php","meta":{"footnotes":""},"class_list":["post-11806","page","type-page","status-publish","has-post-thumbnail","hentry"],"yoast_head":"<!-- This site is optimized with the Yoast SEO plugin v27.3 - https:\/\/yoast.com\/product\/yoast-seo-wordpress\/ -->\n<title>Cheap Flights from Dar es Salaam to Selous Mtemere<\/title>\n<meta name=\"description\" content=\"Looking for cheap flights from\u00a0Dar es Salaam to Mwanza? Search, compare and book cheap airline ticket from Dar es Salaam to Mwanza online\" \/>\n<meta name=\"robots\" content=\"index, follow, max-snippet:-1, max-image-preview:large, max-video-preview:-1\" \/>\n<link rel=\"canonical\" href=\"https:\/\/tiketi.com\/fr-fr\/flights-dar-es-salaam-selous-mtemere-tcaa\/\" \/>\n<meta property=\"og:locale\" content=\"fr_FR\" \/>\n<meta property=\"og:type\" content=\"article\" \/>\n<meta property=\"og:title\" content=\"Cheap Flights from Dar es Salaam to Selous Mtemere\" \/>\n<meta property=\"og:description\" content=\"Looking for cheap flights from\u00a0Dar es Salaam to Mwanza? Search, compare and book cheap airline ticket from Dar es Salaam to Mwanza online\" \/>\n<meta property=\"og:url\" content=\"https:\/\/tiketi.com\/fr-fr\/flights-dar-es-salaam-selous-mtemere-tcaa\/\" \/>\n<meta property=\"og:site_name\" content=\"Tiketi.com\" \/>\n<meta property=\"article:publisher\" content=\"https:\/\/www.facebook.com\/TiketiCom\/\" \/>\n<meta property=\"article:modified_time\" content=\"2022-07-26T10:24:41+00:00\" \/>\n<meta property=\"og:image\" content=\"https:\/\/tiketi.com\/wp-content\/uploads\/2022\/01\/flight-ticket-booking-sorasak-KxCJXXGsv9I-unsplas.jpg\" \/>\n\t<meta property=\"og:image:width\" content=\"1200\" \/>\n\t<meta property=\"og:image:height\" content=\"240\" \/>\n\t<meta property=\"og:image:type\" content=\"image\/jpeg\" \/>\n<meta name=\"twitter:card\" content=\"summary_large_image\" \/>\n<meta name=\"twitter:label1\" content=\"Dur\u00e9e de lecture estim\u00e9e\" \/>\n\t<meta name=\"twitter:data1\" content=\"3 minutes\" \/>\n<script type=\"application\/ld+json\" class=\"yoast-schema-graph\">{\"@context\":\"https:\\\/\\\/schema.org\",\"@graph\":[{\"@type\":\"WebPage\",\"@id\":\"https:\\\/\\\/tiketi.com\\\/flights-dar-es-salaam-selous-mtemere-tcaa\\\/\",\"url\":\"https:\\\/\\\/tiketi.com\\\/flights-dar-es-salaam-selous-mtemere-tcaa\\\/\",\"name\":\"Cheap Flights from Dar es Salaam to Selous Mtemere\",\"isPartOf\":{\"@id\":\"https:\\\/\\\/tiketi.com\\\/#website\"},\"primaryImageOfPage\":{\"@id\":\"https:\\\/\\\/tiketi.com\\\/flights-dar-es-salaam-selous-mtemere-tcaa\\\/#primaryimage\"},\"image\":{\"@id\":\"https:\\\/\\\/tiketi.com\\\/flights-dar-es-salaam-selous-mtemere-tcaa\\\/#primaryimage\"},\"thumbnailUrl\":\"https:\\\/\\\/tiketi.com\\\/wp-content\\\/uploads\\\/2022\\\/01\\\/flight-ticket-booking-sorasak-KxCJXXGsv9I-unsplas.jpg\",\"datePublished\":\"2022-01-19T11:55:13+00:00\",\"dateModified\":\"2022-07-26T10:24:41+00:00\",\"description\":\"Looking for cheap flights from\u00a0Dar es Salaam to Mwanza? Search, compare and book cheap airline ticket from Dar es Salaam to Mwanza online\",\"breadcrumb\":{\"@id\":\"https:\\\/\\\/tiketi.com\\\/flights-dar-es-salaam-selous-mtemere-tcaa\\\/#breadcrumb\"},\"inLanguage\":\"fr-FR\",\"potentialAction\":[{\"@type\":\"ReadAction\",\"target\":[\"https:\\\/\\\/tiketi.com\\\/flights-dar-es-salaam-selous-mtemere-tcaa\\\/\"]}]},{\"@type\":\"ImageObject\",\"inLanguage\":\"fr-FR\",\"@id\":\"https:\\\/\\\/tiketi.com\\\/flights-dar-es-salaam-selous-mtemere-tcaa\\\/#primaryimage\",\"url\":\"https:\\\/\\\/tiketi.com\\\/wp-content\\\/uploads\\\/2022\\\/01\\\/flight-ticket-booking-sorasak-KxCJXXGsv9I-unsplas.jpg\",\"contentUrl\":\"https:\\\/\\\/tiketi.com\\\/wp-content\\\/uploads\\\/2022\\\/01\\\/flight-ticket-booking-sorasak-KxCJXXGsv9I-unsplas.jpg\",\"width\":1200,\"height\":240,\"caption\":\"Online flight ticket booking\"},{\"@type\":\"BreadcrumbList\",\"@id\":\"https:\\\/\\\/tiketi.com\\\/flights-dar-es-salaam-selous-mtemere-tcaa\\\/#breadcrumb\",\"itemListElement\":[{\"@type\":\"ListItem\",\"position\":1,\"name\":\"Home\",\"item\":\"https:\\\/\\\/tiketi.com\\\/\"},{\"@type\":\"ListItem\",\"position\":2,\"name\":\"Cheap Flights from Dar es Salaam to Selous Mtemere\"}]},{\"@type\":\"WebSite\",\"@id\":\"https:\\\/\\\/tiketi.com\\\/#website\",\"url\":\"https:\\\/\\\/tiketi.com\\\/\",\"name\":\"Flight & Bus Tickets, Tour Packages & Activitites - Tiketi.com\",\"description\":\"Flight &amp; Bus Tickets, Tours, Activitites\",\"publisher\":{\"@id\":\"https:\\\/\\\/tiketi.com\\\/#organization\"},\"potentialAction\":[{\"@type\":\"SearchAction\",\"target\":{\"@type\":\"EntryPoint\",\"urlTemplate\":\"https:\\\/\\\/tiketi.com\\\/?s={search_term_string}\"},\"query-input\":{\"@type\":\"PropertyValueSpecification\",\"valueRequired\":true,\"valueName\":\"search_term_string\"}}],\"inLanguage\":\"fr-FR\"},{\"@type\":\"Organization\",\"@id\":\"https:\\\/\\\/tiketi.com\\\/#organization\",\"name\":\"Tiketi.com\",\"alternateName\":\"Tiketi\",\"url\":\"https:\\\/\\\/tiketi.com\\\/\",\"logo\":{\"@type\":\"ImageObject\",\"inLanguage\":\"fr-FR\",\"@id\":\"https:\\\/\\\/tiketi.com\\\/#\\\/schema\\\/logo\\\/image\\\/\",\"url\":\"https:\\\/\\\/tiketi.com\\\/wp-content\\\/uploads\\\/2019\\\/05\\\/tiketi-logo-696.png\",\"contentUrl\":\"https:\\\/\\\/tiketi.com\\\/wp-content\\\/uploads\\\/2019\\\/05\\\/tiketi-logo-696.png\",\"width\":696,\"height\":696,\"caption\":\"Tiketi.com\"},\"image\":{\"@id\":\"https:\\\/\\\/tiketi.com\\\/#\\\/schema\\\/logo\\\/image\\\/\"},\"sameAs\":[\"https:\\\/\\\/www.facebook.com\\\/TiketiCom\\\/\"]}]}<\/script>\n<!-- \/ Yoast SEO plugin. -->","yoast_head_json":{"title":"Vols \u00e0 bas prix de Dar es Salam \u00e0 Selous Mtemere","description":"Vous recherchez des vols \u00e0 bas prix de Dar es Salam \u00e0 Mwanza ? Recherchez, comparez et r\u00e9servez en ligne un billet d&#039;avion pas cher de Dar es Salam \u00e0 Mwanza","robots":{"index":"index","follow":"follow","max-snippet":"max-snippet:-1","max-image-preview":"max-image-preview:large","max-video-preview":"max-video-preview:-1"},"canonical":"https:\/\/tiketi.com\/fr-fr\/flights-dar-es-salaam-selous-mtemere-tcaa\/","og_locale":"fr_FR","og_type":"article","og_title":"Cheap Flights from Dar es Salaam to Selous Mtemere","og_description":"Looking for cheap flights from\u00a0Dar es Salaam to Mwanza? Search, compare and book cheap airline ticket from Dar es Salaam to Mwanza online","og_url":"https:\/\/tiketi.com\/fr-fr\/flights-dar-es-salaam-selous-mtemere-tcaa\/","og_site_name":"Tiketi.com","article_publisher":"https:\/\/www.facebook.com\/TiketiCom\/","article_modified_time":"2022-07-26T10:24:41+00:00","og_image":[{"width":1200,"height":240,"url":"https:\/\/tiketi.com\/wp-content\/uploads\/2022\/01\/flight-ticket-booking-sorasak-KxCJXXGsv9I-unsplas.jpg","type":"image\/jpeg"}],"twitter_card":"summary_large_image","twitter_misc":{"Dur\u00e9e de lecture estim\u00e9e":"3 minutes"},"schema":{"@context":"https:\/\/schema.org","@graph":[{"@type":"WebPage","@id":"https:\/\/tiketi.com\/flights-dar-es-salaam-selous-mtemere-tcaa\/","url":"https:\/\/tiketi.com\/flights-dar-es-salaam-selous-mtemere-tcaa\/","name":"Vols \u00e0 bas prix de Dar es Salam \u00e0 Selous Mtemere","isPartOf":{"@id":"https:\/\/tiketi.com\/#website"},"primaryImageOfPage":{"@id":"https:\/\/tiketi.com\/flights-dar-es-salaam-selous-mtemere-tcaa\/#primaryimage"},"image":{"@id":"https:\/\/tiketi.com\/flights-dar-es-salaam-selous-mtemere-tcaa\/#primaryimage"},"thumbnailUrl":"https:\/\/tiketi.com\/wp-content\/uploads\/2022\/01\/flight-ticket-booking-sorasak-KxCJXXGsv9I-unsplas.jpg","datePublished":"2022-01-19T11:55:13+00:00","dateModified":"2022-07-26T10:24:41+00:00","description":"Vous recherchez des vols \u00e0 bas prix de Dar es Salam \u00e0 Mwanza ? Recherchez, comparez et r\u00e9servez en ligne un billet d&#039;avion pas cher de Dar es Salam \u00e0 Mwanza","breadcrumb":{"@id":"https:\/\/tiketi.com\/flights-dar-es-salaam-selous-mtemere-tcaa\/#breadcrumb"},"inLanguage":"fr-FR","potentialAction":[{"@type":"ReadAction","target":["https:\/\/tiketi.com\/flights-dar-es-salaam-selous-mtemere-tcaa\/"]}]},{"@type":"ImageObject","inLanguage":"fr-FR","@id":"https:\/\/tiketi.com\/flights-dar-es-salaam-selous-mtemere-tcaa\/#primaryimage","url":"https:\/\/tiketi.com\/wp-content\/uploads\/2022\/01\/flight-ticket-booking-sorasak-KxCJXXGsv9I-unsplas.jpg","contentUrl":"https:\/\/tiketi.com\/wp-content\/uploads\/2022\/01\/flight-ticket-booking-sorasak-KxCJXXGsv9I-unsplas.jpg","width":1200,"height":240,"caption":"Online flight ticket booking"},{"@type":"BreadcrumbList","@id":"https:\/\/tiketi.com\/flights-dar-es-salaam-selous-mtemere-tcaa\/#breadcrumb","itemListElement":[{"@type":"ListItem","position":1,"name":"Home","item":"https:\/\/tiketi.com\/"},{"@type":"ListItem","position":2,"name":"Cheap Flights from Dar es Salaam to Selous Mtemere"}]},{"@type":"WebSite","@id":"https:\/\/tiketi.com\/#website","url":"https:\/\/tiketi.com\/","name":"Billets d&#039;avion et de bus, forfaits touristiques et activit\u00e9s - Tiketi.com","description":"Billets d&#039;avion et de bus, Tours, Activit\u00e9s","publisher":{"@id":"https:\/\/tiketi.com\/#organization"},"potentialAction":[{"@type":"SearchAction","target":{"@type":"EntryPoint","urlTemplate":"https:\/\/tiketi.com\/?s={search_term_string}"},"query-input":{"@type":"PropertyValueSpecification","valueRequired":true,"valueName":"search_term_string"}}],"inLanguage":"fr-FR"},{"@type":"Organization","@id":"https:\/\/tiketi.com\/#organization","name":"Tiketi.com","alternateName":"Tiketi","url":"https:\/\/tiketi.com\/","logo":{"@type":"ImageObject","inLanguage":"fr-FR","@id":"https:\/\/tiketi.com\/#\/schema\/logo\/image\/","url":"https:\/\/tiketi.com\/wp-content\/uploads\/2019\/05\/tiketi-logo-696.png","contentUrl":"https:\/\/tiketi.com\/wp-content\/uploads\/2019\/05\/tiketi-logo-696.png","width":696,"height":696,"caption":"Tiketi.com"},"image":{"@id":"https:\/\/tiketi.com\/#\/schema\/logo\/image\/"},"sameAs":["https:\/\/www.facebook.com\/TiketiCom\/"]}]}},"_links":{"self":[{"href":"https:\/\/tiketi.com\/fr-fr\/wp-json\/wp\/v2\/pages\/11806","targetHints":{"allow":["GET"]}}],"collection":[{"href":"https:\/\/tiketi.com\/fr-fr\/wp-json\/wp\/v2\/pages"}],"about":[{"href":"https:\/\/tiketi.com\/fr-fr\/wp-json\/wp\/v2\/types\/page"}],"author":[{"embeddable":true,"href":"https:\/\/tiketi.com\/fr-fr\/wp-json\/wp\/v2\/users\/1"}],"replies":[{"embeddable":true,"href":"https:\/\/tiketi.com\/fr-fr\/wp-json\/wp\/v2\/comments?post=11806"}],"version-history":[{"count":0,"href":"https:\/\/tiketi.com\/fr-fr\/wp-json\/wp\/v2\/pages\/11806\/revisions"}],"wp:featuredmedia":[{"embeddable":true,"href":"https:\/\/tiketi.com\/fr-fr\/wp-json\/wp\/v2\/media\/14041"}],"wp:attachment":[{"href":"https:\/\/tiketi.com\/fr-fr\/wp-json\/wp\/v2\/media?parent=11806"}],"curies":[{"name":"wp","href":"https:\/\/api.w.org\/{rel}","templated":true}]}}