{"id":11807,"date":"2022-01-19T12:55:13","date_gmt":"2022-01-19T11:55:13","guid":{"rendered":"https:\/\/new.tiketi.com\/cheap-flights-from-dar-es-salaam-to-pemba-island\/"},"modified":"2022-03-31T15:05:31","modified_gmt":"2022-03-31T14:05:31","slug":"flights-dar-es-salaam-pemba-island-pol","status":"publish","type":"page","link":"https:\/\/tiketi.com\/fr-fr\/flights-dar-es-salaam-pemba-island-pol\/","title":{"rendered":"Vols \u00e0 bas prix de Dar es Salam \u00e0 \u00cele de Pemba"},"content":{"rendered":"<h2>Vous recherchez un billet d&#039;avion pas cher de Dar es Salam \u00e0 Pemba Island ou des offres de derni\u00e8re minute ?<\/h2>\n<h3>Cherchez, comparez et r\u00e9servez en ligne maintenant un billet d&#039;avion pas cher entre Dar es Salaam (DAR) et Pemba Island (POL).<\/h3>\n<p>R\u00e9servez en ligne des vols \u00e0 bas prix de Dar es Salam \u00e0 \u00cele de Pemba et \u00e9conomisez du temps et de l&#039;argent. L&#039;\u00eele de Pemba fait partie de l&#039;archipel tanzanien de Zanzibar, au large des c\u00f4tes de l&#039;Afrique de l&#039;Est. Vous pouvez visiter Pemba gr\u00e2ce \u00e0 des offres exceptionnelles sur les billets d&#039;avion de Le Cap \u00e0 Londres et voler de Dar es Salaam \u00e0 Pemba Island sur des vols pas chers.<\/p>\n<h3>Voici quelques-unes des meilleures attractions de l&#039;\u00eele de Pemba\u00a0:<\/h3>\n<h3>Kidike Flying Fox Sanctuaire<\/h3>\n<p>Le sanctuaire de Kidike abrite une remarquable colonie de renards volants de Pemba, une grande chauve-souris indig\u00e8ne de Pemba. Environ 4 000 individus sont suspendus dans des parcelles d&#039;arbres, prenant g\u00e9n\u00e9ralement l&#039;air, clairement visibles pendant la journ\u00e9e, non d\u00e9rang\u00e9s par les domestiques gr\u00e2ce \u00e0 la proximit\u00e9 d&#039;un lieu de s\u00e9pulture domestique. Il y a une petite plate-forme d&#039;observation pour que vous puissiez voir plus clairement.<\/p>\n<h3>Ruines de Mkame Ndume<\/h3>\n<p>L&#039;endroit en ruine de Mohammed bin Abdual Rahman, qui r\u00e9gnait sur l&#039;\u00eele de Pemba avant l&#039;arriv\u00e9e des Portugais. Rahman avait un statut de cruaut\u00e9 et \u00e9tait c\u00e9l\u00e8bre sous le nom de Mkame Ndume. Aujourd&#039;hui, la principale caract\u00e9ristique des ruines est un grand escalier en pierre qui partait du canal d&#039;un kilom\u00e8tre de long reliant cet endroit \u00e0 l&#039;oc\u00e9an.<\/p>\n<h3>Ruines de Ras Mkumbuu<\/h3>\n<p>Ras Mkumbuu est le promontoire \u00e0 l&#039;extr\u00e9mit\u00e9 de la mince bande de terre qui s&#039;avance dans la mer nord-ouest de Chake Chake. C&#039;est aussi le nom donn\u00e9 aux ruines d&#039;une tr\u00e8s ancienne colonie, autrefois connue sous le nom de Qanbalu, datant du VIIIe si\u00e8cle, qui au d\u00e9but du Xe si\u00e8cle \u00e9tait devenue l&#039;une des grandes villes de la c\u00f4te est-africaine.<\/p>\n<h2>FAQ sur les vols pas chers de Dar es Salaam \u00e0 Pemba Island<\/h2>\n<h3>Quelles compagnies a\u00e9riennes proposent des billets d&#039;avion pas chers de Dar es Salaam \u00e0 Pemba Island ?<\/h3>\n<p>Oman Air, Precision Air, Auric Air service, Charterlines fournissent des billets d&#039;avion bon march\u00e9 de Dar es Salaam \u00e0 l&#039;\u00eele de Pemba.<\/p>\n<h3>Combien de temps dure le vol Dar es Salaam \u00e0 Pemba Island le moins cher ?<\/h3>\n<p>Il n&#039;y a pas de vols directs entre Dar es Salaam et l&#039;\u00eele de Pemba. Le vol le plus rapide dure 1h50.<\/p>\n<h3>Quelle distance y a-t-il entre Dar es Salaam et l&#039;\u00eele de Pemba ?<\/h3>\n<p>La distance entre Pemba et Dar es Salam est de 194 km.<\/p>\n<h2>Conseils sur les vols de Dar es Salaam \u00e0 Pemba Island<\/h2>\n<p>\u2022 Dar es Salaam est \u00e0 200\u00a0km de l&#039;\u00eele de Pemba<\/p>\n<p>\u2022 Zanzibar, Tanzanie \u2013 Zanzibar Kisamu est la liaison la plus c\u00e9l\u00e8bre pour les vols \u00e0 escale entre l&#039;\u00eele de Pemba et Dar es Salaam.<\/p>\n<p>\u2022 Faisant partie de l&#039;archipel de Zanzibar, l&#039;\u00eele de Pemba r\u00e9serve bien des surprises. L&#039;\u00eele pr\u00e9sente de magnifiques plantations de clous de girofle, des plages, des r\u00e9cifs coralliens, des collines verdoyantes et une vie marine abondante. La distance totale entre Dar es Salaam et l&#039;\u00eele de Pemba est d&#039;environ 180 km et le temps de vol moyen est d&#039;environ une heure. Avec les vols directs de Dar es Salaam \u00e0 l&#039;\u00eele de Pemba, il est plus facile de s&#039;y rendre rapidement et en toute s\u00e9curit\u00e9.<\/p>","protected":false},"excerpt":{"rendered":"<p>Looking for cheap airline ticket from Dar es Salaam to Pemba Island or last minute deals? Search, compare and book cheap airline ticket from Dar es Salaam (DAR) to Pemba Island (POL) online now. Book cheap flights from Dar es Salaam to Pemba Island online and save time and money. Pemba Island is part of [&hellip;]<\/p>\n","protected":false},"author":1,"featured_media":14041,"parent":0,"menu_order":0,"comment_status":"open","ping_status":"closed","template":"template-home-modern.php","meta":{"footnotes":""},"class_list":["post-11807","page","type-page","status-publish","has-post-thumbnail","hentry"],"yoast_head":"<!-- This site is optimized with the Yoast SEO plugin v27.3 - https:\/\/yoast.com\/product\/yoast-seo-wordpress\/ -->\n<title>Cheap Flights from\u00a0Dar es Salaam to Pemba Island<\/title>\n<meta name=\"description\" content=\"Looking for cheap flights from\u00a0Dar es Salaam to Pemba Island? Search, compare and book cheap airline ticket from Dar es Salaam to Pemba Island online\" \/>\n<meta name=\"robots\" content=\"index, follow, max-snippet:-1, max-image-preview:large, max-video-preview:-1\" \/>\n<link rel=\"canonical\" href=\"https:\/\/tiketi.com\/fr-fr\/flights-dar-es-salaam-pemba-island-pol\/\" \/>\n<meta property=\"og:locale\" content=\"fr_FR\" \/>\n<meta property=\"og:type\" content=\"article\" \/>\n<meta property=\"og:title\" content=\"Cheap Flights from\u00a0Dar es Salaam to Pemba Island\" \/>\n<meta property=\"og:description\" content=\"Looking for cheap flights from\u00a0Dar es Salaam to Pemba Island? Search, compare and book cheap airline ticket from Dar es Salaam to Pemba Island online\" \/>\n<meta property=\"og:url\" content=\"https:\/\/tiketi.com\/fr-fr\/flights-dar-es-salaam-pemba-island-pol\/\" \/>\n<meta property=\"og:site_name\" content=\"Tiketi.com\" \/>\n<meta property=\"article:publisher\" content=\"https:\/\/www.facebook.com\/TiketiCom\/\" \/>\n<meta property=\"article:modified_time\" content=\"2022-03-31T14:05:31+00:00\" \/>\n<meta property=\"og:image\" content=\"https:\/\/tiketi.com\/wp-content\/uploads\/2022\/01\/flight-ticket-booking-sorasak-KxCJXXGsv9I-unsplas.jpg\" \/>\n\t<meta property=\"og:image:width\" content=\"1200\" \/>\n\t<meta property=\"og:image:height\" content=\"240\" \/>\n\t<meta property=\"og:image:type\" content=\"image\/jpeg\" \/>\n<meta name=\"twitter:card\" content=\"summary_large_image\" \/>\n<meta name=\"twitter:label1\" content=\"Dur\u00e9e de lecture estim\u00e9e\" \/>\n\t<meta name=\"twitter:data1\" content=\"3 minutes\" \/>\n<script type=\"application\/ld+json\" class=\"yoast-schema-graph\">{\"@context\":\"https:\\\/\\\/schema.org\",\"@graph\":[{\"@type\":\"WebPage\",\"@id\":\"https:\\\/\\\/tiketi.com\\\/sw\\\/flights-dar-es-salaam-pemba-island-pol\\\/\",\"url\":\"https:\\\/\\\/tiketi.com\\\/sw\\\/flights-dar-es-salaam-pemba-island-pol\\\/\",\"name\":\"Cheap Flights from\u00a0Dar es Salaam to Pemba Island\",\"isPartOf\":{\"@id\":\"https:\\\/\\\/tiketi.com\\\/#website\"},\"primaryImageOfPage\":{\"@id\":\"https:\\\/\\\/tiketi.com\\\/sw\\\/flights-dar-es-salaam-pemba-island-pol\\\/#primaryimage\"},\"image\":{\"@id\":\"https:\\\/\\\/tiketi.com\\\/sw\\\/flights-dar-es-salaam-pemba-island-pol\\\/#primaryimage\"},\"thumbnailUrl\":\"https:\\\/\\\/tiketi.com\\\/wp-content\\\/uploads\\\/2022\\\/01\\\/flight-ticket-booking-sorasak-KxCJXXGsv9I-unsplas.jpg\",\"datePublished\":\"2022-01-19T11:55:13+00:00\",\"dateModified\":\"2022-03-31T14:05:31+00:00\",\"description\":\"Looking for cheap flights from\u00a0Dar es Salaam to Pemba Island? Search, compare and book cheap airline ticket from Dar es Salaam to Pemba Island online\",\"breadcrumb\":{\"@id\":\"https:\\\/\\\/tiketi.com\\\/sw\\\/flights-dar-es-salaam-pemba-island-pol\\\/#breadcrumb\"},\"inLanguage\":\"fr-FR\",\"potentialAction\":[{\"@type\":\"ReadAction\",\"target\":[\"https:\\\/\\\/tiketi.com\\\/sw\\\/flights-dar-es-salaam-pemba-island-pol\\\/\"]}]},{\"@type\":\"ImageObject\",\"inLanguage\":\"fr-FR\",\"@id\":\"https:\\\/\\\/tiketi.com\\\/sw\\\/flights-dar-es-salaam-pemba-island-pol\\\/#primaryimage\",\"url\":\"https:\\\/\\\/tiketi.com\\\/wp-content\\\/uploads\\\/2022\\\/01\\\/flight-ticket-booking-sorasak-KxCJXXGsv9I-unsplas.jpg\",\"contentUrl\":\"https:\\\/\\\/tiketi.com\\\/wp-content\\\/uploads\\\/2022\\\/01\\\/flight-ticket-booking-sorasak-KxCJXXGsv9I-unsplas.jpg\",\"width\":1200,\"height\":240,\"caption\":\"Online flight ticket booking\"},{\"@type\":\"BreadcrumbList\",\"@id\":\"https:\\\/\\\/tiketi.com\\\/sw\\\/flights-dar-es-salaam-pemba-island-pol\\\/#breadcrumb\",\"itemListElement\":[{\"@type\":\"ListItem\",\"position\":1,\"name\":\"Home\",\"item\":\"https:\\\/\\\/tiketi.com\\\/\"},{\"@type\":\"ListItem\",\"position\":2,\"name\":\"Cheap Flights from\u00a0Dar es Salaam to Pemba Island\"}]},{\"@type\":\"WebSite\",\"@id\":\"https:\\\/\\\/tiketi.com\\\/#website\",\"url\":\"https:\\\/\\\/tiketi.com\\\/\",\"name\":\"Flight & Bus Tickets, Tour Packages & Activitites - Tiketi.com\",\"description\":\"Flight &amp; Bus Tickets, Tours, Activitites\",\"publisher\":{\"@id\":\"https:\\\/\\\/tiketi.com\\\/#organization\"},\"potentialAction\":[{\"@type\":\"SearchAction\",\"target\":{\"@type\":\"EntryPoint\",\"urlTemplate\":\"https:\\\/\\\/tiketi.com\\\/?s={search_term_string}\"},\"query-input\":{\"@type\":\"PropertyValueSpecification\",\"valueRequired\":true,\"valueName\":\"search_term_string\"}}],\"inLanguage\":\"fr-FR\"},{\"@type\":\"Organization\",\"@id\":\"https:\\\/\\\/tiketi.com\\\/#organization\",\"name\":\"Tiketi.com\",\"alternateName\":\"Tiketi\",\"url\":\"https:\\\/\\\/tiketi.com\\\/\",\"logo\":{\"@type\":\"ImageObject\",\"inLanguage\":\"fr-FR\",\"@id\":\"https:\\\/\\\/tiketi.com\\\/#\\\/schema\\\/logo\\\/image\\\/\",\"url\":\"https:\\\/\\\/tiketi.com\\\/wp-content\\\/uploads\\\/2019\\\/05\\\/tiketi-logo-696.png\",\"contentUrl\":\"https:\\\/\\\/tiketi.com\\\/wp-content\\\/uploads\\\/2019\\\/05\\\/tiketi-logo-696.png\",\"width\":696,\"height\":696,\"caption\":\"Tiketi.com\"},\"image\":{\"@id\":\"https:\\\/\\\/tiketi.com\\\/#\\\/schema\\\/logo\\\/image\\\/\"},\"sameAs\":[\"https:\\\/\\\/www.facebook.com\\\/TiketiCom\\\/\"]}]}<\/script>\n<!-- \/ Yoast SEO plugin. -->","yoast_head_json":{"title":"Vols \u00e0 bas prix de Dar es Salam \u00e0 \u00cele de Pemba","description":"Vous recherchez des vols \u00e0 bas prix de Dar es Salaam \u00e0 Pemba Island ? Recherchez, comparez et r\u00e9servez en ligne un billet d&#039;avion pas cher de Dar es Salaam \u00e0 Pemba Island","robots":{"index":"index","follow":"follow","max-snippet":"max-snippet:-1","max-image-preview":"max-image-preview:large","max-video-preview":"max-video-preview:-1"},"canonical":"https:\/\/tiketi.com\/fr-fr\/flights-dar-es-salaam-pemba-island-pol\/","og_locale":"fr_FR","og_type":"article","og_title":"Cheap Flights from\u00a0Dar es Salaam to Pemba Island","og_description":"Looking for cheap flights from\u00a0Dar es Salaam to Pemba Island? Search, compare and book cheap airline ticket from Dar es Salaam to Pemba Island online","og_url":"https:\/\/tiketi.com\/fr-fr\/flights-dar-es-salaam-pemba-island-pol\/","og_site_name":"Tiketi.com","article_publisher":"https:\/\/www.facebook.com\/TiketiCom\/","article_modified_time":"2022-03-31T14:05:31+00:00","og_image":[{"width":1200,"height":240,"url":"https:\/\/tiketi.com\/wp-content\/uploads\/2022\/01\/flight-ticket-booking-sorasak-KxCJXXGsv9I-unsplas.jpg","type":"image\/jpeg"}],"twitter_card":"summary_large_image","twitter_misc":{"Dur\u00e9e de lecture estim\u00e9e":"3 minutes"},"schema":{"@context":"https:\/\/schema.org","@graph":[{"@type":"WebPage","@id":"https:\/\/tiketi.com\/sw\/flights-dar-es-salaam-pemba-island-pol\/","url":"https:\/\/tiketi.com\/sw\/flights-dar-es-salaam-pemba-island-pol\/","name":"Vols \u00e0 bas prix de Dar es Salam \u00e0 \u00cele de Pemba","isPartOf":{"@id":"https:\/\/tiketi.com\/#website"},"primaryImageOfPage":{"@id":"https:\/\/tiketi.com\/sw\/flights-dar-es-salaam-pemba-island-pol\/#primaryimage"},"image":{"@id":"https:\/\/tiketi.com\/sw\/flights-dar-es-salaam-pemba-island-pol\/#primaryimage"},"thumbnailUrl":"https:\/\/tiketi.com\/wp-content\/uploads\/2022\/01\/flight-ticket-booking-sorasak-KxCJXXGsv9I-unsplas.jpg","datePublished":"2022-01-19T11:55:13+00:00","dateModified":"2022-03-31T14:05:31+00:00","description":"Vous recherchez des vols \u00e0 bas prix de Dar es Salaam \u00e0 Pemba Island ? Recherchez, comparez et r\u00e9servez en ligne un billet d&#039;avion pas cher de Dar es Salaam \u00e0 Pemba Island","breadcrumb":{"@id":"https:\/\/tiketi.com\/sw\/flights-dar-es-salaam-pemba-island-pol\/#breadcrumb"},"inLanguage":"fr-FR","potentialAction":[{"@type":"ReadAction","target":["https:\/\/tiketi.com\/sw\/flights-dar-es-salaam-pemba-island-pol\/"]}]},{"@type":"ImageObject","inLanguage":"fr-FR","@id":"https:\/\/tiketi.com\/sw\/flights-dar-es-salaam-pemba-island-pol\/#primaryimage","url":"https:\/\/tiketi.com\/wp-content\/uploads\/2022\/01\/flight-ticket-booking-sorasak-KxCJXXGsv9I-unsplas.jpg","contentUrl":"https:\/\/tiketi.com\/wp-content\/uploads\/2022\/01\/flight-ticket-booking-sorasak-KxCJXXGsv9I-unsplas.jpg","width":1200,"height":240,"caption":"Online flight ticket booking"},{"@type":"BreadcrumbList","@id":"https:\/\/tiketi.com\/sw\/flights-dar-es-salaam-pemba-island-pol\/#breadcrumb","itemListElement":[{"@type":"ListItem","position":1,"name":"Home","item":"https:\/\/tiketi.com\/"},{"@type":"ListItem","position":2,"name":"Cheap Flights from\u00a0Dar es Salaam to Pemba Island"}]},{"@type":"WebSite","@id":"https:\/\/tiketi.com\/#website","url":"https:\/\/tiketi.com\/","name":"Billets d&#039;avion et de bus, forfaits touristiques et activit\u00e9s - Tiketi.com","description":"Billets d&#039;avion et de bus, Tours, Activit\u00e9s","publisher":{"@id":"https:\/\/tiketi.com\/#organization"},"potentialAction":[{"@type":"SearchAction","target":{"@type":"EntryPoint","urlTemplate":"https:\/\/tiketi.com\/?s={search_term_string}"},"query-input":{"@type":"PropertyValueSpecification","valueRequired":true,"valueName":"search_term_string"}}],"inLanguage":"fr-FR"},{"@type":"Organization","@id":"https:\/\/tiketi.com\/#organization","name":"Tiketi.com","alternateName":"Tiketi","url":"https:\/\/tiketi.com\/","logo":{"@type":"ImageObject","inLanguage":"fr-FR","@id":"https:\/\/tiketi.com\/#\/schema\/logo\/image\/","url":"https:\/\/tiketi.com\/wp-content\/uploads\/2019\/05\/tiketi-logo-696.png","contentUrl":"https:\/\/tiketi.com\/wp-content\/uploads\/2019\/05\/tiketi-logo-696.png","width":696,"height":696,"caption":"Tiketi.com"},"image":{"@id":"https:\/\/tiketi.com\/#\/schema\/logo\/image\/"},"sameAs":["https:\/\/www.facebook.com\/TiketiCom\/"]}]}},"_links":{"self":[{"href":"https:\/\/tiketi.com\/fr-fr\/wp-json\/wp\/v2\/pages\/11807","targetHints":{"allow":["GET"]}}],"collection":[{"href":"https:\/\/tiketi.com\/fr-fr\/wp-json\/wp\/v2\/pages"}],"about":[{"href":"https:\/\/tiketi.com\/fr-fr\/wp-json\/wp\/v2\/types\/page"}],"author":[{"embeddable":true,"href":"https:\/\/tiketi.com\/fr-fr\/wp-json\/wp\/v2\/users\/1"}],"replies":[{"embeddable":true,"href":"https:\/\/tiketi.com\/fr-fr\/wp-json\/wp\/v2\/comments?post=11807"}],"version-history":[{"count":0,"href":"https:\/\/tiketi.com\/fr-fr\/wp-json\/wp\/v2\/pages\/11807\/revisions"}],"wp:featuredmedia":[{"embeddable":true,"href":"https:\/\/tiketi.com\/fr-fr\/wp-json\/wp\/v2\/media\/14041"}],"wp:attachment":[{"href":"https:\/\/tiketi.com\/fr-fr\/wp-json\/wp\/v2\/media?parent=11807"}],"curies":[{"name":"wp","href":"https:\/\/api.w.org\/{rel}","templated":true}]}}