{"id":11808,"date":"2022-01-19T12:55:13","date_gmt":"2022-01-19T11:55:13","guid":{"rendered":"https:\/\/new.tiketi.com\/cheap-flights-from-dar-es-salaam-to-dodoma\/"},"modified":"2022-09-14T13:47:58","modified_gmt":"2022-09-14T12:47:58","slug":"dar-es-salaam-dodoma-dar-dod","status":"publish","type":"page","link":"https:\/\/tiketi.com\/fr-fr\/cheap-flights\/dar-es-salaam-dodoma-dar-dod\/","title":{"rendered":"Vols \u00e0 bas prix de Dar es Salam \u00e0 Dodoma"},"content":{"rendered":"<h2>Vous recherchez un billet d&#039;avion pas cher de Dar es Salam \u00e0 Dodoma ou des offres de derni\u00e8re minute ?<\/h2>\n<h3>Recherchez, comparez et r\u00e9servez un billet d&#039;avion pas cher depuis <span style=\"font-size: 16px;\">Dar es Salam (DAR) vers Dodoma (DOD) <\/span>maintenant en ligne.<\/h3>\n<p>R\u00e9servez en ligne des vols \u00e0 bas prix de Dar es Salam \u00e0 Dodoma et \u00e9conomisez du temps et de l&#039;argent. Situ\u00e9 au c\u0153ur de la Tanzanie, Dodoma est le si\u00e8ge politique et administratif officiel de la nation dans le pays. Dodoma a de nombreux endroits et points d&#039;int\u00e9r\u00eat \u00e0 conseiller aux visiteurs de passage. C&#039;est le centre de l&#039;industrie viticole en pleine croissance en Tanzanie et la soci\u00e9t\u00e9 Tanganyika Vineyards est active dans la commercialisation de ses produits. Vous pouvez visiter Dodoma gr\u00e2ce \u00e0 des offres exceptionnelles sur les billets d&#039;avion de Dar es Salam \u00e0 Dodoma et voler de Dar es Salaam \u00e0 Dodoma \u00e0 bas prix.<\/p>\n<h2>Voici quelques-unes des meilleures attractions<\/h2>\n<h3>Mosqu\u00e9e Kadhafi<\/h3>\n<p>Financ\u00e9e par le dictateur libyen renvers\u00e9 et construite en 2010, la mosqu\u00e9e rose Kadhafi se trouve au nord du centre dans l&#039;une des plus grandes mosqu\u00e9es d&#039;Afrique de l&#039;Est. Il peut contenir un remarquable 4500 fid\u00e8les.<\/p>\n<h3>Place Nyerere<\/h3>\n<p>Peut \u00eatre trouv\u00e9 au centre du CBD \u00e0 Dodoma. Nyerere Square a \u00e9t\u00e9 cr\u00e9\u00e9 \u00e0 la m\u00e9moire de Mwl. Julius K. Nyerere, premier pr\u00e9sident de la R\u00e9publique de Tanzanie, et a beaucoup d&#039;importance historique. Il vaut la peine de faire une escale et d&#039;y passer votre d\u00e9jeuner tout en prenant quelques images.<\/p>\n<h3>Mus\u00e9e des GoSciences<\/h3>\n<p>Vous devrez payer pour vous amuser dans ce mus\u00e9e populaire, mais une fois \u00e0 l&#039;int\u00e9rieur, vous aurez acc\u00e8s \u00e0 cette collection plut\u00f4t abandonn\u00e9e d&#039;\u00e9chantillons g\u00e9ologiques et rocheux. Soyez averti que ce n&#039;est pas la plus grande carte \u00e0 tirer pour amener quiconque \u00e0 visiter un mus\u00e9e et vous ne verrez peut-\u00eatre rien que vous trouveriez particuli\u00e8rement captivant.<\/p>\n<h2>FAQ sur les vols pas chers de Dar es Salam \u00e0 Dodoma<\/h2>\n<h3>Combien de temps dure un vol Dar es Salam-Dodoma ?<\/h3>\n<p>La dur\u00e9e moyenne d&#039;un vol Dar es Salam-Dodoma est de 1 h 0 min.<\/p>\n<h3>Combien de compagnies a\u00e9riennes op\u00e8rent des vols Dar es Salam - Dodoma ?<\/h3>\n<p>Deux compagnies a\u00e9riennes proposent des vols directs entre Dar es Salaam et Dodoma.<\/p>\n<h3>Combien de vols Dar es Salam-Dodoma sont op\u00e9r\u00e9s en moyenne par semaine ?<\/h3>\n<p>Il y a dix-huit vols par semaine entre Dar es Salaam et Dodoma.<\/p>\n<h3>Quelles sont les compagnies a\u00e9riennes les plus c\u00e9l\u00e8bres op\u00e9rant des billets d&#039;avion pas chers de Dar es Salaam \u00e0 Dodoma ?<\/h3>\n<p>Auric Air et Air Tanzania proposent des billets d&#039;avion pas chers de Dar es Salaam \u00e0 Dodoma.<\/p>\n<h2>Conseils sur les vols Dar es Salam - Dodoma<\/h2>\n<p>\u2022 La distance de vol moyenne de Dar es Salaam \u00e0 Dodoma est \u00e9gale \u00e0 340 km.<\/p>\n<p>\u2022 Trois compagnies a\u00e9riennes proposent des vols directs de Dar es Salaam \u00e0 Dodoma.<\/p>\n<p>\u2022 L&#039;offre a\u00e9rienne la plus connue de Dar es Salaam \u00e0 Dodoma est Precision Air.<\/p>\n<p>\u2022 Le temps de vol le plus rapide pour les vols directs de Dar es Salaam \u00e0 Dodoma est d&#039;une heure. La dur\u00e9e moyenne des vols est d&#039;une heure trente minutes.<\/p>\n<p>\u2022 Les premiers vols de la journ\u00e9e partent \u00e0 5h50. Le dernier vol de la journ\u00e9e part \u00e0 15h30.<\/p>","protected":false},"excerpt":{"rendered":"<p>Looking for cheap airline ticket from Dar es Salaam to Dodoma\u00a0or last minute deals? Search, compare and book cheap airline ticket from Dar es Salaam (DAR) to Dodoma (DOD) online now. Book cheap flights from Dar es Salaam to Dodoma online and save time and money. Placed in the heartland of Tanzania, Dodoma is the [&hellip;]<\/p>\n","protected":false},"author":1,"featured_media":14041,"parent":23264,"menu_order":0,"comment_status":"open","ping_status":"closed","template":"template-home-modern.php","meta":{"footnotes":""},"class_list":["post-11808","page","type-page","status-publish","has-post-thumbnail","hentry"],"yoast_head":"<!-- This site is optimized with the Yoast SEO plugin v27.3 - https:\/\/yoast.com\/product\/yoast-seo-wordpress\/ -->\n<title>Cheap Flights from Dar es Salaam to Dodoma<\/title>\n<meta name=\"description\" content=\"Looking for cheap flights from\u00a0Dar es Salaam to Dodoma? Search, compare and book cheap airline ticket from Dar es Salaam to Dodoma online\" \/>\n<meta name=\"robots\" content=\"index, follow, max-snippet:-1, max-image-preview:large, max-video-preview:-1\" \/>\n<link rel=\"canonical\" href=\"https:\/\/tiketi.com\/fr-fr\/nauli-ndege\/dar-es-salaam-kwenda-dodoma-dar-dod\/\" \/>\n<meta property=\"og:locale\" content=\"fr_FR\" \/>\n<meta property=\"og:type\" content=\"article\" \/>\n<meta property=\"og:title\" content=\"Cheap Flights from Dar es Salaam to Dodoma\" \/>\n<meta property=\"og:description\" content=\"Looking for cheap flights from\u00a0Dar es Salaam to Dodoma? Search, compare and book cheap airline ticket from Dar es Salaam to Dodoma online\" \/>\n<meta property=\"og:url\" content=\"https:\/\/tiketi.com\/fr-fr\/nauli-ndege\/dar-es-salaam-kwenda-dodoma-dar-dod\/\" \/>\n<meta property=\"og:site_name\" content=\"Tiketi.com\" \/>\n<meta property=\"article:publisher\" content=\"https:\/\/www.facebook.com\/TiketiCom\/\" \/>\n<meta property=\"article:modified_time\" content=\"2022-09-14T12:47:58+00:00\" \/>\n<meta property=\"og:image\" content=\"https:\/\/tiketi.com\/wp-content\/uploads\/2022\/01\/flight-ticket-booking-sorasak-KxCJXXGsv9I-unsplas.jpg\" \/>\n\t<meta property=\"og:image:width\" content=\"1200\" \/>\n\t<meta property=\"og:image:height\" content=\"240\" \/>\n\t<meta property=\"og:image:type\" content=\"image\/jpeg\" \/>\n<meta name=\"twitter:card\" content=\"summary_large_image\" \/>\n<meta name=\"twitter:label1\" content=\"Dur\u00e9e de lecture estim\u00e9e\" \/>\n\t<meta name=\"twitter:data1\" content=\"3 minutes\" \/>\n<script type=\"application\/ld+json\" class=\"yoast-schema-graph\">{\"@context\":\"https:\\\/\\\/schema.org\",\"@graph\":[{\"@type\":\"WebPage\",\"@id\":\"https:\\\/\\\/tiketi.com\\\/sw\\\/nauli-ndege\\\/dar-es-salaam-kwenda-dodoma-dar-dod\\\/\",\"url\":\"https:\\\/\\\/tiketi.com\\\/sw\\\/nauli-ndege\\\/dar-es-salaam-kwenda-dodoma-dar-dod\\\/\",\"name\":\"Cheap Flights from Dar es Salaam to Dodoma\",\"isPartOf\":{\"@id\":\"https:\\\/\\\/tiketi.com\\\/#website\"},\"primaryImageOfPage\":{\"@id\":\"https:\\\/\\\/tiketi.com\\\/sw\\\/nauli-ndege\\\/dar-es-salaam-kwenda-dodoma-dar-dod\\\/#primaryimage\"},\"image\":{\"@id\":\"https:\\\/\\\/tiketi.com\\\/sw\\\/nauli-ndege\\\/dar-es-salaam-kwenda-dodoma-dar-dod\\\/#primaryimage\"},\"thumbnailUrl\":\"https:\\\/\\\/tiketi.com\\\/wp-content\\\/uploads\\\/2022\\\/01\\\/flight-ticket-booking-sorasak-KxCJXXGsv9I-unsplas.jpg\",\"datePublished\":\"2022-01-19T11:55:13+00:00\",\"dateModified\":\"2022-09-14T12:47:58+00:00\",\"description\":\"Looking for cheap flights from\u00a0Dar es Salaam to Dodoma? Search, compare and book cheap airline ticket from Dar es Salaam to Dodoma online\",\"breadcrumb\":{\"@id\":\"https:\\\/\\\/tiketi.com\\\/sw\\\/nauli-ndege\\\/dar-es-salaam-kwenda-dodoma-dar-dod\\\/#breadcrumb\"},\"inLanguage\":\"fr-FR\",\"potentialAction\":[{\"@type\":\"ReadAction\",\"target\":[\"https:\\\/\\\/tiketi.com\\\/sw\\\/nauli-ndege\\\/dar-es-salaam-kwenda-dodoma-dar-dod\\\/\"]}]},{\"@type\":\"ImageObject\",\"inLanguage\":\"fr-FR\",\"@id\":\"https:\\\/\\\/tiketi.com\\\/sw\\\/nauli-ndege\\\/dar-es-salaam-kwenda-dodoma-dar-dod\\\/#primaryimage\",\"url\":\"https:\\\/\\\/tiketi.com\\\/wp-content\\\/uploads\\\/2022\\\/01\\\/flight-ticket-booking-sorasak-KxCJXXGsv9I-unsplas.jpg\",\"contentUrl\":\"https:\\\/\\\/tiketi.com\\\/wp-content\\\/uploads\\\/2022\\\/01\\\/flight-ticket-booking-sorasak-KxCJXXGsv9I-unsplas.jpg\",\"width\":1200,\"height\":240,\"caption\":\"Online flight ticket booking\"},{\"@type\":\"BreadcrumbList\",\"@id\":\"https:\\\/\\\/tiketi.com\\\/sw\\\/nauli-ndege\\\/dar-es-salaam-kwenda-dodoma-dar-dod\\\/#breadcrumb\",\"itemListElement\":[{\"@type\":\"ListItem\",\"position\":1,\"name\":\"Home\",\"item\":\"https:\\\/\\\/tiketi.com\\\/\"},{\"@type\":\"ListItem\",\"position\":2,\"name\":\"Cheap Flights\",\"item\":\"https:\\\/\\\/tiketi.com\\\/cheap-flights\\\/\"},{\"@type\":\"ListItem\",\"position\":3,\"name\":\"Cheap Flights from Dar es Salaam to Dodoma\"}]},{\"@type\":\"WebSite\",\"@id\":\"https:\\\/\\\/tiketi.com\\\/#website\",\"url\":\"https:\\\/\\\/tiketi.com\\\/\",\"name\":\"Flight & Bus Tickets, Tour Packages & Activitites - Tiketi.com\",\"description\":\"Flight &amp; Bus Tickets, Tours, Activitites\",\"publisher\":{\"@id\":\"https:\\\/\\\/tiketi.com\\\/#organization\"},\"potentialAction\":[{\"@type\":\"SearchAction\",\"target\":{\"@type\":\"EntryPoint\",\"urlTemplate\":\"https:\\\/\\\/tiketi.com\\\/?s={search_term_string}\"},\"query-input\":{\"@type\":\"PropertyValueSpecification\",\"valueRequired\":true,\"valueName\":\"search_term_string\"}}],\"inLanguage\":\"fr-FR\"},{\"@type\":\"Organization\",\"@id\":\"https:\\\/\\\/tiketi.com\\\/#organization\",\"name\":\"Tiketi.com\",\"alternateName\":\"Tiketi\",\"url\":\"https:\\\/\\\/tiketi.com\\\/\",\"logo\":{\"@type\":\"ImageObject\",\"inLanguage\":\"fr-FR\",\"@id\":\"https:\\\/\\\/tiketi.com\\\/#\\\/schema\\\/logo\\\/image\\\/\",\"url\":\"https:\\\/\\\/tiketi.com\\\/wp-content\\\/uploads\\\/2019\\\/05\\\/tiketi-logo-696.png\",\"contentUrl\":\"https:\\\/\\\/tiketi.com\\\/wp-content\\\/uploads\\\/2019\\\/05\\\/tiketi-logo-696.png\",\"width\":696,\"height\":696,\"caption\":\"Tiketi.com\"},\"image\":{\"@id\":\"https:\\\/\\\/tiketi.com\\\/#\\\/schema\\\/logo\\\/image\\\/\"},\"sameAs\":[\"https:\\\/\\\/www.facebook.com\\\/TiketiCom\\\/\"]}]}<\/script>\n<!-- \/ Yoast SEO plugin. -->","yoast_head_json":{"title":"Vols \u00e0 bas prix de Dar es Salam \u00e0 Dodoma","description":"Vous recherchez des vols \u00e0 bas prix de Dar es Salam \u00e0 Dodoma ? Recherchez, comparez et r\u00e9servez en ligne un billet d&#039;avion pas cher de Dar es Salam \u00e0 Dodoma","robots":{"index":"index","follow":"follow","max-snippet":"max-snippet:-1","max-image-preview":"max-image-preview:large","max-video-preview":"max-video-preview:-1"},"canonical":"https:\/\/tiketi.com\/fr-fr\/nauli-ndege\/dar-es-salaam-kwenda-dodoma-dar-dod\/","og_locale":"fr_FR","og_type":"article","og_title":"Cheap Flights from Dar es Salaam to Dodoma","og_description":"Looking for cheap flights from\u00a0Dar es Salaam to Dodoma? Search, compare and book cheap airline ticket from Dar es Salaam to Dodoma online","og_url":"https:\/\/tiketi.com\/fr-fr\/nauli-ndege\/dar-es-salaam-kwenda-dodoma-dar-dod\/","og_site_name":"Tiketi.com","article_publisher":"https:\/\/www.facebook.com\/TiketiCom\/","article_modified_time":"2022-09-14T12:47:58+00:00","og_image":[{"width":1200,"height":240,"url":"https:\/\/tiketi.com\/wp-content\/uploads\/2022\/01\/flight-ticket-booking-sorasak-KxCJXXGsv9I-unsplas.jpg","type":"image\/jpeg"}],"twitter_card":"summary_large_image","twitter_misc":{"Dur\u00e9e de lecture estim\u00e9e":"3 minutes"},"schema":{"@context":"https:\/\/schema.org","@graph":[{"@type":"WebPage","@id":"https:\/\/tiketi.com\/sw\/nauli-ndege\/dar-es-salaam-kwenda-dodoma-dar-dod\/","url":"https:\/\/tiketi.com\/sw\/nauli-ndege\/dar-es-salaam-kwenda-dodoma-dar-dod\/","name":"Vols \u00e0 bas prix de Dar es Salam \u00e0 Dodoma","isPartOf":{"@id":"https:\/\/tiketi.com\/#website"},"primaryImageOfPage":{"@id":"https:\/\/tiketi.com\/sw\/nauli-ndege\/dar-es-salaam-kwenda-dodoma-dar-dod\/#primaryimage"},"image":{"@id":"https:\/\/tiketi.com\/sw\/nauli-ndege\/dar-es-salaam-kwenda-dodoma-dar-dod\/#primaryimage"},"thumbnailUrl":"https:\/\/tiketi.com\/wp-content\/uploads\/2022\/01\/flight-ticket-booking-sorasak-KxCJXXGsv9I-unsplas.jpg","datePublished":"2022-01-19T11:55:13+00:00","dateModified":"2022-09-14T12:47:58+00:00","description":"Vous recherchez des vols \u00e0 bas prix de Dar es Salam \u00e0 Dodoma ? Recherchez, comparez et r\u00e9servez en ligne un billet d&#039;avion pas cher de Dar es Salam \u00e0 Dodoma","breadcrumb":{"@id":"https:\/\/tiketi.com\/sw\/nauli-ndege\/dar-es-salaam-kwenda-dodoma-dar-dod\/#breadcrumb"},"inLanguage":"fr-FR","potentialAction":[{"@type":"ReadAction","target":["https:\/\/tiketi.com\/sw\/nauli-ndege\/dar-es-salaam-kwenda-dodoma-dar-dod\/"]}]},{"@type":"ImageObject","inLanguage":"fr-FR","@id":"https:\/\/tiketi.com\/sw\/nauli-ndege\/dar-es-salaam-kwenda-dodoma-dar-dod\/#primaryimage","url":"https:\/\/tiketi.com\/wp-content\/uploads\/2022\/01\/flight-ticket-booking-sorasak-KxCJXXGsv9I-unsplas.jpg","contentUrl":"https:\/\/tiketi.com\/wp-content\/uploads\/2022\/01\/flight-ticket-booking-sorasak-KxCJXXGsv9I-unsplas.jpg","width":1200,"height":240,"caption":"Online flight ticket booking"},{"@type":"BreadcrumbList","@id":"https:\/\/tiketi.com\/sw\/nauli-ndege\/dar-es-salaam-kwenda-dodoma-dar-dod\/#breadcrumb","itemListElement":[{"@type":"ListItem","position":1,"name":"Home","item":"https:\/\/tiketi.com\/"},{"@type":"ListItem","position":2,"name":"Cheap Flights","item":"https:\/\/tiketi.com\/cheap-flights\/"},{"@type":"ListItem","position":3,"name":"Cheap Flights from Dar es Salaam to Dodoma"}]},{"@type":"WebSite","@id":"https:\/\/tiketi.com\/#website","url":"https:\/\/tiketi.com\/","name":"Billets d&#039;avion et de bus, forfaits touristiques et activit\u00e9s - Tiketi.com","description":"Billets d&#039;avion et de bus, Tours, Activit\u00e9s","publisher":{"@id":"https:\/\/tiketi.com\/#organization"},"potentialAction":[{"@type":"SearchAction","target":{"@type":"EntryPoint","urlTemplate":"https:\/\/tiketi.com\/?s={search_term_string}"},"query-input":{"@type":"PropertyValueSpecification","valueRequired":true,"valueName":"search_term_string"}}],"inLanguage":"fr-FR"},{"@type":"Organization","@id":"https:\/\/tiketi.com\/#organization","name":"Tiketi.com","alternateName":"Tiketi","url":"https:\/\/tiketi.com\/","logo":{"@type":"ImageObject","inLanguage":"fr-FR","@id":"https:\/\/tiketi.com\/#\/schema\/logo\/image\/","url":"https:\/\/tiketi.com\/wp-content\/uploads\/2019\/05\/tiketi-logo-696.png","contentUrl":"https:\/\/tiketi.com\/wp-content\/uploads\/2019\/05\/tiketi-logo-696.png","width":696,"height":696,"caption":"Tiketi.com"},"image":{"@id":"https:\/\/tiketi.com\/#\/schema\/logo\/image\/"},"sameAs":["https:\/\/www.facebook.com\/TiketiCom\/"]}]}},"_links":{"self":[{"href":"https:\/\/tiketi.com\/fr-fr\/wp-json\/wp\/v2\/pages\/11808","targetHints":{"allow":["GET"]}}],"collection":[{"href":"https:\/\/tiketi.com\/fr-fr\/wp-json\/wp\/v2\/pages"}],"about":[{"href":"https:\/\/tiketi.com\/fr-fr\/wp-json\/wp\/v2\/types\/page"}],"author":[{"embeddable":true,"href":"https:\/\/tiketi.com\/fr-fr\/wp-json\/wp\/v2\/users\/1"}],"replies":[{"embeddable":true,"href":"https:\/\/tiketi.com\/fr-fr\/wp-json\/wp\/v2\/comments?post=11808"}],"version-history":[{"count":0,"href":"https:\/\/tiketi.com\/fr-fr\/wp-json\/wp\/v2\/pages\/11808\/revisions"}],"up":[{"embeddable":true,"href":"https:\/\/tiketi.com\/fr-fr\/wp-json\/wp\/v2\/pages\/23264"}],"wp:featuredmedia":[{"embeddable":true,"href":"https:\/\/tiketi.com\/fr-fr\/wp-json\/wp\/v2\/media\/14041"}],"wp:attachment":[{"href":"https:\/\/tiketi.com\/fr-fr\/wp-json\/wp\/v2\/media?parent=11808"}],"curies":[{"name":"wp","href":"https:\/\/api.w.org\/{rel}","templated":true}]}}