{"id":11809,"date":"2022-01-19T12:55:14","date_gmt":"2022-01-19T11:55:14","guid":{"rendered":"https:\/\/new.tiketi.com\/cheap-flights-from-mwanza-to-dar-es-salaam\/"},"modified":"2023-12-08T11:29:54","modified_gmt":"2023-12-08T10:29:54","slug":"mwanza-to-dar-es-salaam","status":"publish","type":"page","link":"https:\/\/tiketi.com\/fr-fr\/cheap-flights\/mwanza-to-dar-es-salaam\/","title":{"rendered":"Vols \u00e0 bas prix de Mwanza \u00e0 Dar es Salam"},"content":{"rendered":"<h2>Vous recherchez un billet d&#039;avion pas cher de Mwanza \u00e0 Dar es Salam ou des offres de derni\u00e8re minute ?<\/h2>\n<h3>Cherchez, comparez et r\u00e9servez en ligne maintenant un billet d&#039;avion pas cher entre Mwanza (MWZ) et Dar es Salaam (DAR).<\/h3>\n<p><span style=\"font-size: revert; color: initial;\">R\u00e9servez en ligne des vols \u00e0 bas prix de Mwanza \u00e0 Dar es Salam et \u00e9conomisez de l&#039;argent sur les billets d&#039;avion. Dar es Salaam est situ\u00e9e en Tanzanie et est l&#039;ancienne capitale. Il est c\u00e9l\u00e8bre pour la musique Bongo-flava et le plat le plus courant est l&#039;Ugali. Il est g\u00e9n\u00e9ralement compos\u00e9 de ma\u00efs et a une consistance similaire \u00e0 une p\u00e2te ferme ou \u00e0 une bouillie. Comparez les prix et obtenez le tarif le plus bas sur les billets d&#039;avion de Mwanza \u00e0 Dar es Salaam gr\u00e2ce \u00e0 des offres exceptionnelles sur la r\u00e9servation de billets en ligne de vols de Mwanza \u00e0 Dar es Salaam.<\/span><\/p>\n<h2>Voici quelques-unes des meilleures attractions de Dar es Salaam<\/h2>\n<h3>mus\u00e9e national<\/h3>\n<p>Ce mus\u00e9e national tr\u00e8s populaire a ouvert ses portes en 1940 et depuis lors, il a jou\u00e9 un r\u00f4le cl\u00e9 dans l&#039;exposition des visiteurs au patrimoine et \u00e0 la culture de Dar es Salaam, en Tanzanie. Les expositions du mus\u00e9e contiennent des fossiles profonds, retra\u00e7ant l&#039;origine humaine trouv\u00e9e dans les gorges d&#039;Olduvai. Les visiteurs ont la chance d&#039;\u00e9tudier les coutumes tribales de la Tanzanie.<\/p>\n<h3>Mus\u00e9e Villageois<\/h3>\n<p>L&#039;objectif du mus\u00e9e du village qui a \u00e9t\u00e9 construit en 1966 est d&#039;enseigner \u00e0 la Tanzanie et au monde les diff\u00e9rents groupes culturels qui composent ce pays sp\u00e9cial. Cela prend la forme de seize huttes ethniques tanzaniennes sp\u00e9ciales expos\u00e9es. D&#039;autres attractions contiennent des spectacles quotidiens de danse et de musique traditionnelles ainsi qu&#039;une boutique de souvenirs avec des ornements tanzaniens traditionnels et une gamme de plats traditionnels.<\/p>\n<h3>Monument d&#039;Askari<\/h3>\n<p>Ce monument est important car il honore les soldats Askari qui ont donn\u00e9 leur vie pendant la Premi\u00e8re Guerre mondiale en combattant dans l&#039;arm\u00e9e britannique. Il est plac\u00e9 dans une partie anim\u00e9e et dynamique de la ville au rond-point de la rue Maktaba et de l&#039;avenue Samora.<\/p>\n<h2>FAQ sur les vols pas chers Mwanza - Dar es Salam<\/h2>\n<h3>Quelle est la distance de Dar es Salam \u00e0 Mwanza ?<\/h3>\n<p>La distance entre les vols pas chers de Mwanza \u00e0 Dar es Salam est de 851 kilom\u00e8tres.<\/p>\n<h3>Combien de temps dure le vol Mwanza Dar es Salam ?<\/h3>\n<p>La dur\u00e9e moyenne d&#039;un vol entre Mwanza et Dar es Salaam est d&#039;une heure et quarante minutes.<\/p>\n<h3>Quelle est la fr\u00e9quence des vols directs de Mwanza \u00e0 Dar es Salaam ?<\/h3>\n<p>Il y a vingt-neuf vols directs les moins chers entre Mwanza et Dar es Salaam.<\/p>\n<h3>Quelles sont les compagnies a\u00e9riennes Mwanza les plus c\u00e9l\u00e8bres pour les vols directs Mwanza - Dar es Salam ?<\/h3>\n<p>Air Tanzania propose soixante-dix-neuf pour cent des vols sans escale entre Dar es Salaam et Mwanza.<\/p>\n<h3>Quel est le meilleur moment pour r\u00e9server un billet d&#039;avion pas cher de Mwanza vers Dar es Salam ?<\/h3>\n<p>G\u00e9n\u00e9ralement, le meilleur moment pour r\u00e9server un vol Mwanza Dar es Salaam est 2 mois \u00e0 l&#039;avance. Et les jours les moins chers pour voler sont le mercredi, le mardi et le dimanche. Le dimanche est le plus cher.<\/p>\n<h2>Conseils sur les vols Mwanza - Dar es Salaam<\/h2>\n<p>\u2022 Mwanza est \u00e0 832 miles de Dar es Salaam.<\/p>\n<p>\u2022 Atlanta, GA \u2013 L&#039;a\u00e9roport international Hartsfield-Jackson est le lien le plus c\u00e9l\u00e8bre pour les vols \u00e0 escale de Mwanza \u00e0 Dar es Salaam.<\/p>","protected":false},"excerpt":{"rendered":"<p>Looking for cheap airline ticket from Mwanza to Dar es Salaam\u00a0or last minute deals? Search, compare and book cheap airline ticket from Mwanza (MWZ) to Dar es Salaam (DAR)\u00a0online now. Book cheap flights from Mwanza to Dar es Salaam online and save money on airfare. Dar es Salaam is placed within Tanzania and is the [&hellip;]<\/p>\n","protected":false},"author":1,"featured_media":30064,"parent":23264,"menu_order":0,"comment_status":"open","ping_status":"closed","template":"template-home-modern.php","meta":{"footnotes":""},"class_list":["post-11809","page","type-page","status-publish","has-post-thumbnail","hentry"],"yoast_head":"<!-- This site is optimized with the Yoast SEO plugin v27.5 - https:\/\/yoast.com\/product\/yoast-seo-wordpress\/ -->\n<title>Cheap Flights from Mwanza to Dar es Salaam<\/title>\n<meta name=\"description\" content=\"Looking for cheap flights from\u00a0Kilimanjaro to Arusha? Search, compare and book cheap airline ticket from Kilimanjaro to Arusha online\" \/>\n<meta name=\"robots\" content=\"index, follow, max-snippet:-1, max-image-preview:large, max-video-preview:-1\" \/>\n<link rel=\"canonical\" href=\"https:\/\/tiketi.com\/fr-fr\/nauli-ndege\/mwanza-kwenda-dar-es-salaam-2\/\" \/>\n<meta property=\"og:locale\" content=\"fr_FR\" \/>\n<meta property=\"og:type\" content=\"article\" \/>\n<meta property=\"og:title\" content=\"Cheap Flights from Mwanza to Dar es Salaam\" \/>\n<meta property=\"og:description\" content=\"Looking for cheap flights from\u00a0Kilimanjaro to Arusha? Search, compare and book cheap airline ticket from Kilimanjaro to Arusha online\" \/>\n<meta property=\"og:url\" content=\"https:\/\/tiketi.com\/fr-fr\/nauli-ndege\/mwanza-kwenda-dar-es-salaam-2\/\" \/>\n<meta property=\"og:site_name\" content=\"Tiketi.com\" \/>\n<meta property=\"article:publisher\" content=\"https:\/\/www.facebook.com\/TiketiCom\/\" \/>\n<meta property=\"article:modified_time\" content=\"2023-12-08T10:29:54+00:00\" \/>\n<meta property=\"og:image\" content=\"https:\/\/tiketi.com\/wp-content\/uploads\/2021\/06\/destination-dar-es-salaam-moses-londo-1bubgYf5zeY-uns.jpg\" \/>\n\t<meta property=\"og:image:width\" content=\"1200\" \/>\n\t<meta property=\"og:image:height\" content=\"400\" \/>\n\t<meta property=\"og:image:type\" content=\"image\/jpeg\" \/>\n<meta name=\"twitter:card\" content=\"summary_large_image\" \/>\n<meta name=\"twitter:label1\" content=\"Dur\u00e9e de lecture estim\u00e9e\" \/>\n\t<meta name=\"twitter:data1\" content=\"3 minutes\" \/>\n<script type=\"application\/ld+json\" class=\"yoast-schema-graph\">{\"@context\":\"https:\\\/\\\/schema.org\",\"@graph\":[{\"@type\":\"WebPage\",\"@id\":\"https:\\\/\\\/tiketi.com\\\/sw\\\/nauli-ndege\\\/mwanza-kwenda-dar-es-salaam-2\\\/\",\"url\":\"https:\\\/\\\/tiketi.com\\\/sw\\\/nauli-ndege\\\/mwanza-kwenda-dar-es-salaam-2\\\/\",\"name\":\"Cheap Flights from Mwanza to Dar es Salaam\",\"isPartOf\":{\"@id\":\"https:\\\/\\\/tiketi.com\\\/#website\"},\"primaryImageOfPage\":{\"@id\":\"https:\\\/\\\/tiketi.com\\\/sw\\\/nauli-ndege\\\/mwanza-kwenda-dar-es-salaam-2\\\/#primaryimage\"},\"image\":{\"@id\":\"https:\\\/\\\/tiketi.com\\\/sw\\\/nauli-ndege\\\/mwanza-kwenda-dar-es-salaam-2\\\/#primaryimage\"},\"thumbnailUrl\":\"https:\\\/\\\/tiketi.com\\\/wp-content\\\/uploads\\\/2021\\\/06\\\/destination-dar-es-salaam-moses-londo-1bubgYf5zeY-uns.jpg\",\"datePublished\":\"2022-01-19T11:55:14+00:00\",\"dateModified\":\"2023-12-08T10:29:54+00:00\",\"description\":\"Looking for cheap flights from\u00a0Kilimanjaro to Arusha? Search, compare and book cheap airline ticket from Kilimanjaro to Arusha online\",\"breadcrumb\":{\"@id\":\"https:\\\/\\\/tiketi.com\\\/sw\\\/nauli-ndege\\\/mwanza-kwenda-dar-es-salaam-2\\\/#breadcrumb\"},\"inLanguage\":\"fr-FR\",\"potentialAction\":[{\"@type\":\"ReadAction\",\"target\":[\"https:\\\/\\\/tiketi.com\\\/sw\\\/nauli-ndege\\\/mwanza-kwenda-dar-es-salaam-2\\\/\"]}]},{\"@type\":\"ImageObject\",\"inLanguage\":\"fr-FR\",\"@id\":\"https:\\\/\\\/tiketi.com\\\/sw\\\/nauli-ndege\\\/mwanza-kwenda-dar-es-salaam-2\\\/#primaryimage\",\"url\":\"https:\\\/\\\/tiketi.com\\\/wp-content\\\/uploads\\\/2021\\\/06\\\/destination-dar-es-salaam-moses-londo-1bubgYf5zeY-uns.jpg\",\"contentUrl\":\"https:\\\/\\\/tiketi.com\\\/wp-content\\\/uploads\\\/2021\\\/06\\\/destination-dar-es-salaam-moses-londo-1bubgYf5zeY-uns.jpg\",\"width\":1200,\"height\":400,\"caption\":\"Best Tourist Destinations in Dar es Salaam Travel Guide\"},{\"@type\":\"BreadcrumbList\",\"@id\":\"https:\\\/\\\/tiketi.com\\\/sw\\\/nauli-ndege\\\/mwanza-kwenda-dar-es-salaam-2\\\/#breadcrumb\",\"itemListElement\":[{\"@type\":\"ListItem\",\"position\":1,\"name\":\"Home\",\"item\":\"https:\\\/\\\/tiketi.com\\\/\"},{\"@type\":\"ListItem\",\"position\":2,\"name\":\"Cheap Flights\",\"item\":\"https:\\\/\\\/tiketi.com\\\/cheap-flights\\\/\"},{\"@type\":\"ListItem\",\"position\":3,\"name\":\"Cheap Flights from Mwanza to Dar es Salaam\"}]},{\"@type\":\"WebSite\",\"@id\":\"https:\\\/\\\/tiketi.com\\\/#website\",\"url\":\"https:\\\/\\\/tiketi.com\\\/\",\"name\":\"Flight & Bus Tickets, Tour Packages & Activitites - Tiketi.com\",\"description\":\"Flight &amp; Bus Tickets, Tours, Activitites\",\"publisher\":{\"@id\":\"https:\\\/\\\/tiketi.com\\\/#organization\"},\"potentialAction\":[{\"@type\":\"SearchAction\",\"target\":{\"@type\":\"EntryPoint\",\"urlTemplate\":\"https:\\\/\\\/tiketi.com\\\/?s={search_term_string}\"},\"query-input\":{\"@type\":\"PropertyValueSpecification\",\"valueRequired\":true,\"valueName\":\"search_term_string\"}}],\"inLanguage\":\"fr-FR\"},{\"@type\":\"Organization\",\"@id\":\"https:\\\/\\\/tiketi.com\\\/#organization\",\"name\":\"Tiketi.com\",\"alternateName\":\"Tiketi\",\"url\":\"https:\\\/\\\/tiketi.com\\\/\",\"logo\":{\"@type\":\"ImageObject\",\"inLanguage\":\"fr-FR\",\"@id\":\"https:\\\/\\\/tiketi.com\\\/#\\\/schema\\\/logo\\\/image\\\/\",\"url\":\"https:\\\/\\\/tiketi.com\\\/wp-content\\\/uploads\\\/2019\\\/05\\\/tiketi-logo-696.png\",\"contentUrl\":\"https:\\\/\\\/tiketi.com\\\/wp-content\\\/uploads\\\/2019\\\/05\\\/tiketi-logo-696.png\",\"width\":696,\"height\":696,\"caption\":\"Tiketi.com\"},\"image\":{\"@id\":\"https:\\\/\\\/tiketi.com\\\/#\\\/schema\\\/logo\\\/image\\\/\"},\"sameAs\":[\"https:\\\/\\\/www.facebook.com\\\/TiketiCom\\\/\"]}]}<\/script>\n<!-- \/ Yoast SEO plugin. -->","yoast_head_json":{"title":"Vols \u00e0 bas prix de Mwanza \u00e0 Dar es Salam","description":"Vous recherchez des vols \u00e0 bas prix de Kilimandjaro vers Arusha ? Recherchez, comparez et r\u00e9servez en ligne un billet d&#039;avion pas cher de Kilimandjaro \u00e0 Arusha","robots":{"index":"index","follow":"follow","max-snippet":"max-snippet:-1","max-image-preview":"max-image-preview:large","max-video-preview":"max-video-preview:-1"},"canonical":"https:\/\/tiketi.com\/fr-fr\/nauli-ndege\/mwanza-kwenda-dar-es-salaam-2\/","og_locale":"fr_FR","og_type":"article","og_title":"Cheap Flights from Mwanza to Dar es Salaam","og_description":"Looking for cheap flights from\u00a0Kilimanjaro to Arusha? Search, compare and book cheap airline ticket from Kilimanjaro to Arusha online","og_url":"https:\/\/tiketi.com\/fr-fr\/nauli-ndege\/mwanza-kwenda-dar-es-salaam-2\/","og_site_name":"Tiketi.com","article_publisher":"https:\/\/www.facebook.com\/TiketiCom\/","article_modified_time":"2023-12-08T10:29:54+00:00","og_image":[{"width":1200,"height":400,"url":"https:\/\/tiketi.com\/wp-content\/uploads\/2021\/06\/destination-dar-es-salaam-moses-londo-1bubgYf5zeY-uns.jpg","type":"image\/jpeg"}],"twitter_card":"summary_large_image","twitter_misc":{"Dur\u00e9e de lecture estim\u00e9e":"3 minutes"},"schema":{"@context":"https:\/\/schema.org","@graph":[{"@type":"WebPage","@id":"https:\/\/tiketi.com\/sw\/nauli-ndege\/mwanza-kwenda-dar-es-salaam-2\/","url":"https:\/\/tiketi.com\/sw\/nauli-ndege\/mwanza-kwenda-dar-es-salaam-2\/","name":"Vols \u00e0 bas prix de Mwanza \u00e0 Dar es Salam","isPartOf":{"@id":"https:\/\/tiketi.com\/#website"},"primaryImageOfPage":{"@id":"https:\/\/tiketi.com\/sw\/nauli-ndege\/mwanza-kwenda-dar-es-salaam-2\/#primaryimage"},"image":{"@id":"https:\/\/tiketi.com\/sw\/nauli-ndege\/mwanza-kwenda-dar-es-salaam-2\/#primaryimage"},"thumbnailUrl":"https:\/\/tiketi.com\/wp-content\/uploads\/2021\/06\/destination-dar-es-salaam-moses-londo-1bubgYf5zeY-uns.jpg","datePublished":"2022-01-19T11:55:14+00:00","dateModified":"2023-12-08T10:29:54+00:00","description":"Vous recherchez des vols \u00e0 bas prix de Kilimandjaro vers Arusha ? Recherchez, comparez et r\u00e9servez en ligne un billet d&#039;avion pas cher de Kilimandjaro \u00e0 Arusha","breadcrumb":{"@id":"https:\/\/tiketi.com\/sw\/nauli-ndege\/mwanza-kwenda-dar-es-salaam-2\/#breadcrumb"},"inLanguage":"fr-FR","potentialAction":[{"@type":"ReadAction","target":["https:\/\/tiketi.com\/sw\/nauli-ndege\/mwanza-kwenda-dar-es-salaam-2\/"]}]},{"@type":"ImageObject","inLanguage":"fr-FR","@id":"https:\/\/tiketi.com\/sw\/nauli-ndege\/mwanza-kwenda-dar-es-salaam-2\/#primaryimage","url":"https:\/\/tiketi.com\/wp-content\/uploads\/2021\/06\/destination-dar-es-salaam-moses-londo-1bubgYf5zeY-uns.jpg","contentUrl":"https:\/\/tiketi.com\/wp-content\/uploads\/2021\/06\/destination-dar-es-salaam-moses-londo-1bubgYf5zeY-uns.jpg","width":1200,"height":400,"caption":"Best Tourist Destinations in Dar es Salaam Travel Guide"},{"@type":"BreadcrumbList","@id":"https:\/\/tiketi.com\/sw\/nauli-ndege\/mwanza-kwenda-dar-es-salaam-2\/#breadcrumb","itemListElement":[{"@type":"ListItem","position":1,"name":"Home","item":"https:\/\/tiketi.com\/"},{"@type":"ListItem","position":2,"name":"Cheap Flights","item":"https:\/\/tiketi.com\/cheap-flights\/"},{"@type":"ListItem","position":3,"name":"Cheap Flights from Mwanza to Dar es Salaam"}]},{"@type":"WebSite","@id":"https:\/\/tiketi.com\/#website","url":"https:\/\/tiketi.com\/","name":"Billets d&#039;avion et de bus, forfaits touristiques et activit\u00e9s - Tiketi.com","description":"Billets d&#039;avion et de bus, Tours, Activit\u00e9s","publisher":{"@id":"https:\/\/tiketi.com\/#organization"},"potentialAction":[{"@type":"SearchAction","target":{"@type":"EntryPoint","urlTemplate":"https:\/\/tiketi.com\/?s={search_term_string}"},"query-input":{"@type":"PropertyValueSpecification","valueRequired":true,"valueName":"search_term_string"}}],"inLanguage":"fr-FR"},{"@type":"Organization","@id":"https:\/\/tiketi.com\/#organization","name":"Tiketi.com","alternateName":"Tiketi","url":"https:\/\/tiketi.com\/","logo":{"@type":"ImageObject","inLanguage":"fr-FR","@id":"https:\/\/tiketi.com\/#\/schema\/logo\/image\/","url":"https:\/\/tiketi.com\/wp-content\/uploads\/2019\/05\/tiketi-logo-696.png","contentUrl":"https:\/\/tiketi.com\/wp-content\/uploads\/2019\/05\/tiketi-logo-696.png","width":696,"height":696,"caption":"Tiketi.com"},"image":{"@id":"https:\/\/tiketi.com\/#\/schema\/logo\/image\/"},"sameAs":["https:\/\/www.facebook.com\/TiketiCom\/"]}]}},"_links":{"self":[{"href":"https:\/\/tiketi.com\/fr-fr\/wp-json\/wp\/v2\/pages\/11809","targetHints":{"allow":["GET"]}}],"collection":[{"href":"https:\/\/tiketi.com\/fr-fr\/wp-json\/wp\/v2\/pages"}],"about":[{"href":"https:\/\/tiketi.com\/fr-fr\/wp-json\/wp\/v2\/types\/page"}],"author":[{"embeddable":true,"href":"https:\/\/tiketi.com\/fr-fr\/wp-json\/wp\/v2\/users\/1"}],"replies":[{"embeddable":true,"href":"https:\/\/tiketi.com\/fr-fr\/wp-json\/wp\/v2\/comments?post=11809"}],"version-history":[{"count":0,"href":"https:\/\/tiketi.com\/fr-fr\/wp-json\/wp\/v2\/pages\/11809\/revisions"}],"up":[{"embeddable":true,"href":"https:\/\/tiketi.com\/fr-fr\/wp-json\/wp\/v2\/pages\/23264"}],"wp:featuredmedia":[{"embeddable":true,"href":"https:\/\/tiketi.com\/fr-fr\/wp-json\/wp\/v2\/media\/30064"}],"wp:attachment":[{"href":"https:\/\/tiketi.com\/fr-fr\/wp-json\/wp\/v2\/media?parent=11809"}],"curies":[{"name":"wp","href":"https:\/\/api.w.org\/{rel}","templated":true}]}}