{"id":11811,"date":"2022-01-19T12:55:14","date_gmt":"2022-01-19T11:55:14","guid":{"rendered":"https:\/\/new.tiketi.com\/cheap-flights-from-dubai-to-riyadh\/"},"modified":"2022-02-08T10:49:12","modified_gmt":"2022-02-08T09:49:12","slug":"flights-dubai-riyadh-dxb-ruh","status":"publish","type":"page","link":"https:\/\/tiketi.com\/fr-fr\/flights-dubai-riyadh-dxb-ruh\/","title":{"rendered":"Vols pas chers de Duba\u00ef \u00e0 Riyad"},"content":{"rendered":"<h2>Vous cherchez un billet d&#039;avion pas cher \u00e0 partir de Duba\u00ef pour Riyad ou des offres de derni\u00e8re minute ?<\/h2>\n<h3>Recherchez, comparez et r\u00e9servez en ligne maintenant un billet d&#039;avion pas cher entre Dar es Salam (DAR) et Tanga (TGT).<\/h3>\n<p>R\u00e9servez des vols pas chers de Duba\u00ef \u00e0 Riyad en ligne avec Tiketi.com pour b\u00e9n\u00e9ficier des meilleures offres. Riyad est un endroit que vous allez certainement adorer. Il y a beaucoup de choses et d&#039;endroits pour les locaux et les expatri\u00e9s. Il existe diff\u00e9rentes mani\u00e8res de d\u00e9couvrir cette charmante ville. Visitez Tanga gr\u00e2ce \u00e0 des offres exceptionnelles sur les billets d&#039;avion de Duba\u00ef \u00e0 Riyad et volez des vols de Duba\u00ef \u00e0 Riyad pas chers.<\/p>\n<h3>Centre du Royaume<\/h3>\n<p>Kingdom Center est en fait l&#039;endroit o\u00f9 aller avec le centre commercial Al Faisaliah. Quiconque a v\u00e9cu l\u00e0-bas sait \u00e0 quel point cet endroit a \u00e9t\u00e9 une grande am\u00e9lioration par rapport \u00e0 des endroits comme Al Akaria. Bien que Kingdom Center soit c\u00e9l\u00e8bre pour son grand nombre de marques de cr\u00e9ateurs, l&#039;objectif principal de ce centre commercial est le fait qu&#039;il y ait un \u00e9tage complet d\u00e9di\u00e9 aux femmes avec des spas, des magasins, des salons de beaut\u00e9 et des restaurants haut de gamme.<\/p>\n<h3>Fort d&#039;Al-Masmak<\/h3>\n<p>Situ\u00e9 au centre-ville de Riyad, se trouve un ch\u00e2teau fait d&#039;argile et de briques crues qui a autrefois jou\u00e9 un r\u00f4le important dans l&#039;histoire du royaume. C&#039;est l\u00e0 qu&#039;a eu lieu la reconqu\u00eate de Riyad en 1902. Aujourd&#039;hui encore, le fort d&#039;Al Masmak joue encore un r\u00f4le important dans le tourisme du pays.<\/p>\n<h3>Souk de Deerah<\/h3>\n<p>Apr\u00e8s avoir pris une dose de l&#039;histoire saoudienne, il est temps de n\u00e9gocier au Deerah Souk. Souk est le mot arabe pour march\u00e9 ou bazar local. Il est plac\u00e9 juste derri\u00e8re le Fort Masmak. C&#039;est l&#039;endroit id\u00e9al pour acheter des souvenirs pour vos amis et votre famille, car il y a de nombreux stands parmi lesquels choisir et le prix ici est bon march\u00e9.<\/p>\n<h2>FAQ sur les vols pas chers de Duba\u00ef \u00e0 Riyad<\/h2>\n<h3>Quel est le jour le moins cher pour r\u00e9server un billet d&#039;avion de Duba\u00ef \u00e0 Riyad ?<\/h3>\n<p>Le jour le moins cher pour r\u00e9server un billet d&#039;avion de Duba\u00ef \u00e0 Riyad est le vendredi.<\/p>\n<h3>Quelle est la distance entre Riyad et Duba\u00ef ?<\/h3>\n<p>La distance entre le vol Duba\u00ef et Riyad est de 872 kilom\u00e8tres.<\/p>\n<h3>Quelle est la dur\u00e9e du vol Duba\u00ef - Riyad ?<\/h3>\n<p>La dur\u00e9e moyenne d\u2019un vol de Duba\u00ef \u00e0 Riyad est d\u2019une heure et 58 minutes.<\/p>\n<h3>Quelle est la fr\u00e9quence des vols directs de Duba\u00ef \u00e0 Riyad ?<\/h3>\n<p>Il existe 147 vols directs de Duba\u00ef \u00e0 Riyad.<\/p>\n<h3>Quelles sont les compagnies a\u00e9riennes les plus connues de Duba\u00ef proposant des vols directs les moins chers de Duba\u00ef \u00e0 Riyad ?<\/h3>\n<p>Saudi Arabian Airlines propose 33 % des vols sans escale entre Riyad et Duba\u00ef.<\/p>\n<h3>Quelle est la compagnie a\u00e9rienne la plus c\u00e9l\u00e8bre proposant des vols entre Riyad et Duba\u00ef ?<\/h3>\n<p>Saudi Arabian Airlines, flynas, Emirates, Etihad Airways et Air Arabia sont l&#039;une des compagnies a\u00e9riennes les plus c\u00e9l\u00e8bres proposant des vols de Duba\u00ef \u00e0 Riyad.<\/p>\n<h2>Conseils pour les vols de Duba\u00ef \u00e0 Riyad<\/h2>\n<p>\u2022 Emirates propose le plus grand nombre de vols bon march\u00e9 sans escale de Duba\u00ef \u00e0 Riyad.<\/p>\n<p>\u2022 Djeddah, Arabie Saoudite \u2013 King Abdulaziz Intl est la liaison la plus c\u00e9l\u00e8bre pour les vols \u00e0 escale entre Duba\u00ef et Riyad.<\/p>","protected":false},"excerpt":{"rendered":"<p>Looking for cheap airline ticket from Dubai to Riyadh\u00a0or last minute deals? Search, compare and book cheap airline ticket from Dar es Salaam (DAR) to Tanga (TGT) online now. Book cheap flights from Dubai to Riyadh online with Tiketi.com for the best deals. Riyadh is a location that you will definitely love. It has a [&hellip;]<\/p>\n","protected":false},"author":1,"featured_media":17189,"parent":0,"menu_order":0,"comment_status":"open","ping_status":"closed","template":"template-home-modern.php","meta":{"footnotes":""},"class_list":["post-11811","page","type-page","status-publish","has-post-thumbnail","hentry"],"yoast_head":"<!-- This site is optimized with the Yoast SEO plugin v27.3 - https:\/\/yoast.com\/product\/yoast-seo-wordpress\/ -->\n<title>Cheap Flights from\u00a0Dubai to Riyadh<\/title>\n<meta name=\"description\" content=\"Looking for cheap flights from\u00a0Dubai to Riyadh? Search, compare and book cheap airline ticket from Dubai to Riyadh online\" \/>\n<meta name=\"robots\" content=\"index, follow, max-snippet:-1, max-image-preview:large, max-video-preview:-1\" \/>\n<link rel=\"canonical\" href=\"https:\/\/tiketi.com\/fr-fr\/flights-dubai-riyadh-dxb-ruh\/\" \/>\n<meta property=\"og:locale\" content=\"fr_FR\" \/>\n<meta property=\"og:type\" content=\"article\" \/>\n<meta property=\"og:title\" content=\"Cheap Flights from\u00a0Dubai to Riyadh\" \/>\n<meta property=\"og:description\" content=\"Looking for cheap flights from\u00a0Dubai to Riyadh? Search, compare and book cheap airline ticket from Dubai to Riyadh online\" \/>\n<meta property=\"og:url\" content=\"https:\/\/tiketi.com\/fr-fr\/flights-dubai-riyadh-dxb-ruh\/\" \/>\n<meta property=\"og:site_name\" content=\"Tiketi.com\" \/>\n<meta property=\"article:publisher\" content=\"https:\/\/www.facebook.com\/TiketiCom\/\" \/>\n<meta property=\"article:modified_time\" content=\"2022-02-08T09:49:12+00:00\" \/>\n<meta property=\"og:image\" content=\"https:\/\/tiketi.com\/wp-content\/uploads\/2022\/02\/riyadh-2197496_1280.jpg\" \/>\n\t<meta property=\"og:image:width\" content=\"1200\" \/>\n\t<meta property=\"og:image:height\" content=\"203\" \/>\n\t<meta property=\"og:image:type\" content=\"image\/jpeg\" \/>\n<meta name=\"twitter:card\" content=\"summary_large_image\" \/>\n<meta name=\"twitter:label1\" content=\"Dur\u00e9e de lecture estim\u00e9e\" \/>\n\t<meta name=\"twitter:data1\" content=\"3 minutes\" \/>\n<script type=\"application\/ld+json\" class=\"yoast-schema-graph\">{\"@context\":\"https:\\\/\\\/schema.org\",\"@graph\":[{\"@type\":\"WebPage\",\"@id\":\"https:\\\/\\\/tiketi.com\\\/flights-dubai-riyadh-dxb-ruh\\\/\",\"url\":\"https:\\\/\\\/tiketi.com\\\/flights-dubai-riyadh-dxb-ruh\\\/\",\"name\":\"Cheap Flights from\u00a0Dubai to Riyadh\",\"isPartOf\":{\"@id\":\"https:\\\/\\\/tiketi.com\\\/#website\"},\"primaryImageOfPage\":{\"@id\":\"https:\\\/\\\/tiketi.com\\\/flights-dubai-riyadh-dxb-ruh\\\/#primaryimage\"},\"image\":{\"@id\":\"https:\\\/\\\/tiketi.com\\\/flights-dubai-riyadh-dxb-ruh\\\/#primaryimage\"},\"thumbnailUrl\":\"https:\\\/\\\/tiketi.com\\\/wp-content\\\/uploads\\\/2022\\\/02\\\/riyadh-2197496_1280.jpg\",\"datePublished\":\"2022-01-19T11:55:14+00:00\",\"dateModified\":\"2022-02-08T09:49:12+00:00\",\"description\":\"Looking for cheap flights from\u00a0Dubai to Riyadh? Search, compare and book cheap airline ticket from Dubai to Riyadh online\",\"breadcrumb\":{\"@id\":\"https:\\\/\\\/tiketi.com\\\/flights-dubai-riyadh-dxb-ruh\\\/#breadcrumb\"},\"inLanguage\":\"fr-FR\",\"potentialAction\":[{\"@type\":\"ReadAction\",\"target\":[\"https:\\\/\\\/tiketi.com\\\/flights-dubai-riyadh-dxb-ruh\\\/\"]}]},{\"@type\":\"ImageObject\",\"inLanguage\":\"fr-FR\",\"@id\":\"https:\\\/\\\/tiketi.com\\\/flights-dubai-riyadh-dxb-ruh\\\/#primaryimage\",\"url\":\"https:\\\/\\\/tiketi.com\\\/wp-content\\\/uploads\\\/2022\\\/02\\\/riyadh-2197496_1280.jpg\",\"contentUrl\":\"https:\\\/\\\/tiketi.com\\\/wp-content\\\/uploads\\\/2022\\\/02\\\/riyadh-2197496_1280.jpg\",\"width\":1200,\"height\":203,\"caption\":\"Air Taxi in Riyadh Booking\"},{\"@type\":\"BreadcrumbList\",\"@id\":\"https:\\\/\\\/tiketi.com\\\/flights-dubai-riyadh-dxb-ruh\\\/#breadcrumb\",\"itemListElement\":[{\"@type\":\"ListItem\",\"position\":1,\"name\":\"Home\",\"item\":\"https:\\\/\\\/tiketi.com\\\/\"},{\"@type\":\"ListItem\",\"position\":2,\"name\":\"Cheap Flights from\u00a0Dubai to Riyadh\"}]},{\"@type\":\"WebSite\",\"@id\":\"https:\\\/\\\/tiketi.com\\\/#website\",\"url\":\"https:\\\/\\\/tiketi.com\\\/\",\"name\":\"Flight & Bus Tickets, Tour Packages & Activitites - Tiketi.com\",\"description\":\"Flight &amp; Bus Tickets, Tours, Activitites\",\"publisher\":{\"@id\":\"https:\\\/\\\/tiketi.com\\\/#organization\"},\"potentialAction\":[{\"@type\":\"SearchAction\",\"target\":{\"@type\":\"EntryPoint\",\"urlTemplate\":\"https:\\\/\\\/tiketi.com\\\/?s={search_term_string}\"},\"query-input\":{\"@type\":\"PropertyValueSpecification\",\"valueRequired\":true,\"valueName\":\"search_term_string\"}}],\"inLanguage\":\"fr-FR\"},{\"@type\":\"Organization\",\"@id\":\"https:\\\/\\\/tiketi.com\\\/#organization\",\"name\":\"Tiketi.com\",\"alternateName\":\"Tiketi\",\"url\":\"https:\\\/\\\/tiketi.com\\\/\",\"logo\":{\"@type\":\"ImageObject\",\"inLanguage\":\"fr-FR\",\"@id\":\"https:\\\/\\\/tiketi.com\\\/#\\\/schema\\\/logo\\\/image\\\/\",\"url\":\"https:\\\/\\\/tiketi.com\\\/wp-content\\\/uploads\\\/2019\\\/05\\\/tiketi-logo-696.png\",\"contentUrl\":\"https:\\\/\\\/tiketi.com\\\/wp-content\\\/uploads\\\/2019\\\/05\\\/tiketi-logo-696.png\",\"width\":696,\"height\":696,\"caption\":\"Tiketi.com\"},\"image\":{\"@id\":\"https:\\\/\\\/tiketi.com\\\/#\\\/schema\\\/logo\\\/image\\\/\"},\"sameAs\":[\"https:\\\/\\\/www.facebook.com\\\/TiketiCom\\\/\"]}]}<\/script>\n<!-- \/ Yoast SEO plugin. -->","yoast_head_json":{"title":"Vols pas chers de Duba\u00ef \u00e0 Riyad","description":"Vous recherchez des vols \u00e0 bas prix au Duba\u00ef vers Riyad? Recherchez, comparez et r\u00e9servez un billet d&#039;avion pas cher de Duba\u00ef \u00e0 Riyad en ligne","robots":{"index":"index","follow":"follow","max-snippet":"max-snippet:-1","max-image-preview":"max-image-preview:large","max-video-preview":"max-video-preview:-1"},"canonical":"https:\/\/tiketi.com\/fr-fr\/flights-dubai-riyadh-dxb-ruh\/","og_locale":"fr_FR","og_type":"article","og_title":"Cheap Flights from\u00a0Dubai to Riyadh","og_description":"Looking for cheap flights from\u00a0Dubai to Riyadh? Search, compare and book cheap airline ticket from Dubai to Riyadh online","og_url":"https:\/\/tiketi.com\/fr-fr\/flights-dubai-riyadh-dxb-ruh\/","og_site_name":"Tiketi.com","article_publisher":"https:\/\/www.facebook.com\/TiketiCom\/","article_modified_time":"2022-02-08T09:49:12+00:00","og_image":[{"width":1200,"height":203,"url":"https:\/\/tiketi.com\/wp-content\/uploads\/2022\/02\/riyadh-2197496_1280.jpg","type":"image\/jpeg"}],"twitter_card":"summary_large_image","twitter_misc":{"Dur\u00e9e de lecture estim\u00e9e":"3 minutes"},"schema":{"@context":"https:\/\/schema.org","@graph":[{"@type":"WebPage","@id":"https:\/\/tiketi.com\/flights-dubai-riyadh-dxb-ruh\/","url":"https:\/\/tiketi.com\/flights-dubai-riyadh-dxb-ruh\/","name":"Vols pas chers de Duba\u00ef \u00e0 Riyad","isPartOf":{"@id":"https:\/\/tiketi.com\/#website"},"primaryImageOfPage":{"@id":"https:\/\/tiketi.com\/flights-dubai-riyadh-dxb-ruh\/#primaryimage"},"image":{"@id":"https:\/\/tiketi.com\/flights-dubai-riyadh-dxb-ruh\/#primaryimage"},"thumbnailUrl":"https:\/\/tiketi.com\/wp-content\/uploads\/2022\/02\/riyadh-2197496_1280.jpg","datePublished":"2022-01-19T11:55:14+00:00","dateModified":"2022-02-08T09:49:12+00:00","description":"Vous recherchez des vols \u00e0 bas prix au Duba\u00ef vers Riyad? Recherchez, comparez et r\u00e9servez un billet d&#039;avion pas cher de Duba\u00ef \u00e0 Riyad en ligne","breadcrumb":{"@id":"https:\/\/tiketi.com\/flights-dubai-riyadh-dxb-ruh\/#breadcrumb"},"inLanguage":"fr-FR","potentialAction":[{"@type":"ReadAction","target":["https:\/\/tiketi.com\/flights-dubai-riyadh-dxb-ruh\/"]}]},{"@type":"ImageObject","inLanguage":"fr-FR","@id":"https:\/\/tiketi.com\/flights-dubai-riyadh-dxb-ruh\/#primaryimage","url":"https:\/\/tiketi.com\/wp-content\/uploads\/2022\/02\/riyadh-2197496_1280.jpg","contentUrl":"https:\/\/tiketi.com\/wp-content\/uploads\/2022\/02\/riyadh-2197496_1280.jpg","width":1200,"height":203,"caption":"Air Taxi in Riyadh Booking"},{"@type":"BreadcrumbList","@id":"https:\/\/tiketi.com\/flights-dubai-riyadh-dxb-ruh\/#breadcrumb","itemListElement":[{"@type":"ListItem","position":1,"name":"Home","item":"https:\/\/tiketi.com\/"},{"@type":"ListItem","position":2,"name":"Cheap Flights from\u00a0Dubai to Riyadh"}]},{"@type":"WebSite","@id":"https:\/\/tiketi.com\/#website","url":"https:\/\/tiketi.com\/","name":"Billets d&#039;avion et de bus, forfaits touristiques et activit\u00e9s - Tiketi.com","description":"Billets d&#039;avion et de bus, Tours, Activit\u00e9s","publisher":{"@id":"https:\/\/tiketi.com\/#organization"},"potentialAction":[{"@type":"SearchAction","target":{"@type":"EntryPoint","urlTemplate":"https:\/\/tiketi.com\/?s={search_term_string}"},"query-input":{"@type":"PropertyValueSpecification","valueRequired":true,"valueName":"search_term_string"}}],"inLanguage":"fr-FR"},{"@type":"Organization","@id":"https:\/\/tiketi.com\/#organization","name":"Tiketi.com","alternateName":"Tiketi","url":"https:\/\/tiketi.com\/","logo":{"@type":"ImageObject","inLanguage":"fr-FR","@id":"https:\/\/tiketi.com\/#\/schema\/logo\/image\/","url":"https:\/\/tiketi.com\/wp-content\/uploads\/2019\/05\/tiketi-logo-696.png","contentUrl":"https:\/\/tiketi.com\/wp-content\/uploads\/2019\/05\/tiketi-logo-696.png","width":696,"height":696,"caption":"Tiketi.com"},"image":{"@id":"https:\/\/tiketi.com\/#\/schema\/logo\/image\/"},"sameAs":["https:\/\/www.facebook.com\/TiketiCom\/"]}]}},"_links":{"self":[{"href":"https:\/\/tiketi.com\/fr-fr\/wp-json\/wp\/v2\/pages\/11811","targetHints":{"allow":["GET"]}}],"collection":[{"href":"https:\/\/tiketi.com\/fr-fr\/wp-json\/wp\/v2\/pages"}],"about":[{"href":"https:\/\/tiketi.com\/fr-fr\/wp-json\/wp\/v2\/types\/page"}],"author":[{"embeddable":true,"href":"https:\/\/tiketi.com\/fr-fr\/wp-json\/wp\/v2\/users\/1"}],"replies":[{"embeddable":true,"href":"https:\/\/tiketi.com\/fr-fr\/wp-json\/wp\/v2\/comments?post=11811"}],"version-history":[{"count":0,"href":"https:\/\/tiketi.com\/fr-fr\/wp-json\/wp\/v2\/pages\/11811\/revisions"}],"wp:featuredmedia":[{"embeddable":true,"href":"https:\/\/tiketi.com\/fr-fr\/wp-json\/wp\/v2\/media\/17189"}],"wp:attachment":[{"href":"https:\/\/tiketi.com\/fr-fr\/wp-json\/wp\/v2\/media?parent=11811"}],"curies":[{"name":"wp","href":"https:\/\/api.w.org\/{rel}","templated":true}]}}